{"id":556,"date":"2022-03-11T10:37:59","date_gmt":"2022-03-11T10:37:59","guid":{"rendered":"http:\/\/keybox.nl\/?page_id=556"},"modified":"2023-07-25T09:36:04","modified_gmt":"2023-07-25T09:36:04","slug":"kleine-sleutelkluisjes-kopen","status":"publish","type":"page","link":"https:\/\/keybox.nl\/es\/kleine-sleutelkluisjes-kopen\/","title":{"rendered":"Comprar cajas fuertes para llaves peque\u00f1as"},"content":{"rendered":"<div class=\"wp-block-cover alignfull\" style=\"min-height:200px;aspect-ratio:unset;\"><span aria-hidden=\"true\" class=\"wp-block-cover__background has-background-dim-60 has-background-dim\"><\/span><img decoding=\"async\" width=\"1920\" height=\"2560\" class=\"wp-block-cover__image-background wp-image-126\" alt=\"Kluis\" src=\"http:\/\/keybox.nl\/wp-content\/uploads\/2021\/12\/KSB103-KSB005-4-scaled.jpg\" style=\"object-position:50% 50%\" data-object-fit=\"cover\" data-object-position=\"50% 50%\" srcset=\"https:\/\/keybox.nl\/wp-content\/uploads\/2021\/12\/KSB103-KSB005-4-scaled.jpg 1920w, https:\/\/keybox.nl\/wp-content\/uploads\/2021\/12\/KSB103-KSB005-4-416x555.jpg 416w, https:\/\/keybox.nl\/wp-content\/uploads\/2021\/12\/KSB103-KSB005-4-225x300.jpg 225w, https:\/\/keybox.nl\/wp-content\/uploads\/2021\/12\/KSB103-KSB005-4-768x1024.jpg 768w, https:\/\/keybox.nl\/wp-content\/uploads\/2021\/12\/KSB103-KSB005-4-1152x1536.jpg 1152w, https:\/\/keybox.nl\/wp-content\/uploads\/2021\/12\/KSB103-KSB005-4-1536x2048.jpg 1536w, https:\/\/keybox.nl\/wp-content\/uploads\/2021\/12\/KSB103-KSB005-4-1320x1760.jpg 1320w\" sizes=\"(max-width: 1920px) 100vw, 1920px\" \/><div class=\"wp-block-cover__inner-container is-layout-flow wp-block-cover-is-layout-flow\">\n<h1 class=\"wp-block-heading alignwide has-text-align-left has-white-color has-text-color\" style=\"font-size:40px\">Compre cajas fuertes fiables y de peque\u00f1o tama\u00f1o<\/h1>\n\n\n\n<div class=\"wp-block-columns alignwide is-layout-flex wp-container-core-columns-is-layout-28f84493 wp-block-columns-is-layout-flex\">\n<div class=\"wp-block-column is-layout-flow wp-block-column-is-layout-flow\" style=\"flex-basis:55%\">\n<div class=\"wp-block-buttons is-layout-flex wp-block-buttons-is-layout-flex\">\n<div class=\"wp-block-button cta-knop alignleft\"><a class=\"wp-block-button__link has-black-color has-white-background-color has-text-color has-background wp-element-button\" href=\"http:\/\/keybox.nl\/es\/\">A la tienda virtual<\/a><\/div>\n<\/div>\n<\/div>\n<\/div>\n<\/div><\/div>\n\n\n\n<div style=\"height:50px\" aria-hidden=\"true\" class=\"wp-block-spacer\"><\/div>\n\n\n\n<div class=\"wp-block-group alignfull is-content-justification-center is-layout-flex wp-container-core-group-is-layout-81a7f686 wp-block-group-is-layout-flex\">\n<p class=\"usps has-normal-font-size\">F\u00e1cil de usar<\/p>\n\n\n\n<p>\u2713 Resistente y seguro<\/p>\n\n\n\n<p>\u2713 Varios modelos<\/p>\n<\/div>\n\n\n\n<style>\nh1.entry-title {\ndisplay:none;\n}\n.cta-knop {\nmargin-left: 35px !important;\n}\n\n.cta-knop:hover {\nopacity: 0.75;\n}\n\n@media only screen and (max-width: 1064px) {\n.cta-knop {\nmargin-left: 0px !important;\n}\n\n.wp-block-group.alignfull {\n    display: flex;\n    flex-direction: column;\n}\n}\n<\/style>\n\n\n\n<div style=\"height:100px\" aria-hidden=\"true\" class=\"wp-block-spacer\"><\/div>\n\n\n\n<p class=\"has-text-align-left align-left has-black-color has-text-color has-normal-font-size\">Con nosotros, puede comprar cajas fuertes para llaves peque\u00f1as para guardar sus llaves de forma segura. Keybox.es ofrece todo tipo de cajas fuertes, incluyendo una peque\u00f1a caja fuerte para llaves, que puede comprar f\u00e1cilmente online. Gracias a nuestras cajas fuertes, podr\u00e1 dar a sus llaves un lugar permanente y seguro para no perderlas. Adem\u00e1s, nuestras cajas fuertes son muy f\u00e1ciles de usar y de instalar por usted mismo. Opte por comprarnos una caja fuerte peque\u00f1a y evite que le roben las llaves.<\/p>\n\n\n\n<div style=\"height:100px\" aria-hidden=\"true\" class=\"wp-block-spacer\"><\/div>\n\n\n\n<div class=\"wp-block-group is-content-justification-center is-layout-flex wp-container-core-group-is-layout-81a7f686 wp-block-group-is-layout-flex\">\n<div class=\"wp-block-media-text alignwide is-stacked-on-mobile is-vertically-aligned-center\" style=\"grid-template-columns:40% auto\"><figure class=\"wp-block-media-text__media\"><img decoding=\"async\" width=\"700\" height=\"700\" src=\"http:\/\/keybox.nl\/wp-content\/uploads\/2022\/12\/Keysafe_Original_keybox_sleutelkluis.jpg\" alt=\"\" class=\"wp-image-1181 size-full\" srcset=\"https:\/\/keybox.nl\/wp-content\/uploads\/2022\/12\/Keysafe_Original_keybox_sleutelkluis.jpg 700w, https:\/\/keybox.nl\/wp-content\/uploads\/2022\/12\/Keysafe_Original_keybox_sleutelkluis-324x324.jpg 324w, https:\/\/keybox.nl\/wp-content\/uploads\/2022\/12\/Keysafe_Original_keybox_sleutelkluis-100x100.jpg 100w, https:\/\/keybox.nl\/wp-content\/uploads\/2022\/12\/Keysafe_Original_keybox_sleutelkluis-416x416.jpg 416w, https:\/\/keybox.nl\/wp-content\/uploads\/2022\/12\/Keysafe_Original_keybox_sleutelkluis-300x300.jpg 300w, https:\/\/keybox.nl\/wp-content\/uploads\/2022\/12\/Keysafe_Original_keybox_sleutelkluis-150x150.jpg 150w\" sizes=\"(max-width: 700px) 100vw, 700px\" \/><\/figure><div class=\"wp-block-media-text__content\">\n<h2 class=\"wp-block-heading has-text-color\" style=\"color:#000000;font-size:32px\">Evite los robos comprando peque\u00f1as cajas fuertes con llave<\/h2>\n\n\n\n<p class=\"has-text-color has-normal-font-size\" style=\"color:#000000\">Al comprar nuestras cajas fuertes para llaves peque\u00f1as, guardar\u00e1 sus llaves en un solo lugar y las proteger\u00e1 todas al mismo tiempo. Pero, \u00bfqu\u00e9 hacer con la llave de la caja fuerte? Le ofrecemos <a href=\"http:\/\/keybox.nl\/es\/sleutelkastjes-met-code-kopen\/\">armarios de llaves con c\u00f3digo<\/a> encendido, dej\u00e1ndole sin llave para cerrar la propia caja fuerte. De este modo, varias personas pueden acceder a ella sin necesidad de utilizar otra llave para ello. Por otra parte, se detiene a los invitados no deseados, ya que el c\u00f3digo es dif\u00edcil de descifrar. Comprando una peque\u00f1a caja fuerte de nuestra empresa, asegurar\u00e1 f\u00e1cilmente sus llaves. De hecho, nuestras cajas fuertes se instalan r\u00e1pidamente y son f\u00e1ciles de usar. Debido a su tama\u00f1o, las cajas fuertes peque\u00f1as tambi\u00e9n son ideales como <a href=\"http:\/\/keybox.nl\/es\/kluis-kopen-voor-thuis\/\">caja fuerte dom\u00e9stica<\/a>. Navegue por nuestra amplia gama y compre una caja fuerte peque\u00f1a que se adapte a sus necesidades. \u00bfBusca cajas fuertes peque\u00f1as para llaves que pueda montar en la pared? Entonces nuestra robusta <a href=\"http:\/\/keybox.nl\/es\/inbouwkluisjes-kopen\/\">comprar cajas fuertes empotradas<\/a>.<\/p>\n<\/div><\/div>\n<\/div>\n\n\n\n<div style=\"height:100px\" aria-hidden=\"true\" class=\"wp-block-spacer\"><\/div>\n\n\n\n<h2 class=\"wp-block-heading has-text-align-center\"><strong>\u00bfQuiere comprar una caja fuerte para llaves peque\u00f1as?<\/strong><\/h2>\n\n\n\n<div class=\"wp-block-buttons is-content-justification-center is-layout-flex wp-container-core-buttons-is-layout-a89b3969 wp-block-buttons-is-layout-flex\">\n<div class=\"wp-block-button is-style-outline is-style-outline--1\"><a class=\"wp-block-button__link wp-element-button\" href=\"http:\/\/keybox.nl\/es\/\">Ver la tienda virtual<\/a><\/div>\n<\/div>\n\n\n\n<div style=\"height:100px\" aria-hidden=\"true\" class=\"wp-block-spacer\"><\/div>\n\n\n\n<div class=\"wp-block-group is-content-justification-center is-layout-flex wp-container-core-group-is-layout-81a7f686 wp-block-group-is-layout-flex\">\n<div class=\"wp-block-media-text alignwide has-media-on-the-right is-stacked-on-mobile is-vertically-aligned-center\" style=\"grid-template-columns:auto 40%\"><div class=\"wp-block-media-text__content\">\n<h3 class=\"wp-block-heading has-text-color\" style=\"color:#000000;font-size:32px\"><strong>Descubra la comodidad de nuestras peque\u00f1as cajas fuertes<\/strong><\/h3>\n\n\n\n<p class=\"has-text-color has-normal-font-size\" style=\"color:#000000\">Guarde sus llaves de forma segura comprando peque\u00f1as cajas fuertes para llaves. <a href=\"http:\/\/keybox.nl\/es\/\">Nuestras cajas fuertes<\/a> son f\u00e1ciles de usar y eficaces contra el robo. Encontrar\u00e1 varios modelos de <a href=\"http:\/\/keybox.nl\/es\/categoria-producto\/keysafe\/\">KeySafe<\/a> en nuestra tienda web. Elija en l\u00ednea qu\u00e9 peque\u00f1a caja fuerte desea comprar o solicite una visita mediante <a href=\"http:\/\/keybox.nl\/es\/contact\/\">nuestro formulario de contacto<\/a>. Nuestros expertos estar\u00e1n encantados de asesorarle.<\/p>\n<\/div><figure class=\"wp-block-media-text__media\"><img decoding=\"async\" width=\"729\" height=\"924\" src=\"http:\/\/keybox.nl\/wp-content\/uploads\/2023\/02\/S7-Pro-Big-Box-Key-Safe.jpg\" alt=\"Keysafe Big Pro\" class=\"wp-image-1350 size-full\" srcset=\"https:\/\/keybox.nl\/wp-content\/uploads\/2023\/02\/S7-Pro-Big-Box-Key-Safe.jpg 729w, https:\/\/keybox.nl\/wp-content\/uploads\/2023\/02\/S7-Pro-Big-Box-Key-Safe-416x527.jpg 416w, https:\/\/keybox.nl\/wp-content\/uploads\/2023\/02\/S7-Pro-Big-Box-Key-Safe-237x300.jpg 237w\" sizes=\"(max-width: 729px) 100vw, 729px\" \/><\/figure><\/div>\n<\/div>\n\n\n\n<div style=\"height:50px\" aria-hidden=\"true\" class=\"wp-block-spacer\"><\/div>\n\n\n\n<h2 class=\"wp-block-heading alignwide has-text-align-left form-titel\"><strong>\u00bfTiene preguntas sobre seguridad?<\/strong><\/h2>\n\n\n<div class=\"wp-block-jetpack-contact-form alignwide is-layout-flex wp-container-jetpack-contact-form-is-layout-2b4208ba wp-block-jetpack-contact-form-is-layout-flex\"><a href=\"https:\/\/keybox.nl\/es\/kleine-sleutelkluisjes-kopen\/\" target=\"_blank\" rel=\"noopener noreferrer\">Env\u00eda un formulario.<\/a><\/div>\n\n\n<p><\/p>","protected":false},"excerpt":{"rendered":"<p>\u2713 Gebruiksvriendelijk \u2713 Bestendig en veilig \u2713 Diverse modellen Bij ons kunt u kleine sleutelkluisjes kopen om uw sleutels veilig in op te bergen. Keybox.nl biedt allerlei kluizen aan, zoals een kleine kluis voor sleutels, die u eenvoudig online kunt kopen. Dankzij onze kluisjes kunt u uw sleutels een vaste, beveiligde plek geven zodat u [&hellip;]<\/p>\n","protected":false},"author":1,"featured_media":0,"parent":0,"menu_order":0,"comment_status":"closed","ping_status":"closed","template":"template-fullwidth.php","meta":{"footnotes":""},"class_list":["post-556","page","type-page","status-publish","hentry"],"yoast_head":"<!-- This site is optimized with the Yoast SEO plugin v27.4 - https:\/\/yoast.com\/product\/yoast-seo-wordpress\/ -->\n<title>Handige kleine sleutelkluisjes kopen -<\/title>\n<meta name=\"description\" content=\"Wij bieden diverse kleine sleutelkluisjes aan die u voor een scherpe prijs kunt kopen. Bestel deze gebruiksvriendelijke, betaalbare kluisjes.\" \/>\n<meta name=\"robots\" content=\"index, follow, max-snippet:-1, max-image-preview:large, max-video-preview:-1\" \/>\n<link rel=\"canonical\" href=\"https:\/\/keybox.nl\/es\/kleine-sleutelkluisjes-kopen\/\" \/>\n<meta property=\"og:locale\" content=\"es_ES\" \/>\n<meta property=\"og:type\" content=\"article\" \/>\n<meta property=\"og:title\" content=\"Handige kleine sleutelkluisjes kopen -\" \/>\n<meta property=\"og:description\" content=\"Wij bieden diverse kleine sleutelkluisjes aan die u voor een scherpe prijs kunt kopen. Bestel deze gebruiksvriendelijke, betaalbare kluisjes.\" \/>\n<meta property=\"og:url\" content=\"https:\/\/keybox.nl\/es\/kleine-sleutelkluisjes-kopen\/\" \/>\n<meta property=\"article:modified_time\" content=\"2023-07-25T09:36:04+00:00\" \/>\n<meta property=\"og:image\" content=\"http:\/\/keybox.nl\/wp-content\/uploads\/2021\/12\/KSB103-KSB005-4-scaled.jpg\" \/>\n<meta name=\"twitter:card\" content=\"summary_large_image\" \/>\n<meta name=\"twitter:label1\" content=\"Tiempo de lectura\" \/>\n\t<meta name=\"twitter:data1\" content=\"3 minutos\" \/>\n<script type=\"application\/ld+json\" class=\"yoast-schema-graph\">{\"@context\":\"https:\\\/\\\/schema.org\",\"@graph\":[{\"@type\":\"WebPage\",\"@id\":\"https:\\\/\\\/keybox.nl\\\/kleine-sleutelkluisjes-kopen\\\/\",\"url\":\"https:\\\/\\\/keybox.nl\\\/kleine-sleutelkluisjes-kopen\\\/\",\"name\":\"Handige kleine sleutelkluisjes kopen -\",\"isPartOf\":{\"@id\":\"https:\\\/\\\/keybox.nl\\\/#website\"},\"primaryImageOfPage\":{\"@id\":\"https:\\\/\\\/keybox.nl\\\/kleine-sleutelkluisjes-kopen\\\/#primaryimage\"},\"image\":{\"@id\":\"https:\\\/\\\/keybox.nl\\\/kleine-sleutelkluisjes-kopen\\\/#primaryimage\"},\"thumbnailUrl\":\"http:\\\/\\\/keybox.nl\\\/wp-content\\\/uploads\\\/2021\\\/12\\\/KSB103-KSB005-4-scaled.jpg\",\"datePublished\":\"2022-03-11T10:37:59+00:00\",\"dateModified\":\"2023-07-25T09:36:04+00:00\",\"description\":\"Wij bieden diverse kleine sleutelkluisjes aan die u voor een scherpe prijs kunt kopen. Bestel deze gebruiksvriendelijke, betaalbare kluisjes.\",\"breadcrumb\":{\"@id\":\"https:\\\/\\\/keybox.nl\\\/kleine-sleutelkluisjes-kopen\\\/#breadcrumb\"},\"inLanguage\":\"es\",\"potentialAction\":[{\"@type\":\"ReadAction\",\"target\":[\"https:\\\/\\\/keybox.nl\\\/kleine-sleutelkluisjes-kopen\\\/\"]}]},{\"@type\":\"ImageObject\",\"inLanguage\":\"es\",\"@id\":\"https:\\\/\\\/keybox.nl\\\/kleine-sleutelkluisjes-kopen\\\/#primaryimage\",\"url\":\"http:\\\/\\\/keybox.nl\\\/wp-content\\\/uploads\\\/2021\\\/12\\\/KSB103-KSB005-4-scaled.jpg\",\"contentUrl\":\"http:\\\/\\\/keybox.nl\\\/wp-content\\\/uploads\\\/2021\\\/12\\\/KSB103-KSB005-4-scaled.jpg\"},{\"@type\":\"BreadcrumbList\",\"@id\":\"https:\\\/\\\/keybox.nl\\\/kleine-sleutelkluisjes-kopen\\\/#breadcrumb\",\"itemListElement\":[{\"@type\":\"ListItem\",\"position\":1,\"name\":\"Home\",\"item\":\"https:\\\/\\\/keybox.nl\\\/\"},{\"@type\":\"ListItem\",\"position\":2,\"name\":\"Kleine sleutelkluisjes kopen\"}]},{\"@type\":\"WebSite\",\"@id\":\"https:\\\/\\\/keybox.nl\\\/#website\",\"url\":\"https:\\\/\\\/keybox.nl\\\/\",\"name\":\"\",\"description\":\"\",\"potentialAction\":[{\"@type\":\"SearchAction\",\"target\":{\"@type\":\"EntryPoint\",\"urlTemplate\":\"https:\\\/\\\/keybox.nl\\\/?s={search_term_string}\"},\"query-input\":{\"@type\":\"PropertyValueSpecification\",\"valueRequired\":true,\"valueName\":\"search_term_string\"}}],\"inLanguage\":\"es\"}]}<\/script>\n<!-- \/ Yoast SEO plugin. -->","yoast_head_json":{"title":"Comprar peque\u00f1as cajas fuertes -","description":"Le ofrecemos varias cajas fuertes para llaves peque\u00f1as que puede comprar a un precio competitivo. Pida estas taquillas asequibles y f\u00e1ciles de usar.","robots":{"index":"index","follow":"follow","max-snippet":"max-snippet:-1","max-image-preview":"max-image-preview:large","max-video-preview":"max-video-preview:-1"},"canonical":"https:\/\/keybox.nl\/es\/kleine-sleutelkluisjes-kopen\/","og_locale":"es_ES","og_type":"article","og_title":"Handige kleine sleutelkluisjes kopen -","og_description":"Wij bieden diverse kleine sleutelkluisjes aan die u voor een scherpe prijs kunt kopen. Bestel deze gebruiksvriendelijke, betaalbare kluisjes.","og_url":"https:\/\/keybox.nl\/es\/kleine-sleutelkluisjes-kopen\/","article_modified_time":"2023-07-25T09:36:04+00:00","og_image":[{"url":"http:\/\/keybox.nl\/wp-content\/uploads\/2021\/12\/KSB103-KSB005-4-scaled.jpg","type":"","width":"","height":""}],"twitter_card":"summary_large_image","twitter_misc":{"Tiempo de lectura":"3 minutos"},"schema":{"@context":"https:\/\/schema.org","@graph":[{"@type":"WebPage","@id":"https:\/\/keybox.nl\/kleine-sleutelkluisjes-kopen\/","url":"https:\/\/keybox.nl\/kleine-sleutelkluisjes-kopen\/","name":"Comprar peque\u00f1as cajas fuertes -","isPartOf":{"@id":"https:\/\/keybox.nl\/#website"},"primaryImageOfPage":{"@id":"https:\/\/keybox.nl\/kleine-sleutelkluisjes-kopen\/#primaryimage"},"image":{"@id":"https:\/\/keybox.nl\/kleine-sleutelkluisjes-kopen\/#primaryimage"},"thumbnailUrl":"http:\/\/keybox.nl\/wp-content\/uploads\/2021\/12\/KSB103-KSB005-4-scaled.jpg","datePublished":"2022-03-11T10:37:59+00:00","dateModified":"2023-07-25T09:36:04+00:00","description":"Le ofrecemos varias cajas fuertes para llaves peque\u00f1as que puede comprar a un precio competitivo. Pida estas taquillas asequibles y f\u00e1ciles de usar.","breadcrumb":{"@id":"https:\/\/keybox.nl\/kleine-sleutelkluisjes-kopen\/#breadcrumb"},"inLanguage":"es","potentialAction":[{"@type":"ReadAction","target":["https:\/\/keybox.nl\/kleine-sleutelkluisjes-kopen\/"]}]},{"@type":"ImageObject","inLanguage":"es","@id":"https:\/\/keybox.nl\/kleine-sleutelkluisjes-kopen\/#primaryimage","url":"http:\/\/keybox.nl\/wp-content\/uploads\/2021\/12\/KSB103-KSB005-4-scaled.jpg","contentUrl":"http:\/\/keybox.nl\/wp-content\/uploads\/2021\/12\/KSB103-KSB005-4-scaled.jpg"},{"@type":"BreadcrumbList","@id":"https:\/\/keybox.nl\/kleine-sleutelkluisjes-kopen\/#breadcrumb","itemListElement":[{"@type":"ListItem","position":1,"name":"Home","item":"https:\/\/keybox.nl\/"},{"@type":"ListItem","position":2,"name":"Kleine sleutelkluisjes kopen"}]},{"@type":"WebSite","@id":"https:\/\/keybox.nl\/#website","url":"https:\/\/keybox.nl\/","name":"","description":"","potentialAction":[{"@type":"SearchAction","target":{"@type":"EntryPoint","urlTemplate":"https:\/\/keybox.nl\/?s={search_term_string}"},"query-input":{"@type":"PropertyValueSpecification","valueRequired":true,"valueName":"search_term_string"}}],"inLanguage":"es"}]}},"jetpack-related-posts":[{"id":30,"url":"https:\/\/keybox.nl\/es\/","url_meta":{"origin":556,"position":0},"title":"Comprar armarios seguros para llaves","author":"Keybox@beheermodule","date":"30 noviembre 2021","format":false,"excerpt":"En Keybox.es, puede comprar una caja fuerte robusta o cajas fuertes con llave segura, entre otras cosas. Ofrecemos varios tipos de cajas fuertes; desde sutiles cajas fuertes para llaves hasta cajas fuertes de pared con rueda de dep\u00f3sito. Con nosotros, puede encargar una caja fuerte para su negocio, pero tambi\u00e9n para su hogar. Gracias a nuestra amplia gama de cajas fuertes con llave,...","rel":"","context":"Con 1 comentario","block_context":{"text":"Con 1 comentario","link":"https:\/\/keybox.nl\/es\/#comments"},"img":{"alt_text":"","src":"","width":0,"height":0},"classes":[]},{"id":550,"url":"https:\/\/keybox.nl\/es\/sleutelkastjes-met-code-kopen\/","url_meta":{"origin":556,"position":1},"title":"Comprar taquillas Code","author":"Keybox@beheermodule","date":"11 marzo 2022","format":false,"excerpt":"Comprar cajas de llaves seguras con c\u00f3digo \u00a1En la tienda online! \u2713 F\u00e1cil de usar \u2713 Resistente y segura \u2713 Varios modelos Keybox.es es el sitio web para comprar taquillas de calidad con c\u00f3digo. En nuestras taquillas podr\u00e1s gestionar f\u00e1cilmente hasta siete llaves. Hay varias opciones en ellas que puedes personalizar a tu...","rel":"","context":"Entrada similar","block_context":{"text":"Entrada similar","link":""},"img":{"alt_text":"","src":"https:\/\/i0.wp.com\/keybox.nl\/wp-content\/uploads\/2022\/02\/Digibox-7-haken-Keybox-e1645195424393.jpg?resize=350%2C200&ssl=1","width":350,"height":200},"classes":[]},{"id":538,"url":"https:\/\/keybox.nl\/es\/kluis-kopen-voor-thuis\/","url_meta":{"origin":556,"position":2},"title":"Comprar caja fuerte para casa","author":"Keybox@beheermodule","date":"11 marzo 2022","format":false,"excerpt":"Comprar una caja fuerte resistente para tu hogar \u00a1A la tienda online! \u2713 F\u00e1cil de usar \u2713 Resistente y segura \u2713 Varios modelos \u00bfQuieres comprar una pr\u00e1ctica caja fuerte para tu hogar? Entonces Keybox.es tiene lo que est\u00e1s buscando. Las cajas fuertes dom\u00e9sticas son algo m\u00e1s peque\u00f1as y no requieren una gran instalaci\u00f3n, por lo que son ideales...","rel":"","context":"Entrada similar","block_context":{"text":"Entrada similar","link":""},"img":{"alt_text":"","src":"https:\/\/i0.wp.com\/keybox.nl\/wp-content\/uploads\/2022\/01\/KSB007-inner-safe-2-e1643896091542.jpg?resize=350%2C200&ssl=1","width":350,"height":200,"srcset":"https:\/\/i0.wp.com\/keybox.nl\/wp-content\/uploads\/2022\/01\/KSB007-inner-safe-2-e1643896091542.jpg?resize=350%2C200&ssl=1 1x, https:\/\/i0.wp.com\/keybox.nl\/wp-content\/uploads\/2022\/01\/KSB007-inner-safe-2-e1643896091542.jpg?resize=525%2C300&ssl=1 1.5x, https:\/\/i0.wp.com\/keybox.nl\/wp-content\/uploads\/2022\/01\/KSB007-inner-safe-2-e1643896091542.jpg?resize=700%2C400&ssl=1 2x"},"classes":[]},{"id":1530,"url":"https:\/\/keybox.nl\/es\/hotelkluis-kopen\/","url_meta":{"origin":556,"position":3},"title":"hotel safe-buying","author":"Keybox@beheermodule","date":"20 julio 2023","format":false,"excerpt":"Comprar caja fuerte de hotel \u00a1A la tienda online! \u2713 F\u00e1cil de usar \u2713 Resistente y segura \u2713 Varios modelos Comprar una caja fuerte para hotel no es un asunto trivial. Se trata de proporcionar seguridad y tranquilidad a sus valiosos hu\u00e9spedes. Desde joyas hasta pasaportes y ordenadores port\u00e1tiles, una caja fuerte de hotel proporciona un refugio seguro para los objetos de valor....","rel":"","context":"Entrada similar","block_context":{"text":"Entrada similar","link":""},"img":{"alt_text":"","src":"https:\/\/i0.wp.com\/keybox.nl\/wp-content\/uploads\/2022\/02\/IMG_5926.jpg?resize=350%2C200&ssl=1","width":350,"height":200,"srcset":"https:\/\/i0.wp.com\/keybox.nl\/wp-content\/uploads\/2022\/02\/IMG_5926.jpg?resize=350%2C200&ssl=1 1x, https:\/\/i0.wp.com\/keybox.nl\/wp-content\/uploads\/2022\/02\/IMG_5926.jpg?resize=525%2C300&ssl=1 1.5x, https:\/\/i0.wp.com\/keybox.nl\/wp-content\/uploads\/2022\/02\/IMG_5926.jpg?resize=700%2C400&ssl=1 2x"},"classes":[]},{"id":546,"url":"https:\/\/keybox.nl\/es\/inbouwkluisjes-kopen\/","url_meta":{"origin":556,"position":4},"title":"Comprar cajas fuertes empotradas","author":"Keybox@beheermodule","date":"11 marzo 2022","format":false,"excerpt":"Comprar cajas fuertes empotradas robustas \u00a1A la tienda online! \u2713 F\u00e1ciles de usar \u2713 Robustas y seguras \u2713 Varios modelos \u00bfQuiere comprar cajas fuertes empotradas para su negocio? Nuestra tienda web ofrece varios modelos de cajas fuertes que se instalan en la pared. Como el sistema est\u00e1 en la pared, no se puede quitar y es...","rel":"","context":"Entrada similar","block_context":{"text":"Entrada similar","link":""},"img":{"alt_text":"","src":"https:\/\/i0.wp.com\/keybox.nl\/wp-content\/uploads\/2021\/12\/KSB_102_1-e1638478691321.jpg?resize=350%2C200&ssl=1","width":350,"height":200,"srcset":"https:\/\/i0.wp.com\/keybox.nl\/wp-content\/uploads\/2021\/12\/KSB_102_1-e1638478691321.jpg?resize=350%2C200&ssl=1 1x, https:\/\/i0.wp.com\/keybox.nl\/wp-content\/uploads\/2021\/12\/KSB_102_1-e1638478691321.jpg?resize=525%2C300&ssl=1 1.5x, https:\/\/i0.wp.com\/keybox.nl\/wp-content\/uploads\/2021\/12\/KSB_102_1-e1638478691321.jpg?resize=700%2C400&ssl=1 2x"},"classes":[]},{"id":540,"url":"https:\/\/keybox.nl\/es\/afstortkluis-bestellen\/","url_meta":{"origin":556,"position":5},"title":"Pedir una caja fuerte","author":"Keybox@beheermodule","date":"11 marzo 2022","format":false,"excerpt":"Pida una caja fuerte de dep\u00f3sito \u00a1A la tienda web! \u2713 F\u00e1cil de usar \u2713 Resistente y segura \u2713 Varios modelos Una caja fuerte de dep\u00f3sito es una opci\u00f3n ideal para encargar cuando desea guardar llaves u otros objetos peque\u00f1os de forma segura en su negocio. Gracias al sistema de dep\u00f3sito inteligente y a las paredes de madera maciza, nuestras cajas fuertes...","rel":"","context":"Entrada similar","block_context":{"text":"Entrada similar","link":""},"img":{"alt_text":"","src":"https:\/\/i0.wp.com\/keybox.nl\/wp-content\/uploads\/2022\/01\/IMG_5363-scaled-e1643386544179.jpg?resize=350%2C200&ssl=1","width":350,"height":200},"classes":[]}],"jetpack_sharing_enabled":true,"_links":{"self":[{"href":"https:\/\/keybox.nl\/es\/wp-json\/wp\/v2\/pages\/556","targetHints":{"allow":["GET"]}}],"collection":[{"href":"https:\/\/keybox.nl\/es\/wp-json\/wp\/v2\/pages"}],"about":[{"href":"https:\/\/keybox.nl\/es\/wp-json\/wp\/v2\/types\/page"}],"author":[{"embeddable":true,"href":"https:\/\/keybox.nl\/es\/wp-json\/wp\/v2\/users\/1"}],"replies":[{"embeddable":true,"href":"https:\/\/keybox.nl\/es\/wp-json\/wp\/v2\/comments?post=556"}],"version-history":[{"count":5,"href":"https:\/\/keybox.nl\/es\/wp-json\/wp\/v2\/pages\/556\/revisions"}],"predecessor-version":[{"id":1648,"href":"https:\/\/keybox.nl\/es\/wp-json\/wp\/v2\/pages\/556\/revisions\/1648"}],"wp:attachment":[{"href":"https:\/\/keybox.nl\/es\/wp-json\/wp\/v2\/media?parent=556"}],"curies":[{"name":"wp","href":"https:\/\/api.w.org\/{rel}","templated":true}]}}