{"id":552,"date":"2022-03-11T10:34:30","date_gmt":"2022-03-11T10:34:30","guid":{"rendered":"http:\/\/keybox.nl\/?page_id=552"},"modified":"2023-07-25T09:31:59","modified_gmt":"2023-07-25T09:31:59","slug":"kluis-waardeberging-kopen","status":"publish","type":"page","link":"https:\/\/keybox.nl\/es\/kluis-waardeberging-kopen\/","title":{"rendered":"Comprar caja fuerte"},"content":{"rendered":"<div class=\"wp-block-cover alignfull\" style=\"min-height:200px;aspect-ratio:unset;\"><span aria-hidden=\"true\" class=\"wp-block-cover__background has-background-dim-60 has-background-dim\"><\/span><img decoding=\"async\" width=\"1920\" height=\"2560\" class=\"wp-block-cover__image-background wp-image-126\" alt=\"Kluis\" src=\"http:\/\/keybox.nl\/wp-content\/uploads\/2021\/12\/KSB103-KSB005-4-scaled.jpg\" style=\"object-position:50% 50%\" data-object-fit=\"cover\" data-object-position=\"50% 50%\" srcset=\"https:\/\/keybox.nl\/wp-content\/uploads\/2021\/12\/KSB103-KSB005-4-scaled.jpg 1920w, https:\/\/keybox.nl\/wp-content\/uploads\/2021\/12\/KSB103-KSB005-4-416x555.jpg 416w, https:\/\/keybox.nl\/wp-content\/uploads\/2021\/12\/KSB103-KSB005-4-225x300.jpg 225w, https:\/\/keybox.nl\/wp-content\/uploads\/2021\/12\/KSB103-KSB005-4-768x1024.jpg 768w, https:\/\/keybox.nl\/wp-content\/uploads\/2021\/12\/KSB103-KSB005-4-1152x1536.jpg 1152w, https:\/\/keybox.nl\/wp-content\/uploads\/2021\/12\/KSB103-KSB005-4-1536x2048.jpg 1536w, https:\/\/keybox.nl\/wp-content\/uploads\/2021\/12\/KSB103-KSB005-4-1320x1760.jpg 1320w\" sizes=\"(max-width: 1920px) 100vw, 1920px\" \/><div class=\"wp-block-cover__inner-container is-layout-flow wp-block-cover-is-layout-flow\">\n<h1 class=\"wp-block-heading alignwide has-text-align-left has-white-color has-text-color\" style=\"font-size:40px\">Comprar una caja fuerte de gran valor<\/h1>\n\n\n\n<div class=\"wp-block-columns alignwide is-layout-flex wp-container-core-columns-is-layout-28f84493 wp-block-columns-is-layout-flex\">\n<div class=\"wp-block-column is-layout-flow wp-block-column-is-layout-flow\" style=\"flex-basis:55%\">\n<div class=\"wp-block-buttons is-layout-flex wp-block-buttons-is-layout-flex\">\n<div class=\"wp-block-button cta-knop alignleft\"><a class=\"wp-block-button__link has-black-color has-white-background-color has-text-color has-background wp-element-button\" href=\"http:\/\/keybox.nl\/es\/\">A la tienda virtual<\/a><\/div>\n<\/div>\n<\/div>\n<\/div>\n<\/div><\/div>\n\n\n\n<div style=\"height:50px\" aria-hidden=\"true\" class=\"wp-block-spacer\"><\/div>\n\n\n\n<div class=\"wp-block-group alignfull is-content-justification-center is-layout-flex wp-container-core-group-is-layout-81a7f686 wp-block-group-is-layout-flex\">\n<p class=\"usps has-normal-font-size\">F\u00e1cil de usar<\/p>\n\n\n\n<p>\u2713 Resistente y seguro<\/p>\n\n\n\n<p>\u2713 Varios modelos<\/p>\n<\/div>\n\n\n\n<style>\nh1.entry-title {\ndisplay: none;\n}\n\n.cta-knop {\nmargin-left: 35px !important;\n}\n\n.cta-knop:hover {\nopacity: 0.75;\n}\n\n@media only screen and (max-width: 1064px) {\n.cta-knop {\nmargin-left: 0px !important;\n}\n\n.wp-block-group.alignfull {\n    display: flex;\n    flex-direction: column;\n}\n}\n<\/style>\n\n\n\n<div style=\"height:100px\" aria-hidden=\"true\" class=\"wp-block-spacer\"><\/div>\n\n\n\n<p class=\"has-text-align-left align-left has-black-color has-text-color has-normal-font-size\">Para las posesiones muy valiosas, debe comprar una caja fuerte con un almacenamiento de alto valor. El valor m\u00e1ximo de almacenamiento de una caja fuerte indica la cantidad hasta la cual el contenido de su caja fuerte est\u00e1 asegurado. En Keybox.es, vendemos cajas fuertes que son particularmente seguras y por lo tanto tienen un almacenamiento de alto valor. Adem\u00e1s de la excelente protecci\u00f3n contra robo, nuestras cajas fuertes son muy f\u00e1ciles de usar para usted.<\/p>\n\n\n\n<div style=\"height:100px\" aria-hidden=\"true\" class=\"wp-block-spacer\"><\/div>\n\n\n\n<div class=\"wp-block-group is-content-justification-center is-layout-flex wp-container-core-group-is-layout-81a7f686 wp-block-group-is-layout-flex\">\n<div class=\"wp-block-media-text alignwide is-stacked-on-mobile is-vertically-aligned-center\" style=\"grid-template-columns:40% auto\"><figure class=\"wp-block-media-text__media\"><img decoding=\"async\" width=\"1024\" height=\"1024\" src=\"http:\/\/keybox.nl\/wp-content\/uploads\/2021\/12\/KSB_102_1-1024x1024.jpg\" alt=\"\" class=\"wp-image-104 size-full\"\/><\/figure><div class=\"wp-block-media-text__content\">\n<h2 class=\"wp-block-heading has-text-color\" style=\"color:#000000;font-size:32px\">Aqu\u00ed puede comprar una caja fuerte con una alta indicaci\u00f3n de retenci\u00f3n de valor<\/h2>\n\n\n\n<p class=\"has-text-color has-normal-font-size\" style=\"color:#000000\">Cuando decida hacer un <a href=\"http:\/\/keybox.nl\/es\/\">comprar seguro<\/a>, Por supuesto, querr\u00e1 estar seguro de que esta caja fuerte ofrece una protecci\u00f3n \u00f3ptima. Con nosotros, puede comprar una caja fuerte con una gran capacidad de almacenamiento a un precio atractivo. Nuestras cajas fuertes son muy resistentes a los robos. En <a href=\"http:\/\/keybox.nl\/es\/categoria-producto\/digibox-sleuteluitgifte\/\">nuestra digibox<\/a> conservar los c\u00f3digos tras un corte de corriente. <a href=\"http:\/\/keybox.nl\/es\/categoria-producto\/keybox\/keysecuritybox\/\">Nuestras cajas fuertes para llaves<\/a> son de acero macizo y la rueda hace imposible pescar objetos fuera de la caja fuerte. Por lo tanto, no dude en utilizar nuestras cajas fuertes para posesiones de gran valor. Si busca un modelo que se pueda montar en la pared, eche un vistazo a <a href=\"http:\/\/keybox.nl\/es\/inbouwkluisjes-kopen\/\">nuestras cajas fuertes empotradas<\/a>.<\/p>\n<\/div><\/div>\n<\/div>\n\n\n\n<div style=\"height:100px\" aria-hidden=\"true\" class=\"wp-block-spacer\"><\/div>\n\n\n\n<h2 class=\"wp-block-heading has-text-align-center\"><strong>\u00bfQuiere una caja fuerte de alta calidad?<\/strong><\/h2>\n\n\n\n<div class=\"wp-block-buttons is-content-justification-center is-layout-flex wp-container-core-buttons-is-layout-a89b3969 wp-block-buttons-is-layout-flex\">\n<div class=\"wp-block-button is-style-outline is-style-outline--1\"><a class=\"wp-block-button__link wp-element-button\" href=\"http:\/\/keybox.nl\/es\/\">Ver la tienda virtual<\/a><\/div>\n<\/div>\n\n\n\n<div style=\"height:100px\" aria-hidden=\"true\" class=\"wp-block-spacer\"><\/div>\n\n\n\n<div class=\"wp-block-group is-content-justification-center is-layout-flex wp-container-core-group-is-layout-81a7f686 wp-block-group-is-layout-flex\">\n<div class=\"wp-block-media-text alignwide has-media-on-the-right is-stacked-on-mobile is-vertically-aligned-center\" style=\"grid-template-columns:auto 40%\"><div class=\"wp-block-media-text__content\">\n<h3 class=\"wp-block-heading has-text-color\" style=\"color:#000000;font-size:32px\"><strong>Comprar almacenamiento seguro<\/strong><\/h3>\n\n\n\n<p class=\"has-text-color has-normal-font-size\" style=\"color:#000000\">A <a href=\"http:\/\/keybox.nl\/es\/inbraakwerende-kluis-kopen\/\">caja fuerte antirrobo<\/a> Con nosotros, puede comprar f\u00e1cilmente en l\u00ednea cajas fuertes con una capacidad de almacenamiento de gran valor. Ofrecemos excelentes cajas fuertes a precios bajos. Adem\u00e1s, le ofrecemos la asistencia necesaria para instalar su caja fuerte. Pida ahora su caja fuerte en nuestra tienda web. \u00bfDesea m\u00e1s informaci\u00f3n primero? P\u00f3ngase en contacto con nosotros a trav\u00e9s de <a href=\"http:\/\/keybox.nl\/es\/contact\/\">formulario de contacto<\/a> y posiblemente solicite una visita en nuestra sucursal de Bussum.<\/p>\n<\/div><figure class=\"wp-block-media-text__media\"><img decoding=\"async\" width=\"600\" height=\"800\" src=\"http:\/\/keybox.nl\/wp-content\/uploads\/2021\/12\/Extra-Armor-KSB.jpg\" alt=\"Kluis los\" class=\"wp-image-103 size-full\" srcset=\"https:\/\/keybox.nl\/wp-content\/uploads\/2021\/12\/Extra-Armor-KSB.jpg 600w, https:\/\/keybox.nl\/wp-content\/uploads\/2021\/12\/Extra-Armor-KSB-416x555.jpg 416w, https:\/\/keybox.nl\/wp-content\/uploads\/2021\/12\/Extra-Armor-KSB-225x300.jpg 225w\" sizes=\"(max-width: 600px) 100vw, 600px\" \/><\/figure><\/div>\n<\/div>\n\n\n\n<div style=\"height:50px\" aria-hidden=\"true\" class=\"wp-block-spacer\"><\/div>\n\n\n\n<h2 class=\"wp-block-heading alignwide has-text-align-left form-titel\"><strong>\u00bfTiene preguntas sobre seguridad?<\/strong><\/h2>\n\n\n<div class=\"wp-block-jetpack-contact-form alignwide is-layout-flex wp-container-jetpack-contact-form-is-layout-2b4208ba wp-block-jetpack-contact-form-is-layout-flex\"><a href=\"https:\/\/keybox.nl\/es\/kluis-waardeberging-kopen\/\" target=\"_blank\" rel=\"noopener noreferrer\">Env\u00eda un formulario.<\/a><\/div>\n\n\n<p><\/p>","protected":false},"excerpt":{"rendered":"<p>\u2713 Gebruiksvriendelijk \u2713 Bestendig en veilig \u2713 Diverse modellen Voor zeer waardevolle eigendommen dient u een kluis met een hoge waardeberging te kopen. De maximale waardeberging van een kluis geeft aan tot welk bedrag de inhoud van uw kluis verzekerd is. Bij Keybox.nl verkopen wij kluizen die bijzonder veilig zijn en daardoor een hoge waardeberging [&hellip;]<\/p>\n","protected":false},"author":1,"featured_media":0,"parent":0,"menu_order":0,"comment_status":"closed","ping_status":"closed","template":"template-fullwidth.php","meta":{"footnotes":""},"class_list":["post-552","page","type-page","status-publish","hentry"],"yoast_head":"<!-- This site is optimized with the Yoast SEO plugin v27.4 - https:\/\/yoast.com\/product\/yoast-seo-wordpress\/ -->\n<title>Een kluis met hoge waardeberging kopen voor extra zekerheid -<\/title>\n<meta name=\"description\" content=\"Wilt u graag een kluis met hoge waardeberging kopen? Ontdek dan onze stevige kluizen. Bestel nu een kluis naar keuze en bescherm uw waardevolle spullen.\" \/>\n<meta name=\"robots\" content=\"index, follow, max-snippet:-1, max-image-preview:large, max-video-preview:-1\" \/>\n<link rel=\"canonical\" href=\"https:\/\/keybox.nl\/es\/kluis-waardeberging-kopen\/\" \/>\n<meta property=\"og:locale\" content=\"es_ES\" \/>\n<meta property=\"og:type\" content=\"article\" \/>\n<meta property=\"og:title\" content=\"Een kluis met hoge waardeberging kopen voor extra zekerheid -\" \/>\n<meta property=\"og:description\" content=\"Wilt u graag een kluis met hoge waardeberging kopen? Ontdek dan onze stevige kluizen. Bestel nu een kluis naar keuze en bescherm uw waardevolle spullen.\" \/>\n<meta property=\"og:url\" content=\"https:\/\/keybox.nl\/es\/kluis-waardeberging-kopen\/\" \/>\n<meta property=\"article:modified_time\" content=\"2023-07-25T09:31:59+00:00\" \/>\n<meta property=\"og:image\" content=\"http:\/\/keybox.nl\/wp-content\/uploads\/2021\/12\/KSB103-KSB005-4-scaled.jpg\" \/>\n<meta name=\"twitter:card\" content=\"summary_large_image\" \/>\n<meta name=\"twitter:label1\" content=\"Tiempo de lectura\" \/>\n\t<meta name=\"twitter:data1\" content=\"2 minutos\" \/>\n<script type=\"application\/ld+json\" class=\"yoast-schema-graph\">{\"@context\":\"https:\\\/\\\/schema.org\",\"@graph\":[{\"@type\":\"WebPage\",\"@id\":\"https:\\\/\\\/keybox.nl\\\/kluis-waardeberging-kopen\\\/\",\"url\":\"https:\\\/\\\/keybox.nl\\\/kluis-waardeberging-kopen\\\/\",\"name\":\"Een kluis met hoge waardeberging kopen voor extra zekerheid -\",\"isPartOf\":{\"@id\":\"https:\\\/\\\/keybox.nl\\\/#website\"},\"primaryImageOfPage\":{\"@id\":\"https:\\\/\\\/keybox.nl\\\/kluis-waardeberging-kopen\\\/#primaryimage\"},\"image\":{\"@id\":\"https:\\\/\\\/keybox.nl\\\/kluis-waardeberging-kopen\\\/#primaryimage\"},\"thumbnailUrl\":\"http:\\\/\\\/keybox.nl\\\/wp-content\\\/uploads\\\/2021\\\/12\\\/KSB103-KSB005-4-scaled.jpg\",\"datePublished\":\"2022-03-11T10:34:30+00:00\",\"dateModified\":\"2023-07-25T09:31:59+00:00\",\"description\":\"Wilt u graag een kluis met hoge waardeberging kopen? Ontdek dan onze stevige kluizen. Bestel nu een kluis naar keuze en bescherm uw waardevolle spullen.\",\"breadcrumb\":{\"@id\":\"https:\\\/\\\/keybox.nl\\\/kluis-waardeberging-kopen\\\/#breadcrumb\"},\"inLanguage\":\"es\",\"potentialAction\":[{\"@type\":\"ReadAction\",\"target\":[\"https:\\\/\\\/keybox.nl\\\/kluis-waardeberging-kopen\\\/\"]}]},{\"@type\":\"ImageObject\",\"inLanguage\":\"es\",\"@id\":\"https:\\\/\\\/keybox.nl\\\/kluis-waardeberging-kopen\\\/#primaryimage\",\"url\":\"http:\\\/\\\/keybox.nl\\\/wp-content\\\/uploads\\\/2021\\\/12\\\/KSB103-KSB005-4-scaled.jpg\",\"contentUrl\":\"http:\\\/\\\/keybox.nl\\\/wp-content\\\/uploads\\\/2021\\\/12\\\/KSB103-KSB005-4-scaled.jpg\"},{\"@type\":\"BreadcrumbList\",\"@id\":\"https:\\\/\\\/keybox.nl\\\/kluis-waardeberging-kopen\\\/#breadcrumb\",\"itemListElement\":[{\"@type\":\"ListItem\",\"position\":1,\"name\":\"Home\",\"item\":\"https:\\\/\\\/keybox.nl\\\/\"},{\"@type\":\"ListItem\",\"position\":2,\"name\":\"Kluis waardeberging kopen\"}]},{\"@type\":\"WebSite\",\"@id\":\"https:\\\/\\\/keybox.nl\\\/#website\",\"url\":\"https:\\\/\\\/keybox.nl\\\/\",\"name\":\"\",\"description\":\"\",\"potentialAction\":[{\"@type\":\"SearchAction\",\"target\":{\"@type\":\"EntryPoint\",\"urlTemplate\":\"https:\\\/\\\/keybox.nl\\\/?s={search_term_string}\"},\"query-input\":{\"@type\":\"PropertyValueSpecification\",\"valueRequired\":true,\"valueName\":\"search_term_string\"}}],\"inLanguage\":\"es\"}]}<\/script>\n<!-- \/ Yoast SEO plugin. -->","yoast_head_json":{"title":"Comprar una caja fuerte de gran valor para mayor seguridad -","description":"\u00bfDesea comprar una caja fuerte con almacenamiento de gran valor? Entonces descubra nuestras robustas cajas fuertes. Pida ahora la caja fuerte que desee y proteja sus objetos de valor.","robots":{"index":"index","follow":"follow","max-snippet":"max-snippet:-1","max-image-preview":"max-image-preview:large","max-video-preview":"max-video-preview:-1"},"canonical":"https:\/\/keybox.nl\/es\/kluis-waardeberging-kopen\/","og_locale":"es_ES","og_type":"article","og_title":"Een kluis met hoge waardeberging kopen voor extra zekerheid -","og_description":"Wilt u graag een kluis met hoge waardeberging kopen? Ontdek dan onze stevige kluizen. Bestel nu een kluis naar keuze en bescherm uw waardevolle spullen.","og_url":"https:\/\/keybox.nl\/es\/kluis-waardeberging-kopen\/","article_modified_time":"2023-07-25T09:31:59+00:00","og_image":[{"url":"http:\/\/keybox.nl\/wp-content\/uploads\/2021\/12\/KSB103-KSB005-4-scaled.jpg","type":"","width":"","height":""}],"twitter_card":"summary_large_image","twitter_misc":{"Tiempo de lectura":"2 minutos"},"schema":{"@context":"https:\/\/schema.org","@graph":[{"@type":"WebPage","@id":"https:\/\/keybox.nl\/kluis-waardeberging-kopen\/","url":"https:\/\/keybox.nl\/kluis-waardeberging-kopen\/","name":"Comprar una caja fuerte de gran valor para mayor seguridad -","isPartOf":{"@id":"https:\/\/keybox.nl\/#website"},"primaryImageOfPage":{"@id":"https:\/\/keybox.nl\/kluis-waardeberging-kopen\/#primaryimage"},"image":{"@id":"https:\/\/keybox.nl\/kluis-waardeberging-kopen\/#primaryimage"},"thumbnailUrl":"http:\/\/keybox.nl\/wp-content\/uploads\/2021\/12\/KSB103-KSB005-4-scaled.jpg","datePublished":"2022-03-11T10:34:30+00:00","dateModified":"2023-07-25T09:31:59+00:00","description":"\u00bfDesea comprar una caja fuerte con almacenamiento de gran valor? Entonces descubra nuestras robustas cajas fuertes. Pida ahora la caja fuerte que desee y proteja sus objetos de valor.","breadcrumb":{"@id":"https:\/\/keybox.nl\/kluis-waardeberging-kopen\/#breadcrumb"},"inLanguage":"es","potentialAction":[{"@type":"ReadAction","target":["https:\/\/keybox.nl\/kluis-waardeberging-kopen\/"]}]},{"@type":"ImageObject","inLanguage":"es","@id":"https:\/\/keybox.nl\/kluis-waardeberging-kopen\/#primaryimage","url":"http:\/\/keybox.nl\/wp-content\/uploads\/2021\/12\/KSB103-KSB005-4-scaled.jpg","contentUrl":"http:\/\/keybox.nl\/wp-content\/uploads\/2021\/12\/KSB103-KSB005-4-scaled.jpg"},{"@type":"BreadcrumbList","@id":"https:\/\/keybox.nl\/kluis-waardeberging-kopen\/#breadcrumb","itemListElement":[{"@type":"ListItem","position":1,"name":"Home","item":"https:\/\/keybox.nl\/"},{"@type":"ListItem","position":2,"name":"Kluis waardeberging kopen"}]},{"@type":"WebSite","@id":"https:\/\/keybox.nl\/#website","url":"https:\/\/keybox.nl\/","name":"","description":"","potentialAction":[{"@type":"SearchAction","target":{"@type":"EntryPoint","urlTemplate":"https:\/\/keybox.nl\/?s={search_term_string}"},"query-input":{"@type":"PropertyValueSpecification","valueRequired":true,"valueName":"search_term_string"}}],"inLanguage":"es"}]}},"jetpack-related-posts":[{"id":554,"url":"https:\/\/keybox.nl\/es\/kluis-waardeberging-kopen-2\/","url_meta":{"origin":552,"position":0},"title":"Comprar caja fuerte","author":"Keybox@beheermodule","date":"11 marzo 2022","format":false,"excerpt":"Comprar una caja fuerte de alta seguridad \u00a1A la tienda online! \u2713 F\u00e1cil de usar \u2713 Resistente y segura \u2713 Varios modelos Para posesiones incre\u00edblemente valiosas, deber\u00edas comprar una caja fuerte con un almacenamiento de alto valor. Cuanto mayor sea el almacenamiento de valor, m\u00e1s resistente ser\u00e1 la caja fuerte a los robos. Nosotros en Keybox.nl en Bussum...","rel":"","context":"Entrada similar","block_context":{"text":"Entrada similar","link":""},"img":{"alt_text":"kluis peugeot","src":"https:\/\/i0.wp.com\/keybox.nl\/wp-content\/uploads\/2022\/02\/KSB007-Peugeot-scaled-e1643751089776.jpg?resize=350%2C200&ssl=1","width":350,"height":200,"srcset":"https:\/\/i0.wp.com\/keybox.nl\/wp-content\/uploads\/2022\/02\/KSB007-Peugeot-scaled-e1643751089776.jpg?resize=350%2C200&ssl=1 1x, https:\/\/i0.wp.com\/keybox.nl\/wp-content\/uploads\/2022\/02\/KSB007-Peugeot-scaled-e1643751089776.jpg?resize=525%2C300&ssl=1 1.5x"},"classes":[]},{"id":546,"url":"https:\/\/keybox.nl\/es\/inbouwkluisjes-kopen\/","url_meta":{"origin":552,"position":1},"title":"Comprar cajas fuertes empotradas","author":"Keybox@beheermodule","date":"11 marzo 2022","format":false,"excerpt":"Comprar cajas fuertes empotradas robustas \u00a1A la tienda online! \u2713 F\u00e1ciles de usar \u2713 Robustas y seguras \u2713 Varios modelos \u00bfQuiere comprar cajas fuertes empotradas para su negocio? Nuestra tienda web ofrece varios modelos de cajas fuertes que se instalan en la pared. Como el sistema est\u00e1 en la pared, no se puede quitar y es...","rel":"","context":"Entrada similar","block_context":{"text":"Entrada similar","link":""},"img":{"alt_text":"","src":"https:\/\/i0.wp.com\/keybox.nl\/wp-content\/uploads\/2021\/12\/KSB_102_1-e1638478691321.jpg?resize=350%2C200&ssl=1","width":350,"height":200,"srcset":"https:\/\/i0.wp.com\/keybox.nl\/wp-content\/uploads\/2021\/12\/KSB_102_1-e1638478691321.jpg?resize=350%2C200&ssl=1 1x, https:\/\/i0.wp.com\/keybox.nl\/wp-content\/uploads\/2021\/12\/KSB_102_1-e1638478691321.jpg?resize=525%2C300&ssl=1 1.5x, https:\/\/i0.wp.com\/keybox.nl\/wp-content\/uploads\/2021\/12\/KSB_102_1-e1638478691321.jpg?resize=700%2C400&ssl=1 2x"},"classes":[]},{"id":1526,"url":"https:\/\/keybox.nl\/es\/safe-kluis-kopen\/","url_meta":{"origin":552,"position":2},"title":"Comprar caja fuerte","author":"Keybox@beheermodule","date":"20 julio 2023","format":false,"excerpt":"Comprar caja fuerte o c\u00e1mara acorazada \u00a1Ve a la tienda web! \u2713 F\u00e1cil de usar \u2713 Resistente y segura \u2713 Varios modelos Si valoras la seguridad y la fiabilidad, comprar una caja fuerte o caja fuerte es el primer paso. Aunque estos t\u00e9rminos suelen utilizarse indistintamente, existen sutiles diferencias. A...","rel":"","context":"Entrada similar","block_context":{"text":"Entrada similar","link":""},"img":{"alt_text":"Regenkap Keysecuritybox","src":"https:\/\/i0.wp.com\/keybox.nl\/wp-content\/uploads\/2022\/01\/IMG_5364-scaled.jpg?resize=350%2C200&ssl=1","width":350,"height":200,"srcset":"https:\/\/i0.wp.com\/keybox.nl\/wp-content\/uploads\/2022\/01\/IMG_5364-scaled.jpg?resize=350%2C200&ssl=1 1x, https:\/\/i0.wp.com\/keybox.nl\/wp-content\/uploads\/2022\/01\/IMG_5364-scaled.jpg?resize=525%2C300&ssl=1 1.5x, https:\/\/i0.wp.com\/keybox.nl\/wp-content\/uploads\/2022\/01\/IMG_5364-scaled.jpg?resize=700%2C400&ssl=1 2x, https:\/\/i0.wp.com\/keybox.nl\/wp-content\/uploads\/2022\/01\/IMG_5364-scaled.jpg?resize=1050%2C600&ssl=1 3x, https:\/\/i0.wp.com\/keybox.nl\/wp-content\/uploads\/2022\/01\/IMG_5364-scaled.jpg?resize=1400%2C800&ssl=1 4x"},"classes":[]},{"id":326,"url":"https:\/\/keybox.nl\/es\/goedkope-kluis-kopen\/","url_meta":{"origin":552,"position":3},"title":"Comprar barato seguro","author":"Keybox@beheermodule","date":"3 marzo 2022","format":false,"excerpt":"Compra una caja fuerte barata y de alta calidad \u00a1En la tienda online! \u2713 F\u00e1cil de usar \u2713 Resistente y segura \u2713 Varios modelos En Keybox.es, puede comprar una caja fuerte barata y resistente para su negocio. Gracias a nuestras cajas fuertes, podr\u00e1s mantener la emisi\u00f3n de llaves segura en todo momento. Adem\u00e1s, no es necesario que nadie est\u00e9 presente para...","rel":"","context":"Entrada similar","block_context":{"text":"Entrada similar","link":""},"img":{"alt_text":"","src":"https:\/\/i0.wp.com\/keybox.nl\/wp-content\/uploads\/2021\/12\/KSB_102_1-e1638478691321.jpg?resize=350%2C200&ssl=1","width":350,"height":200,"srcset":"https:\/\/i0.wp.com\/keybox.nl\/wp-content\/uploads\/2021\/12\/KSB_102_1-e1638478691321.jpg?resize=350%2C200&ssl=1 1x, https:\/\/i0.wp.com\/keybox.nl\/wp-content\/uploads\/2021\/12\/KSB_102_1-e1638478691321.jpg?resize=525%2C300&ssl=1 1.5x, https:\/\/i0.wp.com\/keybox.nl\/wp-content\/uploads\/2021\/12\/KSB_102_1-e1638478691321.jpg?resize=700%2C400&ssl=1 2x"},"classes":[]},{"id":543,"url":"https:\/\/keybox.nl\/es\/inbraakwerende-kluis-kopen\/","url_meta":{"origin":552,"position":4},"title":"Comprar una caja fuerte antirrobo","author":"Keybox@beheermodule","date":"11 marzo 2022","format":false,"excerpt":"Comprar una caja fuerte resistente y a prueba de robos \u00a1A la tienda web! F\u00e1cil de usar \u2713 Resistente y segura \u2713 Varios modelos Comprar una caja fuerte antirrobo para sus objetos de valor es importante. Esto se debe a que les proporciona una excelente protecci\u00f3n contra varios tipos de robo. En Keybox.es puedes comprar una caja fuerte antirrobo para tus llaves que...","rel":"","context":"Entrada similar","block_context":{"text":"Entrada similar","link":""},"img":{"alt_text":"Keysafe Slim line","src":"https:\/\/i0.wp.com\/keybox.nl\/wp-content\/uploads\/2022\/12\/Keysafe_Slim_line_Keybox.jpeg?resize=350%2C200&ssl=1","width":350,"height":200,"srcset":"https:\/\/i0.wp.com\/keybox.nl\/wp-content\/uploads\/2022\/12\/Keysafe_Slim_line_Keybox.jpeg?resize=350%2C200&ssl=1 1x, https:\/\/i0.wp.com\/keybox.nl\/wp-content\/uploads\/2022\/12\/Keysafe_Slim_line_Keybox.jpeg?resize=525%2C300&ssl=1 1.5x, https:\/\/i0.wp.com\/keybox.nl\/wp-content\/uploads\/2022\/12\/Keysafe_Slim_line_Keybox.jpeg?resize=700%2C400&ssl=1 2x"},"classes":[]},{"id":538,"url":"https:\/\/keybox.nl\/es\/kluis-kopen-voor-thuis\/","url_meta":{"origin":552,"position":5},"title":"Comprar caja fuerte para casa","author":"Keybox@beheermodule","date":"11 marzo 2022","format":false,"excerpt":"Comprar una caja fuerte resistente para tu hogar \u00a1A la tienda online! \u2713 F\u00e1cil de usar \u2713 Resistente y segura \u2713 Varios modelos \u00bfQuieres comprar una pr\u00e1ctica caja fuerte para tu hogar? Entonces Keybox.es tiene lo que est\u00e1s buscando. Las cajas fuertes dom\u00e9sticas son algo m\u00e1s peque\u00f1as y no requieren una gran instalaci\u00f3n, por lo que son ideales...","rel":"","context":"Entrada similar","block_context":{"text":"Entrada similar","link":""},"img":{"alt_text":"","src":"https:\/\/i0.wp.com\/keybox.nl\/wp-content\/uploads\/2022\/01\/KSB007-inner-safe-2-e1643896091542.jpg?resize=350%2C200&ssl=1","width":350,"height":200,"srcset":"https:\/\/i0.wp.com\/keybox.nl\/wp-content\/uploads\/2022\/01\/KSB007-inner-safe-2-e1643896091542.jpg?resize=350%2C200&ssl=1 1x, https:\/\/i0.wp.com\/keybox.nl\/wp-content\/uploads\/2022\/01\/KSB007-inner-safe-2-e1643896091542.jpg?resize=525%2C300&ssl=1 1.5x, https:\/\/i0.wp.com\/keybox.nl\/wp-content\/uploads\/2022\/01\/KSB007-inner-safe-2-e1643896091542.jpg?resize=700%2C400&ssl=1 2x"},"classes":[]}],"jetpack_sharing_enabled":true,"_links":{"self":[{"href":"https:\/\/keybox.nl\/es\/wp-json\/wp\/v2\/pages\/552","targetHints":{"allow":["GET"]}}],"collection":[{"href":"https:\/\/keybox.nl\/es\/wp-json\/wp\/v2\/pages"}],"about":[{"href":"https:\/\/keybox.nl\/es\/wp-json\/wp\/v2\/types\/page"}],"author":[{"embeddable":true,"href":"https:\/\/keybox.nl\/es\/wp-json\/wp\/v2\/users\/1"}],"replies":[{"embeddable":true,"href":"https:\/\/keybox.nl\/es\/wp-json\/wp\/v2\/comments?post=552"}],"version-history":[{"count":5,"href":"https:\/\/keybox.nl\/es\/wp-json\/wp\/v2\/pages\/552\/revisions"}],"predecessor-version":[{"id":1646,"href":"https:\/\/keybox.nl\/es\/wp-json\/wp\/v2\/pages\/552\/revisions\/1646"}],"wp:attachment":[{"href":"https:\/\/keybox.nl\/es\/wp-json\/wp\/v2\/media?parent=552"}],"curies":[{"name":"wp","href":"https:\/\/api.w.org\/{rel}","templated":true}]}}