{"id":546,"date":"2022-03-11T10:28:42","date_gmt":"2022-03-11T10:28:42","guid":{"rendered":"http:\/\/keybox.nl\/?page_id=546"},"modified":"2023-07-25T09:18:39","modified_gmt":"2023-07-25T09:18:39","slug":"inbouwkluisjes-kopen","status":"publish","type":"page","link":"https:\/\/keybox.nl\/es\/inbouwkluisjes-kopen\/","title":{"rendered":"Comprar cajas fuertes empotradas"},"content":{"rendered":"<div class=\"wp-block-cover alignfull\" style=\"min-height:200px;aspect-ratio:unset;\"><span aria-hidden=\"true\" class=\"wp-block-cover__background has-background-dim-60 has-background-dim\"><\/span><img decoding=\"async\" width=\"1920\" height=\"2560\" class=\"wp-block-cover__image-background wp-image-126\" alt=\"Kluis\" src=\"http:\/\/keybox.nl\/wp-content\/uploads\/2021\/12\/KSB103-KSB005-4-scaled.jpg\" style=\"object-position:50% 50%\" data-object-fit=\"cover\" data-object-position=\"50% 50%\" srcset=\"https:\/\/keybox.nl\/wp-content\/uploads\/2021\/12\/KSB103-KSB005-4-scaled.jpg 1920w, https:\/\/keybox.nl\/wp-content\/uploads\/2021\/12\/KSB103-KSB005-4-416x555.jpg 416w, https:\/\/keybox.nl\/wp-content\/uploads\/2021\/12\/KSB103-KSB005-4-225x300.jpg 225w, https:\/\/keybox.nl\/wp-content\/uploads\/2021\/12\/KSB103-KSB005-4-768x1024.jpg 768w, https:\/\/keybox.nl\/wp-content\/uploads\/2021\/12\/KSB103-KSB005-4-1152x1536.jpg 1152w, https:\/\/keybox.nl\/wp-content\/uploads\/2021\/12\/KSB103-KSB005-4-1536x2048.jpg 1536w, https:\/\/keybox.nl\/wp-content\/uploads\/2021\/12\/KSB103-KSB005-4-1320x1760.jpg 1320w\" sizes=\"(max-width: 1920px) 100vw, 1920px\" \/><div class=\"wp-block-cover__inner-container is-layout-flow wp-block-cover-is-layout-flow\">\n<h1 class=\"wp-block-heading alignwide has-text-align-left has-white-color has-text-color\" style=\"font-size:40px\">Comprar cajas fuertes empotradas resistentes<\/h1>\n\n\n\n<div class=\"wp-block-columns alignwide is-layout-flex wp-container-core-columns-is-layout-28f84493 wp-block-columns-is-layout-flex\">\n<div class=\"wp-block-column is-layout-flow wp-block-column-is-layout-flow\" style=\"flex-basis:55%\">\n<div class=\"wp-block-buttons is-layout-flex wp-block-buttons-is-layout-flex\">\n<div class=\"wp-block-button cta-knop alignleft\"><a class=\"wp-block-button__link has-black-color has-white-background-color has-text-color has-background wp-element-button\" href=\"http:\/\/keybox.nl\/es\/\">A la tienda virtual<\/a><\/div>\n<\/div>\n<\/div>\n<\/div>\n<\/div><\/div>\n\n\n\n<div style=\"height:50px\" aria-hidden=\"true\" class=\"wp-block-spacer\"><\/div>\n\n\n\n<div class=\"wp-block-group alignfull is-content-justification-center is-layout-flex wp-container-core-group-is-layout-81a7f686 wp-block-group-is-layout-flex\">\n<p class=\"usps has-normal-font-size\">F\u00e1cil de usar<\/p>\n\n\n\n<p>\u2713 Resistente y seguro<\/p>\n\n\n\n<p>\u2713 Varios modelos<\/p>\n<\/div>\n\n\n\n<style>\nh1.entry-title {\ndisplay: none;\n}\n.cta-knop {\nmargin-left: 35px !important;\n}\n\n.cta-knop:hover {\nopacity: 0.75;\n}\n\n@media only screen and (max-width: 1064px) {\n.cta-knop {\nmargin-left: 0px !important;\n}\n\n.wp-block-group.alignfull {\n    display: flex;\n    flex-direction: column;\n}\n}\n<\/style>\n\n\n\n<div style=\"height:100px\" aria-hidden=\"true\" class=\"wp-block-spacer\"><\/div>\n\n\n\n<p class=\"has-text-align-left align-left has-black-color has-text-color has-normal-font-size\">\u00bfQuiere comprar cajas fuertes empotrables para su negocio? Nuestra tienda web ofrece varios modelos de cajas fuertes que se instalan en la pared. Como el sistema est\u00e1 en la pared, no se lo pueden llevar y es m\u00e1s resistente a los robos. En Keybox.es, puede comprar cajas fuertes empotrables en la pared de bajo coste para gestionar llaves, por ejemplo. Descubra m\u00e1s sobre nuestras cajas fuertes empotrables de pared aqu\u00ed.<\/p>\n\n\n\n<div style=\"height:100px\" aria-hidden=\"true\" class=\"wp-block-spacer\"><\/div>\n\n\n\n<div class=\"wp-block-group is-content-justification-center is-layout-flex wp-container-core-group-is-layout-81a7f686 wp-block-group-is-layout-flex\">\n<div class=\"wp-block-media-text alignwide is-stacked-on-mobile is-vertically-aligned-center\" style=\"grid-template-columns:40% auto\"><figure class=\"wp-block-media-text__media\"><img decoding=\"async\" width=\"1024\" height=\"1024\" src=\"http:\/\/keybox.nl\/wp-content\/uploads\/2021\/12\/KSB_102_1-1024x1024.jpg\" alt=\"\" class=\"wp-image-104 size-full\"\/><\/figure><div class=\"wp-block-media-text__content\">\n<h2 class=\"wp-block-heading has-text-color\" style=\"color:#000000;font-size:32px\">Comprar cajas fuertes empotrables fiables en l\u00ednea<\/h2>\n\n\n\n<p class=\"has-text-color has-normal-font-size\" style=\"color:#000000\">En nuestra empresa, encontrar\u00e1 productos innovadores y especialmente <a href=\"http:\/\/keybox.nl\/es\/\">armarios de seguridad para llaves<\/a>. Gracias a nuestro sistema inteligente, las llaves se depositan en el exterior de su negocio y se guardan dentro de las paredes. De este modo, su negocio no tiene que permanecer abierto para recibir llaves. Adem\u00e1s, las cajas fuertes empotradas en la pared que puede adquirir con nosotros son pr\u00e1cticamente imposibles de robar. Eche un vistazo a nuestra tienda web o pase por nuestra sucursal de Bussum para obtener una <a href=\"http:\/\/keybox.nl\/es\/goedkope-kluis-kopen\/\">comprar barato seguro<\/a> para tus llaves.<\/p>\n<\/div><\/div>\n<\/div>\n\n\n\n<div style=\"height:100px\" aria-hidden=\"true\" class=\"wp-block-spacer\"><\/div>\n\n\n\n<h2 class=\"wp-block-heading has-text-align-center\"><strong>\u00bfQuiere comprarnos una caja fuerte empotrada?<\/strong><\/h2>\n\n\n\n<div class=\"wp-block-buttons is-content-justification-center is-layout-flex wp-container-core-buttons-is-layout-a89b3969 wp-block-buttons-is-layout-flex\">\n<div class=\"wp-block-button is-style-outline is-style-outline--1\"><a class=\"wp-block-button__link wp-element-button\" href=\"http:\/\/keybox.nl\/es\/\">Ver la tienda virtual<\/a><\/div>\n<\/div>\n\n\n\n<div style=\"height:100px\" aria-hidden=\"true\" class=\"wp-block-spacer\"><\/div>\n\n\n\n<div class=\"wp-block-group is-content-justification-center is-layout-flex wp-container-core-group-is-layout-81a7f686 wp-block-group-is-layout-flex\">\n<div class=\"wp-block-media-text alignwide has-media-on-the-right is-stacked-on-mobile is-vertically-aligned-center\" style=\"grid-template-columns:auto 40%\"><div class=\"wp-block-media-text__content\">\n<h3 class=\"wp-block-heading has-text-color\" style=\"color:#000000;font-size:32px\"><strong>Gracias a nuestras cajas fuertes empotradas en la pared, sus llaves y pertenencias estar\u00e1n a salvo<\/strong><\/h3>\n\n\n\n<p class=\"has-text-color has-normal-font-size\" style=\"color:#000000\">En nuestra tienda <a href=\"http:\/\/keybox.nl\/es\/kluis-waardeberging-kopen\/\">comprar cajas fuertes con una alta retenci\u00f3n de valor<\/a>. Esto significa que puede guardar en ellas objetos de gran valor porque son especialmente seguras. Es aconsejable comprar cajas fuertes empotradas para los objetos de valor, porque son muy resistentes a los robos. Para llevarse una caja fuerte de este tipo, habr\u00eda que demoler la pared. Los ladrones no quieren llamar la atenci\u00f3n y por eso no se molestan. Por lo tanto, nuestras cajas fuertes empotradas en la pared son las mejores para guardar llaves. Usted elige si <a href=\"http:\/\/keybox.nl\/es\/sleutelkluis-buiten\/\">caja fuerte con llave exterior<\/a> o quieres instalarlo en el interior.<\/p>\n<\/div><figure class=\"wp-block-media-text__media\"><img decoding=\"async\" width=\"600\" height=\"800\" src=\"http:\/\/keybox.nl\/wp-content\/uploads\/2021\/12\/Extra-Armor-KSB.jpg\" alt=\"Kluis los\" class=\"wp-image-103 size-full\" srcset=\"https:\/\/keybox.nl\/wp-content\/uploads\/2021\/12\/Extra-Armor-KSB.jpg 600w, https:\/\/keybox.nl\/wp-content\/uploads\/2021\/12\/Extra-Armor-KSB-416x555.jpg 416w, https:\/\/keybox.nl\/wp-content\/uploads\/2021\/12\/Extra-Armor-KSB-225x300.jpg 225w\" sizes=\"(max-width: 600px) 100vw, 600px\" \/><\/figure><\/div>\n<\/div>\n\n\n\n<div style=\"height:50px\" aria-hidden=\"true\" class=\"wp-block-spacer\"><\/div>\n\n\n\n<h3 class=\"wp-block-heading has-black-color has-text-color\"><strong>Experimente la comodidad de nuestro sistema<\/strong><\/h3>\n\n\n\n<p>Facilite la gesti\u00f3n de las llaves comprando nuestras taquillas integradas. Guarde todas sus llaves de forma segura en un solo lugar y prot\u00e9jalas de los robos. Usted elige qu\u00e9 cajas fuertes de pared empotradas comprar para su negocio, pero tambi\u00e9n estaremos encantados de ofrecerle <a href=\"http:\/\/keybox.nl\/es\/advies-sleutelkluis-opvragen\/\">consejos sobre la caja fuerte ideal<\/a>. Deje sus preguntas o solicite un presupuesto a trav\u00e9s de <a href=\"http:\/\/keybox.nl\/es\/contact\/\">nuestro formulario de contacto<\/a>. Tambi\u00e9n puede utilizar este formulario para solicitar una visita.<\/p>\n\n\n\n<h2 class=\"wp-block-heading alignwide has-text-align-left form-titel\"><strong>\u00bfTiene preguntas sobre seguridad?<\/strong><\/h2>\n\n\n<div class=\"wp-block-jetpack-contact-form alignwide is-layout-flex wp-container-jetpack-contact-form-is-layout-2b4208ba wp-block-jetpack-contact-form-is-layout-flex\"><a href=\"https:\/\/keybox.nl\/es\/inbouwkluisjes-kopen\/\" target=\"_blank\" rel=\"noopener noreferrer\">Env\u00eda un formulario.<\/a><\/div>\n\n\n<p><\/p>","protected":false},"excerpt":{"rendered":"<p>\u2713 Gebruiksvriendelijk \u2713 Bestendig en veilig \u2713 Diverse modellen Wilt u inbouwkluisjes voor uw bedrijf kopen? In onze webshop zijn diverse modellen kluizen beschikbaar die u in de muur installeert. Doordat het systeem in de muur zit, kan het niet worden meegenomen en is het extra goed bestand tegen diefstal. Bij Keybox.nl kunt u voordelig [&hellip;]<\/p>\n","protected":false},"author":1,"featured_media":0,"parent":0,"menu_order":0,"comment_status":"closed","ping_status":"closed","template":"template-fullwidth.php","meta":{"footnotes":""},"class_list":["post-546","page","type-page","status-publish","hentry"],"yoast_head":"<!-- This site is optimized with the Yoast SEO plugin v27.4 - https:\/\/yoast.com\/product\/yoast-seo-wordpress\/ -->\n<title>Handige inbouwkluisjes kopen -<\/title>\n<meta name=\"description\" content=\"Voordelige en stevige inbouwkluisjes kunt u bij onze firma kopen. Deze kluizen zijn gebruiksvriendelijk en inbraakwerend. Vraag een offerte aan!\" \/>\n<meta name=\"robots\" content=\"index, follow, max-snippet:-1, max-image-preview:large, max-video-preview:-1\" \/>\n<link rel=\"canonical\" href=\"https:\/\/keybox.nl\/es\/inbouwkluisjes-kopen\/\" \/>\n<meta property=\"og:locale\" content=\"es_ES\" \/>\n<meta property=\"og:type\" content=\"article\" \/>\n<meta property=\"og:title\" content=\"Handige inbouwkluisjes kopen -\" \/>\n<meta property=\"og:description\" content=\"Voordelige en stevige inbouwkluisjes kunt u bij onze firma kopen. Deze kluizen zijn gebruiksvriendelijk en inbraakwerend. Vraag een offerte aan!\" \/>\n<meta property=\"og:url\" content=\"https:\/\/keybox.nl\/es\/inbouwkluisjes-kopen\/\" \/>\n<meta property=\"article:modified_time\" content=\"2023-07-25T09:18:39+00:00\" \/>\n<meta property=\"og:image\" content=\"http:\/\/keybox.nl\/wp-content\/uploads\/2021\/12\/KSB103-KSB005-4-scaled.jpg\" \/>\n<meta name=\"twitter:card\" content=\"summary_large_image\" \/>\n<meta name=\"twitter:label1\" content=\"Tiempo de lectura\" \/>\n\t<meta name=\"twitter:data1\" content=\"3 minutos\" \/>\n<script type=\"application\/ld+json\" class=\"yoast-schema-graph\">{\"@context\":\"https:\\\/\\\/schema.org\",\"@graph\":[{\"@type\":\"WebPage\",\"@id\":\"https:\\\/\\\/keybox.nl\\\/inbouwkluisjes-kopen\\\/\",\"url\":\"https:\\\/\\\/keybox.nl\\\/inbouwkluisjes-kopen\\\/\",\"name\":\"Handige inbouwkluisjes kopen -\",\"isPartOf\":{\"@id\":\"https:\\\/\\\/keybox.nl\\\/#website\"},\"primaryImageOfPage\":{\"@id\":\"https:\\\/\\\/keybox.nl\\\/inbouwkluisjes-kopen\\\/#primaryimage\"},\"image\":{\"@id\":\"https:\\\/\\\/keybox.nl\\\/inbouwkluisjes-kopen\\\/#primaryimage\"},\"thumbnailUrl\":\"http:\\\/\\\/keybox.nl\\\/wp-content\\\/uploads\\\/2021\\\/12\\\/KSB103-KSB005-4-scaled.jpg\",\"datePublished\":\"2022-03-11T10:28:42+00:00\",\"dateModified\":\"2023-07-25T09:18:39+00:00\",\"description\":\"Voordelige en stevige inbouwkluisjes kunt u bij onze firma kopen. Deze kluizen zijn gebruiksvriendelijk en inbraakwerend. Vraag een offerte aan!\",\"breadcrumb\":{\"@id\":\"https:\\\/\\\/keybox.nl\\\/inbouwkluisjes-kopen\\\/#breadcrumb\"},\"inLanguage\":\"es\",\"potentialAction\":[{\"@type\":\"ReadAction\",\"target\":[\"https:\\\/\\\/keybox.nl\\\/inbouwkluisjes-kopen\\\/\"]}]},{\"@type\":\"ImageObject\",\"inLanguage\":\"es\",\"@id\":\"https:\\\/\\\/keybox.nl\\\/inbouwkluisjes-kopen\\\/#primaryimage\",\"url\":\"http:\\\/\\\/keybox.nl\\\/wp-content\\\/uploads\\\/2021\\\/12\\\/KSB103-KSB005-4-scaled.jpg\",\"contentUrl\":\"http:\\\/\\\/keybox.nl\\\/wp-content\\\/uploads\\\/2021\\\/12\\\/KSB103-KSB005-4-scaled.jpg\"},{\"@type\":\"BreadcrumbList\",\"@id\":\"https:\\\/\\\/keybox.nl\\\/inbouwkluisjes-kopen\\\/#breadcrumb\",\"itemListElement\":[{\"@type\":\"ListItem\",\"position\":1,\"name\":\"Home\",\"item\":\"https:\\\/\\\/keybox.nl\\\/\"},{\"@type\":\"ListItem\",\"position\":2,\"name\":\"Inbouwkluisjes kopen\"}]},{\"@type\":\"WebSite\",\"@id\":\"https:\\\/\\\/keybox.nl\\\/#website\",\"url\":\"https:\\\/\\\/keybox.nl\\\/\",\"name\":\"\",\"description\":\"\",\"potentialAction\":[{\"@type\":\"SearchAction\",\"target\":{\"@type\":\"EntryPoint\",\"urlTemplate\":\"https:\\\/\\\/keybox.nl\\\/?s={search_term_string}\"},\"query-input\":{\"@type\":\"PropertyValueSpecification\",\"valueRequired\":true,\"valueName\":\"search_term_string\"}}],\"inLanguage\":\"es\"}]}<\/script>\n<!-- \/ Yoast SEO plugin. -->","yoast_head_json":{"title":"Comprar pr\u00e1cticas cajas fuertes empotradas -","description":"En nuestra empresa puede comprar cajas fuertes empotradas econ\u00f3micas y resistentes. Estas cajas fuertes son f\u00e1ciles de usar y resistentes a los robos. \u00a1Pida una oferta!","robots":{"index":"index","follow":"follow","max-snippet":"max-snippet:-1","max-image-preview":"max-image-preview:large","max-video-preview":"max-video-preview:-1"},"canonical":"https:\/\/keybox.nl\/es\/inbouwkluisjes-kopen\/","og_locale":"es_ES","og_type":"article","og_title":"Handige inbouwkluisjes kopen -","og_description":"Voordelige en stevige inbouwkluisjes kunt u bij onze firma kopen. Deze kluizen zijn gebruiksvriendelijk en inbraakwerend. Vraag een offerte aan!","og_url":"https:\/\/keybox.nl\/es\/inbouwkluisjes-kopen\/","article_modified_time":"2023-07-25T09:18:39+00:00","og_image":[{"url":"http:\/\/keybox.nl\/wp-content\/uploads\/2021\/12\/KSB103-KSB005-4-scaled.jpg","type":"","width":"","height":""}],"twitter_card":"summary_large_image","twitter_misc":{"Tiempo de lectura":"3 minutos"},"schema":{"@context":"https:\/\/schema.org","@graph":[{"@type":"WebPage","@id":"https:\/\/keybox.nl\/inbouwkluisjes-kopen\/","url":"https:\/\/keybox.nl\/inbouwkluisjes-kopen\/","name":"Comprar pr\u00e1cticas cajas fuertes empotradas -","isPartOf":{"@id":"https:\/\/keybox.nl\/#website"},"primaryImageOfPage":{"@id":"https:\/\/keybox.nl\/inbouwkluisjes-kopen\/#primaryimage"},"image":{"@id":"https:\/\/keybox.nl\/inbouwkluisjes-kopen\/#primaryimage"},"thumbnailUrl":"http:\/\/keybox.nl\/wp-content\/uploads\/2021\/12\/KSB103-KSB005-4-scaled.jpg","datePublished":"2022-03-11T10:28:42+00:00","dateModified":"2023-07-25T09:18:39+00:00","description":"En nuestra empresa puede comprar cajas fuertes empotradas econ\u00f3micas y resistentes. Estas cajas fuertes son f\u00e1ciles de usar y resistentes a los robos. \u00a1Pida una oferta!","breadcrumb":{"@id":"https:\/\/keybox.nl\/inbouwkluisjes-kopen\/#breadcrumb"},"inLanguage":"es","potentialAction":[{"@type":"ReadAction","target":["https:\/\/keybox.nl\/inbouwkluisjes-kopen\/"]}]},{"@type":"ImageObject","inLanguage":"es","@id":"https:\/\/keybox.nl\/inbouwkluisjes-kopen\/#primaryimage","url":"http:\/\/keybox.nl\/wp-content\/uploads\/2021\/12\/KSB103-KSB005-4-scaled.jpg","contentUrl":"http:\/\/keybox.nl\/wp-content\/uploads\/2021\/12\/KSB103-KSB005-4-scaled.jpg"},{"@type":"BreadcrumbList","@id":"https:\/\/keybox.nl\/inbouwkluisjes-kopen\/#breadcrumb","itemListElement":[{"@type":"ListItem","position":1,"name":"Home","item":"https:\/\/keybox.nl\/"},{"@type":"ListItem","position":2,"name":"Inbouwkluisjes kopen"}]},{"@type":"WebSite","@id":"https:\/\/keybox.nl\/#website","url":"https:\/\/keybox.nl\/","name":"","description":"","potentialAction":[{"@type":"SearchAction","target":{"@type":"EntryPoint","urlTemplate":"https:\/\/keybox.nl\/?s={search_term_string}"},"query-input":{"@type":"PropertyValueSpecification","valueRequired":true,"valueName":"search_term_string"}}],"inLanguage":"es"}]}},"jetpack-related-posts":[{"id":556,"url":"https:\/\/keybox.nl\/es\/kleine-sleutelkluisjes-kopen\/","url_meta":{"origin":546,"position":0},"title":"Comprar cajas fuertes para llaves peque\u00f1as","author":"Keybox@beheermodule","date":"11 marzo 2022","format":false,"excerpt":"Comprar cajas fuertes para llaves peque\u00f1as fiables \u00a1En la tienda web! \u2713 F\u00e1cil de usar \u2713 Resistente y segura \u2713 Varios modelos Con nosotros, puedes comprar cajas fuertes para llaves peque\u00f1as para guardar tus llaves de forma segura. Keybox.es ofrece todo tipo de cajas fuertes, como una caja fuerte para llaves peque\u00f1as, que puedes comprar f\u00e1cilmente online. Gracias a nuestra...","rel":"","context":"Entrada similar","block_context":{"text":"Entrada similar","link":""},"img":{"alt_text":"","src":"https:\/\/i0.wp.com\/keybox.nl\/wp-content\/uploads\/2022\/12\/Keysafe_Original_keybox_sleutelkluis.jpg?resize=350%2C200&ssl=1","width":350,"height":200,"srcset":"https:\/\/i0.wp.com\/keybox.nl\/wp-content\/uploads\/2022\/12\/Keysafe_Original_keybox_sleutelkluis.jpg?resize=350%2C200&ssl=1 1x, https:\/\/i0.wp.com\/keybox.nl\/wp-content\/uploads\/2022\/12\/Keysafe_Original_keybox_sleutelkluis.jpg?resize=525%2C300&ssl=1 1.5x, https:\/\/i0.wp.com\/keybox.nl\/wp-content\/uploads\/2022\/12\/Keysafe_Original_keybox_sleutelkluis.jpg?resize=700%2C400&ssl=1 2x"},"classes":[]},{"id":326,"url":"https:\/\/keybox.nl\/es\/goedkope-kluis-kopen\/","url_meta":{"origin":546,"position":1},"title":"Comprar barato seguro","author":"Keybox@beheermodule","date":"3 marzo 2022","format":false,"excerpt":"Compra una caja fuerte barata y de alta calidad \u00a1En la tienda online! \u2713 F\u00e1cil de usar \u2713 Resistente y segura \u2713 Varios modelos En Keybox.es, puede comprar una caja fuerte barata y resistente para su negocio. Gracias a nuestras cajas fuertes, podr\u00e1s mantener la emisi\u00f3n de llaves segura en todo momento. Adem\u00e1s, no es necesario que nadie est\u00e9 presente para...","rel":"","context":"Entrada similar","block_context":{"text":"Entrada similar","link":""},"img":{"alt_text":"","src":"https:\/\/i0.wp.com\/keybox.nl\/wp-content\/uploads\/2021\/12\/KSB_102_1-e1638478691321.jpg?resize=350%2C200&ssl=1","width":350,"height":200,"srcset":"https:\/\/i0.wp.com\/keybox.nl\/wp-content\/uploads\/2021\/12\/KSB_102_1-e1638478691321.jpg?resize=350%2C200&ssl=1 1x, https:\/\/i0.wp.com\/keybox.nl\/wp-content\/uploads\/2021\/12\/KSB_102_1-e1638478691321.jpg?resize=525%2C300&ssl=1 1.5x, https:\/\/i0.wp.com\/keybox.nl\/wp-content\/uploads\/2021\/12\/KSB_102_1-e1638478691321.jpg?resize=700%2C400&ssl=1 2x"},"classes":[]},{"id":554,"url":"https:\/\/keybox.nl\/es\/kluis-waardeberging-kopen-2\/","url_meta":{"origin":546,"position":2},"title":"Comprar caja fuerte","author":"Keybox@beheermodule","date":"11 marzo 2022","format":false,"excerpt":"Comprar una caja fuerte de alta seguridad \u00a1A la tienda online! \u2713 F\u00e1cil de usar \u2713 Resistente y segura \u2713 Varios modelos Para posesiones incre\u00edblemente valiosas, deber\u00edas comprar una caja fuerte con un almacenamiento de alto valor. Cuanto mayor sea el almacenamiento de valor, m\u00e1s resistente ser\u00e1 la caja fuerte a los robos. Nosotros en Keybox.nl en Bussum...","rel":"","context":"Entrada similar","block_context":{"text":"Entrada similar","link":""},"img":{"alt_text":"kluis peugeot","src":"https:\/\/i0.wp.com\/keybox.nl\/wp-content\/uploads\/2022\/02\/KSB007-Peugeot-scaled-e1643751089776.jpg?resize=350%2C200&ssl=1","width":350,"height":200,"srcset":"https:\/\/i0.wp.com\/keybox.nl\/wp-content\/uploads\/2022\/02\/KSB007-Peugeot-scaled-e1643751089776.jpg?resize=350%2C200&ssl=1 1x, https:\/\/i0.wp.com\/keybox.nl\/wp-content\/uploads\/2022\/02\/KSB007-Peugeot-scaled-e1643751089776.jpg?resize=525%2C300&ssl=1 1.5x"},"classes":[]},{"id":552,"url":"https:\/\/keybox.nl\/es\/kluis-waardeberging-kopen\/","url_meta":{"origin":546,"position":3},"title":"Comprar caja fuerte","author":"Keybox@beheermodule","date":"11 marzo 2022","format":false,"excerpt":"Comprar una caja fuerte de alta seguridad \u00a1A la tienda online! \u2713 F\u00e1cil de usar \u2713 Resistente y segura \u2713 Varios modelos Para las posesiones de gran valor, deber\u00edas comprar una caja fuerte con una gran capacidad de almacenamiento. El valor m\u00e1ximo de almacenamiento de una caja fuerte indica hasta qu\u00e9 cantidad est\u00e1 asegurado el contenido de tu caja fuerte....","rel":"","context":"Entrada similar","block_context":{"text":"Entrada similar","link":""},"img":{"alt_text":"","src":"https:\/\/i0.wp.com\/keybox.nl\/wp-content\/uploads\/2021\/12\/KSB_102_1-e1638478691321.jpg?resize=350%2C200&ssl=1","width":350,"height":200,"srcset":"https:\/\/i0.wp.com\/keybox.nl\/wp-content\/uploads\/2021\/12\/KSB_102_1-e1638478691321.jpg?resize=350%2C200&ssl=1 1x, https:\/\/i0.wp.com\/keybox.nl\/wp-content\/uploads\/2021\/12\/KSB_102_1-e1638478691321.jpg?resize=525%2C300&ssl=1 1.5x, https:\/\/i0.wp.com\/keybox.nl\/wp-content\/uploads\/2021\/12\/KSB_102_1-e1638478691321.jpg?resize=700%2C400&ssl=1 2x"},"classes":[]},{"id":30,"url":"https:\/\/keybox.nl\/es\/","url_meta":{"origin":546,"position":4},"title":"Comprar armarios seguros para llaves","author":"Keybox@beheermodule","date":"30 noviembre 2021","format":false,"excerpt":"En Keybox.es, puede comprar una caja fuerte robusta o cajas fuertes con llave segura, entre otras cosas. Ofrecemos varios tipos de cajas fuertes; desde sutiles cajas fuertes para llaves hasta cajas fuertes de pared con rueda de dep\u00f3sito. Con nosotros, puede encargar una caja fuerte para su negocio, pero tambi\u00e9n para su hogar. Gracias a nuestra amplia gama de cajas fuertes con llave,...","rel":"","context":"Con 1 comentario","block_context":{"text":"Con 1 comentario","link":"https:\/\/keybox.nl\/es\/#comments"},"img":{"alt_text":"","src":"","width":0,"height":0},"classes":[]},{"id":540,"url":"https:\/\/keybox.nl\/es\/afstortkluis-bestellen\/","url_meta":{"origin":546,"position":5},"title":"Pedir una caja fuerte","author":"Keybox@beheermodule","date":"11 marzo 2022","format":false,"excerpt":"Pida una caja fuerte de dep\u00f3sito \u00a1A la tienda web! \u2713 F\u00e1cil de usar \u2713 Resistente y segura \u2713 Varios modelos Una caja fuerte de dep\u00f3sito es una opci\u00f3n ideal para encargar cuando desea guardar llaves u otros objetos peque\u00f1os de forma segura en su negocio. Gracias al sistema de dep\u00f3sito inteligente y a las paredes de madera maciza, nuestras cajas fuertes...","rel":"","context":"Entrada similar","block_context":{"text":"Entrada similar","link":""},"img":{"alt_text":"","src":"https:\/\/i0.wp.com\/keybox.nl\/wp-content\/uploads\/2022\/01\/IMG_5363-scaled-e1643386544179.jpg?resize=350%2C200&ssl=1","width":350,"height":200},"classes":[]}],"jetpack_sharing_enabled":true,"_links":{"self":[{"href":"https:\/\/keybox.nl\/es\/wp-json\/wp\/v2\/pages\/546","targetHints":{"allow":["GET"]}}],"collection":[{"href":"https:\/\/keybox.nl\/es\/wp-json\/wp\/v2\/pages"}],"about":[{"href":"https:\/\/keybox.nl\/es\/wp-json\/wp\/v2\/types\/page"}],"author":[{"embeddable":true,"href":"https:\/\/keybox.nl\/es\/wp-json\/wp\/v2\/users\/1"}],"replies":[{"embeddable":true,"href":"https:\/\/keybox.nl\/es\/wp-json\/wp\/v2\/comments?post=546"}],"version-history":[{"count":8,"href":"https:\/\/keybox.nl\/es\/wp-json\/wp\/v2\/pages\/546\/revisions"}],"predecessor-version":[{"id":1642,"href":"https:\/\/keybox.nl\/es\/wp-json\/wp\/v2\/pages\/546\/revisions\/1642"}],"wp:attachment":[{"href":"https:\/\/keybox.nl\/es\/wp-json\/wp\/v2\/media?parent=546"}],"curies":[{"name":"wp","href":"https:\/\/api.w.org\/{rel}","templated":true}]}}