{"id":538,"date":"2022-03-11T10:20:05","date_gmt":"2022-03-11T10:20:05","guid":{"rendered":"http:\/\/keybox.nl\/?page_id=538"},"modified":"2023-07-25T09:01:19","modified_gmt":"2023-07-25T09:01:19","slug":"kluis-kopen-voor-thuis","status":"publish","type":"page","link":"https:\/\/keybox.nl\/es\/kluis-kopen-voor-thuis\/","title":{"rendered":"Comprar caja fuerte para casa"},"content":{"rendered":"<div class=\"wp-block-cover alignfull\" style=\"min-height:200px;aspect-ratio:unset;\"><span aria-hidden=\"true\" class=\"wp-block-cover__background has-background-dim-60 has-background-dim\"><\/span><img decoding=\"async\" width=\"1920\" height=\"2560\" class=\"wp-block-cover__image-background wp-image-126\" alt=\"Kluis\" src=\"http:\/\/keybox.nl\/wp-content\/uploads\/2021\/12\/KSB103-KSB005-4-scaled.jpg\" style=\"object-position:50% 50%\" data-object-fit=\"cover\" data-object-position=\"50% 50%\" srcset=\"https:\/\/keybox.nl\/wp-content\/uploads\/2021\/12\/KSB103-KSB005-4-scaled.jpg 1920w, https:\/\/keybox.nl\/wp-content\/uploads\/2021\/12\/KSB103-KSB005-4-416x555.jpg 416w, https:\/\/keybox.nl\/wp-content\/uploads\/2021\/12\/KSB103-KSB005-4-225x300.jpg 225w, https:\/\/keybox.nl\/wp-content\/uploads\/2021\/12\/KSB103-KSB005-4-768x1024.jpg 768w, https:\/\/keybox.nl\/wp-content\/uploads\/2021\/12\/KSB103-KSB005-4-1152x1536.jpg 1152w, https:\/\/keybox.nl\/wp-content\/uploads\/2021\/12\/KSB103-KSB005-4-1536x2048.jpg 1536w, https:\/\/keybox.nl\/wp-content\/uploads\/2021\/12\/KSB103-KSB005-4-1320x1760.jpg 1320w\" sizes=\"(max-width: 1920px) 100vw, 1920px\" \/><div class=\"wp-block-cover__inner-container is-layout-flow wp-block-cover-is-layout-flow\">\n<h1 class=\"wp-block-heading alignwide has-text-align-left has-white-color has-text-color\" style=\"font-size:40px\">Comprar una caja fuerte resistente para su hogar<\/h1>\n\n\n\n<div class=\"wp-block-columns alignwide is-layout-flex wp-container-core-columns-is-layout-28f84493 wp-block-columns-is-layout-flex\">\n<div class=\"wp-block-column is-layout-flow wp-block-column-is-layout-flow\" style=\"flex-basis:55%\">\n<div class=\"wp-block-buttons is-layout-flex wp-block-buttons-is-layout-flex\">\n<div class=\"wp-block-button cta-knop alignleft\"><a class=\"wp-block-button__link has-black-color has-white-background-color has-text-color has-background wp-element-button\" href=\"http:\/\/keybox.nl\/es\/\">A la tienda virtual<\/a><\/div>\n<\/div>\n<\/div>\n<\/div>\n<\/div><\/div>\n\n\n\n<div style=\"height:50px\" aria-hidden=\"true\" class=\"wp-block-spacer\"><\/div>\n\n\n\n<div class=\"wp-block-group alignfull is-content-justification-center is-layout-flex wp-container-core-group-is-layout-81a7f686 wp-block-group-is-layout-flex\">\n<p class=\"usps has-normal-font-size\">F\u00e1cil de usar<\/p>\n\n\n\n<p>\u2713 Resistente y seguro<\/p>\n\n\n\n<p>\u2713 Varios modelos<\/p>\n<\/div>\n\n\n\n<style>\nh1.entry-title {\ndisplay: none;\n}\n\n.cta-knop {\nmargin-left: 35px !important;\n}\n\n.cta-knop:hover {\nopacity: 0.75;\n}\n\n@media only screen and (max-width: 1064px) {\n.cta-knop {\nmargin-left: 0px !important;\n}\n\n.wp-block-group.alignfull {\n    display: flex;\n    flex-direction: column;\n}\n}\n<\/style>\n\n\n\n<div style=\"height:100px\" aria-hidden=\"true\" class=\"wp-block-spacer\"><\/div>\n\n\n\n<p class=\"has-text-align-left align-left has-black-color has-text-color has-normal-font-size\">\u00bfQuiere comprar una pr\u00e1ctica caja fuerte para el hogar? Entonces Keybox.es tiene lo que est\u00e1 buscando. Las cajas fuertes dom\u00e9sticas son algo m\u00e1s peque\u00f1as y no requieren una gran instalaci\u00f3n, por lo que son ideales para uso privado. Proteja sus llaves del robo con una caja fuerte resistente. Entre otras, ofrecemos cajas fuertes con espacio para guardar varias llaves.<\/p>\n\n\n\n<div style=\"height:100px\" aria-hidden=\"true\" class=\"wp-block-spacer\"><\/div>\n\n\n\n<div class=\"wp-block-group is-content-justification-center is-layout-flex wp-container-core-group-is-layout-81a7f686 wp-block-group-is-layout-flex\">\n<div class=\"wp-block-media-text alignwide is-stacked-on-mobile is-vertically-aligned-center\" style=\"grid-template-columns:40% auto\"><figure class=\"wp-block-media-text__media\"><img decoding=\"async\" width=\"768\" height=\"1024\" src=\"http:\/\/keybox.nl\/wp-content\/uploads\/2022\/01\/KSB007-inner-safe-2-768x1024.jpg\" alt=\"\" class=\"wp-image-262 size-full\"\/><\/figure><div class=\"wp-block-media-text__content\">\n<h2 class=\"wp-block-heading has-text-color\" style=\"color:#000000;font-size:32px\">Comprar una caja fuerte para los objetos de valor de su casa<\/h2>\n\n\n\n<p class=\"has-text-color has-normal-font-size\" style=\"color:#000000\">Con nosotros puede <a href=\"http:\/\/keybox.nl\/es\/\">comprar cajas de llaves seguras<\/a>. Ofrecemos varios dise\u00f1os con diferentes tipos de cerraduras. Por ejemplo, puede <a href=\"http:\/\/keybox.nl\/es\/sleutelkastjes-met-code-kopen\/\">Comprar armarios de llaves con c\u00f3digo<\/a> para asegurar sus llaves. Adem\u00e1s, ofrecemos <a href=\"http:\/\/keybox.nl\/es\/brandkluis-voor-thuis\/\">cajas fuertes contra incendios para el hogar<\/a> a. Ambos tipos de cajas fuertes son incre\u00edblemente f\u00e1ciles de usar y de instalar. Adem\u00e1s, contamos con nuestro propio equipo de montaje e instalaci\u00f3n, para que no tenga que encargarse usted mismo. Disponemos de cajas fuertes con espacio para varias llaves, as\u00ed como de modelos peque\u00f1os para un solo par de llaves. En nuestra amplia gama, le garantizamos que encontrar\u00e1 la caja fuerte perfecta para su hogar.<\/p>\n<\/div><\/div>\n<\/div>\n\n\n\n<div style=\"height:100px\" aria-hidden=\"true\" class=\"wp-block-spacer\"><\/div>\n\n\n\n<h2 class=\"wp-block-heading has-text-align-center\"><strong>\u00bfLe interesa comprarnos una caja fuerte para su hogar?<\/strong><\/h2>\n\n\n\n<div class=\"wp-block-buttons is-content-justification-center is-layout-flex wp-container-core-buttons-is-layout-a89b3969 wp-block-buttons-is-layout-flex\">\n<div class=\"wp-block-button is-style-outline is-style-outline--1\"><a class=\"wp-block-button__link wp-element-button\" href=\"http:\/\/keybox.nl\/es\/\">Ver la tienda virtual<\/a><\/div>\n<\/div>\n\n\n\n<div style=\"height:100px\" aria-hidden=\"true\" class=\"wp-block-spacer\"><\/div>\n\n\n\n<div class=\"wp-block-group is-content-justification-center is-layout-flex wp-container-core-group-is-layout-81a7f686 wp-block-group-is-layout-flex\">\n<div class=\"wp-block-media-text alignwide has-media-on-the-right is-stacked-on-mobile is-vertically-aligned-center\" style=\"grid-template-columns:auto 30%\"><div class=\"wp-block-media-text__content\">\n<h3 class=\"wp-block-heading has-text-color\" style=\"color:#000000;font-size:32px\"><strong>Pedir almacenamiento seguro<\/strong><\/h3>\n\n\n\n<p class=\"has-text-color has-normal-font-size\" style=\"color:#000000\">Al comprar una caja fuerte para tus llaves y otros objetos de valor, los proteges incluso cuando no est\u00e1s en casa. Elija el modelo que m\u00e1s le convenga y haga su pedido. \u00bfQuiere nuestra <a href=\"http:\/\/keybox.nl\/es\/inbraakwerende-kluis-kopen\/\">cajas fuertes antirrobo<\/a> \u00bfquieres verlo en vivo antes de elegir? Entonces <a href=\"http:\/\/keybox.nl\/es\/contact\/\">Contacto<\/a> para concertar una cita en nuestra sala de exposici\u00f3n de Bussum.<\/p>\n<\/div><figure class=\"wp-block-media-text__media\"><img decoding=\"async\" width=\"600\" height=\"800\" src=\"http:\/\/keybox.nl\/wp-content\/uploads\/2021\/12\/Extra-Armor-KSB.jpg\" alt=\"Kluis los\" class=\"wp-image-103 size-full\" srcset=\"https:\/\/keybox.nl\/wp-content\/uploads\/2021\/12\/Extra-Armor-KSB.jpg 600w, https:\/\/keybox.nl\/wp-content\/uploads\/2021\/12\/Extra-Armor-KSB-416x555.jpg 416w, https:\/\/keybox.nl\/wp-content\/uploads\/2021\/12\/Extra-Armor-KSB-225x300.jpg 225w\" sizes=\"(max-width: 600px) 100vw, 600px\" \/><\/figure><\/div>\n<\/div>\n\n\n\n<div style=\"height:50px\" aria-hidden=\"true\" class=\"wp-block-spacer\"><\/div>\n\n\n\n<h2 class=\"wp-block-heading alignwide has-text-align-left form-titel\"><strong>\u00bfTiene preguntas sobre seguridad?<\/strong><\/h2>\n\n\n<div class=\"wp-block-jetpack-contact-form alignwide is-layout-flex wp-container-jetpack-contact-form-is-layout-2b4208ba wp-block-jetpack-contact-form-is-layout-flex\"><a href=\"https:\/\/keybox.nl\/es\/kluis-kopen-voor-thuis\/\" target=\"_blank\" rel=\"noopener noreferrer\">Env\u00eda un formulario.<\/a><\/div>\n\n\n<p><\/p>","protected":false},"excerpt":{"rendered":"<p>\u2713 Gebruiksvriendelijk \u2713 Bestendig en veilig \u2713 Diverse modellen Wilt u graag een handige kluis kopen voor thuis? Dan heeft Keybox.nl wat u zoekt. Kluisjes voor thuis zijn wat kleiner en vergen geen uitgebreide installatie, waardoor ze ideaal zijn voor particulier gebruik. Bescherm uw sleutels tegen diefstal met een bestendige kluis. Wij bieden onder andere [&hellip;]<\/p>\n","protected":false},"author":1,"featured_media":0,"parent":0,"menu_order":0,"comment_status":"closed","ping_status":"closed","template":"template-fullwidth.php","meta":{"footnotes":""},"class_list":["post-538","page","type-page","status-publish","hentry"],"yoast_head":"<!-- This site is optimized with the Yoast SEO plugin v27.4 - https:\/\/yoast.com\/product\/yoast-seo-wordpress\/ -->\n<title>Een veilige kluis kopen voor thuis -<\/title>\n<meta name=\"description\" content=\"Bij onze firma kunt u een kluis kopen die geschikt is voor thuis. Bestel een model dat perfect bij u past of neem contact met ons op voor advies.\" \/>\n<meta name=\"robots\" content=\"index, follow, max-snippet:-1, max-image-preview:large, max-video-preview:-1\" \/>\n<link rel=\"canonical\" href=\"https:\/\/keybox.nl\/es\/kluis-kopen-voor-thuis\/\" \/>\n<meta property=\"og:locale\" content=\"es_ES\" \/>\n<meta property=\"og:type\" content=\"article\" \/>\n<meta property=\"og:title\" content=\"Een veilige kluis kopen voor thuis -\" \/>\n<meta property=\"og:description\" content=\"Bij onze firma kunt u een kluis kopen die geschikt is voor thuis. Bestel een model dat perfect bij u past of neem contact met ons op voor advies.\" \/>\n<meta property=\"og:url\" content=\"https:\/\/keybox.nl\/es\/kluis-kopen-voor-thuis\/\" \/>\n<meta property=\"article:modified_time\" content=\"2023-07-25T09:01:19+00:00\" \/>\n<meta property=\"og:image\" content=\"http:\/\/keybox.nl\/wp-content\/uploads\/2021\/12\/KSB103-KSB005-4-scaled.jpg\" \/>\n<meta name=\"twitter:card\" content=\"summary_large_image\" \/>\n<meta name=\"twitter:label1\" content=\"Tiempo de lectura\" \/>\n\t<meta name=\"twitter:data1\" content=\"2 minutos\" \/>\n<script type=\"application\/ld+json\" class=\"yoast-schema-graph\">{\"@context\":\"https:\\\/\\\/schema.org\",\"@graph\":[{\"@type\":\"WebPage\",\"@id\":\"https:\\\/\\\/keybox.nl\\\/kluis-kopen-voor-thuis\\\/\",\"url\":\"https:\\\/\\\/keybox.nl\\\/kluis-kopen-voor-thuis\\\/\",\"name\":\"Een veilige kluis kopen voor thuis -\",\"isPartOf\":{\"@id\":\"https:\\\/\\\/keybox.nl\\\/#website\"},\"primaryImageOfPage\":{\"@id\":\"https:\\\/\\\/keybox.nl\\\/kluis-kopen-voor-thuis\\\/#primaryimage\"},\"image\":{\"@id\":\"https:\\\/\\\/keybox.nl\\\/kluis-kopen-voor-thuis\\\/#primaryimage\"},\"thumbnailUrl\":\"http:\\\/\\\/keybox.nl\\\/wp-content\\\/uploads\\\/2021\\\/12\\\/KSB103-KSB005-4-scaled.jpg\",\"datePublished\":\"2022-03-11T10:20:05+00:00\",\"dateModified\":\"2023-07-25T09:01:19+00:00\",\"description\":\"Bij onze firma kunt u een kluis kopen die geschikt is voor thuis. Bestel een model dat perfect bij u past of neem contact met ons op voor advies.\",\"breadcrumb\":{\"@id\":\"https:\\\/\\\/keybox.nl\\\/kluis-kopen-voor-thuis\\\/#breadcrumb\"},\"inLanguage\":\"es\",\"potentialAction\":[{\"@type\":\"ReadAction\",\"target\":[\"https:\\\/\\\/keybox.nl\\\/kluis-kopen-voor-thuis\\\/\"]}]},{\"@type\":\"ImageObject\",\"inLanguage\":\"es\",\"@id\":\"https:\\\/\\\/keybox.nl\\\/kluis-kopen-voor-thuis\\\/#primaryimage\",\"url\":\"http:\\\/\\\/keybox.nl\\\/wp-content\\\/uploads\\\/2021\\\/12\\\/KSB103-KSB005-4-scaled.jpg\",\"contentUrl\":\"http:\\\/\\\/keybox.nl\\\/wp-content\\\/uploads\\\/2021\\\/12\\\/KSB103-KSB005-4-scaled.jpg\"},{\"@type\":\"BreadcrumbList\",\"@id\":\"https:\\\/\\\/keybox.nl\\\/kluis-kopen-voor-thuis\\\/#breadcrumb\",\"itemListElement\":[{\"@type\":\"ListItem\",\"position\":1,\"name\":\"Home\",\"item\":\"https:\\\/\\\/keybox.nl\\\/\"},{\"@type\":\"ListItem\",\"position\":2,\"name\":\"Kluis kopen voor thuis\"}]},{\"@type\":\"WebSite\",\"@id\":\"https:\\\/\\\/keybox.nl\\\/#website\",\"url\":\"https:\\\/\\\/keybox.nl\\\/\",\"name\":\"\",\"description\":\"\",\"potentialAction\":[{\"@type\":\"SearchAction\",\"target\":{\"@type\":\"EntryPoint\",\"urlTemplate\":\"https:\\\/\\\/keybox.nl\\\/?s={search_term_string}\"},\"query-input\":{\"@type\":\"PropertyValueSpecification\",\"valueRequired\":true,\"valueName\":\"search_term_string\"}}],\"inLanguage\":\"es\"}]}<\/script>\n<!-- \/ Yoast SEO plugin. -->","yoast_head_json":{"title":"Comprar una caja fuerte segura para su hogar -","description":"En nuestra empresa puede comprar una caja fuerte adecuada para su hogar. Pida un modelo que se adapte perfectamente a sus necesidades o p\u00f3ngase en contacto con nosotros para que le asesoremos.","robots":{"index":"index","follow":"follow","max-snippet":"max-snippet:-1","max-image-preview":"max-image-preview:large","max-video-preview":"max-video-preview:-1"},"canonical":"https:\/\/keybox.nl\/es\/kluis-kopen-voor-thuis\/","og_locale":"es_ES","og_type":"article","og_title":"Een veilige kluis kopen voor thuis -","og_description":"Bij onze firma kunt u een kluis kopen die geschikt is voor thuis. Bestel een model dat perfect bij u past of neem contact met ons op voor advies.","og_url":"https:\/\/keybox.nl\/es\/kluis-kopen-voor-thuis\/","article_modified_time":"2023-07-25T09:01:19+00:00","og_image":[{"url":"http:\/\/keybox.nl\/wp-content\/uploads\/2021\/12\/KSB103-KSB005-4-scaled.jpg","type":"","width":"","height":""}],"twitter_card":"summary_large_image","twitter_misc":{"Tiempo de lectura":"2 minutos"},"schema":{"@context":"https:\/\/schema.org","@graph":[{"@type":"WebPage","@id":"https:\/\/keybox.nl\/kluis-kopen-voor-thuis\/","url":"https:\/\/keybox.nl\/kluis-kopen-voor-thuis\/","name":"Comprar una caja fuerte segura para su hogar -","isPartOf":{"@id":"https:\/\/keybox.nl\/#website"},"primaryImageOfPage":{"@id":"https:\/\/keybox.nl\/kluis-kopen-voor-thuis\/#primaryimage"},"image":{"@id":"https:\/\/keybox.nl\/kluis-kopen-voor-thuis\/#primaryimage"},"thumbnailUrl":"http:\/\/keybox.nl\/wp-content\/uploads\/2021\/12\/KSB103-KSB005-4-scaled.jpg","datePublished":"2022-03-11T10:20:05+00:00","dateModified":"2023-07-25T09:01:19+00:00","description":"En nuestra empresa puede comprar una caja fuerte adecuada para su hogar. Pida un modelo que se adapte perfectamente a sus necesidades o p\u00f3ngase en contacto con nosotros para que le asesoremos.","breadcrumb":{"@id":"https:\/\/keybox.nl\/kluis-kopen-voor-thuis\/#breadcrumb"},"inLanguage":"es","potentialAction":[{"@type":"ReadAction","target":["https:\/\/keybox.nl\/kluis-kopen-voor-thuis\/"]}]},{"@type":"ImageObject","inLanguage":"es","@id":"https:\/\/keybox.nl\/kluis-kopen-voor-thuis\/#primaryimage","url":"http:\/\/keybox.nl\/wp-content\/uploads\/2021\/12\/KSB103-KSB005-4-scaled.jpg","contentUrl":"http:\/\/keybox.nl\/wp-content\/uploads\/2021\/12\/KSB103-KSB005-4-scaled.jpg"},{"@type":"BreadcrumbList","@id":"https:\/\/keybox.nl\/kluis-kopen-voor-thuis\/#breadcrumb","itemListElement":[{"@type":"ListItem","position":1,"name":"Home","item":"https:\/\/keybox.nl\/"},{"@type":"ListItem","position":2,"name":"Kluis kopen voor thuis"}]},{"@type":"WebSite","@id":"https:\/\/keybox.nl\/#website","url":"https:\/\/keybox.nl\/","name":"","description":"","potentialAction":[{"@type":"SearchAction","target":{"@type":"EntryPoint","urlTemplate":"https:\/\/keybox.nl\/?s={search_term_string}"},"query-input":{"@type":"PropertyValueSpecification","valueRequired":true,"valueName":"search_term_string"}}],"inLanguage":"es"}]}},"jetpack-related-posts":[{"id":326,"url":"https:\/\/keybox.nl\/es\/goedkope-kluis-kopen\/","url_meta":{"origin":538,"position":0},"title":"Comprar barato seguro","author":"Keybox@beheermodule","date":"3 marzo 2022","format":false,"excerpt":"Compra una caja fuerte barata y de alta calidad \u00a1En la tienda online! \u2713 F\u00e1cil de usar \u2713 Resistente y segura \u2713 Varios modelos En Keybox.es, puede comprar una caja fuerte barata y resistente para su negocio. Gracias a nuestras cajas fuertes, podr\u00e1s mantener la emisi\u00f3n de llaves segura en todo momento. Adem\u00e1s, no es necesario que nadie est\u00e9 presente para...","rel":"","context":"Entrada similar","block_context":{"text":"Entrada similar","link":""},"img":{"alt_text":"","src":"https:\/\/i0.wp.com\/keybox.nl\/wp-content\/uploads\/2021\/12\/KSB_102_1-e1638478691321.jpg?resize=350%2C200&ssl=1","width":350,"height":200,"srcset":"https:\/\/i0.wp.com\/keybox.nl\/wp-content\/uploads\/2021\/12\/KSB_102_1-e1638478691321.jpg?resize=350%2C200&ssl=1 1x, https:\/\/i0.wp.com\/keybox.nl\/wp-content\/uploads\/2021\/12\/KSB_102_1-e1638478691321.jpg?resize=525%2C300&ssl=1 1.5x, https:\/\/i0.wp.com\/keybox.nl\/wp-content\/uploads\/2021\/12\/KSB_102_1-e1638478691321.jpg?resize=700%2C400&ssl=1 2x"},"classes":[]},{"id":1526,"url":"https:\/\/keybox.nl\/es\/safe-kluis-kopen\/","url_meta":{"origin":538,"position":1},"title":"Comprar caja fuerte","author":"Keybox@beheermodule","date":"20 julio 2023","format":false,"excerpt":"Comprar caja fuerte o c\u00e1mara acorazada \u00a1Ve a la tienda web! \u2713 F\u00e1cil de usar \u2713 Resistente y segura \u2713 Varios modelos Si valoras la seguridad y la fiabilidad, comprar una caja fuerte o caja fuerte es el primer paso. Aunque estos t\u00e9rminos suelen utilizarse indistintamente, existen sutiles diferencias. A...","rel":"","context":"Entrada similar","block_context":{"text":"Entrada similar","link":""},"img":{"alt_text":"Regenkap Keysecuritybox","src":"https:\/\/i0.wp.com\/keybox.nl\/wp-content\/uploads\/2022\/01\/IMG_5364-scaled.jpg?resize=350%2C200&ssl=1","width":350,"height":200,"srcset":"https:\/\/i0.wp.com\/keybox.nl\/wp-content\/uploads\/2022\/01\/IMG_5364-scaled.jpg?resize=350%2C200&ssl=1 1x, https:\/\/i0.wp.com\/keybox.nl\/wp-content\/uploads\/2022\/01\/IMG_5364-scaled.jpg?resize=525%2C300&ssl=1 1.5x, https:\/\/i0.wp.com\/keybox.nl\/wp-content\/uploads\/2022\/01\/IMG_5364-scaled.jpg?resize=700%2C400&ssl=1 2x, https:\/\/i0.wp.com\/keybox.nl\/wp-content\/uploads\/2022\/01\/IMG_5364-scaled.jpg?resize=1050%2C600&ssl=1 3x, https:\/\/i0.wp.com\/keybox.nl\/wp-content\/uploads\/2022\/01\/IMG_5364-scaled.jpg?resize=1400%2C800&ssl=1 4x"},"classes":[]},{"id":543,"url":"https:\/\/keybox.nl\/es\/inbraakwerende-kluis-kopen\/","url_meta":{"origin":538,"position":2},"title":"Comprar una caja fuerte antirrobo","author":"Keybox@beheermodule","date":"11 marzo 2022","format":false,"excerpt":"Comprar una caja fuerte resistente y a prueba de robos \u00a1A la tienda web! F\u00e1cil de usar \u2713 Resistente y segura \u2713 Varios modelos Comprar una caja fuerte antirrobo para sus objetos de valor es importante. Esto se debe a que les proporciona una excelente protecci\u00f3n contra varios tipos de robo. En Keybox.es puedes comprar una caja fuerte antirrobo para tus llaves que...","rel":"","context":"Entrada similar","block_context":{"text":"Entrada similar","link":""},"img":{"alt_text":"Keysafe Slim line","src":"https:\/\/i0.wp.com\/keybox.nl\/wp-content\/uploads\/2022\/12\/Keysafe_Slim_line_Keybox.jpeg?resize=350%2C200&ssl=1","width":350,"height":200,"srcset":"https:\/\/i0.wp.com\/keybox.nl\/wp-content\/uploads\/2022\/12\/Keysafe_Slim_line_Keybox.jpeg?resize=350%2C200&ssl=1 1x, https:\/\/i0.wp.com\/keybox.nl\/wp-content\/uploads\/2022\/12\/Keysafe_Slim_line_Keybox.jpeg?resize=525%2C300&ssl=1 1.5x, https:\/\/i0.wp.com\/keybox.nl\/wp-content\/uploads\/2022\/12\/Keysafe_Slim_line_Keybox.jpeg?resize=700%2C400&ssl=1 2x"},"classes":[]},{"id":30,"url":"https:\/\/keybox.nl\/es\/","url_meta":{"origin":538,"position":3},"title":"Comprar armarios seguros para llaves","author":"Keybox@beheermodule","date":"30 noviembre 2021","format":false,"excerpt":"En Keybox.es, puede comprar una caja fuerte robusta o cajas fuertes con llave segura, entre otras cosas. Ofrecemos varios tipos de cajas fuertes; desde sutiles cajas fuertes para llaves hasta cajas fuertes de pared con rueda de dep\u00f3sito. Con nosotros, puede encargar una caja fuerte para su negocio, pero tambi\u00e9n para su hogar. Gracias a nuestra amplia gama de cajas fuertes con llave,...","rel":"","context":"Con 1 comentario","block_context":{"text":"Con 1 comentario","link":"https:\/\/keybox.nl\/es\/#comments"},"img":{"alt_text":"","src":"","width":0,"height":0},"classes":[]},{"id":1530,"url":"https:\/\/keybox.nl\/es\/hotelkluis-kopen\/","url_meta":{"origin":538,"position":4},"title":"hotel safe-buying","author":"Keybox@beheermodule","date":"20 julio 2023","format":false,"excerpt":"Comprar caja fuerte de hotel \u00a1A la tienda online! \u2713 F\u00e1cil de usar \u2713 Resistente y segura \u2713 Varios modelos Comprar una caja fuerte para hotel no es un asunto trivial. Se trata de proporcionar seguridad y tranquilidad a sus valiosos hu\u00e9spedes. Desde joyas hasta pasaportes y ordenadores port\u00e1tiles, una caja fuerte de hotel proporciona un refugio seguro para los objetos de valor....","rel":"","context":"Entrada similar","block_context":{"text":"Entrada similar","link":""},"img":{"alt_text":"","src":"https:\/\/i0.wp.com\/keybox.nl\/wp-content\/uploads\/2022\/02\/IMG_5926.jpg?resize=350%2C200&ssl=1","width":350,"height":200,"srcset":"https:\/\/i0.wp.com\/keybox.nl\/wp-content\/uploads\/2022\/02\/IMG_5926.jpg?resize=350%2C200&ssl=1 1x, https:\/\/i0.wp.com\/keybox.nl\/wp-content\/uploads\/2022\/02\/IMG_5926.jpg?resize=525%2C300&ssl=1 1.5x, https:\/\/i0.wp.com\/keybox.nl\/wp-content\/uploads\/2022\/02\/IMG_5926.jpg?resize=700%2C400&ssl=1 2x"},"classes":[]},{"id":556,"url":"https:\/\/keybox.nl\/es\/kleine-sleutelkluisjes-kopen\/","url_meta":{"origin":538,"position":5},"title":"Comprar cajas fuertes para llaves peque\u00f1as","author":"Keybox@beheermodule","date":"11 marzo 2022","format":false,"excerpt":"Comprar cajas fuertes para llaves peque\u00f1as fiables \u00a1En la tienda web! \u2713 F\u00e1cil de usar \u2713 Resistente y segura \u2713 Varios modelos Con nosotros, puedes comprar cajas fuertes para llaves peque\u00f1as para guardar tus llaves de forma segura. Keybox.es ofrece todo tipo de cajas fuertes, como una caja fuerte para llaves peque\u00f1as, que puedes comprar f\u00e1cilmente online. Gracias a nuestra...","rel":"","context":"Entrada similar","block_context":{"text":"Entrada similar","link":""},"img":{"alt_text":"","src":"https:\/\/i0.wp.com\/keybox.nl\/wp-content\/uploads\/2022\/12\/Keysafe_Original_keybox_sleutelkluis.jpg?resize=350%2C200&ssl=1","width":350,"height":200,"srcset":"https:\/\/i0.wp.com\/keybox.nl\/wp-content\/uploads\/2022\/12\/Keysafe_Original_keybox_sleutelkluis.jpg?resize=350%2C200&ssl=1 1x, https:\/\/i0.wp.com\/keybox.nl\/wp-content\/uploads\/2022\/12\/Keysafe_Original_keybox_sleutelkluis.jpg?resize=525%2C300&ssl=1 1.5x, https:\/\/i0.wp.com\/keybox.nl\/wp-content\/uploads\/2022\/12\/Keysafe_Original_keybox_sleutelkluis.jpg?resize=700%2C400&ssl=1 2x"},"classes":[]}],"jetpack_sharing_enabled":true,"_links":{"self":[{"href":"https:\/\/keybox.nl\/es\/wp-json\/wp\/v2\/pages\/538","targetHints":{"allow":["GET"]}}],"collection":[{"href":"https:\/\/keybox.nl\/es\/wp-json\/wp\/v2\/pages"}],"about":[{"href":"https:\/\/keybox.nl\/es\/wp-json\/wp\/v2\/types\/page"}],"author":[{"embeddable":true,"href":"https:\/\/keybox.nl\/es\/wp-json\/wp\/v2\/users\/1"}],"replies":[{"embeddable":true,"href":"https:\/\/keybox.nl\/es\/wp-json\/wp\/v2\/comments?post=538"}],"version-history":[{"count":7,"href":"https:\/\/keybox.nl\/es\/wp-json\/wp\/v2\/pages\/538\/revisions"}],"predecessor-version":[{"id":1637,"href":"https:\/\/keybox.nl\/es\/wp-json\/wp\/v2\/pages\/538\/revisions\/1637"}],"wp:attachment":[{"href":"https:\/\/keybox.nl\/es\/wp-json\/wp\/v2\/media?parent=538"}],"curies":[{"name":"wp","href":"https:\/\/api.w.org\/{rel}","templated":true}]}}