{"id":1530,"date":"2023-07-20T12:27:21","date_gmt":"2023-07-20T12:27:21","guid":{"rendered":"http:\/\/keybox.nl\/?page_id=1530"},"modified":"2023-07-25T10:16:37","modified_gmt":"2023-07-25T10:16:37","slug":"hotelkluis-kopen","status":"publish","type":"page","link":"https:\/\/keybox.nl\/es\/hotelkluis-kopen\/","title":{"rendered":"hotel safe-buying"},"content":{"rendered":"<div class=\"wp-block-cover alignfull\" style=\"min-height:200px;aspect-ratio:unset;\"><span aria-hidden=\"true\" class=\"wp-block-cover__background has-background-dim-60 has-background-dim\"><\/span><img decoding=\"async\" width=\"1920\" height=\"2560\" class=\"wp-block-cover__image-background wp-image-126\" alt=\"Kluis\" src=\"http:\/\/keybox.nl\/wp-content\/uploads\/2021\/12\/KSB103-KSB005-4-scaled.jpg\" style=\"object-position:50% 50%\" data-object-fit=\"cover\" data-object-position=\"50% 50%\" srcset=\"https:\/\/keybox.nl\/wp-content\/uploads\/2021\/12\/KSB103-KSB005-4-scaled.jpg 1920w, https:\/\/keybox.nl\/wp-content\/uploads\/2021\/12\/KSB103-KSB005-4-416x555.jpg 416w, https:\/\/keybox.nl\/wp-content\/uploads\/2021\/12\/KSB103-KSB005-4-225x300.jpg 225w, https:\/\/keybox.nl\/wp-content\/uploads\/2021\/12\/KSB103-KSB005-4-768x1024.jpg 768w, https:\/\/keybox.nl\/wp-content\/uploads\/2021\/12\/KSB103-KSB005-4-1152x1536.jpg 1152w, https:\/\/keybox.nl\/wp-content\/uploads\/2021\/12\/KSB103-KSB005-4-1536x2048.jpg 1536w, https:\/\/keybox.nl\/wp-content\/uploads\/2021\/12\/KSB103-KSB005-4-1320x1760.jpg 1320w\" sizes=\"(max-width: 1920px) 100vw, 1920px\" \/><div class=\"wp-block-cover__inner-container is-layout-flow wp-block-cover-is-layout-flow\">\n<h1 class=\"wp-block-heading alignwide has-text-align-left has-white-color has-text-color\" style=\"font-size:40px\">Comprar caja fuerte de hotel<\/h1>\n\n\n\n<div class=\"wp-block-columns alignwide is-layout-flex wp-container-core-columns-is-layout-28f84493 wp-block-columns-is-layout-flex\">\n<div class=\"wp-block-column is-layout-flow wp-block-column-is-layout-flow\" style=\"flex-basis:55%\">\n<div class=\"wp-block-buttons is-layout-flex wp-block-buttons-is-layout-flex\">\n<div class=\"wp-block-button cta-knop alignleft\"><a class=\"wp-block-button__link has-black-color has-white-background-color has-text-color has-background wp-element-button\" href=\"http:\/\/keybox.nl\/es\/\">A la tienda virtual<\/a><\/div>\n<\/div>\n<\/div>\n<\/div>\n<\/div><\/div>\n\n\n\n<div style=\"height:50px\" aria-hidden=\"true\" class=\"wp-block-spacer\"><\/div>\n\n\n\n<div class=\"wp-block-group alignfull is-content-justification-center is-layout-flex wp-container-core-group-is-layout-81a7f686 wp-block-group-is-layout-flex\">\n<p class=\"usps has-normal-font-size\">F\u00e1cil de usar<\/p>\n\n\n\n<p>\u2713 Resistente y seguro<\/p>\n\n\n\n<p>\u2713 Varios modelos<\/p>\n<\/div>\n\n\n\n<style>\nh1.entry-title {\ndisplay:none;\n}\n.cta-knop {\nmargin-left: 35px !important;\n}\n\n.cta-knop:hover {\nopacity: 0.75;\n}\n\n@media only screen and (max-width: 1064px) {\n.cta-knop {\nmargin-left: 0px !important;\n}\n\n.wp-block-group.alignfull {\n    display: flex;\n    flex-direction: column;\n}\n}\n<\/style>\n\n\n\n<div style=\"height:100px\" aria-hidden=\"true\" class=\"wp-block-spacer\"><\/div>\n\n\n\n<p class=\"has-text-align-left align-left has-black-color has-text-color has-normal-font-size\">Comprar una caja fuerte de hotel no es un asunto trivial. Se trata de proporcionar seguridad y tranquilidad a sus valiosos hu\u00e9spedes. Desde joyas hasta pasaportes y ordenadores port\u00e1tiles, una caja fuerte de hotel proporciona un refugio seguro para los objetos de valor de sus hu\u00e9spedes durante su estancia. En Keybox.es, es posible comprar una caja fuerte de hotel que satisfaga todas sus necesidades.<\/p>\n\n\n\n<div style=\"height:100px\" aria-hidden=\"true\" class=\"wp-block-spacer\"><\/div>\n\n\n\n<div class=\"wp-block-group is-content-justification-center is-layout-flex wp-container-core-group-is-layout-81a7f686 wp-block-group-is-layout-flex\">\n<div class=\"wp-block-media-text alignwide is-stacked-on-mobile is-vertically-aligned-center\" style=\"grid-template-columns:40% auto\"><figure class=\"wp-block-media-text__media\"><img decoding=\"async\" width=\"683\" height=\"1024\" src=\"http:\/\/keybox.nl\/wp-content\/uploads\/2022\/02\/IMG_5926-683x1024.jpg\" alt=\"\" class=\"wp-image-233 size-full\" srcset=\"https:\/\/keybox.nl\/wp-content\/uploads\/2022\/02\/IMG_5926-683x1024.jpg 683w, https:\/\/keybox.nl\/wp-content\/uploads\/2022\/02\/IMG_5926-416x624.jpg 416w, https:\/\/keybox.nl\/wp-content\/uploads\/2022\/02\/IMG_5926-200x300.jpg 200w, https:\/\/keybox.nl\/wp-content\/uploads\/2022\/02\/IMG_5926-768x1152.jpg 768w, https:\/\/keybox.nl\/wp-content\/uploads\/2022\/02\/IMG_5926.jpg 1000w\" sizes=\"(max-width: 683px) 100vw, 683px\" \/><\/figure><div class=\"wp-block-media-text__content\">\n<h2 class=\"wp-block-heading\">La importancia de comprar una caja fuerte de hotel<\/h2>\n\n\n\n<p>Cuando piensa en comprar una caja fuerte de hotel, piensa en garantizar la seguridad de sus hu\u00e9spedes. A <a href=\"http:\/\/keybox.nl\/es\/inbraakwerende-kluis-kopen\/\">caja fuerte antirrobo<\/a> no es un lujo, sino una parte esencial de su hotel. A\u00f1ade una capa adicional de seguridad y garantiza que sus hu\u00e9spedes puedan disfrutar de su estancia con tranquilidad. Adem\u00e1s, es un signo de cuidado y respeto por las pertenencias personales de sus hu\u00e9spedes. As\u00ed que comprar una caja fuerte de hotel no es s\u00f3lo una inversi\u00f3n en su hotel, sino tambi\u00e9n una inversi\u00f3n en la satisfacci\u00f3n de sus hu\u00e9spedes. As\u00ed que, tanto si dirige un peque\u00f1o bed &amp; breakfast como una gran cadena hotelera, es <a href=\"http:\/\/keybox.nl\/es\/\">pedir una caja fuerte<\/a> es un paso hacia la prestaci\u00f3n de un servicio excelente. Adem\u00e1s, tambi\u00e9n es una idea inteligente tener una caja fuerte con <a href=\"http:\/\/keybox.nl\/es\/sleutelhaken-kopen\/\">comprar ganchos para llaves<\/a>, para gestionar mejor las llaves de su hotel.<\/p>\n<\/div><\/div>\n<\/div>\n\n\n\n<div style=\"height:100px\" aria-hidden=\"true\" class=\"wp-block-spacer\"><\/div>\n\n\n\n<h2 class=\"wp-block-heading has-text-align-center\"><strong>\u00bfQuiere comprarnos una caja fuerte de hotel?<\/strong><\/h2>\n\n\n\n<div class=\"wp-block-buttons is-content-justification-center is-layout-flex wp-container-core-buttons-is-layout-a89b3969 wp-block-buttons-is-layout-flex\">\n<div class=\"wp-block-button is-style-outline is-style-outline--1\"><a class=\"wp-block-button__link wp-element-button\" href=\"http:\/\/keybox.nl\/es\/\">Ver la tienda virtual<\/a><\/div>\n<\/div>\n\n\n\n<div style=\"height:100px\" aria-hidden=\"true\" class=\"wp-block-spacer\"><\/div>\n\n\n\n<div class=\"wp-block-group is-content-justification-center is-layout-flex wp-container-core-group-is-layout-81a7f686 wp-block-group-is-layout-flex\">\n<div class=\"wp-block-media-text alignwide has-media-on-the-right is-stacked-on-mobile is-vertically-aligned-center\" style=\"grid-template-columns:auto 40%\"><div class=\"wp-block-media-text__content\">\n<h3 class=\"wp-block-heading has-text-color\" style=\"color:#000000;font-size:32px\"><strong>D\u00e9 el paso y haga su pedido<\/strong><\/h3>\n\n\n\n<p class=\"has-text-color has-normal-font-size\" style=\"color:#000000\">No hay mejor momento que \u00e9ste para comprar una caja fuerte de hotel. En Keybox.es, entendemos las necesidades \u00fanicas de cada cliente y estamos preparados para guiarle en su compra. <a href=\"http:\/\/keybox.nl\/es\/contact\/\">Concierte una cita hoy mismo<\/a> con nosotros en Bussum o haga su pedido, y garantice una estancia segura y tranquilizadora a todos sus invitados. M\u00e1s bien, \u00bfest\u00e1 buscando un buen <a href=\"http:\/\/keybox.nl\/es\/brandkluis-voor-thuis\/\">caja fuerte dom\u00e9stica<\/a>? Tambi\u00e9n podemos ofrec\u00e9rselo.<\/p>\n<\/div><figure class=\"wp-block-media-text__media\"><img decoding=\"async\" width=\"600\" height=\"800\" src=\"http:\/\/keybox.nl\/wp-content\/uploads\/2021\/12\/Extra-Armor-KSB.jpg\" alt=\"Kluis los\" class=\"wp-image-103 size-full\" srcset=\"https:\/\/keybox.nl\/wp-content\/uploads\/2021\/12\/Extra-Armor-KSB.jpg 600w, https:\/\/keybox.nl\/wp-content\/uploads\/2021\/12\/Extra-Armor-KSB-416x555.jpg 416w, https:\/\/keybox.nl\/wp-content\/uploads\/2021\/12\/Extra-Armor-KSB-225x300.jpg 225w\" sizes=\"(max-width: 600px) 100vw, 600px\" \/><\/figure><\/div>\n<\/div>\n\n\n\n<div style=\"height:50px\" aria-hidden=\"true\" class=\"wp-block-spacer\"><\/div>\n\n\n\n<h2 class=\"wp-block-heading alignwide has-text-align-left form-titel\"><strong>\u00bfTiene preguntas sobre seguridad?<\/strong><\/h2>\n\n\n<div class=\"wp-block-jetpack-contact-form alignwide is-layout-flex wp-container-jetpack-contact-form-is-layout-2b4208ba wp-block-jetpack-contact-form-is-layout-flex\"><a href=\"https:\/\/keybox.nl\/es\/hotelkluis-kopen\/\" target=\"_blank\" rel=\"noopener noreferrer\">Env\u00eda un formulario.<\/a><\/div>\n\n\n<p><\/p>","protected":false},"excerpt":{"rendered":"<p>\u2713 Gebruiksvriendelijk \u2713 Bestendig en veilig \u2713 Diverse modellen Een hotelkluis kopen is geen onbeduidende zaak. Het gaat om het bieden van veiligheid en gemoedsrust aan uw gewaardeerde gasten. Van sieraden tot paspoorten en laptops, een hotelkluis biedt een veilige haven voor de waardevolle bezittingen van uw gasten tijdens hun verblijf. Bij Keybox.nl is het [&hellip;]<\/p>\n","protected":false},"author":1,"featured_media":0,"parent":0,"menu_order":0,"comment_status":"closed","ping_status":"closed","template":"template-fullwidth.php","meta":{"footnotes":""},"class_list":["post-1530","page","type-page","status-publish","hentry"],"yoast_head":"<!-- This site is optimized with the Yoast SEO plugin v27.4 - https:\/\/yoast.com\/product\/yoast-seo-wordpress\/ -->\n<title>Een kwalitatieve hotelkluis kopen -<\/title>\n<meta name=\"description\" content=\"Wilt u graag een hoogwaardige hotelkluis kopen? Bekijk dan zeker ons ruime aanbod aan kluizen. Onze experts geven u graag professioneel advies!\" \/>\n<meta name=\"robots\" content=\"index, follow, max-snippet:-1, max-image-preview:large, max-video-preview:-1\" \/>\n<link rel=\"canonical\" href=\"https:\/\/keybox.nl\/es\/hotelkluis-kopen\/\" \/>\n<meta property=\"og:locale\" content=\"es_ES\" \/>\n<meta property=\"og:type\" content=\"article\" \/>\n<meta property=\"og:title\" content=\"Een kwalitatieve hotelkluis kopen -\" \/>\n<meta property=\"og:description\" content=\"Wilt u graag een hoogwaardige hotelkluis kopen? Bekijk dan zeker ons ruime aanbod aan kluizen. Onze experts geven u graag professioneel advies!\" \/>\n<meta property=\"og:url\" content=\"https:\/\/keybox.nl\/es\/hotelkluis-kopen\/\" \/>\n<meta property=\"article:modified_time\" content=\"2023-07-25T10:16:37+00:00\" \/>\n<meta property=\"og:image\" content=\"http:\/\/keybox.nl\/wp-content\/uploads\/2021\/12\/KSB103-KSB005-4-scaled.jpg\" \/>\n<meta name=\"twitter:card\" content=\"summary_large_image\" \/>\n<meta name=\"twitter:label1\" content=\"Tiempo de lectura\" \/>\n\t<meta name=\"twitter:data1\" content=\"3 minutos\" \/>\n<script type=\"application\/ld+json\" class=\"yoast-schema-graph\">{\"@context\":\"https:\\\/\\\/schema.org\",\"@graph\":[{\"@type\":\"WebPage\",\"@id\":\"https:\\\/\\\/keybox.nl\\\/hotelkluis-kopen\\\/\",\"url\":\"https:\\\/\\\/keybox.nl\\\/hotelkluis-kopen\\\/\",\"name\":\"Een kwalitatieve hotelkluis kopen -\",\"isPartOf\":{\"@id\":\"https:\\\/\\\/keybox.nl\\\/#website\"},\"primaryImageOfPage\":{\"@id\":\"https:\\\/\\\/keybox.nl\\\/hotelkluis-kopen\\\/#primaryimage\"},\"image\":{\"@id\":\"https:\\\/\\\/keybox.nl\\\/hotelkluis-kopen\\\/#primaryimage\"},\"thumbnailUrl\":\"http:\\\/\\\/keybox.nl\\\/wp-content\\\/uploads\\\/2021\\\/12\\\/KSB103-KSB005-4-scaled.jpg\",\"datePublished\":\"2023-07-20T12:27:21+00:00\",\"dateModified\":\"2023-07-25T10:16:37+00:00\",\"description\":\"Wilt u graag een hoogwaardige hotelkluis kopen? Bekijk dan zeker ons ruime aanbod aan kluizen. Onze experts geven u graag professioneel advies!\",\"breadcrumb\":{\"@id\":\"https:\\\/\\\/keybox.nl\\\/hotelkluis-kopen\\\/#breadcrumb\"},\"inLanguage\":\"es\",\"potentialAction\":[{\"@type\":\"ReadAction\",\"target\":[\"https:\\\/\\\/keybox.nl\\\/hotelkluis-kopen\\\/\"]}]},{\"@type\":\"ImageObject\",\"inLanguage\":\"es\",\"@id\":\"https:\\\/\\\/keybox.nl\\\/hotelkluis-kopen\\\/#primaryimage\",\"url\":\"http:\\\/\\\/keybox.nl\\\/wp-content\\\/uploads\\\/2021\\\/12\\\/KSB103-KSB005-4-scaled.jpg\",\"contentUrl\":\"http:\\\/\\\/keybox.nl\\\/wp-content\\\/uploads\\\/2021\\\/12\\\/KSB103-KSB005-4-scaled.jpg\"},{\"@type\":\"BreadcrumbList\",\"@id\":\"https:\\\/\\\/keybox.nl\\\/hotelkluis-kopen\\\/#breadcrumb\",\"itemListElement\":[{\"@type\":\"ListItem\",\"position\":1,\"name\":\"Home\",\"item\":\"https:\\\/\\\/keybox.nl\\\/\"},{\"@type\":\"ListItem\",\"position\":2,\"name\":\"hotelkluis-kopen\"}]},{\"@type\":\"WebSite\",\"@id\":\"https:\\\/\\\/keybox.nl\\\/#website\",\"url\":\"https:\\\/\\\/keybox.nl\\\/\",\"name\":\"\",\"description\":\"\",\"potentialAction\":[{\"@type\":\"SearchAction\",\"target\":{\"@type\":\"EntryPoint\",\"urlTemplate\":\"https:\\\/\\\/keybox.nl\\\/?s={search_term_string}\"},\"query-input\":{\"@type\":\"PropertyValueSpecification\",\"valueRequired\":true,\"valueName\":\"search_term_string\"}}],\"inLanguage\":\"es\"}]}<\/script>\n<!-- \/ Yoast SEO plugin. -->","yoast_head_json":{"title":"Comprar una caja fuerte de hotel de calidad -","description":"\u00bfQuiere comprar una caja fuerte de hotel de alta calidad? Eche un vistazo a nuestra amplia gama de cajas fuertes. Nuestros expertos estar\u00e1n encantados de asesorarle profesionalmente.","robots":{"index":"index","follow":"follow","max-snippet":"max-snippet:-1","max-image-preview":"max-image-preview:large","max-video-preview":"max-video-preview:-1"},"canonical":"https:\/\/keybox.nl\/es\/hotelkluis-kopen\/","og_locale":"es_ES","og_type":"article","og_title":"Een kwalitatieve hotelkluis kopen -","og_description":"Wilt u graag een hoogwaardige hotelkluis kopen? Bekijk dan zeker ons ruime aanbod aan kluizen. Onze experts geven u graag professioneel advies!","og_url":"https:\/\/keybox.nl\/es\/hotelkluis-kopen\/","article_modified_time":"2023-07-25T10:16:37+00:00","og_image":[{"url":"http:\/\/keybox.nl\/wp-content\/uploads\/2021\/12\/KSB103-KSB005-4-scaled.jpg","type":"","width":"","height":""}],"twitter_card":"summary_large_image","twitter_misc":{"Tiempo de lectura":"3 minutos"},"schema":{"@context":"https:\/\/schema.org","@graph":[{"@type":"WebPage","@id":"https:\/\/keybox.nl\/hotelkluis-kopen\/","url":"https:\/\/keybox.nl\/hotelkluis-kopen\/","name":"Comprar una caja fuerte de hotel de calidad -","isPartOf":{"@id":"https:\/\/keybox.nl\/#website"},"primaryImageOfPage":{"@id":"https:\/\/keybox.nl\/hotelkluis-kopen\/#primaryimage"},"image":{"@id":"https:\/\/keybox.nl\/hotelkluis-kopen\/#primaryimage"},"thumbnailUrl":"http:\/\/keybox.nl\/wp-content\/uploads\/2021\/12\/KSB103-KSB005-4-scaled.jpg","datePublished":"2023-07-20T12:27:21+00:00","dateModified":"2023-07-25T10:16:37+00:00","description":"\u00bfQuiere comprar una caja fuerte de hotel de alta calidad? Eche un vistazo a nuestra amplia gama de cajas fuertes. Nuestros expertos estar\u00e1n encantados de asesorarle profesionalmente.","breadcrumb":{"@id":"https:\/\/keybox.nl\/hotelkluis-kopen\/#breadcrumb"},"inLanguage":"es","potentialAction":[{"@type":"ReadAction","target":["https:\/\/keybox.nl\/hotelkluis-kopen\/"]}]},{"@type":"ImageObject","inLanguage":"es","@id":"https:\/\/keybox.nl\/hotelkluis-kopen\/#primaryimage","url":"http:\/\/keybox.nl\/wp-content\/uploads\/2021\/12\/KSB103-KSB005-4-scaled.jpg","contentUrl":"http:\/\/keybox.nl\/wp-content\/uploads\/2021\/12\/KSB103-KSB005-4-scaled.jpg"},{"@type":"BreadcrumbList","@id":"https:\/\/keybox.nl\/hotelkluis-kopen\/#breadcrumb","itemListElement":[{"@type":"ListItem","position":1,"name":"Home","item":"https:\/\/keybox.nl\/"},{"@type":"ListItem","position":2,"name":"hotelkluis-kopen"}]},{"@type":"WebSite","@id":"https:\/\/keybox.nl\/#website","url":"https:\/\/keybox.nl\/","name":"","description":"","potentialAction":[{"@type":"SearchAction","target":{"@type":"EntryPoint","urlTemplate":"https:\/\/keybox.nl\/?s={search_term_string}"},"query-input":{"@type":"PropertyValueSpecification","valueRequired":true,"valueName":"search_term_string"}}],"inLanguage":"es"}]}},"jetpack-related-posts":[{"id":1529,"url":"https:\/\/keybox.nl\/es\/sleutelhaken-kopen\/","url_meta":{"origin":1530,"position":0},"title":"ganchos-llave-comprar","author":"Keybox@beheermodule","date":"20 julio 2023","format":false,"excerpt":"Comprar seguro con ganchos para llaves \u00a1A la tienda web! \u2713 F\u00e1cil de usar \u2713 Resistente y seguro \u2713 Varios modelos \u00bfBusca ganchos para llaves de calidad para comprar y utilizar en su negocio? Entonces considera comprar un armario para llaves con seguridad profesional. Despu\u00e9s de todo, no quieres que personas con malas intenciones...","rel":"","context":"Entrada similar","block_context":{"text":"Entrada similar","link":""},"img":{"alt_text":"","src":"https:\/\/i0.wp.com\/keybox.nl\/wp-content\/uploads\/2021\/12\/KSB_102_1-e1638478691321.jpg?resize=350%2C200&ssl=1","width":350,"height":200,"srcset":"https:\/\/i0.wp.com\/keybox.nl\/wp-content\/uploads\/2021\/12\/KSB_102_1-e1638478691321.jpg?resize=350%2C200&ssl=1 1x, https:\/\/i0.wp.com\/keybox.nl\/wp-content\/uploads\/2021\/12\/KSB_102_1-e1638478691321.jpg?resize=525%2C300&ssl=1 1.5x, https:\/\/i0.wp.com\/keybox.nl\/wp-content\/uploads\/2021\/12\/KSB_102_1-e1638478691321.jpg?resize=700%2C400&ssl=1 2x"},"classes":[]},{"id":546,"url":"https:\/\/keybox.nl\/es\/inbouwkluisjes-kopen\/","url_meta":{"origin":1530,"position":1},"title":"Comprar cajas fuertes empotradas","author":"Keybox@beheermodule","date":"11 marzo 2022","format":false,"excerpt":"Comprar cajas fuertes empotradas robustas \u00a1A la tienda online! \u2713 F\u00e1ciles de usar \u2713 Robustas y seguras \u2713 Varios modelos \u00bfQuiere comprar cajas fuertes empotradas para su negocio? Nuestra tienda web ofrece varios modelos de cajas fuertes que se instalan en la pared. Como el sistema est\u00e1 en la pared, no se puede quitar y es...","rel":"","context":"Entrada similar","block_context":{"text":"Entrada similar","link":""},"img":{"alt_text":"","src":"https:\/\/i0.wp.com\/keybox.nl\/wp-content\/uploads\/2021\/12\/KSB_102_1-e1638478691321.jpg?resize=350%2C200&ssl=1","width":350,"height":200,"srcset":"https:\/\/i0.wp.com\/keybox.nl\/wp-content\/uploads\/2021\/12\/KSB_102_1-e1638478691321.jpg?resize=350%2C200&ssl=1 1x, https:\/\/i0.wp.com\/keybox.nl\/wp-content\/uploads\/2021\/12\/KSB_102_1-e1638478691321.jpg?resize=525%2C300&ssl=1 1.5x, https:\/\/i0.wp.com\/keybox.nl\/wp-content\/uploads\/2021\/12\/KSB_102_1-e1638478691321.jpg?resize=700%2C400&ssl=1 2x"},"classes":[]},{"id":556,"url":"https:\/\/keybox.nl\/es\/kleine-sleutelkluisjes-kopen\/","url_meta":{"origin":1530,"position":2},"title":"Comprar cajas fuertes para llaves peque\u00f1as","author":"Keybox@beheermodule","date":"11 marzo 2022","format":false,"excerpt":"Comprar cajas fuertes para llaves peque\u00f1as fiables \u00a1En la tienda web! \u2713 F\u00e1cil de usar \u2713 Resistente y segura \u2713 Varios modelos Con nosotros, puedes comprar cajas fuertes para llaves peque\u00f1as para guardar tus llaves de forma segura. Keybox.es ofrece todo tipo de cajas fuertes, como una caja fuerte para llaves peque\u00f1as, que puedes comprar f\u00e1cilmente online. Gracias a nuestra...","rel":"","context":"Entrada similar","block_context":{"text":"Entrada similar","link":""},"img":{"alt_text":"","src":"https:\/\/i0.wp.com\/keybox.nl\/wp-content\/uploads\/2022\/12\/Keysafe_Original_keybox_sleutelkluis.jpg?resize=350%2C200&ssl=1","width":350,"height":200,"srcset":"https:\/\/i0.wp.com\/keybox.nl\/wp-content\/uploads\/2022\/12\/Keysafe_Original_keybox_sleutelkluis.jpg?resize=350%2C200&ssl=1 1x, https:\/\/i0.wp.com\/keybox.nl\/wp-content\/uploads\/2022\/12\/Keysafe_Original_keybox_sleutelkluis.jpg?resize=525%2C300&ssl=1 1.5x, https:\/\/i0.wp.com\/keybox.nl\/wp-content\/uploads\/2022\/12\/Keysafe_Original_keybox_sleutelkluis.jpg?resize=700%2C400&ssl=1 2x"},"classes":[]},{"id":30,"url":"https:\/\/keybox.nl\/es\/","url_meta":{"origin":1530,"position":3},"title":"Comprar armarios seguros para llaves","author":"Keybox@beheermodule","date":"30 noviembre 2021","format":false,"excerpt":"En Keybox.es, puede comprar una caja fuerte robusta o cajas fuertes con llave segura, entre otras cosas. Ofrecemos varios tipos de cajas fuertes; desde sutiles cajas fuertes para llaves hasta cajas fuertes de pared con rueda de dep\u00f3sito. Con nosotros, puede encargar una caja fuerte para su negocio, pero tambi\u00e9n para su hogar. Gracias a nuestra amplia gama de cajas fuertes con llave,...","rel":"","context":"Con 1 comentario","block_context":{"text":"Con 1 comentario","link":"https:\/\/keybox.nl\/es\/#comments"},"img":{"alt_text":"","src":"","width":0,"height":0},"classes":[]},{"id":1528,"url":"https:\/\/keybox.nl\/es\/elektronische-sleutelkluis-kopen\/","url_meta":{"origin":1530,"position":4},"title":"llave-electronica compra-segura","author":"Keybox@beheermodule","date":"20 julio 2023","format":false,"excerpt":"Comprar caja fuerte con llave electr\u00f3nica \u00a1A la tienda web! \u2713 F\u00e1cil de usar \u2713 Resistente y segura \u2713 Varios modelos Comprar una caja fuerte electr\u00f3nica para llaves es el primer paso a la hora de garantizar la seguridad de su negocio o su hogar. Keybox.es le ofrece la soluci\u00f3n que se adapta perfectamente a sus necesidades. Estas cajas fuertes...","rel":"","context":"Entrada similar","block_context":{"text":"Entrada similar","link":""},"img":{"alt_text":"","src":"https:\/\/i0.wp.com\/keybox.nl\/wp-content\/uploads\/2023\/02\/Keysafe-Big-Pro-sleutelkastje_keybox.jpeg?resize=350%2C200&ssl=1","width":350,"height":200,"srcset":"https:\/\/i0.wp.com\/keybox.nl\/wp-content\/uploads\/2023\/02\/Keysafe-Big-Pro-sleutelkastje_keybox.jpeg?resize=350%2C200&ssl=1 1x, https:\/\/i0.wp.com\/keybox.nl\/wp-content\/uploads\/2023\/02\/Keysafe-Big-Pro-sleutelkastje_keybox.jpeg?resize=525%2C300&ssl=1 1.5x, https:\/\/i0.wp.com\/keybox.nl\/wp-content\/uploads\/2023\/02\/Keysafe-Big-Pro-sleutelkastje_keybox.jpeg?resize=700%2C400&ssl=1 2x"},"classes":[]},{"id":538,"url":"https:\/\/keybox.nl\/es\/kluis-kopen-voor-thuis\/","url_meta":{"origin":1530,"position":5},"title":"Comprar caja fuerte para casa","author":"Keybox@beheermodule","date":"11 marzo 2022","format":false,"excerpt":"Comprar una caja fuerte resistente para tu hogar \u00a1A la tienda online! \u2713 F\u00e1cil de usar \u2713 Resistente y segura \u2713 Varios modelos \u00bfQuieres comprar una pr\u00e1ctica caja fuerte para tu hogar? Entonces Keybox.es tiene lo que est\u00e1s buscando. Las cajas fuertes dom\u00e9sticas son algo m\u00e1s peque\u00f1as y no requieren una gran instalaci\u00f3n, por lo que son ideales...","rel":"","context":"Entrada similar","block_context":{"text":"Entrada similar","link":""},"img":{"alt_text":"","src":"https:\/\/i0.wp.com\/keybox.nl\/wp-content\/uploads\/2022\/01\/KSB007-inner-safe-2-e1643896091542.jpg?resize=350%2C200&ssl=1","width":350,"height":200,"srcset":"https:\/\/i0.wp.com\/keybox.nl\/wp-content\/uploads\/2022\/01\/KSB007-inner-safe-2-e1643896091542.jpg?resize=350%2C200&ssl=1 1x, https:\/\/i0.wp.com\/keybox.nl\/wp-content\/uploads\/2022\/01\/KSB007-inner-safe-2-e1643896091542.jpg?resize=525%2C300&ssl=1 1.5x, https:\/\/i0.wp.com\/keybox.nl\/wp-content\/uploads\/2022\/01\/KSB007-inner-safe-2-e1643896091542.jpg?resize=700%2C400&ssl=1 2x"},"classes":[]}],"jetpack_sharing_enabled":true,"_links":{"self":[{"href":"https:\/\/keybox.nl\/es\/wp-json\/wp\/v2\/pages\/1530","targetHints":{"allow":["GET"]}}],"collection":[{"href":"https:\/\/keybox.nl\/es\/wp-json\/wp\/v2\/pages"}],"about":[{"href":"https:\/\/keybox.nl\/es\/wp-json\/wp\/v2\/types\/page"}],"author":[{"embeddable":true,"href":"https:\/\/keybox.nl\/es\/wp-json\/wp\/v2\/users\/1"}],"replies":[{"embeddable":true,"href":"https:\/\/keybox.nl\/es\/wp-json\/wp\/v2\/comments?post=1530"}],"version-history":[{"count":6,"href":"https:\/\/keybox.nl\/es\/wp-json\/wp\/v2\/pages\/1530\/revisions"}],"predecessor-version":[{"id":1661,"href":"https:\/\/keybox.nl\/es\/wp-json\/wp\/v2\/pages\/1530\/revisions\/1661"}],"wp:attachment":[{"href":"https:\/\/keybox.nl\/es\/wp-json\/wp\/v2\/media?parent=1530"}],"curies":[{"name":"wp","href":"https:\/\/api.w.org\/{rel}","templated":true}]}}