{"id":1510,"date":"2023-07-20T12:13:59","date_gmt":"2023-07-20T12:13:59","guid":{"rendered":"http:\/\/keybox.nl\/?page_id=1510"},"modified":"2023-07-25T09:42:43","modified_gmt":"2023-07-25T09:42:43","slug":"geldkluis-bestellen","status":"publish","type":"page","link":"https:\/\/keybox.nl\/es\/geldkluis-bestellen\/","title":{"rendered":"Encargar una caja fuerte para dinero"},"content":{"rendered":"<div class=\"wp-block-cover alignfull\" style=\"min-height:200px;aspect-ratio:unset;\"><span aria-hidden=\"true\" class=\"wp-block-cover__background has-background-dim-60 has-background-dim\"><\/span><img decoding=\"async\" width=\"1920\" height=\"2560\" class=\"wp-block-cover__image-background wp-image-126\" alt=\"Kluis\" src=\"http:\/\/keybox.nl\/wp-content\/uploads\/2021\/12\/KSB103-KSB005-4-scaled.jpg\" style=\"object-position:50% 50%\" data-object-fit=\"cover\" data-object-position=\"50% 50%\" srcset=\"https:\/\/keybox.nl\/wp-content\/uploads\/2021\/12\/KSB103-KSB005-4-scaled.jpg 1920w, https:\/\/keybox.nl\/wp-content\/uploads\/2021\/12\/KSB103-KSB005-4-416x555.jpg 416w, https:\/\/keybox.nl\/wp-content\/uploads\/2021\/12\/KSB103-KSB005-4-225x300.jpg 225w, https:\/\/keybox.nl\/wp-content\/uploads\/2021\/12\/KSB103-KSB005-4-768x1024.jpg 768w, https:\/\/keybox.nl\/wp-content\/uploads\/2021\/12\/KSB103-KSB005-4-1152x1536.jpg 1152w, https:\/\/keybox.nl\/wp-content\/uploads\/2021\/12\/KSB103-KSB005-4-1536x2048.jpg 1536w, https:\/\/keybox.nl\/wp-content\/uploads\/2021\/12\/KSB103-KSB005-4-1320x1760.jpg 1320w\" sizes=\"(max-width: 1920px) 100vw, 1920px\" \/><div class=\"wp-block-cover__inner-container is-layout-flow wp-block-cover-is-layout-flow\">\n<h1 class=\"wp-block-heading alignwide has-text-align-left has-white-color has-text-color\" style=\"font-size:40px\">Encargar una caja fuerte para dinero<\/h1>\n\n\n\n<div class=\"wp-block-columns alignwide is-layout-flex wp-container-core-columns-is-layout-28f84493 wp-block-columns-is-layout-flex\">\n<div class=\"wp-block-column is-layout-flow wp-block-column-is-layout-flow\" style=\"flex-basis:55%\">\n<div class=\"wp-block-buttons is-layout-flex wp-block-buttons-is-layout-flex\">\n<div class=\"wp-block-button cta-knop alignleft\"><a class=\"wp-block-button__link has-black-color has-white-background-color has-text-color has-background wp-element-button\" href=\"http:\/\/keybox.nl\/es\/\">A la tienda virtual<\/a><\/div>\n<\/div>\n<\/div>\n<\/div>\n<\/div><\/div>\n\n\n\n<div style=\"height:50px\" aria-hidden=\"true\" class=\"wp-block-spacer\"><\/div>\n\n\n\n<div class=\"wp-block-group alignfull is-content-justification-center is-layout-flex wp-container-core-group-is-layout-81a7f686 wp-block-group-is-layout-flex\">\n<p class=\"usps has-normal-font-size\">F\u00e1cil de usar<\/p>\n\n\n\n<p>\u2713 Resistente y seguro<\/p>\n\n\n\n<p>\u2713 Varios modelos<\/p>\n<\/div>\n\n\n\n<style>\nh1.entry-title {\ndisplay:none;\n}\n\n.cta-knop {\nmargin-left: 35px !important;\n}\n\n.cta-knop:hover {\nopacity: 0.75;\n}\n\n@media only screen and (max-width: 1064px) {\n.cta-knop {\nmargin-left: 0px !important;\n}\n\n.wp-block-group.alignfull {\n    display: flex;\n    flex-direction: column;\n}\n}\n<\/style>\n\n\n\n<div style=\"height:100px\" aria-hidden=\"true\" class=\"wp-block-spacer\"><\/div>\n\n\n\n<p class=\"has-text-align-left align-left has-black-color has-text-color has-normal-font-size\">\u00bfDesea encargar una caja fuerte para dinero? Entonces Keybox.es es el sitio web que est\u00e1 buscando. Ofrecemos cajas fuertes de una calidad especialmente alta. Nuestras cajas fuertes son compactas, por lo que no llaman la atenci\u00f3n. Adem\u00e1s, son totalmente antirrobo e ign\u00edfugas. Descubra aqu\u00ed todos nuestros modelos.<\/p>\n\n\n\n<div style=\"height:100px\" aria-hidden=\"true\" class=\"wp-block-spacer\"><\/div>\n\n\n\n<div class=\"wp-block-group is-content-justification-center is-layout-flex wp-container-core-group-is-layout-81a7f686 wp-block-group-is-layout-flex\">\n<div class=\"wp-block-media-text alignwide is-stacked-on-mobile is-vertically-aligned-center\" style=\"grid-template-columns:40% auto\"><figure class=\"wp-block-media-text__media\"><img decoding=\"async\" width=\"1024\" height=\"1024\" src=\"http:\/\/keybox.nl\/wp-content\/uploads\/2021\/12\/KSB_102_1-1024x1024.jpg\" alt=\"\" class=\"wp-image-104 size-full\"\/><\/figure><div class=\"wp-block-media-text__content\">\n<h2 class=\"wp-block-heading\">Pida una caja fuerte para su dinero y est\u00e9 tranquilo<\/h2>\n\n\n\n<p>Cuando tiene una gran cantidad de dinero en efectivo en su negocio, obviamente quiere evitar que se lo roben. Por eso es importante encargar una caja fuerte de calidad. En nuestra tienda online puede encargar <a href=\"http:\/\/keybox.nl\/es\/\">comprar cajas fuertes<\/a> para objetos peque\u00f1os, como dinero en efectivo. Nuestras cajas fuertes han sido sometidas a pruebas exhaustivas y est\u00e1n equipadas con las tecnolog\u00edas m\u00e1s avanzadas, por lo que puede contar con una protecci\u00f3n \u00f3ptima. Por supuesto, tambi\u00e9n es posible disponer de estas <a href=\"http:\/\/keybox.nl\/es\/kluis-kopen-voor-thuis\/\">caja fuerte dom\u00e9stica<\/a> comprar. Al fin y al cabo, usted tambi\u00e9n quiere proteger sus pertenencias en casa contra robos o incendios.<\/p>\n<\/div><\/div>\n<\/div>\n\n\n\n<div style=\"height:100px\" aria-hidden=\"true\" class=\"wp-block-spacer\"><\/div>\n\n\n\n<h2 class=\"wp-block-heading has-text-align-center\"><strong>\u00bfQuiere encargarnos una caja fuerte?<\/strong><\/h2>\n\n\n\n<div class=\"wp-block-buttons is-content-justification-center is-layout-flex wp-container-core-buttons-is-layout-a89b3969 wp-block-buttons-is-layout-flex\">\n<div class=\"wp-block-button is-style-outline is-style-outline--1\"><a class=\"wp-block-button__link wp-element-button\" href=\"http:\/\/keybox.nl\/es\/\">Ver la tienda virtual<\/a><\/div>\n<\/div>\n\n\n\n<div style=\"height:100px\" aria-hidden=\"true\" class=\"wp-block-spacer\"><\/div>\n\n\n\n<div class=\"wp-block-group is-content-justification-center is-layout-flex wp-container-core-group-is-layout-81a7f686 wp-block-group-is-layout-flex\">\n<div class=\"wp-block-media-text alignwide has-media-on-the-right is-stacked-on-mobile is-vertically-aligned-center\" style=\"grid-template-columns:auto 40%\"><div class=\"wp-block-media-text__content\">\n<h3 class=\"wp-block-heading has-text-color\" style=\"color:#000000;font-size:32px\"><strong>Realice su pedido r\u00e1pidamente<\/strong><\/h3>\n\n\n\n<p>\u00bfDesea encargar una caja fuerte para dinero de calidad? Entonces no lo dude m\u00e1s y eche un vistazo a todas las cajas fuertes de nuestro sitio web. Seguro que hay una adecuada para usted. Nuestros expertos tambi\u00e9n estar\u00e1n encantados de ayudarle con el <a href=\"http:\/\/keybox.nl\/es\/montage-installatie\/\">montaje de la caja fuerte<\/a>. \u00bfLe gustar\u00eda ver primero nuestras cajas fuertes con sus propios ojos? Entonces ll\u00e9vese <a href=\"http:\/\/keybox.nl\/es\/contact\/\">Contacto<\/a> para concertar una cita en nuestra sucursal de Bussum.<\/p>\n<\/div><figure class=\"wp-block-media-text__media\"><img decoding=\"async\" width=\"600\" height=\"800\" src=\"http:\/\/keybox.nl\/wp-content\/uploads\/2021\/12\/Extra-Armor-KSB.jpg\" alt=\"Kluis los\" class=\"wp-image-103 size-full\" srcset=\"https:\/\/keybox.nl\/wp-content\/uploads\/2021\/12\/Extra-Armor-KSB.jpg 600w, https:\/\/keybox.nl\/wp-content\/uploads\/2021\/12\/Extra-Armor-KSB-416x555.jpg 416w, https:\/\/keybox.nl\/wp-content\/uploads\/2021\/12\/Extra-Armor-KSB-225x300.jpg 225w\" sizes=\"(max-width: 600px) 100vw, 600px\" \/><\/figure><\/div>\n<\/div>\n\n\n\n<div style=\"height:50px\" aria-hidden=\"true\" class=\"wp-block-spacer\"><\/div>\n\n\n\n<h2 class=\"wp-block-heading alignwide has-text-align-left form-titel\"><strong>\u00bfTiene preguntas sobre seguridad?<\/strong><\/h2>\n\n\n<div class=\"wp-block-jetpack-contact-form alignwide is-layout-flex wp-container-jetpack-contact-form-is-layout-2b4208ba wp-block-jetpack-contact-form-is-layout-flex\"><a href=\"https:\/\/keybox.nl\/es\/geldkluis-bestellen\/\" target=\"_blank\" rel=\"noopener noreferrer\">Env\u00eda un formulario.<\/a><\/div>\n\n\n<p><\/p>","protected":false},"excerpt":{"rendered":"<p>\u2713 Gebruiksvriendelijk \u2713 Bestendig en veilig \u2713 Diverse modellen Wilt u graag een geldkluis bestellen? Dan is Keybox.nl de website die u zoekt. Wij bieden kluizen aan van bijzonder hoge kwaliteit. Onze kluizen zijn compact, waardoor ze niet opvallen. Bovendien zijn ze volledig inbraakwerend en brandbeschermend. Ontdek hier alles over onze verschillende modellen! Geef uzelf [&hellip;]<\/p>\n","protected":false},"author":1,"featured_media":0,"parent":0,"menu_order":0,"comment_status":"closed","ping_status":"closed","template":"template-fullwidth.php","meta":{"footnotes":""},"class_list":["post-1510","page","type-page","status-publish","hentry"],"yoast_head":"<!-- This site is optimized with the Yoast SEO plugin v27.4 - https:\/\/yoast.com\/product\/yoast-seo-wordpress\/ -->\n<title>Een hoogwaardige geldkluis bestellen -<\/title>\n<meta name=\"description\" content=\"Wilt u graag een geldkluis bestellen om uw contant geld veilig te houden? Neem dan een kijkje in ons aanbod en ontdek onze kwalitatieve kluizen.\" \/>\n<meta name=\"robots\" content=\"index, follow, max-snippet:-1, max-image-preview:large, max-video-preview:-1\" \/>\n<link rel=\"canonical\" href=\"https:\/\/keybox.nl\/es\/geldkluis-bestellen\/\" \/>\n<meta property=\"og:locale\" content=\"es_ES\" \/>\n<meta property=\"og:type\" content=\"article\" \/>\n<meta property=\"og:title\" content=\"Een hoogwaardige geldkluis bestellen -\" \/>\n<meta property=\"og:description\" content=\"Wilt u graag een geldkluis bestellen om uw contant geld veilig te houden? Neem dan een kijkje in ons aanbod en ontdek onze kwalitatieve kluizen.\" \/>\n<meta property=\"og:url\" content=\"https:\/\/keybox.nl\/es\/geldkluis-bestellen\/\" \/>\n<meta property=\"article:modified_time\" content=\"2023-07-25T09:42:43+00:00\" \/>\n<meta property=\"og:image\" content=\"http:\/\/keybox.nl\/wp-content\/uploads\/2021\/12\/KSB103-KSB005-4-scaled.jpg\" \/>\n<meta name=\"twitter:card\" content=\"summary_large_image\" \/>\n<meta name=\"twitter:label1\" content=\"Tiempo de lectura\" \/>\n\t<meta name=\"twitter:data1\" content=\"2 minutos\" \/>\n<script type=\"application\/ld+json\" class=\"yoast-schema-graph\">{\"@context\":\"https:\\\/\\\/schema.org\",\"@graph\":[{\"@type\":\"WebPage\",\"@id\":\"https:\\\/\\\/keybox.nl\\\/geldkluis-bestellen\\\/\",\"url\":\"https:\\\/\\\/keybox.nl\\\/geldkluis-bestellen\\\/\",\"name\":\"Een hoogwaardige geldkluis bestellen -\",\"isPartOf\":{\"@id\":\"https:\\\/\\\/keybox.nl\\\/#website\"},\"primaryImageOfPage\":{\"@id\":\"https:\\\/\\\/keybox.nl\\\/geldkluis-bestellen\\\/#primaryimage\"},\"image\":{\"@id\":\"https:\\\/\\\/keybox.nl\\\/geldkluis-bestellen\\\/#primaryimage\"},\"thumbnailUrl\":\"http:\\\/\\\/keybox.nl\\\/wp-content\\\/uploads\\\/2021\\\/12\\\/KSB103-KSB005-4-scaled.jpg\",\"datePublished\":\"2023-07-20T12:13:59+00:00\",\"dateModified\":\"2023-07-25T09:42:43+00:00\",\"description\":\"Wilt u graag een geldkluis bestellen om uw contant geld veilig te houden? Neem dan een kijkje in ons aanbod en ontdek onze kwalitatieve kluizen.\",\"breadcrumb\":{\"@id\":\"https:\\\/\\\/keybox.nl\\\/geldkluis-bestellen\\\/#breadcrumb\"},\"inLanguage\":\"es\",\"potentialAction\":[{\"@type\":\"ReadAction\",\"target\":[\"https:\\\/\\\/keybox.nl\\\/geldkluis-bestellen\\\/\"]}]},{\"@type\":\"ImageObject\",\"inLanguage\":\"es\",\"@id\":\"https:\\\/\\\/keybox.nl\\\/geldkluis-bestellen\\\/#primaryimage\",\"url\":\"http:\\\/\\\/keybox.nl\\\/wp-content\\\/uploads\\\/2021\\\/12\\\/KSB103-KSB005-4-scaled.jpg\",\"contentUrl\":\"http:\\\/\\\/keybox.nl\\\/wp-content\\\/uploads\\\/2021\\\/12\\\/KSB103-KSB005-4-scaled.jpg\"},{\"@type\":\"BreadcrumbList\",\"@id\":\"https:\\\/\\\/keybox.nl\\\/geldkluis-bestellen\\\/#breadcrumb\",\"itemListElement\":[{\"@type\":\"ListItem\",\"position\":1,\"name\":\"Home\",\"item\":\"https:\\\/\\\/keybox.nl\\\/\"},{\"@type\":\"ListItem\",\"position\":2,\"name\":\"Geldkluis bestellen\"}]},{\"@type\":\"WebSite\",\"@id\":\"https:\\\/\\\/keybox.nl\\\/#website\",\"url\":\"https:\\\/\\\/keybox.nl\\\/\",\"name\":\"\",\"description\":\"\",\"potentialAction\":[{\"@type\":\"SearchAction\",\"target\":{\"@type\":\"EntryPoint\",\"urlTemplate\":\"https:\\\/\\\/keybox.nl\\\/?s={search_term_string}\"},\"query-input\":{\"@type\":\"PropertyValueSpecification\",\"valueRequired\":true,\"valueName\":\"search_term_string\"}}],\"inLanguage\":\"es\"}]}<\/script>\n<!-- \/ Yoast SEO plugin. -->","yoast_head_json":{"title":"Encargar una caja fuerte para dinero de alta calidad -","description":"\u00bfDesea encargar una caja fuerte para guardar su dinero? Entonces eche un vistazo a nuestra gama y descubra nuestras cajas fuertes de alta calidad.","robots":{"index":"index","follow":"follow","max-snippet":"max-snippet:-1","max-image-preview":"max-image-preview:large","max-video-preview":"max-video-preview:-1"},"canonical":"https:\/\/keybox.nl\/es\/geldkluis-bestellen\/","og_locale":"es_ES","og_type":"article","og_title":"Een hoogwaardige geldkluis bestellen -","og_description":"Wilt u graag een geldkluis bestellen om uw contant geld veilig te houden? Neem dan een kijkje in ons aanbod en ontdek onze kwalitatieve kluizen.","og_url":"https:\/\/keybox.nl\/es\/geldkluis-bestellen\/","article_modified_time":"2023-07-25T09:42:43+00:00","og_image":[{"url":"http:\/\/keybox.nl\/wp-content\/uploads\/2021\/12\/KSB103-KSB005-4-scaled.jpg","type":"","width":"","height":""}],"twitter_card":"summary_large_image","twitter_misc":{"Tiempo de lectura":"2 minutos"},"schema":{"@context":"https:\/\/schema.org","@graph":[{"@type":"WebPage","@id":"https:\/\/keybox.nl\/geldkluis-bestellen\/","url":"https:\/\/keybox.nl\/geldkluis-bestellen\/","name":"Encargar una caja fuerte para dinero de alta calidad -","isPartOf":{"@id":"https:\/\/keybox.nl\/#website"},"primaryImageOfPage":{"@id":"https:\/\/keybox.nl\/geldkluis-bestellen\/#primaryimage"},"image":{"@id":"https:\/\/keybox.nl\/geldkluis-bestellen\/#primaryimage"},"thumbnailUrl":"http:\/\/keybox.nl\/wp-content\/uploads\/2021\/12\/KSB103-KSB005-4-scaled.jpg","datePublished":"2023-07-20T12:13:59+00:00","dateModified":"2023-07-25T09:42:43+00:00","description":"\u00bfDesea encargar una caja fuerte para guardar su dinero? Entonces eche un vistazo a nuestra gama y descubra nuestras cajas fuertes de alta calidad.","breadcrumb":{"@id":"https:\/\/keybox.nl\/geldkluis-bestellen\/#breadcrumb"},"inLanguage":"es","potentialAction":[{"@type":"ReadAction","target":["https:\/\/keybox.nl\/geldkluis-bestellen\/"]}]},{"@type":"ImageObject","inLanguage":"es","@id":"https:\/\/keybox.nl\/geldkluis-bestellen\/#primaryimage","url":"http:\/\/keybox.nl\/wp-content\/uploads\/2021\/12\/KSB103-KSB005-4-scaled.jpg","contentUrl":"http:\/\/keybox.nl\/wp-content\/uploads\/2021\/12\/KSB103-KSB005-4-scaled.jpg"},{"@type":"BreadcrumbList","@id":"https:\/\/keybox.nl\/geldkluis-bestellen\/#breadcrumb","itemListElement":[{"@type":"ListItem","position":1,"name":"Home","item":"https:\/\/keybox.nl\/"},{"@type":"ListItem","position":2,"name":"Geldkluis bestellen"}]},{"@type":"WebSite","@id":"https:\/\/keybox.nl\/#website","url":"https:\/\/keybox.nl\/","name":"","description":"","potentialAction":[{"@type":"SearchAction","target":{"@type":"EntryPoint","urlTemplate":"https:\/\/keybox.nl\/?s={search_term_string}"},"query-input":{"@type":"PropertyValueSpecification","valueRequired":true,"valueName":"search_term_string"}}],"inLanguage":"es"}]}},"jetpack-related-posts":[{"id":540,"url":"https:\/\/keybox.nl\/es\/afstortkluis-bestellen\/","url_meta":{"origin":1510,"position":0},"title":"Pedir una caja fuerte","author":"Keybox@beheermodule","date":"11 marzo 2022","format":false,"excerpt":"Pida una caja fuerte de dep\u00f3sito \u00a1A la tienda web! \u2713 F\u00e1cil de usar \u2713 Resistente y segura \u2713 Varios modelos Una caja fuerte de dep\u00f3sito es una opci\u00f3n ideal para encargar cuando desea guardar llaves u otros objetos peque\u00f1os de forma segura en su negocio. Gracias al sistema de dep\u00f3sito inteligente y a las paredes de madera maciza, nuestras cajas fuertes...","rel":"","context":"Entrada similar","block_context":{"text":"Entrada similar","link":""},"img":{"alt_text":"","src":"https:\/\/i0.wp.com\/keybox.nl\/wp-content\/uploads\/2022\/01\/IMG_5363-scaled-e1643386544179.jpg?resize=350%2C200&ssl=1","width":350,"height":200},"classes":[]},{"id":558,"url":"https:\/\/keybox.nl\/es\/cijferslot-kluis-bestellen\/","url_meta":{"origin":1510,"position":1},"title":"Pedir una caja fuerte con cerradura de combinaci\u00f3n","author":"Keybox@beheermodule","date":"11 marzo 2022","format":false,"excerpt":"Pedir caja fuerte con cerradura de combinaci\u00f3n \u00a1A la tienda web! F\u00e1cil de usar \u2713 Resistente y segura \u2713 Varios modelos Una cerradura de combinaci\u00f3n en su caja fuerte es una buena elecci\u00f3n cuando desea encargar una caja fuerte. Una cerradura de combinaci\u00f3n proporciona una excelente seguridad para sus objetos de valor, ya que un c\u00f3digo num\u00e9rico es dif\u00edcil de descifrar. Eso...","rel":"","context":"Entrada similar","block_context":{"text":"Entrada similar","link":""},"img":{"alt_text":"Digibox Ral 5010 Keybox","src":"https:\/\/i0.wp.com\/keybox.nl\/wp-content\/uploads\/2022\/02\/digibox-keybox-RAL-5010.jpg?resize=350%2C200&ssl=1","width":350,"height":200,"srcset":"https:\/\/i0.wp.com\/keybox.nl\/wp-content\/uploads\/2022\/02\/digibox-keybox-RAL-5010.jpg?resize=350%2C200&ssl=1 1x, https:\/\/i0.wp.com\/keybox.nl\/wp-content\/uploads\/2022\/02\/digibox-keybox-RAL-5010.jpg?resize=525%2C300&ssl=1 1.5x, https:\/\/i0.wp.com\/keybox.nl\/wp-content\/uploads\/2022\/02\/digibox-keybox-RAL-5010.jpg?resize=700%2C400&ssl=1 2x, https:\/\/i0.wp.com\/keybox.nl\/wp-content\/uploads\/2022\/02\/digibox-keybox-RAL-5010.jpg?resize=1050%2C600&ssl=1 3x, https:\/\/i0.wp.com\/keybox.nl\/wp-content\/uploads\/2022\/02\/digibox-keybox-RAL-5010.jpg?resize=1400%2C800&ssl=1 4x"},"classes":[]},{"id":30,"url":"https:\/\/keybox.nl\/es\/","url_meta":{"origin":1510,"position":2},"title":"Comprar armarios seguros para llaves","author":"Keybox@beheermodule","date":"30 noviembre 2021","format":false,"excerpt":"En Keybox.es, puede comprar una caja fuerte robusta o cajas fuertes con llave segura, entre otras cosas. Ofrecemos varios tipos de cajas fuertes; desde sutiles cajas fuertes para llaves hasta cajas fuertes de pared con rueda de dep\u00f3sito. Con nosotros, puede encargar una caja fuerte para su negocio, pero tambi\u00e9n para su hogar. Gracias a nuestra amplia gama de cajas fuertes con llave,...","rel":"","context":"Con 1 comentario","block_context":{"text":"Con 1 comentario","link":"https:\/\/keybox.nl\/es\/#comments"},"img":{"alt_text":"","src":"","width":0,"height":0},"classes":[]},{"id":1528,"url":"https:\/\/keybox.nl\/es\/elektronische-sleutelkluis-kopen\/","url_meta":{"origin":1510,"position":3},"title":"llave-electronica compra-segura","author":"Keybox@beheermodule","date":"20 julio 2023","format":false,"excerpt":"Comprar caja fuerte con llave electr\u00f3nica \u00a1A la tienda web! \u2713 F\u00e1cil de usar \u2713 Resistente y segura \u2713 Varios modelos Comprar una caja fuerte electr\u00f3nica para llaves es el primer paso a la hora de garantizar la seguridad de su negocio o su hogar. Keybox.es le ofrece la soluci\u00f3n que se adapta perfectamente a sus necesidades. Estas cajas fuertes...","rel":"","context":"Entrada similar","block_context":{"text":"Entrada similar","link":""},"img":{"alt_text":"","src":"https:\/\/i0.wp.com\/keybox.nl\/wp-content\/uploads\/2023\/02\/Keysafe-Big-Pro-sleutelkastje_keybox.jpeg?resize=350%2C200&ssl=1","width":350,"height":200,"srcset":"https:\/\/i0.wp.com\/keybox.nl\/wp-content\/uploads\/2023\/02\/Keysafe-Big-Pro-sleutelkastje_keybox.jpeg?resize=350%2C200&ssl=1 1x, https:\/\/i0.wp.com\/keybox.nl\/wp-content\/uploads\/2023\/02\/Keysafe-Big-Pro-sleutelkastje_keybox.jpeg?resize=525%2C300&ssl=1 1.5x, https:\/\/i0.wp.com\/keybox.nl\/wp-content\/uploads\/2023\/02\/Keysafe-Big-Pro-sleutelkastje_keybox.jpeg?resize=700%2C400&ssl=1 2x"},"classes":[]},{"id":1509,"url":"https:\/\/keybox.nl\/es\/digitaal-sleutelbeheersysteem\/","url_meta":{"origin":1510,"position":4},"title":"sistema de gesti\u00f3n de claves digitales","author":"Keybox@beheermodule","date":"20 julio 2023","format":false,"excerpt":"Sistema digital de gesti\u00f3n de llaves \u00a1A la tienda web! \u2713 F\u00e1cil de usar \u2713 Resistente y seguro \u2713 Varios modelos \u00bfEst\u00e1 interesado en un sistema digital de gesti\u00f3n de llaves? Entonces nuestra Digibox con siete ganchos para llaves es exactamente lo que est\u00e1 buscando. Gracias a este ingenioso sistema, podr\u00e1 gestionar las llaves dentro de su empresa de forma segura y precisa....","rel":"","context":"Entrada similar","block_context":{"text":"Entrada similar","link":""},"img":{"alt_text":"Digibox Ral 5010 Keybox","src":"https:\/\/i0.wp.com\/keybox.nl\/wp-content\/uploads\/2022\/02\/digibox-keybox-RAL-5010.jpg?resize=350%2C200&ssl=1","width":350,"height":200,"srcset":"https:\/\/i0.wp.com\/keybox.nl\/wp-content\/uploads\/2022\/02\/digibox-keybox-RAL-5010.jpg?resize=350%2C200&ssl=1 1x, https:\/\/i0.wp.com\/keybox.nl\/wp-content\/uploads\/2022\/02\/digibox-keybox-RAL-5010.jpg?resize=525%2C300&ssl=1 1.5x, https:\/\/i0.wp.com\/keybox.nl\/wp-content\/uploads\/2022\/02\/digibox-keybox-RAL-5010.jpg?resize=700%2C400&ssl=1 2x, https:\/\/i0.wp.com\/keybox.nl\/wp-content\/uploads\/2022\/02\/digibox-keybox-RAL-5010.jpg?resize=1050%2C600&ssl=1 3x, https:\/\/i0.wp.com\/keybox.nl\/wp-content\/uploads\/2022\/02\/digibox-keybox-RAL-5010.jpg?resize=1400%2C800&ssl=1 4x"},"classes":[]},{"id":1508,"url":"https:\/\/keybox.nl\/es\/brandkluis-voor-thuis\/","url_meta":{"origin":1510,"position":5},"title":"Seguridad contra incendios para el hogar","author":"Keybox@beheermodule","date":"20 julio 2023","format":false,"excerpt":"B\u00f3veda ign\u00edfuga para el hogar. \u00a1Ir a la tienda web! \u2713 F\u00e1cil de usar \u2713 Resistente y seguro \u2713 Varios modelos. \u00bfEst\u00e1 buscando una buena b\u00f3veda ign\u00edfuga para su hogar? Entonces las b\u00f3vedas de Keybox.nl le interesar\u00e1n. Ofrecemos todo tipo de b\u00f3vedas en las que sus llaves, dinero en efectivo u otros objetos de valor\u2026","rel":"","context":"Entrada similar","block_context":{"text":"Entrada similar","link":""},"img":{"alt_text":"","src":"https:\/\/i0.wp.com\/keybox.nl\/wp-content\/uploads\/2021\/12\/KSB_102_1-e1638478691321.jpg?resize=350%2C200&ssl=1","width":350,"height":200,"srcset":"https:\/\/i0.wp.com\/keybox.nl\/wp-content\/uploads\/2021\/12\/KSB_102_1-e1638478691321.jpg?resize=350%2C200&ssl=1 1x, https:\/\/i0.wp.com\/keybox.nl\/wp-content\/uploads\/2021\/12\/KSB_102_1-e1638478691321.jpg?resize=525%2C300&ssl=1 1.5x, https:\/\/i0.wp.com\/keybox.nl\/wp-content\/uploads\/2021\/12\/KSB_102_1-e1638478691321.jpg?resize=700%2C400&ssl=1 2x"},"classes":[]}],"jetpack_sharing_enabled":true,"_links":{"self":[{"href":"https:\/\/keybox.nl\/es\/wp-json\/wp\/v2\/pages\/1510","targetHints":{"allow":["GET"]}}],"collection":[{"href":"https:\/\/keybox.nl\/es\/wp-json\/wp\/v2\/pages"}],"about":[{"href":"https:\/\/keybox.nl\/es\/wp-json\/wp\/v2\/types\/page"}],"author":[{"embeddable":true,"href":"https:\/\/keybox.nl\/es\/wp-json\/wp\/v2\/users\/1"}],"replies":[{"embeddable":true,"href":"https:\/\/keybox.nl\/es\/wp-json\/wp\/v2\/comments?post=1510"}],"version-history":[{"count":7,"href":"https:\/\/keybox.nl\/es\/wp-json\/wp\/v2\/pages\/1510\/revisions"}],"predecessor-version":[{"id":1652,"href":"https:\/\/keybox.nl\/es\/wp-json\/wp\/v2\/pages\/1510\/revisions\/1652"}],"wp:attachment":[{"href":"https:\/\/keybox.nl\/es\/wp-json\/wp\/v2\/media?parent=1510"}],"curies":[{"name":"wp","href":"https:\/\/api.w.org\/{rel}","templated":true}]}}