{"id":1400,"date":"2023-02-16T10:58:47","date_gmt":"2023-02-16T10:58:47","guid":{"rendered":"http:\/\/keybox.nl\/?page_id=1400"},"modified":"2026-02-11T09:11:55","modified_gmt":"2026-02-11T09:11:55","slug":"montage-installatie","status":"publish","type":"page","link":"https:\/\/keybox.nl\/es\/montage-installatie\/","title":{"rendered":"Montaje e instalaci\u00f3n de su caja fuerte"},"content":{"rendered":"<p>\u00bfQuiere comprar una caja fuerte y que se la instale un profesional? Elija Keybox.es<\/p>\n\n\n\n<p>En&nbsp;<strong>Keybox.es<\/strong>&nbsp;no s\u00f3lo puede ir a comprar una caja fuerte, sino tambi\u00e9n el&nbsp;<strong>montaje e instalaci\u00f3n de su caja fuerte por expertos<\/strong>. Ofrecemos un servicio completo: desde el asesoramiento personal hasta la instalaci\u00f3n profesional in situ. Esto garantiza la m\u00e1xima seguridad y comodidad.<\/p>\n\n\n\n<h3 class=\"wp-block-heading\">Equipo de instalaci\u00f3n experimentado para el montaje de c\u00e1maras acorazadas<\/h3>\n\n\n\n<p>Nuestro experimentado equipo de instalaci\u00f3n ya ha&nbsp;<strong>innumerables cajas fuertes montadas y ancladas<\/strong>&nbsp;tanto a particulares como a empresas. Ya se trate de&nbsp;<strong>caja fuerte antirrobo, caja fuerte ign\u00edfuga, caja fuerte de suelo o caja fuerte para armas<\/strong>, Garantizamos una instalaci\u00f3n segura y correcta de acuerdo con las normas aplicables.<\/p>\n\n\n\n<p>Instalar una caja fuerte correctamente es esencial para la seguridad y para la validez de cualquier reclamaci\u00f3n al seguro. Por eso estaremos encantados de asesorarle:<\/p>\n\n\n\n<ul class=\"wp-block-list\">\n<li>Colocaci\u00f3n adecuada de la caja fuerte<\/li>\n\n\n\n<li>Anclaje profesional en suelo o pared<\/li>\n\n\n\n<li>Instalaci\u00f3n conforme a las directrices del seguro<\/li>\n\n\n\n<li>La mejor soluci\u00f3n para su situaci\u00f3n<\/li>\n<\/ul>\n\n\n\n<h3 class=\"wp-block-heading\">Instalaci\u00f3n conforme a los requisitos del seguro (por ejemplo, Bovemij)<\/h3>\n\n\n\n<p>En cooperaci\u00f3n con, entre otros\u00a0<strong>compa\u00f1\u00eda de seguros Bovemij<\/strong>\u00a0realizamos las instalaciones de acuerdo con sus requisitos espec\u00edficos. Esto significa que cualquier da\u00f1o est\u00e1 totalmente cubierto y que usted\u00a0<strong>ning\u00fan exceso<\/strong>\u00a0tiene en caso de aver\u00eda.<\/p>\n\n\n\n<h3 class=\"wp-block-heading\">Oferta total de entrega e instalaci\u00f3n<\/h3>\n\n\n\n<p>Estaremos encantados de&nbsp;<strong>oferta total para la entrega e instalaci\u00f3n de su caja fuerte<\/strong>. As\u00ed sabr\u00e1 exactamente a qu\u00e9 atenerse de antemano y se beneficiar\u00e1 de un \u00fanico punto de contacto para todo el proceso.<\/p>\n\n\n\n<p>\u00bfQuiere comprar una caja fuerte con instalaci\u00f3n profesional incluida?<br>P\u00f3ngase en contacto con&nbsp;<strong>Keybox.es<\/strong>&nbsp;Para obtener asesoramiento experto y un presupuesto sin compromiso.luis.<\/p>\n\n\n\n<h2 class=\"wp-block-heading has-text-align-center\"><strong>\u00bfLe interesa encargarnos una caja fuerte?<\/strong><\/h2>\n\n\n\n<div class=\"wp-block-buttons is-content-justification-center is-layout-flex wp-container-core-buttons-is-layout-a89b3969 wp-block-buttons-is-layout-flex\">\n<div class=\"wp-block-button is-style-outline is-style-outline--1\"><a class=\"wp-block-button__link wp-element-button\">Ver la tienda virtual<\/a><\/div>\n<\/div>\n\n\n\n<h3 class=\"wp-block-heading\">Solicite un presupuesto sin compromiso<\/h3>\n\n\n\n<p>\u00bfEst\u00e1 interesado en alguno de nuestros <a href=\"http:\/\/keybox.nl\/es\/inbraakwerende-kluis-kopen\/\">cajas fuertes antirrobo<\/a> y quiere dejar el montaje de su caja fuerte en manos de nuestros expertos? Entonces solicite un presupuesto sin compromiso o concierte una cita con nosotros en Bussum para <a href=\"http:\/\/keybox.nl\/es\/advies-sleutelkluis-opvragen\/\">consejos para su caja fuerte<\/a>. Puede ponerse en contacto con nosotros a trav\u00e9s de <a href=\"http:\/\/keybox.nl\/es\/contact\/\">formulario de contacto<\/a> o llamando al <a href=\"tel:0031355330658\">+31 355330658<\/a>.<\/p>\n\n\n<div class=\"wp-block-image\">\n<figure class=\"alignleft size-full is-resized\"><img decoding=\"async\" width=\"900\" height=\"364\" src=\"http:\/\/keybox.nl\/wp-content\/uploads\/2023\/02\/Bestelbus-keybox.jpg\" alt=\"Servicewage Keysecuritybox\" class=\"wp-image-1407\" style=\"width:554px;height:223px\" srcset=\"https:\/\/keybox.nl\/wp-content\/uploads\/2023\/02\/Bestelbus-keybox.jpg 900w, https:\/\/keybox.nl\/wp-content\/uploads\/2023\/02\/Bestelbus-keybox-416x168.jpg 416w, https:\/\/keybox.nl\/wp-content\/uploads\/2023\/02\/Bestelbus-keybox-300x121.jpg 300w, https:\/\/keybox.nl\/wp-content\/uploads\/2023\/02\/Bestelbus-keybox-768x311.jpg 768w\" sizes=\"(max-width: 900px) 100vw, 900px\" \/><\/figure>\n<\/div>","protected":false},"excerpt":{"rendered":"<p>Kluis kopen \u00e9n professioneel laten installeren? Kies voor Keybox.nl Bij&nbsp;Keybox.nl&nbsp;kunt u niet alleen terecht voor het kopen van een kluis, maar ook voor de&nbsp;vakkundige montage en installatie van uw kluis. Wij bieden een complete service: van persoonlijk advies tot professionele plaatsing op locatie. Zo bent u verzekerd van maximale veiligheid \u00e9n gebruiksgemak. Ervaren installatieteam voor [&hellip;]<\/p>\n","protected":false},"author":1,"featured_media":0,"parent":0,"menu_order":0,"comment_status":"closed","ping_status":"closed","template":"","meta":{"footnotes":""},"class_list":["post-1400","page","type-page","status-publish","hentry"],"yoast_head":"<!-- This site is optimized with the Yoast SEO plugin v27.4 - https:\/\/yoast.com\/product\/yoast-seo-wordpress\/ -->\n<title>Montage van uw nieuwe kluis -<\/title>\n<meta name=\"description\" content=\"Wanneer u bij ons een kluis aankoopt, verzorgen wij ook de montage. Schakel ons ervaren installatieteam in voor de installatie en loop geen enkel risico.\" \/>\n<meta name=\"robots\" content=\"index, follow, max-snippet:-1, max-image-preview:large, max-video-preview:-1\" \/>\n<link rel=\"canonical\" href=\"https:\/\/keybox.nl\/es\/montage-installatie\/\" \/>\n<meta property=\"og:locale\" content=\"es_ES\" \/>\n<meta property=\"og:type\" content=\"article\" \/>\n<meta property=\"og:title\" content=\"Montage van uw nieuwe kluis -\" \/>\n<meta property=\"og:description\" content=\"Wanneer u bij ons een kluis aankoopt, verzorgen wij ook de montage. Schakel ons ervaren installatieteam in voor de installatie en loop geen enkel risico.\" \/>\n<meta property=\"og:url\" content=\"https:\/\/keybox.nl\/es\/montage-installatie\/\" \/>\n<meta property=\"article:modified_time\" content=\"2026-02-11T09:11:55+00:00\" \/>\n<meta property=\"og:image\" content=\"https:\/\/keybox.nl\/wp-content\/uploads\/2023\/02\/Bestelbus-keybox.jpg\" \/>\n\t<meta property=\"og:image:width\" content=\"900\" \/>\n\t<meta property=\"og:image:height\" content=\"364\" \/>\n\t<meta property=\"og:image:type\" content=\"image\/jpeg\" \/>\n<meta name=\"twitter:card\" content=\"summary_large_image\" \/>\n<meta name=\"twitter:label1\" content=\"Tiempo de lectura\" \/>\n\t<meta name=\"twitter:data1\" content=\"2 minutos\" \/>\n<script type=\"application\/ld+json\" class=\"yoast-schema-graph\">{\"@context\":\"https:\\\/\\\/schema.org\",\"@graph\":[{\"@type\":\"WebPage\",\"@id\":\"https:\\\/\\\/keybox.nl\\\/montage-installatie\\\/\",\"url\":\"https:\\\/\\\/keybox.nl\\\/montage-installatie\\\/\",\"name\":\"Montage van uw nieuwe kluis -\",\"isPartOf\":{\"@id\":\"https:\\\/\\\/keybox.nl\\\/#website\"},\"primaryImageOfPage\":{\"@id\":\"https:\\\/\\\/keybox.nl\\\/montage-installatie\\\/#primaryimage\"},\"image\":{\"@id\":\"https:\\\/\\\/keybox.nl\\\/montage-installatie\\\/#primaryimage\"},\"thumbnailUrl\":\"http:\\\/\\\/keybox.nl\\\/wp-content\\\/uploads\\\/2023\\\/02\\\/Bestelbus-keybox.jpg\",\"datePublished\":\"2023-02-16T10:58:47+00:00\",\"dateModified\":\"2026-02-11T09:11:55+00:00\",\"description\":\"Wanneer u bij ons een kluis aankoopt, verzorgen wij ook de montage. Schakel ons ervaren installatieteam in voor de installatie en loop geen enkel risico.\",\"breadcrumb\":{\"@id\":\"https:\\\/\\\/keybox.nl\\\/montage-installatie\\\/#breadcrumb\"},\"inLanguage\":\"es\",\"potentialAction\":[{\"@type\":\"ReadAction\",\"target\":[\"https:\\\/\\\/keybox.nl\\\/montage-installatie\\\/\"]}]},{\"@type\":\"ImageObject\",\"inLanguage\":\"es\",\"@id\":\"https:\\\/\\\/keybox.nl\\\/montage-installatie\\\/#primaryimage\",\"url\":\"http:\\\/\\\/keybox.nl\\\/wp-content\\\/uploads\\\/2023\\\/02\\\/Bestelbus-keybox.jpg\",\"contentUrl\":\"http:\\\/\\\/keybox.nl\\\/wp-content\\\/uploads\\\/2023\\\/02\\\/Bestelbus-keybox.jpg\"},{\"@type\":\"BreadcrumbList\",\"@id\":\"https:\\\/\\\/keybox.nl\\\/montage-installatie\\\/#breadcrumb\",\"itemListElement\":[{\"@type\":\"ListItem\",\"position\":1,\"name\":\"Home\",\"item\":\"https:\\\/\\\/keybox.nl\\\/\"},{\"@type\":\"ListItem\",\"position\":2,\"name\":\"Montage en installatie van uw kluis\"}]},{\"@type\":\"WebSite\",\"@id\":\"https:\\\/\\\/keybox.nl\\\/#website\",\"url\":\"https:\\\/\\\/keybox.nl\\\/\",\"name\":\"\",\"description\":\"\",\"potentialAction\":[{\"@type\":\"SearchAction\",\"target\":{\"@type\":\"EntryPoint\",\"urlTemplate\":\"https:\\\/\\\/keybox.nl\\\/?s={search_term_string}\"},\"query-input\":{\"@type\":\"PropertyValueSpecification\",\"valueRequired\":true,\"valueName\":\"search_term_string\"}}],\"inLanguage\":\"es\"}]}<\/script>\n<!-- \/ Yoast SEO plugin. -->","yoast_head_json":{"title":"Montaje de su nueva caja fuerte -","description":"Cuando nos compra una caja fuerte, tambi\u00e9n nos encargamos de la instalaci\u00f3n. Contrate a nuestro experimentado equipo de instalaci\u00f3n y no correr\u00e1 ning\u00fan riesgo.","robots":{"index":"index","follow":"follow","max-snippet":"max-snippet:-1","max-image-preview":"max-image-preview:large","max-video-preview":"max-video-preview:-1"},"canonical":"https:\/\/keybox.nl\/es\/montage-installatie\/","og_locale":"es_ES","og_type":"article","og_title":"Montage van uw nieuwe kluis -","og_description":"Wanneer u bij ons een kluis aankoopt, verzorgen wij ook de montage. Schakel ons ervaren installatieteam in voor de installatie en loop geen enkel risico.","og_url":"https:\/\/keybox.nl\/es\/montage-installatie\/","article_modified_time":"2026-02-11T09:11:55+00:00","og_image":[{"width":900,"height":364,"url":"https:\/\/keybox.nl\/wp-content\/uploads\/2023\/02\/Bestelbus-keybox.jpg","type":"image\/jpeg"}],"twitter_card":"summary_large_image","twitter_misc":{"Tiempo de lectura":"2 minutos"},"schema":{"@context":"https:\/\/schema.org","@graph":[{"@type":"WebPage","@id":"https:\/\/keybox.nl\/montage-installatie\/","url":"https:\/\/keybox.nl\/montage-installatie\/","name":"Montaje de su nueva caja fuerte -","isPartOf":{"@id":"https:\/\/keybox.nl\/#website"},"primaryImageOfPage":{"@id":"https:\/\/keybox.nl\/montage-installatie\/#primaryimage"},"image":{"@id":"https:\/\/keybox.nl\/montage-installatie\/#primaryimage"},"thumbnailUrl":"http:\/\/keybox.nl\/wp-content\/uploads\/2023\/02\/Bestelbus-keybox.jpg","datePublished":"2023-02-16T10:58:47+00:00","dateModified":"2026-02-11T09:11:55+00:00","description":"Cuando nos compra una caja fuerte, tambi\u00e9n nos encargamos de la instalaci\u00f3n. Contrate a nuestro experimentado equipo de instalaci\u00f3n y no correr\u00e1 ning\u00fan riesgo.","breadcrumb":{"@id":"https:\/\/keybox.nl\/montage-installatie\/#breadcrumb"},"inLanguage":"es","potentialAction":[{"@type":"ReadAction","target":["https:\/\/keybox.nl\/montage-installatie\/"]}]},{"@type":"ImageObject","inLanguage":"es","@id":"https:\/\/keybox.nl\/montage-installatie\/#primaryimage","url":"http:\/\/keybox.nl\/wp-content\/uploads\/2023\/02\/Bestelbus-keybox.jpg","contentUrl":"http:\/\/keybox.nl\/wp-content\/uploads\/2023\/02\/Bestelbus-keybox.jpg"},{"@type":"BreadcrumbList","@id":"https:\/\/keybox.nl\/montage-installatie\/#breadcrumb","itemListElement":[{"@type":"ListItem","position":1,"name":"Home","item":"https:\/\/keybox.nl\/"},{"@type":"ListItem","position":2,"name":"Montage en installatie van uw kluis"}]},{"@type":"WebSite","@id":"https:\/\/keybox.nl\/#website","url":"https:\/\/keybox.nl\/","name":"","description":"","potentialAction":[{"@type":"SearchAction","target":{"@type":"EntryPoint","urlTemplate":"https:\/\/keybox.nl\/?s={search_term_string}"},"query-input":{"@type":"PropertyValueSpecification","valueRequired":true,"valueName":"search_term_string"}}],"inLanguage":"es"}]}},"jetpack-related-posts":[{"id":552,"url":"https:\/\/keybox.nl\/es\/kluis-waardeberging-kopen\/","url_meta":{"origin":1400,"position":0},"title":"Comprar caja fuerte","author":"Keybox@beheermodule","date":"11 marzo 2022","format":false,"excerpt":"Comprar una caja fuerte de alta seguridad \u00a1A la tienda online! \u2713 F\u00e1cil de usar \u2713 Resistente y segura \u2713 Varios modelos Para las posesiones de gran valor, deber\u00edas comprar una caja fuerte con una gran capacidad de almacenamiento. El valor m\u00e1ximo de almacenamiento de una caja fuerte indica hasta qu\u00e9 cantidad est\u00e1 asegurado el contenido de tu caja fuerte....","rel":"","context":"Entrada similar","block_context":{"text":"Entrada similar","link":""},"img":{"alt_text":"","src":"https:\/\/i0.wp.com\/keybox.nl\/wp-content\/uploads\/2021\/12\/KSB_102_1-e1638478691321.jpg?resize=350%2C200&ssl=1","width":350,"height":200,"srcset":"https:\/\/i0.wp.com\/keybox.nl\/wp-content\/uploads\/2021\/12\/KSB_102_1-e1638478691321.jpg?resize=350%2C200&ssl=1 1x, https:\/\/i0.wp.com\/keybox.nl\/wp-content\/uploads\/2021\/12\/KSB_102_1-e1638478691321.jpg?resize=525%2C300&ssl=1 1.5x, https:\/\/i0.wp.com\/keybox.nl\/wp-content\/uploads\/2021\/12\/KSB_102_1-e1638478691321.jpg?resize=700%2C400&ssl=1 2x"},"classes":[]},{"id":538,"url":"https:\/\/keybox.nl\/es\/kluis-kopen-voor-thuis\/","url_meta":{"origin":1400,"position":1},"title":"Comprar caja fuerte para casa","author":"Keybox@beheermodule","date":"11 marzo 2022","format":false,"excerpt":"Comprar una caja fuerte resistente para tu hogar \u00a1A la tienda online! \u2713 F\u00e1cil de usar \u2713 Resistente y segura \u2713 Varios modelos \u00bfQuieres comprar una pr\u00e1ctica caja fuerte para tu hogar? Entonces Keybox.es tiene lo que est\u00e1s buscando. Las cajas fuertes dom\u00e9sticas son algo m\u00e1s peque\u00f1as y no requieren una gran instalaci\u00f3n, por lo que son ideales...","rel":"","context":"Entrada similar","block_context":{"text":"Entrada similar","link":""},"img":{"alt_text":"","src":"https:\/\/i0.wp.com\/keybox.nl\/wp-content\/uploads\/2022\/01\/KSB007-inner-safe-2-e1643896091542.jpg?resize=350%2C200&ssl=1","width":350,"height":200,"srcset":"https:\/\/i0.wp.com\/keybox.nl\/wp-content\/uploads\/2022\/01\/KSB007-inner-safe-2-e1643896091542.jpg?resize=350%2C200&ssl=1 1x, https:\/\/i0.wp.com\/keybox.nl\/wp-content\/uploads\/2022\/01\/KSB007-inner-safe-2-e1643896091542.jpg?resize=525%2C300&ssl=1 1.5x, https:\/\/i0.wp.com\/keybox.nl\/wp-content\/uploads\/2022\/01\/KSB007-inner-safe-2-e1643896091542.jpg?resize=700%2C400&ssl=1 2x"},"classes":[]},{"id":326,"url":"https:\/\/keybox.nl\/es\/goedkope-kluis-kopen\/","url_meta":{"origin":1400,"position":2},"title":"Comprar barato seguro","author":"Keybox@beheermodule","date":"3 marzo 2022","format":false,"excerpt":"Compra una caja fuerte barata y de alta calidad \u00a1En la tienda online! \u2713 F\u00e1cil de usar \u2713 Resistente y segura \u2713 Varios modelos En Keybox.es, puede comprar una caja fuerte barata y resistente para su negocio. Gracias a nuestras cajas fuertes, podr\u00e1s mantener la emisi\u00f3n de llaves segura en todo momento. Adem\u00e1s, no es necesario que nadie est\u00e9 presente para...","rel":"","context":"Entrada similar","block_context":{"text":"Entrada similar","link":""},"img":{"alt_text":"","src":"https:\/\/i0.wp.com\/keybox.nl\/wp-content\/uploads\/2021\/12\/KSB_102_1-e1638478691321.jpg?resize=350%2C200&ssl=1","width":350,"height":200,"srcset":"https:\/\/i0.wp.com\/keybox.nl\/wp-content\/uploads\/2021\/12\/KSB_102_1-e1638478691321.jpg?resize=350%2C200&ssl=1 1x, https:\/\/i0.wp.com\/keybox.nl\/wp-content\/uploads\/2021\/12\/KSB_102_1-e1638478691321.jpg?resize=525%2C300&ssl=1 1.5x, https:\/\/i0.wp.com\/keybox.nl\/wp-content\/uploads\/2021\/12\/KSB_102_1-e1638478691321.jpg?resize=700%2C400&ssl=1 2x"},"classes":[]},{"id":30,"url":"https:\/\/keybox.nl\/es\/","url_meta":{"origin":1400,"position":3},"title":"Comprar armarios seguros para llaves","author":"Keybox@beheermodule","date":"30 noviembre 2021","format":false,"excerpt":"En Keybox.es, puede comprar una caja fuerte robusta o cajas fuertes con llave segura, entre otras cosas. Ofrecemos varios tipos de cajas fuertes; desde sutiles cajas fuertes para llaves hasta cajas fuertes de pared con rueda de dep\u00f3sito. Con nosotros, puede encargar una caja fuerte para su negocio, pero tambi\u00e9n para su hogar. Gracias a nuestra amplia gama de cajas fuertes con llave,...","rel":"","context":"Con 1 comentario","block_context":{"text":"Con 1 comentario","link":"https:\/\/keybox.nl\/es\/#comments"},"img":{"alt_text":"","src":"","width":0,"height":0},"classes":[]},{"id":1526,"url":"https:\/\/keybox.nl\/es\/safe-kluis-kopen\/","url_meta":{"origin":1400,"position":4},"title":"Comprar caja fuerte","author":"Keybox@beheermodule","date":"20 julio 2023","format":false,"excerpt":"Comprar caja fuerte o c\u00e1mara acorazada \u00a1Ve a la tienda web! \u2713 F\u00e1cil de usar \u2713 Resistente y segura \u2713 Varios modelos Si valoras la seguridad y la fiabilidad, comprar una caja fuerte o caja fuerte es el primer paso. Aunque estos t\u00e9rminos suelen utilizarse indistintamente, existen sutiles diferencias. A...","rel":"","context":"Entrada similar","block_context":{"text":"Entrada similar","link":""},"img":{"alt_text":"Regenkap Keysecuritybox","src":"https:\/\/i0.wp.com\/keybox.nl\/wp-content\/uploads\/2022\/01\/IMG_5364-scaled.jpg?resize=350%2C200&ssl=1","width":350,"height":200,"srcset":"https:\/\/i0.wp.com\/keybox.nl\/wp-content\/uploads\/2022\/01\/IMG_5364-scaled.jpg?resize=350%2C200&ssl=1 1x, https:\/\/i0.wp.com\/keybox.nl\/wp-content\/uploads\/2022\/01\/IMG_5364-scaled.jpg?resize=525%2C300&ssl=1 1.5x, https:\/\/i0.wp.com\/keybox.nl\/wp-content\/uploads\/2022\/01\/IMG_5364-scaled.jpg?resize=700%2C400&ssl=1 2x, https:\/\/i0.wp.com\/keybox.nl\/wp-content\/uploads\/2022\/01\/IMG_5364-scaled.jpg?resize=1050%2C600&ssl=1 3x, https:\/\/i0.wp.com\/keybox.nl\/wp-content\/uploads\/2022\/01\/IMG_5364-scaled.jpg?resize=1400%2C800&ssl=1 4x"},"classes":[]},{"id":554,"url":"https:\/\/keybox.nl\/es\/kluis-waardeberging-kopen-2\/","url_meta":{"origin":1400,"position":5},"title":"Comprar caja fuerte","author":"Keybox@beheermodule","date":"11 marzo 2022","format":false,"excerpt":"Comprar una caja fuerte de alta seguridad \u00a1A la tienda online! \u2713 F\u00e1cil de usar \u2713 Resistente y segura \u2713 Varios modelos Para posesiones incre\u00edblemente valiosas, deber\u00edas comprar una caja fuerte con un almacenamiento de alto valor. Cuanto mayor sea el almacenamiento de valor, m\u00e1s resistente ser\u00e1 la caja fuerte a los robos. Nosotros en Keybox.nl en Bussum...","rel":"","context":"Entrada similar","block_context":{"text":"Entrada similar","link":""},"img":{"alt_text":"kluis peugeot","src":"https:\/\/i0.wp.com\/keybox.nl\/wp-content\/uploads\/2022\/02\/KSB007-Peugeot-scaled-e1643751089776.jpg?resize=350%2C200&ssl=1","width":350,"height":200,"srcset":"https:\/\/i0.wp.com\/keybox.nl\/wp-content\/uploads\/2022\/02\/KSB007-Peugeot-scaled-e1643751089776.jpg?resize=350%2C200&ssl=1 1x, https:\/\/i0.wp.com\/keybox.nl\/wp-content\/uploads\/2022\/02\/KSB007-Peugeot-scaled-e1643751089776.jpg?resize=525%2C300&ssl=1 1.5x"},"classes":[]}],"jetpack_sharing_enabled":true,"_links":{"self":[{"href":"https:\/\/keybox.nl\/es\/wp-json\/wp\/v2\/pages\/1400","targetHints":{"allow":["GET"]}}],"collection":[{"href":"https:\/\/keybox.nl\/es\/wp-json\/wp\/v2\/pages"}],"about":[{"href":"https:\/\/keybox.nl\/es\/wp-json\/wp\/v2\/types\/page"}],"author":[{"embeddable":true,"href":"https:\/\/keybox.nl\/es\/wp-json\/wp\/v2\/users\/1"}],"replies":[{"embeddable":true,"href":"https:\/\/keybox.nl\/es\/wp-json\/wp\/v2\/comments?post=1400"}],"version-history":[{"count":12,"href":"https:\/\/keybox.nl\/es\/wp-json\/wp\/v2\/pages\/1400\/revisions"}],"predecessor-version":[{"id":1882,"href":"https:\/\/keybox.nl\/es\/wp-json\/wp\/v2\/pages\/1400\/revisions\/1882"}],"wp:attachment":[{"href":"https:\/\/keybox.nl\/es\/wp-json\/wp\/v2\/media?parent=1400"}],"curies":[{"name":"wp","href":"https:\/\/api.w.org\/{rel}","templated":true}]}}