{"id":297,"date":"2022-02-18T12:24:38","date_gmt":"2022-02-18T12:24:38","guid":{"rendered":"http:\/\/keybox.nl\/?post_type=product&#038;p=297"},"modified":"2024-11-02T13:47:41","modified_gmt":"2024-11-02T13:47:41","slug":"digibox-7-sleutelhaken","status":"publish","type":"product","link":"https:\/\/keybox.nl\/da\/vare\/digibox-7-sleutelhaken\/","title":{"rendered":"Digibox 7 n\u00f8glekroge"},"content":{"rendered":"<h3>Digibox n\u00f8gledispenser 7 kroge<\/h3>\n<p>Et sikkert n\u00f8gleh\u00e5ndteringssystem med 7 n\u00f8glekroge. Dette digitale n\u00f8gleh\u00e5ndteringssystem hj\u00e6lper med at h\u00e5ndtere n\u00f8gler sikkert og nemt. Det intelligente, digitale og sikre n\u00f8gleskab med 7 n\u00f8glehuller er fuldt programmerbart og kan opbevare op til 7 n\u00f8gler effektivt og sikkert i et enkelt n\u00f8gleh\u00e5ndteringssystem.<\/p>\n<h4>Fysiske kendetegn<\/h4>\n<ul>\n<li>Holdbart, vejrbestandigt hus med 2,5 mm v\u00e6gtykkelse, galvaniseret og pulverlakeret for fremragende rustbestandighed.<\/li>\n<li>Passer til op til 7 n\u00f8gler eller tags, der hver vejer op til 160 g.<\/li>\n<li>Standardiseret sikkerhedscylinder med to medf\u00f8lgende n\u00f8gler for ekstra sikkerhed.<\/li>\n<li>Integreret 55 x 25 mm n\u00f8gle\u00e5bning til sikker og nem inds\u00e6ttelse af n\u00f8gler.<\/li>\n<li>V\u00e6gt: Ca. 9 kg (inklusive emballage).<\/li>\n<\/ul>\n<h4>Elektroniske og funktionelle egenskaber<\/h4>\n<ul>\n<li>Fungerer p\u00e5 12V DC \/ 3W, str\u00f8mforsyning medf\u00f8lger.<\/li>\n<li>Belyst display med 2\u00d716 tegn, s\u00e5 det er nemt at afl\u00e6se i svagt lys.<\/li>\n<li>Tastatur med akustisk feedback og oplyst outputbakke for brugervenlighed.<\/li>\n<li>Programmerbare adgangskoder fra 4 til 10 tegn, inklusive valgfri sp\u00e6rretider.<\/li>\n<li>Underst\u00f8ttelse af flere sprog: tysk, fransk, italiensk og engelsk.<\/li>\n<li>Hukommelsesfunktionen sikrer, at koderne bevares, selv i tilf\u00e6lde af str\u00f8msvigt.<\/li>\n<li>Mulighed for indbygget batteri til normal drift under str\u00f8msvigt mod ekstra betaling.<\/li>\n<\/ul>\n<h4>Drifts- og sikkerhedsfunktioner<\/h4>\n<ul>\n<li>Integrerede tyverisikringsfunktioner giver maksimal sikkerhed.<\/li>\n<li>Designet til langvarig brug under forskellige vejrforhold, vandt\u00e6t og modstandsdygtig over for ekstreme temperaturer.<\/li>\n<li>Digibox 7 XL n\u00f8gleskabe kan valgfrit administreres ONLINE via pc, laptop, tablet eller smartphone fra hvor som helst i verden. Det giver uendelige muligheder for tilpasning og brugsscenarier, s\u00e5 din n\u00f8gleh\u00e5ndtering altid er optimalt skr\u00e6ddersyet til dine behov. For muligheder og priser, kontakt venligst <a href=\"https:\/\/keybox.nl\/da\/contact\/\">kontakt<\/a> p\u00e5 med Keybox <a href=\"https:\/\/keybox.nl\/da\/contact\/\">for at f\u00e5 et tilbud<\/a>!<\/li>\n<\/ul>\n<h4>Farveindstillinger og -justeringer<\/h4>\n<ul>\n<li>Standardfarver: RAL 1015 (lys elfenben) og RAL 5010 (ensianbl\u00e5).<\/li>\n<li>Andre RAL-farver f\u00e5s mod ekstra betaling,<\/li>\n<li>Variant i rustfrit st\u00e5l for ekstra holdbarhed mod ekstra betaling.<\/li>\n<\/ul>\n<p>Kontakt Keybox for mere information <a href=\"https:\/\/keybox.nl\/da\/contact\/\">information eller et tilbud<\/a>. Bestil Digibox Key Safe direkte fra Keybox.co.uk, din specialist i sikre n\u00f8gleh\u00e5ndteringsl\u00f8sninger!<\/p>\n<p><img decoding=\"async\" class=\"alignnone wp-image-1726\" src=\"http:\/\/keybox.nl\/wp-content\/uploads\/2024\/11\/keybox-digibox_digiboxXLsleutelkast-300x111.jpg\" alt=\"\" width=\"562\" height=\"208\" srcset=\"https:\/\/keybox.nl\/wp-content\/uploads\/2024\/11\/keybox-digibox_digiboxXLsleutelkast-300x111.jpg 300w, https:\/\/keybox.nl\/wp-content\/uploads\/2024\/11\/keybox-digibox_digiboxXLsleutelkast-416x154.jpg 416w, https:\/\/keybox.nl\/wp-content\/uploads\/2024\/11\/keybox-digibox_digiboxXLsleutelkast-768x284.jpg 768w, https:\/\/keybox.nl\/wp-content\/uploads\/2024\/11\/keybox-digibox_digiboxXLsleutelkast-18x7.jpg 18w, https:\/\/keybox.nl\/wp-content\/uploads\/2024\/11\/keybox-digibox_digiboxXLsleutelkast.jpg 1024w\" sizes=\"(max-width: 562px) 100vw, 562px\" \/><\/p>","protected":false},"excerpt":{"rendered":"<p>Sikker h\u00e5ndtering af dine n\u00f8gler med 7 n\u00f8glepositioner.<\/p>","protected":false},"featured_media":304,"comment_status":"open","ping_status":"closed","template":"","meta":[],"product_brand":[],"product_cat":[57],"product_tag":[76,78],"class_list":{"0":"post-297","1":"product","2":"type-product","3":"status-publish","4":"has-post-thumbnail","6":"product_cat-digibox-sleuteluitgifte","7":"product_tag-digibox-groot","8":"product_tag-digitaal-sleutelbeheersysteem","10":"first","11":"instock","12":"taxable","13":"shipping-taxable","14":"purchasable","15":"product-type-variable","16":"has-default-attributes"},"yoast_head":"<!-- This site is optimized with the Yoast SEO plugin v27.4 - https:\/\/yoast.com\/product\/yoast-seo-wordpress\/ -->\n<title>Digibox 7 sleutelhaken -<\/title>\n<meta name=\"description\" content=\"Digibox 7 haken sleutel uitgifte systeem. Met een code kan de klant de sleutel opvragen binnen een tijdszone. Overdracht zonder personeel.\" \/>\n<meta name=\"robots\" content=\"index, follow, max-snippet:-1, max-image-preview:large, max-video-preview:-1\" \/>\n<link rel=\"canonical\" href=\"https:\/\/keybox.nl\/da\/vare\/digibox-7-sleutelhaken\/\" \/>\n<meta property=\"og:locale\" content=\"da_DK\" \/>\n<meta property=\"og:type\" content=\"article\" \/>\n<meta property=\"og:title\" content=\"Digibox 7 sleutelhaken -\" \/>\n<meta property=\"og:description\" content=\"Digibox 7 haken sleutel uitgifte systeem. Met een code kan de klant de sleutel opvragen binnen een tijdszone. Overdracht zonder personeel.\" \/>\n<meta property=\"og:url\" content=\"https:\/\/keybox.nl\/da\/vare\/digibox-7-sleutelhaken\/\" \/>\n<meta property=\"article:modified_time\" content=\"2024-11-02T13:47:41+00:00\" \/>\n<meta property=\"og:image\" content=\"http:\/\/keybox.nl\/wp-content\/uploads\/2022\/02\/Digibox-7-haken-Keybox-e1645195424393.jpg\" \/>\n\t<meta property=\"og:image:width\" content=\"487\" \/>\n\t<meta property=\"og:image:height\" content=\"487\" \/>\n\t<meta property=\"og:image:type\" content=\"image\/jpeg\" \/>\n<meta name=\"twitter:card\" content=\"summary_large_image\" \/>\n<meta name=\"twitter:label1\" content=\"Estimeret l\u00e6setid\" \/>\n\t<meta name=\"twitter:data1\" content=\"2 minutter\" \/>\n<script type=\"application\/ld+json\" class=\"yoast-schema-graph\">{\"@context\":\"https:\\\/\\\/schema.org\",\"@graph\":[{\"@type\":\"WebPage\",\"@id\":\"https:\\\/\\\/keybox.nl\\\/product\\\/digibox-7-sleutelhaken\\\/\",\"url\":\"https:\\\/\\\/keybox.nl\\\/product\\\/digibox-7-sleutelhaken\\\/\",\"name\":\"Digibox 7 sleutelhaken -\",\"isPartOf\":{\"@id\":\"https:\\\/\\\/keybox.nl\\\/#website\"},\"primaryImageOfPage\":{\"@id\":\"https:\\\/\\\/keybox.nl\\\/product\\\/digibox-7-sleutelhaken\\\/#primaryimage\"},\"image\":{\"@id\":\"https:\\\/\\\/keybox.nl\\\/product\\\/digibox-7-sleutelhaken\\\/#primaryimage\"},\"thumbnailUrl\":\"https:\\\/\\\/keybox.nl\\\/wp-content\\\/uploads\\\/2022\\\/02\\\/Digibox-7-haken-Keybox-e1645195424393.jpg\",\"datePublished\":\"2022-02-18T12:24:38+00:00\",\"dateModified\":\"2024-11-02T13:47:41+00:00\",\"description\":\"Digibox 7 haken sleutel uitgifte systeem. Met een code kan de klant de sleutel opvragen binnen een tijdszone. Overdracht zonder personeel.\",\"breadcrumb\":{\"@id\":\"https:\\\/\\\/keybox.nl\\\/product\\\/digibox-7-sleutelhaken\\\/#breadcrumb\"},\"inLanguage\":\"da-DK\",\"potentialAction\":[{\"@type\":\"ReadAction\",\"target\":[\"https:\\\/\\\/keybox.nl\\\/product\\\/digibox-7-sleutelhaken\\\/\"]}]},{\"@type\":\"ImageObject\",\"inLanguage\":\"da-DK\",\"@id\":\"https:\\\/\\\/keybox.nl\\\/product\\\/digibox-7-sleutelhaken\\\/#primaryimage\",\"url\":\"https:\\\/\\\/keybox.nl\\\/wp-content\\\/uploads\\\/2022\\\/02\\\/Digibox-7-haken-Keybox-e1645195424393.jpg\",\"contentUrl\":\"https:\\\/\\\/keybox.nl\\\/wp-content\\\/uploads\\\/2022\\\/02\\\/Digibox-7-haken-Keybox-e1645195424393.jpg\",\"width\":487,\"height\":487},{\"@type\":\"BreadcrumbList\",\"@id\":\"https:\\\/\\\/keybox.nl\\\/product\\\/digibox-7-sleutelhaken\\\/#breadcrumb\",\"itemListElement\":[{\"@type\":\"ListItem\",\"position\":1,\"name\":\"Home\",\"item\":\"https:\\\/\\\/keybox.nl\\\/\"},{\"@type\":\"ListItem\",\"position\":2,\"name\":\"Beveiligde sleutelkastjes kopen\",\"item\":\"https:\\\/\\\/keybox.nl\\\/\"},{\"@type\":\"ListItem\",\"position\":3,\"name\":\"Digibox 7 sleutelhaken\"}]},{\"@type\":\"WebSite\",\"@id\":\"https:\\\/\\\/keybox.nl\\\/#website\",\"url\":\"https:\\\/\\\/keybox.nl\\\/\",\"name\":\"\",\"description\":\"\",\"potentialAction\":[{\"@type\":\"SearchAction\",\"target\":{\"@type\":\"EntryPoint\",\"urlTemplate\":\"https:\\\/\\\/keybox.nl\\\/?s={search_term_string}\"},\"query-input\":{\"@type\":\"PropertyValueSpecification\",\"valueRequired\":true,\"valueName\":\"search_term_string\"}}],\"inLanguage\":\"da-DK\"}]}<\/script>\n<!-- \/ Yoast SEO plugin. -->","yoast_head_json":{"title":"Digibox 7 n\u00f8glekroge","description":"Digibox 7 hook n\u00f8gleudstedelsessystem. En kode g\u00f8r det muligt for kunden at hente n\u00f8glen inden for en tidszone. Overf\u00f8rsel uden personale.","robots":{"index":"index","follow":"follow","max-snippet":"max-snippet:-1","max-image-preview":"max-image-preview:large","max-video-preview":"max-video-preview:-1"},"canonical":"https:\/\/keybox.nl\/da\/vare\/digibox-7-sleutelhaken\/","og_locale":"da_DK","og_type":"article","og_title":"Digibox 7 sleutelhaken -","og_description":"Digibox 7 haken sleutel uitgifte systeem. Met een code kan de klant de sleutel opvragen binnen een tijdszone. Overdracht zonder personeel.","og_url":"https:\/\/keybox.nl\/da\/vare\/digibox-7-sleutelhaken\/","article_modified_time":"2024-11-02T13:47:41+00:00","og_image":[{"width":487,"height":487,"url":"http:\/\/keybox.nl\/wp-content\/uploads\/2022\/02\/Digibox-7-haken-Keybox-e1645195424393.jpg","type":"image\/jpeg"}],"twitter_card":"summary_large_image","twitter_misc":{"Estimeret l\u00e6setid":"2 minutter"},"schema":{"@context":"https:\/\/schema.org","@graph":[{"@type":"WebPage","@id":"https:\/\/keybox.nl\/product\/digibox-7-sleutelhaken\/","url":"https:\/\/keybox.nl\/product\/digibox-7-sleutelhaken\/","name":"Digibox 7 n\u00f8glekroge","isPartOf":{"@id":"https:\/\/keybox.nl\/#website"},"primaryImageOfPage":{"@id":"https:\/\/keybox.nl\/product\/digibox-7-sleutelhaken\/#primaryimage"},"image":{"@id":"https:\/\/keybox.nl\/product\/digibox-7-sleutelhaken\/#primaryimage"},"thumbnailUrl":"https:\/\/keybox.nl\/wp-content\/uploads\/2022\/02\/Digibox-7-haken-Keybox-e1645195424393.jpg","datePublished":"2022-02-18T12:24:38+00:00","dateModified":"2024-11-02T13:47:41+00:00","description":"Digibox 7 hook n\u00f8gleudstedelsessystem. En kode g\u00f8r det muligt for kunden at hente n\u00f8glen inden for en tidszone. Overf\u00f8rsel uden personale.","breadcrumb":{"@id":"https:\/\/keybox.nl\/product\/digibox-7-sleutelhaken\/#breadcrumb"},"inLanguage":"da-DK","potentialAction":[{"@type":"ReadAction","target":["https:\/\/keybox.nl\/product\/digibox-7-sleutelhaken\/"]}]},{"@type":"ImageObject","inLanguage":"da-DK","@id":"https:\/\/keybox.nl\/product\/digibox-7-sleutelhaken\/#primaryimage","url":"https:\/\/keybox.nl\/wp-content\/uploads\/2022\/02\/Digibox-7-haken-Keybox-e1645195424393.jpg","contentUrl":"https:\/\/keybox.nl\/wp-content\/uploads\/2022\/02\/Digibox-7-haken-Keybox-e1645195424393.jpg","width":487,"height":487},{"@type":"BreadcrumbList","@id":"https:\/\/keybox.nl\/product\/digibox-7-sleutelhaken\/#breadcrumb","itemListElement":[{"@type":"ListItem","position":1,"name":"Home","item":"https:\/\/keybox.nl\/"},{"@type":"ListItem","position":2,"name":"Beveiligde sleutelkastjes kopen","item":"https:\/\/keybox.nl\/"},{"@type":"ListItem","position":3,"name":"Digibox 7 sleutelhaken"}]},{"@type":"WebSite","@id":"https:\/\/keybox.nl\/#website","url":"https:\/\/keybox.nl\/","name":"","description":"","potentialAction":[{"@type":"SearchAction","target":{"@type":"EntryPoint","urlTemplate":"https:\/\/keybox.nl\/?s={search_term_string}"},"query-input":{"@type":"PropertyValueSpecification","valueRequired":true,"valueName":"search_term_string"}}],"inLanguage":"da-DK"}]}},"jetpack-related-posts":[{"id":1745,"url":"https:\/\/keybox.nl\/da\/vare\/digisafe-19-sleutelplaatsen\/","url_meta":{"origin":297,"position":0},"title":"Digisafe, 19 vigtige steder","author":"Elric Drost","date":"29 november 2024","format":false,"excerpt":"Den st\u00f8rste digibox til 19 n\u00f8gler, tags eller chipkort.","rel":"","context":"Similar post","block_context":{"text":"Similar post","link":""},"img":{"alt_text":"","src":"https:\/\/i0.wp.com\/keybox.nl\/wp-content\/uploads\/2024\/11\/digisafe-RAL-1015-keybox.jpg?resize=350%2C200&ssl=1","width":350,"height":200,"srcset":"https:\/\/i0.wp.com\/keybox.nl\/wp-content\/uploads\/2024\/11\/digisafe-RAL-1015-keybox.jpg?resize=350%2C200&ssl=1 1x, https:\/\/i0.wp.com\/keybox.nl\/wp-content\/uploads\/2024\/11\/digisafe-RAL-1015-keybox.jpg?resize=525%2C300&ssl=1 1.5x, https:\/\/i0.wp.com\/keybox.nl\/wp-content\/uploads\/2024\/11\/digisafe-RAL-1015-keybox.jpg?resize=700%2C400&ssl=1 2x"},"classes":[]},{"id":1754,"url":"https:\/\/keybox.nl\/da\/vare\/in-box-digibox\/","url_meta":{"origin":297,"position":1},"title":"Digiboks i boksen","author":"Elric Drost","date":"29 november 2024","format":false,"excerpt":"Rummelig, sikker drop-in-boks til n\u00f8gler eller kuverter.","rel":"","context":"Similar post","block_context":{"text":"Similar post","link":""},"img":{"alt_text":"","src":"https:\/\/i0.wp.com\/keybox.nl\/wp-content\/uploads\/2024\/11\/in-box-digibox-keybox2021blauw.jpg?resize=350%2C200&ssl=1","width":350,"height":200,"srcset":"https:\/\/i0.wp.com\/keybox.nl\/wp-content\/uploads\/2024\/11\/in-box-digibox-keybox2021blauw.jpg?resize=350%2C200&ssl=1 1x, https:\/\/i0.wp.com\/keybox.nl\/wp-content\/uploads\/2024\/11\/in-box-digibox-keybox2021blauw.jpg?resize=525%2C300&ssl=1 1.5x, https:\/\/i0.wp.com\/keybox.nl\/wp-content\/uploads\/2024\/11\/in-box-digibox-keybox2021blauw.jpg?resize=700%2C400&ssl=1 2x"},"classes":[]},{"id":1690,"url":"https:\/\/keybox.nl\/da\/vare\/digibox-xl-7-sleutelhaken\/","url_meta":{"origin":297,"position":2},"title":"Digibox XL 7 n\u00f8glekroge","author":"Keybox@beheermodule","date":"2 november 2024","format":false,"excerpt":"Ekstra rummelig Digibox XL","rel":"","context":"Similar post","block_context":{"text":"Similar post","link":""},"img":{"alt_text":"main","src":"https:\/\/i0.wp.com\/keybox.nl\/wp-content\/uploads\/2024\/03\/keybox-sho61f00882f1913_digiboxXLRAL5010.jpg?resize=350%2C200&ssl=1","width":350,"height":200,"srcset":"https:\/\/i0.wp.com\/keybox.nl\/wp-content\/uploads\/2024\/03\/keybox-sho61f00882f1913_digiboxXLRAL5010.jpg?resize=350%2C200&ssl=1 1x, https:\/\/i0.wp.com\/keybox.nl\/wp-content\/uploads\/2024\/03\/keybox-sho61f00882f1913_digiboxXLRAL5010.jpg?resize=525%2C300&ssl=1 1.5x, https:\/\/i0.wp.com\/keybox.nl\/wp-content\/uploads\/2024\/03\/keybox-sho61f00882f1913_digiboxXLRAL5010.jpg?resize=700%2C400&ssl=1 2x"},"classes":[]},{"id":1822,"url":"https:\/\/keybox.nl\/da\/vare\/keysafe-gce\/","url_meta":{"origin":297,"position":3},"title":"Keysafe GCE","author":"Elric Drost","date":"26 januar 2025","format":false,"excerpt":"V\u00e6lg mellem 3 modeller.","rel":"","context":"Similar post","block_context":{"text":"Similar post","link":""},"img":{"alt_text":"","src":"https:\/\/i0.wp.com\/keybox.nl\/wp-content\/uploads\/2025\/01\/9858a0f7e85097eb90f56de1f00f8269.jpg?resize=350%2C200&ssl=1","width":350,"height":200,"srcset":"https:\/\/i0.wp.com\/keybox.nl\/wp-content\/uploads\/2025\/01\/9858a0f7e85097eb90f56de1f00f8269.jpg?resize=350%2C200&ssl=1 1x, https:\/\/i0.wp.com\/keybox.nl\/wp-content\/uploads\/2025\/01\/9858a0f7e85097eb90f56de1f00f8269.jpg?resize=525%2C300&ssl=1 1.5x, https:\/\/i0.wp.com\/keybox.nl\/wp-content\/uploads\/2025\/01\/9858a0f7e85097eb90f56de1f00f8269.jpg?resize=700%2C400&ssl=1 2x, https:\/\/i0.wp.com\/keybox.nl\/wp-content\/uploads\/2025\/01\/9858a0f7e85097eb90f56de1f00f8269.jpg?resize=1050%2C600&ssl=1 3x, https:\/\/i0.wp.com\/keybox.nl\/wp-content\/uploads\/2025\/01\/9858a0f7e85097eb90f56de1f00f8269.jpg?resize=1400%2C800&ssl=1 4x"},"classes":[]},{"id":1782,"url":"https:\/\/keybox.nl\/da\/vare\/keysafe-p500\/","url_meta":{"origin":297,"position":4},"title":"Keysafe P500","author":"Elric Drost","date":"13 december 2024","format":false,"excerpt":"Det mest sikre minin\u00f8gleskab p\u00e5 markedet.","rel":"","context":"Similar post","block_context":{"text":"Similar post","link":""},"img":{"alt_text":"","src":"https:\/\/i0.wp.com\/keybox.nl\/wp-content\/uploads\/2024\/12\/boite-a-cle-keysafe-pro-grand-format.jpg?resize=350%2C200&ssl=1","width":350,"height":200},"classes":[]},{"id":1812,"url":"https:\/\/keybox.nl\/da\/vare\/drs-vector-combi-keysafe\/","url_meta":{"origin":297,"position":5},"title":"DRS Vector Combi N\u00f8gleskab","author":"Elric Drost","date":"21 januar 2025","format":false,"excerpt":"Perfekt til professionel brug.","rel":"","context":"Similar post","block_context":{"text":"Similar post","link":""},"img":{"alt_text":"","src":"https:\/\/i0.wp.com\/keybox.nl\/wp-content\/uploads\/2025\/01\/DRS-Vector-Combi-Keysafe-keybox.jpg?resize=350%2C200&ssl=1","width":350,"height":200,"srcset":"https:\/\/i0.wp.com\/keybox.nl\/wp-content\/uploads\/2025\/01\/DRS-Vector-Combi-Keysafe-keybox.jpg?resize=350%2C200&ssl=1 1x, https:\/\/i0.wp.com\/keybox.nl\/wp-content\/uploads\/2025\/01\/DRS-Vector-Combi-Keysafe-keybox.jpg?resize=525%2C300&ssl=1 1.5x, https:\/\/i0.wp.com\/keybox.nl\/wp-content\/uploads\/2025\/01\/DRS-Vector-Combi-Keysafe-keybox.jpg?resize=700%2C400&ssl=1 2x, https:\/\/i0.wp.com\/keybox.nl\/wp-content\/uploads\/2025\/01\/DRS-Vector-Combi-Keysafe-keybox.jpg?resize=1050%2C600&ssl=1 3x"},"classes":[]}],"jetpack_sharing_enabled":true,"_links":{"self":[{"href":"https:\/\/keybox.nl\/da\/wp-json\/wp\/v2\/product\/297","targetHints":{"allow":["GET"]}}],"collection":[{"href":"https:\/\/keybox.nl\/da\/wp-json\/wp\/v2\/product"}],"about":[{"href":"https:\/\/keybox.nl\/da\/wp-json\/wp\/v2\/types\/product"}],"replies":[{"embeddable":true,"href":"https:\/\/keybox.nl\/da\/wp-json\/wp\/v2\/comments?post=297"}],"wp:featuredmedia":[{"embeddable":true,"href":"https:\/\/keybox.nl\/da\/wp-json\/wp\/v2\/media\/304"}],"wp:attachment":[{"href":"https:\/\/keybox.nl\/da\/wp-json\/wp\/v2\/media?parent=297"}],"wp:term":[{"taxonomy":"product_brand","embeddable":true,"href":"https:\/\/keybox.nl\/da\/wp-json\/wp\/v2\/product_brand?post=297"},{"taxonomy":"product_cat","embeddable":true,"href":"https:\/\/keybox.nl\/da\/wp-json\/wp\/v2\/product_cat?post=297"},{"taxonomy":"product_tag","embeddable":true,"href":"https:\/\/keybox.nl\/da\/wp-json\/wp\/v2\/product_tag?post=297"}],"curies":[{"name":"wp","href":"https:\/\/api.w.org\/{rel}","templated":true}]}}