{"id":264,"date":"2022-02-03T14:33:02","date_gmt":"2022-02-03T14:33:02","guid":{"rendered":"http:\/\/keybox.nl\/?post_type=product&#038;p=264"},"modified":"2025-11-26T09:45:24","modified_gmt":"2025-11-26T09:45:24","slug":"speciale-ral-kleur-ksb","status":"publish","type":"product","link":"https:\/\/keybox.nl\/da\/vare\/speciale-ral-kleur-ksb\/","title":{"rendered":"Speciel RAL-farve KSB"},"content":{"rendered":"<h2>Speciel RAL-farve KSB<\/h2>\n<p>Som standard leveres Keysecurity-boksen i Ral-farven 9006 s\u00f8lv\/gr\u00e5. Hvis du \u00f8nsker KSB'en i husets eller bygningens farve, kan vi levere boksen eller v\u00e6gpladen i den \u00f8nskede Ral-farve, hvis den er tilg\u00e6ngelig.<\/p>\n<p>Indtast dit RAL-nummer under checkout i kommentarfeltet. RAL-nummer og til hvilken del.<\/p>","protected":false},"excerpt":{"rendered":"<h2>Speciel RAL-farve KSB<\/h2>\n<p>Bestil Keysecurity-boksen i den \u00f8nskede RAL-farve. Leveringstid ca. 2 uger.<\/p>","protected":false},"featured_media":274,"comment_status":"open","ping_status":"closed","template":"","meta":[],"product_brand":[],"product_cat":[36],"product_tag":[],"class_list":{"0":"post-264","1":"product","2":"type-product","3":"status-publish","4":"has-post-thumbnail","6":"product_cat-keysecuritybox-accessoires","8":"first","9":"instock","10":"taxable","11":"shipping-taxable","12":"purchasable","13":"product-type-simple"},"yoast_head":"<!-- This site is optimized with the Yoast SEO plugin v27.4 - https:\/\/yoast.com\/product\/yoast-seo-wordpress\/ -->\n<title>Speciale RAL kleur KSB -<\/title>\n<meta name=\"robots\" content=\"index, follow, max-snippet:-1, max-image-preview:large, max-video-preview:-1\" \/>\n<link rel=\"canonical\" href=\"https:\/\/keybox.nl\/da\/vare\/speciale-ral-kleur-ksb\/\" \/>\n<meta property=\"og:locale\" content=\"da_DK\" \/>\n<meta property=\"og:type\" content=\"article\" \/>\n<meta property=\"og:title\" content=\"Speciale RAL kleur KSB -\" \/>\n<meta property=\"og:description\" content=\"Speciale RAL kleur KSB Bestel de Keysecuritybox in de gewenste RAL kleur. Levertijd ca. 2 weken.\" \/>\n<meta property=\"og:url\" content=\"https:\/\/keybox.nl\/da\/vare\/speciale-ral-kleur-ksb\/\" \/>\n<meta property=\"article:modified_time\" content=\"2025-11-26T09:45:24+00:00\" \/>\n<meta property=\"og:image\" content=\"http:\/\/keybox.nl\/wp-content\/uploads\/2022\/02\/Ral-2004-KSB-1.jpg\" \/>\n\t<meta property=\"og:image:width\" content=\"550\" \/>\n\t<meta property=\"og:image:height\" content=\"549\" \/>\n\t<meta property=\"og:image:type\" content=\"image\/jpeg\" \/>\n<meta name=\"twitter:card\" content=\"summary_large_image\" \/>\n<meta name=\"twitter:label1\" content=\"Estimeret l\u00e6setid\" \/>\n\t<meta name=\"twitter:data1\" content=\"1 minut\" \/>\n<script type=\"application\/ld+json\" class=\"yoast-schema-graph\">{\"@context\":\"https:\\\/\\\/schema.org\",\"@graph\":[{\"@type\":\"WebPage\",\"@id\":\"https:\\\/\\\/keybox.nl\\\/product\\\/speciale-ral-kleur-ksb\\\/\",\"url\":\"https:\\\/\\\/keybox.nl\\\/product\\\/speciale-ral-kleur-ksb\\\/\",\"name\":\"Speciale RAL kleur KSB -\",\"isPartOf\":{\"@id\":\"https:\\\/\\\/keybox.nl\\\/#website\"},\"primaryImageOfPage\":{\"@id\":\"https:\\\/\\\/keybox.nl\\\/product\\\/speciale-ral-kleur-ksb\\\/#primaryimage\"},\"image\":{\"@id\":\"https:\\\/\\\/keybox.nl\\\/product\\\/speciale-ral-kleur-ksb\\\/#primaryimage\"},\"thumbnailUrl\":\"https:\\\/\\\/keybox.nl\\\/wp-content\\\/uploads\\\/2022\\\/02\\\/Ral-2004-KSB-1.jpg\",\"datePublished\":\"2022-02-03T14:33:02+00:00\",\"dateModified\":\"2025-11-26T09:45:24+00:00\",\"breadcrumb\":{\"@id\":\"https:\\\/\\\/keybox.nl\\\/product\\\/speciale-ral-kleur-ksb\\\/#breadcrumb\"},\"inLanguage\":\"da-DK\",\"potentialAction\":[{\"@type\":\"ReadAction\",\"target\":[\"https:\\\/\\\/keybox.nl\\\/product\\\/speciale-ral-kleur-ksb\\\/\"]}]},{\"@type\":\"ImageObject\",\"inLanguage\":\"da-DK\",\"@id\":\"https:\\\/\\\/keybox.nl\\\/product\\\/speciale-ral-kleur-ksb\\\/#primaryimage\",\"url\":\"https:\\\/\\\/keybox.nl\\\/wp-content\\\/uploads\\\/2022\\\/02\\\/Ral-2004-KSB-1.jpg\",\"contentUrl\":\"https:\\\/\\\/keybox.nl\\\/wp-content\\\/uploads\\\/2022\\\/02\\\/Ral-2004-KSB-1.jpg\",\"width\":550,\"height\":549,\"caption\":\"Speciale RAL Kleur\"},{\"@type\":\"BreadcrumbList\",\"@id\":\"https:\\\/\\\/keybox.nl\\\/product\\\/speciale-ral-kleur-ksb\\\/#breadcrumb\",\"itemListElement\":[{\"@type\":\"ListItem\",\"position\":1,\"name\":\"Home\",\"item\":\"https:\\\/\\\/keybox.nl\\\/\"},{\"@type\":\"ListItem\",\"position\":2,\"name\":\"Beveiligde sleutelkastjes kopen\",\"item\":\"https:\\\/\\\/keybox.nl\\\/\"},{\"@type\":\"ListItem\",\"position\":3,\"name\":\"Speciale RAL kleur KSB\"}]},{\"@type\":\"WebSite\",\"@id\":\"https:\\\/\\\/keybox.nl\\\/#website\",\"url\":\"https:\\\/\\\/keybox.nl\\\/\",\"name\":\"\",\"description\":\"\",\"potentialAction\":[{\"@type\":\"SearchAction\",\"target\":{\"@type\":\"EntryPoint\",\"urlTemplate\":\"https:\\\/\\\/keybox.nl\\\/?s={search_term_string}\"},\"query-input\":{\"@type\":\"PropertyValueSpecification\",\"valueRequired\":true,\"valueName\":\"search_term_string\"}}],\"inLanguage\":\"da-DK\"}]}<\/script>\n<!-- \/ Yoast SEO plugin. -->","yoast_head_json":{"title":"Speciel RAL-farve KSB -.","robots":{"index":"index","follow":"follow","max-snippet":"max-snippet:-1","max-image-preview":"max-image-preview:large","max-video-preview":"max-video-preview:-1"},"canonical":"https:\/\/keybox.nl\/da\/vare\/speciale-ral-kleur-ksb\/","og_locale":"da_DK","og_type":"article","og_title":"Speciale RAL kleur KSB -","og_description":"Speciale RAL kleur KSB Bestel de Keysecuritybox in de gewenste RAL kleur. Levertijd ca. 2 weken.","og_url":"https:\/\/keybox.nl\/da\/vare\/speciale-ral-kleur-ksb\/","article_modified_time":"2025-11-26T09:45:24+00:00","og_image":[{"width":550,"height":549,"url":"http:\/\/keybox.nl\/wp-content\/uploads\/2022\/02\/Ral-2004-KSB-1.jpg","type":"image\/jpeg"}],"twitter_card":"summary_large_image","twitter_misc":{"Estimeret l\u00e6setid":"1 minut"},"schema":{"@context":"https:\/\/schema.org","@graph":[{"@type":"WebPage","@id":"https:\/\/keybox.nl\/product\/speciale-ral-kleur-ksb\/","url":"https:\/\/keybox.nl\/product\/speciale-ral-kleur-ksb\/","name":"Speciel RAL-farve KSB -.","isPartOf":{"@id":"https:\/\/keybox.nl\/#website"},"primaryImageOfPage":{"@id":"https:\/\/keybox.nl\/product\/speciale-ral-kleur-ksb\/#primaryimage"},"image":{"@id":"https:\/\/keybox.nl\/product\/speciale-ral-kleur-ksb\/#primaryimage"},"thumbnailUrl":"https:\/\/keybox.nl\/wp-content\/uploads\/2022\/02\/Ral-2004-KSB-1.jpg","datePublished":"2022-02-03T14:33:02+00:00","dateModified":"2025-11-26T09:45:24+00:00","breadcrumb":{"@id":"https:\/\/keybox.nl\/product\/speciale-ral-kleur-ksb\/#breadcrumb"},"inLanguage":"da-DK","potentialAction":[{"@type":"ReadAction","target":["https:\/\/keybox.nl\/product\/speciale-ral-kleur-ksb\/"]}]},{"@type":"ImageObject","inLanguage":"da-DK","@id":"https:\/\/keybox.nl\/product\/speciale-ral-kleur-ksb\/#primaryimage","url":"https:\/\/keybox.nl\/wp-content\/uploads\/2022\/02\/Ral-2004-KSB-1.jpg","contentUrl":"https:\/\/keybox.nl\/wp-content\/uploads\/2022\/02\/Ral-2004-KSB-1.jpg","width":550,"height":549,"caption":"Speciale RAL Kleur"},{"@type":"BreadcrumbList","@id":"https:\/\/keybox.nl\/product\/speciale-ral-kleur-ksb\/#breadcrumb","itemListElement":[{"@type":"ListItem","position":1,"name":"Home","item":"https:\/\/keybox.nl\/"},{"@type":"ListItem","position":2,"name":"Beveiligde sleutelkastjes kopen","item":"https:\/\/keybox.nl\/"},{"@type":"ListItem","position":3,"name":"Speciale RAL kleur KSB"}]},{"@type":"WebSite","@id":"https:\/\/keybox.nl\/#website","url":"https:\/\/keybox.nl\/","name":"","description":"","potentialAction":[{"@type":"SearchAction","target":{"@type":"EntryPoint","urlTemplate":"https:\/\/keybox.nl\/?s={search_term_string}"},"query-input":{"@type":"PropertyValueSpecification","valueRequired":true,"valueName":"search_term_string"}}],"inLanguage":"da-DK"}]}},"jetpack-related-posts":[{"id":184,"url":"https:\/\/keybox.nl\/da\/vare\/keysecuritybox-ksb106\/","url_meta":{"origin":264,"position":0},"title":"N\u00f8glesikkerhedsboks KSB106","author":"Keybox@beheermodule","date":"26 januar 2022","format":false,"excerpt":"N\u00f8glesikkerhedsboks KSB106 \u00a0","rel":"","context":"Similar post","block_context":{"text":"Similar post","link":""},"img":{"alt_text":"","src":"https:\/\/i0.wp.com\/keybox.nl\/wp-content\/uploads\/2022\/01\/MG_3154-scaled-e1643377303706.jpg?resize=350%2C200&ssl=1","width":350,"height":200,"srcset":"https:\/\/i0.wp.com\/keybox.nl\/wp-content\/uploads\/2022\/01\/MG_3154-scaled-e1643377303706.jpg?resize=350%2C200&ssl=1 1x, https:\/\/i0.wp.com\/keybox.nl\/wp-content\/uploads\/2022\/01\/MG_3154-scaled-e1643377303706.jpg?resize=525%2C300&ssl=1 1.5x, https:\/\/i0.wp.com\/keybox.nl\/wp-content\/uploads\/2022\/01\/MG_3154-scaled-e1643377303706.jpg?resize=700%2C400&ssl=1 2x"},"classes":[]},{"id":122,"url":"https:\/\/keybox.nl\/da\/vare\/keysecuritybox-ksb105\/","url_meta":{"origin":264,"position":1},"title":"N\u00f8glesikkerhedsboks KSB105","author":"Keybox@beheermodule","date":"14 december 2021","format":false,"excerpt":"N\u00f8glesikringsboks KSB105 Velegnet til at forankre model KSB103 og KSB004 til en stolpe.","rel":"","context":"Similar post","block_context":{"text":"Similar post","link":""},"img":{"alt_text":"","src":"https:\/\/i0.wp.com\/keybox.nl\/wp-content\/uploads\/2021\/12\/KSB005-e1639511667630.png?resize=350%2C200&ssl=1","width":350,"height":200},"classes":[]},{"id":198,"url":"https:\/\/keybox.nl\/da\/vare\/regenkap-ksb101-102-en-103\/","url_meta":{"origin":264,"position":2},"title":"Regnt\u00e6ppe KSB101, 2, 3","author":"Keybox@beheermodule","date":"28 januar 2022","format":false,"excerpt":"Regnh\u00e6tte til Keysecurity-boksen","rel":"","context":"Similar post","block_context":{"text":"Similar post","link":""},"img":{"alt_text":"","src":"https:\/\/i0.wp.com\/keybox.nl\/wp-content\/uploads\/2022\/01\/IMG_5363-scaled-e1643386544179.jpg?resize=350%2C200&ssl=1","width":350,"height":200},"classes":[]},{"id":36,"url":"https:\/\/keybox.nl\/da\/vare\/ksb101-ksb102-sleutelkluis\/","url_meta":{"origin":264,"position":3},"title":"N\u00f8glesikkerhedsboks KSB101, KSB102 n\u00f8gleskab","author":"Keybox@beheermodule","date":"30 november 2021","format":false,"excerpt":"N\u00f8glesikringsboks KSB101 &amp; KSB102 Et pengeskab i to versioner: indskudshjul til venstre eller h\u00f8jre","rel":"","context":"With 1 comment","block_context":{"text":"With 1 comment","link":"https:\/\/keybox.nl\/da\/vare\/ksb101-ksb102-sleutelkluis\/#comments"},"img":{"alt_text":"","src":"https:\/\/i0.wp.com\/keybox.nl\/wp-content\/uploads\/2021\/11\/KSB_101_3-scaled-e1638352491754.jpg?resize=350%2C200&ssl=1","width":350,"height":200},"classes":[]},{"id":72,"url":"https:\/\/keybox.nl\/da\/vare\/keysecuritybox-sleutelkluis-ksb101a-ksb102a\/","url_meta":{"origin":264,"position":4},"title":"N\u00f8glesikkerhedsboks KSB101A, KSB102A ekstra pansret n\u00f8gleskab","author":"Keybox@beheermodule","date":"1 december 2021","format":false,"excerpt":"Keysecuritybox KSB101A &amp; KSB102A KSB101A og 102A er udstyret med ekstra Armor \/ panser. Inde i pengeskabet er der et ekstra indre pengeskab lavet af specialst\u00e5l, der giver h\u00f8jere beskyttelse mod angreb. Et pengeskab i to versioner: indskudshjul til venstre eller h\u00f8jre","rel":"","context":"With 1 comment","block_context":{"text":"With 1 comment","link":"https:\/\/keybox.nl\/da\/vare\/keysecuritybox-sleutelkluis-ksb101a-ksb102a\/#comments"},"img":{"alt_text":"","src":"https:\/\/i0.wp.com\/keybox.nl\/wp-content\/uploads\/2021\/11\/KSB_101_3-scaled-e1638352491754.jpg?resize=350%2C200&ssl=1","width":350,"height":200},"classes":[]},{"id":193,"url":"https:\/\/keybox.nl\/da\/vare\/keysecuritybox-sleutelkluis-ksb107\/","url_meta":{"origin":264,"position":5},"title":"Keysecuritybox KSB107 n\u00f8gleskab","author":"Keybox@beheermodule","date":"28 januar 2022","format":false,"excerpt":"N\u00f8glesikringsboks KSB107 KSB107 kan installeres i en v\u00e6g\/v\u00e6g og er ekstremt sikker. Rulle\u00e5bning L44, H64, D 124 mm.","rel":"","context":"Similar post","block_context":{"text":"Similar post","link":""},"img":{"alt_text":"","src":"https:\/\/i0.wp.com\/keybox.nl\/wp-content\/uploads\/2022\/01\/Ksb007-5-225x300.jpg?resize=350%2C200","width":350,"height":200},"classes":[]}],"jetpack_sharing_enabled":true,"_links":{"self":[{"href":"https:\/\/keybox.nl\/da\/wp-json\/wp\/v2\/product\/264","targetHints":{"allow":["GET"]}}],"collection":[{"href":"https:\/\/keybox.nl\/da\/wp-json\/wp\/v2\/product"}],"about":[{"href":"https:\/\/keybox.nl\/da\/wp-json\/wp\/v2\/types\/product"}],"replies":[{"embeddable":true,"href":"https:\/\/keybox.nl\/da\/wp-json\/wp\/v2\/comments?post=264"}],"wp:featuredmedia":[{"embeddable":true,"href":"https:\/\/keybox.nl\/da\/wp-json\/wp\/v2\/media\/274"}],"wp:attachment":[{"href":"https:\/\/keybox.nl\/da\/wp-json\/wp\/v2\/media?parent=264"}],"wp:term":[{"taxonomy":"product_brand","embeddable":true,"href":"https:\/\/keybox.nl\/da\/wp-json\/wp\/v2\/product_brand?post=264"},{"taxonomy":"product_cat","embeddable":true,"href":"https:\/\/keybox.nl\/da\/wp-json\/wp\/v2\/product_cat?post=264"},{"taxonomy":"product_tag","embeddable":true,"href":"https:\/\/keybox.nl\/da\/wp-json\/wp\/v2\/product_tag?post=264"}],"curies":[{"name":"wp","href":"https:\/\/api.w.org\/{rel}","templated":true}]}}