{"id":255,"date":"2022-02-03T12:06:54","date_gmt":"2022-02-03T12:06:54","guid":{"rendered":"http:\/\/keybox.nl\/?post_type=product&#038;p=255"},"modified":"2025-11-26T09:44:43","modified_gmt":"2025-11-26T09:44:43","slug":"regenkap-anti-masking-ksb107","status":"publish","type":"product","link":"https:\/\/keybox.nl\/da\/vare\/regenkap-anti-masking-ksb107\/","title":{"rendered":"Regnh\u00e6tte | Anti-masking KSB107"},"content":{"rendered":"<h2>Regnh\u00e6tte | Anti-masking KSB107<\/h2>\n<p>Monter regn-\/anti-maskeringsh\u00e6tten i rustfrit st\u00e5l\/Inox for at forhindre regn og maskering.<\/p>\n<p>H\u00e6tten kommer mellem gavlpladen med rulle og v\u00e6g\/v\u00e6g og er ogs\u00e5 nem at montere bagefter. I nogle tilf\u00e6lde kan der komme regnvand ind i pengeskabet gennem rulle\u00e5bningen, hvilket forhindres med h\u00e6tten. H\u00e6tten forhindrer ogs\u00e5, at nogen kan h\u00e6nge noget foran pengeskabet.<\/p>\n<p><strong><span style=\"color: #ffcc00;\">Bem\u00e6rk<\/span>: ikke egnet til model KSB107 XL.<\/strong><\/p>\n<div id=\"jp-relatedposts\" class=\"jp-relatedposts\"><\/div>","protected":false},"excerpt":{"rendered":"<p>&nbsp;<\/p>\n<p>Monter regn-\/maskeringsh\u00e6tten i rustfrit st\u00e5l\/Inox for at forhindre regn og maskering.<span class=\"Apple-converted-space\">\u00a0<\/span><\/p>","protected":false},"featured_media":183,"comment_status":"open","ping_status":"closed","template":"","meta":[],"product_brand":[],"product_cat":[36],"product_tag":[],"class_list":{"0":"post-255","1":"product","2":"type-product","3":"status-publish","4":"has-post-thumbnail","6":"product_cat-keysecuritybox-accessoires","8":"first","9":"instock","10":"taxable","11":"shipping-taxable","12":"purchasable","13":"product-type-simple"},"yoast_head":"<!-- This site is optimized with the Yoast SEO plugin v27.5 - https:\/\/yoast.com\/product\/yoast-seo-wordpress\/ -->\n<title>Regenkap | Anti-masking KSB107 -<\/title>\n<meta name=\"robots\" content=\"index, follow, max-snippet:-1, max-image-preview:large, max-video-preview:-1\" \/>\n<link rel=\"canonical\" href=\"https:\/\/keybox.nl\/da\/vare\/regenkap-anti-masking-ksb107\/\" \/>\n<meta property=\"og:locale\" content=\"da_DK\" \/>\n<meta property=\"og:type\" content=\"article\" \/>\n<meta property=\"og:title\" content=\"Regenkap | Anti-masking KSB107 -\" \/>\n<meta property=\"og:description\" content=\"&nbsp;  Plaats de RVS\/Inox regen- \/ antimaskeer kap om inregen en maskering te voor-komen.\u00a0\" \/>\n<meta property=\"og:url\" content=\"https:\/\/keybox.nl\/da\/vare\/regenkap-anti-masking-ksb107\/\" \/>\n<meta property=\"article:modified_time\" content=\"2025-11-26T09:44:43+00:00\" \/>\n<meta property=\"og:image\" content=\"http:\/\/keybox.nl\/wp-content\/uploads\/2022\/01\/KSB_007_rain-scaled-e1643227017671.jpg\" \/>\n\t<meta property=\"og:image:width\" content=\"365\" \/>\n\t<meta property=\"og:image:height\" content=\"487\" \/>\n\t<meta property=\"og:image:type\" content=\"image\/jpeg\" \/>\n<meta name=\"twitter:card\" content=\"summary_large_image\" \/>\n<script type=\"application\/ld+json\" class=\"yoast-schema-graph\">{\"@context\":\"https:\\\/\\\/schema.org\",\"@graph\":[{\"@type\":\"WebPage\",\"@id\":\"https:\\\/\\\/keybox.nl\\\/product\\\/regenkap-anti-masking-ksb107\\\/\",\"url\":\"https:\\\/\\\/keybox.nl\\\/product\\\/regenkap-anti-masking-ksb107\\\/\",\"name\":\"Regenkap | Anti-masking KSB107 -\",\"isPartOf\":{\"@id\":\"https:\\\/\\\/keybox.nl\\\/#website\"},\"primaryImageOfPage\":{\"@id\":\"https:\\\/\\\/keybox.nl\\\/product\\\/regenkap-anti-masking-ksb107\\\/#primaryimage\"},\"image\":{\"@id\":\"https:\\\/\\\/keybox.nl\\\/product\\\/regenkap-anti-masking-ksb107\\\/#primaryimage\"},\"thumbnailUrl\":\"https:\\\/\\\/keybox.nl\\\/wp-content\\\/uploads\\\/2022\\\/01\\\/KSB_007_rain-scaled-e1643227017671.jpg\",\"datePublished\":\"2022-02-03T12:06:54+00:00\",\"dateModified\":\"2025-11-26T09:44:43+00:00\",\"breadcrumb\":{\"@id\":\"https:\\\/\\\/keybox.nl\\\/product\\\/regenkap-anti-masking-ksb107\\\/#breadcrumb\"},\"inLanguage\":\"da-DK\",\"potentialAction\":[{\"@type\":\"ReadAction\",\"target\":[\"https:\\\/\\\/keybox.nl\\\/product\\\/regenkap-anti-masking-ksb107\\\/\"]}]},{\"@type\":\"ImageObject\",\"inLanguage\":\"da-DK\",\"@id\":\"https:\\\/\\\/keybox.nl\\\/product\\\/regenkap-anti-masking-ksb107\\\/#primaryimage\",\"url\":\"https:\\\/\\\/keybox.nl\\\/wp-content\\\/uploads\\\/2022\\\/01\\\/KSB_007_rain-scaled-e1643227017671.jpg\",\"contentUrl\":\"https:\\\/\\\/keybox.nl\\\/wp-content\\\/uploads\\\/2022\\\/01\\\/KSB_007_rain-scaled-e1643227017671.jpg\",\"width\":365,\"height\":487,\"caption\":\"Regenkap KSB107\"},{\"@type\":\"BreadcrumbList\",\"@id\":\"https:\\\/\\\/keybox.nl\\\/product\\\/regenkap-anti-masking-ksb107\\\/#breadcrumb\",\"itemListElement\":[{\"@type\":\"ListItem\",\"position\":1,\"name\":\"Home\",\"item\":\"https:\\\/\\\/keybox.nl\\\/\"},{\"@type\":\"ListItem\",\"position\":2,\"name\":\"Beveiligde sleutelkastjes kopen\",\"item\":\"https:\\\/\\\/keybox.nl\\\/\"},{\"@type\":\"ListItem\",\"position\":3,\"name\":\"Regenkap | Anti-masking KSB107\"}]},{\"@type\":\"WebSite\",\"@id\":\"https:\\\/\\\/keybox.nl\\\/#website\",\"url\":\"https:\\\/\\\/keybox.nl\\\/\",\"name\":\"\",\"description\":\"\",\"potentialAction\":[{\"@type\":\"SearchAction\",\"target\":{\"@type\":\"EntryPoint\",\"urlTemplate\":\"https:\\\/\\\/keybox.nl\\\/?s={search_term_string}\"},\"query-input\":{\"@type\":\"PropertyValueSpecification\",\"valueRequired\":true,\"valueName\":\"search_term_string\"}}],\"inLanguage\":\"da-DK\"}]}<\/script>\n<!-- \/ Yoast SEO plugin. -->","yoast_head_json":{"title":"Regnh\u00e6tte | Anti-maskering KSB107","robots":{"index":"index","follow":"follow","max-snippet":"max-snippet:-1","max-image-preview":"max-image-preview:large","max-video-preview":"max-video-preview:-1"},"canonical":"https:\/\/keybox.nl\/da\/vare\/regenkap-anti-masking-ksb107\/","og_locale":"da_DK","og_type":"article","og_title":"Regenkap | Anti-masking KSB107 -","og_description":"&nbsp;  Plaats de RVS\/Inox regen- \/ antimaskeer kap om inregen en maskering te voor-komen.\u00a0","og_url":"https:\/\/keybox.nl\/da\/vare\/regenkap-anti-masking-ksb107\/","article_modified_time":"2025-11-26T09:44:43+00:00","og_image":[{"width":365,"height":487,"url":"http:\/\/keybox.nl\/wp-content\/uploads\/2022\/01\/KSB_007_rain-scaled-e1643227017671.jpg","type":"image\/jpeg"}],"twitter_card":"summary_large_image","schema":{"@context":"https:\/\/schema.org","@graph":[{"@type":"WebPage","@id":"https:\/\/keybox.nl\/product\/regenkap-anti-masking-ksb107\/","url":"https:\/\/keybox.nl\/product\/regenkap-anti-masking-ksb107\/","name":"Regnh\u00e6tte | Anti-maskering KSB107","isPartOf":{"@id":"https:\/\/keybox.nl\/#website"},"primaryImageOfPage":{"@id":"https:\/\/keybox.nl\/product\/regenkap-anti-masking-ksb107\/#primaryimage"},"image":{"@id":"https:\/\/keybox.nl\/product\/regenkap-anti-masking-ksb107\/#primaryimage"},"thumbnailUrl":"https:\/\/keybox.nl\/wp-content\/uploads\/2022\/01\/KSB_007_rain-scaled-e1643227017671.jpg","datePublished":"2022-02-03T12:06:54+00:00","dateModified":"2025-11-26T09:44:43+00:00","breadcrumb":{"@id":"https:\/\/keybox.nl\/product\/regenkap-anti-masking-ksb107\/#breadcrumb"},"inLanguage":"da-DK","potentialAction":[{"@type":"ReadAction","target":["https:\/\/keybox.nl\/product\/regenkap-anti-masking-ksb107\/"]}]},{"@type":"ImageObject","inLanguage":"da-DK","@id":"https:\/\/keybox.nl\/product\/regenkap-anti-masking-ksb107\/#primaryimage","url":"https:\/\/keybox.nl\/wp-content\/uploads\/2022\/01\/KSB_007_rain-scaled-e1643227017671.jpg","contentUrl":"https:\/\/keybox.nl\/wp-content\/uploads\/2022\/01\/KSB_007_rain-scaled-e1643227017671.jpg","width":365,"height":487,"caption":"Regenkap KSB107"},{"@type":"BreadcrumbList","@id":"https:\/\/keybox.nl\/product\/regenkap-anti-masking-ksb107\/#breadcrumb","itemListElement":[{"@type":"ListItem","position":1,"name":"Home","item":"https:\/\/keybox.nl\/"},{"@type":"ListItem","position":2,"name":"Beveiligde sleutelkastjes kopen","item":"https:\/\/keybox.nl\/"},{"@type":"ListItem","position":3,"name":"Regenkap | Anti-masking KSB107"}]},{"@type":"WebSite","@id":"https:\/\/keybox.nl\/#website","url":"https:\/\/keybox.nl\/","name":"","description":"","potentialAction":[{"@type":"SearchAction","target":{"@type":"EntryPoint","urlTemplate":"https:\/\/keybox.nl\/?s={search_term_string}"},"query-input":{"@type":"PropertyValueSpecification","valueRequired":true,"valueName":"search_term_string"}}],"inLanguage":"da-DK"}]}},"jetpack-related-posts":[{"id":1339,"url":"https:\/\/keybox.nl\/da\/vare\/regenkap-anti-masking-ksb107-xl\/","url_meta":{"origin":255,"position":0},"title":"Regnh\u00e6tte | Anti-masking KSB107W","author":"Keybox@beheermodule","date":"10 februar 2023","format":false,"excerpt":"\u00a0 Monter regn-\/maskeringsh\u00e6tten i rustfrit st\u00e5l\/Inox for at forhindre regn og maskering.\u00a0","rel":"","context":"Similar post","block_context":{"text":"Similar post","link":""},"img":{"alt_text":"Regenkap KSB107","src":"https:\/\/i0.wp.com\/keybox.nl\/wp-content\/uploads\/2022\/01\/KSB_007_rain-scaled-e1643227017671.jpg?resize=350%2C200&ssl=1","width":350,"height":200},"classes":[]},{"id":237,"url":"https:\/\/keybox.nl\/da\/vare\/paneel-met-uitsparing-ksb107\/","url_meta":{"origin":255,"position":1},"title":"Panel til KSB107 og KSB107W","author":"Keybox@beheermodule","date":"1 februar 2022","format":false,"excerpt":"V\u00e6gpanel med fordybning til KSB107 Anbefales ved installation i en ikke-stenv\u00e6g som f.eks. et sandwichpanel. Panelet i rustfrit st\u00e5l\/inox er udstyret med en fordybning.","rel":"","context":"Similar post","block_context":{"text":"Similar post","link":""},"img":{"alt_text":"RVS paneel ksb107","src":"https:\/\/i0.wp.com\/keybox.nl\/wp-content\/uploads\/2022\/02\/SS-Plate-KSB107-e1643788038351.jpg?resize=350%2C200&ssl=1","width":350,"height":200},"classes":[]},{"id":193,"url":"https:\/\/keybox.nl\/da\/vare\/keysecuritybox-sleutelkluis-ksb107\/","url_meta":{"origin":255,"position":2},"title":"Keysecuritybox KSB107 n\u00f8gleskab","author":"Keybox@beheermodule","date":"28 januar 2022","format":false,"excerpt":"N\u00f8glesikringsboks KSB107 KSB107 kan installeres i en v\u00e6g\/v\u00e6g og er ekstremt sikker. Rulle\u00e5bning L44, H64, D 124 mm.","rel":"","context":"Similar post","block_context":{"text":"Similar post","link":""},"img":{"alt_text":"","src":"https:\/\/i0.wp.com\/keybox.nl\/wp-content\/uploads\/2022\/01\/Ksb007-5-225x300.jpg?resize=350%2C200","width":350,"height":200},"classes":[]},{"id":201,"url":"https:\/\/keybox.nl\/da\/vare\/keysecuritybox-sleutelkluis-ksb107-wl\/","url_meta":{"origin":255,"position":3},"title":"Keysecuritybox KSB107 W n\u00f8gleskab","author":"Keybox@beheermodule","date":"28 januar 2022","format":false,"excerpt":"N\u00f8glesikkerhedsboks KSB107 XL KSB107 kan installeres i en v\u00e6g\/v\u00e6g og er ekstremt sikker. Rulle\u00e5bning L66, H64, D 124 mm.","rel":"","context":"Similar post","block_context":{"text":"Similar post","link":""},"img":{"alt_text":"","src":"https:\/\/i0.wp.com\/keybox.nl\/wp-content\/uploads\/2022\/01\/Keysecuritybox-KSB107XL-300x300.jpg?resize=350%2C200","width":350,"height":200},"classes":[]},{"id":248,"url":"https:\/\/keybox.nl\/da\/vare\/seismische-kluis-detector-ksb107\/","url_meta":{"origin":255,"position":4},"title":"Seismisk hv\u00e6lvingsdetektor KSB107","author":"Keybox@beheermodule","date":"2 februar 2022","format":false,"excerpt":"Seismisk sikkerhedsdetektor KSB007 Seismisk sikkerhedsdetektor i metalhus. Sensoren reagerer p\u00e5 vibrationer og lyd, s\u00e5 den kan opdage et angreb p\u00e5 objektet. Forbindes til alarmsystemet. Keysecuritybox KSB107 er forberedt til at montere denne sensor. Bredde31 mm H\u00f8jde 23 mm L\u00e6ngde 91 mm Materiale...","rel":"","context":"Similar post","block_context":{"text":"Similar post","link":""},"img":{"alt_text":"Seismische Kluis Detector","src":"https:\/\/i0.wp.com\/keybox.nl\/wp-content\/uploads\/2022\/02\/Seismische-Kluis-Detector-e1643814028729.jpg?resize=350%2C200&ssl=1","width":350,"height":200},"classes":[]},{"id":232,"url":"https:\/\/keybox.nl\/da\/vare\/lowering-bracket-ksb107\/","url_meta":{"origin":255,"position":5},"title":"S\u00e6nkebeslag KSB107","author":"Keybox@beheermodule","date":"1 februar 2022","format":false,"excerpt":"S\u00e6nkebeslag KSB007 Placer s\u00e6nkningss\u00e6ttet, hvis v\u00e6ggen er tykkere end 30 cm, s\u00e5 der er en h\u00e6ldning p\u00e5 mindst 30\u02da.","rel":"","context":"Similar post","block_context":{"text":"Similar post","link":""},"img":{"alt_text":"Lowering bracket KSB107","src":"https:\/\/i0.wp.com\/keybox.nl\/wp-content\/uploads\/2022\/02\/Lowering-bracket-KSB107.jpg?resize=350%2C200&ssl=1","width":350,"height":200,"srcset":"https:\/\/i0.wp.com\/keybox.nl\/wp-content\/uploads\/2022\/02\/Lowering-bracket-KSB107.jpg?resize=350%2C200&ssl=1 1x, https:\/\/i0.wp.com\/keybox.nl\/wp-content\/uploads\/2022\/02\/Lowering-bracket-KSB107.jpg?resize=525%2C300&ssl=1 1.5x, https:\/\/i0.wp.com\/keybox.nl\/wp-content\/uploads\/2022\/02\/Lowering-bracket-KSB107.jpg?resize=700%2C400&ssl=1 2x, https:\/\/i0.wp.com\/keybox.nl\/wp-content\/uploads\/2022\/02\/Lowering-bracket-KSB107.jpg?resize=1050%2C600&ssl=1 3x"},"classes":[]}],"jetpack_sharing_enabled":true,"_links":{"self":[{"href":"https:\/\/keybox.nl\/da\/wp-json\/wp\/v2\/product\/255","targetHints":{"allow":["GET"]}}],"collection":[{"href":"https:\/\/keybox.nl\/da\/wp-json\/wp\/v2\/product"}],"about":[{"href":"https:\/\/keybox.nl\/da\/wp-json\/wp\/v2\/types\/product"}],"replies":[{"embeddable":true,"href":"https:\/\/keybox.nl\/da\/wp-json\/wp\/v2\/comments?post=255"}],"wp:featuredmedia":[{"embeddable":true,"href":"https:\/\/keybox.nl\/da\/wp-json\/wp\/v2\/media\/183"}],"wp:attachment":[{"href":"https:\/\/keybox.nl\/da\/wp-json\/wp\/v2\/media?parent=255"}],"wp:term":[{"taxonomy":"product_brand","embeddable":true,"href":"https:\/\/keybox.nl\/da\/wp-json\/wp\/v2\/product_brand?post=255"},{"taxonomy":"product_cat","embeddable":true,"href":"https:\/\/keybox.nl\/da\/wp-json\/wp\/v2\/product_cat?post=255"},{"taxonomy":"product_tag","embeddable":true,"href":"https:\/\/keybox.nl\/da\/wp-json\/wp\/v2\/product_tag?post=255"}],"curies":[{"name":"wp","href":"https:\/\/api.w.org\/{rel}","templated":true}]}}