{"id":198,"date":"2022-01-28T16:29:39","date_gmt":"2022-01-28T16:29:39","guid":{"rendered":"http:\/\/keybox.nl\/?post_type=product&#038;p=198"},"modified":"2025-11-26T09:40:29","modified_gmt":"2025-11-26T09:40:29","slug":"regenkap-ksb101-102-en-103","status":"publish","type":"product","link":"https:\/\/keybox.nl\/da\/vare\/regenkap-ksb101-102-en-103\/","title":{"rendered":"Regnt\u00e6ppe KSB101, 2, 3"},"content":{"rendered":"<h2>Regnh\u00e6tte til Keysecurity-boksen<\/h2>\n<p>Forhindre regnvand i at tr\u00e6nge ind i Keysecuritybox med regnh\u00e6tten. Let at s\u00e6tte p\u00e5 med et monteringss\u00e6t oven p\u00e5 Keysecurityboxen. H\u00e6tten forhindrer vand i at tr\u00e6nge ind i pengeskabet via rullen.<\/p>\n<p>Hold n\u00f8glen t\u00f8r, og s\u00e6t en regnh\u00e6tte p\u00e5.<\/p>\n<figure id=\"attachment_199\" aria-describedby=\"caption-attachment-199\" style=\"width: 270px\" class=\"wp-caption alignleft\"><img decoding=\"async\" class=\"size-medium wp-image-199\" src=\"http:\/\/keybox.nl\/wp-content\/uploads\/2022\/01\/IMG_5363-270x300.jpg\" alt=\"\" width=\"270\" height=\"300\" \/><figcaption id=\"caption-attachment-199\" class=\"wp-caption-text\">Regnh\u00e6tte N\u00f8glesikkerhedsboks<\/figcaption><\/figure>\n<p>&nbsp;<\/p>","protected":false},"excerpt":{"rendered":"<h2>Regnh\u00e6tte til Keysecurity-boksen<\/h2>","protected":false},"featured_media":199,"comment_status":"open","ping_status":"closed","template":"","meta":[],"product_brand":[],"product_cat":[36],"product_tag":[40,41,42,20,38,39,37],"class_list":{"0":"post-198","1":"product","2":"type-product","3":"status-publish","4":"has-post-thumbnail","6":"product_cat-keysecuritybox-accessoires","7":"product_tag-40","8":"product_tag-41","9":"product_tag-42","10":"product_tag-keysecuritybox","11":"product_tag-ksb","12":"product_tag-regen","13":"product_tag-regenkap","15":"first","16":"instock","17":"taxable","18":"shipping-taxable","19":"purchasable","20":"product-type-simple"},"yoast_head":"<!-- This site is optimized with the Yoast SEO plugin v27.4 - https:\/\/yoast.com\/product\/yoast-seo-wordpress\/ -->\n<title>Regenkap KSB101, 2, 3 -<\/title>\n<meta name=\"robots\" content=\"index, follow, max-snippet:-1, max-image-preview:large, max-video-preview:-1\" \/>\n<link rel=\"canonical\" href=\"https:\/\/keybox.nl\/da\/vare\/regenkap-ksb101-102-en-103\/\" \/>\n<meta property=\"og:locale\" content=\"da_DK\" \/>\n<meta property=\"og:type\" content=\"article\" \/>\n<meta property=\"og:title\" content=\"Regenkap KSB101, 2, 3 -\" \/>\n<meta property=\"og:description\" content=\"Regenkap voor de Keysecuritybox\" \/>\n<meta property=\"og:url\" content=\"https:\/\/keybox.nl\/da\/vare\/regenkap-ksb101-102-en-103\/\" \/>\n<meta property=\"article:modified_time\" content=\"2025-11-26T09:40:29+00:00\" \/>\n<meta property=\"og:image\" content=\"http:\/\/keybox.nl\/wp-content\/uploads\/2022\/01\/IMG_5363-scaled-e1643386544179.jpg\" \/>\n\t<meta property=\"og:image:width\" content=\"438\" \/>\n\t<meta property=\"og:image:height\" content=\"487\" \/>\n\t<meta property=\"og:image:type\" content=\"image\/jpeg\" \/>\n<meta name=\"twitter:card\" content=\"summary_large_image\" \/>\n<script type=\"application\/ld+json\" class=\"yoast-schema-graph\">{\"@context\":\"https:\\\/\\\/schema.org\",\"@graph\":[{\"@type\":\"WebPage\",\"@id\":\"https:\\\/\\\/keybox.nl\\\/product\\\/regenkap-ksb101-102-en-103\\\/\",\"url\":\"https:\\\/\\\/keybox.nl\\\/product\\\/regenkap-ksb101-102-en-103\\\/\",\"name\":\"Regenkap KSB101, 2, 3 -\",\"isPartOf\":{\"@id\":\"https:\\\/\\\/keybox.nl\\\/#website\"},\"primaryImageOfPage\":{\"@id\":\"https:\\\/\\\/keybox.nl\\\/product\\\/regenkap-ksb101-102-en-103\\\/#primaryimage\"},\"image\":{\"@id\":\"https:\\\/\\\/keybox.nl\\\/product\\\/regenkap-ksb101-102-en-103\\\/#primaryimage\"},\"thumbnailUrl\":\"https:\\\/\\\/keybox.nl\\\/wp-content\\\/uploads\\\/2022\\\/01\\\/IMG_5363-scaled-e1643386544179.jpg\",\"datePublished\":\"2022-01-28T16:29:39+00:00\",\"dateModified\":\"2025-11-26T09:40:29+00:00\",\"breadcrumb\":{\"@id\":\"https:\\\/\\\/keybox.nl\\\/product\\\/regenkap-ksb101-102-en-103\\\/#breadcrumb\"},\"inLanguage\":\"da-DK\",\"potentialAction\":[{\"@type\":\"ReadAction\",\"target\":[\"https:\\\/\\\/keybox.nl\\\/product\\\/regenkap-ksb101-102-en-103\\\/\"]}]},{\"@type\":\"ImageObject\",\"inLanguage\":\"da-DK\",\"@id\":\"https:\\\/\\\/keybox.nl\\\/product\\\/regenkap-ksb101-102-en-103\\\/#primaryimage\",\"url\":\"https:\\\/\\\/keybox.nl\\\/wp-content\\\/uploads\\\/2022\\\/01\\\/IMG_5363-scaled-e1643386544179.jpg\",\"contentUrl\":\"https:\\\/\\\/keybox.nl\\\/wp-content\\\/uploads\\\/2022\\\/01\\\/IMG_5363-scaled-e1643386544179.jpg\",\"width\":438,\"height\":487,\"caption\":\"Regenkap Keysecuritybox\"},{\"@type\":\"BreadcrumbList\",\"@id\":\"https:\\\/\\\/keybox.nl\\\/product\\\/regenkap-ksb101-102-en-103\\\/#breadcrumb\",\"itemListElement\":[{\"@type\":\"ListItem\",\"position\":1,\"name\":\"Home\",\"item\":\"https:\\\/\\\/keybox.nl\\\/\"},{\"@type\":\"ListItem\",\"position\":2,\"name\":\"Beveiligde sleutelkastjes kopen\",\"item\":\"https:\\\/\\\/keybox.nl\\\/\"},{\"@type\":\"ListItem\",\"position\":3,\"name\":\"Regenkap KSB101, 2, 3\"}]},{\"@type\":\"WebSite\",\"@id\":\"https:\\\/\\\/keybox.nl\\\/#website\",\"url\":\"https:\\\/\\\/keybox.nl\\\/\",\"name\":\"\",\"description\":\"\",\"potentialAction\":[{\"@type\":\"SearchAction\",\"target\":{\"@type\":\"EntryPoint\",\"urlTemplate\":\"https:\\\/\\\/keybox.nl\\\/?s={search_term_string}\"},\"query-input\":{\"@type\":\"PropertyValueSpecification\",\"valueRequired\":true,\"valueName\":\"search_term_string\"}}],\"inLanguage\":\"da-DK\"}]}<\/script>\n<!-- \/ Yoast SEO plugin. -->","yoast_head_json":{"title":"Regnh\u00e6tte KSB101, 2, 3","robots":{"index":"index","follow":"follow","max-snippet":"max-snippet:-1","max-image-preview":"max-image-preview:large","max-video-preview":"max-video-preview:-1"},"canonical":"https:\/\/keybox.nl\/da\/vare\/regenkap-ksb101-102-en-103\/","og_locale":"da_DK","og_type":"article","og_title":"Regenkap KSB101, 2, 3 -","og_description":"Regenkap voor de Keysecuritybox","og_url":"https:\/\/keybox.nl\/da\/vare\/regenkap-ksb101-102-en-103\/","article_modified_time":"2025-11-26T09:40:29+00:00","og_image":[{"width":438,"height":487,"url":"http:\/\/keybox.nl\/wp-content\/uploads\/2022\/01\/IMG_5363-scaled-e1643386544179.jpg","type":"image\/jpeg"}],"twitter_card":"summary_large_image","schema":{"@context":"https:\/\/schema.org","@graph":[{"@type":"WebPage","@id":"https:\/\/keybox.nl\/product\/regenkap-ksb101-102-en-103\/","url":"https:\/\/keybox.nl\/product\/regenkap-ksb101-102-en-103\/","name":"Regnh\u00e6tte KSB101, 2, 3","isPartOf":{"@id":"https:\/\/keybox.nl\/#website"},"primaryImageOfPage":{"@id":"https:\/\/keybox.nl\/product\/regenkap-ksb101-102-en-103\/#primaryimage"},"image":{"@id":"https:\/\/keybox.nl\/product\/regenkap-ksb101-102-en-103\/#primaryimage"},"thumbnailUrl":"https:\/\/keybox.nl\/wp-content\/uploads\/2022\/01\/IMG_5363-scaled-e1643386544179.jpg","datePublished":"2022-01-28T16:29:39+00:00","dateModified":"2025-11-26T09:40:29+00:00","breadcrumb":{"@id":"https:\/\/keybox.nl\/product\/regenkap-ksb101-102-en-103\/#breadcrumb"},"inLanguage":"da-DK","potentialAction":[{"@type":"ReadAction","target":["https:\/\/keybox.nl\/product\/regenkap-ksb101-102-en-103\/"]}]},{"@type":"ImageObject","inLanguage":"da-DK","@id":"https:\/\/keybox.nl\/product\/regenkap-ksb101-102-en-103\/#primaryimage","url":"https:\/\/keybox.nl\/wp-content\/uploads\/2022\/01\/IMG_5363-scaled-e1643386544179.jpg","contentUrl":"https:\/\/keybox.nl\/wp-content\/uploads\/2022\/01\/IMG_5363-scaled-e1643386544179.jpg","width":438,"height":487,"caption":"Regenkap Keysecuritybox"},{"@type":"BreadcrumbList","@id":"https:\/\/keybox.nl\/product\/regenkap-ksb101-102-en-103\/#breadcrumb","itemListElement":[{"@type":"ListItem","position":1,"name":"Home","item":"https:\/\/keybox.nl\/"},{"@type":"ListItem","position":2,"name":"Beveiligde sleutelkastjes kopen","item":"https:\/\/keybox.nl\/"},{"@type":"ListItem","position":3,"name":"Regenkap KSB101, 2, 3"}]},{"@type":"WebSite","@id":"https:\/\/keybox.nl\/#website","url":"https:\/\/keybox.nl\/","name":"","description":"","potentialAction":[{"@type":"SearchAction","target":{"@type":"EntryPoint","urlTemplate":"https:\/\/keybox.nl\/?s={search_term_string}"},"query-input":{"@type":"PropertyValueSpecification","valueRequired":true,"valueName":"search_term_string"}}],"inLanguage":"da-DK"}]}},"jetpack-related-posts":[{"id":122,"url":"https:\/\/keybox.nl\/da\/vare\/keysecuritybox-ksb105\/","url_meta":{"origin":198,"position":0},"title":"N\u00f8glesikkerhedsboks KSB105","author":"Keybox@beheermodule","date":"14 december 2021","format":false,"excerpt":"N\u00f8glesikringsboks KSB105 Velegnet til at forankre model KSB103 og KSB004 til en stolpe.","rel":"","context":"Similar post","block_context":{"text":"Similar post","link":""},"img":{"alt_text":"","src":"https:\/\/i0.wp.com\/keybox.nl\/wp-content\/uploads\/2021\/12\/KSB005-e1639511667630.png?resize=350%2C200&ssl=1","width":350,"height":200},"classes":[]},{"id":184,"url":"https:\/\/keybox.nl\/da\/vare\/keysecuritybox-ksb106\/","url_meta":{"origin":198,"position":1},"title":"N\u00f8glesikkerhedsboks KSB106","author":"Keybox@beheermodule","date":"26 januar 2022","format":false,"excerpt":"N\u00f8glesikkerhedsboks KSB106 \u00a0","rel":"","context":"Similar post","block_context":{"text":"Similar post","link":""},"img":{"alt_text":"","src":"https:\/\/i0.wp.com\/keybox.nl\/wp-content\/uploads\/2022\/01\/MG_3154-scaled-e1643377303706.jpg?resize=350%2C200&ssl=1","width":350,"height":200,"srcset":"https:\/\/i0.wp.com\/keybox.nl\/wp-content\/uploads\/2022\/01\/MG_3154-scaled-e1643377303706.jpg?resize=350%2C200&ssl=1 1x, https:\/\/i0.wp.com\/keybox.nl\/wp-content\/uploads\/2022\/01\/MG_3154-scaled-e1643377303706.jpg?resize=525%2C300&ssl=1 1.5x, https:\/\/i0.wp.com\/keybox.nl\/wp-content\/uploads\/2022\/01\/MG_3154-scaled-e1643377303706.jpg?resize=700%2C400&ssl=1 2x"},"classes":[]},{"id":264,"url":"https:\/\/keybox.nl\/da\/vare\/speciale-ral-kleur-ksb\/","url_meta":{"origin":198,"position":2},"title":"Speciel RAL-farve KSB","author":"Keybox@beheermodule","date":"3 februar 2022","format":false,"excerpt":"Speciel RAL-farve KSB Bestil Keysecurity-boksen i den \u00f8nskede RAL-farve. Leveringstid ca. 2 uger.","rel":"","context":"Similar post","block_context":{"text":"Similar post","link":""},"img":{"alt_text":"Speciale RAL Kleur","src":"https:\/\/i0.wp.com\/keybox.nl\/wp-content\/uploads\/2022\/02\/Ral-2004-KSB-1.jpg?resize=350%2C200&ssl=1","width":350,"height":200,"srcset":"https:\/\/i0.wp.com\/keybox.nl\/wp-content\/uploads\/2022\/02\/Ral-2004-KSB-1.jpg?resize=350%2C200&ssl=1 1x, https:\/\/i0.wp.com\/keybox.nl\/wp-content\/uploads\/2022\/02\/Ral-2004-KSB-1.jpg?resize=525%2C300&ssl=1 1.5x"},"classes":[]},{"id":115,"url":"https:\/\/keybox.nl\/da\/vare\/keysecuritybox-sleutelkluis-ksb103a\/","url_meta":{"origin":198,"position":3},"title":"Keysecuritybox KSB103A ekstra pansret n\u00f8gleskab","author":"Keybox@beheermodule","date":"4 december 2021","format":false,"excerpt":"N\u00f8glesikkerhedsboks KSB103A med ekstra panser. KSB103A er udstyret med ekstra panser. Inde i boksen er der et ekstra indre pengeskab lavet af specialst\u00e5l, der giver h\u00f8jere beskyttelse mod angreb. Til montering p\u00e5 en stolpe (KSB005) eller konsol KSB106","rel":"","context":"Similar post","block_context":{"text":"Similar post","link":""},"img":{"alt_text":"","src":"https:\/\/i0.wp.com\/keybox.nl\/wp-content\/uploads\/2021\/11\/KSB_101_3-scaled-e1638352491754.jpg?resize=350%2C200&ssl=1","width":350,"height":200},"classes":[]},{"id":109,"url":"https:\/\/keybox.nl\/da\/vare\/keysecuritybox-sleutelkluis-ksb103\/","url_meta":{"origin":198,"position":4},"title":"Keysecuritybox KSB103 n\u00f8gleskab","author":"Keybox@beheermodule","date":"4 december 2021","format":false,"excerpt":"N\u00f8glesikringsboks KSB103 Til montering p\u00e5 en stolpe (KSB005) eller konsol KSB106","rel":"","context":"Similar post","block_context":{"text":"Similar post","link":""},"img":{"alt_text":"","src":"https:\/\/i0.wp.com\/keybox.nl\/wp-content\/uploads\/2021\/11\/KSB_101_3-scaled-e1638352491754.jpg?resize=350%2C200&ssl=1","width":350,"height":200},"classes":[]},{"id":201,"url":"https:\/\/keybox.nl\/da\/vare\/keysecuritybox-sleutelkluis-ksb107-wl\/","url_meta":{"origin":198,"position":5},"title":"Keysecuritybox KSB107 W n\u00f8gleskab","author":"Keybox@beheermodule","date":"28 januar 2022","format":false,"excerpt":"N\u00f8glesikkerhedsboks KSB107 XL KSB107 kan installeres i en v\u00e6g\/v\u00e6g og er ekstremt sikker. Rulle\u00e5bning L66, H64, D 124 mm.","rel":"","context":"Similar post","block_context":{"text":"Similar post","link":""},"img":{"alt_text":"","src":"https:\/\/i0.wp.com\/keybox.nl\/wp-content\/uploads\/2022\/01\/Keysecuritybox-KSB107XL-300x300.jpg?resize=350%2C200","width":350,"height":200},"classes":[]}],"jetpack_sharing_enabled":true,"_links":{"self":[{"href":"https:\/\/keybox.nl\/da\/wp-json\/wp\/v2\/product\/198","targetHints":{"allow":["GET"]}}],"collection":[{"href":"https:\/\/keybox.nl\/da\/wp-json\/wp\/v2\/product"}],"about":[{"href":"https:\/\/keybox.nl\/da\/wp-json\/wp\/v2\/types\/product"}],"replies":[{"embeddable":true,"href":"https:\/\/keybox.nl\/da\/wp-json\/wp\/v2\/comments?post=198"}],"wp:featuredmedia":[{"embeddable":true,"href":"https:\/\/keybox.nl\/da\/wp-json\/wp\/v2\/media\/199"}],"wp:attachment":[{"href":"https:\/\/keybox.nl\/da\/wp-json\/wp\/v2\/media?parent=198"}],"wp:term":[{"taxonomy":"product_brand","embeddable":true,"href":"https:\/\/keybox.nl\/da\/wp-json\/wp\/v2\/product_brand?post=198"},{"taxonomy":"product_cat","embeddable":true,"href":"https:\/\/keybox.nl\/da\/wp-json\/wp\/v2\/product_cat?post=198"},{"taxonomy":"product_tag","embeddable":true,"href":"https:\/\/keybox.nl\/da\/wp-json\/wp\/v2\/product_tag?post=198"}],"curies":[{"name":"wp","href":"https:\/\/api.w.org\/{rel}","templated":true}]}}