{"id":193,"date":"2022-01-28T13:48:55","date_gmt":"2022-01-28T13:48:55","guid":{"rendered":"http:\/\/keybox.nl\/?post_type=product&#038;p=193"},"modified":"2026-02-04T13:28:07","modified_gmt":"2026-02-04T13:28:07","slug":"keysecuritybox-sleutelkluis-ksb107","status":"publish","type":"product","link":"https:\/\/keybox.nl\/da\/vare\/keysecuritybox-sleutelkluis-ksb107\/","title":{"rendered":"Keysecuritybox KSB107 n\u00f8gleskab"},"content":{"rendered":"<h2>N\u00f8glesikkerhedsboks KSB107<\/h2>\n<p>Den enkleste og sikreste l\u00f8sning til opbevaring af n\u00f8gler og n\u00f8glekort 24\/7 - denne smarte, robuste og prisvenlige dropbox bruges af tusindvis af virksomheder.<\/p>\n<p>KSB107 kan installeres i en v\u00e6g\/v\u00e6g og er ekstremt sikker. Ude i v\u00e6ggen er det kun gavlpladen med rulle, der er synlig. De deponerede n\u00f8gler falder inde i bygningen i et afl\u00e5st, robust pengeskab. Pengeskabet er udstyret med en sp\u00e6rrel\u00e5s med 21 mm skudafstand, 300\u00ba rotation og 2 skud. N\u00f8glen kan ikke fjernes i \u00e5ben position.<\/p>\n<p>KSB107 kan monteres i n\u00e6sten enhver v\u00e6g. Selv i et sandwichpanel, hvis der placeres et panel af rustfrit st\u00e5l\/rustfrit st\u00e5l mellem gavlpladen med rulle og v\u00e6ggen. Det indend\u00f8rs pengeskab er forberedt til installation af en seismisk\/sikkerhedsdetektor. Denne sensor giver besked i tilf\u00e6lde af et angreb og reagerer p\u00e5 en kombination af vibrationer og lyd.<\/p>\n<p><img decoding=\"async\" class=\"size-medium wp-image-197 alignleft\" src=\"http:\/\/keybox.nl\/wp-content\/uploads\/2022\/01\/Ksb007-5-225x300.jpg\" alt=\"\" width=\"225\" height=\"300\" srcset=\"https:\/\/keybox.nl\/wp-content\/uploads\/2022\/01\/Ksb007-5-225x300.jpg 225w, https:\/\/keybox.nl\/wp-content\/uploads\/2022\/01\/Ksb007-5-416x555.jpg 416w, https:\/\/keybox.nl\/wp-content\/uploads\/2022\/01\/Ksb007-5-768x1024.jpg 768w, https:\/\/keybox.nl\/wp-content\/uploads\/2022\/01\/Ksb007-5-1152x1536.jpg 1152w, https:\/\/keybox.nl\/wp-content\/uploads\/2022\/01\/Ksb007-5.jpg 1200w\" sizes=\"(max-width: 225px) 100vw, 225px\" \/> \u00a0<img decoding=\"async\" class=\"alignleft size-medium wp-image-196\" src=\"http:\/\/keybox.nl\/wp-content\/uploads\/2022\/01\/KSB007-inner-safe-225x300.jpeg\" alt=\"\" width=\"225\" height=\"300\" \/><\/p>\n<p>&nbsp;<\/p>\n<p>&nbsp;<\/p>\n<p>&nbsp;<\/p>\n<p>&nbsp;<\/p>\n<p>&nbsp;<\/p>\n<p>&nbsp;<\/p>\n<p>Enkelt Dette kompakte og robuste n\u00f8gleskab er den enkleste l\u00f8sning til optimal sikring af n\u00f8gler og n\u00f8glekort. Det f\u00e5s i forskellige versioner, s\u00e5 man altid kan installere det mod eller i v\u00e6gge. Ingen v\u00e6gge? S\u00e5 kan n\u00f8gleboksen monteres p\u00e5 en st\u00e5lkonsol. Pengeskabet er fuldt mekanisk og meget brugervenligt.<\/p>\n<p>Solid Dette n\u00f8gleskab er ekstremt st\u00e6rkt! Med undtagelse af indskudshjulet er det udelukkende lavet af massivt st\u00e5l. Da pengeskabet kun har \u00e9n bev\u00e6gelig del, er det ekstremt holdbart, vejrbestandigt og p\u00e5lideligt. Og isatte n\u00f8gler og n\u00f8glekort er sikre, for takket v\u00e6re det intelligente indkasthjul er det umuligt at \"fiske\" efter n\u00f8gler.<\/p>\n<p>Pengeskab Drej rullehjulet op, indtil \u00e5bningen er synlig, s\u00e6t n\u00f8glen eller n\u00f8glekortet ind i rullehjulet, og slip rullen, s\u00e5 den automatisk drejer tilbage, og n\u00f8glen falder ned i pengeskabet. Det kunne ikke v\u00e6re mere enkelt.<\/p>\n<p><strong>DEN BEDSTE L\u00d8SNING TIL BILUDLEJNINGSFIRMAER, LEASINGSELSKABER, BILFORHANDLERE, VIRKSOMHEDER MED FL\u00c5DER, BILFORHANDLERE, V\u00c6RKSTEDER, HOTELLER OG MEGET MERE.<\/strong><\/p>\n<p><strong>Et udvalg af vores referencer<\/strong><br \/>\nBilforhandlere: Audi, BMW, Chevolet, Citro\u00ebn, Fiat, Jaguar, Ford, Honda, Isuzu, Land Rover, MAN trucks, Mazda, Mercedes, Mitsubishi, Nissan, Tesla, Toyota, Opel, Peugeot, Rolls Royce, Renault, Saab, Porsche, Volvo, Volkswagen Biludlejning: Avis, Hertz, Budget, Sixt, Europcar, Dockx, Thrifty, AVA Rent, Autorent, Drive Yourself, Bochane Rent, Oto2rent, Camion Rentals, Runner Trucks, Bultman Hertz Offentlig transport: Lufthavn Schiphol Amsterdam, Lufthavn Rotterdam, Lufthavn Eindhoven, Lufthavn Groningen, Lufthavn Maastricht, Lufthavn Antwerpen, Lufthavn Bruxelles, Charleroi Lufthavn, Aeroport du Luxembourg, Station Antwerpen Central Andet: Carglass, ING Car Lease, Runner Truck Lease &amp; Rental, Scheer en Foppen Logistics, Borent, Philips Lighting Company cars &amp; Trailer Service, Dura Vermeer Road Construction, Bosch Universal Car Companies, Profile Tyre Center.<\/p>\n<p><strong>Specifikationer<\/strong><br \/>\nModel: KSB107<br \/>\nSt\u00f8rrelse p\u00e5 indvendigt pengeskab: 215 x 555 x 177 mm<br \/>\nGavlst\u00f8rrelse: 180 x 320 x 145 mm<br \/>\nSt\u00f8rrelse rulleudsparing: L44, H64, D124 mm<br \/>\nV\u00e6gt: 24 kg<br \/>\nFarve: RAL 9006<\/p>\n<p><strong>Pakkens indhold KSB107<\/strong><br \/>\n- 1 x KeySecurityBox<br \/>\n- 1 x dias<br \/>\n- 1 x gulvm\u00e5tte til pengeskabet<br \/>\n- 1 x d\u00e6kplade<br \/>\n- 4 x ring \u00f8 20 mm<br \/>\n- 4 x ende med gevind<br \/>\n- 4 x m\u00f8trik M10<br \/>\n- 1 x instruktionsm\u00e6rkat<br \/>\n- 2 x boksn\u00f8gler<\/p>\n<p><iframe title=\"Indlevering af biln\u00f8gle i Keysecuritybox KSB107 hos Fred Janssen Van Kouwen Biludlejning\" width=\"980\" height=\"551\" src=\"https:\/\/www.youtube.com\/embed\/RgrgjCxeTt0?feature=oembed&#038;enablejsapi=1&#038;origin=https:\/\/keybox.nl\" frameborder=\"0\" allow=\"accelerometer; autoplay; clipboard-write; encrypted-media; gyroscope; picture-in-picture; web-share\" referrerpolicy=\"strict-origin-when-cross-origin\" allowfullscreen><\/iframe><\/p>","protected":false},"excerpt":{"rendered":"<h2>N\u00f8glesikkerhedsboks KSB107<\/h2>\n<p>KSB107 kan placeres i en v\u00e6g\/v\u00e6g og er ekstremt sikker. Rulle\u00e5bning L44, H64, D 124 mm.<\/p>","protected":false},"featured_media":195,"comment_status":"open","ping_status":"closed","template":"","meta":[],"product_brand":[],"product_cat":[18],"product_tag":[],"class_list":{"0":"post-193","1":"product","2":"type-product","3":"status-publish","4":"has-post-thumbnail","6":"product_cat-keysecuritybox","8":"first","9":"instock","10":"taxable","11":"shipping-taxable","12":"purchasable","13":"product-type-simple"},"yoast_head":"<!-- This site is optimized with the Yoast SEO plugin v27.4 - https:\/\/yoast.com\/product\/yoast-seo-wordpress\/ -->\n<title>Keysecuritybox KSB107 sleutelkluis -<\/title>\n<meta name=\"robots\" content=\"index, follow, max-snippet:-1, max-image-preview:large, max-video-preview:-1\" \/>\n<link rel=\"canonical\" href=\"https:\/\/keybox.nl\/da\/vare\/keysecuritybox-sleutelkluis-ksb107\/\" \/>\n<meta property=\"og:locale\" content=\"da_DK\" \/>\n<meta property=\"og:type\" content=\"article\" \/>\n<meta property=\"og:title\" content=\"Keysecuritybox KSB107 sleutelkluis -\" \/>\n<meta property=\"og:description\" content=\"Keysecuritybox KSB107 De KSB107 kan in een muur \/ wand geplaatst worden en is extreem veilig. Rol opening L44, H64, D 124 mm.\" \/>\n<meta property=\"og:url\" content=\"https:\/\/keybox.nl\/da\/vare\/keysecuritybox-sleutelkluis-ksb107\/\" \/>\n<meta property=\"article:modified_time\" content=\"2026-02-04T13:28:07+00:00\" \/>\n<meta property=\"og:image\" content=\"http:\/\/keybox.nl\/wp-content\/uploads\/2022\/01\/KSB_007_2-e1643381083359.jpg\" \/>\n\t<meta property=\"og:image:width\" content=\"348\" \/>\n\t<meta property=\"og:image:height\" content=\"487\" \/>\n\t<meta property=\"og:image:type\" content=\"image\/jpeg\" \/>\n<meta name=\"twitter:card\" content=\"summary_large_image\" \/>\n<meta name=\"twitter:label1\" content=\"Estimeret l\u00e6setid\" \/>\n\t<meta name=\"twitter:data1\" content=\"4 minutter\" \/>\n<script type=\"application\/ld+json\" class=\"yoast-schema-graph\">{\"@context\":\"https:\\\/\\\/schema.org\",\"@graph\":[{\"@type\":\"WebPage\",\"@id\":\"https:\\\/\\\/keybox.nl\\\/product\\\/keysecuritybox-sleutelkluis-ksb107\\\/\",\"url\":\"https:\\\/\\\/keybox.nl\\\/product\\\/keysecuritybox-sleutelkluis-ksb107\\\/\",\"name\":\"Keysecuritybox KSB107 sleutelkluis -\",\"isPartOf\":{\"@id\":\"https:\\\/\\\/keybox.nl\\\/#website\"},\"primaryImageOfPage\":{\"@id\":\"https:\\\/\\\/keybox.nl\\\/product\\\/keysecuritybox-sleutelkluis-ksb107\\\/#primaryimage\"},\"image\":{\"@id\":\"https:\\\/\\\/keybox.nl\\\/product\\\/keysecuritybox-sleutelkluis-ksb107\\\/#primaryimage\"},\"thumbnailUrl\":\"https:\\\/\\\/keybox.nl\\\/wp-content\\\/uploads\\\/2022\\\/01\\\/KSB_007_2-e1643381083359.jpg\",\"datePublished\":\"2022-01-28T13:48:55+00:00\",\"dateModified\":\"2026-02-04T13:28:07+00:00\",\"breadcrumb\":{\"@id\":\"https:\\\/\\\/keybox.nl\\\/product\\\/keysecuritybox-sleutelkluis-ksb107\\\/#breadcrumb\"},\"inLanguage\":\"da-DK\",\"potentialAction\":[{\"@type\":\"ReadAction\",\"target\":[\"https:\\\/\\\/keybox.nl\\\/product\\\/keysecuritybox-sleutelkluis-ksb107\\\/\"]}]},{\"@type\":\"ImageObject\",\"inLanguage\":\"da-DK\",\"@id\":\"https:\\\/\\\/keybox.nl\\\/product\\\/keysecuritybox-sleutelkluis-ksb107\\\/#primaryimage\",\"url\":\"https:\\\/\\\/keybox.nl\\\/wp-content\\\/uploads\\\/2022\\\/01\\\/KSB_007_2-e1643381083359.jpg\",\"contentUrl\":\"https:\\\/\\\/keybox.nl\\\/wp-content\\\/uploads\\\/2022\\\/01\\\/KSB_007_2-e1643381083359.jpg\",\"width\":348,\"height\":487},{\"@type\":\"BreadcrumbList\",\"@id\":\"https:\\\/\\\/keybox.nl\\\/product\\\/keysecuritybox-sleutelkluis-ksb107\\\/#breadcrumb\",\"itemListElement\":[{\"@type\":\"ListItem\",\"position\":1,\"name\":\"Home\",\"item\":\"https:\\\/\\\/keybox.nl\\\/\"},{\"@type\":\"ListItem\",\"position\":2,\"name\":\"Beveiligde sleutelkastjes kopen\",\"item\":\"https:\\\/\\\/keybox.nl\\\/\"},{\"@type\":\"ListItem\",\"position\":3,\"name\":\"Keysecuritybox KSB107 sleutelkluis\"}]},{\"@type\":\"WebSite\",\"@id\":\"https:\\\/\\\/keybox.nl\\\/#website\",\"url\":\"https:\\\/\\\/keybox.nl\\\/\",\"name\":\"\",\"description\":\"\",\"potentialAction\":[{\"@type\":\"SearchAction\",\"target\":{\"@type\":\"EntryPoint\",\"urlTemplate\":\"https:\\\/\\\/keybox.nl\\\/?s={search_term_string}\"},\"query-input\":{\"@type\":\"PropertyValueSpecification\",\"valueRequired\":true,\"valueName\":\"search_term_string\"}}],\"inLanguage\":\"da-DK\"}]}<\/script>\n<!-- \/ Yoast SEO plugin. -->","yoast_head_json":{"title":"Keysecuritybox KSB107 n\u00f8gleskab","robots":{"index":"index","follow":"follow","max-snippet":"max-snippet:-1","max-image-preview":"max-image-preview:large","max-video-preview":"max-video-preview:-1"},"canonical":"https:\/\/keybox.nl\/da\/vare\/keysecuritybox-sleutelkluis-ksb107\/","og_locale":"da_DK","og_type":"article","og_title":"Keysecuritybox KSB107 sleutelkluis -","og_description":"Keysecuritybox KSB107 De KSB107 kan in een muur \/ wand geplaatst worden en is extreem veilig. Rol opening L44, H64, D 124 mm.","og_url":"https:\/\/keybox.nl\/da\/vare\/keysecuritybox-sleutelkluis-ksb107\/","article_modified_time":"2026-02-04T13:28:07+00:00","og_image":[{"width":348,"height":487,"url":"http:\/\/keybox.nl\/wp-content\/uploads\/2022\/01\/KSB_007_2-e1643381083359.jpg","type":"image\/jpeg"}],"twitter_card":"summary_large_image","twitter_misc":{"Estimeret l\u00e6setid":"4 minutter"},"schema":{"@context":"https:\/\/schema.org","@graph":[{"@type":"WebPage","@id":"https:\/\/keybox.nl\/product\/keysecuritybox-sleutelkluis-ksb107\/","url":"https:\/\/keybox.nl\/product\/keysecuritybox-sleutelkluis-ksb107\/","name":"Keysecuritybox KSB107 n\u00f8gleskab","isPartOf":{"@id":"https:\/\/keybox.nl\/#website"},"primaryImageOfPage":{"@id":"https:\/\/keybox.nl\/product\/keysecuritybox-sleutelkluis-ksb107\/#primaryimage"},"image":{"@id":"https:\/\/keybox.nl\/product\/keysecuritybox-sleutelkluis-ksb107\/#primaryimage"},"thumbnailUrl":"https:\/\/keybox.nl\/wp-content\/uploads\/2022\/01\/KSB_007_2-e1643381083359.jpg","datePublished":"2022-01-28T13:48:55+00:00","dateModified":"2026-02-04T13:28:07+00:00","breadcrumb":{"@id":"https:\/\/keybox.nl\/product\/keysecuritybox-sleutelkluis-ksb107\/#breadcrumb"},"inLanguage":"da-DK","potentialAction":[{"@type":"ReadAction","target":["https:\/\/keybox.nl\/product\/keysecuritybox-sleutelkluis-ksb107\/"]}]},{"@type":"ImageObject","inLanguage":"da-DK","@id":"https:\/\/keybox.nl\/product\/keysecuritybox-sleutelkluis-ksb107\/#primaryimage","url":"https:\/\/keybox.nl\/wp-content\/uploads\/2022\/01\/KSB_007_2-e1643381083359.jpg","contentUrl":"https:\/\/keybox.nl\/wp-content\/uploads\/2022\/01\/KSB_007_2-e1643381083359.jpg","width":348,"height":487},{"@type":"BreadcrumbList","@id":"https:\/\/keybox.nl\/product\/keysecuritybox-sleutelkluis-ksb107\/#breadcrumb","itemListElement":[{"@type":"ListItem","position":1,"name":"Home","item":"https:\/\/keybox.nl\/"},{"@type":"ListItem","position":2,"name":"Beveiligde sleutelkastjes kopen","item":"https:\/\/keybox.nl\/"},{"@type":"ListItem","position":3,"name":"Keysecuritybox KSB107 sleutelkluis"}]},{"@type":"WebSite","@id":"https:\/\/keybox.nl\/#website","url":"https:\/\/keybox.nl\/","name":"","description":"","potentialAction":[{"@type":"SearchAction","target":{"@type":"EntryPoint","urlTemplate":"https:\/\/keybox.nl\/?s={search_term_string}"},"query-input":{"@type":"PropertyValueSpecification","valueRequired":true,"valueName":"search_term_string"}}],"inLanguage":"da-DK"}]}},"jetpack-related-posts":[{"id":201,"url":"https:\/\/keybox.nl\/da\/vare\/keysecuritybox-sleutelkluis-ksb107-wl\/","url_meta":{"origin":193,"position":0},"title":"Keysecuritybox KSB107 W n\u00f8gleskab","author":"Keybox@beheermodule","date":"28 januar 2022","format":false,"excerpt":"N\u00f8glesikkerhedsboks KSB107 XL KSB107 kan installeres i en v\u00e6g\/v\u00e6g og er ekstremt sikker. Rulle\u00e5bning L66, H64, D 124 mm.","rel":"","context":"Similar post","block_context":{"text":"Similar post","link":""},"img":{"alt_text":"","src":"https:\/\/i0.wp.com\/keybox.nl\/wp-content\/uploads\/2022\/01\/Keysecuritybox-KSB107XL-300x300.jpg?resize=350%2C200","width":350,"height":200},"classes":[]},{"id":237,"url":"https:\/\/keybox.nl\/da\/vare\/paneel-met-uitsparing-ksb107\/","url_meta":{"origin":193,"position":1},"title":"Panel til KSB107 og KSB107W","author":"Keybox@beheermodule","date":"1 februar 2022","format":false,"excerpt":"V\u00e6gpanel med fordybning til KSB107 Anbefales ved installation i en ikke-stenv\u00e6g som f.eks. et sandwichpanel. Panelet i rustfrit st\u00e5l\/inox er udstyret med en fordybning.","rel":"","context":"Similar post","block_context":{"text":"Similar post","link":""},"img":{"alt_text":"RVS paneel ksb107","src":"https:\/\/i0.wp.com\/keybox.nl\/wp-content\/uploads\/2022\/02\/SS-Plate-KSB107-e1643788038351.jpg?resize=350%2C200&ssl=1","width":350,"height":200},"classes":[]},{"id":255,"url":"https:\/\/keybox.nl\/da\/vare\/regenkap-anti-masking-ksb107\/","url_meta":{"origin":193,"position":2},"title":"Regnh\u00e6tte | Anti-masking KSB107","author":"Keybox@beheermodule","date":"3 februar 2022","format":false,"excerpt":"\u00a0 Monter regn-\/maskeringsh\u00e6tten i rustfrit st\u00e5l\/Inox for at forhindre regn og maskering.\u00a0","rel":"","context":"Similar post","block_context":{"text":"Similar post","link":""},"img":{"alt_text":"Regenkap KSB107","src":"https:\/\/i0.wp.com\/keybox.nl\/wp-content\/uploads\/2022\/01\/KSB_007_rain-scaled-e1643227017671.jpg?resize=350%2C200&ssl=1","width":350,"height":200},"classes":[]},{"id":1339,"url":"https:\/\/keybox.nl\/da\/vare\/regenkap-anti-masking-ksb107-xl\/","url_meta":{"origin":193,"position":3},"title":"Regnh\u00e6tte | Anti-masking KSB107W","author":"Keybox@beheermodule","date":"10 februar 2023","format":false,"excerpt":"\u00a0 Monter regn-\/maskeringsh\u00e6tten i rustfrit st\u00e5l\/Inox for at forhindre regn og maskering.\u00a0","rel":"","context":"Similar post","block_context":{"text":"Similar post","link":""},"img":{"alt_text":"Regenkap KSB107","src":"https:\/\/i0.wp.com\/keybox.nl\/wp-content\/uploads\/2022\/01\/KSB_007_rain-scaled-e1643227017671.jpg?resize=350%2C200&ssl=1","width":350,"height":200},"classes":[]},{"id":248,"url":"https:\/\/keybox.nl\/da\/vare\/seismische-kluis-detector-ksb107\/","url_meta":{"origin":193,"position":4},"title":"Seismisk hv\u00e6lvingsdetektor KSB107","author":"Keybox@beheermodule","date":"2 februar 2022","format":false,"excerpt":"Seismisk sikkerhedsdetektor KSB007 Seismisk sikkerhedsdetektor i metalhus. Sensoren reagerer p\u00e5 vibrationer og lyd, s\u00e5 den kan opdage et angreb p\u00e5 objektet. Forbindes til alarmsystemet. Keysecuritybox KSB107 er forberedt til at montere denne sensor. Bredde31 mm H\u00f8jde 23 mm L\u00e6ngde 91 mm Materiale...","rel":"","context":"Similar post","block_context":{"text":"Similar post","link":""},"img":{"alt_text":"Seismische Kluis Detector","src":"https:\/\/i0.wp.com\/keybox.nl\/wp-content\/uploads\/2022\/02\/Seismische-Kluis-Detector-e1643814028729.jpg?resize=350%2C200&ssl=1","width":350,"height":200},"classes":[]},{"id":115,"url":"https:\/\/keybox.nl\/da\/vare\/keysecuritybox-sleutelkluis-ksb103a\/","url_meta":{"origin":193,"position":5},"title":"Keysecuritybox KSB103A ekstra pansret n\u00f8gleskab","author":"Keybox@beheermodule","date":"4 december 2021","format":false,"excerpt":"N\u00f8glesikkerhedsboks KSB103A med ekstra panser. KSB103A er udstyret med ekstra panser. Inde i boksen er der et ekstra indre pengeskab lavet af specialst\u00e5l, der giver h\u00f8jere beskyttelse mod angreb. Til montering p\u00e5 en stolpe (KSB005) eller konsol KSB106","rel":"","context":"Similar post","block_context":{"text":"Similar post","link":""},"img":{"alt_text":"","src":"https:\/\/i0.wp.com\/keybox.nl\/wp-content\/uploads\/2021\/11\/KSB_101_3-scaled-e1638352491754.jpg?resize=350%2C200&ssl=1","width":350,"height":200},"classes":[]}],"jetpack_sharing_enabled":true,"_links":{"self":[{"href":"https:\/\/keybox.nl\/da\/wp-json\/wp\/v2\/product\/193","targetHints":{"allow":["GET"]}}],"collection":[{"href":"https:\/\/keybox.nl\/da\/wp-json\/wp\/v2\/product"}],"about":[{"href":"https:\/\/keybox.nl\/da\/wp-json\/wp\/v2\/types\/product"}],"replies":[{"embeddable":true,"href":"https:\/\/keybox.nl\/da\/wp-json\/wp\/v2\/comments?post=193"}],"wp:featuredmedia":[{"embeddable":true,"href":"https:\/\/keybox.nl\/da\/wp-json\/wp\/v2\/media\/195"}],"wp:attachment":[{"href":"https:\/\/keybox.nl\/da\/wp-json\/wp\/v2\/media?parent=193"}],"wp:term":[{"taxonomy":"product_brand","embeddable":true,"href":"https:\/\/keybox.nl\/da\/wp-json\/wp\/v2\/product_brand?post=193"},{"taxonomy":"product_cat","embeddable":true,"href":"https:\/\/keybox.nl\/da\/wp-json\/wp\/v2\/product_cat?post=193"},{"taxonomy":"product_tag","embeddable":true,"href":"https:\/\/keybox.nl\/da\/wp-json\/wp\/v2\/product_tag?post=193"}],"curies":[{"name":"wp","href":"https:\/\/api.w.org\/{rel}","templated":true}]}}