{"id":1822,"date":"2025-01-26T21:36:39","date_gmt":"2025-01-26T21:36:39","guid":{"rendered":"https:\/\/keybox.nl\/?post_type=product&#038;p=1822"},"modified":"2025-01-26T21:36:39","modified_gmt":"2025-01-26T21:36:39","slug":"keysafe-gce","status":"publish","type":"product","link":"https:\/\/keybox.nl\/da\/vare\/keysafe-gce\/","title":{"rendered":"Keysafe GCE"},"content":{"rendered":"<h4>V\u00e6lg mellem tre st\u00f8rrelser til Keysafe GCE.<\/h4>\n<h4>Generelle funktioner<\/h4>\n<ul>\n<li style=\"list-style-type: none;\">\n<ul>\n<li>Indbrudssikring: Certificeret og opfylder de h\u00f8jeste sikkerhedskrav.<strong> (EN 14 450 Sikkerhedsniveau 2)<\/strong><\/li>\n<li>Indikation for v\u00e6rdiopbevaring: Kontanter \u20ac5.000 V\u00e6rdigenstande: \u20ac9.000<\/li>\n<li>Store kroge, velegnet til n\u00f8gler og biln\u00f8gler<\/li>\n<li>Elektronisk l\u00e5s, nem at bruge uden batterier.<\/li>\n<li>Inkluderer n\u00f8dn\u00f8glel\u00e5s med 2 n\u00f8gler for ekstra sikkerhed.<\/li>\n<li>Forberedt til v\u00e6gforankring.<\/li>\n<li>Stilfuld sort.<\/li>\n<\/ul>\n<\/li>\n<\/ul>\n<h4>Forskellige modeller<\/h4>\n<p><strong>GCE 28<\/strong><\/p>\n<ul>\n<li>M\u00e5l: 350 x 470 x 150 (ydre m\u00e5l h x b x d i mm)<\/li>\n<li>V\u00e6gt: 38 kg<\/li>\n<li>28 n\u00f8glekroge<\/li>\n<\/ul>\n<p><strong>GCE 48<\/strong><\/p>\n<ul>\n<li>M\u00e5l: 490 x 430 x 150 (ydre m\u00e5l h x b x d i mm)<\/li>\n<li>V\u00e6gt: 44 kg<\/li>\n<li>48 n\u00f8glekroge<\/li>\n<\/ul>\n<p><strong>GCE 87<\/strong><\/p>\n<ul>\n<li>M\u00e5l: 490 x 430 x 180 (udvendige m\u00e5l h x b x d i mm)<\/li>\n<li>V\u00e6gt: 47 kg<\/li>\n<li>87 n\u00f8glekroge<\/li>\n<li>Indvendigt rum med kroge p\u00e5 d\u00f8ren, blokeret af et magnetisk system for ekstra sikkerhed.<\/li>\n<li style=\"list-style-type: none;\"><\/li>\n<\/ul>\n<h4>Fordele<\/h4>\n<ul>\n<li><strong>Fleksibel opbevaring:<\/strong> Passer til b\u00e5de enkeltn\u00f8gler og n\u00f8glebundter.<\/li>\n<li><strong>Brugervenlig:<\/strong> Elektronisk l\u00e5s og n\u00f8dn\u00f8gler giver nem adgang og sikkerhed.<\/li>\n<li><strong>Holdbart design:<\/strong> T\u00e5ler h\u00e5rd brug og giver fremragende beskyttelse mod indbrud.<\/li>\n<li><strong>Perfekt til virksomheder:<\/strong> Ideel til v\u00e6rksteder, bilforhandlere og organisationer, der \u00f8nsker en professionel tilgang til n\u00f8gleh\u00e5ndtering.<\/li>\n<li><strong>Sikker og certificeret:<\/strong> Opfylder RDW- og BOVAG-kravene, ideelt til virksomheder, der \u00f8nsker at h\u00e5ndtere n\u00f8gler effektivt og sikkert.<\/li>\n<\/ul>\n<p>Med den <strong>Keysafe GCE<\/strong> Hvis du v\u00e6lger et p\u00e5lideligt n\u00f8gleskab, der tilbyder sikkerhed og bekvemmelighed, skal du bestille direkte fra <a href=\"http:\/\/keybox.nl\/da\/\">keybox.co.uk!<\/a><\/p>","protected":false},"excerpt":{"rendered":"<p>V\u00e6lg mellem 3 modeller.<\/p>","protected":false},"featured_media":1823,"comment_status":"open","ping_status":"closed","template":"","meta":[],"product_brand":[],"product_cat":[88],"product_tag":[90,89],"class_list":{"0":"post-1822","1":"product","2":"type-product","3":"status-publish","4":"has-post-thumbnail","6":"product_cat-sleutelkluizen","7":"product_tag-medium-sleutelkluis","8":"product_tag-middelgrote-keysafe","10":"first","11":"instock","12":"taxable","13":"shipping-taxable","14":"purchasable","15":"product-type-variable","16":"has-default-attributes"},"yoast_head":"<!-- This site is optimized with the Yoast SEO plugin v27.4 - https:\/\/yoast.com\/product\/yoast-seo-wordpress\/ -->\n<title>Keysafe GCE -<\/title>\n<meta name=\"robots\" content=\"index, follow, max-snippet:-1, max-image-preview:large, max-video-preview:-1\" \/>\n<link rel=\"canonical\" href=\"https:\/\/keybox.nl\/da\/vare\/keysafe-gce\/\" \/>\n<meta property=\"og:locale\" content=\"da_DK\" \/>\n<meta property=\"og:type\" content=\"article\" \/>\n<meta property=\"og:title\" content=\"Keysafe GCE -\" \/>\n<meta property=\"og:description\" content=\"Kies uit 3 modellen.\" \/>\n<meta property=\"og:url\" content=\"https:\/\/keybox.nl\/da\/vare\/keysafe-gce\/\" \/>\n<meta property=\"og:image\" content=\"http:\/\/keybox.nl\/wp-content\/uploads\/2025\/01\/9858a0f7e85097eb90f56de1f00f8269.jpg\" \/>\n\t<meta property=\"og:image:width\" content=\"2000\" \/>\n\t<meta property=\"og:image:height\" content=\"2000\" \/>\n\t<meta property=\"og:image:type\" content=\"image\/jpeg\" \/>\n<meta name=\"twitter:card\" content=\"summary_large_image\" \/>\n<meta name=\"twitter:label1\" content=\"Estimeret l\u00e6setid\" \/>\n\t<meta name=\"twitter:data1\" content=\"2 minutter\" \/>\n<script type=\"application\/ld+json\" class=\"yoast-schema-graph\">{\"@context\":\"https:\\\/\\\/schema.org\",\"@graph\":[{\"@type\":\"WebPage\",\"@id\":\"https:\\\/\\\/keybox.nl\\\/product\\\/keysafe-gce\\\/\",\"url\":\"https:\\\/\\\/keybox.nl\\\/product\\\/keysafe-gce\\\/\",\"name\":\"Keysafe GCE -\",\"isPartOf\":{\"@id\":\"https:\\\/\\\/keybox.nl\\\/#website\"},\"primaryImageOfPage\":{\"@id\":\"https:\\\/\\\/keybox.nl\\\/product\\\/keysafe-gce\\\/#primaryimage\"},\"image\":{\"@id\":\"https:\\\/\\\/keybox.nl\\\/product\\\/keysafe-gce\\\/#primaryimage\"},\"thumbnailUrl\":\"https:\\\/\\\/keybox.nl\\\/wp-content\\\/uploads\\\/2025\\\/01\\\/9858a0f7e85097eb90f56de1f00f8269.jpg\",\"datePublished\":\"2025-01-26T21:36:39+00:00\",\"breadcrumb\":{\"@id\":\"https:\\\/\\\/keybox.nl\\\/product\\\/keysafe-gce\\\/#breadcrumb\"},\"inLanguage\":\"da-DK\",\"potentialAction\":[{\"@type\":\"ReadAction\",\"target\":[\"https:\\\/\\\/keybox.nl\\\/product\\\/keysafe-gce\\\/\"]}]},{\"@type\":\"ImageObject\",\"inLanguage\":\"da-DK\",\"@id\":\"https:\\\/\\\/keybox.nl\\\/product\\\/keysafe-gce\\\/#primaryimage\",\"url\":\"https:\\\/\\\/keybox.nl\\\/wp-content\\\/uploads\\\/2025\\\/01\\\/9858a0f7e85097eb90f56de1f00f8269.jpg\",\"contentUrl\":\"https:\\\/\\\/keybox.nl\\\/wp-content\\\/uploads\\\/2025\\\/01\\\/9858a0f7e85097eb90f56de1f00f8269.jpg\",\"width\":2000,\"height\":2000},{\"@type\":\"BreadcrumbList\",\"@id\":\"https:\\\/\\\/keybox.nl\\\/product\\\/keysafe-gce\\\/#breadcrumb\",\"itemListElement\":[{\"@type\":\"ListItem\",\"position\":1,\"name\":\"Home\",\"item\":\"https:\\\/\\\/keybox.nl\\\/\"},{\"@type\":\"ListItem\",\"position\":2,\"name\":\"Beveiligde sleutelkastjes kopen\",\"item\":\"https:\\\/\\\/keybox.nl\\\/\"},{\"@type\":\"ListItem\",\"position\":3,\"name\":\"Keysafe GCE\"}]},{\"@type\":\"WebSite\",\"@id\":\"https:\\\/\\\/keybox.nl\\\/#website\",\"url\":\"https:\\\/\\\/keybox.nl\\\/\",\"name\":\"\",\"description\":\"\",\"potentialAction\":[{\"@type\":\"SearchAction\",\"target\":{\"@type\":\"EntryPoint\",\"urlTemplate\":\"https:\\\/\\\/keybox.nl\\\/?s={search_term_string}\"},\"query-input\":{\"@type\":\"PropertyValueSpecification\",\"valueRequired\":true,\"valueName\":\"search_term_string\"}}],\"inLanguage\":\"da-DK\"}]}<\/script>\n<!-- \/ Yoast SEO plugin. -->","yoast_head_json":{"title":"Keysafe GCE","robots":{"index":"index","follow":"follow","max-snippet":"max-snippet:-1","max-image-preview":"max-image-preview:large","max-video-preview":"max-video-preview:-1"},"canonical":"https:\/\/keybox.nl\/da\/vare\/keysafe-gce\/","og_locale":"da_DK","og_type":"article","og_title":"Keysafe GCE -","og_description":"Kies uit 3 modellen.","og_url":"https:\/\/keybox.nl\/da\/vare\/keysafe-gce\/","og_image":[{"width":2000,"height":2000,"url":"http:\/\/keybox.nl\/wp-content\/uploads\/2025\/01\/9858a0f7e85097eb90f56de1f00f8269.jpg","type":"image\/jpeg"}],"twitter_card":"summary_large_image","twitter_misc":{"Estimeret l\u00e6setid":"2 minutter"},"schema":{"@context":"https:\/\/schema.org","@graph":[{"@type":"WebPage","@id":"https:\/\/keybox.nl\/product\/keysafe-gce\/","url":"https:\/\/keybox.nl\/product\/keysafe-gce\/","name":"Keysafe GCE","isPartOf":{"@id":"https:\/\/keybox.nl\/#website"},"primaryImageOfPage":{"@id":"https:\/\/keybox.nl\/product\/keysafe-gce\/#primaryimage"},"image":{"@id":"https:\/\/keybox.nl\/product\/keysafe-gce\/#primaryimage"},"thumbnailUrl":"https:\/\/keybox.nl\/wp-content\/uploads\/2025\/01\/9858a0f7e85097eb90f56de1f00f8269.jpg","datePublished":"2025-01-26T21:36:39+00:00","breadcrumb":{"@id":"https:\/\/keybox.nl\/product\/keysafe-gce\/#breadcrumb"},"inLanguage":"da-DK","potentialAction":[{"@type":"ReadAction","target":["https:\/\/keybox.nl\/product\/keysafe-gce\/"]}]},{"@type":"ImageObject","inLanguage":"da-DK","@id":"https:\/\/keybox.nl\/product\/keysafe-gce\/#primaryimage","url":"https:\/\/keybox.nl\/wp-content\/uploads\/2025\/01\/9858a0f7e85097eb90f56de1f00f8269.jpg","contentUrl":"https:\/\/keybox.nl\/wp-content\/uploads\/2025\/01\/9858a0f7e85097eb90f56de1f00f8269.jpg","width":2000,"height":2000},{"@type":"BreadcrumbList","@id":"https:\/\/keybox.nl\/product\/keysafe-gce\/#breadcrumb","itemListElement":[{"@type":"ListItem","position":1,"name":"Home","item":"https:\/\/keybox.nl\/"},{"@type":"ListItem","position":2,"name":"Beveiligde sleutelkastjes kopen","item":"https:\/\/keybox.nl\/"},{"@type":"ListItem","position":3,"name":"Keysafe GCE"}]},{"@type":"WebSite","@id":"https:\/\/keybox.nl\/#website","url":"https:\/\/keybox.nl\/","name":"","description":"","potentialAction":[{"@type":"SearchAction","target":{"@type":"EntryPoint","urlTemplate":"https:\/\/keybox.nl\/?s={search_term_string}"},"query-input":{"@type":"PropertyValueSpecification","valueRequired":true,"valueName":"search_term_string"}}],"inLanguage":"da-DK"}]}},"jetpack-related-posts":[{"id":1812,"url":"https:\/\/keybox.nl\/da\/vare\/drs-vector-combi-keysafe\/","url_meta":{"origin":1822,"position":0},"title":"DRS Vector Combi N\u00f8gleskab","author":"Elric Drost","date":"21 januar 2025","format":false,"excerpt":"Perfekt til professionel brug.","rel":"","context":"Similar post","block_context":{"text":"Similar post","link":""},"img":{"alt_text":"","src":"https:\/\/i0.wp.com\/keybox.nl\/wp-content\/uploads\/2025\/01\/DRS-Vector-Combi-Keysafe-keybox.jpg?resize=350%2C200&ssl=1","width":350,"height":200,"srcset":"https:\/\/i0.wp.com\/keybox.nl\/wp-content\/uploads\/2025\/01\/DRS-Vector-Combi-Keysafe-keybox.jpg?resize=350%2C200&ssl=1 1x, https:\/\/i0.wp.com\/keybox.nl\/wp-content\/uploads\/2025\/01\/DRS-Vector-Combi-Keysafe-keybox.jpg?resize=525%2C300&ssl=1 1.5x, https:\/\/i0.wp.com\/keybox.nl\/wp-content\/uploads\/2025\/01\/DRS-Vector-Combi-Keysafe-keybox.jpg?resize=700%2C400&ssl=1 2x, https:\/\/i0.wp.com\/keybox.nl\/wp-content\/uploads\/2025\/01\/DRS-Vector-Combi-Keysafe-keybox.jpg?resize=1050%2C600&ssl=1 3x"},"classes":[]},{"id":1179,"url":"https:\/\/keybox.nl\/da\/vare\/keysafe-original\/","url_meta":{"origin":1822,"position":1},"title":"Keysafe Original","author":"Keybox@beheermodule","date":"9 december 2022","format":false,"excerpt":"Keysafe Original til 5 n\u00f8gler Hvis du har brug for flere n\u00f8gler for at komme ind i et rum, kan du med den store opbevaringskapacitet i KeySafe\u2122 Original opbevare dem alle p\u00e5 \u00e9t sted med en brugervenlig adgangskode. KeySafe Original kan rumme flere n\u00f8gler og er stor nok til n\u00f8glekort....","rel":"","context":"Similar post","block_context":{"text":"Similar post","link":""},"img":{"alt_text":"","src":"https:\/\/i0.wp.com\/keybox.nl\/wp-content\/uploads\/2022\/12\/Keysafe_Original_keybox_sleutelkluis.jpg?resize=350%2C200&ssl=1","width":350,"height":200,"srcset":"https:\/\/i0.wp.com\/keybox.nl\/wp-content\/uploads\/2022\/12\/Keysafe_Original_keybox_sleutelkluis.jpg?resize=350%2C200&ssl=1 1x, https:\/\/i0.wp.com\/keybox.nl\/wp-content\/uploads\/2022\/12\/Keysafe_Original_keybox_sleutelkluis.jpg?resize=525%2C300&ssl=1 1.5x, https:\/\/i0.wp.com\/keybox.nl\/wp-content\/uploads\/2022\/12\/Keysafe_Original_keybox_sleutelkluis.jpg?resize=700%2C400&ssl=1 2x"},"classes":[]},{"id":1171,"url":"https:\/\/keybox.nl\/da\/vare\/keysafe-slimline\/","url_meta":{"origin":1822,"position":2},"title":"Keysafe Slimline","author":"Keybox@beheermodule","date":"9 december 2022","format":false,"excerpt":"Altid adgang med Keysafe Slimline","rel":"","context":"Similar post","block_context":{"text":"Similar post","link":""},"img":{"alt_text":"Keysafe Slim line","src":"https:\/\/i0.wp.com\/keybox.nl\/wp-content\/uploads\/2022\/12\/Keysafe_Slim_line_Keybox.jpeg?resize=350%2C200&ssl=1","width":350,"height":200,"srcset":"https:\/\/i0.wp.com\/keybox.nl\/wp-content\/uploads\/2022\/12\/Keysafe_Slim_line_Keybox.jpeg?resize=350%2C200&ssl=1 1x, https:\/\/i0.wp.com\/keybox.nl\/wp-content\/uploads\/2022\/12\/Keysafe_Slim_line_Keybox.jpeg?resize=525%2C300&ssl=1 1.5x, https:\/\/i0.wp.com\/keybox.nl\/wp-content\/uploads\/2022\/12\/Keysafe_Slim_line_Keybox.jpeg?resize=700%2C400&ssl=1 2x"},"classes":[]},{"id":1775,"url":"https:\/\/keybox.nl\/da\/vare\/keysafe-pro-original\/","url_meta":{"origin":1822,"position":3},"title":"Keysafe Pro original","author":"Elric Drost","date":"5 december 2024","format":false,"excerpt":"KEYSAFE Pro Original er et robust n\u00f8gleskab til 5 standardn\u00f8gler.","rel":"","context":"Similar post","block_context":{"text":"Similar post","link":""},"img":{"alt_text":"","src":"https:\/\/i0.wp.com\/keybox.nl\/wp-content\/uploads\/2024\/12\/keysafe-pro-original-sleutelkluisje.jpg?resize=350%2C200&ssl=1","width":350,"height":200},"classes":[]},{"id":1796,"url":"https:\/\/keybox.nl\/da\/vare\/keysafe-key-cabinet\/","url_meta":{"origin":1822,"position":4},"title":"Keysafe n\u00f8gleskab","author":"Elric Drost","date":"18 december 2024","format":false,"excerpt":"Touchpoint PRO fra Kidde 30\/60\/120 taster","rel":"","context":"Similar post","block_context":{"text":"Similar post","link":""},"img":{"alt_text":"","src":"https:\/\/i0.wp.com\/keybox.nl\/wp-content\/uploads\/2024\/12\/Keysafe-cabinet-30-Keybox-open-298x300.jpg?resize=350%2C200","width":350,"height":200},"classes":[]},{"id":1782,"url":"https:\/\/keybox.nl\/da\/vare\/keysafe-p500\/","url_meta":{"origin":1822,"position":5},"title":"Keysafe P500","author":"Elric Drost","date":"13 december 2024","format":false,"excerpt":"Det mest sikre minin\u00f8gleskab p\u00e5 markedet.","rel":"","context":"Similar post","block_context":{"text":"Similar post","link":""},"img":{"alt_text":"","src":"https:\/\/i0.wp.com\/keybox.nl\/wp-content\/uploads\/2024\/12\/boite-a-cle-keysafe-pro-grand-format.jpg?resize=350%2C200&ssl=1","width":350,"height":200},"classes":[]}],"jetpack_sharing_enabled":true,"_links":{"self":[{"href":"https:\/\/keybox.nl\/da\/wp-json\/wp\/v2\/product\/1822","targetHints":{"allow":["GET"]}}],"collection":[{"href":"https:\/\/keybox.nl\/da\/wp-json\/wp\/v2\/product"}],"about":[{"href":"https:\/\/keybox.nl\/da\/wp-json\/wp\/v2\/types\/product"}],"replies":[{"embeddable":true,"href":"https:\/\/keybox.nl\/da\/wp-json\/wp\/v2\/comments?post=1822"}],"wp:featuredmedia":[{"embeddable":true,"href":"https:\/\/keybox.nl\/da\/wp-json\/wp\/v2\/media\/1823"}],"wp:attachment":[{"href":"https:\/\/keybox.nl\/da\/wp-json\/wp\/v2\/media?parent=1822"}],"wp:term":[{"taxonomy":"product_brand","embeddable":true,"href":"https:\/\/keybox.nl\/da\/wp-json\/wp\/v2\/product_brand?post=1822"},{"taxonomy":"product_cat","embeddable":true,"href":"https:\/\/keybox.nl\/da\/wp-json\/wp\/v2\/product_cat?post=1822"},{"taxonomy":"product_tag","embeddable":true,"href":"https:\/\/keybox.nl\/da\/wp-json\/wp\/v2\/product_tag?post=1822"}],"curies":[{"name":"wp","href":"https:\/\/api.w.org\/{rel}","templated":true}]}}