{"id":1812,"date":"2025-01-21T15:05:43","date_gmt":"2025-01-21T15:05:43","guid":{"rendered":"https:\/\/keybox.nl\/?post_type=product&#038;p=1812"},"modified":"2025-01-21T15:05:43","modified_gmt":"2025-01-21T15:05:43","slug":"drs-vector-combi-keysafe","status":"publish","type":"product","link":"https:\/\/keybox.nl\/da\/vare\/drs-vector-combi-keysafe\/","title":{"rendered":"DRS Vector Combi N\u00f8gleskab"},"content":{"rendered":"<p>Den <strong>DRS Vector Combi N\u00f8gleskab<\/strong> tilbyder en unik kombination af et n\u00f8gleskab og et pengeskab til opbevaring af v\u00e6rdigenstande. Takket v\u00e6re de to separate rum er dette pengeskab ideelt til virksomheder og enkeltpersoner, der \u00f8nsker at opbevare b\u00e5de n\u00f8gler og v\u00e6rdigenstande sikkert.<\/p>\n<h4>Funktioner<\/h4>\n<ul>\n<li style=\"list-style-type: none;\">\n<ul>\n<li>Det \u00f8verste rum er specielt designet til sikker og praktisk opbevaring af n\u00f8gler.<\/li>\n<li>Det nederste rum er velegnet til opbevaring af v\u00e6rdigenstande som registreringsattester, bilpapirer og andre v\u00e6rdigenstande.<\/li>\n<li><strong>Beskyttelse mod indtr\u00e6ngen:<\/strong> Certificeret og opfylder de h\u00f8jeste sikkerhedskrav.<strong> (EN 14 450 Sikkerhedsniveau 2)<\/strong><\/li>\n<li>Forberedt til forankring i gulv eller v\u00e6g.<\/li>\n<li>Indikation for v\u00e6rdiopbevaring: Kontanter \u20ac5.000 V\u00e6rdigenstande: \u20ac9.000<\/li>\n<\/ul>\n<\/li>\n<\/ul>\n<h4>Fordele<\/h4>\n<ul>\n<li style=\"list-style-type: none;\">\n<ul>\n<li style=\"list-style-type: none;\">\n<ul>\n<li><strong>Sikkerhed og alsidighed:<\/strong> Beskyt b\u00e5de n\u00f8gler og v\u00e6rdigenstande i \u00e9t pengeskab. Opfylder kravene i <strong>RDW<\/strong> og den <strong>BOVAG<\/strong>.<\/li>\n<li><strong>Ideel til virksomheder:<\/strong> Specielt designet til virksomheder som f.eks. bilforhandlere, v\u00e6rksteder og organisationer, der har brug for at h\u00e5ndtere dokumenter og n\u00f8gler.<\/li>\n<li><strong>Brugervenlig:<\/strong> Elektroniske kombinationsl\u00e5se sikrer hurtig og sikker adgang til dine ejendele og n\u00f8gler.<\/li>\n<li><strong>B\u00e6redygtighed:<\/strong> Indbrudssikkert design af h\u00f8j kvalitet.<\/li>\n<\/ul>\n<\/li>\n<\/ul>\n<\/li>\n<\/ul>\n<h4>Tekniske specifikationer<\/h4>\n<ul>\n<li style=\"list-style-type: none;\">\n<ul>\n<li style=\"list-style-type: none;\">\n<ul>\n<li>M\u00e5l: 1200 x 450 x 450 (H x B x D).<\/li>\n<li>Indvendige m\u00e5l p\u00e5 det nederste rum: 500 x 380 x 332 mm (H x B x D).<\/li>\n<li>V\u00e6gt: 151 kg.<\/li>\n<li>200 n\u00f8glekroge i det \u00f8verste rum.<\/li>\n<li>Sikkerhedsklasse S2 (i henhold til EN 14 450 Sikkerhedsniveau 2).<\/li>\n<li>Brandh\u00e6mmende DIN 4102 (ikke testet, giver indledende beskyttelse i tilf\u00e6lde af brand).<\/li>\n<li>Gr\u00e5 aluminiumsfinish (RAL 9006).<\/li>\n<\/ul>\n<\/li>\n<\/ul>\n<\/li>\n<\/ul>\n<p><a href=\"https:\/\/deraat.nl\/beheer\/upload\/1\/Handleidingen%20productpagina\/handleidingen_nl\/Primor%20100%20-%202024.pdf\">Manual til DRS Vector Combi Keysafe<\/a><\/p>\n<p>DRS Vector Combi Keysafe kombinerer bekvemmelighed, sikkerhed og alsidighed i \u00e9n nem l\u00f8sning. Perfekt til professionel brug eller i hjemmet, bestil nu direkte fra <a href=\"http:\/\/Keybox.nl\">Keybox.co.uk!<\/a><\/p>","protected":false},"excerpt":{"rendered":"<p>Perfekt til professionel brug.<\/p>","protected":false},"featured_media":1813,"comment_status":"open","ping_status":"closed","template":"","meta":[],"product_brand":[],"product_cat":[88],"product_tag":[86],"class_list":{"0":"post-1812","1":"product","2":"type-product","3":"status-publish","4":"has-post-thumbnail","6":"product_cat-sleutelkluizen","7":"product_tag-grote-keysafe","9":"first","10":"instock","11":"taxable","12":"shipping-taxable","13":"purchasable","14":"product-type-simple"},"yoast_head":"<!-- This site is optimized with the Yoast SEO plugin v27.4 - https:\/\/yoast.com\/product\/yoast-seo-wordpress\/ -->\n<title>DRS Vector Combi Keysafe -<\/title>\n<meta name=\"robots\" content=\"index, follow, max-snippet:-1, max-image-preview:large, max-video-preview:-1\" \/>\n<link rel=\"canonical\" href=\"https:\/\/keybox.nl\/da\/vare\/drs-vector-combi-keysafe\/\" \/>\n<meta property=\"og:locale\" content=\"da_DK\" \/>\n<meta property=\"og:type\" content=\"article\" \/>\n<meta property=\"og:title\" content=\"DRS Vector Combi Keysafe -\" \/>\n<meta property=\"og:description\" content=\"Perfect voor professioneel gebruik.\" \/>\n<meta property=\"og:url\" content=\"https:\/\/keybox.nl\/da\/vare\/drs-vector-combi-keysafe\/\" \/>\n<meta property=\"og:image\" content=\"http:\/\/keybox.nl\/wp-content\/uploads\/2025\/01\/DRS-Vector-Combi-Keysafe-keybox.jpg\" \/>\n\t<meta property=\"og:image:width\" content=\"1200\" \/>\n\t<meta property=\"og:image:height\" content=\"1143\" \/>\n\t<meta property=\"og:image:type\" content=\"image\/jpeg\" \/>\n<meta name=\"twitter:card\" content=\"summary_large_image\" \/>\n<meta name=\"twitter:label1\" content=\"Estimeret l\u00e6setid\" \/>\n\t<meta name=\"twitter:data1\" content=\"2 minutter\" \/>\n<script type=\"application\/ld+json\" class=\"yoast-schema-graph\">{\"@context\":\"https:\\\/\\\/schema.org\",\"@graph\":[{\"@type\":\"WebPage\",\"@id\":\"https:\\\/\\\/keybox.nl\\\/product\\\/drs-vector-combi-keysafe\\\/\",\"url\":\"https:\\\/\\\/keybox.nl\\\/product\\\/drs-vector-combi-keysafe\\\/\",\"name\":\"DRS Vector Combi Keysafe -\",\"isPartOf\":{\"@id\":\"https:\\\/\\\/keybox.nl\\\/#website\"},\"primaryImageOfPage\":{\"@id\":\"https:\\\/\\\/keybox.nl\\\/product\\\/drs-vector-combi-keysafe\\\/#primaryimage\"},\"image\":{\"@id\":\"https:\\\/\\\/keybox.nl\\\/product\\\/drs-vector-combi-keysafe\\\/#primaryimage\"},\"thumbnailUrl\":\"https:\\\/\\\/keybox.nl\\\/wp-content\\\/uploads\\\/2025\\\/01\\\/DRS-Vector-Combi-Keysafe-keybox.jpg\",\"datePublished\":\"2025-01-21T15:05:43+00:00\",\"breadcrumb\":{\"@id\":\"https:\\\/\\\/keybox.nl\\\/product\\\/drs-vector-combi-keysafe\\\/#breadcrumb\"},\"inLanguage\":\"da-DK\",\"potentialAction\":[{\"@type\":\"ReadAction\",\"target\":[\"https:\\\/\\\/keybox.nl\\\/product\\\/drs-vector-combi-keysafe\\\/\"]}]},{\"@type\":\"ImageObject\",\"inLanguage\":\"da-DK\",\"@id\":\"https:\\\/\\\/keybox.nl\\\/product\\\/drs-vector-combi-keysafe\\\/#primaryimage\",\"url\":\"https:\\\/\\\/keybox.nl\\\/wp-content\\\/uploads\\\/2025\\\/01\\\/DRS-Vector-Combi-Keysafe-keybox.jpg\",\"contentUrl\":\"https:\\\/\\\/keybox.nl\\\/wp-content\\\/uploads\\\/2025\\\/01\\\/DRS-Vector-Combi-Keysafe-keybox.jpg\",\"width\":1200,\"height\":1143},{\"@type\":\"BreadcrumbList\",\"@id\":\"https:\\\/\\\/keybox.nl\\\/product\\\/drs-vector-combi-keysafe\\\/#breadcrumb\",\"itemListElement\":[{\"@type\":\"ListItem\",\"position\":1,\"name\":\"Home\",\"item\":\"https:\\\/\\\/keybox.nl\\\/\"},{\"@type\":\"ListItem\",\"position\":2,\"name\":\"Beveiligde sleutelkastjes kopen\",\"item\":\"https:\\\/\\\/keybox.nl\\\/\"},{\"@type\":\"ListItem\",\"position\":3,\"name\":\"DRS Vector Combi Keysafe\"}]},{\"@type\":\"WebSite\",\"@id\":\"https:\\\/\\\/keybox.nl\\\/#website\",\"url\":\"https:\\\/\\\/keybox.nl\\\/\",\"name\":\"\",\"description\":\"\",\"potentialAction\":[{\"@type\":\"SearchAction\",\"target\":{\"@type\":\"EntryPoint\",\"urlTemplate\":\"https:\\\/\\\/keybox.nl\\\/?s={search_term_string}\"},\"query-input\":{\"@type\":\"PropertyValueSpecification\",\"valueRequired\":true,\"valueName\":\"search_term_string\"}}],\"inLanguage\":\"da-DK\"}]}<\/script>\n<!-- \/ Yoast SEO plugin. -->","yoast_head_json":{"title":"DRS Vector Kombi-n\u00f8gleskab","robots":{"index":"index","follow":"follow","max-snippet":"max-snippet:-1","max-image-preview":"max-image-preview:large","max-video-preview":"max-video-preview:-1"},"canonical":"https:\/\/keybox.nl\/da\/vare\/drs-vector-combi-keysafe\/","og_locale":"da_DK","og_type":"article","og_title":"DRS Vector Combi Keysafe -","og_description":"Perfect voor professioneel gebruik.","og_url":"https:\/\/keybox.nl\/da\/vare\/drs-vector-combi-keysafe\/","og_image":[{"width":1200,"height":1143,"url":"http:\/\/keybox.nl\/wp-content\/uploads\/2025\/01\/DRS-Vector-Combi-Keysafe-keybox.jpg","type":"image\/jpeg"}],"twitter_card":"summary_large_image","twitter_misc":{"Estimeret l\u00e6setid":"2 minutter"},"schema":{"@context":"https:\/\/schema.org","@graph":[{"@type":"WebPage","@id":"https:\/\/keybox.nl\/product\/drs-vector-combi-keysafe\/","url":"https:\/\/keybox.nl\/product\/drs-vector-combi-keysafe\/","name":"DRS Vector Kombi-n\u00f8gleskab","isPartOf":{"@id":"https:\/\/keybox.nl\/#website"},"primaryImageOfPage":{"@id":"https:\/\/keybox.nl\/product\/drs-vector-combi-keysafe\/#primaryimage"},"image":{"@id":"https:\/\/keybox.nl\/product\/drs-vector-combi-keysafe\/#primaryimage"},"thumbnailUrl":"https:\/\/keybox.nl\/wp-content\/uploads\/2025\/01\/DRS-Vector-Combi-Keysafe-keybox.jpg","datePublished":"2025-01-21T15:05:43+00:00","breadcrumb":{"@id":"https:\/\/keybox.nl\/product\/drs-vector-combi-keysafe\/#breadcrumb"},"inLanguage":"da-DK","potentialAction":[{"@type":"ReadAction","target":["https:\/\/keybox.nl\/product\/drs-vector-combi-keysafe\/"]}]},{"@type":"ImageObject","inLanguage":"da-DK","@id":"https:\/\/keybox.nl\/product\/drs-vector-combi-keysafe\/#primaryimage","url":"https:\/\/keybox.nl\/wp-content\/uploads\/2025\/01\/DRS-Vector-Combi-Keysafe-keybox.jpg","contentUrl":"https:\/\/keybox.nl\/wp-content\/uploads\/2025\/01\/DRS-Vector-Combi-Keysafe-keybox.jpg","width":1200,"height":1143},{"@type":"BreadcrumbList","@id":"https:\/\/keybox.nl\/product\/drs-vector-combi-keysafe\/#breadcrumb","itemListElement":[{"@type":"ListItem","position":1,"name":"Home","item":"https:\/\/keybox.nl\/"},{"@type":"ListItem","position":2,"name":"Beveiligde sleutelkastjes kopen","item":"https:\/\/keybox.nl\/"},{"@type":"ListItem","position":3,"name":"DRS Vector Combi Keysafe"}]},{"@type":"WebSite","@id":"https:\/\/keybox.nl\/#website","url":"https:\/\/keybox.nl\/","name":"","description":"","potentialAction":[{"@type":"SearchAction","target":{"@type":"EntryPoint","urlTemplate":"https:\/\/keybox.nl\/?s={search_term_string}"},"query-input":{"@type":"PropertyValueSpecification","valueRequired":true,"valueName":"search_term_string"}}],"inLanguage":"da-DK"}]}},"jetpack-related-posts":[{"id":1171,"url":"https:\/\/keybox.nl\/da\/vare\/keysafe-slimline\/","url_meta":{"origin":1812,"position":0},"title":"Keysafe Slimline","author":"Keybox@beheermodule","date":"9 december 2022","format":false,"excerpt":"Altid adgang med Keysafe Slimline","rel":"","context":"Similar post","block_context":{"text":"Similar post","link":""},"img":{"alt_text":"Keysafe Slim line","src":"https:\/\/i0.wp.com\/keybox.nl\/wp-content\/uploads\/2022\/12\/Keysafe_Slim_line_Keybox.jpeg?resize=350%2C200&ssl=1","width":350,"height":200,"srcset":"https:\/\/i0.wp.com\/keybox.nl\/wp-content\/uploads\/2022\/12\/Keysafe_Slim_line_Keybox.jpeg?resize=350%2C200&ssl=1 1x, https:\/\/i0.wp.com\/keybox.nl\/wp-content\/uploads\/2022\/12\/Keysafe_Slim_line_Keybox.jpeg?resize=525%2C300&ssl=1 1.5x, https:\/\/i0.wp.com\/keybox.nl\/wp-content\/uploads\/2022\/12\/Keysafe_Slim_line_Keybox.jpeg?resize=700%2C400&ssl=1 2x"},"classes":[]},{"id":1822,"url":"https:\/\/keybox.nl\/da\/vare\/keysafe-gce\/","url_meta":{"origin":1812,"position":1},"title":"Keysafe GCE","author":"Elric Drost","date":"26 januar 2025","format":false,"excerpt":"V\u00e6lg mellem 3 modeller.","rel":"","context":"Similar post","block_context":{"text":"Similar post","link":""},"img":{"alt_text":"","src":"https:\/\/i0.wp.com\/keybox.nl\/wp-content\/uploads\/2025\/01\/9858a0f7e85097eb90f56de1f00f8269.jpg?resize=350%2C200&ssl=1","width":350,"height":200,"srcset":"https:\/\/i0.wp.com\/keybox.nl\/wp-content\/uploads\/2025\/01\/9858a0f7e85097eb90f56de1f00f8269.jpg?resize=350%2C200&ssl=1 1x, https:\/\/i0.wp.com\/keybox.nl\/wp-content\/uploads\/2025\/01\/9858a0f7e85097eb90f56de1f00f8269.jpg?resize=525%2C300&ssl=1 1.5x, https:\/\/i0.wp.com\/keybox.nl\/wp-content\/uploads\/2025\/01\/9858a0f7e85097eb90f56de1f00f8269.jpg?resize=700%2C400&ssl=1 2x, https:\/\/i0.wp.com\/keybox.nl\/wp-content\/uploads\/2025\/01\/9858a0f7e85097eb90f56de1f00f8269.jpg?resize=1050%2C600&ssl=1 3x, https:\/\/i0.wp.com\/keybox.nl\/wp-content\/uploads\/2025\/01\/9858a0f7e85097eb90f56de1f00f8269.jpg?resize=1400%2C800&ssl=1 4x"},"classes":[]},{"id":1775,"url":"https:\/\/keybox.nl\/da\/vare\/keysafe-pro-original\/","url_meta":{"origin":1812,"position":2},"title":"Keysafe Pro original","author":"Elric Drost","date":"5 december 2024","format":false,"excerpt":"KEYSAFE Pro Original er et robust n\u00f8gleskab til 5 standardn\u00f8gler.","rel":"","context":"Similar post","block_context":{"text":"Similar post","link":""},"img":{"alt_text":"","src":"https:\/\/i0.wp.com\/keybox.nl\/wp-content\/uploads\/2024\/12\/keysafe-pro-original-sleutelkluisje.jpg?resize=350%2C200&ssl=1","width":350,"height":200},"classes":[]},{"id":1754,"url":"https:\/\/keybox.nl\/da\/vare\/in-box-digibox\/","url_meta":{"origin":1812,"position":3},"title":"Digiboks i boksen","author":"Elric Drost","date":"29 november 2024","format":false,"excerpt":"Rummelig, sikker drop-in-boks til n\u00f8gler eller kuverter.","rel":"","context":"Similar post","block_context":{"text":"Similar post","link":""},"img":{"alt_text":"","src":"https:\/\/i0.wp.com\/keybox.nl\/wp-content\/uploads\/2024\/11\/in-box-digibox-keybox2021blauw.jpg?resize=350%2C200&ssl=1","width":350,"height":200,"srcset":"https:\/\/i0.wp.com\/keybox.nl\/wp-content\/uploads\/2024\/11\/in-box-digibox-keybox2021blauw.jpg?resize=350%2C200&ssl=1 1x, https:\/\/i0.wp.com\/keybox.nl\/wp-content\/uploads\/2024\/11\/in-box-digibox-keybox2021blauw.jpg?resize=525%2C300&ssl=1 1.5x, https:\/\/i0.wp.com\/keybox.nl\/wp-content\/uploads\/2024\/11\/in-box-digibox-keybox2021blauw.jpg?resize=700%2C400&ssl=1 2x"},"classes":[]},{"id":1796,"url":"https:\/\/keybox.nl\/da\/vare\/keysafe-key-cabinet\/","url_meta":{"origin":1812,"position":4},"title":"Keysafe n\u00f8gleskab","author":"Elric Drost","date":"18 december 2024","format":false,"excerpt":"Touchpoint PRO fra Kidde 30\/60\/120 taster","rel":"","context":"Similar post","block_context":{"text":"Similar post","link":""},"img":{"alt_text":"","src":"https:\/\/i0.wp.com\/keybox.nl\/wp-content\/uploads\/2024\/12\/Keysafe-cabinet-30-Keybox-open-298x300.jpg?resize=350%2C200","width":350,"height":200},"classes":[]},{"id":1782,"url":"https:\/\/keybox.nl\/da\/vare\/keysafe-p500\/","url_meta":{"origin":1812,"position":5},"title":"Keysafe P500","author":"Elric Drost","date":"13 december 2024","format":false,"excerpt":"Det mest sikre minin\u00f8gleskab p\u00e5 markedet.","rel":"","context":"Similar post","block_context":{"text":"Similar post","link":""},"img":{"alt_text":"","src":"https:\/\/i0.wp.com\/keybox.nl\/wp-content\/uploads\/2024\/12\/boite-a-cle-keysafe-pro-grand-format.jpg?resize=350%2C200&ssl=1","width":350,"height":200},"classes":[]}],"jetpack_sharing_enabled":true,"_links":{"self":[{"href":"https:\/\/keybox.nl\/da\/wp-json\/wp\/v2\/product\/1812","targetHints":{"allow":["GET"]}}],"collection":[{"href":"https:\/\/keybox.nl\/da\/wp-json\/wp\/v2\/product"}],"about":[{"href":"https:\/\/keybox.nl\/da\/wp-json\/wp\/v2\/types\/product"}],"replies":[{"embeddable":true,"href":"https:\/\/keybox.nl\/da\/wp-json\/wp\/v2\/comments?post=1812"}],"wp:featuredmedia":[{"embeddable":true,"href":"https:\/\/keybox.nl\/da\/wp-json\/wp\/v2\/media\/1813"}],"wp:attachment":[{"href":"https:\/\/keybox.nl\/da\/wp-json\/wp\/v2\/media?parent=1812"}],"wp:term":[{"taxonomy":"product_brand","embeddable":true,"href":"https:\/\/keybox.nl\/da\/wp-json\/wp\/v2\/product_brand?post=1812"},{"taxonomy":"product_cat","embeddable":true,"href":"https:\/\/keybox.nl\/da\/wp-json\/wp\/v2\/product_cat?post=1812"},{"taxonomy":"product_tag","embeddable":true,"href":"https:\/\/keybox.nl\/da\/wp-json\/wp\/v2\/product_tag?post=1812"}],"curies":[{"name":"wp","href":"https:\/\/api.w.org\/{rel}","templated":true}]}}