{"id":1782,"date":"2024-12-13T14:27:35","date_gmt":"2024-12-13T14:27:35","guid":{"rendered":"https:\/\/keybox.nl\/?post_type=product&#038;p=1782"},"modified":"2024-12-13T14:32:44","modified_gmt":"2024-12-13T14:32:44","slug":"keysafe-p500","status":"publish","type":"product","link":"https:\/\/keybox.nl\/da\/vare\/keysafe-p500\/","title":{"rendered":"Keysafe P500"},"content":{"rendered":"<h4>KEYSAFE P500<\/h4>\n<p>Keysafe P500 er det mest sikre mini n\u00f8gleskab p\u00e5 markedet. Det er mere end et simpelt n\u00f8gleskab, det er lige s\u00e5 robust som et mini pengeskab. Keysafe P500 er designet til professionelle inden for beredskabstjenester, hjemmepleje og fjernsikkerhed og er en p\u00e5lidelig l\u00f8sning til sikker n\u00f8gleh\u00e5ndtering.<\/p>\n<h4>Fordele<\/h4>\n<ul>\n<li><strong>Sikkert og nemt:<\/strong> Sikker opbevaring af n\u00f8gler med kodeadgang.<\/li>\n<li><strong>Rigelig kapacitet:<\/strong> Passer til op til 10 n\u00f8gler takket v\u00e6re den integrerede n\u00f8glestift.<\/li>\n<li><strong>Brugervenlig:<\/strong> \u00c5bn og luk med en praktisk drejeknap, ingen grund til at kryptere koden efter lukning.<\/li>\n<li><strong>Fleksibilitet:<\/strong> Nem kode\u00e6ndring for \u00f8get sikkerhed.<\/li>\n<li><strong>Vejrbestandig:<\/strong> Der medf\u00f8lger et beskyttelsescover til beskyttelse mod d\u00e5rligt vejr og ekstra diskretion.<\/li>\n<li><strong>Der kr\u00e6ves ingen str\u00f8m:<\/strong> Fungerer uden str\u00f8m eller batterier.<\/li>\n<\/ul>\n<h4>Funktioner<\/h4>\n<ul>\n<li>Fremstillet af st\u00f8bt Zamac for maksimal holdbarhed og beskyttelse mod angreb.<\/li>\n<li>Sort version.<\/li>\n<li>4.096 mulige koder (10 cifre + 2 bogstaver).<\/li>\n<li><strong>Dimensioner:<\/strong>\n<ul>\n<li>Udvendige m\u00e5l: L149,35 x H81,03 x D63,5 mm.<\/li>\n<li>Indvendige m\u00e5l: L76,2 x H47,47 x D18,03 mm.<\/li>\n<\/ul>\n<\/li>\n<li>V\u00e6gt: 1,587 kg.<\/li>\n<li><strong>Temperaturomr\u00e5de:<\/strong>\n<ul>\n<li>Driftstemperatur: -32\u00b0C til +68\u00b0C.<\/li>\n<li>Modstandsdygtig over for sne og is ned til -26 \u00b0C.<\/li>\n<\/ul>\n<\/li>\n<li>Modstandsdygtig over for langvarig soleksponering.<\/li>\n<li>Kan modst\u00e5 vandspr\u00f8jt p\u00e5 10,16 cm\/time.<\/li>\n<li>Standard modstandsdygtighed over for kemikalier og opl\u00f8sningsmidler.<\/li>\n<\/ul>\n<h4>Valgmuligheder<\/h4>\n<ul>\n<li>\u00c5bningsdetektor (kablet eller tr\u00e5dl\u00f8s).<\/li>\n<li>N\u00f8gle-tilstedev\u00e6relsesdetektor (kablet eller tr\u00e5dl\u00f8s).<\/li>\n<li>Integration med alarm- eller kontrolrumssystemer.<img decoding=\"async\" class=\"alignnone size-medium wp-image-1784\" src=\"http:\/\/keybox.nl\/wp-content\/uploads\/2024\/12\/boite-a-cle-keysafe-pro-grand-format-3-231x300.jpg\" alt=\"\" width=\"231\" height=\"300\" srcset=\"https:\/\/keybox.nl\/wp-content\/uploads\/2024\/12\/boite-a-cle-keysafe-pro-grand-format-3-231x300.jpg 231w, https:\/\/keybox.nl\/wp-content\/uploads\/2024\/12\/boite-a-cle-keysafe-pro-grand-format-3-416x541.jpg 416w, https:\/\/keybox.nl\/wp-content\/uploads\/2024\/12\/boite-a-cle-keysafe-pro-grand-format-3-788x1024.jpg 788w, https:\/\/keybox.nl\/wp-content\/uploads\/2024\/12\/boite-a-cle-keysafe-pro-grand-format-3-768x998.jpg 768w, https:\/\/keybox.nl\/wp-content\/uploads\/2024\/12\/boite-a-cle-keysafe-pro-grand-format-3-9x12.jpg 9w, https:\/\/keybox.nl\/wp-content\/uploads\/2024\/12\/boite-a-cle-keysafe-pro-grand-format-3.jpg 1000w\" sizes=\"(max-width: 231px) 100vw, 231px\" \/><\/li>\n<\/ul>\n<h4>Pakkens indhold<\/h4>\n<ul>\n<li>Vejledning til brug.<\/li>\n<li>Standard monteringss\u00e6t.<\/li>\n<li>L\u00e5g for ekstra beskyttelse.<\/li>\n<li>Kodebeskyttelsesplade.<\/li>\n<li>N\u00f8gleholder.<\/li>\n<\/ul>\n<h4>Brugervejledning<\/h4>\n<ol>\n<li><strong>\u00c5bning:<\/strong> Tryk p\u00e5 \"clear\"-knappen, og indtast koden.\n<ul>\n<li>Drej \"open\"-knappen med uret for at \u00e5bne l\u00e5get og tage n\u00f8glerne.<\/li>\n<\/ul>\n<\/li>\n<li><strong>Lukning:<\/strong> Indtast koden igen, drej \"\u00e5ben\"-knappen med uret, s\u00e6t n\u00f8glen p\u00e5 plads, og luk l\u00e5get med knappen.<\/li>\n<\/ol>\n<p>Med Keysafe P500 er du sikret en sikker og fleksibel n\u00f8gleh\u00e5ndteringsl\u00f8sning. Bestil i dag fra <a href=\"http:\/\/keybox.nl\/da\/\">N\u00f8gleboks<\/a> og oplev bundsolid sikkerhed og brugervenlighed!<\/p>","protected":false},"excerpt":{"rendered":"<p>Det mest sikre minin\u00f8gleskab p\u00e5 markedet.<\/p>","protected":false},"featured_media":1785,"comment_status":"open","ping_status":"closed","template":"","meta":[],"product_brand":[],"product_cat":[19],"product_tag":[79],"class_list":{"0":"post-1782","1":"product","2":"type-product","3":"status-publish","4":"has-post-thumbnail","6":"product_cat-keysafe","7":"product_tag-kleine-keysafe","9":"first","10":"instock","11":"taxable","12":"shipping-taxable","13":"purchasable","14":"product-type-simple"},"yoast_head":"<!-- This site is optimized with the Yoast SEO plugin v27.4 - https:\/\/yoast.com\/product\/yoast-seo-wordpress\/ -->\n<title>Keysafe P500 -<\/title>\n<meta name=\"robots\" content=\"index, follow, max-snippet:-1, max-image-preview:large, max-video-preview:-1\" \/>\n<link rel=\"canonical\" href=\"https:\/\/keybox.nl\/da\/vare\/keysafe-p500\/\" \/>\n<meta property=\"og:locale\" content=\"da_DK\" \/>\n<meta property=\"og:type\" content=\"article\" \/>\n<meta property=\"og:title\" content=\"Keysafe P500 -\" \/>\n<meta property=\"og:description\" content=\"Het meest veilige mini-sleutelkastje op de markt.\" \/>\n<meta property=\"og:url\" content=\"https:\/\/keybox.nl\/da\/vare\/keysafe-p500\/\" \/>\n<meta property=\"article:modified_time\" content=\"2024-12-13T14:32:44+00:00\" \/>\n<meta property=\"og:image\" content=\"http:\/\/keybox.nl\/wp-content\/uploads\/2024\/12\/boite-a-cle-keysafe-pro-grand-format.jpg\" \/>\n\t<meta property=\"og:image:width\" content=\"380\" \/>\n\t<meta property=\"og:image:height\" content=\"494\" \/>\n\t<meta property=\"og:image:type\" content=\"image\/jpeg\" \/>\n<meta name=\"twitter:card\" content=\"summary_large_image\" \/>\n<meta name=\"twitter:label1\" content=\"Estimeret l\u00e6setid\" \/>\n\t<meta name=\"twitter:data1\" content=\"2 minutter\" \/>\n<script type=\"application\/ld+json\" class=\"yoast-schema-graph\">{\"@context\":\"https:\\\/\\\/schema.org\",\"@graph\":[{\"@type\":\"WebPage\",\"@id\":\"https:\\\/\\\/keybox.nl\\\/product\\\/keysafe-p500\\\/\",\"url\":\"https:\\\/\\\/keybox.nl\\\/product\\\/keysafe-p500\\\/\",\"name\":\"Keysafe P500 -\",\"isPartOf\":{\"@id\":\"https:\\\/\\\/keybox.nl\\\/#website\"},\"primaryImageOfPage\":{\"@id\":\"https:\\\/\\\/keybox.nl\\\/product\\\/keysafe-p500\\\/#primaryimage\"},\"image\":{\"@id\":\"https:\\\/\\\/keybox.nl\\\/product\\\/keysafe-p500\\\/#primaryimage\"},\"thumbnailUrl\":\"https:\\\/\\\/keybox.nl\\\/wp-content\\\/uploads\\\/2024\\\/12\\\/boite-a-cle-keysafe-pro-grand-format.jpg\",\"datePublished\":\"2024-12-13T14:27:35+00:00\",\"dateModified\":\"2024-12-13T14:32:44+00:00\",\"breadcrumb\":{\"@id\":\"https:\\\/\\\/keybox.nl\\\/product\\\/keysafe-p500\\\/#breadcrumb\"},\"inLanguage\":\"da-DK\",\"potentialAction\":[{\"@type\":\"ReadAction\",\"target\":[\"https:\\\/\\\/keybox.nl\\\/product\\\/keysafe-p500\\\/\"]}]},{\"@type\":\"ImageObject\",\"inLanguage\":\"da-DK\",\"@id\":\"https:\\\/\\\/keybox.nl\\\/product\\\/keysafe-p500\\\/#primaryimage\",\"url\":\"https:\\\/\\\/keybox.nl\\\/wp-content\\\/uploads\\\/2024\\\/12\\\/boite-a-cle-keysafe-pro-grand-format.jpg\",\"contentUrl\":\"https:\\\/\\\/keybox.nl\\\/wp-content\\\/uploads\\\/2024\\\/12\\\/boite-a-cle-keysafe-pro-grand-format.jpg\",\"width\":380,\"height\":494},{\"@type\":\"BreadcrumbList\",\"@id\":\"https:\\\/\\\/keybox.nl\\\/product\\\/keysafe-p500\\\/#breadcrumb\",\"itemListElement\":[{\"@type\":\"ListItem\",\"position\":1,\"name\":\"Home\",\"item\":\"https:\\\/\\\/keybox.nl\\\/\"},{\"@type\":\"ListItem\",\"position\":2,\"name\":\"Beveiligde sleutelkastjes kopen\",\"item\":\"https:\\\/\\\/keybox.nl\\\/\"},{\"@type\":\"ListItem\",\"position\":3,\"name\":\"Keysafe P500\"}]},{\"@type\":\"WebSite\",\"@id\":\"https:\\\/\\\/keybox.nl\\\/#website\",\"url\":\"https:\\\/\\\/keybox.nl\\\/\",\"name\":\"\",\"description\":\"\",\"potentialAction\":[{\"@type\":\"SearchAction\",\"target\":{\"@type\":\"EntryPoint\",\"urlTemplate\":\"https:\\\/\\\/keybox.nl\\\/?s={search_term_string}\"},\"query-input\":{\"@type\":\"PropertyValueSpecification\",\"valueRequired\":true,\"valueName\":\"search_term_string\"}}],\"inLanguage\":\"da-DK\"}]}<\/script>\n<!-- \/ Yoast SEO plugin. -->","yoast_head_json":{"title":"Keysafe P500 -","robots":{"index":"index","follow":"follow","max-snippet":"max-snippet:-1","max-image-preview":"max-image-preview:large","max-video-preview":"max-video-preview:-1"},"canonical":"https:\/\/keybox.nl\/da\/vare\/keysafe-p500\/","og_locale":"da_DK","og_type":"article","og_title":"Keysafe P500 -","og_description":"Het meest veilige mini-sleutelkastje op de markt.","og_url":"https:\/\/keybox.nl\/da\/vare\/keysafe-p500\/","article_modified_time":"2024-12-13T14:32:44+00:00","og_image":[{"width":380,"height":494,"url":"http:\/\/keybox.nl\/wp-content\/uploads\/2024\/12\/boite-a-cle-keysafe-pro-grand-format.jpg","type":"image\/jpeg"}],"twitter_card":"summary_large_image","twitter_misc":{"Estimeret l\u00e6setid":"2 minutter"},"schema":{"@context":"https:\/\/schema.org","@graph":[{"@type":"WebPage","@id":"https:\/\/keybox.nl\/product\/keysafe-p500\/","url":"https:\/\/keybox.nl\/product\/keysafe-p500\/","name":"Keysafe P500 -","isPartOf":{"@id":"https:\/\/keybox.nl\/#website"},"primaryImageOfPage":{"@id":"https:\/\/keybox.nl\/product\/keysafe-p500\/#primaryimage"},"image":{"@id":"https:\/\/keybox.nl\/product\/keysafe-p500\/#primaryimage"},"thumbnailUrl":"https:\/\/keybox.nl\/wp-content\/uploads\/2024\/12\/boite-a-cle-keysafe-pro-grand-format.jpg","datePublished":"2024-12-13T14:27:35+00:00","dateModified":"2024-12-13T14:32:44+00:00","breadcrumb":{"@id":"https:\/\/keybox.nl\/product\/keysafe-p500\/#breadcrumb"},"inLanguage":"da-DK","potentialAction":[{"@type":"ReadAction","target":["https:\/\/keybox.nl\/product\/keysafe-p500\/"]}]},{"@type":"ImageObject","inLanguage":"da-DK","@id":"https:\/\/keybox.nl\/product\/keysafe-p500\/#primaryimage","url":"https:\/\/keybox.nl\/wp-content\/uploads\/2024\/12\/boite-a-cle-keysafe-pro-grand-format.jpg","contentUrl":"https:\/\/keybox.nl\/wp-content\/uploads\/2024\/12\/boite-a-cle-keysafe-pro-grand-format.jpg","width":380,"height":494},{"@type":"BreadcrumbList","@id":"https:\/\/keybox.nl\/product\/keysafe-p500\/#breadcrumb","itemListElement":[{"@type":"ListItem","position":1,"name":"Home","item":"https:\/\/keybox.nl\/"},{"@type":"ListItem","position":2,"name":"Beveiligde sleutelkastjes kopen","item":"https:\/\/keybox.nl\/"},{"@type":"ListItem","position":3,"name":"Keysafe P500"}]},{"@type":"WebSite","@id":"https:\/\/keybox.nl\/#website","url":"https:\/\/keybox.nl\/","name":"","description":"","potentialAction":[{"@type":"SearchAction","target":{"@type":"EntryPoint","urlTemplate":"https:\/\/keybox.nl\/?s={search_term_string}"},"query-input":{"@type":"PropertyValueSpecification","valueRequired":true,"valueName":"search_term_string"}}],"inLanguage":"da-DK"}]}},"jetpack-related-posts":[{"id":1179,"url":"https:\/\/keybox.nl\/da\/vare\/keysafe-original\/","url_meta":{"origin":1782,"position":0},"title":"Keysafe Original","author":"Keybox@beheermodule","date":"9 december 2022","format":false,"excerpt":"Keysafe Original til 5 n\u00f8gler Hvis du har brug for flere n\u00f8gler for at komme ind i et rum, kan du med den store opbevaringskapacitet i KeySafe\u2122 Original opbevare dem alle p\u00e5 \u00e9t sted med en brugervenlig adgangskode. KeySafe Original kan rumme flere n\u00f8gler og er stor nok til n\u00f8glekort....","rel":"","context":"Similar post","block_context":{"text":"Similar post","link":""},"img":{"alt_text":"","src":"https:\/\/i0.wp.com\/keybox.nl\/wp-content\/uploads\/2022\/12\/Keysafe_Original_keybox_sleutelkluis.jpg?resize=350%2C200&ssl=1","width":350,"height":200,"srcset":"https:\/\/i0.wp.com\/keybox.nl\/wp-content\/uploads\/2022\/12\/Keysafe_Original_keybox_sleutelkluis.jpg?resize=350%2C200&ssl=1 1x, https:\/\/i0.wp.com\/keybox.nl\/wp-content\/uploads\/2022\/12\/Keysafe_Original_keybox_sleutelkluis.jpg?resize=525%2C300&ssl=1 1.5x, https:\/\/i0.wp.com\/keybox.nl\/wp-content\/uploads\/2022\/12\/Keysafe_Original_keybox_sleutelkluis.jpg?resize=700%2C400&ssl=1 2x"},"classes":[]},{"id":1171,"url":"https:\/\/keybox.nl\/da\/vare\/keysafe-slimline\/","url_meta":{"origin":1782,"position":1},"title":"Keysafe Slimline","author":"Keybox@beheermodule","date":"9 december 2022","format":false,"excerpt":"Altid adgang med Keysafe Slimline","rel":"","context":"Similar post","block_context":{"text":"Similar post","link":""},"img":{"alt_text":"Keysafe Slim line","src":"https:\/\/i0.wp.com\/keybox.nl\/wp-content\/uploads\/2022\/12\/Keysafe_Slim_line_Keybox.jpeg?resize=350%2C200&ssl=1","width":350,"height":200,"srcset":"https:\/\/i0.wp.com\/keybox.nl\/wp-content\/uploads\/2022\/12\/Keysafe_Slim_line_Keybox.jpeg?resize=350%2C200&ssl=1 1x, https:\/\/i0.wp.com\/keybox.nl\/wp-content\/uploads\/2022\/12\/Keysafe_Slim_line_Keybox.jpeg?resize=525%2C300&ssl=1 1.5x, https:\/\/i0.wp.com\/keybox.nl\/wp-content\/uploads\/2022\/12\/Keysafe_Slim_line_Keybox.jpeg?resize=700%2C400&ssl=1 2x"},"classes":[]},{"id":1796,"url":"https:\/\/keybox.nl\/da\/vare\/keysafe-key-cabinet\/","url_meta":{"origin":1782,"position":2},"title":"Keysafe n\u00f8gleskab","author":"Elric Drost","date":"18 december 2024","format":false,"excerpt":"Touchpoint PRO fra Kidde 30\/60\/120 taster","rel":"","context":"Similar post","block_context":{"text":"Similar post","link":""},"img":{"alt_text":"","src":"https:\/\/i0.wp.com\/keybox.nl\/wp-content\/uploads\/2024\/12\/Keysafe-cabinet-30-Keybox-open-298x300.jpg?resize=350%2C200","width":350,"height":200},"classes":[]},{"id":1812,"url":"https:\/\/keybox.nl\/da\/vare\/drs-vector-combi-keysafe\/","url_meta":{"origin":1782,"position":3},"title":"DRS Vector Combi N\u00f8gleskab","author":"Elric Drost","date":"21 januar 2025","format":false,"excerpt":"Perfekt til professionel brug.","rel":"","context":"Similar post","block_context":{"text":"Similar post","link":""},"img":{"alt_text":"","src":"https:\/\/i0.wp.com\/keybox.nl\/wp-content\/uploads\/2025\/01\/DRS-Vector-Combi-Keysafe-keybox.jpg?resize=350%2C200&ssl=1","width":350,"height":200,"srcset":"https:\/\/i0.wp.com\/keybox.nl\/wp-content\/uploads\/2025\/01\/DRS-Vector-Combi-Keysafe-keybox.jpg?resize=350%2C200&ssl=1 1x, https:\/\/i0.wp.com\/keybox.nl\/wp-content\/uploads\/2025\/01\/DRS-Vector-Combi-Keysafe-keybox.jpg?resize=525%2C300&ssl=1 1.5x, https:\/\/i0.wp.com\/keybox.nl\/wp-content\/uploads\/2025\/01\/DRS-Vector-Combi-Keysafe-keybox.jpg?resize=700%2C400&ssl=1 2x, https:\/\/i0.wp.com\/keybox.nl\/wp-content\/uploads\/2025\/01\/DRS-Vector-Combi-Keysafe-keybox.jpg?resize=1050%2C600&ssl=1 3x"},"classes":[]},{"id":1775,"url":"https:\/\/keybox.nl\/da\/vare\/keysafe-pro-original\/","url_meta":{"origin":1782,"position":4},"title":"Keysafe Pro original","author":"Elric Drost","date":"5 december 2024","format":false,"excerpt":"KEYSAFE Pro Original er et robust n\u00f8gleskab til 5 standardn\u00f8gler.","rel":"","context":"Similar post","block_context":{"text":"Similar post","link":""},"img":{"alt_text":"","src":"https:\/\/i0.wp.com\/keybox.nl\/wp-content\/uploads\/2024\/12\/keysafe-pro-original-sleutelkluisje.jpg?resize=350%2C200&ssl=1","width":350,"height":200},"classes":[]},{"id":1822,"url":"https:\/\/keybox.nl\/da\/vare\/keysafe-gce\/","url_meta":{"origin":1782,"position":5},"title":"Keysafe GCE","author":"Elric Drost","date":"26 januar 2025","format":false,"excerpt":"V\u00e6lg mellem 3 modeller.","rel":"","context":"Similar post","block_context":{"text":"Similar post","link":""},"img":{"alt_text":"","src":"https:\/\/i0.wp.com\/keybox.nl\/wp-content\/uploads\/2025\/01\/9858a0f7e85097eb90f56de1f00f8269.jpg?resize=350%2C200&ssl=1","width":350,"height":200,"srcset":"https:\/\/i0.wp.com\/keybox.nl\/wp-content\/uploads\/2025\/01\/9858a0f7e85097eb90f56de1f00f8269.jpg?resize=350%2C200&ssl=1 1x, https:\/\/i0.wp.com\/keybox.nl\/wp-content\/uploads\/2025\/01\/9858a0f7e85097eb90f56de1f00f8269.jpg?resize=525%2C300&ssl=1 1.5x, https:\/\/i0.wp.com\/keybox.nl\/wp-content\/uploads\/2025\/01\/9858a0f7e85097eb90f56de1f00f8269.jpg?resize=700%2C400&ssl=1 2x, https:\/\/i0.wp.com\/keybox.nl\/wp-content\/uploads\/2025\/01\/9858a0f7e85097eb90f56de1f00f8269.jpg?resize=1050%2C600&ssl=1 3x, https:\/\/i0.wp.com\/keybox.nl\/wp-content\/uploads\/2025\/01\/9858a0f7e85097eb90f56de1f00f8269.jpg?resize=1400%2C800&ssl=1 4x"},"classes":[]}],"jetpack_sharing_enabled":true,"_links":{"self":[{"href":"https:\/\/keybox.nl\/da\/wp-json\/wp\/v2\/product\/1782","targetHints":{"allow":["GET"]}}],"collection":[{"href":"https:\/\/keybox.nl\/da\/wp-json\/wp\/v2\/product"}],"about":[{"href":"https:\/\/keybox.nl\/da\/wp-json\/wp\/v2\/types\/product"}],"replies":[{"embeddable":true,"href":"https:\/\/keybox.nl\/da\/wp-json\/wp\/v2\/comments?post=1782"}],"wp:featuredmedia":[{"embeddable":true,"href":"https:\/\/keybox.nl\/da\/wp-json\/wp\/v2\/media\/1785"}],"wp:attachment":[{"href":"https:\/\/keybox.nl\/da\/wp-json\/wp\/v2\/media?parent=1782"}],"wp:term":[{"taxonomy":"product_brand","embeddable":true,"href":"https:\/\/keybox.nl\/da\/wp-json\/wp\/v2\/product_brand?post=1782"},{"taxonomy":"product_cat","embeddable":true,"href":"https:\/\/keybox.nl\/da\/wp-json\/wp\/v2\/product_cat?post=1782"},{"taxonomy":"product_tag","embeddable":true,"href":"https:\/\/keybox.nl\/da\/wp-json\/wp\/v2\/product_tag?post=1782"}],"curies":[{"name":"wp","href":"https:\/\/api.w.org\/{rel}","templated":true}]}}