{"id":1754,"date":"2024-11-29T14:14:35","date_gmt":"2024-11-29T14:14:35","guid":{"rendered":"https:\/\/keybox.nl\/?post_type=product&#038;p=1754"},"modified":"2024-11-29T14:14:35","modified_gmt":"2024-11-29T14:14:35","slug":"in-box-digibox","status":"publish","type":"product","link":"https:\/\/keybox.nl\/da\/vare\/in-box-digibox\/","title":{"rendered":"Digiboks i boksen"},"content":{"rendered":"<p>Rummelig, sikker returkasse af m\u00e6rket Digibox til n\u00f8gler eller kuverter.<\/p>\n<h4>Fysiske kendetegn<\/h4>\n<ul>\n<li>Kompakt og holdbart etui designet til sikker opbevaring og overf\u00f8rsel af n\u00f8gler, kuverter og andre genstande.<\/li>\n<li>Skabets dimensioner er 365 x 365 x 110 mm i bunden.<\/li>\n<li>V\u00e6gtykkelse p\u00e5 2,5 mm, galvaniseret og pulverlakeret for langvarig rustbeskyttelse.<\/li>\n<li>H\u00e6ngsler i rustfrit st\u00e5l giver ekstra holdbarhed og p\u00e5lidelighed.<\/li>\n<li>Har et stort rum, ideelt til n\u00f8gler, kuverter og lignende.<\/li>\n<li>Sikret med en standardiseret sikkerhedscylinder, inklusive to medf\u00f8lgende n\u00f8gler.<\/li>\n<li>V\u00e6gten inklusive emballage er ca. 11 kg.<\/li>\n<\/ul>\n<h4>Drifts- og sikkerhedsfunktioner<\/h4>\n<ul>\n<li>Designet til at v\u00e6re vejrbestandig og fungere p\u00e5lideligt i b\u00e5de lave og h\u00f8je temperaturer.<\/li>\n<\/ul>\n<h4>Farveindstillinger og -justeringer<\/h4>\n<ul>\n<li>Standardfarver f\u00e5s i RAL 1015 lys elfenben og RAL 5010 ensianbl\u00e5.<\/li>\n<li>Andre RAL-farver f\u00e5s mod ekstra betaling.<\/li>\n<\/ul>\n<p>Kontakt <a href=\"http:\/\/keybox.nl\/da\/contact\/\">N\u00f8gleboks<\/a> for mere information og et tilbud. Bestil din sikre n\u00f8gle- og konvolutstyringsl\u00f8sning i dag fra Keybox.co.uk, specialisten i n\u00f8gleh\u00e5ndtering!<\/p>\n<p>Bestil Digibox direkte fra <a href=\"http:\/\/keybox.nl\/da\/\">Keybox.co.uk<\/a>din specialist i n\u00f8glebokse!<\/p>\n<p><img decoding=\"async\" class=\"alignnone wp-image-1726\" src=\"http:\/\/keybox.nl\/wp-content\/uploads\/2024\/11\/keybox-digibox_digiboxXLsleutelkast-300x111.jpg\" alt=\"\" width=\"578\" height=\"214\" srcset=\"https:\/\/keybox.nl\/wp-content\/uploads\/2024\/11\/keybox-digibox_digiboxXLsleutelkast-300x111.jpg 300w, https:\/\/keybox.nl\/wp-content\/uploads\/2024\/11\/keybox-digibox_digiboxXLsleutelkast-416x154.jpg 416w, https:\/\/keybox.nl\/wp-content\/uploads\/2024\/11\/keybox-digibox_digiboxXLsleutelkast-768x284.jpg 768w, https:\/\/keybox.nl\/wp-content\/uploads\/2024\/11\/keybox-digibox_digiboxXLsleutelkast-18x7.jpg 18w, https:\/\/keybox.nl\/wp-content\/uploads\/2024\/11\/keybox-digibox_digiboxXLsleutelkast.jpg 1024w\" sizes=\"(max-width: 578px) 100vw, 578px\" \/><\/p>","protected":false},"excerpt":{"rendered":"<p>Rummelig, sikker drop-in-boks til n\u00f8gler eller kuverter.<\/p>","protected":false},"featured_media":1758,"comment_status":"open","ping_status":"closed","template":"","meta":[],"product_brand":[],"product_cat":[57],"product_tag":[76],"class_list":{"0":"post-1754","1":"product","2":"type-product","3":"status-publish","4":"has-post-thumbnail","6":"product_cat-digibox-sleuteluitgifte","7":"product_tag-digibox-groot","9":"first","10":"instock","11":"taxable","12":"shipping-taxable","13":"purchasable","14":"product-type-variable","15":"has-default-attributes"},"yoast_head":"<!-- This site is optimized with the Yoast SEO plugin v27.4 - https:\/\/yoast.com\/product\/yoast-seo-wordpress\/ -->\n<title>In-box Digibox -<\/title>\n<meta name=\"robots\" content=\"index, follow, max-snippet:-1, max-image-preview:large, max-video-preview:-1\" \/>\n<link rel=\"canonical\" href=\"https:\/\/keybox.nl\/da\/vare\/in-box-digibox\/\" \/>\n<meta property=\"og:locale\" content=\"da_DK\" \/>\n<meta property=\"og:type\" content=\"article\" \/>\n<meta property=\"og:title\" content=\"In-box Digibox -\" \/>\n<meta property=\"og:description\" content=\"Ruime veilige inleverbus voor sleutels of enveloppen.\" \/>\n<meta property=\"og:url\" content=\"https:\/\/keybox.nl\/da\/vare\/in-box-digibox\/\" \/>\n<meta property=\"og:image\" content=\"http:\/\/keybox.nl\/wp-content\/uploads\/2024\/11\/in-box-digibox-keybox2021blauw.jpg\" \/>\n\t<meta property=\"og:image:width\" content=\"800\" \/>\n\t<meta property=\"og:image:height\" content=\"820\" \/>\n\t<meta property=\"og:image:type\" content=\"image\/jpeg\" \/>\n<meta name=\"twitter:card\" content=\"summary_large_image\" \/>\n<meta name=\"twitter:label1\" content=\"Estimeret l\u00e6setid\" \/>\n\t<meta name=\"twitter:data1\" content=\"2 minutter\" \/>\n<script type=\"application\/ld+json\" class=\"yoast-schema-graph\">{\"@context\":\"https:\\\/\\\/schema.org\",\"@graph\":[{\"@type\":\"WebPage\",\"@id\":\"https:\\\/\\\/keybox.nl\\\/product\\\/in-box-digibox\\\/\",\"url\":\"https:\\\/\\\/keybox.nl\\\/product\\\/in-box-digibox\\\/\",\"name\":\"In-box Digibox -\",\"isPartOf\":{\"@id\":\"https:\\\/\\\/keybox.nl\\\/#website\"},\"primaryImageOfPage\":{\"@id\":\"https:\\\/\\\/keybox.nl\\\/product\\\/in-box-digibox\\\/#primaryimage\"},\"image\":{\"@id\":\"https:\\\/\\\/keybox.nl\\\/product\\\/in-box-digibox\\\/#primaryimage\"},\"thumbnailUrl\":\"https:\\\/\\\/keybox.nl\\\/wp-content\\\/uploads\\\/2024\\\/11\\\/in-box-digibox-keybox2021blauw.jpg\",\"datePublished\":\"2024-11-29T14:14:35+00:00\",\"breadcrumb\":{\"@id\":\"https:\\\/\\\/keybox.nl\\\/product\\\/in-box-digibox\\\/#breadcrumb\"},\"inLanguage\":\"da-DK\",\"potentialAction\":[{\"@type\":\"ReadAction\",\"target\":[\"https:\\\/\\\/keybox.nl\\\/product\\\/in-box-digibox\\\/\"]}]},{\"@type\":\"ImageObject\",\"inLanguage\":\"da-DK\",\"@id\":\"https:\\\/\\\/keybox.nl\\\/product\\\/in-box-digibox\\\/#primaryimage\",\"url\":\"https:\\\/\\\/keybox.nl\\\/wp-content\\\/uploads\\\/2024\\\/11\\\/in-box-digibox-keybox2021blauw.jpg\",\"contentUrl\":\"https:\\\/\\\/keybox.nl\\\/wp-content\\\/uploads\\\/2024\\\/11\\\/in-box-digibox-keybox2021blauw.jpg\",\"width\":800,\"height\":820},{\"@type\":\"BreadcrumbList\",\"@id\":\"https:\\\/\\\/keybox.nl\\\/product\\\/in-box-digibox\\\/#breadcrumb\",\"itemListElement\":[{\"@type\":\"ListItem\",\"position\":1,\"name\":\"Home\",\"item\":\"https:\\\/\\\/keybox.nl\\\/\"},{\"@type\":\"ListItem\",\"position\":2,\"name\":\"Beveiligde sleutelkastjes kopen\",\"item\":\"https:\\\/\\\/keybox.nl\\\/\"},{\"@type\":\"ListItem\",\"position\":3,\"name\":\"In-box Digibox\"}]},{\"@type\":\"WebSite\",\"@id\":\"https:\\\/\\\/keybox.nl\\\/#website\",\"url\":\"https:\\\/\\\/keybox.nl\\\/\",\"name\":\"\",\"description\":\"\",\"potentialAction\":[{\"@type\":\"SearchAction\",\"target\":{\"@type\":\"EntryPoint\",\"urlTemplate\":\"https:\\\/\\\/keybox.nl\\\/?s={search_term_string}\"},\"query-input\":{\"@type\":\"PropertyValueSpecification\",\"valueRequired\":true,\"valueName\":\"search_term_string\"}}],\"inLanguage\":\"da-DK\"}]}<\/script>\n<!-- \/ Yoast SEO plugin. -->","yoast_head_json":{"title":"Digibox i boksen","robots":{"index":"index","follow":"follow","max-snippet":"max-snippet:-1","max-image-preview":"max-image-preview:large","max-video-preview":"max-video-preview:-1"},"canonical":"https:\/\/keybox.nl\/da\/vare\/in-box-digibox\/","og_locale":"da_DK","og_type":"article","og_title":"In-box Digibox -","og_description":"Ruime veilige inleverbus voor sleutels of enveloppen.","og_url":"https:\/\/keybox.nl\/da\/vare\/in-box-digibox\/","og_image":[{"width":800,"height":820,"url":"http:\/\/keybox.nl\/wp-content\/uploads\/2024\/11\/in-box-digibox-keybox2021blauw.jpg","type":"image\/jpeg"}],"twitter_card":"summary_large_image","twitter_misc":{"Estimeret l\u00e6setid":"2 minutter"},"schema":{"@context":"https:\/\/schema.org","@graph":[{"@type":"WebPage","@id":"https:\/\/keybox.nl\/product\/in-box-digibox\/","url":"https:\/\/keybox.nl\/product\/in-box-digibox\/","name":"Digibox i boksen","isPartOf":{"@id":"https:\/\/keybox.nl\/#website"},"primaryImageOfPage":{"@id":"https:\/\/keybox.nl\/product\/in-box-digibox\/#primaryimage"},"image":{"@id":"https:\/\/keybox.nl\/product\/in-box-digibox\/#primaryimage"},"thumbnailUrl":"https:\/\/keybox.nl\/wp-content\/uploads\/2024\/11\/in-box-digibox-keybox2021blauw.jpg","datePublished":"2024-11-29T14:14:35+00:00","breadcrumb":{"@id":"https:\/\/keybox.nl\/product\/in-box-digibox\/#breadcrumb"},"inLanguage":"da-DK","potentialAction":[{"@type":"ReadAction","target":["https:\/\/keybox.nl\/product\/in-box-digibox\/"]}]},{"@type":"ImageObject","inLanguage":"da-DK","@id":"https:\/\/keybox.nl\/product\/in-box-digibox\/#primaryimage","url":"https:\/\/keybox.nl\/wp-content\/uploads\/2024\/11\/in-box-digibox-keybox2021blauw.jpg","contentUrl":"https:\/\/keybox.nl\/wp-content\/uploads\/2024\/11\/in-box-digibox-keybox2021blauw.jpg","width":800,"height":820},{"@type":"BreadcrumbList","@id":"https:\/\/keybox.nl\/product\/in-box-digibox\/#breadcrumb","itemListElement":[{"@type":"ListItem","position":1,"name":"Home","item":"https:\/\/keybox.nl\/"},{"@type":"ListItem","position":2,"name":"Beveiligde sleutelkastjes kopen","item":"https:\/\/keybox.nl\/"},{"@type":"ListItem","position":3,"name":"In-box Digibox"}]},{"@type":"WebSite","@id":"https:\/\/keybox.nl\/#website","url":"https:\/\/keybox.nl\/","name":"","description":"","potentialAction":[{"@type":"SearchAction","target":{"@type":"EntryPoint","urlTemplate":"https:\/\/keybox.nl\/?s={search_term_string}"},"query-input":{"@type":"PropertyValueSpecification","valueRequired":true,"valueName":"search_term_string"}}],"inLanguage":"da-DK"}]}},"jetpack-related-posts":[{"id":1745,"url":"https:\/\/keybox.nl\/da\/vare\/digisafe-19-sleutelplaatsen\/","url_meta":{"origin":1754,"position":0},"title":"Digisafe, 19 vigtige steder","author":"Elric Drost","date":"29 november 2024","format":false,"excerpt":"Den st\u00f8rste digibox til 19 n\u00f8gler, tags eller chipkort.","rel":"","context":"Similar post","block_context":{"text":"Similar post","link":""},"img":{"alt_text":"","src":"https:\/\/i0.wp.com\/keybox.nl\/wp-content\/uploads\/2024\/11\/digisafe-RAL-1015-keybox.jpg?resize=350%2C200&ssl=1","width":350,"height":200,"srcset":"https:\/\/i0.wp.com\/keybox.nl\/wp-content\/uploads\/2024\/11\/digisafe-RAL-1015-keybox.jpg?resize=350%2C200&ssl=1 1x, https:\/\/i0.wp.com\/keybox.nl\/wp-content\/uploads\/2024\/11\/digisafe-RAL-1015-keybox.jpg?resize=525%2C300&ssl=1 1.5x, https:\/\/i0.wp.com\/keybox.nl\/wp-content\/uploads\/2024\/11\/digisafe-RAL-1015-keybox.jpg?resize=700%2C400&ssl=1 2x"},"classes":[]},{"id":1690,"url":"https:\/\/keybox.nl\/da\/vare\/digibox-xl-7-sleutelhaken\/","url_meta":{"origin":1754,"position":1},"title":"Digibox XL 7 n\u00f8glekroge","author":"Keybox@beheermodule","date":"2 november 2024","format":false,"excerpt":"Ekstra rummelig Digibox XL","rel":"","context":"Similar post","block_context":{"text":"Similar post","link":""},"img":{"alt_text":"main","src":"https:\/\/i0.wp.com\/keybox.nl\/wp-content\/uploads\/2024\/03\/keybox-sho61f00882f1913_digiboxXLRAL5010.jpg?resize=350%2C200&ssl=1","width":350,"height":200,"srcset":"https:\/\/i0.wp.com\/keybox.nl\/wp-content\/uploads\/2024\/03\/keybox-sho61f00882f1913_digiboxXLRAL5010.jpg?resize=350%2C200&ssl=1 1x, https:\/\/i0.wp.com\/keybox.nl\/wp-content\/uploads\/2024\/03\/keybox-sho61f00882f1913_digiboxXLRAL5010.jpg?resize=525%2C300&ssl=1 1.5x, https:\/\/i0.wp.com\/keybox.nl\/wp-content\/uploads\/2024\/03\/keybox-sho61f00882f1913_digiboxXLRAL5010.jpg?resize=700%2C400&ssl=1 2x"},"classes":[]},{"id":297,"url":"https:\/\/keybox.nl\/da\/vare\/digibox-7-sleutelhaken\/","url_meta":{"origin":1754,"position":2},"title":"Digibox 7 n\u00f8glekroge","author":"Keybox@beheermodule","date":"18 februar 2022","format":false,"excerpt":"Sikker h\u00e5ndtering af dine n\u00f8gler med 7 n\u00f8glepositioner.","rel":"","context":"Similar post","block_context":{"text":"Similar post","link":""},"img":{"alt_text":"","src":"https:\/\/i0.wp.com\/keybox.nl\/wp-content\/uploads\/2022\/02\/Digibox-7-haken-Keybox-e1645195424393.jpg?resize=350%2C200&ssl=1","width":350,"height":200},"classes":[]},{"id":1796,"url":"https:\/\/keybox.nl\/da\/vare\/keysafe-key-cabinet\/","url_meta":{"origin":1754,"position":3},"title":"Keysafe n\u00f8gleskab","author":"Elric Drost","date":"18 december 2024","format":false,"excerpt":"Touchpoint PRO fra Kidde 30\/60\/120 taster","rel":"","context":"Similar post","block_context":{"text":"Similar post","link":""},"img":{"alt_text":"","src":"https:\/\/i0.wp.com\/keybox.nl\/wp-content\/uploads\/2024\/12\/Keysafe-cabinet-30-Keybox-open-298x300.jpg?resize=350%2C200","width":350,"height":200},"classes":[]},{"id":1782,"url":"https:\/\/keybox.nl\/da\/vare\/keysafe-p500\/","url_meta":{"origin":1754,"position":4},"title":"Keysafe P500","author":"Elric Drost","date":"13 december 2024","format":false,"excerpt":"Det mest sikre minin\u00f8gleskab p\u00e5 markedet.","rel":"","context":"Similar post","block_context":{"text":"Similar post","link":""},"img":{"alt_text":"","src":"https:\/\/i0.wp.com\/keybox.nl\/wp-content\/uploads\/2024\/12\/boite-a-cle-keysafe-pro-grand-format.jpg?resize=350%2C200&ssl=1","width":350,"height":200},"classes":[]},{"id":72,"url":"https:\/\/keybox.nl\/da\/vare\/keysecuritybox-sleutelkluis-ksb101a-ksb102a\/","url_meta":{"origin":1754,"position":5},"title":"N\u00f8glesikkerhedsboks KSB101A, KSB102A ekstra pansret n\u00f8gleskab","author":"Keybox@beheermodule","date":"1 december 2021","format":false,"excerpt":"Keysecuritybox KSB101A &amp; KSB102A KSB101A og 102A er udstyret med ekstra Armor \/ panser. Inde i pengeskabet er der et ekstra indre pengeskab lavet af specialst\u00e5l, der giver h\u00f8jere beskyttelse mod angreb. Et pengeskab i to versioner: indskudshjul til venstre eller h\u00f8jre","rel":"","context":"With 1 comment","block_context":{"text":"With 1 comment","link":"https:\/\/keybox.nl\/da\/vare\/keysecuritybox-sleutelkluis-ksb101a-ksb102a\/#comments"},"img":{"alt_text":"","src":"https:\/\/i0.wp.com\/keybox.nl\/wp-content\/uploads\/2021\/11\/KSB_101_3-scaled-e1638352491754.jpg?resize=350%2C200&ssl=1","width":350,"height":200},"classes":[]}],"jetpack_sharing_enabled":true,"_links":{"self":[{"href":"https:\/\/keybox.nl\/da\/wp-json\/wp\/v2\/product\/1754","targetHints":{"allow":["GET"]}}],"collection":[{"href":"https:\/\/keybox.nl\/da\/wp-json\/wp\/v2\/product"}],"about":[{"href":"https:\/\/keybox.nl\/da\/wp-json\/wp\/v2\/types\/product"}],"replies":[{"embeddable":true,"href":"https:\/\/keybox.nl\/da\/wp-json\/wp\/v2\/comments?post=1754"}],"wp:featuredmedia":[{"embeddable":true,"href":"https:\/\/keybox.nl\/da\/wp-json\/wp\/v2\/media\/1758"}],"wp:attachment":[{"href":"https:\/\/keybox.nl\/da\/wp-json\/wp\/v2\/media?parent=1754"}],"wp:term":[{"taxonomy":"product_brand","embeddable":true,"href":"https:\/\/keybox.nl\/da\/wp-json\/wp\/v2\/product_brand?post=1754"},{"taxonomy":"product_cat","embeddable":true,"href":"https:\/\/keybox.nl\/da\/wp-json\/wp\/v2\/product_cat?post=1754"},{"taxonomy":"product_tag","embeddable":true,"href":"https:\/\/keybox.nl\/da\/wp-json\/wp\/v2\/product_tag?post=1754"}],"curies":[{"name":"wp","href":"https:\/\/api.w.org\/{rel}","templated":true}]}}