{"id":1745,"date":"2024-11-29T14:13:46","date_gmt":"2024-11-29T14:13:46","guid":{"rendered":"https:\/\/keybox.nl\/?post_type=product&#038;p=1745"},"modified":"2024-11-29T14:13:46","modified_gmt":"2024-11-29T14:13:46","slug":"digisafe-19-sleutelplaatsen","status":"publish","type":"product","link":"https:\/\/keybox.nl\/da\/vare\/digisafe-19-sleutelplaatsen\/","title":{"rendered":"Digisafe, 19 vigtige steder"},"content":{"rendered":"<p>Den st\u00f8rste digibox til 19 n\u00f8gler, tags eller chipkort. Alt er sikkert opbevaret i 1 sikker boks! F\u00e5s i to grundfarver og eventuelt i alle RAL-farver mod ekstra betaling.<\/p>\n<h4>Fysiske kendetegn<\/h4>\n<ul>\n<li>Kompakt etui specielt designet til sikker opbevaring og udlevering af n\u00f8gler, chipkort og tags. Passer til op til 19 genstande, der vejer op til 160 g.<\/li>\n<li>Skabets dimensioner er 420 x 420 x 135 mm i bunden og 175 mm i toppen.<\/li>\n<li>V\u00e6gtykkelse p\u00e5 2,5 mm, galvaniseret og pulverlakeret for god rustbeskyttelse.<\/li>\n<li>H\u00e6ngsler i rustfrit st\u00e5l giver lang holdbarhed.<\/li>\n<li>Udstyret med et ekstra stort modtagerrum til n\u00f8gler og kort.<\/li>\n<li>Integreret 55 x 25 mm indgangsslot til nem og sikker indf\u00f8ring af n\u00f8gler og kort.<\/li>\n<li>To standardiserede sikkerhedscylindre med fire medf\u00f8lgende n\u00f8gler.<\/li>\n<li>V\u00e6gt inklusive emballage ca. 18,5 kg.<\/li>\n<\/ul>\n<h4>Elektroniske og funktionelle egenskaber<\/h4>\n<ul>\n<li>Elektrisk tilslutning til 220V AC med et forbrug p\u00e5 6W.<\/li>\n<li>Digisafes kan valgfrit administreres ONLINE via pc, laptop, tablet eller smartphone fra hvor som helst i verden. Det giver uendelige muligheder for tilpasning og brugsscenarier og sikrer, at din n\u00f8gleh\u00e5ndtering altid er optimalt skr\u00e6ddersyet til dine behov. For muligheder og priser, kontakt venligst <a href=\"https:\/\/keybox.nl\/da\/contact\/\">kontakt<\/a> p\u00e5 med Keybox <a href=\"https:\/\/keybox.nl\/da\/contact\/\">for at f\u00e5 et tilbud<\/a>!<\/li>\n<li>Oplyst display med 4\u00d720 tegn, velegnet til brug i svagt lys.<\/li>\n<li>Tastaturstyring med akustisk justerbar feedback.<\/li>\n<li>Justerbare velkomsttekster og underst\u00f8ttelse af flersproget betjening p\u00e5 tysk, fransk, italiensk eller engelsk.<\/li>\n<li>Data forbliver lagret, selv i tilf\u00e6lde af str\u00f8msvigt. Et 12 V-batteri f\u00e5s som ekstraudstyr og giver op til 24 timers beskyttelse mod str\u00f8msvigt.<\/li>\n<\/ul>\n<h4>Drifts- og sikkerhedsfunktioner<\/h4>\n<ul>\n<li>Integrerede tyverisikringsfunktioner giver maksimal sikkerhed for dine n\u00f8gler.<\/li>\n<li>Vejrbestandig konstruktion, designet til at fungere i b\u00e5de ekstremt lave og h\u00f8je temperaturer.<\/li>\n<li>En oplyst outputbakke giver bedre synlighed og brugervenlighed.<\/li>\n<li>Adgangskoden kan programmeres fra fire til 10 tegn, med valgfri sp\u00e6rretider for ekstra sikkerhed.<\/li>\n<\/ul>\n<h4>Farveindstillinger og -justeringer<\/h4>\n<ul>\n<li>Standardfarver f\u00e5s i RAL 1015 lys elfenben og RAL 5010 ensianbl\u00e5.<\/li>\n<li>Andre RAL-farver og tilpasningsmuligheder f\u00e5s mod ekstra betaling.<\/li>\n<\/ul>\n<p>Kontakt <a href=\"https:\/\/keybox.nl\/da\/contact\/\">N\u00f8gleboks<\/a> for yderligere information og et tilbud. Bestil dit sikre n\u00f8gle- og kortstyringssystem i dag fra Keybox.co.uk, din specialist i n\u00f8gleh\u00e5ndteringsl\u00f8sninger.<\/p>\n<p><img decoding=\"async\" class=\"alignnone wp-image-1726\" src=\"http:\/\/keybox.nl\/wp-content\/uploads\/2024\/11\/keybox-digibox_digiboxXLsleutelkast-300x111.jpg\" alt=\"\" width=\"578\" height=\"214\" srcset=\"https:\/\/keybox.nl\/wp-content\/uploads\/2024\/11\/keybox-digibox_digiboxXLsleutelkast-300x111.jpg 300w, https:\/\/keybox.nl\/wp-content\/uploads\/2024\/11\/keybox-digibox_digiboxXLsleutelkast-416x154.jpg 416w, https:\/\/keybox.nl\/wp-content\/uploads\/2024\/11\/keybox-digibox_digiboxXLsleutelkast-768x284.jpg 768w, https:\/\/keybox.nl\/wp-content\/uploads\/2024\/11\/keybox-digibox_digiboxXLsleutelkast-18x7.jpg 18w, https:\/\/keybox.nl\/wp-content\/uploads\/2024\/11\/keybox-digibox_digiboxXLsleutelkast.jpg 1024w\" sizes=\"(max-width: 578px) 100vw, 578px\" \/><\/p>","protected":false},"excerpt":{"rendered":"<p>Den st\u00f8rste digibox til 19 n\u00f8gler, tags eller chipkort.<\/p>","protected":false},"featured_media":1753,"comment_status":"open","ping_status":"closed","template":"","meta":[],"product_brand":[],"product_cat":[57],"product_tag":[76],"class_list":{"0":"post-1745","1":"product","2":"type-product","3":"status-publish","4":"has-post-thumbnail","6":"product_cat-digibox-sleuteluitgifte","7":"product_tag-digibox-groot","9":"first","10":"instock","11":"taxable","12":"shipping-taxable","13":"purchasable","14":"product-type-variable","15":"has-default-attributes"},"yoast_head":"<!-- This site is optimized with the Yoast SEO plugin v27.4 - https:\/\/yoast.com\/product\/yoast-seo-wordpress\/ -->\n<title>Digisafe, 19 sleutelplaatsen -<\/title>\n<meta name=\"robots\" content=\"index, follow, max-snippet:-1, max-image-preview:large, max-video-preview:-1\" \/>\n<link rel=\"canonical\" href=\"https:\/\/keybox.nl\/da\/vare\/digisafe-19-sleutelplaatsen\/\" \/>\n<meta property=\"og:locale\" content=\"da_DK\" \/>\n<meta property=\"og:type\" content=\"article\" \/>\n<meta property=\"og:title\" content=\"Digisafe, 19 sleutelplaatsen -\" \/>\n<meta property=\"og:description\" content=\"De grootste digibox voor 19 sleutels, tags\u00a0 of chipkaarten.\" \/>\n<meta property=\"og:url\" content=\"https:\/\/keybox.nl\/da\/vare\/digisafe-19-sleutelplaatsen\/\" \/>\n<meta property=\"og:image\" content=\"http:\/\/keybox.nl\/wp-content\/uploads\/2024\/11\/digisafe-RAL-1015-keybox.jpg\" \/>\n\t<meta property=\"og:image:width\" content=\"800\" \/>\n\t<meta property=\"og:image:height\" content=\"882\" \/>\n\t<meta property=\"og:image:type\" content=\"image\/jpeg\" \/>\n<meta name=\"twitter:card\" content=\"summary_large_image\" \/>\n<meta name=\"twitter:label1\" content=\"Estimeret l\u00e6setid\" \/>\n\t<meta name=\"twitter:data1\" content=\"3 minutter\" \/>\n<script type=\"application\/ld+json\" class=\"yoast-schema-graph\">{\"@context\":\"https:\\\/\\\/schema.org\",\"@graph\":[{\"@type\":\"WebPage\",\"@id\":\"https:\\\/\\\/keybox.nl\\\/product\\\/digisafe-19-sleutelplaatsen\\\/\",\"url\":\"https:\\\/\\\/keybox.nl\\\/product\\\/digisafe-19-sleutelplaatsen\\\/\",\"name\":\"Digisafe, 19 sleutelplaatsen -\",\"isPartOf\":{\"@id\":\"https:\\\/\\\/keybox.nl\\\/#website\"},\"primaryImageOfPage\":{\"@id\":\"https:\\\/\\\/keybox.nl\\\/product\\\/digisafe-19-sleutelplaatsen\\\/#primaryimage\"},\"image\":{\"@id\":\"https:\\\/\\\/keybox.nl\\\/product\\\/digisafe-19-sleutelplaatsen\\\/#primaryimage\"},\"thumbnailUrl\":\"https:\\\/\\\/keybox.nl\\\/wp-content\\\/uploads\\\/2024\\\/11\\\/digisafe-RAL-1015-keybox.jpg\",\"datePublished\":\"2024-11-29T14:13:46+00:00\",\"breadcrumb\":{\"@id\":\"https:\\\/\\\/keybox.nl\\\/product\\\/digisafe-19-sleutelplaatsen\\\/#breadcrumb\"},\"inLanguage\":\"da-DK\",\"potentialAction\":[{\"@type\":\"ReadAction\",\"target\":[\"https:\\\/\\\/keybox.nl\\\/product\\\/digisafe-19-sleutelplaatsen\\\/\"]}]},{\"@type\":\"ImageObject\",\"inLanguage\":\"da-DK\",\"@id\":\"https:\\\/\\\/keybox.nl\\\/product\\\/digisafe-19-sleutelplaatsen\\\/#primaryimage\",\"url\":\"https:\\\/\\\/keybox.nl\\\/wp-content\\\/uploads\\\/2024\\\/11\\\/digisafe-RAL-1015-keybox.jpg\",\"contentUrl\":\"https:\\\/\\\/keybox.nl\\\/wp-content\\\/uploads\\\/2024\\\/11\\\/digisafe-RAL-1015-keybox.jpg\",\"width\":800,\"height\":882},{\"@type\":\"BreadcrumbList\",\"@id\":\"https:\\\/\\\/keybox.nl\\\/product\\\/digisafe-19-sleutelplaatsen\\\/#breadcrumb\",\"itemListElement\":[{\"@type\":\"ListItem\",\"position\":1,\"name\":\"Home\",\"item\":\"https:\\\/\\\/keybox.nl\\\/\"},{\"@type\":\"ListItem\",\"position\":2,\"name\":\"Beveiligde sleutelkastjes kopen\",\"item\":\"https:\\\/\\\/keybox.nl\\\/\"},{\"@type\":\"ListItem\",\"position\":3,\"name\":\"Digisafe, 19 sleutelplaatsen\"}]},{\"@type\":\"WebSite\",\"@id\":\"https:\\\/\\\/keybox.nl\\\/#website\",\"url\":\"https:\\\/\\\/keybox.nl\\\/\",\"name\":\"\",\"description\":\"\",\"potentialAction\":[{\"@type\":\"SearchAction\",\"target\":{\"@type\":\"EntryPoint\",\"urlTemplate\":\"https:\\\/\\\/keybox.nl\\\/?s={search_term_string}\"},\"query-input\":{\"@type\":\"PropertyValueSpecification\",\"valueRequired\":true,\"valueName\":\"search_term_string\"}}],\"inLanguage\":\"da-DK\"}]}<\/script>\n<!-- \/ Yoast SEO plugin. -->","yoast_head_json":{"title":"Digisafe, 19 vigtige steder -","robots":{"index":"index","follow":"follow","max-snippet":"max-snippet:-1","max-image-preview":"max-image-preview:large","max-video-preview":"max-video-preview:-1"},"canonical":"https:\/\/keybox.nl\/da\/vare\/digisafe-19-sleutelplaatsen\/","og_locale":"da_DK","og_type":"article","og_title":"Digisafe, 19 sleutelplaatsen -","og_description":"De grootste digibox voor 19 sleutels, tags\u00a0 of chipkaarten.","og_url":"https:\/\/keybox.nl\/da\/vare\/digisafe-19-sleutelplaatsen\/","og_image":[{"width":800,"height":882,"url":"http:\/\/keybox.nl\/wp-content\/uploads\/2024\/11\/digisafe-RAL-1015-keybox.jpg","type":"image\/jpeg"}],"twitter_card":"summary_large_image","twitter_misc":{"Estimeret l\u00e6setid":"3 minutter"},"schema":{"@context":"https:\/\/schema.org","@graph":[{"@type":"WebPage","@id":"https:\/\/keybox.nl\/product\/digisafe-19-sleutelplaatsen\/","url":"https:\/\/keybox.nl\/product\/digisafe-19-sleutelplaatsen\/","name":"Digisafe, 19 vigtige steder -","isPartOf":{"@id":"https:\/\/keybox.nl\/#website"},"primaryImageOfPage":{"@id":"https:\/\/keybox.nl\/product\/digisafe-19-sleutelplaatsen\/#primaryimage"},"image":{"@id":"https:\/\/keybox.nl\/product\/digisafe-19-sleutelplaatsen\/#primaryimage"},"thumbnailUrl":"https:\/\/keybox.nl\/wp-content\/uploads\/2024\/11\/digisafe-RAL-1015-keybox.jpg","datePublished":"2024-11-29T14:13:46+00:00","breadcrumb":{"@id":"https:\/\/keybox.nl\/product\/digisafe-19-sleutelplaatsen\/#breadcrumb"},"inLanguage":"da-DK","potentialAction":[{"@type":"ReadAction","target":["https:\/\/keybox.nl\/product\/digisafe-19-sleutelplaatsen\/"]}]},{"@type":"ImageObject","inLanguage":"da-DK","@id":"https:\/\/keybox.nl\/product\/digisafe-19-sleutelplaatsen\/#primaryimage","url":"https:\/\/keybox.nl\/wp-content\/uploads\/2024\/11\/digisafe-RAL-1015-keybox.jpg","contentUrl":"https:\/\/keybox.nl\/wp-content\/uploads\/2024\/11\/digisafe-RAL-1015-keybox.jpg","width":800,"height":882},{"@type":"BreadcrumbList","@id":"https:\/\/keybox.nl\/product\/digisafe-19-sleutelplaatsen\/#breadcrumb","itemListElement":[{"@type":"ListItem","position":1,"name":"Home","item":"https:\/\/keybox.nl\/"},{"@type":"ListItem","position":2,"name":"Beveiligde sleutelkastjes kopen","item":"https:\/\/keybox.nl\/"},{"@type":"ListItem","position":3,"name":"Digisafe, 19 sleutelplaatsen"}]},{"@type":"WebSite","@id":"https:\/\/keybox.nl\/#website","url":"https:\/\/keybox.nl\/","name":"","description":"","potentialAction":[{"@type":"SearchAction","target":{"@type":"EntryPoint","urlTemplate":"https:\/\/keybox.nl\/?s={search_term_string}"},"query-input":{"@type":"PropertyValueSpecification","valueRequired":true,"valueName":"search_term_string"}}],"inLanguage":"da-DK"}]}},"jetpack-related-posts":[{"id":1754,"url":"https:\/\/keybox.nl\/da\/vare\/in-box-digibox\/","url_meta":{"origin":1745,"position":0},"title":"Digiboks i boksen","author":"Elric Drost","date":"29 november 2024","format":false,"excerpt":"Rummelig, sikker drop-in-boks til n\u00f8gler eller kuverter.","rel":"","context":"Similar post","block_context":{"text":"Similar post","link":""},"img":{"alt_text":"","src":"https:\/\/i0.wp.com\/keybox.nl\/wp-content\/uploads\/2024\/11\/in-box-digibox-keybox2021blauw.jpg?resize=350%2C200&ssl=1","width":350,"height":200,"srcset":"https:\/\/i0.wp.com\/keybox.nl\/wp-content\/uploads\/2024\/11\/in-box-digibox-keybox2021blauw.jpg?resize=350%2C200&ssl=1 1x, https:\/\/i0.wp.com\/keybox.nl\/wp-content\/uploads\/2024\/11\/in-box-digibox-keybox2021blauw.jpg?resize=525%2C300&ssl=1 1.5x, https:\/\/i0.wp.com\/keybox.nl\/wp-content\/uploads\/2024\/11\/in-box-digibox-keybox2021blauw.jpg?resize=700%2C400&ssl=1 2x"},"classes":[]},{"id":1690,"url":"https:\/\/keybox.nl\/da\/vare\/digibox-xl-7-sleutelhaken\/","url_meta":{"origin":1745,"position":1},"title":"Digibox XL 7 n\u00f8glekroge","author":"Keybox@beheermodule","date":"2 november 2024","format":false,"excerpt":"Ekstra rummelig Digibox XL","rel":"","context":"Similar post","block_context":{"text":"Similar post","link":""},"img":{"alt_text":"main","src":"https:\/\/i0.wp.com\/keybox.nl\/wp-content\/uploads\/2024\/03\/keybox-sho61f00882f1913_digiboxXLRAL5010.jpg?resize=350%2C200&ssl=1","width":350,"height":200,"srcset":"https:\/\/i0.wp.com\/keybox.nl\/wp-content\/uploads\/2024\/03\/keybox-sho61f00882f1913_digiboxXLRAL5010.jpg?resize=350%2C200&ssl=1 1x, https:\/\/i0.wp.com\/keybox.nl\/wp-content\/uploads\/2024\/03\/keybox-sho61f00882f1913_digiboxXLRAL5010.jpg?resize=525%2C300&ssl=1 1.5x, https:\/\/i0.wp.com\/keybox.nl\/wp-content\/uploads\/2024\/03\/keybox-sho61f00882f1913_digiboxXLRAL5010.jpg?resize=700%2C400&ssl=1 2x"},"classes":[]},{"id":297,"url":"https:\/\/keybox.nl\/da\/vare\/digibox-7-sleutelhaken\/","url_meta":{"origin":1745,"position":2},"title":"Digibox 7 n\u00f8glekroge","author":"Keybox@beheermodule","date":"18 februar 2022","format":false,"excerpt":"Sikker h\u00e5ndtering af dine n\u00f8gler med 7 n\u00f8glepositioner.","rel":"","context":"Similar post","block_context":{"text":"Similar post","link":""},"img":{"alt_text":"","src":"https:\/\/i0.wp.com\/keybox.nl\/wp-content\/uploads\/2022\/02\/Digibox-7-haken-Keybox-e1645195424393.jpg?resize=350%2C200&ssl=1","width":350,"height":200},"classes":[]},{"id":1812,"url":"https:\/\/keybox.nl\/da\/vare\/drs-vector-combi-keysafe\/","url_meta":{"origin":1745,"position":3},"title":"DRS Vector Combi N\u00f8gleskab","author":"Elric Drost","date":"21 januar 2025","format":false,"excerpt":"Perfekt til professionel brug.","rel":"","context":"Similar post","block_context":{"text":"Similar post","link":""},"img":{"alt_text":"","src":"https:\/\/i0.wp.com\/keybox.nl\/wp-content\/uploads\/2025\/01\/DRS-Vector-Combi-Keysafe-keybox.jpg?resize=350%2C200&ssl=1","width":350,"height":200,"srcset":"https:\/\/i0.wp.com\/keybox.nl\/wp-content\/uploads\/2025\/01\/DRS-Vector-Combi-Keysafe-keybox.jpg?resize=350%2C200&ssl=1 1x, https:\/\/i0.wp.com\/keybox.nl\/wp-content\/uploads\/2025\/01\/DRS-Vector-Combi-Keysafe-keybox.jpg?resize=525%2C300&ssl=1 1.5x, https:\/\/i0.wp.com\/keybox.nl\/wp-content\/uploads\/2025\/01\/DRS-Vector-Combi-Keysafe-keybox.jpg?resize=700%2C400&ssl=1 2x, https:\/\/i0.wp.com\/keybox.nl\/wp-content\/uploads\/2025\/01\/DRS-Vector-Combi-Keysafe-keybox.jpg?resize=1050%2C600&ssl=1 3x"},"classes":[]},{"id":1782,"url":"https:\/\/keybox.nl\/da\/vare\/keysafe-p500\/","url_meta":{"origin":1745,"position":4},"title":"Keysafe P500","author":"Elric Drost","date":"13 december 2024","format":false,"excerpt":"Det mest sikre minin\u00f8gleskab p\u00e5 markedet.","rel":"","context":"Similar post","block_context":{"text":"Similar post","link":""},"img":{"alt_text":"","src":"https:\/\/i0.wp.com\/keybox.nl\/wp-content\/uploads\/2024\/12\/boite-a-cle-keysafe-pro-grand-format.jpg?resize=350%2C200&ssl=1","width":350,"height":200},"classes":[]},{"id":36,"url":"https:\/\/keybox.nl\/da\/vare\/ksb101-ksb102-sleutelkluis\/","url_meta":{"origin":1745,"position":5},"title":"N\u00f8glesikkerhedsboks KSB101, KSB102 n\u00f8gleskab","author":"Keybox@beheermodule","date":"30 november 2021","format":false,"excerpt":"N\u00f8glesikringsboks KSB101 &amp; KSB102 Et pengeskab i to versioner: indskudshjul til venstre eller h\u00f8jre","rel":"","context":"With 1 comment","block_context":{"text":"With 1 comment","link":"https:\/\/keybox.nl\/da\/vare\/ksb101-ksb102-sleutelkluis\/#comments"},"img":{"alt_text":"","src":"https:\/\/i0.wp.com\/keybox.nl\/wp-content\/uploads\/2021\/11\/KSB_101_3-scaled-e1638352491754.jpg?resize=350%2C200&ssl=1","width":350,"height":200},"classes":[]}],"jetpack_sharing_enabled":true,"_links":{"self":[{"href":"https:\/\/keybox.nl\/da\/wp-json\/wp\/v2\/product\/1745","targetHints":{"allow":["GET"]}}],"collection":[{"href":"https:\/\/keybox.nl\/da\/wp-json\/wp\/v2\/product"}],"about":[{"href":"https:\/\/keybox.nl\/da\/wp-json\/wp\/v2\/types\/product"}],"replies":[{"embeddable":true,"href":"https:\/\/keybox.nl\/da\/wp-json\/wp\/v2\/comments?post=1745"}],"wp:featuredmedia":[{"embeddable":true,"href":"https:\/\/keybox.nl\/da\/wp-json\/wp\/v2\/media\/1753"}],"wp:attachment":[{"href":"https:\/\/keybox.nl\/da\/wp-json\/wp\/v2\/media?parent=1745"}],"wp:term":[{"taxonomy":"product_brand","embeddable":true,"href":"https:\/\/keybox.nl\/da\/wp-json\/wp\/v2\/product_brand?post=1745"},{"taxonomy":"product_cat","embeddable":true,"href":"https:\/\/keybox.nl\/da\/wp-json\/wp\/v2\/product_cat?post=1745"},{"taxonomy":"product_tag","embeddable":true,"href":"https:\/\/keybox.nl\/da\/wp-json\/wp\/v2\/product_tag?post=1745"}],"curies":[{"name":"wp","href":"https:\/\/api.w.org\/{rel}","templated":true}]}}