{"id":1728,"date":"2024-11-23T13:17:31","date_gmt":"2024-11-23T13:17:31","guid":{"rendered":"https:\/\/keybox.nl\/?post_type=product&#038;p=1728"},"modified":"2024-11-23T13:17:31","modified_gmt":"2024-11-23T13:17:31","slug":"digibox-gt","status":"publish","type":"product","link":"https:\/\/keybox.nl\/da\/vare\/digibox-gt\/","title":{"rendered":"Digibox GT"},"content":{"rendered":"<h4>Digibox GT 8 n\u00f8gler\/n\u00f8glekort kapacitet<\/h4>\n<p>Robust n\u00f8gleskab med hus med 8 rum, frontindgang som en Digisafe.<\/p>\n<h4>Fysiske kendetegn<\/h4>\n<ul>\n<li>Kapacitet til sikker overf\u00f8rsel af 8 n\u00f8gler, chipkort, magnetkort eller forskellige varer med en maksimal st\u00f8rrelse p\u00e5 130x30x100 mm og en v\u00e6gt p\u00e5 op til 160 g.<\/li>\n<li>Husets dimensioner er 460 x 460 x 200 mm i bunden og 250 mm i toppen.<\/li>\n<li>V\u00e6gtykkelse p\u00e5 2,5 mm for ekstra styrke.<\/li>\n<li>Huset er galvaniseret og pulverlakeret for langvarig beskyttelse mod rust.<\/li>\n<li>H\u00e6ngsler i rustfrit st\u00e5l for holdbarhed.<\/li>\n<li>V\u00e6gt inklusive emballage 26 kg.<\/li>\n<li>Udstyret med to standardiserede sikkerhedscylindre med fire medf\u00f8lgende n\u00f8gler.<\/li>\n<li>Integreret 110 x 40 mm indf\u00f8rings\u00e5bning til nem indf\u00f8ring af n\u00f8gler eller varer.<\/li>\n<\/ul>\n<h4>Elektroniske og funktionelle egenskaber<\/h4>\n<ul>\n<li>K\u00f8rer p\u00e5 18V DC med et forbrug p\u00e5 3W, inklusive str\u00f8madapter.<\/li>\n<li>Belyst display med 2\u00d716 tegn for tydelig l\u00e6sbarhed under forskellige lysforhold.<\/li>\n<li>Tastaturbetjening med justerbar akustisk feedback.<\/li>\n<li>Programmerbar adgangskode p\u00e5 fire til 10 tegn med valgfri sp\u00e6rretid for \u00f8get sikkerhed.<\/li>\n<li>Flersproget support p\u00e5 tysk, fransk, italiensk eller engelsk.<\/li>\n<li>Hukommelsen sikrer, at data bevares, selv i tilf\u00e6lde af str\u00f8msvigt.<\/li>\n<\/ul>\n<h4>Drifts- og sikkerhedsfunktioner<\/h4>\n<ul>\n<li>Integrerede tyverisikringsfunktioner.<\/li>\n<li>Designet til holdbarhed i ekstreme temperaturer, vandt\u00e6t og vejrbestandig.<\/li>\n<li>Digibox 7 XL n\u00f8gleskabe kan valgfrit administreres ONLINE via pc, laptop, tablet eller smartphone fra hvor som helst i verden. Det giver uendelige muligheder for tilpasning og brugsscenarier, s\u00e5 din n\u00f8gleh\u00e5ndtering altid er optimalt skr\u00e6ddersyet til dine behov. For muligheder og priser, kontakt venligst <a href=\"https:\/\/keybox.nl\/da\/contact\/\">kontakt<\/a> p\u00e5 med Keybox <a href=\"https:\/\/keybox.nl\/da\/contact\/\">for at f\u00e5 et tilbud<\/a>!<\/li>\n<\/ul>\n<h4>Farveindstillinger og -justeringer<\/h4>\n<ul>\n<li>2 Standardfarver til r\u00e5dighed, RAL 1015 lys elfenben og RAL 5010 ensianbl\u00e5.<\/li>\n<li>Andre RAL-farver f\u00e5s mod ekstra betaling.<\/li>\n<\/ul>\n<p>&nbsp;<\/p>\n<p>Kontakt Keybox for mere information <a href=\"https:\/\/keybox.nl\/da\/contact\/\">information og tilbud<\/a>. Du skal blot bestille Digibox Key Safe fra <a href=\"https:\/\/keybox.nl\/da\/\">Keybox.co.uk<\/a>, den p\u00e5lidelige specialist i sikker n\u00f8gleh\u00e5ndtering.<\/p>","protected":false},"excerpt":{"rendered":"<p>Digibox GT 8 n\u00f8gler\/n\u00f8glekort kapacitet<\/p>","protected":false},"featured_media":1730,"comment_status":"open","ping_status":"closed","template":"","meta":[],"product_brand":[],"product_cat":[57],"product_tag":[76,78],"class_list":{"0":"post-1728","1":"product","2":"type-product","3":"status-publish","4":"has-post-thumbnail","6":"product_cat-digibox-sleuteluitgifte","7":"product_tag-digibox-groot","8":"product_tag-digitaal-sleutelbeheersysteem","10":"first","11":"instock","12":"taxable","13":"shipping-taxable","14":"purchasable","15":"product-type-variable","16":"has-default-attributes"},"yoast_head":"<!-- This site is optimized with the Yoast SEO plugin v27.4 - https:\/\/yoast.com\/product\/yoast-seo-wordpress\/ -->\n<title>Digibox GT -<\/title>\n<meta name=\"robots\" content=\"index, follow, max-snippet:-1, max-image-preview:large, max-video-preview:-1\" \/>\n<link rel=\"canonical\" href=\"https:\/\/keybox.nl\/da\/vare\/digibox-gt\/\" \/>\n<meta property=\"og:locale\" content=\"da_DK\" \/>\n<meta property=\"og:type\" content=\"article\" \/>\n<meta property=\"og:title\" content=\"Digibox GT -\" \/>\n<meta property=\"og:description\" content=\"Digibox GT 8 sleutel\/keycard capaciteit\" \/>\n<meta property=\"og:url\" content=\"https:\/\/keybox.nl\/da\/vare\/digibox-gt\/\" \/>\n<meta property=\"og:image\" content=\"http:\/\/keybox.nl\/wp-content\/uploads\/2024\/11\/keybox-digiboxGT32-300.jpg\" \/>\n\t<meta property=\"og:image:width\" content=\"800\" \/>\n\t<meta property=\"og:image:height\" content=\"890\" \/>\n\t<meta property=\"og:image:type\" content=\"image\/jpeg\" \/>\n<meta name=\"twitter:card\" content=\"summary_large_image\" \/>\n<meta name=\"twitter:label1\" content=\"Estimeret l\u00e6setid\" \/>\n\t<meta name=\"twitter:data1\" content=\"2 minutter\" \/>\n<script type=\"application\/ld+json\" class=\"yoast-schema-graph\">{\"@context\":\"https:\\\/\\\/schema.org\",\"@graph\":[{\"@type\":\"WebPage\",\"@id\":\"https:\\\/\\\/keybox.nl\\\/product\\\/digibox-gt\\\/\",\"url\":\"https:\\\/\\\/keybox.nl\\\/product\\\/digibox-gt\\\/\",\"name\":\"Digibox GT -\",\"isPartOf\":{\"@id\":\"https:\\\/\\\/keybox.nl\\\/#website\"},\"primaryImageOfPage\":{\"@id\":\"https:\\\/\\\/keybox.nl\\\/product\\\/digibox-gt\\\/#primaryimage\"},\"image\":{\"@id\":\"https:\\\/\\\/keybox.nl\\\/product\\\/digibox-gt\\\/#primaryimage\"},\"thumbnailUrl\":\"https:\\\/\\\/keybox.nl\\\/wp-content\\\/uploads\\\/2024\\\/11\\\/keybox-digiboxGT32-300.jpg\",\"datePublished\":\"2024-11-23T13:17:31+00:00\",\"breadcrumb\":{\"@id\":\"https:\\\/\\\/keybox.nl\\\/product\\\/digibox-gt\\\/#breadcrumb\"},\"inLanguage\":\"da-DK\",\"potentialAction\":[{\"@type\":\"ReadAction\",\"target\":[\"https:\\\/\\\/keybox.nl\\\/product\\\/digibox-gt\\\/\"]}]},{\"@type\":\"ImageObject\",\"inLanguage\":\"da-DK\",\"@id\":\"https:\\\/\\\/keybox.nl\\\/product\\\/digibox-gt\\\/#primaryimage\",\"url\":\"https:\\\/\\\/keybox.nl\\\/wp-content\\\/uploads\\\/2024\\\/11\\\/keybox-digiboxGT32-300.jpg\",\"contentUrl\":\"https:\\\/\\\/keybox.nl\\\/wp-content\\\/uploads\\\/2024\\\/11\\\/keybox-digiboxGT32-300.jpg\",\"width\":800,\"height\":890,\"caption\":\"main\"},{\"@type\":\"BreadcrumbList\",\"@id\":\"https:\\\/\\\/keybox.nl\\\/product\\\/digibox-gt\\\/#breadcrumb\",\"itemListElement\":[{\"@type\":\"ListItem\",\"position\":1,\"name\":\"Home\",\"item\":\"https:\\\/\\\/keybox.nl\\\/\"},{\"@type\":\"ListItem\",\"position\":2,\"name\":\"Beveiligde sleutelkastjes kopen\",\"item\":\"https:\\\/\\\/keybox.nl\\\/\"},{\"@type\":\"ListItem\",\"position\":3,\"name\":\"Digibox GT\"}]},{\"@type\":\"WebSite\",\"@id\":\"https:\\\/\\\/keybox.nl\\\/#website\",\"url\":\"https:\\\/\\\/keybox.nl\\\/\",\"name\":\"\",\"description\":\"\",\"potentialAction\":[{\"@type\":\"SearchAction\",\"target\":{\"@type\":\"EntryPoint\",\"urlTemplate\":\"https:\\\/\\\/keybox.nl\\\/?s={search_term_string}\"},\"query-input\":{\"@type\":\"PropertyValueSpecification\",\"valueRequired\":true,\"valueName\":\"search_term_string\"}}],\"inLanguage\":\"da-DK\"}]}<\/script>\n<!-- \/ Yoast SEO plugin. -->","yoast_head_json":{"title":"Digibox GT","robots":{"index":"index","follow":"follow","max-snippet":"max-snippet:-1","max-image-preview":"max-image-preview:large","max-video-preview":"max-video-preview:-1"},"canonical":"https:\/\/keybox.nl\/da\/vare\/digibox-gt\/","og_locale":"da_DK","og_type":"article","og_title":"Digibox GT -","og_description":"Digibox GT 8 sleutel\/keycard capaciteit","og_url":"https:\/\/keybox.nl\/da\/vare\/digibox-gt\/","og_image":[{"width":800,"height":890,"url":"http:\/\/keybox.nl\/wp-content\/uploads\/2024\/11\/keybox-digiboxGT32-300.jpg","type":"image\/jpeg"}],"twitter_card":"summary_large_image","twitter_misc":{"Estimeret l\u00e6setid":"2 minutter"},"schema":{"@context":"https:\/\/schema.org","@graph":[{"@type":"WebPage","@id":"https:\/\/keybox.nl\/product\/digibox-gt\/","url":"https:\/\/keybox.nl\/product\/digibox-gt\/","name":"Digibox GT","isPartOf":{"@id":"https:\/\/keybox.nl\/#website"},"primaryImageOfPage":{"@id":"https:\/\/keybox.nl\/product\/digibox-gt\/#primaryimage"},"image":{"@id":"https:\/\/keybox.nl\/product\/digibox-gt\/#primaryimage"},"thumbnailUrl":"https:\/\/keybox.nl\/wp-content\/uploads\/2024\/11\/keybox-digiboxGT32-300.jpg","datePublished":"2024-11-23T13:17:31+00:00","breadcrumb":{"@id":"https:\/\/keybox.nl\/product\/digibox-gt\/#breadcrumb"},"inLanguage":"da-DK","potentialAction":[{"@type":"ReadAction","target":["https:\/\/keybox.nl\/product\/digibox-gt\/"]}]},{"@type":"ImageObject","inLanguage":"da-DK","@id":"https:\/\/keybox.nl\/product\/digibox-gt\/#primaryimage","url":"https:\/\/keybox.nl\/wp-content\/uploads\/2024\/11\/keybox-digiboxGT32-300.jpg","contentUrl":"https:\/\/keybox.nl\/wp-content\/uploads\/2024\/11\/keybox-digiboxGT32-300.jpg","width":800,"height":890,"caption":"main"},{"@type":"BreadcrumbList","@id":"https:\/\/keybox.nl\/product\/digibox-gt\/#breadcrumb","itemListElement":[{"@type":"ListItem","position":1,"name":"Home","item":"https:\/\/keybox.nl\/"},{"@type":"ListItem","position":2,"name":"Beveiligde sleutelkastjes kopen","item":"https:\/\/keybox.nl\/"},{"@type":"ListItem","position":3,"name":"Digibox GT"}]},{"@type":"WebSite","@id":"https:\/\/keybox.nl\/#website","url":"https:\/\/keybox.nl\/","name":"","description":"","potentialAction":[{"@type":"SearchAction","target":{"@type":"EntryPoint","urlTemplate":"https:\/\/keybox.nl\/?s={search_term_string}"},"query-input":{"@type":"PropertyValueSpecification","valueRequired":true,"valueName":"search_term_string"}}],"inLanguage":"da-DK"}]}},"jetpack-related-posts":[{"id":1754,"url":"https:\/\/keybox.nl\/da\/vare\/in-box-digibox\/","url_meta":{"origin":1728,"position":0},"title":"Digiboks i boksen","author":"Elric Drost","date":"29 november 2024","format":false,"excerpt":"Rummelig, sikker drop-in-boks til n\u00f8gler eller kuverter.","rel":"","context":"Similar post","block_context":{"text":"Similar post","link":""},"img":{"alt_text":"","src":"https:\/\/i0.wp.com\/keybox.nl\/wp-content\/uploads\/2024\/11\/in-box-digibox-keybox2021blauw.jpg?resize=350%2C200&ssl=1","width":350,"height":200,"srcset":"https:\/\/i0.wp.com\/keybox.nl\/wp-content\/uploads\/2024\/11\/in-box-digibox-keybox2021blauw.jpg?resize=350%2C200&ssl=1 1x, https:\/\/i0.wp.com\/keybox.nl\/wp-content\/uploads\/2024\/11\/in-box-digibox-keybox2021blauw.jpg?resize=525%2C300&ssl=1 1.5x, https:\/\/i0.wp.com\/keybox.nl\/wp-content\/uploads\/2024\/11\/in-box-digibox-keybox2021blauw.jpg?resize=700%2C400&ssl=1 2x"},"classes":[]},{"id":1745,"url":"https:\/\/keybox.nl\/da\/vare\/digisafe-19-sleutelplaatsen\/","url_meta":{"origin":1728,"position":1},"title":"Digisafe, 19 vigtige steder","author":"Elric Drost","date":"29 november 2024","format":false,"excerpt":"Den st\u00f8rste digibox til 19 n\u00f8gler, tags eller chipkort.","rel":"","context":"Similar post","block_context":{"text":"Similar post","link":""},"img":{"alt_text":"","src":"https:\/\/i0.wp.com\/keybox.nl\/wp-content\/uploads\/2024\/11\/digisafe-RAL-1015-keybox.jpg?resize=350%2C200&ssl=1","width":350,"height":200,"srcset":"https:\/\/i0.wp.com\/keybox.nl\/wp-content\/uploads\/2024\/11\/digisafe-RAL-1015-keybox.jpg?resize=350%2C200&ssl=1 1x, https:\/\/i0.wp.com\/keybox.nl\/wp-content\/uploads\/2024\/11\/digisafe-RAL-1015-keybox.jpg?resize=525%2C300&ssl=1 1.5x, https:\/\/i0.wp.com\/keybox.nl\/wp-content\/uploads\/2024\/11\/digisafe-RAL-1015-keybox.jpg?resize=700%2C400&ssl=1 2x"},"classes":[]},{"id":297,"url":"https:\/\/keybox.nl\/da\/vare\/digibox-7-sleutelhaken\/","url_meta":{"origin":1728,"position":2},"title":"Digibox 7 n\u00f8glekroge","author":"Keybox@beheermodule","date":"18 februar 2022","format":false,"excerpt":"Sikker h\u00e5ndtering af dine n\u00f8gler med 7 n\u00f8glepositioner.","rel":"","context":"Similar post","block_context":{"text":"Similar post","link":""},"img":{"alt_text":"","src":"https:\/\/i0.wp.com\/keybox.nl\/wp-content\/uploads\/2022\/02\/Digibox-7-haken-Keybox-e1645195424393.jpg?resize=350%2C200&ssl=1","width":350,"height":200},"classes":[]},{"id":1690,"url":"https:\/\/keybox.nl\/da\/vare\/digibox-xl-7-sleutelhaken\/","url_meta":{"origin":1728,"position":3},"title":"Digibox XL 7 n\u00f8glekroge","author":"Keybox@beheermodule","date":"2 november 2024","format":false,"excerpt":"Ekstra rummelig Digibox XL","rel":"","context":"Similar post","block_context":{"text":"Similar post","link":""},"img":{"alt_text":"main","src":"https:\/\/i0.wp.com\/keybox.nl\/wp-content\/uploads\/2024\/03\/keybox-sho61f00882f1913_digiboxXLRAL5010.jpg?resize=350%2C200&ssl=1","width":350,"height":200,"srcset":"https:\/\/i0.wp.com\/keybox.nl\/wp-content\/uploads\/2024\/03\/keybox-sho61f00882f1913_digiboxXLRAL5010.jpg?resize=350%2C200&ssl=1 1x, https:\/\/i0.wp.com\/keybox.nl\/wp-content\/uploads\/2024\/03\/keybox-sho61f00882f1913_digiboxXLRAL5010.jpg?resize=525%2C300&ssl=1 1.5x, https:\/\/i0.wp.com\/keybox.nl\/wp-content\/uploads\/2024\/03\/keybox-sho61f00882f1913_digiboxXLRAL5010.jpg?resize=700%2C400&ssl=1 2x"},"classes":[]},{"id":1782,"url":"https:\/\/keybox.nl\/da\/vare\/keysafe-p500\/","url_meta":{"origin":1728,"position":4},"title":"Keysafe P500","author":"Elric Drost","date":"13 december 2024","format":false,"excerpt":"Det mest sikre minin\u00f8gleskab p\u00e5 markedet.","rel":"","context":"Similar post","block_context":{"text":"Similar post","link":""},"img":{"alt_text":"","src":"https:\/\/i0.wp.com\/keybox.nl\/wp-content\/uploads\/2024\/12\/boite-a-cle-keysafe-pro-grand-format.jpg?resize=350%2C200&ssl=1","width":350,"height":200},"classes":[]},{"id":1822,"url":"https:\/\/keybox.nl\/da\/vare\/keysafe-gce\/","url_meta":{"origin":1728,"position":5},"title":"Keysafe GCE","author":"Elric Drost","date":"26 januar 2025","format":false,"excerpt":"V\u00e6lg mellem 3 modeller.","rel":"","context":"Similar post","block_context":{"text":"Similar post","link":""},"img":{"alt_text":"","src":"https:\/\/i0.wp.com\/keybox.nl\/wp-content\/uploads\/2025\/01\/9858a0f7e85097eb90f56de1f00f8269.jpg?resize=350%2C200&ssl=1","width":350,"height":200,"srcset":"https:\/\/i0.wp.com\/keybox.nl\/wp-content\/uploads\/2025\/01\/9858a0f7e85097eb90f56de1f00f8269.jpg?resize=350%2C200&ssl=1 1x, https:\/\/i0.wp.com\/keybox.nl\/wp-content\/uploads\/2025\/01\/9858a0f7e85097eb90f56de1f00f8269.jpg?resize=525%2C300&ssl=1 1.5x, https:\/\/i0.wp.com\/keybox.nl\/wp-content\/uploads\/2025\/01\/9858a0f7e85097eb90f56de1f00f8269.jpg?resize=700%2C400&ssl=1 2x, https:\/\/i0.wp.com\/keybox.nl\/wp-content\/uploads\/2025\/01\/9858a0f7e85097eb90f56de1f00f8269.jpg?resize=1050%2C600&ssl=1 3x, https:\/\/i0.wp.com\/keybox.nl\/wp-content\/uploads\/2025\/01\/9858a0f7e85097eb90f56de1f00f8269.jpg?resize=1400%2C800&ssl=1 4x"},"classes":[]}],"jetpack_sharing_enabled":true,"_links":{"self":[{"href":"https:\/\/keybox.nl\/da\/wp-json\/wp\/v2\/product\/1728","targetHints":{"allow":["GET"]}}],"collection":[{"href":"https:\/\/keybox.nl\/da\/wp-json\/wp\/v2\/product"}],"about":[{"href":"https:\/\/keybox.nl\/da\/wp-json\/wp\/v2\/types\/product"}],"replies":[{"embeddable":true,"href":"https:\/\/keybox.nl\/da\/wp-json\/wp\/v2\/comments?post=1728"}],"wp:featuredmedia":[{"embeddable":true,"href":"https:\/\/keybox.nl\/da\/wp-json\/wp\/v2\/media\/1730"}],"wp:attachment":[{"href":"https:\/\/keybox.nl\/da\/wp-json\/wp\/v2\/media?parent=1728"}],"wp:term":[{"taxonomy":"product_brand","embeddable":true,"href":"https:\/\/keybox.nl\/da\/wp-json\/wp\/v2\/product_brand?post=1728"},{"taxonomy":"product_cat","embeddable":true,"href":"https:\/\/keybox.nl\/da\/wp-json\/wp\/v2\/product_cat?post=1728"},{"taxonomy":"product_tag","embeddable":true,"href":"https:\/\/keybox.nl\/da\/wp-json\/wp\/v2\/product_tag?post=1728"}],"curies":[{"name":"wp","href":"https:\/\/api.w.org\/{rel}","templated":true}]}}