{"id":122,"date":"2021-12-14T19:40:09","date_gmt":"2021-12-14T19:40:09","guid":{"rendered":"http:\/\/keybox.nl\/?post_type=product&#038;p=122"},"modified":"2025-11-26T09:37:55","modified_gmt":"2025-11-26T09:37:55","slug":"keysecuritybox-ksb105","status":"publish","type":"product","link":"https:\/\/keybox.nl\/da\/vare\/keysecuritybox-ksb105\/","title":{"rendered":"N\u00f8glesikkerhedsboks KSB105"},"content":{"rendered":"<h2>Keysecurity-boksen KSB105<\/h2>\n<p>Den enkleste og sikreste l\u00f8sning til opbevaring af n\u00f8gler og n\u00f8glekort 24\/7 - denne smarte, robuste og prisvenlige dropbox bruges af tusindvis af virksomheder.<\/p>\n<p>KSB105 er en solid forankringsp\u00e6l, hvorp\u00e5 <a href=\"http:\/\/keybox.nl\/da\/vare\/keysecuritybox-ksb103\/\" target=\"_blank\" rel=\"noopener\">KSB103<\/a> eller KSB004 kan monteres p\u00e5 den. Der kr\u00e6ves ikke noget fundament til installationen. Stolpen er forankret dybt i jorden i beton. Den kan derfor bruges mange steder. F.eks. bag eller foran et hegn eller ved siden af indgangen. Installationen er hurtig og nem.<\/p>\n<p><img decoding=\"async\" class=\"alignnone size-medium wp-image-133\" src=\"http:\/\/keybox.nl\/wp-content\/uploads\/2021\/12\/KSB103-KSB005-2-225x300.jpg\" alt=\"\" width=\"225\" height=\"300\" \/><\/p>\n<p><strong>DEN BEDSTE L\u00d8SNING TIL BILUDLEJNINGSFIRMAER, LEASINGSELSKABER, BILFORHANDLERE, VIRKSOMHEDER MED FL\u00c5DER, BILFORHANDLERE, V\u00c6RKSTEDER, HOTELLER OG MEGET MERE.<\/strong><\/p>\n<p><strong>Et udvalg af vores referencer<\/strong><br \/>\nBilforhandlere: Audi, BMW, Chevolet, Citro\u00ebn, Fiat, Jaguar, Ford, Honda, Isuzu, Land Rover, MAN trucks, Mazda, Mercedes, Mitsubishi, Nissan, Tesla, Toyota, Opel, Peugeot, Rolls Royce, Renault, Saab, Porsche, Volvo, Volkswagen Biludlejning: Avis, Hertz, Budget, Sixt, Europcar, Dockx, Thrifty, AVA Rent, Autorent, Drive Yourself, Bochane Rent, Oto2rent, Camion Rentals, Runner Trucks, Bultman Hertz Offentlig transport: Lufthavn Schiphol Amsterdam, Lufthavn Rotterdam, Lufthavn Eindhoven, Lufthavn Groningen, Lufthavn Maastricht, Lufthavn Antwerpen, Lufthavn Bruxelles, Charleroi Lufthavn, Aeroport du Luxembourg, Station Antwerpen Central Andet: Carglass, ING Car Lease, Runner Truck Lease &amp; Rental, Scheer en Foppen Logistics, Borent, Philips Lighting Company cars &amp; Trailer Service, Dura Vermeer Road Construction, Bosch Universal Car Companies, Profile Tyre Center.<\/p>\n<p><strong>Specifikationer for KSB 101 og 102<\/strong><br \/>\nM\u00e5l: ydre m\u00e5l: 100 x 100 x 1500 (BxDxH)<br \/>\nV\u00e6gt inklusive emballage: ca. 18 kg<br \/>\nTydelige instruktioner til installation<\/p>\n<p><strong>Materiale og efterbehandling<\/strong><br \/>\nKoldvalset kulstofst\u00e5l af h\u00f8j kvalitet<br \/>\nDupont pulverlakering (Ral 9006)<br \/>\nTykv\u00e6gget st\u00e5l<br \/>\nForst\u00e6rkning i bunden<\/p>","protected":false},"excerpt":{"rendered":"<h2>N\u00f8glesikkerhedsboks KSB105<\/h2>\n<p>Velegnet til at forankre model KSB103 og KSB004 til en stolpe.<\/p>","protected":false},"featured_media":125,"comment_status":"open","ping_status":"closed","template":"","meta":[],"product_brand":[],"product_cat":[36],"product_tag":[25,24,21,20,22,23,26],"class_list":{"0":"post-122","1":"product","2":"type-product","3":"status-publish","4":"has-post-thumbnail","6":"product_cat-keysecuritybox-accessoires","7":"product_tag-afstortkluis","8":"product_tag-dropbox","9":"product_tag-keybox","10":"product_tag-keysecuritybox","11":"product_tag-ksb101","12":"product_tag-ksb102","13":"product_tag-sleutelafstortkluis","15":"first","16":"instock","17":"taxable","18":"shipping-taxable","19":"purchasable","20":"product-type-simple"},"yoast_head":"<!-- This site is optimized with the Yoast SEO plugin v27.4 - https:\/\/yoast.com\/product\/yoast-seo-wordpress\/ -->\n<title>Keysecuritybox KSB105 -<\/title>\n<meta name=\"robots\" content=\"index, follow, max-snippet:-1, max-image-preview:large, max-video-preview:-1\" \/>\n<link rel=\"canonical\" href=\"https:\/\/keybox.nl\/da\/vare\/keysecuritybox-ksb105\/\" \/>\n<meta property=\"og:locale\" content=\"da_DK\" \/>\n<meta property=\"og:type\" content=\"article\" \/>\n<meta property=\"og:title\" content=\"Keysecuritybox KSB105 -\" \/>\n<meta property=\"og:description\" content=\"Keysecuritybox KSB105 Geschikt voor het verankeren van model KSB103 en KSB004 op een paal.\" \/>\n<meta property=\"og:url\" content=\"https:\/\/keybox.nl\/da\/vare\/keysecuritybox-ksb105\/\" \/>\n<meta property=\"article:modified_time\" content=\"2025-11-26T09:37:55+00:00\" \/>\n<meta property=\"og:image\" content=\"http:\/\/keybox.nl\/wp-content\/uploads\/2021\/12\/KSB005-e1639511667630.png\" \/>\n\t<meta property=\"og:image:width\" content=\"487\" \/>\n\t<meta property=\"og:image:height\" content=\"487\" \/>\n\t<meta property=\"og:image:type\" content=\"image\/png\" \/>\n<meta name=\"twitter:card\" content=\"summary_large_image\" \/>\n<meta name=\"twitter:label1\" content=\"Estimeret l\u00e6setid\" \/>\n\t<meta name=\"twitter:data1\" content=\"2 minutter\" \/>\n<script type=\"application\/ld+json\" class=\"yoast-schema-graph\">{\"@context\":\"https:\\\/\\\/schema.org\",\"@graph\":[{\"@type\":\"WebPage\",\"@id\":\"https:\\\/\\\/keybox.nl\\\/product\\\/keysecuritybox-ksb105\\\/\",\"url\":\"https:\\\/\\\/keybox.nl\\\/product\\\/keysecuritybox-ksb105\\\/\",\"name\":\"Keysecuritybox KSB105 -\",\"isPartOf\":{\"@id\":\"https:\\\/\\\/keybox.nl\\\/#website\"},\"primaryImageOfPage\":{\"@id\":\"https:\\\/\\\/keybox.nl\\\/product\\\/keysecuritybox-ksb105\\\/#primaryimage\"},\"image\":{\"@id\":\"https:\\\/\\\/keybox.nl\\\/product\\\/keysecuritybox-ksb105\\\/#primaryimage\"},\"thumbnailUrl\":\"https:\\\/\\\/keybox.nl\\\/wp-content\\\/uploads\\\/2021\\\/12\\\/KSB005-e1639511667630.png\",\"datePublished\":\"2021-12-14T19:40:09+00:00\",\"dateModified\":\"2025-11-26T09:37:55+00:00\",\"breadcrumb\":{\"@id\":\"https:\\\/\\\/keybox.nl\\\/product\\\/keysecuritybox-ksb105\\\/#breadcrumb\"},\"inLanguage\":\"da-DK\",\"potentialAction\":[{\"@type\":\"ReadAction\",\"target\":[\"https:\\\/\\\/keybox.nl\\\/product\\\/keysecuritybox-ksb105\\\/\"]}]},{\"@type\":\"ImageObject\",\"inLanguage\":\"da-DK\",\"@id\":\"https:\\\/\\\/keybox.nl\\\/product\\\/keysecuritybox-ksb105\\\/#primaryimage\",\"url\":\"https:\\\/\\\/keybox.nl\\\/wp-content\\\/uploads\\\/2021\\\/12\\\/KSB005-e1639511667630.png\",\"contentUrl\":\"https:\\\/\\\/keybox.nl\\\/wp-content\\\/uploads\\\/2021\\\/12\\\/KSB005-e1639511667630.png\",\"width\":487,\"height\":487},{\"@type\":\"BreadcrumbList\",\"@id\":\"https:\\\/\\\/keybox.nl\\\/product\\\/keysecuritybox-ksb105\\\/#breadcrumb\",\"itemListElement\":[{\"@type\":\"ListItem\",\"position\":1,\"name\":\"Home\",\"item\":\"https:\\\/\\\/keybox.nl\\\/\"},{\"@type\":\"ListItem\",\"position\":2,\"name\":\"Beveiligde sleutelkastjes kopen\",\"item\":\"https:\\\/\\\/keybox.nl\\\/\"},{\"@type\":\"ListItem\",\"position\":3,\"name\":\"Keysecuritybox KSB105\"}]},{\"@type\":\"WebSite\",\"@id\":\"https:\\\/\\\/keybox.nl\\\/#website\",\"url\":\"https:\\\/\\\/keybox.nl\\\/\",\"name\":\"\",\"description\":\"\",\"potentialAction\":[{\"@type\":\"SearchAction\",\"target\":{\"@type\":\"EntryPoint\",\"urlTemplate\":\"https:\\\/\\\/keybox.nl\\\/?s={search_term_string}\"},\"query-input\":{\"@type\":\"PropertyValueSpecification\",\"valueRequired\":true,\"valueName\":\"search_term_string\"}}],\"inLanguage\":\"da-DK\"}]}<\/script>\n<!-- \/ Yoast SEO plugin. -->","yoast_head_json":{"title":"N\u00f8glesikkerhedsboks KSB105","robots":{"index":"index","follow":"follow","max-snippet":"max-snippet:-1","max-image-preview":"max-image-preview:large","max-video-preview":"max-video-preview:-1"},"canonical":"https:\/\/keybox.nl\/da\/vare\/keysecuritybox-ksb105\/","og_locale":"da_DK","og_type":"article","og_title":"Keysecuritybox KSB105 -","og_description":"Keysecuritybox KSB105 Geschikt voor het verankeren van model KSB103 en KSB004 op een paal.","og_url":"https:\/\/keybox.nl\/da\/vare\/keysecuritybox-ksb105\/","article_modified_time":"2025-11-26T09:37:55+00:00","og_image":[{"width":487,"height":487,"url":"http:\/\/keybox.nl\/wp-content\/uploads\/2021\/12\/KSB005-e1639511667630.png","type":"image\/png"}],"twitter_card":"summary_large_image","twitter_misc":{"Estimeret l\u00e6setid":"2 minutter"},"schema":{"@context":"https:\/\/schema.org","@graph":[{"@type":"WebPage","@id":"https:\/\/keybox.nl\/product\/keysecuritybox-ksb105\/","url":"https:\/\/keybox.nl\/product\/keysecuritybox-ksb105\/","name":"N\u00f8glesikkerhedsboks KSB105","isPartOf":{"@id":"https:\/\/keybox.nl\/#website"},"primaryImageOfPage":{"@id":"https:\/\/keybox.nl\/product\/keysecuritybox-ksb105\/#primaryimage"},"image":{"@id":"https:\/\/keybox.nl\/product\/keysecuritybox-ksb105\/#primaryimage"},"thumbnailUrl":"https:\/\/keybox.nl\/wp-content\/uploads\/2021\/12\/KSB005-e1639511667630.png","datePublished":"2021-12-14T19:40:09+00:00","dateModified":"2025-11-26T09:37:55+00:00","breadcrumb":{"@id":"https:\/\/keybox.nl\/product\/keysecuritybox-ksb105\/#breadcrumb"},"inLanguage":"da-DK","potentialAction":[{"@type":"ReadAction","target":["https:\/\/keybox.nl\/product\/keysecuritybox-ksb105\/"]}]},{"@type":"ImageObject","inLanguage":"da-DK","@id":"https:\/\/keybox.nl\/product\/keysecuritybox-ksb105\/#primaryimage","url":"https:\/\/keybox.nl\/wp-content\/uploads\/2021\/12\/KSB005-e1639511667630.png","contentUrl":"https:\/\/keybox.nl\/wp-content\/uploads\/2021\/12\/KSB005-e1639511667630.png","width":487,"height":487},{"@type":"BreadcrumbList","@id":"https:\/\/keybox.nl\/product\/keysecuritybox-ksb105\/#breadcrumb","itemListElement":[{"@type":"ListItem","position":1,"name":"Home","item":"https:\/\/keybox.nl\/"},{"@type":"ListItem","position":2,"name":"Beveiligde sleutelkastjes kopen","item":"https:\/\/keybox.nl\/"},{"@type":"ListItem","position":3,"name":"Keysecuritybox KSB105"}]},{"@type":"WebSite","@id":"https:\/\/keybox.nl\/#website","url":"https:\/\/keybox.nl\/","name":"","description":"","potentialAction":[{"@type":"SearchAction","target":{"@type":"EntryPoint","urlTemplate":"https:\/\/keybox.nl\/?s={search_term_string}"},"query-input":{"@type":"PropertyValueSpecification","valueRequired":true,"valueName":"search_term_string"}}],"inLanguage":"da-DK"}]}},"jetpack-related-posts":[{"id":109,"url":"https:\/\/keybox.nl\/da\/vare\/keysecuritybox-sleutelkluis-ksb103\/","url_meta":{"origin":122,"position":0},"title":"Keysecuritybox KSB103 n\u00f8gleskab","author":"Keybox@beheermodule","date":"4 december 2021","format":false,"excerpt":"N\u00f8glesikringsboks KSB103 Til montering p\u00e5 en stolpe (KSB005) eller konsol KSB106","rel":"","context":"Similar post","block_context":{"text":"Similar post","link":""},"img":{"alt_text":"","src":"https:\/\/i0.wp.com\/keybox.nl\/wp-content\/uploads\/2021\/11\/KSB_101_3-scaled-e1638352491754.jpg?resize=350%2C200&ssl=1","width":350,"height":200},"classes":[]},{"id":115,"url":"https:\/\/keybox.nl\/da\/vare\/keysecuritybox-sleutelkluis-ksb103a\/","url_meta":{"origin":122,"position":1},"title":"Keysecuritybox KSB103A ekstra pansret n\u00f8gleskab","author":"Keybox@beheermodule","date":"4 december 2021","format":false,"excerpt":"N\u00f8glesikkerhedsboks KSB103A med ekstra panser. KSB103A er udstyret med ekstra panser. Inde i boksen er der et ekstra indre pengeskab lavet af specialst\u00e5l, der giver h\u00f8jere beskyttelse mod angreb. Til montering p\u00e5 en stolpe (KSB005) eller konsol KSB106","rel":"","context":"Similar post","block_context":{"text":"Similar post","link":""},"img":{"alt_text":"","src":"https:\/\/i0.wp.com\/keybox.nl\/wp-content\/uploads\/2021\/11\/KSB_101_3-scaled-e1638352491754.jpg?resize=350%2C200&ssl=1","width":350,"height":200},"classes":[]},{"id":184,"url":"https:\/\/keybox.nl\/da\/vare\/keysecuritybox-ksb106\/","url_meta":{"origin":122,"position":2},"title":"N\u00f8glesikkerhedsboks KSB106","author":"Keybox@beheermodule","date":"26 januar 2022","format":false,"excerpt":"N\u00f8glesikkerhedsboks KSB106 \u00a0","rel":"","context":"Similar post","block_context":{"text":"Similar post","link":""},"img":{"alt_text":"","src":"https:\/\/i0.wp.com\/keybox.nl\/wp-content\/uploads\/2022\/01\/MG_3154-scaled-e1643377303706.jpg?resize=350%2C200&ssl=1","width":350,"height":200,"srcset":"https:\/\/i0.wp.com\/keybox.nl\/wp-content\/uploads\/2022\/01\/MG_3154-scaled-e1643377303706.jpg?resize=350%2C200&ssl=1 1x, https:\/\/i0.wp.com\/keybox.nl\/wp-content\/uploads\/2022\/01\/MG_3154-scaled-e1643377303706.jpg?resize=525%2C300&ssl=1 1.5x, https:\/\/i0.wp.com\/keybox.nl\/wp-content\/uploads\/2022\/01\/MG_3154-scaled-e1643377303706.jpg?resize=700%2C400&ssl=1 2x"},"classes":[]},{"id":193,"url":"https:\/\/keybox.nl\/da\/vare\/keysecuritybox-sleutelkluis-ksb107\/","url_meta":{"origin":122,"position":3},"title":"Keysecuritybox KSB107 n\u00f8gleskab","author":"Keybox@beheermodule","date":"28 januar 2022","format":false,"excerpt":"N\u00f8glesikringsboks KSB107 KSB107 kan installeres i en v\u00e6g\/v\u00e6g og er ekstremt sikker. Rulle\u00e5bning L44, H64, D 124 mm.","rel":"","context":"Similar post","block_context":{"text":"Similar post","link":""},"img":{"alt_text":"","src":"https:\/\/i0.wp.com\/keybox.nl\/wp-content\/uploads\/2022\/01\/Ksb007-5-225x300.jpg?resize=350%2C200","width":350,"height":200},"classes":[]},{"id":201,"url":"https:\/\/keybox.nl\/da\/vare\/keysecuritybox-sleutelkluis-ksb107-wl\/","url_meta":{"origin":122,"position":4},"title":"Keysecuritybox KSB107 W n\u00f8gleskab","author":"Keybox@beheermodule","date":"28 januar 2022","format":false,"excerpt":"N\u00f8glesikkerhedsboks KSB107 XL KSB107 kan installeres i en v\u00e6g\/v\u00e6g og er ekstremt sikker. Rulle\u00e5bning L66, H64, D 124 mm.","rel":"","context":"Similar post","block_context":{"text":"Similar post","link":""},"img":{"alt_text":"","src":"https:\/\/i0.wp.com\/keybox.nl\/wp-content\/uploads\/2022\/01\/Keysecuritybox-KSB107XL-300x300.jpg?resize=350%2C200","width":350,"height":200},"classes":[]},{"id":72,"url":"https:\/\/keybox.nl\/da\/vare\/keysecuritybox-sleutelkluis-ksb101a-ksb102a\/","url_meta":{"origin":122,"position":5},"title":"N\u00f8glesikkerhedsboks KSB101A, KSB102A ekstra pansret n\u00f8gleskab","author":"Keybox@beheermodule","date":"1 december 2021","format":false,"excerpt":"Keysecuritybox KSB101A &amp; KSB102A KSB101A og 102A er udstyret med ekstra Armor \/ panser. Inde i pengeskabet er der et ekstra indre pengeskab lavet af specialst\u00e5l, der giver h\u00f8jere beskyttelse mod angreb. Et pengeskab i to versioner: indskudshjul til venstre eller h\u00f8jre","rel":"","context":"With 1 comment","block_context":{"text":"With 1 comment","link":"https:\/\/keybox.nl\/da\/vare\/keysecuritybox-sleutelkluis-ksb101a-ksb102a\/#comments"},"img":{"alt_text":"","src":"https:\/\/i0.wp.com\/keybox.nl\/wp-content\/uploads\/2021\/11\/KSB_101_3-scaled-e1638352491754.jpg?resize=350%2C200&ssl=1","width":350,"height":200},"classes":[]}],"jetpack_sharing_enabled":true,"_links":{"self":[{"href":"https:\/\/keybox.nl\/da\/wp-json\/wp\/v2\/product\/122","targetHints":{"allow":["GET"]}}],"collection":[{"href":"https:\/\/keybox.nl\/da\/wp-json\/wp\/v2\/product"}],"about":[{"href":"https:\/\/keybox.nl\/da\/wp-json\/wp\/v2\/types\/product"}],"replies":[{"embeddable":true,"href":"https:\/\/keybox.nl\/da\/wp-json\/wp\/v2\/comments?post=122"}],"wp:featuredmedia":[{"embeddable":true,"href":"https:\/\/keybox.nl\/da\/wp-json\/wp\/v2\/media\/125"}],"wp:attachment":[{"href":"https:\/\/keybox.nl\/da\/wp-json\/wp\/v2\/media?parent=122"}],"wp:term":[{"taxonomy":"product_brand","embeddable":true,"href":"https:\/\/keybox.nl\/da\/wp-json\/wp\/v2\/product_brand?post=122"},{"taxonomy":"product_cat","embeddable":true,"href":"https:\/\/keybox.nl\/da\/wp-json\/wp\/v2\/product_cat?post=122"},{"taxonomy":"product_tag","embeddable":true,"href":"https:\/\/keybox.nl\/da\/wp-json\/wp\/v2\/product_tag?post=122"}],"curies":[{"name":"wp","href":"https:\/\/api.w.org\/{rel}","templated":true}]}}