{"id":1171,"date":"2022-12-09T14:50:43","date_gmt":"2022-12-09T14:50:43","guid":{"rendered":"http:\/\/keybox.nl\/?post_type=product&#038;p=1171"},"modified":"2022-12-09T14:50:43","modified_gmt":"2022-12-09T14:50:43","slug":"keysafe-slimline","status":"publish","type":"product","link":"https:\/\/keybox.nl\/da\/vare\/keysafe-slimline\/","title":{"rendered":"Keysafe Slimline"},"content":{"rendered":"<h2>N\u00f8gleskab Slimline n\u00f8gleskab<\/h2>\n<p>Slimline KeySafe kan nemt fastg\u00f8res til enhver v\u00e6g eller flad overflade, inklusive fastg\u00f8relsesmaterialer. Denne kompakte version har plads til to n\u00f8gler. Ideel til:<\/p>\n<p>Adgang for b\u00f8rn efter skoletid<br \/>\nN\u00f8dadgang for \u00e6ldre og tr\u00e6ngende<br \/>\nForhindrer at blive l\u00e5st ude<br \/>\nAdgang for lejere som Airbnb, feriehus<br \/>\nAdgang for medlemmer af foreningen eller klubben<\/p>\n<p>KeySafe Slimline<br \/>\nGiv adgang til alle tilladte personer uden at duplikere, dele og spore fysiske n\u00f8gler. Du skal blot \u00e6ndre koden, n\u00e5r du har brug for at \u00e6ndre adgangen til dine n\u00f8gler. Slimline har et indvendigt rum, der er stort nok til to n\u00f8gler, og en l\u00e5sbar frontplade, der forhindrer manipulation. Fastg\u00f8relsesmateriale er inkluderet.<\/p>\n<p>Udvendige m\u00e5l (B x H x D i mm) 59x100x41<br \/>\nIndvendige m\u00e5l (B x H x D i mm) 38x76x12<br \/>\nV\u00e6gt (i kg) 0,57<\/p>\n<p>Brugervejledning<br \/>\nTryk p\u00e5 sletteknappen hver gang, f\u00f8r du opretter din kode. Skriv din kode.<br \/>\nTryk \"\u00e5ben\"-knappen ned for at frig\u00f8re l\u00e5get. Tag n\u00f8glen ud af \u00e6sken.<\/p>\n<p>N\u00e5r du lukker, skal du gentage koden for at s\u00e6tte den tilbage i KEYSAFE, trykke p\u00e5 \"\u00e5ben\"-knappen, s\u00e6tte n\u00f8glen tilbage og derefter l\u00e5get, slippe \"\u00e5ben\"-knappen. KEYSAFE lukkes igen med n\u00f8glen sat i.<\/p>\n<p><img decoding=\"async\" class=\"alignleft size-medium wp-image-1178\" src=\"http:\/\/keybox.nl\/wp-content\/uploads\/2022\/12\/Keybox_Slim_line_Keysafe_7-300x121.png\" alt=\"\" width=\"300\" height=\"121\" srcset=\"https:\/\/keybox.nl\/wp-content\/uploads\/2022\/12\/Keybox_Slim_line_Keysafe_7-300x121.png 300w, https:\/\/keybox.nl\/wp-content\/uploads\/2022\/12\/Keybox_Slim_line_Keysafe_7-416x168.png 416w, https:\/\/keybox.nl\/wp-content\/uploads\/2022\/12\/Keybox_Slim_line_Keysafe_7.png 499w\" sizes=\"(max-width: 300px) 100vw, 300px\" \/><\/p>\n<p>&nbsp;<\/p>\n<p>&nbsp;<\/p>\n<p>&nbsp;<\/p>\n<p>Skift kode<br \/>\n<img decoding=\"async\" class=\"alignleft size-medium wp-image-1177\" src=\"http:\/\/keybox.nl\/wp-content\/uploads\/2022\/12\/Keybox_Slim_line_Keysafe_6-300x196.png\" alt=\"\" width=\"300\" height=\"196\" srcset=\"https:\/\/keybox.nl\/wp-content\/uploads\/2022\/12\/Keybox_Slim_line_Keysafe_6-300x196.png 300w, https:\/\/keybox.nl\/wp-content\/uploads\/2022\/12\/Keybox_Slim_line_Keysafe_6.png 400w\" sizes=\"(max-width: 300px) 100vw, 300px\" \/><\/p>","protected":false},"excerpt":{"rendered":"<p>Altid adgang med Keysafe Slimline<\/p>","protected":false},"featured_media":1172,"comment_status":"open","ping_status":"closed","template":"","meta":[],"product_brand":[],"product_cat":[19],"product_tag":[66,65,61,63,64,62],"class_list":{"0":"post-1171","1":"product","2":"type-product","3":"status-publish","4":"has-post-thumbnail","6":"product_cat-keysafe","7":"product_tag-cijfercombinatie","8":"product_tag-cijferslot","9":"product_tag-keysafe","10":"product_tag-line","11":"product_tag-sleutelkluisje","12":"product_tag-slim","14":"first","15":"instock","16":"taxable","17":"shipping-taxable","18":"purchasable","19":"product-type-simple"},"yoast_head":"<!-- This site is optimized with the Yoast SEO plugin v27.4 - https:\/\/yoast.com\/product\/yoast-seo-wordpress\/ -->\n<title>Keysafe Slimline -<\/title>\n<meta name=\"robots\" content=\"index, follow, max-snippet:-1, max-image-preview:large, max-video-preview:-1\" \/>\n<link rel=\"canonical\" href=\"https:\/\/keybox.nl\/da\/vare\/keysafe-slimline\/\" \/>\n<meta property=\"og:locale\" content=\"da_DK\" \/>\n<meta property=\"og:type\" content=\"article\" \/>\n<meta property=\"og:title\" content=\"Keysafe Slimline -\" \/>\n<meta property=\"og:description\" content=\"Altijd toegang met de Keysafe Slimline\" \/>\n<meta property=\"og:url\" content=\"https:\/\/keybox.nl\/da\/vare\/keysafe-slimline\/\" \/>\n<meta property=\"og:image\" content=\"https:\/\/keybox.nl\/wp-content\/uploads\/2022\/12\/Keysafe_Slim_line_Keybox.jpeg\" \/>\n\t<meta property=\"og:image:width\" content=\"1000\" \/>\n\t<meta property=\"og:image:height\" content=\"1300\" \/>\n\t<meta property=\"og:image:type\" content=\"image\/jpeg\" \/>\n<meta name=\"twitter:card\" content=\"summary_large_image\" \/>\n<meta name=\"twitter:label1\" content=\"Estimeret l\u00e6setid\" \/>\n\t<meta name=\"twitter:data1\" content=\"2 minutter\" \/>\n<script type=\"application\/ld+json\" class=\"yoast-schema-graph\">{\"@context\":\"https:\\\/\\\/schema.org\",\"@graph\":[{\"@type\":\"WebPage\",\"@id\":\"https:\\\/\\\/keybox.nl\\\/product\\\/keysafe-slimline\\\/\",\"url\":\"https:\\\/\\\/keybox.nl\\\/product\\\/keysafe-slimline\\\/\",\"name\":\"Keysafe Slimline -\",\"isPartOf\":{\"@id\":\"https:\\\/\\\/keybox.nl\\\/#website\"},\"primaryImageOfPage\":{\"@id\":\"https:\\\/\\\/keybox.nl\\\/product\\\/keysafe-slimline\\\/#primaryimage\"},\"image\":{\"@id\":\"https:\\\/\\\/keybox.nl\\\/product\\\/keysafe-slimline\\\/#primaryimage\"},\"thumbnailUrl\":\"https:\\\/\\\/keybox.nl\\\/wp-content\\\/uploads\\\/2022\\\/12\\\/Keysafe_Slim_line_Keybox.jpeg\",\"datePublished\":\"2022-12-09T14:50:43+00:00\",\"breadcrumb\":{\"@id\":\"https:\\\/\\\/keybox.nl\\\/product\\\/keysafe-slimline\\\/#breadcrumb\"},\"inLanguage\":\"da-DK\",\"potentialAction\":[{\"@type\":\"ReadAction\",\"target\":[\"https:\\\/\\\/keybox.nl\\\/product\\\/keysafe-slimline\\\/\"]}]},{\"@type\":\"ImageObject\",\"inLanguage\":\"da-DK\",\"@id\":\"https:\\\/\\\/keybox.nl\\\/product\\\/keysafe-slimline\\\/#primaryimage\",\"url\":\"https:\\\/\\\/keybox.nl\\\/wp-content\\\/uploads\\\/2022\\\/12\\\/Keysafe_Slim_line_Keybox.jpeg\",\"contentUrl\":\"https:\\\/\\\/keybox.nl\\\/wp-content\\\/uploads\\\/2022\\\/12\\\/Keysafe_Slim_line_Keybox.jpeg\",\"width\":1000,\"height\":1300,\"caption\":\"Keysafe Slim line\"},{\"@type\":\"BreadcrumbList\",\"@id\":\"https:\\\/\\\/keybox.nl\\\/product\\\/keysafe-slimline\\\/#breadcrumb\",\"itemListElement\":[{\"@type\":\"ListItem\",\"position\":1,\"name\":\"Home\",\"item\":\"https:\\\/\\\/keybox.nl\\\/\"},{\"@type\":\"ListItem\",\"position\":2,\"name\":\"Beveiligde sleutelkastjes kopen\",\"item\":\"https:\\\/\\\/keybox.nl\\\/\"},{\"@type\":\"ListItem\",\"position\":3,\"name\":\"Keysafe Slimline\"}]},{\"@type\":\"WebSite\",\"@id\":\"https:\\\/\\\/keybox.nl\\\/#website\",\"url\":\"https:\\\/\\\/keybox.nl\\\/\",\"name\":\"\",\"description\":\"\",\"potentialAction\":[{\"@type\":\"SearchAction\",\"target\":{\"@type\":\"EntryPoint\",\"urlTemplate\":\"https:\\\/\\\/keybox.nl\\\/?s={search_term_string}\"},\"query-input\":{\"@type\":\"PropertyValueSpecification\",\"valueRequired\":true,\"valueName\":\"search_term_string\"}}],\"inLanguage\":\"da-DK\"}]}<\/script>\n<!-- \/ Yoast SEO plugin. -->","yoast_head_json":{"title":"N\u00f8gleskab Slimline -","robots":{"index":"index","follow":"follow","max-snippet":"max-snippet:-1","max-image-preview":"max-image-preview:large","max-video-preview":"max-video-preview:-1"},"canonical":"https:\/\/keybox.nl\/da\/vare\/keysafe-slimline\/","og_locale":"da_DK","og_type":"article","og_title":"Keysafe Slimline -","og_description":"Altijd toegang met de Keysafe Slimline","og_url":"https:\/\/keybox.nl\/da\/vare\/keysafe-slimline\/","og_image":[{"width":1000,"height":1300,"url":"https:\/\/keybox.nl\/wp-content\/uploads\/2022\/12\/Keysafe_Slim_line_Keybox.jpeg","type":"image\/jpeg"}],"twitter_card":"summary_large_image","twitter_misc":{"Estimeret l\u00e6setid":"2 minutter"},"schema":{"@context":"https:\/\/schema.org","@graph":[{"@type":"WebPage","@id":"https:\/\/keybox.nl\/product\/keysafe-slimline\/","url":"https:\/\/keybox.nl\/product\/keysafe-slimline\/","name":"N\u00f8gleskab Slimline -","isPartOf":{"@id":"https:\/\/keybox.nl\/#website"},"primaryImageOfPage":{"@id":"https:\/\/keybox.nl\/product\/keysafe-slimline\/#primaryimage"},"image":{"@id":"https:\/\/keybox.nl\/product\/keysafe-slimline\/#primaryimage"},"thumbnailUrl":"https:\/\/keybox.nl\/wp-content\/uploads\/2022\/12\/Keysafe_Slim_line_Keybox.jpeg","datePublished":"2022-12-09T14:50:43+00:00","breadcrumb":{"@id":"https:\/\/keybox.nl\/product\/keysafe-slimline\/#breadcrumb"},"inLanguage":"da-DK","potentialAction":[{"@type":"ReadAction","target":["https:\/\/keybox.nl\/product\/keysafe-slimline\/"]}]},{"@type":"ImageObject","inLanguage":"da-DK","@id":"https:\/\/keybox.nl\/product\/keysafe-slimline\/#primaryimage","url":"https:\/\/keybox.nl\/wp-content\/uploads\/2022\/12\/Keysafe_Slim_line_Keybox.jpeg","contentUrl":"https:\/\/keybox.nl\/wp-content\/uploads\/2022\/12\/Keysafe_Slim_line_Keybox.jpeg","width":1000,"height":1300,"caption":"Keysafe Slim line"},{"@type":"BreadcrumbList","@id":"https:\/\/keybox.nl\/product\/keysafe-slimline\/#breadcrumb","itemListElement":[{"@type":"ListItem","position":1,"name":"Home","item":"https:\/\/keybox.nl\/"},{"@type":"ListItem","position":2,"name":"Beveiligde sleutelkastjes kopen","item":"https:\/\/keybox.nl\/"},{"@type":"ListItem","position":3,"name":"Keysafe Slimline"}]},{"@type":"WebSite","@id":"https:\/\/keybox.nl\/#website","url":"https:\/\/keybox.nl\/","name":"","description":"","potentialAction":[{"@type":"SearchAction","target":{"@type":"EntryPoint","urlTemplate":"https:\/\/keybox.nl\/?s={search_term_string}"},"query-input":{"@type":"PropertyValueSpecification","valueRequired":true,"valueName":"search_term_string"}}],"inLanguage":"da-DK"}]}},"jetpack-related-posts":[{"id":1796,"url":"https:\/\/keybox.nl\/da\/vare\/keysafe-key-cabinet\/","url_meta":{"origin":1171,"position":0},"title":"Keysafe n\u00f8gleskab","author":"Elric Drost","date":"18 december 2024","format":false,"excerpt":"Touchpoint PRO fra Kidde 30\/60\/120 taster","rel":"","context":"Similar post","block_context":{"text":"Similar post","link":""},"img":{"alt_text":"","src":"https:\/\/i0.wp.com\/keybox.nl\/wp-content\/uploads\/2024\/12\/Keysafe-cabinet-30-Keybox-open-298x300.jpg?resize=350%2C200","width":350,"height":200},"classes":[]},{"id":1179,"url":"https:\/\/keybox.nl\/da\/vare\/keysafe-original\/","url_meta":{"origin":1171,"position":1},"title":"Keysafe Original","author":"Keybox@beheermodule","date":"9 december 2022","format":false,"excerpt":"Keysafe Original til 5 n\u00f8gler Hvis du har brug for flere n\u00f8gler for at komme ind i et rum, kan du med den store opbevaringskapacitet i KeySafe\u2122 Original opbevare dem alle p\u00e5 \u00e9t sted med en brugervenlig adgangskode. KeySafe Original kan rumme flere n\u00f8gler og er stor nok til n\u00f8glekort....","rel":"","context":"Similar post","block_context":{"text":"Similar post","link":""},"img":{"alt_text":"","src":"https:\/\/i0.wp.com\/keybox.nl\/wp-content\/uploads\/2022\/12\/Keysafe_Original_keybox_sleutelkluis.jpg?resize=350%2C200&ssl=1","width":350,"height":200,"srcset":"https:\/\/i0.wp.com\/keybox.nl\/wp-content\/uploads\/2022\/12\/Keysafe_Original_keybox_sleutelkluis.jpg?resize=350%2C200&ssl=1 1x, https:\/\/i0.wp.com\/keybox.nl\/wp-content\/uploads\/2022\/12\/Keysafe_Original_keybox_sleutelkluis.jpg?resize=525%2C300&ssl=1 1.5x, https:\/\/i0.wp.com\/keybox.nl\/wp-content\/uploads\/2022\/12\/Keysafe_Original_keybox_sleutelkluis.jpg?resize=700%2C400&ssl=1 2x"},"classes":[]},{"id":1812,"url":"https:\/\/keybox.nl\/da\/vare\/drs-vector-combi-keysafe\/","url_meta":{"origin":1171,"position":2},"title":"DRS Vector Combi N\u00f8gleskab","author":"Elric Drost","date":"21 januar 2025","format":false,"excerpt":"Perfekt til professionel brug.","rel":"","context":"Similar post","block_context":{"text":"Similar post","link":""},"img":{"alt_text":"","src":"https:\/\/i0.wp.com\/keybox.nl\/wp-content\/uploads\/2025\/01\/DRS-Vector-Combi-Keysafe-keybox.jpg?resize=350%2C200&ssl=1","width":350,"height":200,"srcset":"https:\/\/i0.wp.com\/keybox.nl\/wp-content\/uploads\/2025\/01\/DRS-Vector-Combi-Keysafe-keybox.jpg?resize=350%2C200&ssl=1 1x, https:\/\/i0.wp.com\/keybox.nl\/wp-content\/uploads\/2025\/01\/DRS-Vector-Combi-Keysafe-keybox.jpg?resize=525%2C300&ssl=1 1.5x, https:\/\/i0.wp.com\/keybox.nl\/wp-content\/uploads\/2025\/01\/DRS-Vector-Combi-Keysafe-keybox.jpg?resize=700%2C400&ssl=1 2x, https:\/\/i0.wp.com\/keybox.nl\/wp-content\/uploads\/2025\/01\/DRS-Vector-Combi-Keysafe-keybox.jpg?resize=1050%2C600&ssl=1 3x"},"classes":[]},{"id":1822,"url":"https:\/\/keybox.nl\/da\/vare\/keysafe-gce\/","url_meta":{"origin":1171,"position":3},"title":"Keysafe GCE","author":"Elric Drost","date":"26 januar 2025","format":false,"excerpt":"V\u00e6lg mellem 3 modeller.","rel":"","context":"Similar post","block_context":{"text":"Similar post","link":""},"img":{"alt_text":"","src":"https:\/\/i0.wp.com\/keybox.nl\/wp-content\/uploads\/2025\/01\/9858a0f7e85097eb90f56de1f00f8269.jpg?resize=350%2C200&ssl=1","width":350,"height":200,"srcset":"https:\/\/i0.wp.com\/keybox.nl\/wp-content\/uploads\/2025\/01\/9858a0f7e85097eb90f56de1f00f8269.jpg?resize=350%2C200&ssl=1 1x, https:\/\/i0.wp.com\/keybox.nl\/wp-content\/uploads\/2025\/01\/9858a0f7e85097eb90f56de1f00f8269.jpg?resize=525%2C300&ssl=1 1.5x, https:\/\/i0.wp.com\/keybox.nl\/wp-content\/uploads\/2025\/01\/9858a0f7e85097eb90f56de1f00f8269.jpg?resize=700%2C400&ssl=1 2x, https:\/\/i0.wp.com\/keybox.nl\/wp-content\/uploads\/2025\/01\/9858a0f7e85097eb90f56de1f00f8269.jpg?resize=1050%2C600&ssl=1 3x, https:\/\/i0.wp.com\/keybox.nl\/wp-content\/uploads\/2025\/01\/9858a0f7e85097eb90f56de1f00f8269.jpg?resize=1400%2C800&ssl=1 4x"},"classes":[]},{"id":1775,"url":"https:\/\/keybox.nl\/da\/vare\/keysafe-pro-original\/","url_meta":{"origin":1171,"position":4},"title":"Keysafe Pro original","author":"Elric Drost","date":"5 december 2024","format":false,"excerpt":"KEYSAFE Pro Original er et robust n\u00f8gleskab til 5 standardn\u00f8gler.","rel":"","context":"Similar post","block_context":{"text":"Similar post","link":""},"img":{"alt_text":"","src":"https:\/\/i0.wp.com\/keybox.nl\/wp-content\/uploads\/2024\/12\/keysafe-pro-original-sleutelkluisje.jpg?resize=350%2C200&ssl=1","width":350,"height":200},"classes":[]},{"id":1782,"url":"https:\/\/keybox.nl\/da\/vare\/keysafe-p500\/","url_meta":{"origin":1171,"position":5},"title":"Keysafe P500","author":"Elric Drost","date":"13 december 2024","format":false,"excerpt":"Det mest sikre minin\u00f8gleskab p\u00e5 markedet.","rel":"","context":"Similar post","block_context":{"text":"Similar post","link":""},"img":{"alt_text":"","src":"https:\/\/i0.wp.com\/keybox.nl\/wp-content\/uploads\/2024\/12\/boite-a-cle-keysafe-pro-grand-format.jpg?resize=350%2C200&ssl=1","width":350,"height":200},"classes":[]}],"jetpack_sharing_enabled":true,"_links":{"self":[{"href":"https:\/\/keybox.nl\/da\/wp-json\/wp\/v2\/product\/1171","targetHints":{"allow":["GET"]}}],"collection":[{"href":"https:\/\/keybox.nl\/da\/wp-json\/wp\/v2\/product"}],"about":[{"href":"https:\/\/keybox.nl\/da\/wp-json\/wp\/v2\/types\/product"}],"replies":[{"embeddable":true,"href":"https:\/\/keybox.nl\/da\/wp-json\/wp\/v2\/comments?post=1171"}],"wp:featuredmedia":[{"embeddable":true,"href":"https:\/\/keybox.nl\/da\/wp-json\/wp\/v2\/media\/1172"}],"wp:attachment":[{"href":"https:\/\/keybox.nl\/da\/wp-json\/wp\/v2\/media?parent=1171"}],"wp:term":[{"taxonomy":"product_brand","embeddable":true,"href":"https:\/\/keybox.nl\/da\/wp-json\/wp\/v2\/product_brand?post=1171"},{"taxonomy":"product_cat","embeddable":true,"href":"https:\/\/keybox.nl\/da\/wp-json\/wp\/v2\/product_cat?post=1171"},{"taxonomy":"product_tag","embeddable":true,"href":"https:\/\/keybox.nl\/da\/wp-json\/wp\/v2\/product_tag?post=1171"}],"curies":[{"name":"wp","href":"https:\/\/api.w.org\/{rel}","templated":true}]}}