{"id":109,"date":"2021-12-04T17:43:51","date_gmt":"2021-12-04T17:43:51","guid":{"rendered":"http:\/\/keybox.nl\/?post_type=product&#038;p=109"},"modified":"2025-11-26T09:32:57","modified_gmt":"2025-11-26T09:32:57","slug":"keysecuritybox-sleutelkluis-ksb103","status":"publish","type":"product","link":"https:\/\/keybox.nl\/da\/vare\/keysecuritybox-sleutelkluis-ksb103\/","title":{"rendered":"Keysecuritybox KSB103 n\u00f8gleskab"},"content":{"rendered":"<h2>Keysecuritybox KSB103: det bedste overflademonterede n\u00f8gleskab!<\/h2>\n<p>Den enkleste og sikreste l\u00f8sning til opbevaring af n\u00f8gler og n\u00f8glekort 24\/7 - denne smarte, robuste og prisvenlige dropbox bruges af tusindvis af virksomheder.<\/p>\n<p>Forbedret model: nu mere indvendig plads. F\u00e5s med ekstra panser p\u00e5 indersiden mod angreb udefra. D\u00f8ren er flyttet til siden, s\u00e5 designet passer fint ind i facaden.<\/p>\n<p>Hvis du ikke placerer Keysecuritybox mod eller i v\u00e6ggen, s\u00e5 er KSB103 den perfekte l\u00f8sning. KSB103 er en dropbox, der placeres p\u00e5 en konsol eller p\u00e6l.  Denne ops\u00e6tning placeres ofte bag et hegn eller p\u00e5 en parkeringsplads, baneg\u00e5rd eller i en lufthavn. KSB005 er en stolpe til KSB103, som forankres i jorden ved hj\u00e6lp af beton. KSB106 er en konsol, der kan placeres p\u00e5 en betonbase og forankres til den.<\/p>\n<p>Enkelt Dette kompakte og robuste n\u00f8gleskab er den enkleste l\u00f8sning til optimal sikring af n\u00f8gler og n\u00f8glekort. Det f\u00e5s i forskellige versioner, s\u00e5 man altid kan installere det mod eller i v\u00e6gge. Ingen v\u00e6gge? S\u00e5 kan n\u00f8gleboksen monteres p\u00e5 en st\u00e5lkonsol. Pengeskabet er fuldt mekanisk og meget brugervenligt.<\/p>\n<p>Solid Dette n\u00f8gleskab er ekstremt st\u00e6rkt! Med undtagelse af indskudshjulet er det udelukkende lavet af massivt st\u00e5l. Da pengeskabet kun har \u00e9n bev\u00e6gelig del, er det ekstremt holdbart, vejrbestandigt og p\u00e5lideligt. Og isatte n\u00f8gler og n\u00f8glekort er sikre, for takket v\u00e6re det intelligente indkasthjul er det umuligt at \"fiske\" efter n\u00f8gler.<\/p>\n<p>Pengeskab Drej rullehjulet op, indtil \u00e5bningen er synlig, s\u00e6t n\u00f8glen eller n\u00f8glekortet ind i rullehjulet, og slip rullen, s\u00e5 den automatisk drejer tilbage, og n\u00f8glen falder ned i pengeskabet. Det kunne ikke v\u00e6re mere enkelt.<\/p>\n<p><strong>DEN BEDSTE L\u00d8SNING TIL BILUDLEJNINGSFIRMAER, LEASINGSELSKABER, BILFORHANDLERE, VIRKSOMHEDER MED FL\u00c5DER, BILFORHANDLERE, V\u00c6RKSTEDER, HOTELLER OG MEGET MERE.<\/strong><\/p>\n<p><strong>Et udvalg af vores referencer<\/strong><br \/>\nBilforhandlere: Audi, BMW, Chevolet, Citro\u00ebn, Fiat, Jaguar, Ford, Honda, Isuzu, Land Rover, MAN trucks, Mazda, Mercedes, Mitsubishi, Nissan, Tesla, Toyota, Opel, Peugeot, Rolls Royce, Renault, Saab, Porsche, Volvo, Volkswagen Biludlejning: Avis, Hertz, Budget, Sixt, Europcar, Dockx, Thrifty, AVA Rent, Autorent, Drive Yourself, Bochane Rent, Oto2rent, Camion Rentals, Runner Trucks, Bultman Hertz Offentlig transport: Lufthavn Schiphol Amsterdam, Lufthavn Rotterdam, Lufthavn Eindhoven, Lufthavn Groningen, Lufthavn Maastricht, Lufthavn Antwerpen, Lufthavn Bruxelles, Charleroi Lufthavn, Aeroport du Luxembourg, Station Antwerpen Central Andet: Carglass, ING Car Lease, Runner Truck Lease &amp; Rental, Scheer en Foppen Logistics, Borent, Philips Lighting Company cars &amp; Trailer Service, Dura Vermeer Road Construction, Bosch Universal Car Companies, Profile Tyre Center.<\/p>\n<p><strong>Specifikationer for KSB103<\/strong><br \/>\nM\u00e5l: ydre m\u00e5l: 215 x 215 x 395 mm (BxDxH)<br \/>\nV\u00e6gt inklusive emballage: ca. 20,3 kg<br \/>\nKomplet sikkerhedsl\u00f8sning til dine n\u00f8gler<br \/>\nSikkerhedsskab, der kan \u00e5bnes med en n\u00f8gle<br \/>\nBl\u00f8d bundm\u00e5tte til at fange n\u00f8gler<br \/>\nInstruktionsm\u00e6rkat over bortskaffelseshjulet<br \/>\nTo unikke pengeskabsn\u00f8gler<br \/>\nTydelige instruktioner til installation<\/p>\n<p><strong>Materiale og efterbehandling<\/strong><br \/>\nKoldvalset kulstofst\u00e5l af h\u00f8j kvalitet<br \/>\n8 mm massiv st\u00e5ld\u00f8r, galvaniseret<br \/>\nDupont pulverlakering (Ral 9006)<br \/>\nSikkerhedsl\u00e5s og n\u00f8gle<br \/>\nPengeskabsl\u00e5s med s\u00e6rligt dobbeltskud-design<br \/>\nTo dobbelttandede n\u00f8gler med asymmetrisk profil<br \/>\nSkabsn\u00f8glen kan ikke tages ud, n\u00e5r skabsd\u00f8ren er \u00e5ben<br \/>\nMere end 500.000 unikke kombinationer af skabsn\u00f8gler<br \/>\nIntelligent dumpehjul<br \/>\nMulighed for at opbevare n\u00f8gler og n\u00f8glekort med maksimale m\u00e5l 125 x 43 x 61 mm<br \/>\nHjulet vender automatisk tilbage til startpositionen<br \/>\nG\u00f8r det umuligt at 'fiske' efter n\u00f8gler<br \/>\nDesign i henhold til VDMA-standard klasse A<\/p>\n<h3><strong>\"Hos Hertz har vi brugt Keysecurityboxes<\/strong><br \/>\n<strong>i Benelux til vores fulde tilfredshed i \u00e5revis.\"<\/strong><br \/>\nGeneral Manager HERTZ Rent A Car BeNeLux<\/h3>","protected":false},"excerpt":{"rendered":"<h2>N\u00f8glesikkerhedsboks KSB103<\/h2>\n<p>Til montering p\u00e5 en stolpe (KSB005) eller konsol KSB106<\/p>","protected":false},"featured_media":63,"comment_status":"open","ping_status":"closed","template":"","meta":[],"product_brand":[],"product_cat":[18],"product_tag":[25,31,24,21,20,29,30,26],"class_list":{"0":"post-109","1":"product","2":"type-product","3":"status-publish","4":"has-post-thumbnail","6":"product_cat-keysecuritybox","7":"product_tag-afstortkluis","8":"product_tag-console","9":"product_tag-dropbox","10":"product_tag-keybox","11":"product_tag-keysecuritybox","12":"product_tag-ksb103","13":"product_tag-paal","14":"product_tag-sleutelafstortkluis","16":"first","17":"instock","18":"taxable","19":"shipping-taxable","20":"purchasable","21":"product-type-simple"},"yoast_head":"<!-- This site is optimized with the Yoast SEO plugin v27.4 - https:\/\/yoast.com\/product\/yoast-seo-wordpress\/ -->\n<title>Keysecuritybox KSB103 sleutelkluis -<\/title>\n<meta name=\"robots\" content=\"index, follow, max-snippet:-1, max-image-preview:large, max-video-preview:-1\" \/>\n<link rel=\"canonical\" href=\"https:\/\/keybox.nl\/da\/vare\/keysecuritybox-sleutelkluis-ksb103\/\" \/>\n<meta property=\"og:locale\" content=\"da_DK\" \/>\n<meta property=\"og:type\" content=\"article\" \/>\n<meta property=\"og:title\" content=\"Keysecuritybox KSB103 sleutelkluis -\" \/>\n<meta property=\"og:description\" content=\"Keysecuritybox KSB103 Voor montage op een paal (KSB005) of console KSB106\" \/>\n<meta property=\"og:url\" content=\"https:\/\/keybox.nl\/da\/vare\/keysecuritybox-sleutelkluis-ksb103\/\" \/>\n<meta property=\"article:modified_time\" content=\"2025-11-26T09:32:57+00:00\" \/>\n<meta property=\"og:image\" content=\"http:\/\/keybox.nl\/wp-content\/uploads\/2021\/11\/KSB_101_3-scaled-e1638352491754.jpg\" \/>\n\t<meta property=\"og:image:width\" content=\"487\" \/>\n\t<meta property=\"og:image:height\" content=\"487\" \/>\n\t<meta property=\"og:image:type\" content=\"image\/jpeg\" \/>\n<meta name=\"twitter:card\" content=\"summary_large_image\" \/>\n<meta name=\"twitter:label1\" content=\"Estimeret l\u00e6setid\" \/>\n\t<meta name=\"twitter:data1\" content=\"4 minutter\" \/>\n<script type=\"application\/ld+json\" class=\"yoast-schema-graph\">{\"@context\":\"https:\\\/\\\/schema.org\",\"@graph\":[{\"@type\":\"WebPage\",\"@id\":\"https:\\\/\\\/keybox.nl\\\/product\\\/keysecuritybox-sleutelkluis-ksb103\\\/\",\"url\":\"https:\\\/\\\/keybox.nl\\\/product\\\/keysecuritybox-sleutelkluis-ksb103\\\/\",\"name\":\"Keysecuritybox KSB103 sleutelkluis -\",\"isPartOf\":{\"@id\":\"https:\\\/\\\/keybox.nl\\\/#website\"},\"primaryImageOfPage\":{\"@id\":\"https:\\\/\\\/keybox.nl\\\/product\\\/keysecuritybox-sleutelkluis-ksb103\\\/#primaryimage\"},\"image\":{\"@id\":\"https:\\\/\\\/keybox.nl\\\/product\\\/keysecuritybox-sleutelkluis-ksb103\\\/#primaryimage\"},\"thumbnailUrl\":\"https:\\\/\\\/keybox.nl\\\/wp-content\\\/uploads\\\/2021\\\/11\\\/KSB_101_3-scaled-e1638352491754.jpg\",\"datePublished\":\"2021-12-04T17:43:51+00:00\",\"dateModified\":\"2025-11-26T09:32:57+00:00\",\"breadcrumb\":{\"@id\":\"https:\\\/\\\/keybox.nl\\\/product\\\/keysecuritybox-sleutelkluis-ksb103\\\/#breadcrumb\"},\"inLanguage\":\"da-DK\",\"potentialAction\":[{\"@type\":\"ReadAction\",\"target\":[\"https:\\\/\\\/keybox.nl\\\/product\\\/keysecuritybox-sleutelkluis-ksb103\\\/\"]}]},{\"@type\":\"ImageObject\",\"inLanguage\":\"da-DK\",\"@id\":\"https:\\\/\\\/keybox.nl\\\/product\\\/keysecuritybox-sleutelkluis-ksb103\\\/#primaryimage\",\"url\":\"https:\\\/\\\/keybox.nl\\\/wp-content\\\/uploads\\\/2021\\\/11\\\/KSB_101_3-scaled-e1638352491754.jpg\",\"contentUrl\":\"https:\\\/\\\/keybox.nl\\\/wp-content\\\/uploads\\\/2021\\\/11\\\/KSB_101_3-scaled-e1638352491754.jpg\",\"width\":487,\"height\":487},{\"@type\":\"BreadcrumbList\",\"@id\":\"https:\\\/\\\/keybox.nl\\\/product\\\/keysecuritybox-sleutelkluis-ksb103\\\/#breadcrumb\",\"itemListElement\":[{\"@type\":\"ListItem\",\"position\":1,\"name\":\"Home\",\"item\":\"https:\\\/\\\/keybox.nl\\\/\"},{\"@type\":\"ListItem\",\"position\":2,\"name\":\"Beveiligde sleutelkastjes kopen\",\"item\":\"https:\\\/\\\/keybox.nl\\\/\"},{\"@type\":\"ListItem\",\"position\":3,\"name\":\"Keysecuritybox KSB103 sleutelkluis\"}]},{\"@type\":\"WebSite\",\"@id\":\"https:\\\/\\\/keybox.nl\\\/#website\",\"url\":\"https:\\\/\\\/keybox.nl\\\/\",\"name\":\"\",\"description\":\"\",\"potentialAction\":[{\"@type\":\"SearchAction\",\"target\":{\"@type\":\"EntryPoint\",\"urlTemplate\":\"https:\\\/\\\/keybox.nl\\\/?s={search_term_string}\"},\"query-input\":{\"@type\":\"PropertyValueSpecification\",\"valueRequired\":true,\"valueName\":\"search_term_string\"}}],\"inLanguage\":\"da-DK\"}]}<\/script>\n<!-- \/ Yoast SEO plugin. -->","yoast_head_json":{"title":"Keysecuritybox KSB103 n\u00f8gleskab -...","robots":{"index":"index","follow":"follow","max-snippet":"max-snippet:-1","max-image-preview":"max-image-preview:large","max-video-preview":"max-video-preview:-1"},"canonical":"https:\/\/keybox.nl\/da\/vare\/keysecuritybox-sleutelkluis-ksb103\/","og_locale":"da_DK","og_type":"article","og_title":"Keysecuritybox KSB103 sleutelkluis -","og_description":"Keysecuritybox KSB103 Voor montage op een paal (KSB005) of console KSB106","og_url":"https:\/\/keybox.nl\/da\/vare\/keysecuritybox-sleutelkluis-ksb103\/","article_modified_time":"2025-11-26T09:32:57+00:00","og_image":[{"width":487,"height":487,"url":"http:\/\/keybox.nl\/wp-content\/uploads\/2021\/11\/KSB_101_3-scaled-e1638352491754.jpg","type":"image\/jpeg"}],"twitter_card":"summary_large_image","twitter_misc":{"Estimeret l\u00e6setid":"4 minutter"},"schema":{"@context":"https:\/\/schema.org","@graph":[{"@type":"WebPage","@id":"https:\/\/keybox.nl\/product\/keysecuritybox-sleutelkluis-ksb103\/","url":"https:\/\/keybox.nl\/product\/keysecuritybox-sleutelkluis-ksb103\/","name":"Keysecuritybox KSB103 n\u00f8gleskab -...","isPartOf":{"@id":"https:\/\/keybox.nl\/#website"},"primaryImageOfPage":{"@id":"https:\/\/keybox.nl\/product\/keysecuritybox-sleutelkluis-ksb103\/#primaryimage"},"image":{"@id":"https:\/\/keybox.nl\/product\/keysecuritybox-sleutelkluis-ksb103\/#primaryimage"},"thumbnailUrl":"https:\/\/keybox.nl\/wp-content\/uploads\/2021\/11\/KSB_101_3-scaled-e1638352491754.jpg","datePublished":"2021-12-04T17:43:51+00:00","dateModified":"2025-11-26T09:32:57+00:00","breadcrumb":{"@id":"https:\/\/keybox.nl\/product\/keysecuritybox-sleutelkluis-ksb103\/#breadcrumb"},"inLanguage":"da-DK","potentialAction":[{"@type":"ReadAction","target":["https:\/\/keybox.nl\/product\/keysecuritybox-sleutelkluis-ksb103\/"]}]},{"@type":"ImageObject","inLanguage":"da-DK","@id":"https:\/\/keybox.nl\/product\/keysecuritybox-sleutelkluis-ksb103\/#primaryimage","url":"https:\/\/keybox.nl\/wp-content\/uploads\/2021\/11\/KSB_101_3-scaled-e1638352491754.jpg","contentUrl":"https:\/\/keybox.nl\/wp-content\/uploads\/2021\/11\/KSB_101_3-scaled-e1638352491754.jpg","width":487,"height":487},{"@type":"BreadcrumbList","@id":"https:\/\/keybox.nl\/product\/keysecuritybox-sleutelkluis-ksb103\/#breadcrumb","itemListElement":[{"@type":"ListItem","position":1,"name":"Home","item":"https:\/\/keybox.nl\/"},{"@type":"ListItem","position":2,"name":"Beveiligde sleutelkastjes kopen","item":"https:\/\/keybox.nl\/"},{"@type":"ListItem","position":3,"name":"Keysecuritybox KSB103 sleutelkluis"}]},{"@type":"WebSite","@id":"https:\/\/keybox.nl\/#website","url":"https:\/\/keybox.nl\/","name":"","description":"","potentialAction":[{"@type":"SearchAction","target":{"@type":"EntryPoint","urlTemplate":"https:\/\/keybox.nl\/?s={search_term_string}"},"query-input":{"@type":"PropertyValueSpecification","valueRequired":true,"valueName":"search_term_string"}}],"inLanguage":"da-DK"}]}},"jetpack-related-posts":[{"id":115,"url":"https:\/\/keybox.nl\/da\/vare\/keysecuritybox-sleutelkluis-ksb103a\/","url_meta":{"origin":109,"position":0},"title":"Keysecuritybox KSB103A ekstra pansret n\u00f8gleskab","author":"Keybox@beheermodule","date":"4 december 2021","format":false,"excerpt":"N\u00f8glesikkerhedsboks KSB103A med ekstra panser. KSB103A er udstyret med ekstra panser. Inde i boksen er der et ekstra indre pengeskab lavet af specialst\u00e5l, der giver h\u00f8jere beskyttelse mod angreb. Til montering p\u00e5 en stolpe (KSB005) eller konsol KSB106","rel":"","context":"Similar post","block_context":{"text":"Similar post","link":""},"img":{"alt_text":"","src":"https:\/\/i0.wp.com\/keybox.nl\/wp-content\/uploads\/2021\/11\/KSB_101_3-scaled-e1638352491754.jpg?resize=350%2C200&ssl=1","width":350,"height":200},"classes":[]},{"id":184,"url":"https:\/\/keybox.nl\/da\/vare\/keysecuritybox-ksb106\/","url_meta":{"origin":109,"position":1},"title":"N\u00f8glesikkerhedsboks KSB106","author":"Keybox@beheermodule","date":"26 januar 2022","format":false,"excerpt":"N\u00f8glesikkerhedsboks KSB106 \u00a0","rel":"","context":"Similar post","block_context":{"text":"Similar post","link":""},"img":{"alt_text":"","src":"https:\/\/i0.wp.com\/keybox.nl\/wp-content\/uploads\/2022\/01\/MG_3154-scaled-e1643377303706.jpg?resize=350%2C200&ssl=1","width":350,"height":200,"srcset":"https:\/\/i0.wp.com\/keybox.nl\/wp-content\/uploads\/2022\/01\/MG_3154-scaled-e1643377303706.jpg?resize=350%2C200&ssl=1 1x, https:\/\/i0.wp.com\/keybox.nl\/wp-content\/uploads\/2022\/01\/MG_3154-scaled-e1643377303706.jpg?resize=525%2C300&ssl=1 1.5x, https:\/\/i0.wp.com\/keybox.nl\/wp-content\/uploads\/2022\/01\/MG_3154-scaled-e1643377303706.jpg?resize=700%2C400&ssl=1 2x"},"classes":[]},{"id":193,"url":"https:\/\/keybox.nl\/da\/vare\/keysecuritybox-sleutelkluis-ksb107\/","url_meta":{"origin":109,"position":2},"title":"Keysecuritybox KSB107 n\u00f8gleskab","author":"Keybox@beheermodule","date":"28 januar 2022","format":false,"excerpt":"N\u00f8glesikringsboks KSB107 KSB107 kan installeres i en v\u00e6g\/v\u00e6g og er ekstremt sikker. Rulle\u00e5bning L44, H64, D 124 mm.","rel":"","context":"Similar post","block_context":{"text":"Similar post","link":""},"img":{"alt_text":"","src":"https:\/\/i0.wp.com\/keybox.nl\/wp-content\/uploads\/2022\/01\/Ksb007-5-225x300.jpg?resize=350%2C200","width":350,"height":200},"classes":[]},{"id":122,"url":"https:\/\/keybox.nl\/da\/vare\/keysecuritybox-ksb105\/","url_meta":{"origin":109,"position":3},"title":"N\u00f8glesikkerhedsboks KSB105","author":"Keybox@beheermodule","date":"14 december 2021","format":false,"excerpt":"N\u00f8glesikringsboks KSB105 Velegnet til at forankre model KSB103 og KSB004 til en stolpe.","rel":"","context":"Similar post","block_context":{"text":"Similar post","link":""},"img":{"alt_text":"","src":"https:\/\/i0.wp.com\/keybox.nl\/wp-content\/uploads\/2021\/12\/KSB005-e1639511667630.png?resize=350%2C200&ssl=1","width":350,"height":200},"classes":[]},{"id":201,"url":"https:\/\/keybox.nl\/da\/vare\/keysecuritybox-sleutelkluis-ksb107-wl\/","url_meta":{"origin":109,"position":4},"title":"Keysecuritybox KSB107 W n\u00f8gleskab","author":"Keybox@beheermodule","date":"28 januar 2022","format":false,"excerpt":"N\u00f8glesikkerhedsboks KSB107 XL KSB107 kan installeres i en v\u00e6g\/v\u00e6g og er ekstremt sikker. Rulle\u00e5bning L66, H64, D 124 mm.","rel":"","context":"Similar post","block_context":{"text":"Similar post","link":""},"img":{"alt_text":"","src":"https:\/\/i0.wp.com\/keybox.nl\/wp-content\/uploads\/2022\/01\/Keysecuritybox-KSB107XL-300x300.jpg?resize=350%2C200","width":350,"height":200},"classes":[]},{"id":72,"url":"https:\/\/keybox.nl\/da\/vare\/keysecuritybox-sleutelkluis-ksb101a-ksb102a\/","url_meta":{"origin":109,"position":5},"title":"N\u00f8glesikkerhedsboks KSB101A, KSB102A ekstra pansret n\u00f8gleskab","author":"Keybox@beheermodule","date":"1 december 2021","format":false,"excerpt":"Keysecuritybox KSB101A &amp; KSB102A KSB101A og 102A er udstyret med ekstra Armor \/ panser. Inde i pengeskabet er der et ekstra indre pengeskab lavet af specialst\u00e5l, der giver h\u00f8jere beskyttelse mod angreb. Et pengeskab i to versioner: indskudshjul til venstre eller h\u00f8jre","rel":"","context":"With 1 comment","block_context":{"text":"With 1 comment","link":"https:\/\/keybox.nl\/da\/vare\/keysecuritybox-sleutelkluis-ksb101a-ksb102a\/#comments"},"img":{"alt_text":"","src":"https:\/\/i0.wp.com\/keybox.nl\/wp-content\/uploads\/2021\/11\/KSB_101_3-scaled-e1638352491754.jpg?resize=350%2C200&ssl=1","width":350,"height":200},"classes":[]}],"jetpack_sharing_enabled":true,"_links":{"self":[{"href":"https:\/\/keybox.nl\/da\/wp-json\/wp\/v2\/product\/109","targetHints":{"allow":["GET"]}}],"collection":[{"href":"https:\/\/keybox.nl\/da\/wp-json\/wp\/v2\/product"}],"about":[{"href":"https:\/\/keybox.nl\/da\/wp-json\/wp\/v2\/types\/product"}],"replies":[{"embeddable":true,"href":"https:\/\/keybox.nl\/da\/wp-json\/wp\/v2\/comments?post=109"}],"wp:featuredmedia":[{"embeddable":true,"href":"https:\/\/keybox.nl\/da\/wp-json\/wp\/v2\/media\/63"}],"wp:attachment":[{"href":"https:\/\/keybox.nl\/da\/wp-json\/wp\/v2\/media?parent=109"}],"wp:term":[{"taxonomy":"product_brand","embeddable":true,"href":"https:\/\/keybox.nl\/da\/wp-json\/wp\/v2\/product_brand?post=109"},{"taxonomy":"product_cat","embeddable":true,"href":"https:\/\/keybox.nl\/da\/wp-json\/wp\/v2\/product_cat?post=109"},{"taxonomy":"product_tag","embeddable":true,"href":"https:\/\/keybox.nl\/da\/wp-json\/wp\/v2\/product_tag?post=109"}],"curies":[{"name":"wp","href":"https:\/\/api.w.org\/{rel}","templated":true}]}}