{"id":552,"date":"2022-03-11T10:34:30","date_gmt":"2022-03-11T10:34:30","guid":{"rendered":"http:\/\/keybox.nl\/?page_id=552"},"modified":"2023-07-25T09:31:59","modified_gmt":"2023-07-25T09:31:59","slug":"kluis-waardeberging-kopen","status":"publish","type":"page","link":"https:\/\/keybox.nl\/da\/kluis-waardeberging-kopen\/","title":{"rendered":"K\u00f8b en bankboks"},"content":{"rendered":"<div class=\"wp-block-cover alignfull\" style=\"min-height:200px;aspect-ratio:unset;\"><span aria-hidden=\"true\" class=\"wp-block-cover__background has-background-dim-60 has-background-dim\"><\/span><img decoding=\"async\" width=\"1920\" height=\"2560\" class=\"wp-block-cover__image-background wp-image-126\" alt=\"Kluis\" src=\"http:\/\/keybox.nl\/wp-content\/uploads\/2021\/12\/KSB103-KSB005-4-scaled.jpg\" style=\"object-position:50% 50%\" data-object-fit=\"cover\" data-object-position=\"50% 50%\" srcset=\"https:\/\/keybox.nl\/wp-content\/uploads\/2021\/12\/KSB103-KSB005-4-scaled.jpg 1920w, https:\/\/keybox.nl\/wp-content\/uploads\/2021\/12\/KSB103-KSB005-4-416x555.jpg 416w, https:\/\/keybox.nl\/wp-content\/uploads\/2021\/12\/KSB103-KSB005-4-225x300.jpg 225w, https:\/\/keybox.nl\/wp-content\/uploads\/2021\/12\/KSB103-KSB005-4-768x1024.jpg 768w, https:\/\/keybox.nl\/wp-content\/uploads\/2021\/12\/KSB103-KSB005-4-1152x1536.jpg 1152w, https:\/\/keybox.nl\/wp-content\/uploads\/2021\/12\/KSB103-KSB005-4-1536x2048.jpg 1536w, https:\/\/keybox.nl\/wp-content\/uploads\/2021\/12\/KSB103-KSB005-4-1320x1760.jpg 1320w\" sizes=\"(max-width: 1920px) 100vw, 1920px\" \/><div class=\"wp-block-cover__inner-container is-layout-flow wp-block-cover-is-layout-flow\">\n<h1 class=\"wp-block-heading alignwide has-text-align-left has-white-color has-text-color\" style=\"font-size:40px\">K\u00f8b et pengeskab af h\u00f8j v\u00e6rdi<\/h1>\n\n\n\n<div class=\"wp-block-columns alignwide is-layout-flex wp-container-core-columns-is-layout-28f84493 wp-block-columns-is-layout-flex\">\n<div class=\"wp-block-column is-layout-flow wp-block-column-is-layout-flow\" style=\"flex-basis:55%\">\n<div class=\"wp-block-buttons is-layout-flex wp-block-buttons-is-layout-flex\">\n<div class=\"wp-block-button cta-knop alignleft\"><a class=\"wp-block-button__link has-black-color has-white-background-color has-text-color has-background wp-element-button\" href=\"http:\/\/keybox.nl\/da\/\">Til webshoppen!<\/a><\/div>\n<\/div>\n<\/div>\n<\/div>\n<\/div><\/div>\n\n\n\n<div style=\"height:50px\" aria-hidden=\"true\" class=\"wp-block-spacer\"><\/div>\n\n\n\n<div class=\"wp-block-group alignfull is-content-justification-center is-layout-flex wp-container-core-group-is-layout-81a7f686 wp-block-group-is-layout-flex\">\n<p class=\"usps has-normal-font-size\">\u2713 Brugervenlig<\/p>\n\n\n\n<p>\u2713 Modstandsdygtig og sikker<\/p>\n\n\n\n<p>\u2713 Forskellige modeller<\/p>\n<\/div>\n\n\n\n<style>\nh1.entry-title {\ndisplay: none;\n}\n\n.cta-knop {\nmargin-left: 35px !important;\n}\n\n.cta-knop:hover {\nopacity: 0.75;\n}\n\n@media only screen and (max-width: 1064px) {\n.cta-knop {\nmargin-left: 0px !important;\n}\n\n.wp-block-group.alignfull {\n    display: flex;\n    flex-direction: column;\n}\n}\n<\/style>\n\n\n\n<div style=\"height:100px\" aria-hidden=\"true\" class=\"wp-block-spacer\"><\/div>\n\n\n\n<p class=\"has-text-align-left align-left has-black-color has-text-color has-normal-font-size\">Til meget v\u00e6rdifulde ejendele b\u00f8r du k\u00f8be et pengeskab med en h\u00f8j v\u00e6rdiopbevaring. Et pengeskabs maksimale v\u00e6rdiopbevaring angiver det bel\u00f8b, som indholdet af dit pengeskab er forsikret op til. Hos Keybox.co.uk s\u00e6lger vi pengeskabe, der er s\u00e6rligt sikre og derfor har en h\u00f8j v\u00e6rdiopbevaring. Ud over den fremragende beskyttelse mod tyveri er vores pengeskabe meget brugervenlige for dig.<\/p>\n\n\n\n<div style=\"height:100px\" aria-hidden=\"true\" class=\"wp-block-spacer\"><\/div>\n\n\n\n<div class=\"wp-block-group is-content-justification-center is-layout-flex wp-container-core-group-is-layout-81a7f686 wp-block-group-is-layout-flex\">\n<div class=\"wp-block-media-text alignwide is-stacked-on-mobile is-vertically-aligned-center\" style=\"grid-template-columns:40% auto\"><figure class=\"wp-block-media-text__media\"><img decoding=\"async\" width=\"1024\" height=\"1024\" src=\"http:\/\/keybox.nl\/wp-content\/uploads\/2021\/12\/KSB_102_1-1024x1024.jpg\" alt=\"\" class=\"wp-image-104 size-full\"\/><\/figure><div class=\"wp-block-media-text__content\">\n<h2 class=\"wp-block-heading has-text-color\" style=\"color:#000000;font-size:32px\">Her kan du k\u00f8be et pengeskab med en h\u00f8j indikation af v\u00e6rdibevarelse<\/h2>\n\n\n\n<p class=\"has-text-color has-normal-font-size\" style=\"color:#000000\">N\u00e5r du v\u00e6lger at lave en <a href=\"http:\/\/keybox.nl\/da\/\">K\u00f8b sikkert<\/a>, Selvf\u00f8lgelig vil du v\u00e6re sikker p\u00e5, at dette pengeskab giver optimal beskyttelse. Hos os kan du k\u00f8be et pengeskab med stor lagerkapacitet til en attraktiv pris. Vores pengeskabe er meget indbrudssikre. Fra <a href=\"http:\/\/keybox.nl\/da\/vare-kategori\/digibox-sleuteluitgifte\/\">Vores digiboks<\/a> beholde koderne efter str\u00f8msvigt. <a href=\"http:\/\/keybox.nl\/da\/vare-kategori\/keybox\/keysecuritybox\/\">Vores pengeskabe til n\u00f8gler<\/a> er lavet af solidt st\u00e5l, og hjulet g\u00f8r det umuligt at fiske genstande ud af pengeskabet. Derfor er du velkommen til at bruge vores pengeskabe til ejendele af h\u00f8j v\u00e6rdi. Hvis du er p\u00e5 udkig efter en model, der kan monteres p\u00e5 v\u00e6ggen, skal du tjekke <a href=\"http:\/\/keybox.nl\/da\/inbouwkluisjes-kopen\/\">vores indbyggede pengeskabe<\/a>.<\/p>\n<\/div><\/div>\n<\/div>\n\n\n\n<div style=\"height:100px\" aria-hidden=\"true\" class=\"wp-block-spacer\"><\/div>\n\n\n\n<h2 class=\"wp-block-heading has-text-align-center\"><strong>Vil du have et pengeskab af h\u00f8j kvalitet fra os?<\/strong><\/h2>\n\n\n\n<div class=\"wp-block-buttons is-content-justification-center is-layout-flex wp-container-core-buttons-is-layout-a89b3969 wp-block-buttons-is-layout-flex\">\n<div class=\"wp-block-button is-style-outline is-style-outline--1\"><a class=\"wp-block-button__link wp-element-button\" href=\"http:\/\/keybox.nl\/da\/\">Se webshoppen<\/a><\/div>\n<\/div>\n\n\n\n<div style=\"height:100px\" aria-hidden=\"true\" class=\"wp-block-spacer\"><\/div>\n\n\n\n<div class=\"wp-block-group is-content-justification-center is-layout-flex wp-container-core-group-is-layout-81a7f686 wp-block-group-is-layout-flex\">\n<div class=\"wp-block-media-text alignwide has-media-on-the-right is-stacked-on-mobile is-vertically-aligned-center\" style=\"grid-template-columns:auto 40%\"><div class=\"wp-block-media-text__content\">\n<h3 class=\"wp-block-heading has-text-color\" style=\"color:#000000;font-size:32px\"><strong>K\u00f8b sikker opbevaring<\/strong><\/h3>\n\n\n\n<p class=\"has-text-color has-normal-font-size\" style=\"color:#000000\">A <a href=\"http:\/\/keybox.nl\/da\/inbraakwerende-kluis-kopen\/\">Indbrudssikkert pengeskab<\/a> Hos os kan du nemt k\u00f8be pengeskabe med en h\u00f8j v\u00e6rdiopbevaringskapacitet online. Vi tilbyder fremragende pengeskabe til lave priser. Desuden tilbyder vi den n\u00f8dvendige hj\u00e6lp til at installere dit pengeskab. Bestil dit pengeskab i vores webshop nu. Vil du gerne have mere information f\u00f8rst? Kontakt os venligst via <a href=\"http:\/\/keybox.nl\/da\/contact\/\">kontaktformular<\/a> og eventuelt anmode om et bes\u00f8g p\u00e5 vores afdeling i Bussum.<\/p>\n<\/div><figure class=\"wp-block-media-text__media\"><img decoding=\"async\" width=\"600\" height=\"800\" src=\"http:\/\/keybox.nl\/wp-content\/uploads\/2021\/12\/Extra-Armor-KSB.jpg\" alt=\"Kluis los\" class=\"wp-image-103 size-full\" srcset=\"https:\/\/keybox.nl\/wp-content\/uploads\/2021\/12\/Extra-Armor-KSB.jpg 600w, https:\/\/keybox.nl\/wp-content\/uploads\/2021\/12\/Extra-Armor-KSB-416x555.jpg 416w, https:\/\/keybox.nl\/wp-content\/uploads\/2021\/12\/Extra-Armor-KSB-225x300.jpg 225w\" sizes=\"(max-width: 600px) 100vw, 600px\" \/><\/figure><\/div>\n<\/div>\n\n\n\n<div style=\"height:50px\" aria-hidden=\"true\" class=\"wp-block-spacer\"><\/div>\n\n\n\n<h2 class=\"wp-block-heading alignwide has-text-align-left form-titel\"><strong>Har du sp\u00f8rgsm\u00e5l om sikkerhed?<\/strong><\/h2>\n\n\n<div class=\"wp-block-jetpack-contact-form alignwide is-layout-flex wp-container-jetpack-contact-form-is-layout-2b4208ba wp-block-jetpack-contact-form-is-layout-flex\"><a href=\"https:\/\/keybox.nl\/da\/kluis-waardeberging-kopen\/\" target=\"_blank\" rel=\"noopener noreferrer\">Indsend en formular.<\/a><\/div>\n\n\n<p><\/p>","protected":false},"excerpt":{"rendered":"<p>\u2713 Gebruiksvriendelijk \u2713 Bestendig en veilig \u2713 Diverse modellen Voor zeer waardevolle eigendommen dient u een kluis met een hoge waardeberging te kopen. De maximale waardeberging van een kluis geeft aan tot welk bedrag de inhoud van uw kluis verzekerd is. Bij Keybox.nl verkopen wij kluizen die bijzonder veilig zijn en daardoor een hoge waardeberging [&hellip;]<\/p>\n","protected":false},"author":1,"featured_media":0,"parent":0,"menu_order":0,"comment_status":"closed","ping_status":"closed","template":"template-fullwidth.php","meta":{"footnotes":""},"class_list":["post-552","page","type-page","status-publish","hentry"],"yoast_head":"<!-- This site is optimized with the Yoast SEO plugin v27.4 - https:\/\/yoast.com\/product\/yoast-seo-wordpress\/ -->\n<title>Een kluis met hoge waardeberging kopen voor extra zekerheid -<\/title>\n<meta name=\"description\" content=\"Wilt u graag een kluis met hoge waardeberging kopen? Ontdek dan onze stevige kluizen. Bestel nu een kluis naar keuze en bescherm uw waardevolle spullen.\" \/>\n<meta name=\"robots\" content=\"index, follow, max-snippet:-1, max-image-preview:large, max-video-preview:-1\" \/>\n<link rel=\"canonical\" href=\"https:\/\/keybox.nl\/da\/kluis-waardeberging-kopen\/\" \/>\n<meta property=\"og:locale\" content=\"da_DK\" \/>\n<meta property=\"og:type\" content=\"article\" \/>\n<meta property=\"og:title\" content=\"Een kluis met hoge waardeberging kopen voor extra zekerheid -\" \/>\n<meta property=\"og:description\" content=\"Wilt u graag een kluis met hoge waardeberging kopen? Ontdek dan onze stevige kluizen. Bestel nu een kluis naar keuze en bescherm uw waardevolle spullen.\" \/>\n<meta property=\"og:url\" content=\"https:\/\/keybox.nl\/da\/kluis-waardeberging-kopen\/\" \/>\n<meta property=\"article:modified_time\" content=\"2023-07-25T09:31:59+00:00\" \/>\n<meta property=\"og:image\" content=\"http:\/\/keybox.nl\/wp-content\/uploads\/2021\/12\/KSB103-KSB005-4-scaled.jpg\" \/>\n<meta name=\"twitter:card\" content=\"summary_large_image\" \/>\n<meta name=\"twitter:label1\" content=\"Estimeret l\u00e6setid\" \/>\n\t<meta name=\"twitter:data1\" content=\"2 minutter\" \/>\n<script type=\"application\/ld+json\" class=\"yoast-schema-graph\">{\"@context\":\"https:\\\/\\\/schema.org\",\"@graph\":[{\"@type\":\"WebPage\",\"@id\":\"https:\\\/\\\/keybox.nl\\\/kluis-waardeberging-kopen\\\/\",\"url\":\"https:\\\/\\\/keybox.nl\\\/kluis-waardeberging-kopen\\\/\",\"name\":\"Een kluis met hoge waardeberging kopen voor extra zekerheid -\",\"isPartOf\":{\"@id\":\"https:\\\/\\\/keybox.nl\\\/#website\"},\"primaryImageOfPage\":{\"@id\":\"https:\\\/\\\/keybox.nl\\\/kluis-waardeberging-kopen\\\/#primaryimage\"},\"image\":{\"@id\":\"https:\\\/\\\/keybox.nl\\\/kluis-waardeberging-kopen\\\/#primaryimage\"},\"thumbnailUrl\":\"http:\\\/\\\/keybox.nl\\\/wp-content\\\/uploads\\\/2021\\\/12\\\/KSB103-KSB005-4-scaled.jpg\",\"datePublished\":\"2022-03-11T10:34:30+00:00\",\"dateModified\":\"2023-07-25T09:31:59+00:00\",\"description\":\"Wilt u graag een kluis met hoge waardeberging kopen? Ontdek dan onze stevige kluizen. Bestel nu een kluis naar keuze en bescherm uw waardevolle spullen.\",\"breadcrumb\":{\"@id\":\"https:\\\/\\\/keybox.nl\\\/kluis-waardeberging-kopen\\\/#breadcrumb\"},\"inLanguage\":\"da-DK\",\"potentialAction\":[{\"@type\":\"ReadAction\",\"target\":[\"https:\\\/\\\/keybox.nl\\\/kluis-waardeberging-kopen\\\/\"]}]},{\"@type\":\"ImageObject\",\"inLanguage\":\"da-DK\",\"@id\":\"https:\\\/\\\/keybox.nl\\\/kluis-waardeberging-kopen\\\/#primaryimage\",\"url\":\"http:\\\/\\\/keybox.nl\\\/wp-content\\\/uploads\\\/2021\\\/12\\\/KSB103-KSB005-4-scaled.jpg\",\"contentUrl\":\"http:\\\/\\\/keybox.nl\\\/wp-content\\\/uploads\\\/2021\\\/12\\\/KSB103-KSB005-4-scaled.jpg\"},{\"@type\":\"BreadcrumbList\",\"@id\":\"https:\\\/\\\/keybox.nl\\\/kluis-waardeberging-kopen\\\/#breadcrumb\",\"itemListElement\":[{\"@type\":\"ListItem\",\"position\":1,\"name\":\"Home\",\"item\":\"https:\\\/\\\/keybox.nl\\\/\"},{\"@type\":\"ListItem\",\"position\":2,\"name\":\"Kluis waardeberging kopen\"}]},{\"@type\":\"WebSite\",\"@id\":\"https:\\\/\\\/keybox.nl\\\/#website\",\"url\":\"https:\\\/\\\/keybox.nl\\\/\",\"name\":\"\",\"description\":\"\",\"potentialAction\":[{\"@type\":\"SearchAction\",\"target\":{\"@type\":\"EntryPoint\",\"urlTemplate\":\"https:\\\/\\\/keybox.nl\\\/?s={search_term_string}\"},\"query-input\":{\"@type\":\"PropertyValueSpecification\",\"valueRequired\":true,\"valueName\":\"search_term_string\"}}],\"inLanguage\":\"da-DK\"}]}<\/script>\n<!-- \/ Yoast SEO plugin. -->","yoast_head_json":{"title":"K\u00f8b et pengeskab med h\u00f8j v\u00e6rdi for ekstra sikkerhed.","description":"Vil du gerne k\u00f8be et pengeskab til opbevaring af store v\u00e6rdier? S\u00e5 opdag vores robuste pengeskabe. Bestil et pengeskab efter eget valg nu, og beskyt dine v\u00e6rdigenstande.","robots":{"index":"index","follow":"follow","max-snippet":"max-snippet:-1","max-image-preview":"max-image-preview:large","max-video-preview":"max-video-preview:-1"},"canonical":"https:\/\/keybox.nl\/da\/kluis-waardeberging-kopen\/","og_locale":"da_DK","og_type":"article","og_title":"Een kluis met hoge waardeberging kopen voor extra zekerheid -","og_description":"Wilt u graag een kluis met hoge waardeberging kopen? Ontdek dan onze stevige kluizen. Bestel nu een kluis naar keuze en bescherm uw waardevolle spullen.","og_url":"https:\/\/keybox.nl\/da\/kluis-waardeberging-kopen\/","article_modified_time":"2023-07-25T09:31:59+00:00","og_image":[{"url":"http:\/\/keybox.nl\/wp-content\/uploads\/2021\/12\/KSB103-KSB005-4-scaled.jpg","type":"","width":"","height":""}],"twitter_card":"summary_large_image","twitter_misc":{"Estimeret l\u00e6setid":"2 minutter"},"schema":{"@context":"https:\/\/schema.org","@graph":[{"@type":"WebPage","@id":"https:\/\/keybox.nl\/kluis-waardeberging-kopen\/","url":"https:\/\/keybox.nl\/kluis-waardeberging-kopen\/","name":"K\u00f8b et pengeskab med h\u00f8j v\u00e6rdi for ekstra sikkerhed.","isPartOf":{"@id":"https:\/\/keybox.nl\/#website"},"primaryImageOfPage":{"@id":"https:\/\/keybox.nl\/kluis-waardeberging-kopen\/#primaryimage"},"image":{"@id":"https:\/\/keybox.nl\/kluis-waardeberging-kopen\/#primaryimage"},"thumbnailUrl":"http:\/\/keybox.nl\/wp-content\/uploads\/2021\/12\/KSB103-KSB005-4-scaled.jpg","datePublished":"2022-03-11T10:34:30+00:00","dateModified":"2023-07-25T09:31:59+00:00","description":"Vil du gerne k\u00f8be et pengeskab til opbevaring af store v\u00e6rdier? S\u00e5 opdag vores robuste pengeskabe. Bestil et pengeskab efter eget valg nu, og beskyt dine v\u00e6rdigenstande.","breadcrumb":{"@id":"https:\/\/keybox.nl\/kluis-waardeberging-kopen\/#breadcrumb"},"inLanguage":"da-DK","potentialAction":[{"@type":"ReadAction","target":["https:\/\/keybox.nl\/kluis-waardeberging-kopen\/"]}]},{"@type":"ImageObject","inLanguage":"da-DK","@id":"https:\/\/keybox.nl\/kluis-waardeberging-kopen\/#primaryimage","url":"http:\/\/keybox.nl\/wp-content\/uploads\/2021\/12\/KSB103-KSB005-4-scaled.jpg","contentUrl":"http:\/\/keybox.nl\/wp-content\/uploads\/2021\/12\/KSB103-KSB005-4-scaled.jpg"},{"@type":"BreadcrumbList","@id":"https:\/\/keybox.nl\/kluis-waardeberging-kopen\/#breadcrumb","itemListElement":[{"@type":"ListItem","position":1,"name":"Home","item":"https:\/\/keybox.nl\/"},{"@type":"ListItem","position":2,"name":"Kluis waardeberging kopen"}]},{"@type":"WebSite","@id":"https:\/\/keybox.nl\/#website","url":"https:\/\/keybox.nl\/","name":"","description":"","potentialAction":[{"@type":"SearchAction","target":{"@type":"EntryPoint","urlTemplate":"https:\/\/keybox.nl\/?s={search_term_string}"},"query-input":{"@type":"PropertyValueSpecification","valueRequired":true,"valueName":"search_term_string"}}],"inLanguage":"da-DK"}]}},"jetpack-related-posts":[{"id":554,"url":"https:\/\/keybox.nl\/da\/kluis-waardeberging-kopen-2\/","url_meta":{"origin":552,"position":0},"title":"K\u00f8b en bankboks","author":"Keybox@beheermodule","date":"11 marts 2022","format":false,"excerpt":"K\u00f8b et pengeskab med h\u00f8j sikkerhed Til webshoppen! \u2713 Brugervenligt \u2713 Modstandsdygtigt og sikkert \u2713 Forskellige modeller Til utroligt v\u00e6rdifulde ejendele b\u00f8r du k\u00f8be et pengeskab med en h\u00f8j v\u00e6rdiopbevaring. Jo h\u00f8jere v\u00e6rdiopbevaring, jo mere modstandsdygtigt er pengeskabet over for indbrud. Vi hos Keybox.nl i Bussum...","rel":"","context":"Similar post","block_context":{"text":"Similar post","link":""},"img":{"alt_text":"kluis peugeot","src":"https:\/\/i0.wp.com\/keybox.nl\/wp-content\/uploads\/2022\/02\/KSB007-Peugeot-scaled-e1643751089776.jpg?resize=350%2C200&ssl=1","width":350,"height":200,"srcset":"https:\/\/i0.wp.com\/keybox.nl\/wp-content\/uploads\/2022\/02\/KSB007-Peugeot-scaled-e1643751089776.jpg?resize=350%2C200&ssl=1 1x, https:\/\/i0.wp.com\/keybox.nl\/wp-content\/uploads\/2022\/02\/KSB007-Peugeot-scaled-e1643751089776.jpg?resize=525%2C300&ssl=1 1.5x"},"classes":[]},{"id":546,"url":"https:\/\/keybox.nl\/da\/inbouwkluisjes-kopen\/","url_meta":{"origin":552,"position":1},"title":"K\u00f8b indbyggede pengeskabe","author":"Keybox@beheermodule","date":"11 marts 2022","format":false,"excerpt":"K\u00f8b robuste indbyggede pengeskabe til webshoppen! \u2713 Brugervenlig \u2713 Robust og sikker \u2713 Forskellige modeller Vil du k\u00f8be indbyggede pengeskabe til din virksomhed? Vores webshop tilbyder forskellige modeller af pengeskabe, som du installerer i v\u00e6ggen. Fordi systemet er i v\u00e6ggen, kan det ikke tages v\u00e6k og er...","rel":"","context":"Similar post","block_context":{"text":"Similar post","link":""},"img":{"alt_text":"","src":"https:\/\/i0.wp.com\/keybox.nl\/wp-content\/uploads\/2021\/12\/KSB_102_1-e1638478691321.jpg?resize=350%2C200&ssl=1","width":350,"height":200,"srcset":"https:\/\/i0.wp.com\/keybox.nl\/wp-content\/uploads\/2021\/12\/KSB_102_1-e1638478691321.jpg?resize=350%2C200&ssl=1 1x, https:\/\/i0.wp.com\/keybox.nl\/wp-content\/uploads\/2021\/12\/KSB_102_1-e1638478691321.jpg?resize=525%2C300&ssl=1 1.5x, https:\/\/i0.wp.com\/keybox.nl\/wp-content\/uploads\/2021\/12\/KSB_102_1-e1638478691321.jpg?resize=700%2C400&ssl=1 2x"},"classes":[]},{"id":538,"url":"https:\/\/keybox.nl\/da\/kluis-kopen-voor-thuis\/","url_meta":{"origin":552,"position":2},"title":"K\u00f8b pengeskab til hjemmet","author":"Keybox@beheermodule","date":"11 marts 2022","format":false,"excerpt":"K\u00f8b et modstandsdygtigt pengeskab til dit hjem Til webshoppen! \u2713 Brugervenlig \u2713 Modstandsdygtig og sikker \u2713 Forskellige modeller Vil du gerne k\u00f8be et praktisk pengeskab til dit hjem? S\u00e5 har Keybox.co.uk det, du leder efter. Pengeskabe til hjemmet er noget mindre og kr\u00e6ver ikke omfattende installation, hvilket g\u00f8r dem ideelle til...","rel":"","context":"Similar post","block_context":{"text":"Similar post","link":""},"img":{"alt_text":"","src":"https:\/\/i0.wp.com\/keybox.nl\/wp-content\/uploads\/2022\/01\/KSB007-inner-safe-2-e1643896091542.jpg?resize=350%2C200&ssl=1","width":350,"height":200,"srcset":"https:\/\/i0.wp.com\/keybox.nl\/wp-content\/uploads\/2022\/01\/KSB007-inner-safe-2-e1643896091542.jpg?resize=350%2C200&ssl=1 1x, https:\/\/i0.wp.com\/keybox.nl\/wp-content\/uploads\/2022\/01\/KSB007-inner-safe-2-e1643896091542.jpg?resize=525%2C300&ssl=1 1.5x, https:\/\/i0.wp.com\/keybox.nl\/wp-content\/uploads\/2022\/01\/KSB007-inner-safe-2-e1643896091542.jpg?resize=700%2C400&ssl=1 2x"},"classes":[]},{"id":326,"url":"https:\/\/keybox.nl\/da\/goedkope-kluis-kopen\/","url_meta":{"origin":552,"position":3},"title":"K\u00f8b billige pengeskabe","author":"Keybox@beheermodule","date":"3 marts 2022","format":false,"excerpt":"K\u00f8b et billigt pengeskab af h\u00f8j kvalitet I webshoppen! \u2713 Brugervenlig \u2713 Modstandsdygtig og sikker \u2713 Forskellige modeller Hos Keybox.co.uk kan du k\u00f8be et billigt, modstandsdygtigt pengeskab til din virksomhed. Takket v\u00e6re vores pengeskabe kan du altid opbevare n\u00f8gleudstedelsen sikkert. Desuden beh\u00f8ver ingen at v\u00e6re til stede for at...","rel":"","context":"Similar post","block_context":{"text":"Similar post","link":""},"img":{"alt_text":"","src":"https:\/\/i0.wp.com\/keybox.nl\/wp-content\/uploads\/2021\/12\/KSB_102_1-e1638478691321.jpg?resize=350%2C200&ssl=1","width":350,"height":200,"srcset":"https:\/\/i0.wp.com\/keybox.nl\/wp-content\/uploads\/2021\/12\/KSB_102_1-e1638478691321.jpg?resize=350%2C200&ssl=1 1x, https:\/\/i0.wp.com\/keybox.nl\/wp-content\/uploads\/2021\/12\/KSB_102_1-e1638478691321.jpg?resize=525%2C300&ssl=1 1.5x, https:\/\/i0.wp.com\/keybox.nl\/wp-content\/uploads\/2021\/12\/KSB_102_1-e1638478691321.jpg?resize=700%2C400&ssl=1 2x"},"classes":[]},{"id":543,"url":"https:\/\/keybox.nl\/da\/inbraakwerende-kluis-kopen\/","url_meta":{"origin":552,"position":4},"title":"K\u00f8b et indbrudssikkert pengeskab","author":"Keybox@beheermodule","date":"11 marts 2022","format":false,"excerpt":"K\u00f8b et modstandsdygtigt, indbrudssikkert pengeskab Til webshoppen! Brugervenlig \u2713 Modstandsdygtig og sikker \u2713 Forskellige modeller Det er vigtigt at k\u00f8be et indbrudssikkert pengeskab til dine v\u00e6rdigenstande. Det giver dem nemlig en fremragende beskyttelse mod forskellige former for tyveri. Hos Keybox.co.uk kan du k\u00f8be et indbrudssikkert pengeskab til dine n\u00f8gler, som du...","rel":"","context":"Similar post","block_context":{"text":"Similar post","link":""},"img":{"alt_text":"Keysafe Slim line","src":"https:\/\/i0.wp.com\/keybox.nl\/wp-content\/uploads\/2022\/12\/Keysafe_Slim_line_Keybox.jpeg?resize=350%2C200&ssl=1","width":350,"height":200,"srcset":"https:\/\/i0.wp.com\/keybox.nl\/wp-content\/uploads\/2022\/12\/Keysafe_Slim_line_Keybox.jpeg?resize=350%2C200&ssl=1 1x, https:\/\/i0.wp.com\/keybox.nl\/wp-content\/uploads\/2022\/12\/Keysafe_Slim_line_Keybox.jpeg?resize=525%2C300&ssl=1 1.5x, https:\/\/i0.wp.com\/keybox.nl\/wp-content\/uploads\/2022\/12\/Keysafe_Slim_line_Keybox.jpeg?resize=700%2C400&ssl=1 2x"},"classes":[]},{"id":1526,"url":"https:\/\/keybox.nl\/da\/safe-kluis-kopen\/","url_meta":{"origin":552,"position":5},"title":"K\u00f8b sikkert pengeskab","author":"Keybox@beheermodule","date":"20 juli 2023","format":false,"excerpt":"K\u00f8b pengeskab eller hv\u00e6lving G\u00e5 til webshoppen! \u2713 Brugervenligt \u2713 Modstandsdygtigt og sikkert \u2713 Forskellige modeller Hvis du s\u00e6tter pris p\u00e5 sikkerhed og p\u00e5lidelighed, er det f\u00f8rste skridt at k\u00f8be et pengeskab eller en boks. Selvom disse udtryk ofte bruges i fl\u00e6ng, er der subtile forskelle. A...","rel":"","context":"Similar post","block_context":{"text":"Similar post","link":""},"img":{"alt_text":"Regenkap Keysecuritybox","src":"https:\/\/i0.wp.com\/keybox.nl\/wp-content\/uploads\/2022\/01\/IMG_5364-scaled.jpg?resize=350%2C200&ssl=1","width":350,"height":200,"srcset":"https:\/\/i0.wp.com\/keybox.nl\/wp-content\/uploads\/2022\/01\/IMG_5364-scaled.jpg?resize=350%2C200&ssl=1 1x, https:\/\/i0.wp.com\/keybox.nl\/wp-content\/uploads\/2022\/01\/IMG_5364-scaled.jpg?resize=525%2C300&ssl=1 1.5x, https:\/\/i0.wp.com\/keybox.nl\/wp-content\/uploads\/2022\/01\/IMG_5364-scaled.jpg?resize=700%2C400&ssl=1 2x, https:\/\/i0.wp.com\/keybox.nl\/wp-content\/uploads\/2022\/01\/IMG_5364-scaled.jpg?resize=1050%2C600&ssl=1 3x, https:\/\/i0.wp.com\/keybox.nl\/wp-content\/uploads\/2022\/01\/IMG_5364-scaled.jpg?resize=1400%2C800&ssl=1 4x"},"classes":[]}],"jetpack_sharing_enabled":true,"_links":{"self":[{"href":"https:\/\/keybox.nl\/da\/wp-json\/wp\/v2\/pages\/552","targetHints":{"allow":["GET"]}}],"collection":[{"href":"https:\/\/keybox.nl\/da\/wp-json\/wp\/v2\/pages"}],"about":[{"href":"https:\/\/keybox.nl\/da\/wp-json\/wp\/v2\/types\/page"}],"author":[{"embeddable":true,"href":"https:\/\/keybox.nl\/da\/wp-json\/wp\/v2\/users\/1"}],"replies":[{"embeddable":true,"href":"https:\/\/keybox.nl\/da\/wp-json\/wp\/v2\/comments?post=552"}],"version-history":[{"count":5,"href":"https:\/\/keybox.nl\/da\/wp-json\/wp\/v2\/pages\/552\/revisions"}],"predecessor-version":[{"id":1646,"href":"https:\/\/keybox.nl\/da\/wp-json\/wp\/v2\/pages\/552\/revisions\/1646"}],"wp:attachment":[{"href":"https:\/\/keybox.nl\/da\/wp-json\/wp\/v2\/media?parent=552"}],"curies":[{"name":"wp","href":"https:\/\/api.w.org\/{rel}","templated":true}]}}