{"id":550,"date":"2022-03-11T10:31:40","date_gmt":"2022-03-11T10:31:40","guid":{"rendered":"http:\/\/keybox.nl\/?page_id=550"},"modified":"2023-07-25T09:21:47","modified_gmt":"2023-07-25T09:21:47","slug":"sleutelkastjes-met-code-kopen","status":"publish","type":"page","link":"https:\/\/keybox.nl\/da\/sleutelkastjes-met-code-kopen\/","title":{"rendered":"K\u00f8b n\u00f8gleskabe med kode"},"content":{"rendered":"<div class=\"wp-block-cover alignfull\" style=\"min-height:200px;aspect-ratio:unset;\"><span aria-hidden=\"true\" class=\"wp-block-cover__background has-background-dim-60 has-background-dim\"><\/span><img decoding=\"async\" width=\"1920\" height=\"2560\" class=\"wp-block-cover__image-background wp-image-126\" alt=\"Kluis\" src=\"http:\/\/keybox.nl\/wp-content\/uploads\/2021\/12\/KSB103-KSB005-4-scaled.jpg\" style=\"object-position:50% 50%\" data-object-fit=\"cover\" data-object-position=\"50% 50%\" srcset=\"https:\/\/keybox.nl\/wp-content\/uploads\/2021\/12\/KSB103-KSB005-4-scaled.jpg 1920w, https:\/\/keybox.nl\/wp-content\/uploads\/2021\/12\/KSB103-KSB005-4-416x555.jpg 416w, https:\/\/keybox.nl\/wp-content\/uploads\/2021\/12\/KSB103-KSB005-4-225x300.jpg 225w, https:\/\/keybox.nl\/wp-content\/uploads\/2021\/12\/KSB103-KSB005-4-768x1024.jpg 768w, https:\/\/keybox.nl\/wp-content\/uploads\/2021\/12\/KSB103-KSB005-4-1152x1536.jpg 1152w, https:\/\/keybox.nl\/wp-content\/uploads\/2021\/12\/KSB103-KSB005-4-1536x2048.jpg 1536w, https:\/\/keybox.nl\/wp-content\/uploads\/2021\/12\/KSB103-KSB005-4-1320x1760.jpg 1320w\" sizes=\"(max-width: 1920px) 100vw, 1920px\" \/><div class=\"wp-block-cover__inner-container is-layout-flow wp-block-cover-is-layout-flow\">\n<h1 class=\"wp-block-heading alignwide has-text-align-left has-white-color has-text-color\" style=\"font-size:40px\">K\u00f8b sikre n\u00f8gleskabe med kode<\/h1>\n\n\n\n<div class=\"wp-block-columns alignwide is-layout-flex wp-container-core-columns-is-layout-28f84493 wp-block-columns-is-layout-flex\">\n<div class=\"wp-block-column is-layout-flow wp-block-column-is-layout-flow\" style=\"flex-basis:55%\">\n<div class=\"wp-block-buttons is-layout-flex wp-block-buttons-is-layout-flex\">\n<div class=\"wp-block-button cta-knop alignleft\"><a class=\"wp-block-button__link has-black-color has-white-background-color has-text-color has-background wp-element-button\" href=\"http:\/\/keybox.nl\/da\/\">Til webshoppen!<\/a><\/div>\n<\/div>\n<\/div>\n<\/div>\n<\/div><\/div>\n\n\n\n<div style=\"height:50px\" aria-hidden=\"true\" class=\"wp-block-spacer\"><\/div>\n\n\n\n<div class=\"wp-block-group alignfull is-content-justification-center is-layout-flex wp-container-core-group-is-layout-81a7f686 wp-block-group-is-layout-flex\">\n<p class=\"usps has-normal-font-size\">\u2713 Brugervenlig<\/p>\n\n\n\n<p>\u2713 Modstandsdygtig og sikker<\/p>\n\n\n\n<p>\u2713 Forskellige modeller<\/p>\n<\/div>\n\n\n\n<style>\nh1.entry-title {\ndisplay:none;\n}\n\n.cta-knop {\nmargin-left: 35px !important;\n}\n\n.cta-knop:hover {\nopacity: 0.75;\n}\n\n@media only screen and (max-width: 1064px) {\n.cta-knop {\nmargin-left: 0px !important;\n}\n\n.wp-block-group.alignfull {\n    display: flex;\n    flex-direction: column;\n}\n}\n<\/style>\n\n\n\n<div style=\"height:100px\" aria-hidden=\"true\" class=\"wp-block-spacer\"><\/div>\n\n\n\n<p class=\"has-text-align-left align-left has-black-color has-text-color has-normal-font-size\">Keybox.co.uk er hjemmesiden, hvor du kan k\u00f8be kvalitetsn\u00f8gleskabe med kode. Med vores skabe kan du nemt administrere op til syv n\u00f8gler. De leveres med en r\u00e6kke muligheder, som du kan programmere efter eget \u00f8nske, f.eks. en velkomsttekst og l\u00e5setider. V\u00e6lg kvalitet med vores skabe!<\/p>\n\n\n\n<div style=\"height:100px\" aria-hidden=\"true\" class=\"wp-block-spacer\"><\/div>\n\n\n\n<div class=\"wp-block-group is-content-justification-center is-layout-flex wp-container-core-group-is-layout-81a7f686 wp-block-group-is-layout-flex\">\n<div class=\"wp-block-media-text alignwide is-stacked-on-mobile is-vertically-aligned-center\" style=\"grid-template-columns:40% auto\"><figure class=\"wp-block-media-text__media\"><img decoding=\"async\" width=\"1024\" height=\"1024\" src=\"http:\/\/keybox.nl\/wp-content\/uploads\/2022\/02\/Digibox-7-haken-Keybox-1024x1024.jpg\" alt=\"\" class=\"wp-image-304 size-full\"\/><\/figure><div class=\"wp-block-media-text__content\">\n<h2 class=\"wp-block-heading has-text-color\" style=\"color:#000000;font-size:32px\">Her kan du k\u00f8be n\u00f8gleskabe med en numerisk kode<\/h2>\n\n\n\n<p class=\"has-text-color has-normal-font-size\" style=\"color:#000000\">N\u00e5r du har flere n\u00f8gler at holde styr p\u00e5, giver det god mening at opbevare dem sikkert. Takket v\u00e6re vores <a href=\"http:\/\/keybox.nl\/da\/\">N\u00f8gleskabe af h\u00f8j kvalitet<\/a> har du en sikker opbevaringsplads til op til syv n\u00f8gler. Du indstiller en numerisk kode p\u00e5 fire til 10 tegn, som giver adgang til en bestemt n\u00f8gle. Derefter <a href=\"http:\/\/keybox.nl\/da\/inbraakwerende-kluis-kopen\/\">Indbrudssikkert pengeskab<\/a> den tilsvarende n\u00f8gle ind i den oplyste \u00e5bning. S\u00e5 dette smarte system er meget brugervenligt. Du programmerer selv velkomsttekst, l\u00e5setider og sprog. Du kan ogs\u00e5 k\u00f8be n\u00f8gleboksene med kode i vores webshop eller i butikken i Bussum i forskellige farver. Hvis du \u00f8nsker at opbevare f\u00e6rre n\u00f8gler, kan du ogs\u00e5 <a href=\"http:\/\/keybox.nl\/da\/kleine-sleutelkluisjes-kopen\/\">K\u00f8b sm\u00e5 n\u00f8gleskabe<\/a>. Takket v\u00e6re vores brede sortiment kan du v\u00e6lge den l\u00f8sning, der passer bedst til din virksomhed. Er du ogs\u00e5 p\u00e5 udkig efter et n\u00f8gleretursystem? I vores webshop kan du ogs\u00e5 finde en praktisk <a href=\"http:\/\/keybox.nl\/da\/afstortkluis-bestellen\/\">Bestil et pengeskab<\/a>.<\/p>\n<\/div><\/div>\n<\/div>\n\n\n\n<div style=\"height:100px\" aria-hidden=\"true\" class=\"wp-block-spacer\"><\/div>\n\n\n\n<h2 class=\"wp-block-heading has-text-align-center\"><strong>Vil du k\u00f8be n\u00f8gleringe med kode?<\/strong><\/h2>\n\n\n\n<div class=\"wp-block-buttons is-content-justification-center is-layout-flex wp-container-core-buttons-is-layout-a89b3969 wp-block-buttons-is-layout-flex\">\n<div class=\"wp-block-button is-style-outline is-style-outline--1\"><a class=\"wp-block-button__link wp-element-button\" href=\"http:\/\/keybox.nl\/da\/\">Se webshoppen<\/a><\/div>\n<\/div>\n\n\n\n<div style=\"height:100px\" aria-hidden=\"true\" class=\"wp-block-spacer\"><\/div>\n\n\n\n<div class=\"wp-block-group is-content-justification-center is-layout-flex wp-container-core-group-is-layout-81a7f686 wp-block-group-is-layout-flex\">\n<div class=\"wp-block-media-text alignwide has-media-on-the-right is-stacked-on-mobile is-vertically-aligned-center\" style=\"grid-template-columns:auto 40%\"><div class=\"wp-block-media-text__content\">\n<h3 class=\"wp-block-heading has-text-color\" style=\"color:#000000;font-size:32px\"><strong>Kontakt os og bed om et tilbud<\/strong><\/h3>\n\n\n\n<p class=\"has-text-color has-normal-font-size\" style=\"color:#000000\">Hvis du \u00f8nsker at k\u00f8be en af vores n\u00f8glebokse med kode, kan du bestille den med det samme i vores webshop. Vil du gerne have et tilbud f\u00f8rst? S\u00e5 anmod om et tilbud ved at bruge kontaktformularen p\u00e5 <a href=\"http:\/\/keybox.nl\/da\/contact\/\">vores kontaktside<\/a>. Du kan ogs\u00e5 bruge denne formular til at anmode om et bes\u00f8g, hvis du \u00f8nsker det. Vi vil med gl\u00e6de hj\u00e6lpe dig!<\/p>\n<\/div><figure class=\"wp-block-media-text__media\"><img decoding=\"async\" width=\"600\" height=\"800\" src=\"http:\/\/keybox.nl\/wp-content\/uploads\/2021\/12\/Extra-Armor-KSB.jpg\" alt=\"Kluis los\" class=\"wp-image-103 size-full\" srcset=\"https:\/\/keybox.nl\/wp-content\/uploads\/2021\/12\/Extra-Armor-KSB.jpg 600w, https:\/\/keybox.nl\/wp-content\/uploads\/2021\/12\/Extra-Armor-KSB-416x555.jpg 416w, https:\/\/keybox.nl\/wp-content\/uploads\/2021\/12\/Extra-Armor-KSB-225x300.jpg 225w\" sizes=\"(max-width: 600px) 100vw, 600px\" \/><\/figure><\/div>\n<\/div>\n\n\n\n<div style=\"height:50px\" aria-hidden=\"true\" class=\"wp-block-spacer\"><\/div>\n\n\n\n<h2 class=\"wp-block-heading alignwide has-text-align-left form-titel\"><strong>Har du sp\u00f8rgsm\u00e5l om sikkerhed?<\/strong><\/h2>\n\n\n<div class=\"wp-block-jetpack-contact-form alignwide is-layout-flex wp-container-jetpack-contact-form-is-layout-2b4208ba wp-block-jetpack-contact-form-is-layout-flex\"><a href=\"https:\/\/keybox.nl\/da\/sleutelkastjes-met-code-kopen\/\" target=\"_blank\" rel=\"noopener noreferrer\">Indsend en formular.<\/a><\/div>\n\n\n<p><\/p>","protected":false},"excerpt":{"rendered":"<p>\u2713 Gebruiksvriendelijk \u2713 Bestendig en veilig \u2713 Diverse modellen Keybox.nl is d\u00e9 website om kwalitatieve sleutelkastjes met een code kopen. In onze kluisjes kunt u eenvoudig tot wel zeven sleutels beheren. Er zitten een aantal opties op die u naar uw wens kunt programmeren, zoals een welkomsttekst en de vergrendelingstijden. Kies voor kwaliteit met onze [&hellip;]<\/p>\n","protected":false},"author":1,"featured_media":0,"parent":0,"menu_order":0,"comment_status":"closed","ping_status":"closed","template":"template-fullwidth.php","meta":{"footnotes":""},"class_list":["post-550","page","type-page","status-publish","hentry"],"yoast_head":"<!-- This site is optimized with the Yoast SEO plugin v27.5 - https:\/\/yoast.com\/product\/yoast-seo-wordpress\/ -->\n<title>Hier kunt u sleutelkastjes met code kopen -<\/title>\n<meta name=\"description\" content=\"In onze webshop kunt u stevige sleutelkastjes met code kopen. Bestel ze nu en beveilig uw sleutels! Wij geven u graag professioneel advies.\" \/>\n<meta name=\"robots\" content=\"index, follow, max-snippet:-1, max-image-preview:large, max-video-preview:-1\" \/>\n<link rel=\"canonical\" href=\"https:\/\/keybox.nl\/da\/sleutelkastjes-met-code-kopen\/\" \/>\n<meta property=\"og:locale\" content=\"da_DK\" \/>\n<meta property=\"og:type\" content=\"article\" \/>\n<meta property=\"og:title\" content=\"Hier kunt u sleutelkastjes met code kopen -\" \/>\n<meta property=\"og:description\" content=\"In onze webshop kunt u stevige sleutelkastjes met code kopen. Bestel ze nu en beveilig uw sleutels! Wij geven u graag professioneel advies.\" \/>\n<meta property=\"og:url\" content=\"https:\/\/keybox.nl\/da\/sleutelkastjes-met-code-kopen\/\" \/>\n<meta property=\"article:modified_time\" content=\"2023-07-25T09:21:47+00:00\" \/>\n<meta property=\"og:image\" content=\"http:\/\/keybox.nl\/wp-content\/uploads\/2021\/12\/KSB103-KSB005-4-scaled.jpg\" \/>\n<meta name=\"twitter:card\" content=\"summary_large_image\" \/>\n<meta name=\"twitter:label1\" content=\"Estimeret l\u00e6setid\" \/>\n\t<meta name=\"twitter:data1\" content=\"3 minutter\" \/>\n<script type=\"application\/ld+json\" class=\"yoast-schema-graph\">{\"@context\":\"https:\\\/\\\/schema.org\",\"@graph\":[{\"@type\":\"WebPage\",\"@id\":\"https:\\\/\\\/keybox.nl\\\/sleutelkastjes-met-code-kopen\\\/\",\"url\":\"https:\\\/\\\/keybox.nl\\\/sleutelkastjes-met-code-kopen\\\/\",\"name\":\"Hier kunt u sleutelkastjes met code kopen -\",\"isPartOf\":{\"@id\":\"https:\\\/\\\/keybox.nl\\\/#website\"},\"primaryImageOfPage\":{\"@id\":\"https:\\\/\\\/keybox.nl\\\/sleutelkastjes-met-code-kopen\\\/#primaryimage\"},\"image\":{\"@id\":\"https:\\\/\\\/keybox.nl\\\/sleutelkastjes-met-code-kopen\\\/#primaryimage\"},\"thumbnailUrl\":\"http:\\\/\\\/keybox.nl\\\/wp-content\\\/uploads\\\/2021\\\/12\\\/KSB103-KSB005-4-scaled.jpg\",\"datePublished\":\"2022-03-11T10:31:40+00:00\",\"dateModified\":\"2023-07-25T09:21:47+00:00\",\"description\":\"In onze webshop kunt u stevige sleutelkastjes met code kopen. Bestel ze nu en beveilig uw sleutels! Wij geven u graag professioneel advies.\",\"breadcrumb\":{\"@id\":\"https:\\\/\\\/keybox.nl\\\/sleutelkastjes-met-code-kopen\\\/#breadcrumb\"},\"inLanguage\":\"da-DK\",\"potentialAction\":[{\"@type\":\"ReadAction\",\"target\":[\"https:\\\/\\\/keybox.nl\\\/sleutelkastjes-met-code-kopen\\\/\"]}]},{\"@type\":\"ImageObject\",\"inLanguage\":\"da-DK\",\"@id\":\"https:\\\/\\\/keybox.nl\\\/sleutelkastjes-met-code-kopen\\\/#primaryimage\",\"url\":\"http:\\\/\\\/keybox.nl\\\/wp-content\\\/uploads\\\/2021\\\/12\\\/KSB103-KSB005-4-scaled.jpg\",\"contentUrl\":\"http:\\\/\\\/keybox.nl\\\/wp-content\\\/uploads\\\/2021\\\/12\\\/KSB103-KSB005-4-scaled.jpg\"},{\"@type\":\"BreadcrumbList\",\"@id\":\"https:\\\/\\\/keybox.nl\\\/sleutelkastjes-met-code-kopen\\\/#breadcrumb\",\"itemListElement\":[{\"@type\":\"ListItem\",\"position\":1,\"name\":\"Home\",\"item\":\"https:\\\/\\\/keybox.nl\\\/\"},{\"@type\":\"ListItem\",\"position\":2,\"name\":\"Sleutelkastjes met code kopen\"}]},{\"@type\":\"WebSite\",\"@id\":\"https:\\\/\\\/keybox.nl\\\/#website\",\"url\":\"https:\\\/\\\/keybox.nl\\\/\",\"name\":\"\",\"description\":\"\",\"potentialAction\":[{\"@type\":\"SearchAction\",\"target\":{\"@type\":\"EntryPoint\",\"urlTemplate\":\"https:\\\/\\\/keybox.nl\\\/?s={search_term_string}\"},\"query-input\":{\"@type\":\"PropertyValueSpecification\",\"valueRequired\":true,\"valueName\":\"search_term_string\"}}],\"inLanguage\":\"da-DK\"}]}<\/script>\n<!-- \/ Yoast SEO plugin. -->","yoast_head_json":{"title":"Her kan du k\u00f8be n\u00f8glebokse med kode -.","description":"I vores webshop kan du k\u00f8be robuste n\u00f8gleskabe med kode. Bestil dem nu, og beskyt dine n\u00f8gler! Vi giver dig gerne professionel r\u00e5dgivning.","robots":{"index":"index","follow":"follow","max-snippet":"max-snippet:-1","max-image-preview":"max-image-preview:large","max-video-preview":"max-video-preview:-1"},"canonical":"https:\/\/keybox.nl\/da\/sleutelkastjes-met-code-kopen\/","og_locale":"da_DK","og_type":"article","og_title":"Hier kunt u sleutelkastjes met code kopen -","og_description":"In onze webshop kunt u stevige sleutelkastjes met code kopen. Bestel ze nu en beveilig uw sleutels! Wij geven u graag professioneel advies.","og_url":"https:\/\/keybox.nl\/da\/sleutelkastjes-met-code-kopen\/","article_modified_time":"2023-07-25T09:21:47+00:00","og_image":[{"url":"http:\/\/keybox.nl\/wp-content\/uploads\/2021\/12\/KSB103-KSB005-4-scaled.jpg","type":"","width":"","height":""}],"twitter_card":"summary_large_image","twitter_misc":{"Estimeret l\u00e6setid":"3 minutter"},"schema":{"@context":"https:\/\/schema.org","@graph":[{"@type":"WebPage","@id":"https:\/\/keybox.nl\/sleutelkastjes-met-code-kopen\/","url":"https:\/\/keybox.nl\/sleutelkastjes-met-code-kopen\/","name":"Her kan du k\u00f8be n\u00f8glebokse med kode -.","isPartOf":{"@id":"https:\/\/keybox.nl\/#website"},"primaryImageOfPage":{"@id":"https:\/\/keybox.nl\/sleutelkastjes-met-code-kopen\/#primaryimage"},"image":{"@id":"https:\/\/keybox.nl\/sleutelkastjes-met-code-kopen\/#primaryimage"},"thumbnailUrl":"http:\/\/keybox.nl\/wp-content\/uploads\/2021\/12\/KSB103-KSB005-4-scaled.jpg","datePublished":"2022-03-11T10:31:40+00:00","dateModified":"2023-07-25T09:21:47+00:00","description":"I vores webshop kan du k\u00f8be robuste n\u00f8gleskabe med kode. Bestil dem nu, og beskyt dine n\u00f8gler! Vi giver dig gerne professionel r\u00e5dgivning.","breadcrumb":{"@id":"https:\/\/keybox.nl\/sleutelkastjes-met-code-kopen\/#breadcrumb"},"inLanguage":"da-DK","potentialAction":[{"@type":"ReadAction","target":["https:\/\/keybox.nl\/sleutelkastjes-met-code-kopen\/"]}]},{"@type":"ImageObject","inLanguage":"da-DK","@id":"https:\/\/keybox.nl\/sleutelkastjes-met-code-kopen\/#primaryimage","url":"http:\/\/keybox.nl\/wp-content\/uploads\/2021\/12\/KSB103-KSB005-4-scaled.jpg","contentUrl":"http:\/\/keybox.nl\/wp-content\/uploads\/2021\/12\/KSB103-KSB005-4-scaled.jpg"},{"@type":"BreadcrumbList","@id":"https:\/\/keybox.nl\/sleutelkastjes-met-code-kopen\/#breadcrumb","itemListElement":[{"@type":"ListItem","position":1,"name":"Home","item":"https:\/\/keybox.nl\/"},{"@type":"ListItem","position":2,"name":"Sleutelkastjes met code kopen"}]},{"@type":"WebSite","@id":"https:\/\/keybox.nl\/#website","url":"https:\/\/keybox.nl\/","name":"","description":"","potentialAction":[{"@type":"SearchAction","target":{"@type":"EntryPoint","urlTemplate":"https:\/\/keybox.nl\/?s={search_term_string}"},"query-input":{"@type":"PropertyValueSpecification","valueRequired":true,"valueName":"search_term_string"}}],"inLanguage":"da-DK"}]}},"jetpack-related-posts":[{"id":1529,"url":"https:\/\/keybox.nl\/da\/sleutelhaken-kopen\/","url_meta":{"origin":550,"position":0},"title":"n\u00f8glekroge-k\u00f8b","author":"Keybox@beheermodule","date":"20 juli 2023","format":false,"excerpt":"K\u00f8b sikkert med n\u00f8glekroge til webshoppen! \u2713 Brugervenlig \u2713 Modstandsdygtig og sikker \u2713 Forskellige modeller Er du p\u00e5 udkig efter n\u00f8glekroge af h\u00f8j kvalitet til brug i din virksomhed? S\u00e5 overvej at k\u00f8be et professionelt sikret n\u00f8gleskab. N\u00e5r alt kommer til alt, vil du ikke have, at folk med ondsindede...","rel":"","context":"Similar post","block_context":{"text":"Similar post","link":""},"img":{"alt_text":"","src":"https:\/\/i0.wp.com\/keybox.nl\/wp-content\/uploads\/2021\/12\/KSB_102_1-e1638478691321.jpg?resize=350%2C200&ssl=1","width":350,"height":200,"srcset":"https:\/\/i0.wp.com\/keybox.nl\/wp-content\/uploads\/2021\/12\/KSB_102_1-e1638478691321.jpg?resize=350%2C200&ssl=1 1x, https:\/\/i0.wp.com\/keybox.nl\/wp-content\/uploads\/2021\/12\/KSB_102_1-e1638478691321.jpg?resize=525%2C300&ssl=1 1.5x, https:\/\/i0.wp.com\/keybox.nl\/wp-content\/uploads\/2021\/12\/KSB_102_1-e1638478691321.jpg?resize=700%2C400&ssl=1 2x"},"classes":[]},{"id":538,"url":"https:\/\/keybox.nl\/da\/kluis-kopen-voor-thuis\/","url_meta":{"origin":550,"position":1},"title":"K\u00f8b pengeskab til hjemmet","author":"Keybox@beheermodule","date":"11 marts 2022","format":false,"excerpt":"K\u00f8b et modstandsdygtigt pengeskab til dit hjem Til webshoppen! \u2713 Brugervenlig \u2713 Modstandsdygtig og sikker \u2713 Forskellige modeller Vil du gerne k\u00f8be et praktisk pengeskab til dit hjem? S\u00e5 har Keybox.co.uk det, du leder efter. Pengeskabe til hjemmet er noget mindre og kr\u00e6ver ikke omfattende installation, hvilket g\u00f8r dem ideelle til...","rel":"","context":"Similar post","block_context":{"text":"Similar post","link":""},"img":{"alt_text":"","src":"https:\/\/i0.wp.com\/keybox.nl\/wp-content\/uploads\/2022\/01\/KSB007-inner-safe-2-e1643896091542.jpg?resize=350%2C200&ssl=1","width":350,"height":200,"srcset":"https:\/\/i0.wp.com\/keybox.nl\/wp-content\/uploads\/2022\/01\/KSB007-inner-safe-2-e1643896091542.jpg?resize=350%2C200&ssl=1 1x, https:\/\/i0.wp.com\/keybox.nl\/wp-content\/uploads\/2022\/01\/KSB007-inner-safe-2-e1643896091542.jpg?resize=525%2C300&ssl=1 1.5x, https:\/\/i0.wp.com\/keybox.nl\/wp-content\/uploads\/2022\/01\/KSB007-inner-safe-2-e1643896091542.jpg?resize=700%2C400&ssl=1 2x"},"classes":[]},{"id":30,"url":"https:\/\/keybox.nl\/da\/","url_meta":{"origin":550,"position":2},"title":"K\u00f8b sikre n\u00f8gleskabe","author":"Keybox@beheermodule","date":"30 november 2021","format":false,"excerpt":"Hos Keybox.co.uk kan du blandt andet k\u00f8be et solidt pengeskab eller sikre n\u00f8gleskabe. Vi tilbyder forskellige typer pengeskabe; fra diskrete n\u00f8gleskabe til v\u00e6gskabe med indskudshjul. Hos os kan du bestille et pengeskab til din virksomhed, men ogs\u00e5 til dit hjem. Takket v\u00e6re vores brede udvalg af n\u00f8gleskabe...","rel":"","context":"With 1 comment","block_context":{"text":"With 1 comment","link":"https:\/\/keybox.nl\/da\/#comments"},"img":{"alt_text":"","src":"","width":0,"height":0},"classes":[]},{"id":556,"url":"https:\/\/keybox.nl\/da\/kleine-sleutelkluisjes-kopen\/","url_meta":{"origin":550,"position":3},"title":"K\u00f8b sm\u00e5 n\u00f8gleskabe","author":"Keybox@beheermodule","date":"11 marts 2022","format":false,"excerpt":"K\u00f8b p\u00e5lidelige sm\u00e5 n\u00f8gleskabe til webshoppen! \u2713 Brugervenlig \u2713 Modstandsdygtig og sikker \u2713 Forskellige modeller Hos os kan du k\u00f8be sm\u00e5 n\u00f8gleskabe til sikker opbevaring af dine n\u00f8gler. Keybox.co.uk tilbyder alle slags pengeskabe, f.eks. et lille n\u00f8gleskab, som du nemt kan k\u00f8be online. Takket v\u00e6re vores...","rel":"","context":"Similar post","block_context":{"text":"Similar post","link":""},"img":{"alt_text":"","src":"https:\/\/i0.wp.com\/keybox.nl\/wp-content\/uploads\/2022\/12\/Keysafe_Original_keybox_sleutelkluis.jpg?resize=350%2C200&ssl=1","width":350,"height":200,"srcset":"https:\/\/i0.wp.com\/keybox.nl\/wp-content\/uploads\/2022\/12\/Keysafe_Original_keybox_sleutelkluis.jpg?resize=350%2C200&ssl=1 1x, https:\/\/i0.wp.com\/keybox.nl\/wp-content\/uploads\/2022\/12\/Keysafe_Original_keybox_sleutelkluis.jpg?resize=525%2C300&ssl=1 1.5x, https:\/\/i0.wp.com\/keybox.nl\/wp-content\/uploads\/2022\/12\/Keysafe_Original_keybox_sleutelkluis.jpg?resize=700%2C400&ssl=1 2x"},"classes":[]},{"id":1528,"url":"https:\/\/keybox.nl\/da\/elektronische-sleutelkluis-kopen\/","url_meta":{"origin":550,"position":4},"title":"elektronisk-n\u00f8gle sikker-k\u00f8b","author":"Keybox@beheermodule","date":"20 juli 2023","format":false,"excerpt":"K\u00f8b elektronisk n\u00f8gleskab i webshoppen! \u2713 Brugervenlig \u2713 Modstandsdygtig og sikker \u2713 Forskellige modeller At k\u00f8be et elektronisk n\u00f8gleskab er det f\u00f8rste skridt, n\u00e5r det g\u00e6lder om at sikre din virksomhed eller dit hjem. Keybox.co.uk tilbyder dig den l\u00f8sning, der passer perfekt til dine behov. Disse pengeskabe...","rel":"","context":"Similar post","block_context":{"text":"Similar post","link":""},"img":{"alt_text":"","src":"https:\/\/i0.wp.com\/keybox.nl\/wp-content\/uploads\/2023\/02\/Keysafe-Big-Pro-sleutelkastje_keybox.jpeg?resize=350%2C200&ssl=1","width":350,"height":200,"srcset":"https:\/\/i0.wp.com\/keybox.nl\/wp-content\/uploads\/2023\/02\/Keysafe-Big-Pro-sleutelkastje_keybox.jpeg?resize=350%2C200&ssl=1 1x, https:\/\/i0.wp.com\/keybox.nl\/wp-content\/uploads\/2023\/02\/Keysafe-Big-Pro-sleutelkastje_keybox.jpeg?resize=525%2C300&ssl=1 1.5x, https:\/\/i0.wp.com\/keybox.nl\/wp-content\/uploads\/2023\/02\/Keysafe-Big-Pro-sleutelkastje_keybox.jpeg?resize=700%2C400&ssl=1 2x"},"classes":[]},{"id":326,"url":"https:\/\/keybox.nl\/da\/goedkope-kluis-kopen\/","url_meta":{"origin":550,"position":5},"title":"K\u00f8b billige pengeskabe","author":"Keybox@beheermodule","date":"3 marts 2022","format":false,"excerpt":"K\u00f8b et billigt pengeskab af h\u00f8j kvalitet I webshoppen! \u2713 Brugervenlig \u2713 Modstandsdygtig og sikker \u2713 Forskellige modeller Hos Keybox.co.uk kan du k\u00f8be et billigt, modstandsdygtigt pengeskab til din virksomhed. Takket v\u00e6re vores pengeskabe kan du altid opbevare n\u00f8gleudstedelsen sikkert. Desuden beh\u00f8ver ingen at v\u00e6re til stede for at...","rel":"","context":"Similar post","block_context":{"text":"Similar post","link":""},"img":{"alt_text":"","src":"https:\/\/i0.wp.com\/keybox.nl\/wp-content\/uploads\/2021\/12\/KSB_102_1-e1638478691321.jpg?resize=350%2C200&ssl=1","width":350,"height":200,"srcset":"https:\/\/i0.wp.com\/keybox.nl\/wp-content\/uploads\/2021\/12\/KSB_102_1-e1638478691321.jpg?resize=350%2C200&ssl=1 1x, https:\/\/i0.wp.com\/keybox.nl\/wp-content\/uploads\/2021\/12\/KSB_102_1-e1638478691321.jpg?resize=525%2C300&ssl=1 1.5x, https:\/\/i0.wp.com\/keybox.nl\/wp-content\/uploads\/2021\/12\/KSB_102_1-e1638478691321.jpg?resize=700%2C400&ssl=1 2x"},"classes":[]}],"jetpack_sharing_enabled":true,"_links":{"self":[{"href":"https:\/\/keybox.nl\/da\/wp-json\/wp\/v2\/pages\/550","targetHints":{"allow":["GET"]}}],"collection":[{"href":"https:\/\/keybox.nl\/da\/wp-json\/wp\/v2\/pages"}],"about":[{"href":"https:\/\/keybox.nl\/da\/wp-json\/wp\/v2\/types\/page"}],"author":[{"embeddable":true,"href":"https:\/\/keybox.nl\/da\/wp-json\/wp\/v2\/users\/1"}],"replies":[{"embeddable":true,"href":"https:\/\/keybox.nl\/da\/wp-json\/wp\/v2\/comments?post=550"}],"version-history":[{"count":5,"href":"https:\/\/keybox.nl\/da\/wp-json\/wp\/v2\/pages\/550\/revisions"}],"predecessor-version":[{"id":1644,"href":"https:\/\/keybox.nl\/da\/wp-json\/wp\/v2\/pages\/550\/revisions\/1644"}],"wp:attachment":[{"href":"https:\/\/keybox.nl\/da\/wp-json\/wp\/v2\/media?parent=550"}],"curies":[{"name":"wp","href":"https:\/\/api.w.org\/{rel}","templated":true}]}}