{"id":538,"date":"2022-03-11T10:20:05","date_gmt":"2022-03-11T10:20:05","guid":{"rendered":"http:\/\/keybox.nl\/?page_id=538"},"modified":"2023-07-25T09:01:19","modified_gmt":"2023-07-25T09:01:19","slug":"kluis-kopen-voor-thuis","status":"publish","type":"page","link":"https:\/\/keybox.nl\/da\/kluis-kopen-voor-thuis\/","title":{"rendered":"K\u00f8b pengeskab til hjemmet"},"content":{"rendered":"<div class=\"wp-block-cover alignfull\" style=\"min-height:200px;aspect-ratio:unset;\"><span aria-hidden=\"true\" class=\"wp-block-cover__background has-background-dim-60 has-background-dim\"><\/span><img decoding=\"async\" width=\"1920\" height=\"2560\" class=\"wp-block-cover__image-background wp-image-126\" alt=\"Kluis\" src=\"http:\/\/keybox.nl\/wp-content\/uploads\/2021\/12\/KSB103-KSB005-4-scaled.jpg\" style=\"object-position:50% 50%\" data-object-fit=\"cover\" data-object-position=\"50% 50%\" srcset=\"https:\/\/keybox.nl\/wp-content\/uploads\/2021\/12\/KSB103-KSB005-4-scaled.jpg 1920w, https:\/\/keybox.nl\/wp-content\/uploads\/2021\/12\/KSB103-KSB005-4-416x555.jpg 416w, https:\/\/keybox.nl\/wp-content\/uploads\/2021\/12\/KSB103-KSB005-4-225x300.jpg 225w, https:\/\/keybox.nl\/wp-content\/uploads\/2021\/12\/KSB103-KSB005-4-768x1024.jpg 768w, https:\/\/keybox.nl\/wp-content\/uploads\/2021\/12\/KSB103-KSB005-4-1152x1536.jpg 1152w, https:\/\/keybox.nl\/wp-content\/uploads\/2021\/12\/KSB103-KSB005-4-1536x2048.jpg 1536w, https:\/\/keybox.nl\/wp-content\/uploads\/2021\/12\/KSB103-KSB005-4-1320x1760.jpg 1320w\" sizes=\"(max-width: 1920px) 100vw, 1920px\" \/><div class=\"wp-block-cover__inner-container is-layout-flow wp-block-cover-is-layout-flow\">\n<h1 class=\"wp-block-heading alignwide has-text-align-left has-white-color has-text-color\" style=\"font-size:40px\">K\u00f8b et modstandsdygtigt pengeskab til dit hjem<\/h1>\n\n\n\n<div class=\"wp-block-columns alignwide is-layout-flex wp-container-core-columns-is-layout-28f84493 wp-block-columns-is-layout-flex\">\n<div class=\"wp-block-column is-layout-flow wp-block-column-is-layout-flow\" style=\"flex-basis:55%\">\n<div class=\"wp-block-buttons is-layout-flex wp-block-buttons-is-layout-flex\">\n<div class=\"wp-block-button cta-knop alignleft\"><a class=\"wp-block-button__link has-black-color has-white-background-color has-text-color has-background wp-element-button\" href=\"http:\/\/keybox.nl\/da\/\">Til webshoppen!<\/a><\/div>\n<\/div>\n<\/div>\n<\/div>\n<\/div><\/div>\n\n\n\n<div style=\"height:50px\" aria-hidden=\"true\" class=\"wp-block-spacer\"><\/div>\n\n\n\n<div class=\"wp-block-group alignfull is-content-justification-center is-layout-flex wp-container-core-group-is-layout-81a7f686 wp-block-group-is-layout-flex\">\n<p class=\"usps has-normal-font-size\">\u2713 Brugervenlig<\/p>\n\n\n\n<p>\u2713 Modstandsdygtig og sikker<\/p>\n\n\n\n<p>\u2713 Forskellige modeller<\/p>\n<\/div>\n\n\n\n<style>\nh1.entry-title {\ndisplay: none;\n}\n\n.cta-knop {\nmargin-left: 35px !important;\n}\n\n.cta-knop:hover {\nopacity: 0.75;\n}\n\n@media only screen and (max-width: 1064px) {\n.cta-knop {\nmargin-left: 0px !important;\n}\n\n.wp-block-group.alignfull {\n    display: flex;\n    flex-direction: column;\n}\n}\n<\/style>\n\n\n\n<div style=\"height:100px\" aria-hidden=\"true\" class=\"wp-block-spacer\"><\/div>\n\n\n\n<p class=\"has-text-align-left align-left has-black-color has-text-color has-normal-font-size\">Vil du gerne k\u00f8be et praktisk pengeskab til hjemmet? S\u00e5 har Keybox.co.uk det, du leder efter. Hjemmeskabe er noget mindre og kr\u00e6ver ikke omfattende installation, hvilket g\u00f8r dem ideelle til privat brug. Beskyt dine n\u00f8gler mod tyveri med et modstandsdygtigt pengeskab. Vi tilbyder bl.a. pengeskabe med plads til flere n\u00f8gler.<\/p>\n\n\n\n<div style=\"height:100px\" aria-hidden=\"true\" class=\"wp-block-spacer\"><\/div>\n\n\n\n<div class=\"wp-block-group is-content-justification-center is-layout-flex wp-container-core-group-is-layout-81a7f686 wp-block-group-is-layout-flex\">\n<div class=\"wp-block-media-text alignwide is-stacked-on-mobile is-vertically-aligned-center\" style=\"grid-template-columns:40% auto\"><figure class=\"wp-block-media-text__media\"><img decoding=\"async\" width=\"768\" height=\"1024\" src=\"http:\/\/keybox.nl\/wp-content\/uploads\/2022\/01\/KSB007-inner-safe-2-768x1024.jpg\" alt=\"\" class=\"wp-image-262 size-full\"\/><\/figure><div class=\"wp-block-media-text__content\">\n<h2 class=\"wp-block-heading has-text-color\" style=\"color:#000000;font-size:32px\">K\u00f8b et pengeskab til v\u00e6rdigenstande i dit hjem<\/h2>\n\n\n\n<p class=\"has-text-color has-normal-font-size\" style=\"color:#000000\">Hos os kan du <a href=\"http:\/\/keybox.nl\/da\/\">K\u00f8b sikre n\u00f8glebokse<\/a>. Vi tilbyder forskellige designs med forskellige typer l\u00e5se. Du kan for eksempel <a href=\"http:\/\/keybox.nl\/da\/sleutelkastjes-met-code-kopen\/\">K\u00f8b n\u00f8gleskabe med en kode<\/a> til at sikre dine n\u00f8gler. Derudover tilbyder vi <a href=\"http:\/\/keybox.nl\/da\/brandkluis-voor-thuis\/\">Brandskabe til hjemmet<\/a> til. Begge typer pengeskabe er utroligt brugervenlige og nemme at installere. Desuden har vi vores eget monterings- og installationsteam, s\u00e5 du beh\u00f8ver ikke at g\u00f8re det selv! Der findes b\u00e5de pengeskabe med plads til flere n\u00f8gler og sm\u00e5 modeller til et enkelt n\u00f8glepar. I vores brede sortiment kan du med garanti finde det perfekte pengeskab til dit hjem.<\/p>\n<\/div><\/div>\n<\/div>\n\n\n\n<div style=\"height:100px\" aria-hidden=\"true\" class=\"wp-block-spacer\"><\/div>\n\n\n\n<h2 class=\"wp-block-heading has-text-align-center\"><strong>Er du interesseret i at k\u00f8be et pengeskab til dit hjem hos os?<\/strong><\/h2>\n\n\n\n<div class=\"wp-block-buttons is-content-justification-center is-layout-flex wp-container-core-buttons-is-layout-a89b3969 wp-block-buttons-is-layout-flex\">\n<div class=\"wp-block-button is-style-outline is-style-outline--1\"><a class=\"wp-block-button__link wp-element-button\" href=\"http:\/\/keybox.nl\/da\/\">Se webshoppen<\/a><\/div>\n<\/div>\n\n\n\n<div style=\"height:100px\" aria-hidden=\"true\" class=\"wp-block-spacer\"><\/div>\n\n\n\n<div class=\"wp-block-group is-content-justification-center is-layout-flex wp-container-core-group-is-layout-81a7f686 wp-block-group-is-layout-flex\">\n<div class=\"wp-block-media-text alignwide has-media-on-the-right is-stacked-on-mobile is-vertically-aligned-center\" style=\"grid-template-columns:auto 30%\"><div class=\"wp-block-media-text__content\">\n<h3 class=\"wp-block-heading has-text-color\" style=\"color:#000000;font-size:32px\"><strong>Bestil sikker opbevaring<\/strong><\/h3>\n\n\n\n<p class=\"has-text-color has-normal-font-size\" style=\"color:#000000\">Ved at k\u00f8be et pengeskab til dine n\u00f8gler og andre v\u00e6rdigenstande beskytter du dem, selv n\u00e5r du ikke er hjemme. V\u00e6lg en model, der passer dig, og bestil! Vil du gerne have vores <a href=\"http:\/\/keybox.nl\/da\/inbraakwerende-kluis-kopen\/\">Indbrudssikre pengeskabe<\/a> at se den i virkeligheden, f\u00f8r du tr\u00e6ffer dit valg? S\u00e5 tag <a href=\"http:\/\/keybox.nl\/da\/contact\/\">kontakt os<\/a> p\u00e5 for at aftale en tid i vores showroom i Bussum.<\/p>\n<\/div><figure class=\"wp-block-media-text__media\"><img decoding=\"async\" width=\"600\" height=\"800\" src=\"http:\/\/keybox.nl\/wp-content\/uploads\/2021\/12\/Extra-Armor-KSB.jpg\" alt=\"Kluis los\" class=\"wp-image-103 size-full\" srcset=\"https:\/\/keybox.nl\/wp-content\/uploads\/2021\/12\/Extra-Armor-KSB.jpg 600w, https:\/\/keybox.nl\/wp-content\/uploads\/2021\/12\/Extra-Armor-KSB-416x555.jpg 416w, https:\/\/keybox.nl\/wp-content\/uploads\/2021\/12\/Extra-Armor-KSB-225x300.jpg 225w\" sizes=\"(max-width: 600px) 100vw, 600px\" \/><\/figure><\/div>\n<\/div>\n\n\n\n<div style=\"height:50px\" aria-hidden=\"true\" class=\"wp-block-spacer\"><\/div>\n\n\n\n<h2 class=\"wp-block-heading alignwide has-text-align-left form-titel\"><strong>Har du sp\u00f8rgsm\u00e5l om sikkerhed?<\/strong><\/h2>\n\n\n<div class=\"wp-block-jetpack-contact-form alignwide is-layout-flex wp-container-jetpack-contact-form-is-layout-2b4208ba wp-block-jetpack-contact-form-is-layout-flex\"><a href=\"https:\/\/keybox.nl\/da\/kluis-kopen-voor-thuis\/\" target=\"_blank\" rel=\"noopener noreferrer\">Indsend en formular.<\/a><\/div>\n\n\n<p><\/p>","protected":false},"excerpt":{"rendered":"<p>\u2713 Gebruiksvriendelijk \u2713 Bestendig en veilig \u2713 Diverse modellen Wilt u graag een handige kluis kopen voor thuis? Dan heeft Keybox.nl wat u zoekt. Kluisjes voor thuis zijn wat kleiner en vergen geen uitgebreide installatie, waardoor ze ideaal zijn voor particulier gebruik. Bescherm uw sleutels tegen diefstal met een bestendige kluis. Wij bieden onder andere [&hellip;]<\/p>\n","protected":false},"author":1,"featured_media":0,"parent":0,"menu_order":0,"comment_status":"closed","ping_status":"closed","template":"template-fullwidth.php","meta":{"footnotes":""},"class_list":["post-538","page","type-page","status-publish","hentry"],"yoast_head":"<!-- This site is optimized with the Yoast SEO plugin v27.4 - https:\/\/yoast.com\/product\/yoast-seo-wordpress\/ -->\n<title>Een veilige kluis kopen voor thuis -<\/title>\n<meta name=\"description\" content=\"Bij onze firma kunt u een kluis kopen die geschikt is voor thuis. Bestel een model dat perfect bij u past of neem contact met ons op voor advies.\" \/>\n<meta name=\"robots\" content=\"index, follow, max-snippet:-1, max-image-preview:large, max-video-preview:-1\" \/>\n<link rel=\"canonical\" href=\"https:\/\/keybox.nl\/da\/kluis-kopen-voor-thuis\/\" \/>\n<meta property=\"og:locale\" content=\"da_DK\" \/>\n<meta property=\"og:type\" content=\"article\" \/>\n<meta property=\"og:title\" content=\"Een veilige kluis kopen voor thuis -\" \/>\n<meta property=\"og:description\" content=\"Bij onze firma kunt u een kluis kopen die geschikt is voor thuis. Bestel een model dat perfect bij u past of neem contact met ons op voor advies.\" \/>\n<meta property=\"og:url\" content=\"https:\/\/keybox.nl\/da\/kluis-kopen-voor-thuis\/\" \/>\n<meta property=\"article:modified_time\" content=\"2023-07-25T09:01:19+00:00\" \/>\n<meta property=\"og:image\" content=\"http:\/\/keybox.nl\/wp-content\/uploads\/2021\/12\/KSB103-KSB005-4-scaled.jpg\" \/>\n<meta name=\"twitter:card\" content=\"summary_large_image\" \/>\n<meta name=\"twitter:label1\" content=\"Estimeret l\u00e6setid\" \/>\n\t<meta name=\"twitter:data1\" content=\"2 minutter\" \/>\n<script type=\"application\/ld+json\" class=\"yoast-schema-graph\">{\"@context\":\"https:\\\/\\\/schema.org\",\"@graph\":[{\"@type\":\"WebPage\",\"@id\":\"https:\\\/\\\/keybox.nl\\\/kluis-kopen-voor-thuis\\\/\",\"url\":\"https:\\\/\\\/keybox.nl\\\/kluis-kopen-voor-thuis\\\/\",\"name\":\"Een veilige kluis kopen voor thuis -\",\"isPartOf\":{\"@id\":\"https:\\\/\\\/keybox.nl\\\/#website\"},\"primaryImageOfPage\":{\"@id\":\"https:\\\/\\\/keybox.nl\\\/kluis-kopen-voor-thuis\\\/#primaryimage\"},\"image\":{\"@id\":\"https:\\\/\\\/keybox.nl\\\/kluis-kopen-voor-thuis\\\/#primaryimage\"},\"thumbnailUrl\":\"http:\\\/\\\/keybox.nl\\\/wp-content\\\/uploads\\\/2021\\\/12\\\/KSB103-KSB005-4-scaled.jpg\",\"datePublished\":\"2022-03-11T10:20:05+00:00\",\"dateModified\":\"2023-07-25T09:01:19+00:00\",\"description\":\"Bij onze firma kunt u een kluis kopen die geschikt is voor thuis. Bestel een model dat perfect bij u past of neem contact met ons op voor advies.\",\"breadcrumb\":{\"@id\":\"https:\\\/\\\/keybox.nl\\\/kluis-kopen-voor-thuis\\\/#breadcrumb\"},\"inLanguage\":\"da-DK\",\"potentialAction\":[{\"@type\":\"ReadAction\",\"target\":[\"https:\\\/\\\/keybox.nl\\\/kluis-kopen-voor-thuis\\\/\"]}]},{\"@type\":\"ImageObject\",\"inLanguage\":\"da-DK\",\"@id\":\"https:\\\/\\\/keybox.nl\\\/kluis-kopen-voor-thuis\\\/#primaryimage\",\"url\":\"http:\\\/\\\/keybox.nl\\\/wp-content\\\/uploads\\\/2021\\\/12\\\/KSB103-KSB005-4-scaled.jpg\",\"contentUrl\":\"http:\\\/\\\/keybox.nl\\\/wp-content\\\/uploads\\\/2021\\\/12\\\/KSB103-KSB005-4-scaled.jpg\"},{\"@type\":\"BreadcrumbList\",\"@id\":\"https:\\\/\\\/keybox.nl\\\/kluis-kopen-voor-thuis\\\/#breadcrumb\",\"itemListElement\":[{\"@type\":\"ListItem\",\"position\":1,\"name\":\"Home\",\"item\":\"https:\\\/\\\/keybox.nl\\\/\"},{\"@type\":\"ListItem\",\"position\":2,\"name\":\"Kluis kopen voor thuis\"}]},{\"@type\":\"WebSite\",\"@id\":\"https:\\\/\\\/keybox.nl\\\/#website\",\"url\":\"https:\\\/\\\/keybox.nl\\\/\",\"name\":\"\",\"description\":\"\",\"potentialAction\":[{\"@type\":\"SearchAction\",\"target\":{\"@type\":\"EntryPoint\",\"urlTemplate\":\"https:\\\/\\\/keybox.nl\\\/?s={search_term_string}\"},\"query-input\":{\"@type\":\"PropertyValueSpecification\",\"valueRequired\":true,\"valueName\":\"search_term_string\"}}],\"inLanguage\":\"da-DK\"}]}<\/script>\n<!-- \/ Yoast SEO plugin. -->","yoast_head_json":{"title":"K\u00f8b et sikkert pengeskab til dit hjem","description":"Hos os kan du k\u00f8be et pengeskab, der passer til dit hjem. Bestil en model, der passer perfekt til dig, eller kontakt os for at f\u00e5 r\u00e5d.","robots":{"index":"index","follow":"follow","max-snippet":"max-snippet:-1","max-image-preview":"max-image-preview:large","max-video-preview":"max-video-preview:-1"},"canonical":"https:\/\/keybox.nl\/da\/kluis-kopen-voor-thuis\/","og_locale":"da_DK","og_type":"article","og_title":"Een veilige kluis kopen voor thuis -","og_description":"Bij onze firma kunt u een kluis kopen die geschikt is voor thuis. Bestel een model dat perfect bij u past of neem contact met ons op voor advies.","og_url":"https:\/\/keybox.nl\/da\/kluis-kopen-voor-thuis\/","article_modified_time":"2023-07-25T09:01:19+00:00","og_image":[{"url":"http:\/\/keybox.nl\/wp-content\/uploads\/2021\/12\/KSB103-KSB005-4-scaled.jpg","type":"","width":"","height":""}],"twitter_card":"summary_large_image","twitter_misc":{"Estimeret l\u00e6setid":"2 minutter"},"schema":{"@context":"https:\/\/schema.org","@graph":[{"@type":"WebPage","@id":"https:\/\/keybox.nl\/kluis-kopen-voor-thuis\/","url":"https:\/\/keybox.nl\/kluis-kopen-voor-thuis\/","name":"K\u00f8b et sikkert pengeskab til dit hjem","isPartOf":{"@id":"https:\/\/keybox.nl\/#website"},"primaryImageOfPage":{"@id":"https:\/\/keybox.nl\/kluis-kopen-voor-thuis\/#primaryimage"},"image":{"@id":"https:\/\/keybox.nl\/kluis-kopen-voor-thuis\/#primaryimage"},"thumbnailUrl":"http:\/\/keybox.nl\/wp-content\/uploads\/2021\/12\/KSB103-KSB005-4-scaled.jpg","datePublished":"2022-03-11T10:20:05+00:00","dateModified":"2023-07-25T09:01:19+00:00","description":"Hos os kan du k\u00f8be et pengeskab, der passer til dit hjem. Bestil en model, der passer perfekt til dig, eller kontakt os for at f\u00e5 r\u00e5d.","breadcrumb":{"@id":"https:\/\/keybox.nl\/kluis-kopen-voor-thuis\/#breadcrumb"},"inLanguage":"da-DK","potentialAction":[{"@type":"ReadAction","target":["https:\/\/keybox.nl\/kluis-kopen-voor-thuis\/"]}]},{"@type":"ImageObject","inLanguage":"da-DK","@id":"https:\/\/keybox.nl\/kluis-kopen-voor-thuis\/#primaryimage","url":"http:\/\/keybox.nl\/wp-content\/uploads\/2021\/12\/KSB103-KSB005-4-scaled.jpg","contentUrl":"http:\/\/keybox.nl\/wp-content\/uploads\/2021\/12\/KSB103-KSB005-4-scaled.jpg"},{"@type":"BreadcrumbList","@id":"https:\/\/keybox.nl\/kluis-kopen-voor-thuis\/#breadcrumb","itemListElement":[{"@type":"ListItem","position":1,"name":"Home","item":"https:\/\/keybox.nl\/"},{"@type":"ListItem","position":2,"name":"Kluis kopen voor thuis"}]},{"@type":"WebSite","@id":"https:\/\/keybox.nl\/#website","url":"https:\/\/keybox.nl\/","name":"","description":"","potentialAction":[{"@type":"SearchAction","target":{"@type":"EntryPoint","urlTemplate":"https:\/\/keybox.nl\/?s={search_term_string}"},"query-input":{"@type":"PropertyValueSpecification","valueRequired":true,"valueName":"search_term_string"}}],"inLanguage":"da-DK"}]}},"jetpack-related-posts":[{"id":326,"url":"https:\/\/keybox.nl\/da\/goedkope-kluis-kopen\/","url_meta":{"origin":538,"position":0},"title":"K\u00f8b billige pengeskabe","author":"Keybox@beheermodule","date":"3 marts 2022","format":false,"excerpt":"K\u00f8b et billigt pengeskab af h\u00f8j kvalitet I webshoppen! \u2713 Brugervenlig \u2713 Modstandsdygtig og sikker \u2713 Forskellige modeller Hos Keybox.co.uk kan du k\u00f8be et billigt, modstandsdygtigt pengeskab til din virksomhed. Takket v\u00e6re vores pengeskabe kan du altid opbevare n\u00f8gleudstedelsen sikkert. Desuden beh\u00f8ver ingen at v\u00e6re til stede for at...","rel":"","context":"Similar post","block_context":{"text":"Similar post","link":""},"img":{"alt_text":"","src":"https:\/\/i0.wp.com\/keybox.nl\/wp-content\/uploads\/2021\/12\/KSB_102_1-e1638478691321.jpg?resize=350%2C200&ssl=1","width":350,"height":200,"srcset":"https:\/\/i0.wp.com\/keybox.nl\/wp-content\/uploads\/2021\/12\/KSB_102_1-e1638478691321.jpg?resize=350%2C200&ssl=1 1x, https:\/\/i0.wp.com\/keybox.nl\/wp-content\/uploads\/2021\/12\/KSB_102_1-e1638478691321.jpg?resize=525%2C300&ssl=1 1.5x, https:\/\/i0.wp.com\/keybox.nl\/wp-content\/uploads\/2021\/12\/KSB_102_1-e1638478691321.jpg?resize=700%2C400&ssl=1 2x"},"classes":[]},{"id":1526,"url":"https:\/\/keybox.nl\/da\/safe-kluis-kopen\/","url_meta":{"origin":538,"position":1},"title":"K\u00f8b sikkert pengeskab","author":"Keybox@beheermodule","date":"20 juli 2023","format":false,"excerpt":"K\u00f8b pengeskab eller hv\u00e6lving G\u00e5 til webshoppen! \u2713 Brugervenligt \u2713 Modstandsdygtigt og sikkert \u2713 Forskellige modeller Hvis du s\u00e6tter pris p\u00e5 sikkerhed og p\u00e5lidelighed, er det f\u00f8rste skridt at k\u00f8be et pengeskab eller en boks. Selvom disse udtryk ofte bruges i fl\u00e6ng, er der subtile forskelle. A...","rel":"","context":"Similar post","block_context":{"text":"Similar post","link":""},"img":{"alt_text":"Regenkap Keysecuritybox","src":"https:\/\/i0.wp.com\/keybox.nl\/wp-content\/uploads\/2022\/01\/IMG_5364-scaled.jpg?resize=350%2C200&ssl=1","width":350,"height":200,"srcset":"https:\/\/i0.wp.com\/keybox.nl\/wp-content\/uploads\/2022\/01\/IMG_5364-scaled.jpg?resize=350%2C200&ssl=1 1x, https:\/\/i0.wp.com\/keybox.nl\/wp-content\/uploads\/2022\/01\/IMG_5364-scaled.jpg?resize=525%2C300&ssl=1 1.5x, https:\/\/i0.wp.com\/keybox.nl\/wp-content\/uploads\/2022\/01\/IMG_5364-scaled.jpg?resize=700%2C400&ssl=1 2x, https:\/\/i0.wp.com\/keybox.nl\/wp-content\/uploads\/2022\/01\/IMG_5364-scaled.jpg?resize=1050%2C600&ssl=1 3x, https:\/\/i0.wp.com\/keybox.nl\/wp-content\/uploads\/2022\/01\/IMG_5364-scaled.jpg?resize=1400%2C800&ssl=1 4x"},"classes":[]},{"id":543,"url":"https:\/\/keybox.nl\/da\/inbraakwerende-kluis-kopen\/","url_meta":{"origin":538,"position":2},"title":"K\u00f8b et indbrudssikkert pengeskab","author":"Keybox@beheermodule","date":"11 marts 2022","format":false,"excerpt":"K\u00f8b et modstandsdygtigt, indbrudssikkert pengeskab Til webshoppen! Brugervenlig \u2713 Modstandsdygtig og sikker \u2713 Forskellige modeller Det er vigtigt at k\u00f8be et indbrudssikkert pengeskab til dine v\u00e6rdigenstande. Det giver dem nemlig en fremragende beskyttelse mod forskellige former for tyveri. Hos Keybox.co.uk kan du k\u00f8be et indbrudssikkert pengeskab til dine n\u00f8gler, som du...","rel":"","context":"Similar post","block_context":{"text":"Similar post","link":""},"img":{"alt_text":"Keysafe Slim line","src":"https:\/\/i0.wp.com\/keybox.nl\/wp-content\/uploads\/2022\/12\/Keysafe_Slim_line_Keybox.jpeg?resize=350%2C200&ssl=1","width":350,"height":200,"srcset":"https:\/\/i0.wp.com\/keybox.nl\/wp-content\/uploads\/2022\/12\/Keysafe_Slim_line_Keybox.jpeg?resize=350%2C200&ssl=1 1x, https:\/\/i0.wp.com\/keybox.nl\/wp-content\/uploads\/2022\/12\/Keysafe_Slim_line_Keybox.jpeg?resize=525%2C300&ssl=1 1.5x, https:\/\/i0.wp.com\/keybox.nl\/wp-content\/uploads\/2022\/12\/Keysafe_Slim_line_Keybox.jpeg?resize=700%2C400&ssl=1 2x"},"classes":[]},{"id":30,"url":"https:\/\/keybox.nl\/da\/","url_meta":{"origin":538,"position":3},"title":"K\u00f8b sikre n\u00f8gleskabe","author":"Keybox@beheermodule","date":"30 november 2021","format":false,"excerpt":"Hos Keybox.co.uk kan du blandt andet k\u00f8be et solidt pengeskab eller sikre n\u00f8gleskabe. Vi tilbyder forskellige typer pengeskabe; fra diskrete n\u00f8gleskabe til v\u00e6gskabe med indskudshjul. Hos os kan du bestille et pengeskab til din virksomhed, men ogs\u00e5 til dit hjem. Takket v\u00e6re vores brede udvalg af n\u00f8gleskabe...","rel":"","context":"With 1 comment","block_context":{"text":"With 1 comment","link":"https:\/\/keybox.nl\/da\/#comments"},"img":{"alt_text":"","src":"","width":0,"height":0},"classes":[]},{"id":1530,"url":"https:\/\/keybox.nl\/da\/hotelkluis-kopen\/","url_meta":{"origin":538,"position":4},"title":"Sikkert k\u00f8b af hotel","author":"Keybox@beheermodule","date":"20 juli 2023","format":false,"excerpt":"K\u00f8b hotelsafe i webshoppen! \u2713 Brugervenlig \u2713 Modstandsdygtig og sikker \u2713 Forskellige modeller At k\u00f8be et hotelpengeskab er ikke en triviel sag. Det handler om at give sikkerhed og ro i sindet til dine v\u00e6rdsatte g\u00e6ster. Fra smykker til pas og b\u00e6rbare computere giver et hotelpengeskab en sikker havn for v\u00e6rdigenstande...","rel":"","context":"Similar post","block_context":{"text":"Similar post","link":""},"img":{"alt_text":"","src":"https:\/\/i0.wp.com\/keybox.nl\/wp-content\/uploads\/2022\/02\/IMG_5926.jpg?resize=350%2C200&ssl=1","width":350,"height":200,"srcset":"https:\/\/i0.wp.com\/keybox.nl\/wp-content\/uploads\/2022\/02\/IMG_5926.jpg?resize=350%2C200&ssl=1 1x, https:\/\/i0.wp.com\/keybox.nl\/wp-content\/uploads\/2022\/02\/IMG_5926.jpg?resize=525%2C300&ssl=1 1.5x, https:\/\/i0.wp.com\/keybox.nl\/wp-content\/uploads\/2022\/02\/IMG_5926.jpg?resize=700%2C400&ssl=1 2x"},"classes":[]},{"id":556,"url":"https:\/\/keybox.nl\/da\/kleine-sleutelkluisjes-kopen\/","url_meta":{"origin":538,"position":5},"title":"K\u00f8b sm\u00e5 n\u00f8gleskabe","author":"Keybox@beheermodule","date":"11 marts 2022","format":false,"excerpt":"K\u00f8b p\u00e5lidelige sm\u00e5 n\u00f8gleskabe til webshoppen! \u2713 Brugervenlig \u2713 Modstandsdygtig og sikker \u2713 Forskellige modeller Hos os kan du k\u00f8be sm\u00e5 n\u00f8gleskabe til sikker opbevaring af dine n\u00f8gler. Keybox.co.uk tilbyder alle slags pengeskabe, f.eks. et lille n\u00f8gleskab, som du nemt kan k\u00f8be online. Takket v\u00e6re vores...","rel":"","context":"Similar post","block_context":{"text":"Similar post","link":""},"img":{"alt_text":"","src":"https:\/\/i0.wp.com\/keybox.nl\/wp-content\/uploads\/2022\/12\/Keysafe_Original_keybox_sleutelkluis.jpg?resize=350%2C200&ssl=1","width":350,"height":200,"srcset":"https:\/\/i0.wp.com\/keybox.nl\/wp-content\/uploads\/2022\/12\/Keysafe_Original_keybox_sleutelkluis.jpg?resize=350%2C200&ssl=1 1x, https:\/\/i0.wp.com\/keybox.nl\/wp-content\/uploads\/2022\/12\/Keysafe_Original_keybox_sleutelkluis.jpg?resize=525%2C300&ssl=1 1.5x, https:\/\/i0.wp.com\/keybox.nl\/wp-content\/uploads\/2022\/12\/Keysafe_Original_keybox_sleutelkluis.jpg?resize=700%2C400&ssl=1 2x"},"classes":[]}],"jetpack_sharing_enabled":true,"_links":{"self":[{"href":"https:\/\/keybox.nl\/da\/wp-json\/wp\/v2\/pages\/538","targetHints":{"allow":["GET"]}}],"collection":[{"href":"https:\/\/keybox.nl\/da\/wp-json\/wp\/v2\/pages"}],"about":[{"href":"https:\/\/keybox.nl\/da\/wp-json\/wp\/v2\/types\/page"}],"author":[{"embeddable":true,"href":"https:\/\/keybox.nl\/da\/wp-json\/wp\/v2\/users\/1"}],"replies":[{"embeddable":true,"href":"https:\/\/keybox.nl\/da\/wp-json\/wp\/v2\/comments?post=538"}],"version-history":[{"count":7,"href":"https:\/\/keybox.nl\/da\/wp-json\/wp\/v2\/pages\/538\/revisions"}],"predecessor-version":[{"id":1637,"href":"https:\/\/keybox.nl\/da\/wp-json\/wp\/v2\/pages\/538\/revisions\/1637"}],"wp:attachment":[{"href":"https:\/\/keybox.nl\/da\/wp-json\/wp\/v2\/media?parent=538"}],"curies":[{"name":"wp","href":"https:\/\/api.w.org\/{rel}","templated":true}]}}