{"id":1530,"date":"2023-07-20T12:27:21","date_gmt":"2023-07-20T12:27:21","guid":{"rendered":"http:\/\/keybox.nl\/?page_id=1530"},"modified":"2023-07-25T10:16:37","modified_gmt":"2023-07-25T10:16:37","slug":"hotelkluis-kopen","status":"publish","type":"page","link":"https:\/\/keybox.nl\/da\/hotelkluis-kopen\/","title":{"rendered":"Sikkert k\u00f8b af hotel"},"content":{"rendered":"<div class=\"wp-block-cover alignfull\" style=\"min-height:200px;aspect-ratio:unset;\"><span aria-hidden=\"true\" class=\"wp-block-cover__background has-background-dim-60 has-background-dim\"><\/span><img decoding=\"async\" width=\"1920\" height=\"2560\" class=\"wp-block-cover__image-background wp-image-126\" alt=\"Kluis\" src=\"http:\/\/keybox.nl\/wp-content\/uploads\/2021\/12\/KSB103-KSB005-4-scaled.jpg\" style=\"object-position:50% 50%\" data-object-fit=\"cover\" data-object-position=\"50% 50%\" srcset=\"https:\/\/keybox.nl\/wp-content\/uploads\/2021\/12\/KSB103-KSB005-4-scaled.jpg 1920w, https:\/\/keybox.nl\/wp-content\/uploads\/2021\/12\/KSB103-KSB005-4-416x555.jpg 416w, https:\/\/keybox.nl\/wp-content\/uploads\/2021\/12\/KSB103-KSB005-4-225x300.jpg 225w, https:\/\/keybox.nl\/wp-content\/uploads\/2021\/12\/KSB103-KSB005-4-768x1024.jpg 768w, https:\/\/keybox.nl\/wp-content\/uploads\/2021\/12\/KSB103-KSB005-4-1152x1536.jpg 1152w, https:\/\/keybox.nl\/wp-content\/uploads\/2021\/12\/KSB103-KSB005-4-1536x2048.jpg 1536w, https:\/\/keybox.nl\/wp-content\/uploads\/2021\/12\/KSB103-KSB005-4-1320x1760.jpg 1320w\" sizes=\"(max-width: 1920px) 100vw, 1920px\" \/><div class=\"wp-block-cover__inner-container is-layout-flow wp-block-cover-is-layout-flow\">\n<h1 class=\"wp-block-heading alignwide has-text-align-left has-white-color has-text-color\" style=\"font-size:40px\">K\u00f8b hotel-pengeskab<\/h1>\n\n\n\n<div class=\"wp-block-columns alignwide is-layout-flex wp-container-core-columns-is-layout-28f84493 wp-block-columns-is-layout-flex\">\n<div class=\"wp-block-column is-layout-flow wp-block-column-is-layout-flow\" style=\"flex-basis:55%\">\n<div class=\"wp-block-buttons is-layout-flex wp-block-buttons-is-layout-flex\">\n<div class=\"wp-block-button cta-knop alignleft\"><a class=\"wp-block-button__link has-black-color has-white-background-color has-text-color has-background wp-element-button\" href=\"http:\/\/keybox.nl\/da\/\">Til webshoppen!<\/a><\/div>\n<\/div>\n<\/div>\n<\/div>\n<\/div><\/div>\n\n\n\n<div style=\"height:50px\" aria-hidden=\"true\" class=\"wp-block-spacer\"><\/div>\n\n\n\n<div class=\"wp-block-group alignfull is-content-justification-center is-layout-flex wp-container-core-group-is-layout-81a7f686 wp-block-group-is-layout-flex\">\n<p class=\"usps has-normal-font-size\">\u2713 Brugervenlig<\/p>\n\n\n\n<p>\u2713 Modstandsdygtig og sikker<\/p>\n\n\n\n<p>\u2713 Forskellige modeller<\/p>\n<\/div>\n\n\n\n<style>\nh1.entry-title {\ndisplay:none;\n}\n.cta-knop {\nmargin-left: 35px !important;\n}\n\n.cta-knop:hover {\nopacity: 0.75;\n}\n\n@media only screen and (max-width: 1064px) {\n.cta-knop {\nmargin-left: 0px !important;\n}\n\n.wp-block-group.alignfull {\n    display: flex;\n    flex-direction: column;\n}\n}\n<\/style>\n\n\n\n<div style=\"height:100px\" aria-hidden=\"true\" class=\"wp-block-spacer\"><\/div>\n\n\n\n<p class=\"has-text-align-left align-left has-black-color has-text-color has-normal-font-size\">At k\u00f8be et hotelpengeskab er ikke en triviel sag. Det handler om at give dine v\u00e6rdsatte g\u00e6ster sikkerhed og ro i sindet. Fra smykker til pas og b\u00e6rbare computere - et hotelpengeskab er en sikker havn for dine g\u00e6sters v\u00e6rdigenstande under deres ophold. Hos Keybox.co.uk er det muligt at k\u00f8be et hotelpengeskab, der opfylder alle dine behov.<\/p>\n\n\n\n<div style=\"height:100px\" aria-hidden=\"true\" class=\"wp-block-spacer\"><\/div>\n\n\n\n<div class=\"wp-block-group is-content-justification-center is-layout-flex wp-container-core-group-is-layout-81a7f686 wp-block-group-is-layout-flex\">\n<div class=\"wp-block-media-text alignwide is-stacked-on-mobile is-vertically-aligned-center\" style=\"grid-template-columns:40% auto\"><figure class=\"wp-block-media-text__media\"><img decoding=\"async\" width=\"683\" height=\"1024\" src=\"http:\/\/keybox.nl\/wp-content\/uploads\/2022\/02\/IMG_5926-683x1024.jpg\" alt=\"\" class=\"wp-image-233 size-full\" srcset=\"https:\/\/keybox.nl\/wp-content\/uploads\/2022\/02\/IMG_5926-683x1024.jpg 683w, https:\/\/keybox.nl\/wp-content\/uploads\/2022\/02\/IMG_5926-416x624.jpg 416w, https:\/\/keybox.nl\/wp-content\/uploads\/2022\/02\/IMG_5926-200x300.jpg 200w, https:\/\/keybox.nl\/wp-content\/uploads\/2022\/02\/IMG_5926-768x1152.jpg 768w, https:\/\/keybox.nl\/wp-content\/uploads\/2022\/02\/IMG_5926.jpg 1000w\" sizes=\"(max-width: 683px) 100vw, 683px\" \/><\/figure><div class=\"wp-block-media-text__content\">\n<h2 class=\"wp-block-heading\">Vigtigheden af at k\u00f8be et hotelpengeskab<\/h2>\n\n\n\n<p>N\u00e5r du t\u00e6nker p\u00e5 at k\u00f8be et hotelpengeskab, t\u00e6nker du p\u00e5 at sikre dine g\u00e6sters sikkerhed. A <a href=\"http:\/\/keybox.nl\/da\/inbraakwerende-kluis-kopen\/\">Indbrudssikkert pengeskab<\/a> er ikke en luksus, men en vigtig del af dit hotel. Det giver et ekstra lag af sikkerhed og sikrer, at dine g\u00e6ster kan nyde deres ophold med ro i sindet. Desuden er det et tegn p\u00e5 omsorg og respekt for dine g\u00e6sters personlige ejendele. S\u00e5 at k\u00f8be et hotelpengeskab er ikke kun en investering i dit hotel, men ogs\u00e5 en investering i dine g\u00e6sters tilfredshed. S\u00e5 uanset om du driver et lille bed and breakfast eller en stor hotelk\u00e6de, er det <a href=\"http:\/\/keybox.nl\/da\/\">Bestilling af pengeskab<\/a> er et skridt i retning af at yde fremragende service. Derudover er det ogs\u00e5 en smart id\u00e9 at have et pengeskab med <a href=\"http:\/\/keybox.nl\/da\/sleutelhaken-kopen\/\">K\u00f8b n\u00f8glekroge<\/a>, for at kunne styre n\u00f8glerne p\u00e5 dit hotel bedst muligt.<\/p>\n<\/div><\/div>\n<\/div>\n\n\n\n<div style=\"height:100px\" aria-hidden=\"true\" class=\"wp-block-spacer\"><\/div>\n\n\n\n<h2 class=\"wp-block-heading has-text-align-center\"><strong>Vil du k\u00f8be et hotelsafe hos os?<\/strong><\/h2>\n\n\n\n<div class=\"wp-block-buttons is-content-justification-center is-layout-flex wp-container-core-buttons-is-layout-a89b3969 wp-block-buttons-is-layout-flex\">\n<div class=\"wp-block-button is-style-outline is-style-outline--1\"><a class=\"wp-block-button__link wp-element-button\" href=\"http:\/\/keybox.nl\/da\/\">Se webshoppen<\/a><\/div>\n<\/div>\n\n\n\n<div style=\"height:100px\" aria-hidden=\"true\" class=\"wp-block-spacer\"><\/div>\n\n\n\n<div class=\"wp-block-group is-content-justification-center is-layout-flex wp-container-core-group-is-layout-81a7f686 wp-block-group-is-layout-flex\">\n<div class=\"wp-block-media-text alignwide has-media-on-the-right is-stacked-on-mobile is-vertically-aligned-center\" style=\"grid-template-columns:auto 40%\"><div class=\"wp-block-media-text__content\">\n<h3 class=\"wp-block-heading has-text-color\" style=\"color:#000000;font-size:32px\"><strong>Tag skridtet og afgiv din bestilling<\/strong><\/h3>\n\n\n\n<p class=\"has-text-color has-normal-font-size\" style=\"color:#000000\">Der er ikke noget bedre tidspunkt end nu til at k\u00f8be et hotelpengeskab. Hos Keybox.co.uk forst\u00e5r vi hver kundes unikke behov og er klar til at guide dig gennem dit k\u00f8b. <a href=\"http:\/\/keybox.nl\/da\/contact\/\">Lav en aftale i dag<\/a> hos os i Bussum eller l\u00e6g din bestilling, og s\u00f8rg for et sikkert og betryggende ophold for alle dine g\u00e6ster. Er du snarere p\u00e5 udkig efter en god <a href=\"http:\/\/keybox.nl\/da\/brandkluis-voor-thuis\/\">sikkert hjem<\/a>? Det kan vi ogs\u00e5 tilbyde dig.<\/p>\n<\/div><figure class=\"wp-block-media-text__media\"><img decoding=\"async\" width=\"600\" height=\"800\" src=\"http:\/\/keybox.nl\/wp-content\/uploads\/2021\/12\/Extra-Armor-KSB.jpg\" alt=\"Kluis los\" class=\"wp-image-103 size-full\" srcset=\"https:\/\/keybox.nl\/wp-content\/uploads\/2021\/12\/Extra-Armor-KSB.jpg 600w, https:\/\/keybox.nl\/wp-content\/uploads\/2021\/12\/Extra-Armor-KSB-416x555.jpg 416w, https:\/\/keybox.nl\/wp-content\/uploads\/2021\/12\/Extra-Armor-KSB-225x300.jpg 225w\" sizes=\"(max-width: 600px) 100vw, 600px\" \/><\/figure><\/div>\n<\/div>\n\n\n\n<div style=\"height:50px\" aria-hidden=\"true\" class=\"wp-block-spacer\"><\/div>\n\n\n\n<h2 class=\"wp-block-heading alignwide has-text-align-left form-titel\"><strong>Har du sp\u00f8rgsm\u00e5l om sikkerhed?<\/strong><\/h2>\n\n\n<div class=\"wp-block-jetpack-contact-form alignwide is-layout-flex wp-container-jetpack-contact-form-is-layout-2b4208ba wp-block-jetpack-contact-form-is-layout-flex\"><a href=\"https:\/\/keybox.nl\/da\/hotelkluis-kopen\/\" target=\"_blank\" rel=\"noopener noreferrer\">Indsend en formular.<\/a><\/div>\n\n\n<p><\/p>","protected":false},"excerpt":{"rendered":"<p>\u2713 Gebruiksvriendelijk \u2713 Bestendig en veilig \u2713 Diverse modellen Een hotelkluis kopen is geen onbeduidende zaak. Het gaat om het bieden van veiligheid en gemoedsrust aan uw gewaardeerde gasten. Van sieraden tot paspoorten en laptops, een hotelkluis biedt een veilige haven voor de waardevolle bezittingen van uw gasten tijdens hun verblijf. Bij Keybox.nl is het [&hellip;]<\/p>\n","protected":false},"author":1,"featured_media":0,"parent":0,"menu_order":0,"comment_status":"closed","ping_status":"closed","template":"template-fullwidth.php","meta":{"footnotes":""},"class_list":["post-1530","page","type-page","status-publish","hentry"],"yoast_head":"<!-- This site is optimized with the Yoast SEO plugin v27.4 - https:\/\/yoast.com\/product\/yoast-seo-wordpress\/ -->\n<title>Een kwalitatieve hotelkluis kopen -<\/title>\n<meta name=\"description\" content=\"Wilt u graag een hoogwaardige hotelkluis kopen? Bekijk dan zeker ons ruime aanbod aan kluizen. Onze experts geven u graag professioneel advies!\" \/>\n<meta name=\"robots\" content=\"index, follow, max-snippet:-1, max-image-preview:large, max-video-preview:-1\" \/>\n<link rel=\"canonical\" href=\"https:\/\/keybox.nl\/da\/hotelkluis-kopen\/\" \/>\n<meta property=\"og:locale\" content=\"da_DK\" \/>\n<meta property=\"og:type\" content=\"article\" \/>\n<meta property=\"og:title\" content=\"Een kwalitatieve hotelkluis kopen -\" \/>\n<meta property=\"og:description\" content=\"Wilt u graag een hoogwaardige hotelkluis kopen? Bekijk dan zeker ons ruime aanbod aan kluizen. Onze experts geven u graag professioneel advies!\" \/>\n<meta property=\"og:url\" content=\"https:\/\/keybox.nl\/da\/hotelkluis-kopen\/\" \/>\n<meta property=\"article:modified_time\" content=\"2023-07-25T10:16:37+00:00\" \/>\n<meta property=\"og:image\" content=\"http:\/\/keybox.nl\/wp-content\/uploads\/2021\/12\/KSB103-KSB005-4-scaled.jpg\" \/>\n<meta name=\"twitter:card\" content=\"summary_large_image\" \/>\n<meta name=\"twitter:label1\" content=\"Estimeret l\u00e6setid\" \/>\n\t<meta name=\"twitter:data1\" content=\"3 minutter\" \/>\n<script type=\"application\/ld+json\" class=\"yoast-schema-graph\">{\"@context\":\"https:\\\/\\\/schema.org\",\"@graph\":[{\"@type\":\"WebPage\",\"@id\":\"https:\\\/\\\/keybox.nl\\\/hotelkluis-kopen\\\/\",\"url\":\"https:\\\/\\\/keybox.nl\\\/hotelkluis-kopen\\\/\",\"name\":\"Een kwalitatieve hotelkluis kopen -\",\"isPartOf\":{\"@id\":\"https:\\\/\\\/keybox.nl\\\/#website\"},\"primaryImageOfPage\":{\"@id\":\"https:\\\/\\\/keybox.nl\\\/hotelkluis-kopen\\\/#primaryimage\"},\"image\":{\"@id\":\"https:\\\/\\\/keybox.nl\\\/hotelkluis-kopen\\\/#primaryimage\"},\"thumbnailUrl\":\"http:\\\/\\\/keybox.nl\\\/wp-content\\\/uploads\\\/2021\\\/12\\\/KSB103-KSB005-4-scaled.jpg\",\"datePublished\":\"2023-07-20T12:27:21+00:00\",\"dateModified\":\"2023-07-25T10:16:37+00:00\",\"description\":\"Wilt u graag een hoogwaardige hotelkluis kopen? Bekijk dan zeker ons ruime aanbod aan kluizen. Onze experts geven u graag professioneel advies!\",\"breadcrumb\":{\"@id\":\"https:\\\/\\\/keybox.nl\\\/hotelkluis-kopen\\\/#breadcrumb\"},\"inLanguage\":\"da-DK\",\"potentialAction\":[{\"@type\":\"ReadAction\",\"target\":[\"https:\\\/\\\/keybox.nl\\\/hotelkluis-kopen\\\/\"]}]},{\"@type\":\"ImageObject\",\"inLanguage\":\"da-DK\",\"@id\":\"https:\\\/\\\/keybox.nl\\\/hotelkluis-kopen\\\/#primaryimage\",\"url\":\"http:\\\/\\\/keybox.nl\\\/wp-content\\\/uploads\\\/2021\\\/12\\\/KSB103-KSB005-4-scaled.jpg\",\"contentUrl\":\"http:\\\/\\\/keybox.nl\\\/wp-content\\\/uploads\\\/2021\\\/12\\\/KSB103-KSB005-4-scaled.jpg\"},{\"@type\":\"BreadcrumbList\",\"@id\":\"https:\\\/\\\/keybox.nl\\\/hotelkluis-kopen\\\/#breadcrumb\",\"itemListElement\":[{\"@type\":\"ListItem\",\"position\":1,\"name\":\"Home\",\"item\":\"https:\\\/\\\/keybox.nl\\\/\"},{\"@type\":\"ListItem\",\"position\":2,\"name\":\"hotelkluis-kopen\"}]},{\"@type\":\"WebSite\",\"@id\":\"https:\\\/\\\/keybox.nl\\\/#website\",\"url\":\"https:\\\/\\\/keybox.nl\\\/\",\"name\":\"\",\"description\":\"\",\"potentialAction\":[{\"@type\":\"SearchAction\",\"target\":{\"@type\":\"EntryPoint\",\"urlTemplate\":\"https:\\\/\\\/keybox.nl\\\/?s={search_term_string}\"},\"query-input\":{\"@type\":\"PropertyValueSpecification\",\"valueRequired\":true,\"valueName\":\"search_term_string\"}}],\"inLanguage\":\"da-DK\"}]}<\/script>\n<!-- \/ Yoast SEO plugin. -->","yoast_head_json":{"title":"At k\u00f8be et hotelpengeskab af h\u00f8j kvalitet","description":"Vil du gerne k\u00f8be et hotelpengeskab af h\u00f8j kvalitet? S\u00e5 tjek vores brede udvalg af pengeskabe. Vores eksperter vil med gl\u00e6de give dig professionel r\u00e5dgivning!","robots":{"index":"index","follow":"follow","max-snippet":"max-snippet:-1","max-image-preview":"max-image-preview:large","max-video-preview":"max-video-preview:-1"},"canonical":"https:\/\/keybox.nl\/da\/hotelkluis-kopen\/","og_locale":"da_DK","og_type":"article","og_title":"Een kwalitatieve hotelkluis kopen -","og_description":"Wilt u graag een hoogwaardige hotelkluis kopen? Bekijk dan zeker ons ruime aanbod aan kluizen. Onze experts geven u graag professioneel advies!","og_url":"https:\/\/keybox.nl\/da\/hotelkluis-kopen\/","article_modified_time":"2023-07-25T10:16:37+00:00","og_image":[{"url":"http:\/\/keybox.nl\/wp-content\/uploads\/2021\/12\/KSB103-KSB005-4-scaled.jpg","type":"","width":"","height":""}],"twitter_card":"summary_large_image","twitter_misc":{"Estimeret l\u00e6setid":"3 minutter"},"schema":{"@context":"https:\/\/schema.org","@graph":[{"@type":"WebPage","@id":"https:\/\/keybox.nl\/hotelkluis-kopen\/","url":"https:\/\/keybox.nl\/hotelkluis-kopen\/","name":"At k\u00f8be et hotelpengeskab af h\u00f8j kvalitet","isPartOf":{"@id":"https:\/\/keybox.nl\/#website"},"primaryImageOfPage":{"@id":"https:\/\/keybox.nl\/hotelkluis-kopen\/#primaryimage"},"image":{"@id":"https:\/\/keybox.nl\/hotelkluis-kopen\/#primaryimage"},"thumbnailUrl":"http:\/\/keybox.nl\/wp-content\/uploads\/2021\/12\/KSB103-KSB005-4-scaled.jpg","datePublished":"2023-07-20T12:27:21+00:00","dateModified":"2023-07-25T10:16:37+00:00","description":"Vil du gerne k\u00f8be et hotelpengeskab af h\u00f8j kvalitet? S\u00e5 tjek vores brede udvalg af pengeskabe. Vores eksperter vil med gl\u00e6de give dig professionel r\u00e5dgivning!","breadcrumb":{"@id":"https:\/\/keybox.nl\/hotelkluis-kopen\/#breadcrumb"},"inLanguage":"da-DK","potentialAction":[{"@type":"ReadAction","target":["https:\/\/keybox.nl\/hotelkluis-kopen\/"]}]},{"@type":"ImageObject","inLanguage":"da-DK","@id":"https:\/\/keybox.nl\/hotelkluis-kopen\/#primaryimage","url":"http:\/\/keybox.nl\/wp-content\/uploads\/2021\/12\/KSB103-KSB005-4-scaled.jpg","contentUrl":"http:\/\/keybox.nl\/wp-content\/uploads\/2021\/12\/KSB103-KSB005-4-scaled.jpg"},{"@type":"BreadcrumbList","@id":"https:\/\/keybox.nl\/hotelkluis-kopen\/#breadcrumb","itemListElement":[{"@type":"ListItem","position":1,"name":"Home","item":"https:\/\/keybox.nl\/"},{"@type":"ListItem","position":2,"name":"hotelkluis-kopen"}]},{"@type":"WebSite","@id":"https:\/\/keybox.nl\/#website","url":"https:\/\/keybox.nl\/","name":"","description":"","potentialAction":[{"@type":"SearchAction","target":{"@type":"EntryPoint","urlTemplate":"https:\/\/keybox.nl\/?s={search_term_string}"},"query-input":{"@type":"PropertyValueSpecification","valueRequired":true,"valueName":"search_term_string"}}],"inLanguage":"da-DK"}]}},"jetpack-related-posts":[{"id":1529,"url":"https:\/\/keybox.nl\/da\/sleutelhaken-kopen\/","url_meta":{"origin":1530,"position":0},"title":"n\u00f8glekroge-k\u00f8b","author":"Keybox@beheermodule","date":"20 juli 2023","format":false,"excerpt":"K\u00f8b sikkert med n\u00f8glekroge til webshoppen! \u2713 Brugervenlig \u2713 Modstandsdygtig og sikker \u2713 Forskellige modeller Er du p\u00e5 udkig efter n\u00f8glekroge af h\u00f8j kvalitet til brug i din virksomhed? S\u00e5 overvej at k\u00f8be et professionelt sikret n\u00f8gleskab. N\u00e5r alt kommer til alt, vil du ikke have, at folk med ondsindede...","rel":"","context":"Similar post","block_context":{"text":"Similar post","link":""},"img":{"alt_text":"","src":"https:\/\/i0.wp.com\/keybox.nl\/wp-content\/uploads\/2021\/12\/KSB_102_1-e1638478691321.jpg?resize=350%2C200&ssl=1","width":350,"height":200,"srcset":"https:\/\/i0.wp.com\/keybox.nl\/wp-content\/uploads\/2021\/12\/KSB_102_1-e1638478691321.jpg?resize=350%2C200&ssl=1 1x, https:\/\/i0.wp.com\/keybox.nl\/wp-content\/uploads\/2021\/12\/KSB_102_1-e1638478691321.jpg?resize=525%2C300&ssl=1 1.5x, https:\/\/i0.wp.com\/keybox.nl\/wp-content\/uploads\/2021\/12\/KSB_102_1-e1638478691321.jpg?resize=700%2C400&ssl=1 2x"},"classes":[]},{"id":546,"url":"https:\/\/keybox.nl\/da\/inbouwkluisjes-kopen\/","url_meta":{"origin":1530,"position":1},"title":"K\u00f8b indbyggede pengeskabe","author":"Keybox@beheermodule","date":"11 marts 2022","format":false,"excerpt":"K\u00f8b robuste indbyggede pengeskabe til webshoppen! \u2713 Brugervenlig \u2713 Robust og sikker \u2713 Forskellige modeller Vil du k\u00f8be indbyggede pengeskabe til din virksomhed? Vores webshop tilbyder forskellige modeller af pengeskabe, som du installerer i v\u00e6ggen. Fordi systemet er i v\u00e6ggen, kan det ikke tages v\u00e6k og er...","rel":"","context":"Similar post","block_context":{"text":"Similar post","link":""},"img":{"alt_text":"","src":"https:\/\/i0.wp.com\/keybox.nl\/wp-content\/uploads\/2021\/12\/KSB_102_1-e1638478691321.jpg?resize=350%2C200&ssl=1","width":350,"height":200,"srcset":"https:\/\/i0.wp.com\/keybox.nl\/wp-content\/uploads\/2021\/12\/KSB_102_1-e1638478691321.jpg?resize=350%2C200&ssl=1 1x, https:\/\/i0.wp.com\/keybox.nl\/wp-content\/uploads\/2021\/12\/KSB_102_1-e1638478691321.jpg?resize=525%2C300&ssl=1 1.5x, https:\/\/i0.wp.com\/keybox.nl\/wp-content\/uploads\/2021\/12\/KSB_102_1-e1638478691321.jpg?resize=700%2C400&ssl=1 2x"},"classes":[]},{"id":556,"url":"https:\/\/keybox.nl\/da\/kleine-sleutelkluisjes-kopen\/","url_meta":{"origin":1530,"position":2},"title":"K\u00f8b sm\u00e5 n\u00f8gleskabe","author":"Keybox@beheermodule","date":"11 marts 2022","format":false,"excerpt":"K\u00f8b p\u00e5lidelige sm\u00e5 n\u00f8gleskabe til webshoppen! \u2713 Brugervenlig \u2713 Modstandsdygtig og sikker \u2713 Forskellige modeller Hos os kan du k\u00f8be sm\u00e5 n\u00f8gleskabe til sikker opbevaring af dine n\u00f8gler. Keybox.co.uk tilbyder alle slags pengeskabe, f.eks. et lille n\u00f8gleskab, som du nemt kan k\u00f8be online. Takket v\u00e6re vores...","rel":"","context":"Similar post","block_context":{"text":"Similar post","link":""},"img":{"alt_text":"","src":"https:\/\/i0.wp.com\/keybox.nl\/wp-content\/uploads\/2022\/12\/Keysafe_Original_keybox_sleutelkluis.jpg?resize=350%2C200&ssl=1","width":350,"height":200,"srcset":"https:\/\/i0.wp.com\/keybox.nl\/wp-content\/uploads\/2022\/12\/Keysafe_Original_keybox_sleutelkluis.jpg?resize=350%2C200&ssl=1 1x, https:\/\/i0.wp.com\/keybox.nl\/wp-content\/uploads\/2022\/12\/Keysafe_Original_keybox_sleutelkluis.jpg?resize=525%2C300&ssl=1 1.5x, https:\/\/i0.wp.com\/keybox.nl\/wp-content\/uploads\/2022\/12\/Keysafe_Original_keybox_sleutelkluis.jpg?resize=700%2C400&ssl=1 2x"},"classes":[]},{"id":30,"url":"https:\/\/keybox.nl\/da\/","url_meta":{"origin":1530,"position":3},"title":"K\u00f8b sikre n\u00f8gleskabe","author":"Keybox@beheermodule","date":"30 november 2021","format":false,"excerpt":"Hos Keybox.co.uk kan du blandt andet k\u00f8be et solidt pengeskab eller sikre n\u00f8gleskabe. Vi tilbyder forskellige typer pengeskabe; fra diskrete n\u00f8gleskabe til v\u00e6gskabe med indskudshjul. Hos os kan du bestille et pengeskab til din virksomhed, men ogs\u00e5 til dit hjem. Takket v\u00e6re vores brede udvalg af n\u00f8gleskabe...","rel":"","context":"With 1 comment","block_context":{"text":"With 1 comment","link":"https:\/\/keybox.nl\/da\/#comments"},"img":{"alt_text":"","src":"","width":0,"height":0},"classes":[]},{"id":1528,"url":"https:\/\/keybox.nl\/da\/elektronische-sleutelkluis-kopen\/","url_meta":{"origin":1530,"position":4},"title":"elektronisk-n\u00f8gle sikker-k\u00f8b","author":"Keybox@beheermodule","date":"20 juli 2023","format":false,"excerpt":"K\u00f8b elektronisk n\u00f8gleskab i webshoppen! \u2713 Brugervenlig \u2713 Modstandsdygtig og sikker \u2713 Forskellige modeller At k\u00f8be et elektronisk n\u00f8gleskab er det f\u00f8rste skridt, n\u00e5r det g\u00e6lder om at sikre din virksomhed eller dit hjem. Keybox.co.uk tilbyder dig den l\u00f8sning, der passer perfekt til dine behov. Disse pengeskabe...","rel":"","context":"Similar post","block_context":{"text":"Similar post","link":""},"img":{"alt_text":"","src":"https:\/\/i0.wp.com\/keybox.nl\/wp-content\/uploads\/2023\/02\/Keysafe-Big-Pro-sleutelkastje_keybox.jpeg?resize=350%2C200&ssl=1","width":350,"height":200,"srcset":"https:\/\/i0.wp.com\/keybox.nl\/wp-content\/uploads\/2023\/02\/Keysafe-Big-Pro-sleutelkastje_keybox.jpeg?resize=350%2C200&ssl=1 1x, https:\/\/i0.wp.com\/keybox.nl\/wp-content\/uploads\/2023\/02\/Keysafe-Big-Pro-sleutelkastje_keybox.jpeg?resize=525%2C300&ssl=1 1.5x, https:\/\/i0.wp.com\/keybox.nl\/wp-content\/uploads\/2023\/02\/Keysafe-Big-Pro-sleutelkastje_keybox.jpeg?resize=700%2C400&ssl=1 2x"},"classes":[]},{"id":538,"url":"https:\/\/keybox.nl\/da\/kluis-kopen-voor-thuis\/","url_meta":{"origin":1530,"position":5},"title":"K\u00f8b pengeskab til hjemmet","author":"Keybox@beheermodule","date":"11 marts 2022","format":false,"excerpt":"K\u00f8b et modstandsdygtigt pengeskab til dit hjem Til webshoppen! \u2713 Brugervenlig \u2713 Modstandsdygtig og sikker \u2713 Forskellige modeller Vil du gerne k\u00f8be et praktisk pengeskab til dit hjem? S\u00e5 har Keybox.co.uk det, du leder efter. Pengeskabe til hjemmet er noget mindre og kr\u00e6ver ikke omfattende installation, hvilket g\u00f8r dem ideelle til...","rel":"","context":"Similar post","block_context":{"text":"Similar post","link":""},"img":{"alt_text":"","src":"https:\/\/i0.wp.com\/keybox.nl\/wp-content\/uploads\/2022\/01\/KSB007-inner-safe-2-e1643896091542.jpg?resize=350%2C200&ssl=1","width":350,"height":200,"srcset":"https:\/\/i0.wp.com\/keybox.nl\/wp-content\/uploads\/2022\/01\/KSB007-inner-safe-2-e1643896091542.jpg?resize=350%2C200&ssl=1 1x, https:\/\/i0.wp.com\/keybox.nl\/wp-content\/uploads\/2022\/01\/KSB007-inner-safe-2-e1643896091542.jpg?resize=525%2C300&ssl=1 1.5x, https:\/\/i0.wp.com\/keybox.nl\/wp-content\/uploads\/2022\/01\/KSB007-inner-safe-2-e1643896091542.jpg?resize=700%2C400&ssl=1 2x"},"classes":[]}],"jetpack_sharing_enabled":true,"_links":{"self":[{"href":"https:\/\/keybox.nl\/da\/wp-json\/wp\/v2\/pages\/1530","targetHints":{"allow":["GET"]}}],"collection":[{"href":"https:\/\/keybox.nl\/da\/wp-json\/wp\/v2\/pages"}],"about":[{"href":"https:\/\/keybox.nl\/da\/wp-json\/wp\/v2\/types\/page"}],"author":[{"embeddable":true,"href":"https:\/\/keybox.nl\/da\/wp-json\/wp\/v2\/users\/1"}],"replies":[{"embeddable":true,"href":"https:\/\/keybox.nl\/da\/wp-json\/wp\/v2\/comments?post=1530"}],"version-history":[{"count":6,"href":"https:\/\/keybox.nl\/da\/wp-json\/wp\/v2\/pages\/1530\/revisions"}],"predecessor-version":[{"id":1661,"href":"https:\/\/keybox.nl\/da\/wp-json\/wp\/v2\/pages\/1530\/revisions\/1661"}],"wp:attachment":[{"href":"https:\/\/keybox.nl\/da\/wp-json\/wp\/v2\/media?parent=1530"}],"curies":[{"name":"wp","href":"https:\/\/api.w.org\/{rel}","templated":true}]}}