{"id":1527,"date":"2023-07-20T12:27:01","date_gmt":"2023-07-20T12:27:01","guid":{"rendered":"http:\/\/keybox.nl\/?page_id=1527"},"modified":"2023-07-25T10:23:07","modified_gmt":"2023-07-25T10:23:07","slug":"advies-sleutelkluis-opvragen","status":"publish","type":"page","link":"https:\/\/keybox.nl\/da\/advies-sleutelkluis-opvragen\/","title":{"rendered":"r\u00e5d-n\u00f8gle sikker-anmodning"},"content":{"rendered":"<div class=\"wp-block-cover alignfull\" style=\"min-height:200px;aspect-ratio:unset;\"><span aria-hidden=\"true\" class=\"wp-block-cover__background has-background-dim-60 has-background-dim\"><\/span><img decoding=\"async\" width=\"1920\" height=\"2560\" class=\"wp-block-cover__image-background wp-image-126\" alt=\"Kluis\" src=\"http:\/\/keybox.nl\/wp-content\/uploads\/2021\/12\/KSB103-KSB005-4-scaled.jpg\" style=\"object-position:50% 50%\" data-object-fit=\"cover\" data-object-position=\"50% 50%\" srcset=\"https:\/\/keybox.nl\/wp-content\/uploads\/2021\/12\/KSB103-KSB005-4-scaled.jpg 1920w, https:\/\/keybox.nl\/wp-content\/uploads\/2021\/12\/KSB103-KSB005-4-416x555.jpg 416w, https:\/\/keybox.nl\/wp-content\/uploads\/2021\/12\/KSB103-KSB005-4-225x300.jpg 225w, https:\/\/keybox.nl\/wp-content\/uploads\/2021\/12\/KSB103-KSB005-4-768x1024.jpg 768w, https:\/\/keybox.nl\/wp-content\/uploads\/2021\/12\/KSB103-KSB005-4-1152x1536.jpg 1152w, https:\/\/keybox.nl\/wp-content\/uploads\/2021\/12\/KSB103-KSB005-4-1536x2048.jpg 1536w, https:\/\/keybox.nl\/wp-content\/uploads\/2021\/12\/KSB103-KSB005-4-1320x1760.jpg 1320w\" sizes=\"(max-width: 1920px) 100vw, 1920px\" \/><div class=\"wp-block-cover__inner-container is-layout-flow wp-block-cover-is-layout-flow\">\n<h1 class=\"wp-block-heading alignwide has-text-align-left has-white-color has-text-color\" style=\"font-size:40px\">F\u00e5 r\u00e5d om et n\u00f8gleskab<\/h1>\n\n\n\n<div class=\"wp-block-columns alignwide is-layout-flex wp-container-core-columns-is-layout-28f84493 wp-block-columns-is-layout-flex\">\n<div class=\"wp-block-column is-layout-flow wp-block-column-is-layout-flow\" style=\"flex-basis:55%\">\n<div class=\"wp-block-buttons is-layout-flex wp-block-buttons-is-layout-flex\">\n<div class=\"wp-block-button cta-knop alignleft\"><a class=\"wp-block-button__link has-black-color has-white-background-color has-text-color has-background wp-element-button\" href=\"http:\/\/keybox.nl\/da\/\">Til webshoppen!<\/a><\/div>\n<\/div>\n<\/div>\n<\/div>\n<\/div><\/div>\n\n\n\n<div style=\"height:50px\" aria-hidden=\"true\" class=\"wp-block-spacer\"><\/div>\n\n\n\n<div class=\"wp-block-group alignfull is-content-justification-center is-layout-flex wp-container-core-group-is-layout-81a7f686 wp-block-group-is-layout-flex\">\n<p class=\"usps has-normal-font-size\">\u2713 Brugervenlig<\/p>\n\n\n\n<p>\u2713 Modstandsdygtig og sikker<\/p>\n\n\n\n<p>\u2713 Forskellige modeller<\/p>\n<\/div>\n\n\n\n<style>\nh1.entry-title {\ndisplay:none;\n}\n.cta-knop {\nmargin-left: 35px !important;\n}\n\n.cta-knop:hover {\nopacity: 0.75;\n}\n\n@media only screen and (max-width: 1064px) {\n.cta-knop {\nmargin-left: 0px !important;\n}\n\n.wp-block-group.alignfull {\n    display: flex;\n    flex-direction: column;\n}\n}\n<\/style>\n\n\n\n<div style=\"height:100px\" aria-hidden=\"true\" class=\"wp-block-spacer\"><\/div>\n\n\n\n<p class=\"has-text-align-left align-left has-black-color has-text-color has-normal-font-size\">At f\u00e5 r\u00e5dgivning om et n\u00f8gleskab er det f\u00f8rste skridt mod et mere sikkert forretningsmilj\u00f8. At v\u00e6lge det rigtige n\u00f8gleskab kan v\u00e6re en kompleks opgave i betragtning af mangfoldigheden og de teknologiske innovationer. Hos Keybox.co.uk forst\u00e5r vi denne udfordring og er klar til at hj\u00e6lpe dig med at tr\u00e6ffe denne vigtige beslutning.<\/p>\n\n\n\n<div style=\"height:100px\" aria-hidden=\"true\" class=\"wp-block-spacer\"><\/div>\n\n\n\n<div class=\"wp-block-group is-content-justification-center is-layout-flex wp-container-core-group-is-layout-81a7f686 wp-block-group-is-layout-flex\">\n<div class=\"wp-block-media-text alignwide is-stacked-on-mobile is-vertically-aligned-center\" style=\"grid-template-columns:40% auto\"><figure class=\"wp-block-media-text__media\"><img decoding=\"async\" width=\"788\" height=\"1024\" src=\"http:\/\/keybox.nl\/wp-content\/uploads\/2023\/02\/Keysafe-Big-Pro-sleutelkastje_keybox-788x1024.jpeg\" alt=\"\" class=\"wp-image-1349 size-full\" srcset=\"https:\/\/keybox.nl\/wp-content\/uploads\/2023\/02\/Keysafe-Big-Pro-sleutelkastje_keybox-788x1024.jpeg 788w, https:\/\/keybox.nl\/wp-content\/uploads\/2023\/02\/Keysafe-Big-Pro-sleutelkastje_keybox-416x541.jpeg 416w, https:\/\/keybox.nl\/wp-content\/uploads\/2023\/02\/Keysafe-Big-Pro-sleutelkastje_keybox-231x300.jpeg 231w, https:\/\/keybox.nl\/wp-content\/uploads\/2023\/02\/Keysafe-Big-Pro-sleutelkastje_keybox-768x998.jpeg 768w, https:\/\/keybox.nl\/wp-content\/uploads\/2023\/02\/Keysafe-Big-Pro-sleutelkastje_keybox.jpeg 1000w\" sizes=\"(max-width: 788px) 100vw, 788px\" \/><\/figure><div class=\"wp-block-media-text__content\">\n<h2 class=\"wp-block-heading\">Hvorfor s\u00f8ge r\u00e5d om et n\u00f8gleskab?<\/h2>\n\n\n\n<p>At s\u00f8ge r\u00e5d om et n\u00f8gleskab kan g\u00f8re forskellen mellem en passende og en mindre passende l\u00f8sning. Udvalget af forskellige typer n\u00f8gleskabe kan v\u00e6re overv\u00e6ldende. Hos os finder du f.eks:<\/p>\n\n\n\n<ul class=\"wp-block-list\">\n<li><a href=\"http:\/\/keybox.nl\/da\/kleine-sleutelkluisjes-kopen\/\">Sm\u00e5 n\u00f8gleskabe<\/a> for nem adgang til et begr\u00e6nset antal n\u00f8gler.<\/li>\n\n\n\n<li><a href=\"http:\/\/keybox.nl\/da\/digitaal-sleutelbeheersysteem\/\">Digitale n\u00f8gleh\u00e5ndteringssystemer<\/a> til st\u00f8rre organisationer, hvor n\u00f8gleadgang og -styring er afg\u00f8rende.<\/li>\n\n\n\n<li><a href=\"http:\/\/keybox.nl\/da\/elektronische-sleutelkluis-kopen\/\">Elektroniske n\u00f8gleskabe<\/a> til dem, der kr\u00e6ver et h\u00f8jt sikkerhedsniveau og brugervenlighed.<\/li>\n\n\n\n<li><a href=\"http:\/\/keybox.nl\/da\/sleutelkluis-buiten\/\">Udend\u00f8rs n\u00f8gleskabe<\/a>, Perfekt til virksomheder, der arbejder med eksterne medarbejdere eller leverand\u00f8rer.<\/li>\n<\/ul>\n\n\n\n<p>Det viser, hvorfor det er vigtigt at s\u00f8ge r\u00e5dgivning om et n\u00f8gleskab, da hver situation er unik og kr\u00e6ver, at l\u00f8sningen passer pr\u00e6cis til dine specifikke behov. Da vi har en bred vifte og ekspertise inden for <a href=\"http:\/\/keybox.nl\/da\/\">sikre n\u00f8gleskabe<\/a>, er vi den ideelle virksomhed til at give dig denne r\u00e5dgivning.<\/p>\n<\/div><\/div>\n<\/div>\n\n\n\n<div style=\"height:100px\" aria-hidden=\"true\" class=\"wp-block-spacer\"><\/div>\n\n\n\n<h2 class=\"wp-block-heading has-text-align-center\"><strong>Vil du have r\u00e5d om et n\u00f8gleskab?<\/strong><\/h2>\n\n\n\n<div class=\"wp-block-buttons is-content-justification-center is-layout-flex wp-container-core-buttons-is-layout-a89b3969 wp-block-buttons-is-layout-flex\">\n<div class=\"wp-block-button is-style-outline is-style-outline--1\"><a class=\"wp-block-button__link wp-element-button\" href=\"http:\/\/keybox.nl\/da\/contact\/\">Kontakt os<\/a><\/div>\n<\/div>\n\n\n\n<div style=\"height:100px\" aria-hidden=\"true\" class=\"wp-block-spacer\"><\/div>\n\n\n\n<div class=\"wp-block-group is-content-justification-center is-layout-flex wp-container-core-group-is-layout-81a7f686 wp-block-group-is-layout-flex\">\n<div class=\"wp-block-media-text alignwide has-media-on-the-right is-stacked-on-mobile is-vertically-aligned-center\" style=\"grid-template-columns:auto 40%\"><div class=\"wp-block-media-text__content\">\n<h3 class=\"wp-block-heading has-text-color\" style=\"color:#000000;font-size:32px\"><strong>Tag skridtet og s\u00f8g r\u00e5dgivning<\/strong><\/h3>\n\n\n\n<p class=\"has-text-color has-normal-font-size\" style=\"color:#000000\">Er du klar til at tage springet? At f\u00e5 r\u00e5dgivning om et n\u00f8gleskab er vejen til et mere sikkert hjem eller en mere sikker virksomhed. Vi opfordrer dig til at <a href=\"http:\/\/keybox.nl\/da\/contact\/\">kontakt os<\/a> s\u00e5 vi sammen kan finde en l\u00f8sning, der passer perfekt til dine specifikke behov. Uanset om du har brug for en <a href=\"http:\/\/keybox.nl\/da\/kluis-kopen-voor-thuis\/\">sikkert hjem<\/a> er p\u00e5 udkig efter eller et mere omfattende system til din virksomhed, kan vores r\u00e5dgivning guide dig til det rigtige valg. S\u00e5 vent ikke l\u00e6ngere, og f\u00e5 r\u00e5dgivning om n\u00f8gleskabe nu.<\/p>\n<\/div><figure class=\"wp-block-media-text__media\"><img decoding=\"async\" width=\"788\" height=\"1024\" src=\"http:\/\/keybox.nl\/wp-content\/uploads\/2022\/12\/Keysafe_Slim_line_Keybox-788x1024.jpeg\" alt=\"Keysafe Slim line\" class=\"wp-image-1172 size-full\" srcset=\"https:\/\/keybox.nl\/wp-content\/uploads\/2022\/12\/Keysafe_Slim_line_Keybox-788x1024.jpeg 788w, https:\/\/keybox.nl\/wp-content\/uploads\/2022\/12\/Keysafe_Slim_line_Keybox-416x541.jpeg 416w, https:\/\/keybox.nl\/wp-content\/uploads\/2022\/12\/Keysafe_Slim_line_Keybox-231x300.jpeg 231w, https:\/\/keybox.nl\/wp-content\/uploads\/2022\/12\/Keysafe_Slim_line_Keybox-768x998.jpeg 768w, https:\/\/keybox.nl\/wp-content\/uploads\/2022\/12\/Keysafe_Slim_line_Keybox.jpeg 1000w\" sizes=\"(max-width: 788px) 100vw, 788px\" \/><\/figure><\/div>\n<\/div>\n\n\n\n<div style=\"height:50px\" aria-hidden=\"true\" class=\"wp-block-spacer\"><\/div>\n\n\n\n<h2 class=\"wp-block-heading alignwide has-text-align-left form-titel\"><strong>Har du sp\u00f8rgsm\u00e5l om sikkerhed?<\/strong><\/h2>\n\n\n<div class=\"wp-block-jetpack-contact-form alignwide is-layout-flex wp-container-jetpack-contact-form-is-layout-2b4208ba wp-block-jetpack-contact-form-is-layout-flex\"><a href=\"https:\/\/keybox.nl\/da\/advies-sleutelkluis-opvragen\/\" target=\"_blank\" rel=\"noopener noreferrer\">Indsend en formular.<\/a><\/div>\n\n\n<p><\/p>","protected":false},"excerpt":{"rendered":"<p>\u2713 Gebruiksvriendelijk \u2713 Bestendig en veilig \u2713 Diverse modellen Advies over een sleutelkluis opvragen is de eerste stap naar een veiligere bedrijfsomgeving. Het kiezen van de juiste sleutelkluis kan een complexe taak zijn, gezien de diversiteit en technologische innovaties. Bij Keybox.nl begrijpen we deze uitdaging en staan we klaar om u te helpen bij het [&hellip;]<\/p>\n","protected":false},"author":1,"featured_media":0,"parent":0,"menu_order":0,"comment_status":"closed","ping_status":"closed","template":"template-fullwidth.php","meta":{"footnotes":""},"class_list":["post-1527","page","type-page","status-publish","hentry"],"yoast_head":"<!-- This site is optimized with the Yoast SEO plugin v27.4 - https:\/\/yoast.com\/product\/yoast-seo-wordpress\/ -->\n<title>Advies voor uw sleutelkluis opvragen -<\/title>\n<meta name=\"description\" content=\"Advies over uw sleutelkluis opvragen bij onze experts is de sleutel tot succes. Neem snel contact met ons op en wij vertellen u alles wat u moet weten.\" \/>\n<meta name=\"robots\" content=\"index, follow, max-snippet:-1, max-image-preview:large, max-video-preview:-1\" \/>\n<link rel=\"canonical\" href=\"https:\/\/keybox.nl\/da\/advies-sleutelkluis-opvragen\/\" \/>\n<meta property=\"og:locale\" content=\"da_DK\" \/>\n<meta property=\"og:type\" content=\"article\" \/>\n<meta property=\"og:title\" content=\"Advies voor uw sleutelkluis opvragen -\" \/>\n<meta property=\"og:description\" content=\"Advies over uw sleutelkluis opvragen bij onze experts is de sleutel tot succes. Neem snel contact met ons op en wij vertellen u alles wat u moet weten.\" \/>\n<meta property=\"og:url\" content=\"https:\/\/keybox.nl\/da\/advies-sleutelkluis-opvragen\/\" \/>\n<meta property=\"article:modified_time\" content=\"2023-07-25T10:23:07+00:00\" \/>\n<meta property=\"og:image\" content=\"http:\/\/keybox.nl\/wp-content\/uploads\/2021\/12\/KSB103-KSB005-4-scaled.jpg\" \/>\n<meta name=\"twitter:card\" content=\"summary_large_image\" \/>\n<meta name=\"twitter:label1\" content=\"Estimeret l\u00e6setid\" \/>\n\t<meta name=\"twitter:data1\" content=\"3 minutter\" \/>\n<script type=\"application\/ld+json\" class=\"yoast-schema-graph\">{\"@context\":\"https:\\\/\\\/schema.org\",\"@graph\":[{\"@type\":\"WebPage\",\"@id\":\"https:\\\/\\\/keybox.nl\\\/advies-sleutelkluis-opvragen\\\/\",\"url\":\"https:\\\/\\\/keybox.nl\\\/advies-sleutelkluis-opvragen\\\/\",\"name\":\"Advies voor uw sleutelkluis opvragen -\",\"isPartOf\":{\"@id\":\"https:\\\/\\\/keybox.nl\\\/#website\"},\"primaryImageOfPage\":{\"@id\":\"https:\\\/\\\/keybox.nl\\\/advies-sleutelkluis-opvragen\\\/#primaryimage\"},\"image\":{\"@id\":\"https:\\\/\\\/keybox.nl\\\/advies-sleutelkluis-opvragen\\\/#primaryimage\"},\"thumbnailUrl\":\"http:\\\/\\\/keybox.nl\\\/wp-content\\\/uploads\\\/2021\\\/12\\\/KSB103-KSB005-4-scaled.jpg\",\"datePublished\":\"2023-07-20T12:27:01+00:00\",\"dateModified\":\"2023-07-25T10:23:07+00:00\",\"description\":\"Advies over uw sleutelkluis opvragen bij onze experts is de sleutel tot succes. Neem snel contact met ons op en wij vertellen u alles wat u moet weten.\",\"breadcrumb\":{\"@id\":\"https:\\\/\\\/keybox.nl\\\/advies-sleutelkluis-opvragen\\\/#breadcrumb\"},\"inLanguage\":\"da-DK\",\"potentialAction\":[{\"@type\":\"ReadAction\",\"target\":[\"https:\\\/\\\/keybox.nl\\\/advies-sleutelkluis-opvragen\\\/\"]}]},{\"@type\":\"ImageObject\",\"inLanguage\":\"da-DK\",\"@id\":\"https:\\\/\\\/keybox.nl\\\/advies-sleutelkluis-opvragen\\\/#primaryimage\",\"url\":\"http:\\\/\\\/keybox.nl\\\/wp-content\\\/uploads\\\/2021\\\/12\\\/KSB103-KSB005-4-scaled.jpg\",\"contentUrl\":\"http:\\\/\\\/keybox.nl\\\/wp-content\\\/uploads\\\/2021\\\/12\\\/KSB103-KSB005-4-scaled.jpg\"},{\"@type\":\"BreadcrumbList\",\"@id\":\"https:\\\/\\\/keybox.nl\\\/advies-sleutelkluis-opvragen\\\/#breadcrumb\",\"itemListElement\":[{\"@type\":\"ListItem\",\"position\":1,\"name\":\"Home\",\"item\":\"https:\\\/\\\/keybox.nl\\\/\"},{\"@type\":\"ListItem\",\"position\":2,\"name\":\"advies-sleutelkluis-opvragen\"}]},{\"@type\":\"WebSite\",\"@id\":\"https:\\\/\\\/keybox.nl\\\/#website\",\"url\":\"https:\\\/\\\/keybox.nl\\\/\",\"name\":\"\",\"description\":\"\",\"potentialAction\":[{\"@type\":\"SearchAction\",\"target\":{\"@type\":\"EntryPoint\",\"urlTemplate\":\"https:\\\/\\\/keybox.nl\\\/?s={search_term_string}\"},\"query-input\":{\"@type\":\"PropertyValueSpecification\",\"valueRequired\":true,\"valueName\":\"search_term_string\"}}],\"inLanguage\":\"da-DK\"}]}<\/script>\n<!-- \/ Yoast SEO plugin. -->","yoast_head_json":{"title":"Bed om r\u00e5dgivning til dit n\u00f8gleskab","description":"Det er vigtigt at f\u00e5 r\u00e5dgivning om dit n\u00f8gleskab fra vores eksperter. Kontakt os snart, s\u00e5 fort\u00e6ller vi dig alt, hvad du har brug for at vide.","robots":{"index":"index","follow":"follow","max-snippet":"max-snippet:-1","max-image-preview":"max-image-preview:large","max-video-preview":"max-video-preview:-1"},"canonical":"https:\/\/keybox.nl\/da\/advies-sleutelkluis-opvragen\/","og_locale":"da_DK","og_type":"article","og_title":"Advies voor uw sleutelkluis opvragen -","og_description":"Advies over uw sleutelkluis opvragen bij onze experts is de sleutel tot succes. Neem snel contact met ons op en wij vertellen u alles wat u moet weten.","og_url":"https:\/\/keybox.nl\/da\/advies-sleutelkluis-opvragen\/","article_modified_time":"2023-07-25T10:23:07+00:00","og_image":[{"url":"http:\/\/keybox.nl\/wp-content\/uploads\/2021\/12\/KSB103-KSB005-4-scaled.jpg","type":"","width":"","height":""}],"twitter_card":"summary_large_image","twitter_misc":{"Estimeret l\u00e6setid":"3 minutter"},"schema":{"@context":"https:\/\/schema.org","@graph":[{"@type":"WebPage","@id":"https:\/\/keybox.nl\/advies-sleutelkluis-opvragen\/","url":"https:\/\/keybox.nl\/advies-sleutelkluis-opvragen\/","name":"Bed om r\u00e5dgivning til dit n\u00f8gleskab","isPartOf":{"@id":"https:\/\/keybox.nl\/#website"},"primaryImageOfPage":{"@id":"https:\/\/keybox.nl\/advies-sleutelkluis-opvragen\/#primaryimage"},"image":{"@id":"https:\/\/keybox.nl\/advies-sleutelkluis-opvragen\/#primaryimage"},"thumbnailUrl":"http:\/\/keybox.nl\/wp-content\/uploads\/2021\/12\/KSB103-KSB005-4-scaled.jpg","datePublished":"2023-07-20T12:27:01+00:00","dateModified":"2023-07-25T10:23:07+00:00","description":"Det er vigtigt at f\u00e5 r\u00e5dgivning om dit n\u00f8gleskab fra vores eksperter. Kontakt os snart, s\u00e5 fort\u00e6ller vi dig alt, hvad du har brug for at vide.","breadcrumb":{"@id":"https:\/\/keybox.nl\/advies-sleutelkluis-opvragen\/#breadcrumb"},"inLanguage":"da-DK","potentialAction":[{"@type":"ReadAction","target":["https:\/\/keybox.nl\/advies-sleutelkluis-opvragen\/"]}]},{"@type":"ImageObject","inLanguage":"da-DK","@id":"https:\/\/keybox.nl\/advies-sleutelkluis-opvragen\/#primaryimage","url":"http:\/\/keybox.nl\/wp-content\/uploads\/2021\/12\/KSB103-KSB005-4-scaled.jpg","contentUrl":"http:\/\/keybox.nl\/wp-content\/uploads\/2021\/12\/KSB103-KSB005-4-scaled.jpg"},{"@type":"BreadcrumbList","@id":"https:\/\/keybox.nl\/advies-sleutelkluis-opvragen\/#breadcrumb","itemListElement":[{"@type":"ListItem","position":1,"name":"Home","item":"https:\/\/keybox.nl\/"},{"@type":"ListItem","position":2,"name":"advies-sleutelkluis-opvragen"}]},{"@type":"WebSite","@id":"https:\/\/keybox.nl\/#website","url":"https:\/\/keybox.nl\/","name":"","description":"","potentialAction":[{"@type":"SearchAction","target":{"@type":"EntryPoint","urlTemplate":"https:\/\/keybox.nl\/?s={search_term_string}"},"query-input":{"@type":"PropertyValueSpecification","valueRequired":true,"valueName":"search_term_string"}}],"inLanguage":"da-DK"}]}},"jetpack-related-posts":[{"id":1528,"url":"https:\/\/keybox.nl\/da\/elektronische-sleutelkluis-kopen\/","url_meta":{"origin":1527,"position":0},"title":"elektronisk-n\u00f8gle sikker-k\u00f8b","author":"Keybox@beheermodule","date":"20 juli 2023","format":false,"excerpt":"K\u00f8b elektronisk n\u00f8gleskab i webshoppen! \u2713 Brugervenlig \u2713 Modstandsdygtig og sikker \u2713 Forskellige modeller At k\u00f8be et elektronisk n\u00f8gleskab er det f\u00f8rste skridt, n\u00e5r det g\u00e6lder om at sikre din virksomhed eller dit hjem. Keybox.co.uk tilbyder dig den l\u00f8sning, der passer perfekt til dine behov. Disse pengeskabe...","rel":"","context":"Similar post","block_context":{"text":"Similar post","link":""},"img":{"alt_text":"","src":"https:\/\/i0.wp.com\/keybox.nl\/wp-content\/uploads\/2023\/02\/Keysafe-Big-Pro-sleutelkastje_keybox.jpeg?resize=350%2C200&ssl=1","width":350,"height":200,"srcset":"https:\/\/i0.wp.com\/keybox.nl\/wp-content\/uploads\/2023\/02\/Keysafe-Big-Pro-sleutelkastje_keybox.jpeg?resize=350%2C200&ssl=1 1x, https:\/\/i0.wp.com\/keybox.nl\/wp-content\/uploads\/2023\/02\/Keysafe-Big-Pro-sleutelkastje_keybox.jpeg?resize=525%2C300&ssl=1 1.5x, https:\/\/i0.wp.com\/keybox.nl\/wp-content\/uploads\/2023\/02\/Keysafe-Big-Pro-sleutelkastje_keybox.jpeg?resize=700%2C400&ssl=1 2x"},"classes":[]},{"id":1400,"url":"https:\/\/keybox.nl\/da\/montage-installatie\/","url_meta":{"origin":1527,"position":1},"title":"Montering og installation af dit pengeskab","author":"Keybox@beheermodule","date":"16 februar 2023","format":false,"excerpt":"K\u00f8b et pengeskab og f\u00e5 det professionelt installeret? V\u00e6lg Keybox.co.uk Du kan ikke kun k\u00f8be et pengeskab hos Keybox.co.uk, men ogs\u00e5 f\u00e5 dit pengeskab professionelt samlet og installeret. Vi tilbyder en komplet service: fra personlig r\u00e5dgivning til professionel installation p\u00e5 stedet. S\u00e5 du er sikret maksimal sikkerhed...","rel":"","context":"Similar post","block_context":{"text":"Similar post","link":""},"img":{"alt_text":"","src":"https:\/\/i0.wp.com\/keybox.nl\/wp-content\/uploads\/2023\/02\/Bestelbus-keybox.jpg?resize=350%2C200&ssl=1","width":350,"height":200,"srcset":"https:\/\/i0.wp.com\/keybox.nl\/wp-content\/uploads\/2023\/02\/Bestelbus-keybox.jpg?resize=350%2C200&ssl=1 1x, https:\/\/i0.wp.com\/keybox.nl\/wp-content\/uploads\/2023\/02\/Bestelbus-keybox.jpg?resize=525%2C300&ssl=1 1.5x, https:\/\/i0.wp.com\/keybox.nl\/wp-content\/uploads\/2023\/02\/Bestelbus-keybox.jpg?resize=700%2C400&ssl=1 2x"},"classes":[]},{"id":1506,"url":"https:\/\/keybox.nl\/da\/sleutelkluis-buiten\/","url_meta":{"origin":1527,"position":2},"title":"udvendigt n\u00f8gleskab","author":"Keybox@beheermodule","date":"20 juli 2023","format":false,"excerpt":"Udend\u00f8rs n\u00f8gleskab Til webshoppen! \u2713 Brugervenlig \u2713 Modstandsdygtig og sikker \u2713 Forskellige modeller Et udend\u00f8rs n\u00f8gleskab er en vigtig del af en effektiv styring af adgangsrettigheder, uanset om du driver en virksomhed, er udlejer eller blot har brug for et sikkert sted til dine ekstran\u00f8gler. Hos Keybox.co.uk forst\u00e5r vi...","rel":"","context":"Similar post","block_context":{"text":"Similar post","link":""},"img":{"alt_text":"kluis peugeot","src":"https:\/\/i0.wp.com\/keybox.nl\/wp-content\/uploads\/2022\/02\/KSB007-Peugeot-scaled-e1643751089776.jpg?resize=350%2C200&ssl=1","width":350,"height":200,"srcset":"https:\/\/i0.wp.com\/keybox.nl\/wp-content\/uploads\/2022\/02\/KSB007-Peugeot-scaled-e1643751089776.jpg?resize=350%2C200&ssl=1 1x, https:\/\/i0.wp.com\/keybox.nl\/wp-content\/uploads\/2022\/02\/KSB007-Peugeot-scaled-e1643751089776.jpg?resize=525%2C300&ssl=1 1.5x"},"classes":[]},{"id":1507,"url":"https:\/\/keybox.nl\/da\/sleutelkluis-bevestigen\/","url_meta":{"origin":1527,"position":3},"title":"Fix n\u00f8gleskab","author":"Keybox@beheermodule","date":"20 juli 2023","format":false,"excerpt":"Fastg\u00f8relse af n\u00f8gleskab Til webshoppen! \u2713 Brugervenlig \u2713 Modstandsdygtig og sikker \u2713 Forskellige modeller Det er ikke let at montere et n\u00f8gleskab sikkert. Men det er vigtigt at g\u00f8re det korrekt, s\u00e5 pengeskabet sidder godt fast p\u00e5 v\u00e6ggen. Keybox.co.uk fort\u00e6ller dig gerne mere om...","rel":"","context":"Similar post","block_context":{"text":"Similar post","link":""},"img":{"alt_text":"Keysafe Big Pro","src":"https:\/\/i0.wp.com\/keybox.nl\/wp-content\/uploads\/2023\/02\/S7-Pro-Big-Box-Key-Safe.jpg?resize=350%2C200&ssl=1","width":350,"height":200,"srcset":"https:\/\/i0.wp.com\/keybox.nl\/wp-content\/uploads\/2023\/02\/S7-Pro-Big-Box-Key-Safe.jpg?resize=350%2C200&ssl=1 1x, https:\/\/i0.wp.com\/keybox.nl\/wp-content\/uploads\/2023\/02\/S7-Pro-Big-Box-Key-Safe.jpg?resize=525%2C300&ssl=1 1.5x, https:\/\/i0.wp.com\/keybox.nl\/wp-content\/uploads\/2023\/02\/S7-Pro-Big-Box-Key-Safe.jpg?resize=700%2C400&ssl=1 2x"},"classes":[]},{"id":546,"url":"https:\/\/keybox.nl\/da\/inbouwkluisjes-kopen\/","url_meta":{"origin":1527,"position":4},"title":"K\u00f8b indbyggede pengeskabe","author":"Keybox@beheermodule","date":"11 marts 2022","format":false,"excerpt":"K\u00f8b robuste indbyggede pengeskabe til webshoppen! \u2713 Brugervenlig \u2713 Robust og sikker \u2713 Forskellige modeller Vil du k\u00f8be indbyggede pengeskabe til din virksomhed? Vores webshop tilbyder forskellige modeller af pengeskabe, som du installerer i v\u00e6ggen. Fordi systemet er i v\u00e6ggen, kan det ikke tages v\u00e6k og er...","rel":"","context":"Similar post","block_context":{"text":"Similar post","link":""},"img":{"alt_text":"","src":"https:\/\/i0.wp.com\/keybox.nl\/wp-content\/uploads\/2021\/12\/KSB_102_1-e1638478691321.jpg?resize=350%2C200&ssl=1","width":350,"height":200,"srcset":"https:\/\/i0.wp.com\/keybox.nl\/wp-content\/uploads\/2021\/12\/KSB_102_1-e1638478691321.jpg?resize=350%2C200&ssl=1 1x, https:\/\/i0.wp.com\/keybox.nl\/wp-content\/uploads\/2021\/12\/KSB_102_1-e1638478691321.jpg?resize=525%2C300&ssl=1 1.5x, https:\/\/i0.wp.com\/keybox.nl\/wp-content\/uploads\/2021\/12\/KSB_102_1-e1638478691321.jpg?resize=700%2C400&ssl=1 2x"},"classes":[]},{"id":1529,"url":"https:\/\/keybox.nl\/da\/sleutelhaken-kopen\/","url_meta":{"origin":1527,"position":5},"title":"n\u00f8glekroge-k\u00f8b","author":"Keybox@beheermodule","date":"20 juli 2023","format":false,"excerpt":"K\u00f8b sikkert med n\u00f8glekroge til webshoppen! \u2713 Brugervenlig \u2713 Modstandsdygtig og sikker \u2713 Forskellige modeller Er du p\u00e5 udkig efter n\u00f8glekroge af h\u00f8j kvalitet til brug i din virksomhed? S\u00e5 overvej at k\u00f8be et professionelt sikret n\u00f8gleskab. N\u00e5r alt kommer til alt, vil du ikke have, at folk med ondsindede...","rel":"","context":"Similar post","block_context":{"text":"Similar post","link":""},"img":{"alt_text":"","src":"https:\/\/i0.wp.com\/keybox.nl\/wp-content\/uploads\/2021\/12\/KSB_102_1-e1638478691321.jpg?resize=350%2C200&ssl=1","width":350,"height":200,"srcset":"https:\/\/i0.wp.com\/keybox.nl\/wp-content\/uploads\/2021\/12\/KSB_102_1-e1638478691321.jpg?resize=350%2C200&ssl=1 1x, https:\/\/i0.wp.com\/keybox.nl\/wp-content\/uploads\/2021\/12\/KSB_102_1-e1638478691321.jpg?resize=525%2C300&ssl=1 1.5x, https:\/\/i0.wp.com\/keybox.nl\/wp-content\/uploads\/2021\/12\/KSB_102_1-e1638478691321.jpg?resize=700%2C400&ssl=1 2x"},"classes":[]}],"jetpack_sharing_enabled":true,"_links":{"self":[{"href":"https:\/\/keybox.nl\/da\/wp-json\/wp\/v2\/pages\/1527","targetHints":{"allow":["GET"]}}],"collection":[{"href":"https:\/\/keybox.nl\/da\/wp-json\/wp\/v2\/pages"}],"about":[{"href":"https:\/\/keybox.nl\/da\/wp-json\/wp\/v2\/types\/page"}],"author":[{"embeddable":true,"href":"https:\/\/keybox.nl\/da\/wp-json\/wp\/v2\/users\/1"}],"replies":[{"embeddable":true,"href":"https:\/\/keybox.nl\/da\/wp-json\/wp\/v2\/comments?post=1527"}],"version-history":[{"count":6,"href":"https:\/\/keybox.nl\/da\/wp-json\/wp\/v2\/pages\/1527\/revisions"}],"predecessor-version":[{"id":1667,"href":"https:\/\/keybox.nl\/da\/wp-json\/wp\/v2\/pages\/1527\/revisions\/1667"}],"wp:attachment":[{"href":"https:\/\/keybox.nl\/da\/wp-json\/wp\/v2\/media?parent=1527"}],"curies":[{"name":"wp","href":"https:\/\/api.w.org\/{rel}","templated":true}]}}