{"id":1526,"date":"2023-07-20T12:26:39","date_gmt":"2023-07-20T12:26:39","guid":{"rendered":"http:\/\/keybox.nl\/?page_id=1526"},"modified":"2023-07-25T10:24:28","modified_gmt":"2023-07-25T10:24:28","slug":"safe-kluis-kopen","status":"publish","type":"page","link":"https:\/\/keybox.nl\/da\/safe-kluis-kopen\/","title":{"rendered":"K\u00f8b sikkert pengeskab"},"content":{"rendered":"<div class=\"wp-block-cover alignfull\" style=\"min-height:200px;aspect-ratio:unset;\"><span aria-hidden=\"true\" class=\"wp-block-cover__background has-background-dim-60 has-background-dim\"><\/span><img decoding=\"async\" width=\"1920\" height=\"2560\" class=\"wp-block-cover__image-background wp-image-126\" alt=\"Kluis\" src=\"http:\/\/keybox.nl\/wp-content\/uploads\/2021\/12\/KSB103-KSB005-4-scaled.jpg\" style=\"object-position:50% 50%\" data-object-fit=\"cover\" data-object-position=\"50% 50%\" srcset=\"https:\/\/keybox.nl\/wp-content\/uploads\/2021\/12\/KSB103-KSB005-4-scaled.jpg 1920w, https:\/\/keybox.nl\/wp-content\/uploads\/2021\/12\/KSB103-KSB005-4-416x555.jpg 416w, https:\/\/keybox.nl\/wp-content\/uploads\/2021\/12\/KSB103-KSB005-4-225x300.jpg 225w, https:\/\/keybox.nl\/wp-content\/uploads\/2021\/12\/KSB103-KSB005-4-768x1024.jpg 768w, https:\/\/keybox.nl\/wp-content\/uploads\/2021\/12\/KSB103-KSB005-4-1152x1536.jpg 1152w, https:\/\/keybox.nl\/wp-content\/uploads\/2021\/12\/KSB103-KSB005-4-1536x2048.jpg 1536w, https:\/\/keybox.nl\/wp-content\/uploads\/2021\/12\/KSB103-KSB005-4-1320x1760.jpg 1320w\" sizes=\"(max-width: 1920px) 100vw, 1920px\" \/><div class=\"wp-block-cover__inner-container is-layout-flow wp-block-cover-is-layout-flow\">\n<h1 class=\"wp-block-heading alignwide has-text-align-left has-white-color has-text-color\" style=\"font-size:40px\">K\u00f8b pengeskab eller hv\u00e6lving<\/h1>\n\n\n\n<div class=\"wp-block-columns alignwide is-layout-flex wp-container-core-columns-is-layout-28f84493 wp-block-columns-is-layout-flex\">\n<div class=\"wp-block-column is-layout-flow wp-block-column-is-layout-flow\" style=\"flex-basis:55%\">\n<div class=\"wp-block-buttons is-layout-flex wp-block-buttons-is-layout-flex\">\n<div class=\"wp-block-button cta-knop alignleft\"><a class=\"wp-block-button__link has-black-color has-white-background-color has-text-color has-background wp-element-button\" href=\"http:\/\/keybox.nl\/da\/\">Til webshoppen!<\/a><\/div>\n<\/div>\n<\/div>\n<\/div>\n<\/div><\/div>\n\n\n\n<div style=\"height:50px\" aria-hidden=\"true\" class=\"wp-block-spacer\"><\/div>\n\n\n\n<div class=\"wp-block-group alignfull is-content-justification-center is-layout-flex wp-container-core-group-is-layout-81a7f686 wp-block-group-is-layout-flex\">\n<p class=\"usps has-normal-font-size\">\u2713 Brugervenlig<\/p>\n\n\n\n<p>\u2713 Modstandsdygtig og sikker<\/p>\n\n\n\n<p>\u2713 Forskellige modeller<\/p>\n<\/div>\n\n\n\n<style>\nh1.entry-title {\ndisplay:none;\n}\n\n.cta-knop {\nmargin-left: 35px !important;\n}\n\n.cta-knop:hover {\nopacity: 0.75;\n}\n\n@media only screen and (max-width: 1064px) {\n.cta-knop {\nmargin-left: 0px !important;\n}\n\n.wp-block-group.alignfull {\n    display: flex;\n    flex-direction: column;\n}\n}\n<\/style>\n\n\n\n<div style=\"height:100px\" aria-hidden=\"true\" class=\"wp-block-spacer\"><\/div>\n\n\n\n<p class=\"has-text-align-left align-left has-black-color has-text-color has-normal-font-size\">Hvis du s\u00e6tter pris p\u00e5 sikkerhed og p\u00e5lidelighed, er det f\u00f8rste skridt at k\u00f8be et pengeskab. Selvom disse begreber ofte bruges i fl\u00e6ng, er der subtile forskelle. Et \u2018pengeskab\u2019 er normalt designet til generel brug, mens et \u2018pengeskab\u2019 normalt bruges til specifikke form\u00e5l, som f.eks. beskyttelse mod brand eller tyveri. Hos Keybox.co.uk er du kommet til det rette sted for at k\u00f8be et pengeskab eller en boks, der opfylder alle dine sikkerhedsbehov.<\/p>\n\n\n\n<div style=\"height:100px\" aria-hidden=\"true\" class=\"wp-block-spacer\"><\/div>\n\n\n\n<div class=\"wp-block-group is-content-justification-center is-layout-flex wp-container-core-group-is-layout-81a7f686 wp-block-group-is-layout-flex\">\n<div class=\"wp-block-media-text alignwide is-stacked-on-mobile is-vertically-aligned-center\" style=\"grid-template-columns:40% auto\"><figure class=\"wp-block-media-text__media\"><img decoding=\"async\" width=\"1024\" height=\"954\" src=\"http:\/\/keybox.nl\/wp-content\/uploads\/2022\/01\/IMG_5364-1024x954.jpg\" alt=\"Regenkap Keysecuritybox\" class=\"wp-image-200 size-full\" srcset=\"https:\/\/keybox.nl\/wp-content\/uploads\/2022\/01\/IMG_5364-1024x954.jpg 1024w, https:\/\/keybox.nl\/wp-content\/uploads\/2022\/01\/IMG_5364-416x388.jpg 416w, https:\/\/keybox.nl\/wp-content\/uploads\/2022\/01\/IMG_5364-300x280.jpg 300w, https:\/\/keybox.nl\/wp-content\/uploads\/2022\/01\/IMG_5364-768x716.jpg 768w, https:\/\/keybox.nl\/wp-content\/uploads\/2022\/01\/IMG_5364-1536x1432.jpg 1536w, https:\/\/keybox.nl\/wp-content\/uploads\/2022\/01\/IMG_5364-2048x1909.jpg 2048w, https:\/\/keybox.nl\/wp-content\/uploads\/2022\/01\/IMG_5364-1320x1230.jpg 1320w\" sizes=\"(max-width: 1024px) 100vw, 1024px\" \/><\/figure><div class=\"wp-block-media-text__content\">\n<h2 class=\"wp-block-heading\">Hvorfor k\u00f8be et pengeskab eller en boks?<\/h2>\n\n\n\n<p>N\u00e5r du k\u00f8ber et pengeskab, er der mange fordele at overveje. Det giver dig ro i sindet, at dine v\u00e6rdifulde genstande er i sikkerhed, samtidig med at det hj\u00e6lper dig med at organisere dine ejendele. I vores udvalg af <a href=\"http:\/\/keybox.nl\/da\/\">sikre n\u00f8gleskabe<\/a> vil du uden tvivl finde noget af interesse for dig. Vores brede sortiment omfatter:<\/p>\n\n\n\n<ul class=\"wp-block-list\">\n<li><a href=\"http:\/\/keybox.nl\/da\/afstortkluis-bestellen\/\">Pengeskabe til indskud<\/a> til sikker opbevaring af n\u00f8gler.<\/li>\n\n\n\n<li><a href=\"http:\/\/keybox.nl\/da\/sleutelhaken-kopen\/\">Pengeskabe med n\u00f8glekroge<\/a> til at holde styr p\u00e5 dine n\u00f8gler.<\/li>\n\n\n\n<li><a href=\"http:\/\/keybox.nl\/da\/hotelkluis-kopen\/\">Pengeskabe p\u00e5 hoteller<\/a> for g\u00e6ster, der gerne vil have deres ejendele i sikkerhed.<\/li>\n\n\n\n<li><a href=\"http:\/\/keybox.nl\/da\/brandkluis-voor-thuis\/\">Brandskabe til hjemmet<\/a>, Den er ideel til at beskytte dine vigtige dokumenter og v\u00e6rdigenstande mod brand.<\/li>\n<\/ul>\n\n\n\n<p>N\u00e5r du k\u00f8ber et pengeskab eller en boks hos os, forsikrer vi dig om fremragende kundeservice, kvalitetsprodukter og konkurrencedygtige priser.<\/p>\n<\/div><\/div>\n<\/div>\n\n\n\n<div style=\"height:100px\" aria-hidden=\"true\" class=\"wp-block-spacer\"><\/div>\n\n\n\n<h2 class=\"wp-block-heading has-text-align-center\"><strong>Er du p\u00e5 udkig efter et pengeskab?<\/strong><\/h2>\n\n\n\n<div class=\"wp-block-buttons is-content-justification-center is-layout-flex wp-container-core-buttons-is-layout-a89b3969 wp-block-buttons-is-layout-flex\">\n<div class=\"wp-block-button is-style-outline is-style-outline--1\"><a class=\"wp-block-button__link wp-element-button\" href=\"http:\/\/keybox.nl\/da\/\">Se webshoppen<\/a><\/div>\n<\/div>\n\n\n\n<div style=\"height:100px\" aria-hidden=\"true\" class=\"wp-block-spacer\"><\/div>\n\n\n\n<div class=\"wp-block-group is-content-justification-center is-layout-flex wp-container-core-group-is-layout-81a7f686 wp-block-group-is-layout-flex\">\n<div class=\"wp-block-media-text alignwide has-media-on-the-right is-stacked-on-mobile is-vertically-aligned-center\" style=\"grid-template-columns:auto 40%\"><div class=\"wp-block-media-text__content\">\n<h3 class=\"wp-block-heading has-text-color\" style=\"color:#000000;font-size:32px\"><strong>Bes\u00f8g vores webshop og l\u00e6g din bestilling<\/strong><\/h3>\n\n\n\n<p class=\"has-text-color has-normal-font-size\" style=\"color:#000000\">Vent ikke l\u00e6ngere med at sikre dine v\u00e6rdigenstande. Vi inviterer dig til at bes\u00f8ge vores webshop og k\u00f8be et pengeskab, der passer til dine behov. Vil du gerne se vores produkter i virkeligheden? <a href=\"http:\/\/keybox.nl\/da\/contact\/\">Lav en aftale<\/a> i vores virksomhed i Bussum. Ogs\u00e5 hvis du er p\u00e5 udkig efter en <a href=\"http:\/\/keybox.nl\/da\/goedkope-kluis-kopen\/\">billigere l\u00f8sning<\/a>, Vi har det perfekte pengeskab til dig. Beskyt det, der er v\u00e6rdifuldt for dig, og bestil dit pengeskab eller din boks i dag.<\/p>\n<\/div><figure class=\"wp-block-media-text__media\"><img decoding=\"async\" width=\"600\" height=\"800\" src=\"http:\/\/keybox.nl\/wp-content\/uploads\/2021\/12\/Extra-Armor-KSB.jpg\" alt=\"Kluis los\" class=\"wp-image-103 size-full\" srcset=\"https:\/\/keybox.nl\/wp-content\/uploads\/2021\/12\/Extra-Armor-KSB.jpg 600w, https:\/\/keybox.nl\/wp-content\/uploads\/2021\/12\/Extra-Armor-KSB-416x555.jpg 416w, https:\/\/keybox.nl\/wp-content\/uploads\/2021\/12\/Extra-Armor-KSB-225x300.jpg 225w\" sizes=\"(max-width: 600px) 100vw, 600px\" \/><\/figure><\/div>\n<\/div>\n\n\n\n<div style=\"height:50px\" aria-hidden=\"true\" class=\"wp-block-spacer\"><\/div>\n\n\n\n<h2 class=\"wp-block-heading alignwide has-text-align-left form-titel\"><strong>Har du sp\u00f8rgsm\u00e5l om sikkerhed?<\/strong><\/h2>\n\n\n<div class=\"wp-block-jetpack-contact-form alignwide is-layout-flex wp-container-jetpack-contact-form-is-layout-2b4208ba wp-block-jetpack-contact-form-is-layout-flex\"><a href=\"https:\/\/keybox.nl\/da\/safe-kluis-kopen\/\" target=\"_blank\" rel=\"noopener noreferrer\">Indsend en formular.<\/a><\/div>\n\n\n<p><\/p>","protected":false},"excerpt":{"rendered":"<p>\u2713 Gebruiksvriendelijk \u2713 Bestendig en veilig \u2713 Diverse modellen Als u veiligheid en betrouwbaarheid hoog in het vaandel heeft staan, dan is een safe of kluis kopen de eerste stap. Hoewel deze termen vaak door elkaar worden gebruikt, zijn er subtiele verschillen. Een &#8216;kluis&#8217; is doorgaans ontworpen voor een algemeen gebruik, terwijl een &#8216;safe&#8217; doorgaans [&hellip;]<\/p>\n","protected":false},"author":1,"featured_media":0,"parent":0,"menu_order":0,"comment_status":"closed","ping_status":"closed","template":"template-fullwidth.php","meta":{"footnotes":""},"class_list":["post-1526","page","type-page","status-publish","hentry"],"yoast_head":"<!-- This site is optimized with the Yoast SEO plugin v27.4 - https:\/\/yoast.com\/product\/yoast-seo-wordpress\/ -->\n<title>Een hoogkwalitatieve safe of kluis kopen -<\/title>\n<meta name=\"description\" content=\"Wilt u een hoogwaardige safe of kluis kopen? Bij ons vindt u verschillende modellen waarin u uw spullen veilig opbergt. Ontdek ons volledige aanbod!\" \/>\n<meta name=\"robots\" content=\"index, follow, max-snippet:-1, max-image-preview:large, max-video-preview:-1\" \/>\n<link rel=\"canonical\" href=\"https:\/\/keybox.nl\/da\/safe-kluis-kopen\/\" \/>\n<meta property=\"og:locale\" content=\"da_DK\" \/>\n<meta property=\"og:type\" content=\"article\" \/>\n<meta property=\"og:title\" content=\"Een hoogkwalitatieve safe of kluis kopen -\" \/>\n<meta property=\"og:description\" content=\"Wilt u een hoogwaardige safe of kluis kopen? Bij ons vindt u verschillende modellen waarin u uw spullen veilig opbergt. Ontdek ons volledige aanbod!\" \/>\n<meta property=\"og:url\" content=\"https:\/\/keybox.nl\/da\/safe-kluis-kopen\/\" \/>\n<meta property=\"article:modified_time\" content=\"2023-07-25T10:24:28+00:00\" \/>\n<meta property=\"og:image\" content=\"http:\/\/keybox.nl\/wp-content\/uploads\/2021\/12\/KSB103-KSB005-4-scaled.jpg\" \/>\n<meta name=\"twitter:card\" content=\"summary_large_image\" \/>\n<meta name=\"twitter:label1\" content=\"Estimeret l\u00e6setid\" \/>\n\t<meta name=\"twitter:data1\" content=\"3 minutter\" \/>\n<script type=\"application\/ld+json\" class=\"yoast-schema-graph\">{\"@context\":\"https:\\\/\\\/schema.org\",\"@graph\":[{\"@type\":\"WebPage\",\"@id\":\"https:\\\/\\\/keybox.nl\\\/safe-kluis-kopen\\\/\",\"url\":\"https:\\\/\\\/keybox.nl\\\/safe-kluis-kopen\\\/\",\"name\":\"Een hoogkwalitatieve safe of kluis kopen -\",\"isPartOf\":{\"@id\":\"https:\\\/\\\/keybox.nl\\\/#website\"},\"primaryImageOfPage\":{\"@id\":\"https:\\\/\\\/keybox.nl\\\/safe-kluis-kopen\\\/#primaryimage\"},\"image\":{\"@id\":\"https:\\\/\\\/keybox.nl\\\/safe-kluis-kopen\\\/#primaryimage\"},\"thumbnailUrl\":\"http:\\\/\\\/keybox.nl\\\/wp-content\\\/uploads\\\/2021\\\/12\\\/KSB103-KSB005-4-scaled.jpg\",\"datePublished\":\"2023-07-20T12:26:39+00:00\",\"dateModified\":\"2023-07-25T10:24:28+00:00\",\"description\":\"Wilt u een hoogwaardige safe of kluis kopen? Bij ons vindt u verschillende modellen waarin u uw spullen veilig opbergt. Ontdek ons volledige aanbod!\",\"breadcrumb\":{\"@id\":\"https:\\\/\\\/keybox.nl\\\/safe-kluis-kopen\\\/#breadcrumb\"},\"inLanguage\":\"da-DK\",\"potentialAction\":[{\"@type\":\"ReadAction\",\"target\":[\"https:\\\/\\\/keybox.nl\\\/safe-kluis-kopen\\\/\"]}]},{\"@type\":\"ImageObject\",\"inLanguage\":\"da-DK\",\"@id\":\"https:\\\/\\\/keybox.nl\\\/safe-kluis-kopen\\\/#primaryimage\",\"url\":\"http:\\\/\\\/keybox.nl\\\/wp-content\\\/uploads\\\/2021\\\/12\\\/KSB103-KSB005-4-scaled.jpg\",\"contentUrl\":\"http:\\\/\\\/keybox.nl\\\/wp-content\\\/uploads\\\/2021\\\/12\\\/KSB103-KSB005-4-scaled.jpg\"},{\"@type\":\"BreadcrumbList\",\"@id\":\"https:\\\/\\\/keybox.nl\\\/safe-kluis-kopen\\\/#breadcrumb\",\"itemListElement\":[{\"@type\":\"ListItem\",\"position\":1,\"name\":\"Home\",\"item\":\"https:\\\/\\\/keybox.nl\\\/\"},{\"@type\":\"ListItem\",\"position\":2,\"name\":\"Safe kluis kopen\"}]},{\"@type\":\"WebSite\",\"@id\":\"https:\\\/\\\/keybox.nl\\\/#website\",\"url\":\"https:\\\/\\\/keybox.nl\\\/\",\"name\":\"\",\"description\":\"\",\"potentialAction\":[{\"@type\":\"SearchAction\",\"target\":{\"@type\":\"EntryPoint\",\"urlTemplate\":\"https:\\\/\\\/keybox.nl\\\/?s={search_term_string}\"},\"query-input\":{\"@type\":\"PropertyValueSpecification\",\"valueRequired\":true,\"valueName\":\"search_term_string\"}}],\"inLanguage\":\"da-DK\"}]}<\/script>\n<!-- \/ Yoast SEO plugin. -->","yoast_head_json":{"title":"K\u00f8b et pengeskab eller en hv\u00e6lving af h\u00f8j kvalitet -.","description":"Vil du k\u00f8be et pengeskab af h\u00f8j kvalitet? Hos os finder du forskellige modeller, hvor du sikkert kan opbevare dine ejendele. Oplev hele vores sortiment!","robots":{"index":"index","follow":"follow","max-snippet":"max-snippet:-1","max-image-preview":"max-image-preview:large","max-video-preview":"max-video-preview:-1"},"canonical":"https:\/\/keybox.nl\/da\/safe-kluis-kopen\/","og_locale":"da_DK","og_type":"article","og_title":"Een hoogkwalitatieve safe of kluis kopen -","og_description":"Wilt u een hoogwaardige safe of kluis kopen? Bij ons vindt u verschillende modellen waarin u uw spullen veilig opbergt. Ontdek ons volledige aanbod!","og_url":"https:\/\/keybox.nl\/da\/safe-kluis-kopen\/","article_modified_time":"2023-07-25T10:24:28+00:00","og_image":[{"url":"http:\/\/keybox.nl\/wp-content\/uploads\/2021\/12\/KSB103-KSB005-4-scaled.jpg","type":"","width":"","height":""}],"twitter_card":"summary_large_image","twitter_misc":{"Estimeret l\u00e6setid":"3 minutter"},"schema":{"@context":"https:\/\/schema.org","@graph":[{"@type":"WebPage","@id":"https:\/\/keybox.nl\/safe-kluis-kopen\/","url":"https:\/\/keybox.nl\/safe-kluis-kopen\/","name":"K\u00f8b et pengeskab eller en hv\u00e6lving af h\u00f8j kvalitet -.","isPartOf":{"@id":"https:\/\/keybox.nl\/#website"},"primaryImageOfPage":{"@id":"https:\/\/keybox.nl\/safe-kluis-kopen\/#primaryimage"},"image":{"@id":"https:\/\/keybox.nl\/safe-kluis-kopen\/#primaryimage"},"thumbnailUrl":"http:\/\/keybox.nl\/wp-content\/uploads\/2021\/12\/KSB103-KSB005-4-scaled.jpg","datePublished":"2023-07-20T12:26:39+00:00","dateModified":"2023-07-25T10:24:28+00:00","description":"Vil du k\u00f8be et pengeskab af h\u00f8j kvalitet? Hos os finder du forskellige modeller, hvor du sikkert kan opbevare dine ejendele. Oplev hele vores sortiment!","breadcrumb":{"@id":"https:\/\/keybox.nl\/safe-kluis-kopen\/#breadcrumb"},"inLanguage":"da-DK","potentialAction":[{"@type":"ReadAction","target":["https:\/\/keybox.nl\/safe-kluis-kopen\/"]}]},{"@type":"ImageObject","inLanguage":"da-DK","@id":"https:\/\/keybox.nl\/safe-kluis-kopen\/#primaryimage","url":"http:\/\/keybox.nl\/wp-content\/uploads\/2021\/12\/KSB103-KSB005-4-scaled.jpg","contentUrl":"http:\/\/keybox.nl\/wp-content\/uploads\/2021\/12\/KSB103-KSB005-4-scaled.jpg"},{"@type":"BreadcrumbList","@id":"https:\/\/keybox.nl\/safe-kluis-kopen\/#breadcrumb","itemListElement":[{"@type":"ListItem","position":1,"name":"Home","item":"https:\/\/keybox.nl\/"},{"@type":"ListItem","position":2,"name":"Safe kluis kopen"}]},{"@type":"WebSite","@id":"https:\/\/keybox.nl\/#website","url":"https:\/\/keybox.nl\/","name":"","description":"","potentialAction":[{"@type":"SearchAction","target":{"@type":"EntryPoint","urlTemplate":"https:\/\/keybox.nl\/?s={search_term_string}"},"query-input":{"@type":"PropertyValueSpecification","valueRequired":true,"valueName":"search_term_string"}}],"inLanguage":"da-DK"}]}},"jetpack-related-posts":[{"id":543,"url":"https:\/\/keybox.nl\/da\/inbraakwerende-kluis-kopen\/","url_meta":{"origin":1526,"position":0},"title":"K\u00f8b et indbrudssikkert pengeskab","author":"Keybox@beheermodule","date":"11 marts 2022","format":false,"excerpt":"K\u00f8b et modstandsdygtigt, indbrudssikkert pengeskab Til webshoppen! Brugervenlig \u2713 Modstandsdygtig og sikker \u2713 Forskellige modeller Det er vigtigt at k\u00f8be et indbrudssikkert pengeskab til dine v\u00e6rdigenstande. Det giver dem nemlig en fremragende beskyttelse mod forskellige former for tyveri. Hos Keybox.co.uk kan du k\u00f8be et indbrudssikkert pengeskab til dine n\u00f8gler, som du...","rel":"","context":"Similar post","block_context":{"text":"Similar post","link":""},"img":{"alt_text":"Keysafe Slim line","src":"https:\/\/i0.wp.com\/keybox.nl\/wp-content\/uploads\/2022\/12\/Keysafe_Slim_line_Keybox.jpeg?resize=350%2C200&ssl=1","width":350,"height":200,"srcset":"https:\/\/i0.wp.com\/keybox.nl\/wp-content\/uploads\/2022\/12\/Keysafe_Slim_line_Keybox.jpeg?resize=350%2C200&ssl=1 1x, https:\/\/i0.wp.com\/keybox.nl\/wp-content\/uploads\/2022\/12\/Keysafe_Slim_line_Keybox.jpeg?resize=525%2C300&ssl=1 1.5x, https:\/\/i0.wp.com\/keybox.nl\/wp-content\/uploads\/2022\/12\/Keysafe_Slim_line_Keybox.jpeg?resize=700%2C400&ssl=1 2x"},"classes":[]},{"id":552,"url":"https:\/\/keybox.nl\/da\/kluis-waardeberging-kopen\/","url_meta":{"origin":1526,"position":1},"title":"K\u00f8b en bankboks","author":"Keybox@beheermodule","date":"11 marts 2022","format":false,"excerpt":"K\u00f8b et pengeskab med h\u00f8j sikkerhed Til webshoppen! \u2713 Brugervenligt \u2713 Modstandsdygtigt og sikkert \u2713 Forskellige modeller Til meget v\u00e6rdifulde ejendele b\u00f8r du k\u00f8be et pengeskab med en h\u00f8j opbevaringskapacitet. Den maksimale v\u00e6rdi af et pengeskab angiver, op til hvilket bel\u00f8b indholdet af dit pengeskab er forsikret....","rel":"","context":"Similar post","block_context":{"text":"Similar post","link":""},"img":{"alt_text":"","src":"https:\/\/i0.wp.com\/keybox.nl\/wp-content\/uploads\/2021\/12\/KSB_102_1-e1638478691321.jpg?resize=350%2C200&ssl=1","width":350,"height":200,"srcset":"https:\/\/i0.wp.com\/keybox.nl\/wp-content\/uploads\/2021\/12\/KSB_102_1-e1638478691321.jpg?resize=350%2C200&ssl=1 1x, https:\/\/i0.wp.com\/keybox.nl\/wp-content\/uploads\/2021\/12\/KSB_102_1-e1638478691321.jpg?resize=525%2C300&ssl=1 1.5x, https:\/\/i0.wp.com\/keybox.nl\/wp-content\/uploads\/2021\/12\/KSB_102_1-e1638478691321.jpg?resize=700%2C400&ssl=1 2x"},"classes":[]},{"id":554,"url":"https:\/\/keybox.nl\/da\/kluis-waardeberging-kopen-2\/","url_meta":{"origin":1526,"position":2},"title":"K\u00f8b en bankboks","author":"Keybox@beheermodule","date":"11 marts 2022","format":false,"excerpt":"K\u00f8b et pengeskab med h\u00f8j sikkerhed Til webshoppen! \u2713 Brugervenligt \u2713 Modstandsdygtigt og sikkert \u2713 Forskellige modeller Til utroligt v\u00e6rdifulde ejendele b\u00f8r du k\u00f8be et pengeskab med en h\u00f8j v\u00e6rdiopbevaring. Jo h\u00f8jere v\u00e6rdiopbevaring, jo mere modstandsdygtigt er pengeskabet over for indbrud. Vi hos Keybox.nl i Bussum...","rel":"","context":"Similar post","block_context":{"text":"Similar post","link":""},"img":{"alt_text":"kluis peugeot","src":"https:\/\/i0.wp.com\/keybox.nl\/wp-content\/uploads\/2022\/02\/KSB007-Peugeot-scaled-e1643751089776.jpg?resize=350%2C200&ssl=1","width":350,"height":200,"srcset":"https:\/\/i0.wp.com\/keybox.nl\/wp-content\/uploads\/2022\/02\/KSB007-Peugeot-scaled-e1643751089776.jpg?resize=350%2C200&ssl=1 1x, https:\/\/i0.wp.com\/keybox.nl\/wp-content\/uploads\/2022\/02\/KSB007-Peugeot-scaled-e1643751089776.jpg?resize=525%2C300&ssl=1 1.5x"},"classes":[]},{"id":326,"url":"https:\/\/keybox.nl\/da\/goedkope-kluis-kopen\/","url_meta":{"origin":1526,"position":3},"title":"K\u00f8b billige pengeskabe","author":"Keybox@beheermodule","date":"3 marts 2022","format":false,"excerpt":"K\u00f8b et billigt pengeskab af h\u00f8j kvalitet I webshoppen! \u2713 Brugervenlig \u2713 Modstandsdygtig og sikker \u2713 Forskellige modeller Hos Keybox.co.uk kan du k\u00f8be et billigt, modstandsdygtigt pengeskab til din virksomhed. Takket v\u00e6re vores pengeskabe kan du altid opbevare n\u00f8gleudstedelsen sikkert. Desuden beh\u00f8ver ingen at v\u00e6re til stede for at...","rel":"","context":"Similar post","block_context":{"text":"Similar post","link":""},"img":{"alt_text":"","src":"https:\/\/i0.wp.com\/keybox.nl\/wp-content\/uploads\/2021\/12\/KSB_102_1-e1638478691321.jpg?resize=350%2C200&ssl=1","width":350,"height":200,"srcset":"https:\/\/i0.wp.com\/keybox.nl\/wp-content\/uploads\/2021\/12\/KSB_102_1-e1638478691321.jpg?resize=350%2C200&ssl=1 1x, https:\/\/i0.wp.com\/keybox.nl\/wp-content\/uploads\/2021\/12\/KSB_102_1-e1638478691321.jpg?resize=525%2C300&ssl=1 1.5x, https:\/\/i0.wp.com\/keybox.nl\/wp-content\/uploads\/2021\/12\/KSB_102_1-e1638478691321.jpg?resize=700%2C400&ssl=1 2x"},"classes":[]},{"id":538,"url":"https:\/\/keybox.nl\/da\/kluis-kopen-voor-thuis\/","url_meta":{"origin":1526,"position":4},"title":"K\u00f8b pengeskab til hjemmet","author":"Keybox@beheermodule","date":"11 marts 2022","format":false,"excerpt":"K\u00f8b et modstandsdygtigt pengeskab til dit hjem Til webshoppen! \u2713 Brugervenlig \u2713 Modstandsdygtig og sikker \u2713 Forskellige modeller Vil du gerne k\u00f8be et praktisk pengeskab til dit hjem? S\u00e5 har Keybox.co.uk det, du leder efter. Pengeskabe til hjemmet er noget mindre og kr\u00e6ver ikke omfattende installation, hvilket g\u00f8r dem ideelle til...","rel":"","context":"Similar post","block_context":{"text":"Similar post","link":""},"img":{"alt_text":"","src":"https:\/\/i0.wp.com\/keybox.nl\/wp-content\/uploads\/2022\/01\/KSB007-inner-safe-2-e1643896091542.jpg?resize=350%2C200&ssl=1","width":350,"height":200,"srcset":"https:\/\/i0.wp.com\/keybox.nl\/wp-content\/uploads\/2022\/01\/KSB007-inner-safe-2-e1643896091542.jpg?resize=350%2C200&ssl=1 1x, https:\/\/i0.wp.com\/keybox.nl\/wp-content\/uploads\/2022\/01\/KSB007-inner-safe-2-e1643896091542.jpg?resize=525%2C300&ssl=1 1.5x, https:\/\/i0.wp.com\/keybox.nl\/wp-content\/uploads\/2022\/01\/KSB007-inner-safe-2-e1643896091542.jpg?resize=700%2C400&ssl=1 2x"},"classes":[]},{"id":556,"url":"https:\/\/keybox.nl\/da\/kleine-sleutelkluisjes-kopen\/","url_meta":{"origin":1526,"position":5},"title":"K\u00f8b sm\u00e5 n\u00f8gleskabe","author":"Keybox@beheermodule","date":"11 marts 2022","format":false,"excerpt":"K\u00f8b p\u00e5lidelige sm\u00e5 n\u00f8gleskabe til webshoppen! \u2713 Brugervenlig \u2713 Modstandsdygtig og sikker \u2713 Forskellige modeller Hos os kan du k\u00f8be sm\u00e5 n\u00f8gleskabe til sikker opbevaring af dine n\u00f8gler. Keybox.co.uk tilbyder alle slags pengeskabe, f.eks. et lille n\u00f8gleskab, som du nemt kan k\u00f8be online. Takket v\u00e6re vores...","rel":"","context":"Similar post","block_context":{"text":"Similar post","link":""},"img":{"alt_text":"","src":"https:\/\/i0.wp.com\/keybox.nl\/wp-content\/uploads\/2022\/12\/Keysafe_Original_keybox_sleutelkluis.jpg?resize=350%2C200&ssl=1","width":350,"height":200,"srcset":"https:\/\/i0.wp.com\/keybox.nl\/wp-content\/uploads\/2022\/12\/Keysafe_Original_keybox_sleutelkluis.jpg?resize=350%2C200&ssl=1 1x, https:\/\/i0.wp.com\/keybox.nl\/wp-content\/uploads\/2022\/12\/Keysafe_Original_keybox_sleutelkluis.jpg?resize=525%2C300&ssl=1 1.5x, https:\/\/i0.wp.com\/keybox.nl\/wp-content\/uploads\/2022\/12\/Keysafe_Original_keybox_sleutelkluis.jpg?resize=700%2C400&ssl=1 2x"},"classes":[]}],"jetpack_sharing_enabled":true,"_links":{"self":[{"href":"https:\/\/keybox.nl\/da\/wp-json\/wp\/v2\/pages\/1526","targetHints":{"allow":["GET"]}}],"collection":[{"href":"https:\/\/keybox.nl\/da\/wp-json\/wp\/v2\/pages"}],"about":[{"href":"https:\/\/keybox.nl\/da\/wp-json\/wp\/v2\/types\/page"}],"author":[{"embeddable":true,"href":"https:\/\/keybox.nl\/da\/wp-json\/wp\/v2\/users\/1"}],"replies":[{"embeddable":true,"href":"https:\/\/keybox.nl\/da\/wp-json\/wp\/v2\/comments?post=1526"}],"version-history":[{"count":6,"href":"https:\/\/keybox.nl\/da\/wp-json\/wp\/v2\/pages\/1526\/revisions"}],"predecessor-version":[{"id":1668,"href":"https:\/\/keybox.nl\/da\/wp-json\/wp\/v2\/pages\/1526\/revisions\/1668"}],"wp:attachment":[{"href":"https:\/\/keybox.nl\/da\/wp-json\/wp\/v2\/media?parent=1526"}],"curies":[{"name":"wp","href":"https:\/\/api.w.org\/{rel}","templated":true}]}}