{"id":1510,"date":"2023-07-20T12:13:59","date_gmt":"2023-07-20T12:13:59","guid":{"rendered":"http:\/\/keybox.nl\/?page_id=1510"},"modified":"2023-07-25T09:42:43","modified_gmt":"2023-07-25T09:42:43","slug":"geldkluis-bestellen","status":"publish","type":"page","link":"https:\/\/keybox.nl\/da\/geldkluis-bestellen\/","title":{"rendered":"Bestil et pengeskab"},"content":{"rendered":"<div class=\"wp-block-cover alignfull\" style=\"min-height:200px;aspect-ratio:unset;\"><span aria-hidden=\"true\" class=\"wp-block-cover__background has-background-dim-60 has-background-dim\"><\/span><img decoding=\"async\" width=\"1920\" height=\"2560\" class=\"wp-block-cover__image-background wp-image-126\" alt=\"Kluis\" src=\"http:\/\/keybox.nl\/wp-content\/uploads\/2021\/12\/KSB103-KSB005-4-scaled.jpg\" style=\"object-position:50% 50%\" data-object-fit=\"cover\" data-object-position=\"50% 50%\" srcset=\"https:\/\/keybox.nl\/wp-content\/uploads\/2021\/12\/KSB103-KSB005-4-scaled.jpg 1920w, https:\/\/keybox.nl\/wp-content\/uploads\/2021\/12\/KSB103-KSB005-4-416x555.jpg 416w, https:\/\/keybox.nl\/wp-content\/uploads\/2021\/12\/KSB103-KSB005-4-225x300.jpg 225w, https:\/\/keybox.nl\/wp-content\/uploads\/2021\/12\/KSB103-KSB005-4-768x1024.jpg 768w, https:\/\/keybox.nl\/wp-content\/uploads\/2021\/12\/KSB103-KSB005-4-1152x1536.jpg 1152w, https:\/\/keybox.nl\/wp-content\/uploads\/2021\/12\/KSB103-KSB005-4-1536x2048.jpg 1536w, https:\/\/keybox.nl\/wp-content\/uploads\/2021\/12\/KSB103-KSB005-4-1320x1760.jpg 1320w\" sizes=\"(max-width: 1920px) 100vw, 1920px\" \/><div class=\"wp-block-cover__inner-container is-layout-flow wp-block-cover-is-layout-flow\">\n<h1 class=\"wp-block-heading alignwide has-text-align-left has-white-color has-text-color\" style=\"font-size:40px\">Bestil et pengeskab<\/h1>\n\n\n\n<div class=\"wp-block-columns alignwide is-layout-flex wp-container-core-columns-is-layout-28f84493 wp-block-columns-is-layout-flex\">\n<div class=\"wp-block-column is-layout-flow wp-block-column-is-layout-flow\" style=\"flex-basis:55%\">\n<div class=\"wp-block-buttons is-layout-flex wp-block-buttons-is-layout-flex\">\n<div class=\"wp-block-button cta-knop alignleft\"><a class=\"wp-block-button__link has-black-color has-white-background-color has-text-color has-background wp-element-button\" href=\"http:\/\/keybox.nl\/da\/\">Til webshoppen!<\/a><\/div>\n<\/div>\n<\/div>\n<\/div>\n<\/div><\/div>\n\n\n\n<div style=\"height:50px\" aria-hidden=\"true\" class=\"wp-block-spacer\"><\/div>\n\n\n\n<div class=\"wp-block-group alignfull is-content-justification-center is-layout-flex wp-container-core-group-is-layout-81a7f686 wp-block-group-is-layout-flex\">\n<p class=\"usps has-normal-font-size\">\u2713 Brugervenlig<\/p>\n\n\n\n<p>\u2713 Modstandsdygtig og sikker<\/p>\n\n\n\n<p>\u2713 Forskellige modeller<\/p>\n<\/div>\n\n\n\n<style>\nh1.entry-title {\ndisplay:none;\n}\n\n.cta-knop {\nmargin-left: 35px !important;\n}\n\n.cta-knop:hover {\nopacity: 0.75;\n}\n\n@media only screen and (max-width: 1064px) {\n.cta-knop {\nmargin-left: 0px !important;\n}\n\n.wp-block-group.alignfull {\n    display: flex;\n    flex-direction: column;\n}\n}\n<\/style>\n\n\n\n<div style=\"height:100px\" aria-hidden=\"true\" class=\"wp-block-spacer\"><\/div>\n\n\n\n<p class=\"has-text-align-left align-left has-black-color has-text-color has-normal-font-size\">Vil du gerne bestille et pengeskab? S\u00e5 er Keybox.co.uk den hjemmeside, du leder efter. Vi tilbyder pengeskabe af s\u00e6rlig h\u00f8j kvalitet. Vores pengeskabe er kompakte, s\u00e5 de ikke skiller sig ud. Desuden er de fuldt ud indbrudssikre og brandsikre. Opdag alt om vores forskellige modeller her!<\/p>\n\n\n\n<div style=\"height:100px\" aria-hidden=\"true\" class=\"wp-block-spacer\"><\/div>\n\n\n\n<div class=\"wp-block-group is-content-justification-center is-layout-flex wp-container-core-group-is-layout-81a7f686 wp-block-group-is-layout-flex\">\n<div class=\"wp-block-media-text alignwide is-stacked-on-mobile is-vertically-aligned-center\" style=\"grid-template-columns:40% auto\"><figure class=\"wp-block-media-text__media\"><img decoding=\"async\" width=\"1024\" height=\"1024\" src=\"http:\/\/keybox.nl\/wp-content\/uploads\/2021\/12\/KSB_102_1-1024x1024.jpg\" alt=\"\" class=\"wp-image-104 size-full\"\/><\/figure><div class=\"wp-block-media-text__content\">\n<h2 class=\"wp-block-heading\">Giv dig selv ro i sindet ved at bestille et pengeskab<\/h2>\n\n\n\n<p>N\u00e5r du har en stor m\u00e6ngde kontanter i din virksomhed, vil du naturligvis gerne forhindre, at de bliver stj\u00e5let. Derfor er det vigtigt at bestille et pengeskab af h\u00f8j kvalitet. I vores webshop kan du bestille kvalitets <a href=\"http:\/\/keybox.nl\/da\/\">K\u00f8b pengeskabe<\/a> til sm\u00e5 genstande som f.eks. kontanter. Vores pengeskabe er gennemtestede og udstyret med de nyeste teknologier, s\u00e5 du kan regne med optimal beskyttelse. Det er selvf\u00f8lgelig ogs\u00e5 muligt at f\u00e5 disse <a href=\"http:\/\/keybox.nl\/da\/kluis-kopen-voor-thuis\/\">sikkert hjem<\/a> k\u00f8be. N\u00e5r alt kommer til alt, vil du ogs\u00e5 gerne beskytte dine ejendele derhjemme mod indbrud eller brand.<\/p>\n<\/div><\/div>\n<\/div>\n\n\n\n<div style=\"height:100px\" aria-hidden=\"true\" class=\"wp-block-spacer\"><\/div>\n\n\n\n<h2 class=\"wp-block-heading has-text-align-center\"><strong>Vil du bestille et pengeskab fra os?<\/strong><\/h2>\n\n\n\n<div class=\"wp-block-buttons is-content-justification-center is-layout-flex wp-container-core-buttons-is-layout-a89b3969 wp-block-buttons-is-layout-flex\">\n<div class=\"wp-block-button is-style-outline is-style-outline--1\"><a class=\"wp-block-button__link wp-element-button\" href=\"http:\/\/keybox.nl\/da\/\">Se webshoppen<\/a><\/div>\n<\/div>\n\n\n\n<div style=\"height:100px\" aria-hidden=\"true\" class=\"wp-block-spacer\"><\/div>\n\n\n\n<div class=\"wp-block-group is-content-justification-center is-layout-flex wp-container-core-group-is-layout-81a7f686 wp-block-group-is-layout-flex\">\n<div class=\"wp-block-media-text alignwide has-media-on-the-right is-stacked-on-mobile is-vertically-aligned-center\" style=\"grid-template-columns:auto 40%\"><div class=\"wp-block-media-text__content\">\n<h3 class=\"wp-block-heading has-text-color\" style=\"color:#000000;font-size:32px\"><strong>Afgiv hurtigt din bestilling<\/strong><\/h3>\n\n\n\n<p>Vil du bestille et pengeskab af h\u00f8j kvalitet? S\u00e5 t\u00f8v ikke l\u00e6ngere, og tag et kig p\u00e5 alle pengeskabene p\u00e5 vores hjemmeside. Der er helt sikkert et, der passer til dig. Vores eksperter vil ogs\u00e5 med gl\u00e6de hj\u00e6lpe dig med <a href=\"http:\/\/keybox.nl\/da\/montage-installatie\/\">samling af dit pengeskab<\/a>. Vil du gerne se vores pengeskabe med dine egne \u00f8jne f\u00f8rst? S\u00e5 tag <a href=\"http:\/\/keybox.nl\/da\/contact\/\">kontakt os<\/a> for at lave en aftale i vores afdeling i Bussum.<\/p>\n<\/div><figure class=\"wp-block-media-text__media\"><img decoding=\"async\" width=\"600\" height=\"800\" src=\"http:\/\/keybox.nl\/wp-content\/uploads\/2021\/12\/Extra-Armor-KSB.jpg\" alt=\"Kluis los\" class=\"wp-image-103 size-full\" srcset=\"https:\/\/keybox.nl\/wp-content\/uploads\/2021\/12\/Extra-Armor-KSB.jpg 600w, https:\/\/keybox.nl\/wp-content\/uploads\/2021\/12\/Extra-Armor-KSB-416x555.jpg 416w, https:\/\/keybox.nl\/wp-content\/uploads\/2021\/12\/Extra-Armor-KSB-225x300.jpg 225w\" sizes=\"(max-width: 600px) 100vw, 600px\" \/><\/figure><\/div>\n<\/div>\n\n\n\n<div style=\"height:50px\" aria-hidden=\"true\" class=\"wp-block-spacer\"><\/div>\n\n\n\n<h2 class=\"wp-block-heading alignwide has-text-align-left form-titel\"><strong>Har du sp\u00f8rgsm\u00e5l om sikkerhed?<\/strong><\/h2>\n\n\n<div class=\"wp-block-jetpack-contact-form alignwide is-layout-flex wp-container-jetpack-contact-form-is-layout-2b4208ba wp-block-jetpack-contact-form-is-layout-flex\"><a href=\"https:\/\/keybox.nl\/da\/geldkluis-bestellen\/\" target=\"_blank\" rel=\"noopener noreferrer\">Indsend en formular.<\/a><\/div>\n\n\n<p><\/p>","protected":false},"excerpt":{"rendered":"<p>\u2713 Gebruiksvriendelijk \u2713 Bestendig en veilig \u2713 Diverse modellen Wilt u graag een geldkluis bestellen? Dan is Keybox.nl de website die u zoekt. Wij bieden kluizen aan van bijzonder hoge kwaliteit. Onze kluizen zijn compact, waardoor ze niet opvallen. Bovendien zijn ze volledig inbraakwerend en brandbeschermend. Ontdek hier alles over onze verschillende modellen! Geef uzelf [&hellip;]<\/p>\n","protected":false},"author":1,"featured_media":0,"parent":0,"menu_order":0,"comment_status":"closed","ping_status":"closed","template":"template-fullwidth.php","meta":{"footnotes":""},"class_list":["post-1510","page","type-page","status-publish","hentry"],"yoast_head":"<!-- This site is optimized with the Yoast SEO plugin v27.4 - https:\/\/yoast.com\/product\/yoast-seo-wordpress\/ -->\n<title>Een hoogwaardige geldkluis bestellen -<\/title>\n<meta name=\"description\" content=\"Wilt u graag een geldkluis bestellen om uw contant geld veilig te houden? Neem dan een kijkje in ons aanbod en ontdek onze kwalitatieve kluizen.\" \/>\n<meta name=\"robots\" content=\"index, follow, max-snippet:-1, max-image-preview:large, max-video-preview:-1\" \/>\n<link rel=\"canonical\" href=\"https:\/\/keybox.nl\/da\/geldkluis-bestellen\/\" \/>\n<meta property=\"og:locale\" content=\"da_DK\" \/>\n<meta property=\"og:type\" content=\"article\" \/>\n<meta property=\"og:title\" content=\"Een hoogwaardige geldkluis bestellen -\" \/>\n<meta property=\"og:description\" content=\"Wilt u graag een geldkluis bestellen om uw contant geld veilig te houden? Neem dan een kijkje in ons aanbod en ontdek onze kwalitatieve kluizen.\" \/>\n<meta property=\"og:url\" content=\"https:\/\/keybox.nl\/da\/geldkluis-bestellen\/\" \/>\n<meta property=\"article:modified_time\" content=\"2023-07-25T09:42:43+00:00\" \/>\n<meta property=\"og:image\" content=\"http:\/\/keybox.nl\/wp-content\/uploads\/2021\/12\/KSB103-KSB005-4-scaled.jpg\" \/>\n<meta name=\"twitter:card\" content=\"summary_large_image\" \/>\n<meta name=\"twitter:label1\" content=\"Estimeret l\u00e6setid\" \/>\n\t<meta name=\"twitter:data1\" content=\"2 minutter\" \/>\n<script type=\"application\/ld+json\" class=\"yoast-schema-graph\">{\"@context\":\"https:\\\/\\\/schema.org\",\"@graph\":[{\"@type\":\"WebPage\",\"@id\":\"https:\\\/\\\/keybox.nl\\\/geldkluis-bestellen\\\/\",\"url\":\"https:\\\/\\\/keybox.nl\\\/geldkluis-bestellen\\\/\",\"name\":\"Een hoogwaardige geldkluis bestellen -\",\"isPartOf\":{\"@id\":\"https:\\\/\\\/keybox.nl\\\/#website\"},\"primaryImageOfPage\":{\"@id\":\"https:\\\/\\\/keybox.nl\\\/geldkluis-bestellen\\\/#primaryimage\"},\"image\":{\"@id\":\"https:\\\/\\\/keybox.nl\\\/geldkluis-bestellen\\\/#primaryimage\"},\"thumbnailUrl\":\"http:\\\/\\\/keybox.nl\\\/wp-content\\\/uploads\\\/2021\\\/12\\\/KSB103-KSB005-4-scaled.jpg\",\"datePublished\":\"2023-07-20T12:13:59+00:00\",\"dateModified\":\"2023-07-25T09:42:43+00:00\",\"description\":\"Wilt u graag een geldkluis bestellen om uw contant geld veilig te houden? Neem dan een kijkje in ons aanbod en ontdek onze kwalitatieve kluizen.\",\"breadcrumb\":{\"@id\":\"https:\\\/\\\/keybox.nl\\\/geldkluis-bestellen\\\/#breadcrumb\"},\"inLanguage\":\"da-DK\",\"potentialAction\":[{\"@type\":\"ReadAction\",\"target\":[\"https:\\\/\\\/keybox.nl\\\/geldkluis-bestellen\\\/\"]}]},{\"@type\":\"ImageObject\",\"inLanguage\":\"da-DK\",\"@id\":\"https:\\\/\\\/keybox.nl\\\/geldkluis-bestellen\\\/#primaryimage\",\"url\":\"http:\\\/\\\/keybox.nl\\\/wp-content\\\/uploads\\\/2021\\\/12\\\/KSB103-KSB005-4-scaled.jpg\",\"contentUrl\":\"http:\\\/\\\/keybox.nl\\\/wp-content\\\/uploads\\\/2021\\\/12\\\/KSB103-KSB005-4-scaled.jpg\"},{\"@type\":\"BreadcrumbList\",\"@id\":\"https:\\\/\\\/keybox.nl\\\/geldkluis-bestellen\\\/#breadcrumb\",\"itemListElement\":[{\"@type\":\"ListItem\",\"position\":1,\"name\":\"Home\",\"item\":\"https:\\\/\\\/keybox.nl\\\/\"},{\"@type\":\"ListItem\",\"position\":2,\"name\":\"Geldkluis bestellen\"}]},{\"@type\":\"WebSite\",\"@id\":\"https:\\\/\\\/keybox.nl\\\/#website\",\"url\":\"https:\\\/\\\/keybox.nl\\\/\",\"name\":\"\",\"description\":\"\",\"potentialAction\":[{\"@type\":\"SearchAction\",\"target\":{\"@type\":\"EntryPoint\",\"urlTemplate\":\"https:\\\/\\\/keybox.nl\\\/?s={search_term_string}\"},\"query-input\":{\"@type\":\"PropertyValueSpecification\",\"valueRequired\":true,\"valueName\":\"search_term_string\"}}],\"inLanguage\":\"da-DK\"}]}<\/script>\n<!-- \/ Yoast SEO plugin. -->","yoast_head_json":{"title":"Bestilling af pengeskab i h\u00f8j kvalitet","description":"Vil du gerne bestille et pengeskab til at opbevare dine kontanter sikkert? S\u00e5 tag et kig p\u00e5 vores sortiment og opdag vores pengeskabe af h\u00f8j kvalitet.","robots":{"index":"index","follow":"follow","max-snippet":"max-snippet:-1","max-image-preview":"max-image-preview:large","max-video-preview":"max-video-preview:-1"},"canonical":"https:\/\/keybox.nl\/da\/geldkluis-bestellen\/","og_locale":"da_DK","og_type":"article","og_title":"Een hoogwaardige geldkluis bestellen -","og_description":"Wilt u graag een geldkluis bestellen om uw contant geld veilig te houden? Neem dan een kijkje in ons aanbod en ontdek onze kwalitatieve kluizen.","og_url":"https:\/\/keybox.nl\/da\/geldkluis-bestellen\/","article_modified_time":"2023-07-25T09:42:43+00:00","og_image":[{"url":"http:\/\/keybox.nl\/wp-content\/uploads\/2021\/12\/KSB103-KSB005-4-scaled.jpg","type":"","width":"","height":""}],"twitter_card":"summary_large_image","twitter_misc":{"Estimeret l\u00e6setid":"2 minutter"},"schema":{"@context":"https:\/\/schema.org","@graph":[{"@type":"WebPage","@id":"https:\/\/keybox.nl\/geldkluis-bestellen\/","url":"https:\/\/keybox.nl\/geldkluis-bestellen\/","name":"Bestilling af pengeskab i h\u00f8j kvalitet","isPartOf":{"@id":"https:\/\/keybox.nl\/#website"},"primaryImageOfPage":{"@id":"https:\/\/keybox.nl\/geldkluis-bestellen\/#primaryimage"},"image":{"@id":"https:\/\/keybox.nl\/geldkluis-bestellen\/#primaryimage"},"thumbnailUrl":"http:\/\/keybox.nl\/wp-content\/uploads\/2021\/12\/KSB103-KSB005-4-scaled.jpg","datePublished":"2023-07-20T12:13:59+00:00","dateModified":"2023-07-25T09:42:43+00:00","description":"Vil du gerne bestille et pengeskab til at opbevare dine kontanter sikkert? S\u00e5 tag et kig p\u00e5 vores sortiment og opdag vores pengeskabe af h\u00f8j kvalitet.","breadcrumb":{"@id":"https:\/\/keybox.nl\/geldkluis-bestellen\/#breadcrumb"},"inLanguage":"da-DK","potentialAction":[{"@type":"ReadAction","target":["https:\/\/keybox.nl\/geldkluis-bestellen\/"]}]},{"@type":"ImageObject","inLanguage":"da-DK","@id":"https:\/\/keybox.nl\/geldkluis-bestellen\/#primaryimage","url":"http:\/\/keybox.nl\/wp-content\/uploads\/2021\/12\/KSB103-KSB005-4-scaled.jpg","contentUrl":"http:\/\/keybox.nl\/wp-content\/uploads\/2021\/12\/KSB103-KSB005-4-scaled.jpg"},{"@type":"BreadcrumbList","@id":"https:\/\/keybox.nl\/geldkluis-bestellen\/#breadcrumb","itemListElement":[{"@type":"ListItem","position":1,"name":"Home","item":"https:\/\/keybox.nl\/"},{"@type":"ListItem","position":2,"name":"Geldkluis bestellen"}]},{"@type":"WebSite","@id":"https:\/\/keybox.nl\/#website","url":"https:\/\/keybox.nl\/","name":"","description":"","potentialAction":[{"@type":"SearchAction","target":{"@type":"EntryPoint","urlTemplate":"https:\/\/keybox.nl\/?s={search_term_string}"},"query-input":{"@type":"PropertyValueSpecification","valueRequired":true,"valueName":"search_term_string"}}],"inLanguage":"da-DK"}]}},"jetpack-related-posts":[{"id":540,"url":"https:\/\/keybox.nl\/da\/afstortkluis-bestellen\/","url_meta":{"origin":1510,"position":0},"title":"Bestilling af et pengeskab","author":"Keybox@beheermodule","date":"11 marts 2022","format":false,"excerpt":"Bestil et sikkert pengeskab til webshoppen! \u2713 Brugervenligt \u2713 Modstandsdygtigt og sikkert \u2713 Forskellige modeller Et pengeskab er et ideelt valg at bestille, n\u00e5r du vil opbevare n\u00f8gler eller andre sm\u00e5ting sikkert i din virksomhed. Takket v\u00e6re det smarte deponeringssystem og v\u00e6gge af massivt tr\u00e6 er vores pengeskabe...","rel":"","context":"Similar post","block_context":{"text":"Similar post","link":""},"img":{"alt_text":"","src":"https:\/\/i0.wp.com\/keybox.nl\/wp-content\/uploads\/2022\/01\/IMG_5363-scaled-e1643386544179.jpg?resize=350%2C200&ssl=1","width":350,"height":200},"classes":[]},{"id":558,"url":"https:\/\/keybox.nl\/da\/cijferslot-kluis-bestellen\/","url_meta":{"origin":1510,"position":1},"title":"Bestilling af pengeskab med kombinationsl\u00e5s","author":"Keybox@beheermodule","date":"11 marts 2022","format":false,"excerpt":"Bestil pengeskab med kombinationsl\u00e5s til webshoppen! Let at bruge \u2713 Modstandsdygtigt og sikkert \u2713 Forskellige modeller En kombinationsl\u00e5s p\u00e5 dit pengeskab er et godt valg, n\u00e5r du vil bestille et pengeskab. En kombinationsl\u00e5s giver fremragende sikkerhed for dine v\u00e6rdigenstande, da en numerisk kode er vanskelig at kn\u00e6kke. Og det...","rel":"","context":"Similar post","block_context":{"text":"Similar post","link":""},"img":{"alt_text":"Digibox Ral 5010 Keybox","src":"https:\/\/i0.wp.com\/keybox.nl\/wp-content\/uploads\/2022\/02\/digibox-keybox-RAL-5010.jpg?resize=350%2C200&ssl=1","width":350,"height":200,"srcset":"https:\/\/i0.wp.com\/keybox.nl\/wp-content\/uploads\/2022\/02\/digibox-keybox-RAL-5010.jpg?resize=350%2C200&ssl=1 1x, https:\/\/i0.wp.com\/keybox.nl\/wp-content\/uploads\/2022\/02\/digibox-keybox-RAL-5010.jpg?resize=525%2C300&ssl=1 1.5x, https:\/\/i0.wp.com\/keybox.nl\/wp-content\/uploads\/2022\/02\/digibox-keybox-RAL-5010.jpg?resize=700%2C400&ssl=1 2x, https:\/\/i0.wp.com\/keybox.nl\/wp-content\/uploads\/2022\/02\/digibox-keybox-RAL-5010.jpg?resize=1050%2C600&ssl=1 3x, https:\/\/i0.wp.com\/keybox.nl\/wp-content\/uploads\/2022\/02\/digibox-keybox-RAL-5010.jpg?resize=1400%2C800&ssl=1 4x"},"classes":[]},{"id":30,"url":"https:\/\/keybox.nl\/da\/","url_meta":{"origin":1510,"position":2},"title":"K\u00f8b sikre n\u00f8gleskabe","author":"Keybox@beheermodule","date":"30 november 2021","format":false,"excerpt":"Hos Keybox.co.uk kan du blandt andet k\u00f8be et solidt pengeskab eller sikre n\u00f8gleskabe. Vi tilbyder forskellige typer pengeskabe; fra diskrete n\u00f8gleskabe til v\u00e6gskabe med indskudshjul. Hos os kan du bestille et pengeskab til din virksomhed, men ogs\u00e5 til dit hjem. Takket v\u00e6re vores brede udvalg af n\u00f8gleskabe...","rel":"","context":"With 1 comment","block_context":{"text":"With 1 comment","link":"https:\/\/keybox.nl\/da\/#comments"},"img":{"alt_text":"","src":"","width":0,"height":0},"classes":[]},{"id":1528,"url":"https:\/\/keybox.nl\/da\/elektronische-sleutelkluis-kopen\/","url_meta":{"origin":1510,"position":3},"title":"elektronisk-n\u00f8gle sikker-k\u00f8b","author":"Keybox@beheermodule","date":"20 juli 2023","format":false,"excerpt":"K\u00f8b elektronisk n\u00f8gleskab i webshoppen! \u2713 Brugervenlig \u2713 Modstandsdygtig og sikker \u2713 Forskellige modeller At k\u00f8be et elektronisk n\u00f8gleskab er det f\u00f8rste skridt, n\u00e5r det g\u00e6lder om at sikre din virksomhed eller dit hjem. Keybox.co.uk tilbyder dig den l\u00f8sning, der passer perfekt til dine behov. Disse pengeskabe...","rel":"","context":"Similar post","block_context":{"text":"Similar post","link":""},"img":{"alt_text":"","src":"https:\/\/i0.wp.com\/keybox.nl\/wp-content\/uploads\/2023\/02\/Keysafe-Big-Pro-sleutelkastje_keybox.jpeg?resize=350%2C200&ssl=1","width":350,"height":200,"srcset":"https:\/\/i0.wp.com\/keybox.nl\/wp-content\/uploads\/2023\/02\/Keysafe-Big-Pro-sleutelkastje_keybox.jpeg?resize=350%2C200&ssl=1 1x, https:\/\/i0.wp.com\/keybox.nl\/wp-content\/uploads\/2023\/02\/Keysafe-Big-Pro-sleutelkastje_keybox.jpeg?resize=525%2C300&ssl=1 1.5x, https:\/\/i0.wp.com\/keybox.nl\/wp-content\/uploads\/2023\/02\/Keysafe-Big-Pro-sleutelkastje_keybox.jpeg?resize=700%2C400&ssl=1 2x"},"classes":[]},{"id":1509,"url":"https:\/\/keybox.nl\/da\/digitaal-sleutelbeheersysteem\/","url_meta":{"origin":1510,"position":4},"title":"digitalt n\u00f8gleh\u00e5ndteringssystem","author":"Keybox@beheermodule","date":"20 juli 2023","format":false,"excerpt":"Digitalt n\u00f8gleh\u00e5ndteringssystem Til webshoppen! \u2713 Brugervenlig \u2713 Modstandsdygtig og sikker \u2713 Forskellige modeller Er du interesseret i et digitalt n\u00f8gleh\u00e5ndteringssystem? S\u00e5 er vores Digibox med syv n\u00f8glekroge pr\u00e6cis det, du leder efter. Takket v\u00e6re dette opfindsomme system kan du administrere n\u00f8glerne i din virksomhed sikkert og pr\u00e6cist....","rel":"","context":"Similar post","block_context":{"text":"Similar post","link":""},"img":{"alt_text":"Digibox Ral 5010 Keybox","src":"https:\/\/i0.wp.com\/keybox.nl\/wp-content\/uploads\/2022\/02\/digibox-keybox-RAL-5010.jpg?resize=350%2C200&ssl=1","width":350,"height":200,"srcset":"https:\/\/i0.wp.com\/keybox.nl\/wp-content\/uploads\/2022\/02\/digibox-keybox-RAL-5010.jpg?resize=350%2C200&ssl=1 1x, https:\/\/i0.wp.com\/keybox.nl\/wp-content\/uploads\/2022\/02\/digibox-keybox-RAL-5010.jpg?resize=525%2C300&ssl=1 1.5x, https:\/\/i0.wp.com\/keybox.nl\/wp-content\/uploads\/2022\/02\/digibox-keybox-RAL-5010.jpg?resize=700%2C400&ssl=1 2x, https:\/\/i0.wp.com\/keybox.nl\/wp-content\/uploads\/2022\/02\/digibox-keybox-RAL-5010.jpg?resize=1050%2C600&ssl=1 3x, https:\/\/i0.wp.com\/keybox.nl\/wp-content\/uploads\/2022\/02\/digibox-keybox-RAL-5010.jpg?resize=1400%2C800&ssl=1 4x"},"classes":[]},{"id":1508,"url":"https:\/\/keybox.nl\/da\/brandkluis-voor-thuis\/","url_meta":{"origin":1510,"position":5},"title":"Brandsikring til hjemmet","author":"Keybox@beheermodule","date":"20 juli 2023","format":false,"excerpt":"Brandkluis til hjemmet Til webshoppen! \u2713 Brugervenlig \u2713 Holdbar og sikker \u2713 Forskellige modeller Leder du efter en god brandkluis til dit hjem? S\u00e5 er kluisene fra Keybox.nl interessante for dig. Vi tilbyder alle slags kluise, hvori dine n\u00f8gler, kontanter eller andre v\u00e6rdigenstande\u2026","rel":"","context":"Similar post","block_context":{"text":"Similar post","link":""},"img":{"alt_text":"","src":"https:\/\/i0.wp.com\/keybox.nl\/wp-content\/uploads\/2021\/12\/KSB_102_1-e1638478691321.jpg?resize=350%2C200&ssl=1","width":350,"height":200,"srcset":"https:\/\/i0.wp.com\/keybox.nl\/wp-content\/uploads\/2021\/12\/KSB_102_1-e1638478691321.jpg?resize=350%2C200&ssl=1 1x, https:\/\/i0.wp.com\/keybox.nl\/wp-content\/uploads\/2021\/12\/KSB_102_1-e1638478691321.jpg?resize=525%2C300&ssl=1 1.5x, https:\/\/i0.wp.com\/keybox.nl\/wp-content\/uploads\/2021\/12\/KSB_102_1-e1638478691321.jpg?resize=700%2C400&ssl=1 2x"},"classes":[]}],"jetpack_sharing_enabled":true,"_links":{"self":[{"href":"https:\/\/keybox.nl\/da\/wp-json\/wp\/v2\/pages\/1510","targetHints":{"allow":["GET"]}}],"collection":[{"href":"https:\/\/keybox.nl\/da\/wp-json\/wp\/v2\/pages"}],"about":[{"href":"https:\/\/keybox.nl\/da\/wp-json\/wp\/v2\/types\/page"}],"author":[{"embeddable":true,"href":"https:\/\/keybox.nl\/da\/wp-json\/wp\/v2\/users\/1"}],"replies":[{"embeddable":true,"href":"https:\/\/keybox.nl\/da\/wp-json\/wp\/v2\/comments?post=1510"}],"version-history":[{"count":7,"href":"https:\/\/keybox.nl\/da\/wp-json\/wp\/v2\/pages\/1510\/revisions"}],"predecessor-version":[{"id":1652,"href":"https:\/\/keybox.nl\/da\/wp-json\/wp\/v2\/pages\/1510\/revisions\/1652"}],"wp:attachment":[{"href":"https:\/\/keybox.nl\/da\/wp-json\/wp\/v2\/media?parent=1510"}],"curies":[{"name":"wp","href":"https:\/\/api.w.org\/{rel}","templated":true}]}}