{"id":1509,"date":"2023-07-20T12:13:51","date_gmt":"2023-07-20T12:13:51","guid":{"rendered":"http:\/\/keybox.nl\/?page_id=1509"},"modified":"2023-07-25T09:49:55","modified_gmt":"2023-07-25T09:49:55","slug":"digitaal-sleutelbeheersysteem","status":"publish","type":"page","link":"https:\/\/keybox.nl\/da\/digitaal-sleutelbeheersysteem\/","title":{"rendered":"digitalt n\u00f8gleh\u00e5ndteringssystem"},"content":{"rendered":"<div class=\"wp-block-cover alignfull\" style=\"min-height:200px;aspect-ratio:unset;\"><span aria-hidden=\"true\" class=\"wp-block-cover__background has-background-dim-60 has-background-dim\"><\/span><img decoding=\"async\" width=\"1920\" height=\"2560\" class=\"wp-block-cover__image-background wp-image-126\" alt=\"Kluis\" src=\"http:\/\/keybox.nl\/wp-content\/uploads\/2021\/12\/KSB103-KSB005-4-scaled.jpg\" style=\"object-position:50% 50%\" data-object-fit=\"cover\" data-object-position=\"50% 50%\" srcset=\"https:\/\/keybox.nl\/wp-content\/uploads\/2021\/12\/KSB103-KSB005-4-scaled.jpg 1920w, https:\/\/keybox.nl\/wp-content\/uploads\/2021\/12\/KSB103-KSB005-4-416x555.jpg 416w, https:\/\/keybox.nl\/wp-content\/uploads\/2021\/12\/KSB103-KSB005-4-225x300.jpg 225w, https:\/\/keybox.nl\/wp-content\/uploads\/2021\/12\/KSB103-KSB005-4-768x1024.jpg 768w, https:\/\/keybox.nl\/wp-content\/uploads\/2021\/12\/KSB103-KSB005-4-1152x1536.jpg 1152w, https:\/\/keybox.nl\/wp-content\/uploads\/2021\/12\/KSB103-KSB005-4-1536x2048.jpg 1536w, https:\/\/keybox.nl\/wp-content\/uploads\/2021\/12\/KSB103-KSB005-4-1320x1760.jpg 1320w\" sizes=\"(max-width: 1920px) 100vw, 1920px\" \/><div class=\"wp-block-cover__inner-container is-layout-flow wp-block-cover-is-layout-flow\">\n<h1 class=\"wp-block-heading alignwide has-text-align-left has-white-color has-text-color\" style=\"font-size:40px\">Digitalt n\u00f8gleh\u00e5ndteringssystem<\/h1>\n\n\n\n<div class=\"wp-block-columns alignwide is-layout-flex wp-container-core-columns-is-layout-28f84493 wp-block-columns-is-layout-flex\">\n<div class=\"wp-block-column is-layout-flow wp-block-column-is-layout-flow\" style=\"flex-basis:55%\">\n<div class=\"wp-block-buttons is-layout-flex wp-block-buttons-is-layout-flex\">\n<div class=\"wp-block-button cta-knop alignleft\"><a class=\"wp-block-button__link has-black-color has-white-background-color has-text-color has-background wp-element-button\" href=\"http:\/\/keybox.nl\/da\/\">Til webshoppen!<\/a><\/div>\n<\/div>\n<\/div>\n<\/div>\n<\/div><\/div>\n\n\n\n<div style=\"height:50px\" aria-hidden=\"true\" class=\"wp-block-spacer\"><\/div>\n\n\n\n<div class=\"wp-block-group alignfull is-content-justification-center is-layout-flex wp-container-core-group-is-layout-81a7f686 wp-block-group-is-layout-flex\">\n<p class=\"usps has-normal-font-size\">\u2713 Brugervenlig<\/p>\n\n\n\n<p>\u2713 Modstandsdygtig og sikker<\/p>\n\n\n\n<p>\u2713 Forskellige modeller<\/p>\n<\/div>\n\n\n\n<style>\nh1.entry-title {\ndisplay:none;\n}\n.cta-knop {\nmargin-left: 35px !important;\n}\n\n.cta-knop:hover {\nopacity: 0.75;\n}\n\n@media only screen and (max-width: 1064px) {\n.cta-knop {\nmargin-left: 0px !important;\n}\n\n.wp-block-group.alignfull {\n    display: flex;\n    flex-direction: column;\n}\n}\n<\/style>\n\n\n\n<div style=\"height:100px\" aria-hidden=\"true\" class=\"wp-block-spacer\"><\/div>\n\n\n\n<p class=\"has-text-align-left align-left has-black-color has-text-color has-normal-font-size\">Er du interesseret i et digitalt n\u00f8gleh\u00e5ndteringssystem? S\u00e5 er vores Digibox med syv n\u00f8glekroge pr\u00e6cis det, du leder efter. Takket v\u00e6re dette opfindsomme system kan du administrere n\u00f8gler i din virksomhed p\u00e5 en sikker og pr\u00e6cis m\u00e5de. P\u00e5 Keybox.co.uk kan du nemt bestille dette praktiske digitale n\u00f8gleh\u00e5ndteringssystem online.<\/p>\n\n\n\n<div style=\"height:100px\" aria-hidden=\"true\" class=\"wp-block-spacer\"><\/div>\n\n\n\n<div class=\"wp-block-group is-content-justification-center is-layout-flex wp-container-core-group-is-layout-81a7f686 wp-block-group-is-layout-flex\">\n<div class=\"wp-block-media-text alignwide is-stacked-on-mobile is-vertically-aligned-center\" style=\"grid-template-columns:40% auto\"><figure class=\"wp-block-media-text__media\"><img decoding=\"async\" width=\"880\" height=\"1024\" src=\"http:\/\/keybox.nl\/wp-content\/uploads\/2022\/02\/digibox-keybox-RAL-5010-880x1024.jpg\" alt=\"Digibox Ral 5010 Keybox\" class=\"wp-image-308 size-full\" srcset=\"https:\/\/keybox.nl\/wp-content\/uploads\/2022\/02\/digibox-keybox-RAL-5010-880x1024.jpg 880w, https:\/\/keybox.nl\/wp-content\/uploads\/2022\/02\/digibox-keybox-RAL-5010-416x484.jpg 416w, https:\/\/keybox.nl\/wp-content\/uploads\/2022\/02\/digibox-keybox-RAL-5010-258x300.jpg 258w, https:\/\/keybox.nl\/wp-content\/uploads\/2022\/02\/digibox-keybox-RAL-5010-768x893.jpg 768w, https:\/\/keybox.nl\/wp-content\/uploads\/2022\/02\/digibox-keybox-RAL-5010-1320x1536.jpg 1320w, https:\/\/keybox.nl\/wp-content\/uploads\/2022\/02\/digibox-keybox-RAL-5010.jpg 1727w\" sizes=\"(max-width: 880px) 100vw, 880px\" \/><\/figure><div class=\"wp-block-media-text__content\">\n<h2 class=\"wp-block-heading\">F\u00e5 mere information om vores digitale n\u00f8gleh\u00e5ndteringssystem<\/h2>\n\n\n\n<p>Det er ikke nogen nem opgave at administrere n\u00f8gler i din virksomhed. Ofte skal flere personer i virksomheden have adgang til n\u00f8glerne, men du vil selvf\u00f8lgelig ogs\u00e5 gerne opbevare dine n\u00f8gler s\u00e5 sikkert som muligt. Et digitalt n\u00f8gleh\u00e5ndteringssystem som vores <a href=\"http:\/\/keybox.nl\/da\/vare\/digibox-7-sleutelhaken\/\">Digibox<\/a> er den ideelle l\u00f8sning her. Med hele syv n\u00f8glepladser er dette n\u00f8gleskab s\u00e6rligt effektivt. Den <a href=\"http:\/\/keybox.nl\/da\/elektronische-sleutelkluis-kopen\/\">elektronisk n\u00f8gleskab<\/a> betjenes ved hj\u00e6lp af det praktiske, oplyste display. N\u00f8gleh\u00e5ndteringssystemet har f\u00f8lgende funktioner <a href=\"http:\/\/keybox.nl\/da\/cijferslot-kluis-bestellen\/\">en kombinationsl\u00e5s<\/a>. Til dette v\u00e6lger du din egen kode p\u00e5 fire til ti tegn. Denne kode bevares selv i tilf\u00e6lde af str\u00f8msvigt. S\u00e5 du har altid adgang til pengeskabet, men ubudne g\u00e6ster holdes ude. Det er derfor det ideelle <a href=\"http:\/\/keybox.nl\/da\/inbraakwerende-kluis-kopen\/\">Indbrudssikkert pengeskab<\/a>!<\/p>\n<\/div><\/div>\n<\/div>\n\n\n\n<div style=\"height:100px\" aria-hidden=\"true\" class=\"wp-block-spacer\"><\/div>\n\n\n\n<h2 class=\"wp-block-heading has-text-align-center\"><strong>Er du interesseret i at bestille et digitalt n\u00f8gleh\u00e5ndteringssystem fra os?<\/strong><\/h2>\n\n\n\n<div class=\"wp-block-buttons is-content-justification-center is-layout-flex wp-container-core-buttons-is-layout-a89b3969 wp-block-buttons-is-layout-flex\">\n<div class=\"wp-block-button is-style-outline is-style-outline--1\"><a class=\"wp-block-button__link wp-element-button\" href=\"http:\/\/keybox.nl\/da\/\">Se webshoppen<\/a><\/div>\n<\/div>\n\n\n\n<div style=\"height:100px\" aria-hidden=\"true\" class=\"wp-block-spacer\"><\/div>\n\n\n\n<div class=\"wp-block-group is-content-justification-center is-layout-flex wp-container-core-group-is-layout-81a7f686 wp-block-group-is-layout-flex\">\n<div class=\"wp-block-media-text alignwide has-media-on-the-right is-stacked-on-mobile is-vertically-aligned-center\" style=\"grid-template-columns:auto 40%\"><div class=\"wp-block-media-text__content\">\n<h3 class=\"wp-block-heading has-text-color\" style=\"color:#000000;font-size:32px\"><strong>V\u00e6lg din \u00f8nskede kopi<\/strong><\/h3>\n\n\n\n<p class=\"has-text-color has-normal-font-size\" style=\"color:#000000\">Vil du gerne k\u00f8be et digitalt n\u00f8gleh\u00e5ndteringssystem til din virksomhed? S\u00e5 g\u00e5 til vores webshop for at k\u00f8be dette <a href=\"http:\/\/keybox.nl\/da\/\">K\u00f8b sikkert n\u00f8gleskab<\/a> eller lav en aftale med os i Bussum. Digiboxen f\u00e5s i tre forskellige farver. Andre RAL-farver er tilg\u00e6ngelige mod et ekstra gebyr. Vores erfarne installationsteam vil ogs\u00e5 gerne hj\u00e6lpe dig med at installere denne <a href=\"http:\/\/keybox.nl\/da\/sleutelkluis-bevestigen\/\">N\u00f8gleskab skal repareres<\/a>.<\/p>\n<\/div><figure class=\"wp-block-media-text__media\"><img decoding=\"async\" width=\"1024\" height=\"1024\" src=\"http:\/\/keybox.nl\/wp-content\/uploads\/2022\/02\/Digibox-7-haken-Keybox-1024x1024.jpg\" alt=\"\" class=\"wp-image-304 size-full\"\/><\/figure><\/div>\n<\/div>\n\n\n\n<div style=\"height:50px\" aria-hidden=\"true\" class=\"wp-block-spacer\"><\/div>\n\n\n\n<h2 class=\"wp-block-heading alignwide has-text-align-left form-titel\"><strong>Har du sp\u00f8rgsm\u00e5l om sikkerhed?<\/strong><\/h2>\n\n\n<div class=\"wp-block-jetpack-contact-form alignwide is-layout-flex wp-container-jetpack-contact-form-is-layout-2b4208ba wp-block-jetpack-contact-form-is-layout-flex\"><a href=\"https:\/\/keybox.nl\/da\/digitaal-sleutelbeheersysteem\/\" target=\"_blank\" rel=\"noopener noreferrer\">Indsend en formular.<\/a><\/div>\n\n\n<p><\/p>","protected":false},"excerpt":{"rendered":"<p>\u2713 Gebruiksvriendelijk \u2713 Bestendig en veilig \u2713 Diverse modellen Heeft u interesse in een digitaal sleutelbeheersysteem? Dan is onze Digibox met zeven sleutelhaken precies wat u zoekt. Dankzij dit inventieve systeem kunt u de sleutels binnen uw bedrijf op een veilige en precieze manier beheren. Bij Keybox.nl kunt u dit handige digitale sleutelbeheersysteem eenvoudig online [&hellip;]<\/p>\n","protected":false},"author":1,"featured_media":0,"parent":0,"menu_order":0,"comment_status":"closed","ping_status":"closed","template":"template-fullwidth.php","meta":{"footnotes":""},"class_list":["post-1509","page","type-page","status-publish","hentry"],"yoast_head":"<!-- This site is optimized with the Yoast SEO plugin v27.4 - https:\/\/yoast.com\/product\/yoast-seo-wordpress\/ -->\n<title>Een hoogwaardig digitaal sleutelbeheersysteem -<\/title>\n<meta name=\"description\" content=\"Een digitaal sleutelbeheersysteem is de ideale oplossing voor bedrijven. Ontdek hier alle voordelen van onze Digibox en plaats uw bestelling!\" \/>\n<meta name=\"robots\" content=\"index, follow, max-snippet:-1, max-image-preview:large, max-video-preview:-1\" \/>\n<link rel=\"canonical\" href=\"https:\/\/keybox.nl\/da\/digitaal-sleutelbeheersysteem\/\" \/>\n<meta property=\"og:locale\" content=\"da_DK\" \/>\n<meta property=\"og:type\" content=\"article\" \/>\n<meta property=\"og:title\" content=\"Een hoogwaardig digitaal sleutelbeheersysteem -\" \/>\n<meta property=\"og:description\" content=\"Een digitaal sleutelbeheersysteem is de ideale oplossing voor bedrijven. Ontdek hier alle voordelen van onze Digibox en plaats uw bestelling!\" \/>\n<meta property=\"og:url\" content=\"https:\/\/keybox.nl\/da\/digitaal-sleutelbeheersysteem\/\" \/>\n<meta property=\"article:modified_time\" content=\"2023-07-25T09:49:55+00:00\" \/>\n<meta property=\"og:image\" content=\"http:\/\/keybox.nl\/wp-content\/uploads\/2021\/12\/KSB103-KSB005-4-scaled.jpg\" \/>\n<meta name=\"twitter:card\" content=\"summary_large_image\" \/>\n<meta name=\"twitter:label1\" content=\"Estimeret l\u00e6setid\" \/>\n\t<meta name=\"twitter:data1\" content=\"2 minutter\" \/>\n<script type=\"application\/ld+json\" class=\"yoast-schema-graph\">{\"@context\":\"https:\\\/\\\/schema.org\",\"@graph\":[{\"@type\":\"WebPage\",\"@id\":\"https:\\\/\\\/keybox.nl\\\/digitaal-sleutelbeheersysteem\\\/\",\"url\":\"https:\\\/\\\/keybox.nl\\\/digitaal-sleutelbeheersysteem\\\/\",\"name\":\"Een hoogwaardig digitaal sleutelbeheersysteem -\",\"isPartOf\":{\"@id\":\"https:\\\/\\\/keybox.nl\\\/#website\"},\"primaryImageOfPage\":{\"@id\":\"https:\\\/\\\/keybox.nl\\\/digitaal-sleutelbeheersysteem\\\/#primaryimage\"},\"image\":{\"@id\":\"https:\\\/\\\/keybox.nl\\\/digitaal-sleutelbeheersysteem\\\/#primaryimage\"},\"thumbnailUrl\":\"http:\\\/\\\/keybox.nl\\\/wp-content\\\/uploads\\\/2021\\\/12\\\/KSB103-KSB005-4-scaled.jpg\",\"datePublished\":\"2023-07-20T12:13:51+00:00\",\"dateModified\":\"2023-07-25T09:49:55+00:00\",\"description\":\"Een digitaal sleutelbeheersysteem is de ideale oplossing voor bedrijven. Ontdek hier alle voordelen van onze Digibox en plaats uw bestelling!\",\"breadcrumb\":{\"@id\":\"https:\\\/\\\/keybox.nl\\\/digitaal-sleutelbeheersysteem\\\/#breadcrumb\"},\"inLanguage\":\"da-DK\",\"potentialAction\":[{\"@type\":\"ReadAction\",\"target\":[\"https:\\\/\\\/keybox.nl\\\/digitaal-sleutelbeheersysteem\\\/\"]}]},{\"@type\":\"ImageObject\",\"inLanguage\":\"da-DK\",\"@id\":\"https:\\\/\\\/keybox.nl\\\/digitaal-sleutelbeheersysteem\\\/#primaryimage\",\"url\":\"http:\\\/\\\/keybox.nl\\\/wp-content\\\/uploads\\\/2021\\\/12\\\/KSB103-KSB005-4-scaled.jpg\",\"contentUrl\":\"http:\\\/\\\/keybox.nl\\\/wp-content\\\/uploads\\\/2021\\\/12\\\/KSB103-KSB005-4-scaled.jpg\"},{\"@type\":\"BreadcrumbList\",\"@id\":\"https:\\\/\\\/keybox.nl\\\/digitaal-sleutelbeheersysteem\\\/#breadcrumb\",\"itemListElement\":[{\"@type\":\"ListItem\",\"position\":1,\"name\":\"Home\",\"item\":\"https:\\\/\\\/keybox.nl\\\/\"},{\"@type\":\"ListItem\",\"position\":2,\"name\":\"digitaal sleutelbeheersysteem\"}]},{\"@type\":\"WebSite\",\"@id\":\"https:\\\/\\\/keybox.nl\\\/#website\",\"url\":\"https:\\\/\\\/keybox.nl\\\/\",\"name\":\"\",\"description\":\"\",\"potentialAction\":[{\"@type\":\"SearchAction\",\"target\":{\"@type\":\"EntryPoint\",\"urlTemplate\":\"https:\\\/\\\/keybox.nl\\\/?s={search_term_string}\"},\"query-input\":{\"@type\":\"PropertyValueSpecification\",\"valueRequired\":true,\"valueName\":\"search_term_string\"}}],\"inLanguage\":\"da-DK\"}]}<\/script>\n<!-- \/ Yoast SEO plugin. -->","yoast_head_json":{"title":"Et digitalt n\u00f8gleh\u00e5ndteringssystem af h\u00f8j kvalitet","description":"Et digitalt n\u00f8gleh\u00e5ndteringssystem er den ideelle l\u00f8sning for virksomheder. Oplev alle fordelene ved vores Digibox her, og bestil!","robots":{"index":"index","follow":"follow","max-snippet":"max-snippet:-1","max-image-preview":"max-image-preview:large","max-video-preview":"max-video-preview:-1"},"canonical":"https:\/\/keybox.nl\/da\/digitaal-sleutelbeheersysteem\/","og_locale":"da_DK","og_type":"article","og_title":"Een hoogwaardig digitaal sleutelbeheersysteem -","og_description":"Een digitaal sleutelbeheersysteem is de ideale oplossing voor bedrijven. Ontdek hier alle voordelen van onze Digibox en plaats uw bestelling!","og_url":"https:\/\/keybox.nl\/da\/digitaal-sleutelbeheersysteem\/","article_modified_time":"2023-07-25T09:49:55+00:00","og_image":[{"url":"http:\/\/keybox.nl\/wp-content\/uploads\/2021\/12\/KSB103-KSB005-4-scaled.jpg","type":"","width":"","height":""}],"twitter_card":"summary_large_image","twitter_misc":{"Estimeret l\u00e6setid":"2 minutter"},"schema":{"@context":"https:\/\/schema.org","@graph":[{"@type":"WebPage","@id":"https:\/\/keybox.nl\/digitaal-sleutelbeheersysteem\/","url":"https:\/\/keybox.nl\/digitaal-sleutelbeheersysteem\/","name":"Et digitalt n\u00f8gleh\u00e5ndteringssystem af h\u00f8j kvalitet","isPartOf":{"@id":"https:\/\/keybox.nl\/#website"},"primaryImageOfPage":{"@id":"https:\/\/keybox.nl\/digitaal-sleutelbeheersysteem\/#primaryimage"},"image":{"@id":"https:\/\/keybox.nl\/digitaal-sleutelbeheersysteem\/#primaryimage"},"thumbnailUrl":"http:\/\/keybox.nl\/wp-content\/uploads\/2021\/12\/KSB103-KSB005-4-scaled.jpg","datePublished":"2023-07-20T12:13:51+00:00","dateModified":"2023-07-25T09:49:55+00:00","description":"Et digitalt n\u00f8gleh\u00e5ndteringssystem er den ideelle l\u00f8sning for virksomheder. Oplev alle fordelene ved vores Digibox her, og bestil!","breadcrumb":{"@id":"https:\/\/keybox.nl\/digitaal-sleutelbeheersysteem\/#breadcrumb"},"inLanguage":"da-DK","potentialAction":[{"@type":"ReadAction","target":["https:\/\/keybox.nl\/digitaal-sleutelbeheersysteem\/"]}]},{"@type":"ImageObject","inLanguage":"da-DK","@id":"https:\/\/keybox.nl\/digitaal-sleutelbeheersysteem\/#primaryimage","url":"http:\/\/keybox.nl\/wp-content\/uploads\/2021\/12\/KSB103-KSB005-4-scaled.jpg","contentUrl":"http:\/\/keybox.nl\/wp-content\/uploads\/2021\/12\/KSB103-KSB005-4-scaled.jpg"},{"@type":"BreadcrumbList","@id":"https:\/\/keybox.nl\/digitaal-sleutelbeheersysteem\/#breadcrumb","itemListElement":[{"@type":"ListItem","position":1,"name":"Home","item":"https:\/\/keybox.nl\/"},{"@type":"ListItem","position":2,"name":"digitaal sleutelbeheersysteem"}]},{"@type":"WebSite","@id":"https:\/\/keybox.nl\/#website","url":"https:\/\/keybox.nl\/","name":"","description":"","potentialAction":[{"@type":"SearchAction","target":{"@type":"EntryPoint","urlTemplate":"https:\/\/keybox.nl\/?s={search_term_string}"},"query-input":{"@type":"PropertyValueSpecification","valueRequired":true,"valueName":"search_term_string"}}],"inLanguage":"da-DK"}]}},"jetpack-related-posts":[{"id":1529,"url":"https:\/\/keybox.nl\/da\/sleutelhaken-kopen\/","url_meta":{"origin":1509,"position":0},"title":"n\u00f8glekroge-k\u00f8b","author":"Keybox@beheermodule","date":"20 juli 2023","format":false,"excerpt":"K\u00f8b sikkert med n\u00f8glekroge til webshoppen! \u2713 Brugervenlig \u2713 Modstandsdygtig og sikker \u2713 Forskellige modeller Er du p\u00e5 udkig efter n\u00f8glekroge af h\u00f8j kvalitet til brug i din virksomhed? S\u00e5 overvej at k\u00f8be et professionelt sikret n\u00f8gleskab. N\u00e5r alt kommer til alt, vil du ikke have, at folk med ondsindede...","rel":"","context":"Similar post","block_context":{"text":"Similar post","link":""},"img":{"alt_text":"","src":"https:\/\/i0.wp.com\/keybox.nl\/wp-content\/uploads\/2021\/12\/KSB_102_1-e1638478691321.jpg?resize=350%2C200&ssl=1","width":350,"height":200,"srcset":"https:\/\/i0.wp.com\/keybox.nl\/wp-content\/uploads\/2021\/12\/KSB_102_1-e1638478691321.jpg?resize=350%2C200&ssl=1 1x, https:\/\/i0.wp.com\/keybox.nl\/wp-content\/uploads\/2021\/12\/KSB_102_1-e1638478691321.jpg?resize=525%2C300&ssl=1 1.5x, https:\/\/i0.wp.com\/keybox.nl\/wp-content\/uploads\/2021\/12\/KSB_102_1-e1638478691321.jpg?resize=700%2C400&ssl=1 2x"},"classes":[]}],"jetpack_sharing_enabled":true,"_links":{"self":[{"href":"https:\/\/keybox.nl\/da\/wp-json\/wp\/v2\/pages\/1509","targetHints":{"allow":["GET"]}}],"collection":[{"href":"https:\/\/keybox.nl\/da\/wp-json\/wp\/v2\/pages"}],"about":[{"href":"https:\/\/keybox.nl\/da\/wp-json\/wp\/v2\/types\/page"}],"author":[{"embeddable":true,"href":"https:\/\/keybox.nl\/da\/wp-json\/wp\/v2\/users\/1"}],"replies":[{"embeddable":true,"href":"https:\/\/keybox.nl\/da\/wp-json\/wp\/v2\/comments?post=1509"}],"version-history":[{"count":9,"href":"https:\/\/keybox.nl\/da\/wp-json\/wp\/v2\/pages\/1509\/revisions"}],"predecessor-version":[{"id":1656,"href":"https:\/\/keybox.nl\/da\/wp-json\/wp\/v2\/pages\/1509\/revisions\/1656"}],"wp:attachment":[{"href":"https:\/\/keybox.nl\/da\/wp-json\/wp\/v2\/media?parent=1509"}],"curies":[{"name":"wp","href":"https:\/\/api.w.org\/{rel}","templated":true}]}}