{"id":1506,"date":"2023-07-20T12:13:17","date_gmt":"2023-07-20T12:13:17","guid":{"rendered":"http:\/\/keybox.nl\/?page_id=1506"},"modified":"2023-07-25T10:25:43","modified_gmt":"2023-07-25T10:25:43","slug":"sleutelkluis-buiten","status":"publish","type":"page","link":"https:\/\/keybox.nl\/da\/sleutelkluis-buiten\/","title":{"rendered":"udvendigt n\u00f8gleskab"},"content":{"rendered":"<div class=\"wp-block-cover alignfull\" style=\"min-height:200px;aspect-ratio:unset;\"><span aria-hidden=\"true\" class=\"wp-block-cover__background has-background-dim-60 has-background-dim\"><\/span><img decoding=\"async\" width=\"1920\" height=\"2560\" class=\"wp-block-cover__image-background wp-image-126\" alt=\"Kluis\" src=\"http:\/\/keybox.nl\/wp-content\/uploads\/2021\/12\/KSB103-KSB005-4-scaled.jpg\" style=\"object-position:50% 50%\" data-object-fit=\"cover\" data-object-position=\"50% 50%\" srcset=\"https:\/\/keybox.nl\/wp-content\/uploads\/2021\/12\/KSB103-KSB005-4-scaled.jpg 1920w, https:\/\/keybox.nl\/wp-content\/uploads\/2021\/12\/KSB103-KSB005-4-416x555.jpg 416w, https:\/\/keybox.nl\/wp-content\/uploads\/2021\/12\/KSB103-KSB005-4-225x300.jpg 225w, https:\/\/keybox.nl\/wp-content\/uploads\/2021\/12\/KSB103-KSB005-4-768x1024.jpg 768w, https:\/\/keybox.nl\/wp-content\/uploads\/2021\/12\/KSB103-KSB005-4-1152x1536.jpg 1152w, https:\/\/keybox.nl\/wp-content\/uploads\/2021\/12\/KSB103-KSB005-4-1536x2048.jpg 1536w, https:\/\/keybox.nl\/wp-content\/uploads\/2021\/12\/KSB103-KSB005-4-1320x1760.jpg 1320w\" sizes=\"(max-width: 1920px) 100vw, 1920px\" \/><div class=\"wp-block-cover__inner-container is-layout-flow wp-block-cover-is-layout-flow\">\n<h1 class=\"wp-block-heading alignwide has-text-align-left has-white-color has-text-color\" style=\"font-size:40px\">Udend\u00f8rs n\u00f8gleskab<\/h1>\n\n\n\n<div class=\"wp-block-columns alignwide is-layout-flex wp-container-core-columns-is-layout-28f84493 wp-block-columns-is-layout-flex\">\n<div class=\"wp-block-column is-layout-flow wp-block-column-is-layout-flow\" style=\"flex-basis:55%\">\n<div class=\"wp-block-buttons is-layout-flex wp-block-buttons-is-layout-flex\">\n<div class=\"wp-block-button cta-knop alignleft\"><a class=\"wp-block-button__link has-black-color has-white-background-color has-text-color has-background wp-element-button\" href=\"http:\/\/keybox.nl\/da\/\">Til webshoppen!<\/a><\/div>\n<\/div>\n<\/div>\n<\/div>\n<\/div><\/div>\n\n\n\n<div style=\"height:50px\" aria-hidden=\"true\" class=\"wp-block-spacer\"><\/div>\n\n\n\n<div class=\"wp-block-group alignfull is-content-justification-center is-layout-flex wp-container-core-group-is-layout-81a7f686 wp-block-group-is-layout-flex\">\n<p class=\"usps has-normal-font-size\">\u2713 Brugervenlig<\/p>\n\n\n\n<p>\u2713 Modstandsdygtig og sikker<\/p>\n\n\n\n<p>\u2713 Forskellige modeller<\/p>\n<\/div>\n\n\n\n<style>\nh1.entry-title {\ndisplay:none;\n}\n.cta-knop {\nmargin-left: 35px !important;\n}\n\n.cta-knop:hover {\nopacity: 0.75;\n}\n\n@media only screen and (max-width: 1064px) {\n.cta-knop {\nmargin-left: 0px !important;\n}\n\n.wp-block-group.alignfull {\n    display: flex;\n    flex-direction: column;\n}\n}\n<\/style>\n\n\n\n<div style=\"height:100px\" aria-hidden=\"true\" class=\"wp-block-spacer\"><\/div>\n\n\n\n<p class=\"has-text-align-left align-left has-black-color has-text-color has-normal-font-size\">Et udend\u00f8rs n\u00f8gleskab er en vigtig del af en effektiv styring af adgangsrettigheder, uanset om du driver en virksomhed, er udlejer eller blot har brug for et sikkert sted til dine ekstran\u00f8gler. Hos Keybox.co.uk forst\u00e5r vi behovet for robuste, vejrbestandige og p\u00e5lidelige l\u00f8sninger til sikker opbevaring af n\u00f8gler. Derfor tilbyder vi et udvalg af n\u00f8gleskabe til udend\u00f8rs montering.<\/p>\n\n\n\n<div style=\"height:100px\" aria-hidden=\"true\" class=\"wp-block-spacer\"><\/div>\n\n\n\n<div class=\"wp-block-group is-content-justification-center is-layout-flex wp-container-core-group-is-layout-81a7f686 wp-block-group-is-layout-flex\">\n<div class=\"wp-block-media-text alignwide is-stacked-on-mobile is-vertically-aligned-center\" style=\"grid-template-columns:40% auto\"><figure class=\"wp-block-media-text__media\"><img decoding=\"async\" width=\"768\" height=\"1024\" src=\"http:\/\/keybox.nl\/wp-content\/uploads\/2022\/02\/KSB007-Peugeot-768x1024.jpg\" alt=\"kluis peugeot\" class=\"wp-image-242 size-full\"\/><\/figure><div class=\"wp-block-media-text__content\">\n<h2 class=\"wp-block-heading\">Fordelene ved et n\u00f8gleskab uden for dit hjem eller din virksomhed<\/h2>\n\n\n\n<p>At k\u00f8be et udend\u00f8rs n\u00f8gleskab giver dig mange fordele. <a href=\"http:\/\/keybox.nl\/da\/\">Vores pengeskabe<\/a> er designet med brugervenlighed i tankerne. Du kan v\u00e6re sikker p\u00e5, at dine n\u00f8gler er sikkert opbevaret, men alligevel let tilg\u00e6ngelige. <a href=\"http:\/\/keybox.nl\/da\/sleutelkastjes-met-code-kopen\/\">efter kode<\/a>. Ikke flere tabte n\u00f8gler og ikke flere ophobede ekstran\u00f8gler i skuffer! Desuden er vores n\u00f8gleskabe designet til at modst\u00e5 elementerne, hvilket g\u00f8r dem til et perfekt valg til udend\u00f8rs installation. Og hvis du er bekymret for installationen, tilbyder vi en <a href=\"http:\/\/keybox.nl\/da\/montage-installatie\/\">Professionel installationsservice<\/a> For at f\u00e5 tankerne v\u00e6k fra bekymringerne. V\u00e6lg sikkerhed, bekvemmelighed og ro i sindet med vores udend\u00f8rs n\u00f8gleskabe.<\/p>\n<\/div><\/div>\n<\/div>\n\n\n\n<div style=\"height:100px\" aria-hidden=\"true\" class=\"wp-block-spacer\"><\/div>\n\n\n\n<h2 class=\"wp-block-heading has-text-align-center\"><strong>Vil du have et udend\u00f8rs n\u00f8gleskab?<\/strong><\/h2>\n\n\n\n<div class=\"wp-block-buttons is-content-justification-center is-layout-flex wp-container-core-buttons-is-layout-a89b3969 wp-block-buttons-is-layout-flex\">\n<div class=\"wp-block-button is-style-outline is-style-outline--1\"><a class=\"wp-block-button__link wp-element-button\" href=\"http:\/\/keybox.nl\/da\/\">Se webshoppen<\/a><\/div>\n<\/div>\n\n\n\n<div style=\"height:100px\" aria-hidden=\"true\" class=\"wp-block-spacer\"><\/div>\n\n\n\n<div class=\"wp-block-group is-content-justification-center is-layout-flex wp-container-core-group-is-layout-81a7f686 wp-block-group-is-layout-flex\">\n<div class=\"wp-block-media-text alignwide has-media-on-the-right is-stacked-on-mobile is-vertically-aligned-center\" style=\"grid-template-columns:auto 40%\"><div class=\"wp-block-media-text__content\">\n<h3 class=\"wp-block-heading has-text-color\" style=\"color:#000000;font-size:32px\"><strong>Bes\u00f8g vores webshop og l\u00e6g din bestilling<\/strong><\/h3>\n\n\n\n<p class=\"has-text-color has-normal-font-size\" style=\"color:#000000\">G\u00f8r noget ved det nu, og forbedr sikkerheden og effektiviteten i din n\u00f8gleh\u00e5ndtering. G\u00e5 p\u00e5 opdagelse i vores webshop, og v\u00e6lg det perfekte udend\u00f8rs n\u00f8gleskab, der passer til dine behov. Hvis du f\u00f8ler behov for at se vores produkter i virkeligheden, <a href=\"http:\/\/keybox.nl\/da\/contact\/\">Lav en aftale<\/a> For at bes\u00f8ge vores showroom i Bussum. Vi tilbyder b\u00e5de <a href=\"http:\/\/keybox.nl\/da\/kluis-kopen-voor-thuis\/\">Pengeskabe til hjemmet<\/a> som hv\u00e6lvinger for virksomheder. Ingen udfordring er for stor for os!<\/p>\n<\/div><figure class=\"wp-block-media-text__media\"><img decoding=\"async\" width=\"768\" height=\"1024\" src=\"http:\/\/keybox.nl\/wp-content\/uploads\/2021\/12\/KSB103-KSB005-2-768x1024.jpg\" alt=\"Banner\" class=\"wp-image-133 size-full\"\/><\/figure><\/div>\n<\/div>\n\n\n\n<div style=\"height:50px\" aria-hidden=\"true\" class=\"wp-block-spacer\"><\/div>\n\n\n\n<h2 class=\"wp-block-heading alignwide has-text-align-left form-titel\"><strong>Har du sp\u00f8rgsm\u00e5l om sikkerhed?<\/strong><\/h2>\n\n\n<div class=\"wp-block-jetpack-contact-form alignwide is-layout-flex wp-container-jetpack-contact-form-is-layout-2b4208ba wp-block-jetpack-contact-form-is-layout-flex\"><a href=\"https:\/\/keybox.nl\/da\/sleutelkluis-buiten\/\" target=\"_blank\" rel=\"noopener noreferrer\">Indsend en formular.<\/a><\/div>\n\n\n<p><\/p>","protected":false},"excerpt":{"rendered":"<p>\u2713 Gebruiksvriendelijk \u2713 Bestendig en veilig \u2713 Diverse modellen Een sleutelkluis buiten is een essentieel onderdeel van een effici\u00ebnt beheer van toegangsrechten, of u nu een bedrijf runt, een verhuurder bent of gewoon een veilige plek nodig heeft voor uw reservesleutels. Bij Keybox.nl begrijpen we de noodzaak van robuuste, weerbestendige en betrouwbare oplossingen voor het [&hellip;]<\/p>\n","protected":false},"author":1,"featured_media":0,"parent":0,"menu_order":0,"comment_status":"closed","ping_status":"closed","template":"template-fullwidth.php","meta":{"footnotes":""},"class_list":["post-1506","page","type-page","status-publish","hentry"],"yoast_head":"<!-- This site is optimized with the Yoast SEO plugin v27.4 - https:\/\/yoast.com\/product\/yoast-seo-wordpress\/ -->\n<title>Een kluis met cijferslot bestellen voor extra veiligheid -<\/title>\n<meta name=\"description\" content=\"Een cijferslot op uw kluis is bijzonder veilig wanneer u een goede kluis wilt bestellen. Bekijk al onze handige kluizen hier en maak uw keuze!\" \/>\n<meta name=\"robots\" content=\"index, follow, max-snippet:-1, max-image-preview:large, max-video-preview:-1\" \/>\n<link rel=\"canonical\" href=\"https:\/\/keybox.nl\/da\/sleutelkluis-buiten\/\" \/>\n<meta property=\"og:locale\" content=\"da_DK\" \/>\n<meta property=\"og:type\" content=\"article\" \/>\n<meta property=\"og:title\" content=\"Een kluis met cijferslot bestellen voor extra veiligheid -\" \/>\n<meta property=\"og:description\" content=\"Een cijferslot op uw kluis is bijzonder veilig wanneer u een goede kluis wilt bestellen. Bekijk al onze handige kluizen hier en maak uw keuze!\" \/>\n<meta property=\"og:url\" content=\"https:\/\/keybox.nl\/da\/sleutelkluis-buiten\/\" \/>\n<meta property=\"article:modified_time\" content=\"2023-07-25T10:25:43+00:00\" \/>\n<meta property=\"og:image\" content=\"http:\/\/keybox.nl\/wp-content\/uploads\/2021\/12\/KSB103-KSB005-4-scaled.jpg\" \/>\n<meta name=\"twitter:card\" content=\"summary_large_image\" \/>\n<meta name=\"twitter:label1\" content=\"Estimeret l\u00e6setid\" \/>\n\t<meta name=\"twitter:data1\" content=\"2 minutter\" \/>\n<script type=\"application\/ld+json\" class=\"yoast-schema-graph\">{\"@context\":\"https:\\\/\\\/schema.org\",\"@graph\":[{\"@type\":\"WebPage\",\"@id\":\"https:\\\/\\\/keybox.nl\\\/sleutelkluis-buiten\\\/\",\"url\":\"https:\\\/\\\/keybox.nl\\\/sleutelkluis-buiten\\\/\",\"name\":\"Een kluis met cijferslot bestellen voor extra veiligheid -\",\"isPartOf\":{\"@id\":\"https:\\\/\\\/keybox.nl\\\/#website\"},\"primaryImageOfPage\":{\"@id\":\"https:\\\/\\\/keybox.nl\\\/sleutelkluis-buiten\\\/#primaryimage\"},\"image\":{\"@id\":\"https:\\\/\\\/keybox.nl\\\/sleutelkluis-buiten\\\/#primaryimage\"},\"thumbnailUrl\":\"http:\\\/\\\/keybox.nl\\\/wp-content\\\/uploads\\\/2021\\\/12\\\/KSB103-KSB005-4-scaled.jpg\",\"datePublished\":\"2023-07-20T12:13:17+00:00\",\"dateModified\":\"2023-07-25T10:25:43+00:00\",\"description\":\"Een cijferslot op uw kluis is bijzonder veilig wanneer u een goede kluis wilt bestellen. Bekijk al onze handige kluizen hier en maak uw keuze!\",\"breadcrumb\":{\"@id\":\"https:\\\/\\\/keybox.nl\\\/sleutelkluis-buiten\\\/#breadcrumb\"},\"inLanguage\":\"da-DK\",\"potentialAction\":[{\"@type\":\"ReadAction\",\"target\":[\"https:\\\/\\\/keybox.nl\\\/sleutelkluis-buiten\\\/\"]}]},{\"@type\":\"ImageObject\",\"inLanguage\":\"da-DK\",\"@id\":\"https:\\\/\\\/keybox.nl\\\/sleutelkluis-buiten\\\/#primaryimage\",\"url\":\"http:\\\/\\\/keybox.nl\\\/wp-content\\\/uploads\\\/2021\\\/12\\\/KSB103-KSB005-4-scaled.jpg\",\"contentUrl\":\"http:\\\/\\\/keybox.nl\\\/wp-content\\\/uploads\\\/2021\\\/12\\\/KSB103-KSB005-4-scaled.jpg\"},{\"@type\":\"BreadcrumbList\",\"@id\":\"https:\\\/\\\/keybox.nl\\\/sleutelkluis-buiten\\\/#breadcrumb\",\"itemListElement\":[{\"@type\":\"ListItem\",\"position\":1,\"name\":\"Home\",\"item\":\"https:\\\/\\\/keybox.nl\\\/\"},{\"@type\":\"ListItem\",\"position\":2,\"name\":\"sleutelkluis buiten\"}]},{\"@type\":\"WebSite\",\"@id\":\"https:\\\/\\\/keybox.nl\\\/#website\",\"url\":\"https:\\\/\\\/keybox.nl\\\/\",\"name\":\"\",\"description\":\"\",\"potentialAction\":[{\"@type\":\"SearchAction\",\"target\":{\"@type\":\"EntryPoint\",\"urlTemplate\":\"https:\\\/\\\/keybox.nl\\\/?s={search_term_string}\"},\"query-input\":{\"@type\":\"PropertyValueSpecification\",\"valueRequired\":true,\"valueName\":\"search_term_string\"}}],\"inLanguage\":\"da-DK\"}]}<\/script>\n<!-- \/ Yoast SEO plugin. -->","yoast_head_json":{"title":"Bestil et pengeskab med kombinationsl\u00e5s for ekstra sikkerhed.","description":"En kombinationsl\u00e5s p\u00e5 dit pengeskab er s\u00e6rlig sikker, n\u00e5r du vil bestille et godt pengeskab. Se alle vores praktiske pengeskabe her, og tr\u00e6f dit valg!","robots":{"index":"index","follow":"follow","max-snippet":"max-snippet:-1","max-image-preview":"max-image-preview:large","max-video-preview":"max-video-preview:-1"},"canonical":"https:\/\/keybox.nl\/da\/sleutelkluis-buiten\/","og_locale":"da_DK","og_type":"article","og_title":"Een kluis met cijferslot bestellen voor extra veiligheid -","og_description":"Een cijferslot op uw kluis is bijzonder veilig wanneer u een goede kluis wilt bestellen. Bekijk al onze handige kluizen hier en maak uw keuze!","og_url":"https:\/\/keybox.nl\/da\/sleutelkluis-buiten\/","article_modified_time":"2023-07-25T10:25:43+00:00","og_image":[{"url":"http:\/\/keybox.nl\/wp-content\/uploads\/2021\/12\/KSB103-KSB005-4-scaled.jpg","type":"","width":"","height":""}],"twitter_card":"summary_large_image","twitter_misc":{"Estimeret l\u00e6setid":"2 minutter"},"schema":{"@context":"https:\/\/schema.org","@graph":[{"@type":"WebPage","@id":"https:\/\/keybox.nl\/sleutelkluis-buiten\/","url":"https:\/\/keybox.nl\/sleutelkluis-buiten\/","name":"Bestil et pengeskab med kombinationsl\u00e5s for ekstra sikkerhed.","isPartOf":{"@id":"https:\/\/keybox.nl\/#website"},"primaryImageOfPage":{"@id":"https:\/\/keybox.nl\/sleutelkluis-buiten\/#primaryimage"},"image":{"@id":"https:\/\/keybox.nl\/sleutelkluis-buiten\/#primaryimage"},"thumbnailUrl":"http:\/\/keybox.nl\/wp-content\/uploads\/2021\/12\/KSB103-KSB005-4-scaled.jpg","datePublished":"2023-07-20T12:13:17+00:00","dateModified":"2023-07-25T10:25:43+00:00","description":"En kombinationsl\u00e5s p\u00e5 dit pengeskab er s\u00e6rlig sikker, n\u00e5r du vil bestille et godt pengeskab. Se alle vores praktiske pengeskabe her, og tr\u00e6f dit valg!","breadcrumb":{"@id":"https:\/\/keybox.nl\/sleutelkluis-buiten\/#breadcrumb"},"inLanguage":"da-DK","potentialAction":[{"@type":"ReadAction","target":["https:\/\/keybox.nl\/sleutelkluis-buiten\/"]}]},{"@type":"ImageObject","inLanguage":"da-DK","@id":"https:\/\/keybox.nl\/sleutelkluis-buiten\/#primaryimage","url":"http:\/\/keybox.nl\/wp-content\/uploads\/2021\/12\/KSB103-KSB005-4-scaled.jpg","contentUrl":"http:\/\/keybox.nl\/wp-content\/uploads\/2021\/12\/KSB103-KSB005-4-scaled.jpg"},{"@type":"BreadcrumbList","@id":"https:\/\/keybox.nl\/sleutelkluis-buiten\/#breadcrumb","itemListElement":[{"@type":"ListItem","position":1,"name":"Home","item":"https:\/\/keybox.nl\/"},{"@type":"ListItem","position":2,"name":"sleutelkluis buiten"}]},{"@type":"WebSite","@id":"https:\/\/keybox.nl\/#website","url":"https:\/\/keybox.nl\/","name":"","description":"","potentialAction":[{"@type":"SearchAction","target":{"@type":"EntryPoint","urlTemplate":"https:\/\/keybox.nl\/?s={search_term_string}"},"query-input":{"@type":"PropertyValueSpecification","valueRequired":true,"valueName":"search_term_string"}}],"inLanguage":"da-DK"}]}},"jetpack-related-posts":[{"id":1507,"url":"https:\/\/keybox.nl\/da\/sleutelkluis-bevestigen\/","url_meta":{"origin":1506,"position":0},"title":"Fix n\u00f8gleskab","author":"Keybox@beheermodule","date":"20 juli 2023","format":false,"excerpt":"Fastg\u00f8relse af n\u00f8gleskab Til webshoppen! \u2713 Brugervenlig \u2713 Modstandsdygtig og sikker \u2713 Forskellige modeller Det er ikke let at montere et n\u00f8gleskab sikkert. Men det er vigtigt at g\u00f8re det korrekt, s\u00e5 pengeskabet sidder godt fast p\u00e5 v\u00e6ggen. Keybox.co.uk fort\u00e6ller dig gerne mere om...","rel":"","context":"Similar post","block_context":{"text":"Similar post","link":""},"img":{"alt_text":"Keysafe Big Pro","src":"https:\/\/i0.wp.com\/keybox.nl\/wp-content\/uploads\/2023\/02\/S7-Pro-Big-Box-Key-Safe.jpg?resize=350%2C200&ssl=1","width":350,"height":200,"srcset":"https:\/\/i0.wp.com\/keybox.nl\/wp-content\/uploads\/2023\/02\/S7-Pro-Big-Box-Key-Safe.jpg?resize=350%2C200&ssl=1 1x, https:\/\/i0.wp.com\/keybox.nl\/wp-content\/uploads\/2023\/02\/S7-Pro-Big-Box-Key-Safe.jpg?resize=525%2C300&ssl=1 1.5x, https:\/\/i0.wp.com\/keybox.nl\/wp-content\/uploads\/2023\/02\/S7-Pro-Big-Box-Key-Safe.jpg?resize=700%2C400&ssl=1 2x"},"classes":[]},{"id":1527,"url":"https:\/\/keybox.nl\/da\/advies-sleutelkluis-opvragen\/","url_meta":{"origin":1506,"position":1},"title":"r\u00e5d-n\u00f8gle sikker-anmodning","author":"Keybox@beheermodule","date":"20 juli 2023","format":false,"excerpt":"Anmod om r\u00e5dgivning om et n\u00f8gleskab Til webshoppen! \u2713 Brugervenlig \u2713 Modstandsdygtig og sikker \u2713 Forskellige modeller At bede om r\u00e5dgivning om et n\u00f8gleskab er det f\u00f8rste skridt mod et mere sikkert forretningsmilj\u00f8. At v\u00e6lge det rigtige n\u00f8gleskab kan v\u00e6re en kompleks opgave i betragtning af mangfoldigheden og de teknologiske innovationer. Hos Keybox.co.uk forst\u00e5r vi...","rel":"","context":"Similar post","block_context":{"text":"Similar post","link":""},"img":{"alt_text":"","src":"https:\/\/i0.wp.com\/keybox.nl\/wp-content\/uploads\/2023\/02\/Keysafe-Big-Pro-sleutelkastje_keybox.jpeg?resize=350%2C200&ssl=1","width":350,"height":200,"srcset":"https:\/\/i0.wp.com\/keybox.nl\/wp-content\/uploads\/2023\/02\/Keysafe-Big-Pro-sleutelkastje_keybox.jpeg?resize=350%2C200&ssl=1 1x, https:\/\/i0.wp.com\/keybox.nl\/wp-content\/uploads\/2023\/02\/Keysafe-Big-Pro-sleutelkastje_keybox.jpeg?resize=525%2C300&ssl=1 1.5x, https:\/\/i0.wp.com\/keybox.nl\/wp-content\/uploads\/2023\/02\/Keysafe-Big-Pro-sleutelkastje_keybox.jpeg?resize=700%2C400&ssl=1 2x"},"classes":[]},{"id":1528,"url":"https:\/\/keybox.nl\/da\/elektronische-sleutelkluis-kopen\/","url_meta":{"origin":1506,"position":2},"title":"elektronisk-n\u00f8gle sikker-k\u00f8b","author":"Keybox@beheermodule","date":"20 juli 2023","format":false,"excerpt":"K\u00f8b elektronisk n\u00f8gleskab i webshoppen! \u2713 Brugervenlig \u2713 Modstandsdygtig og sikker \u2713 Forskellige modeller At k\u00f8be et elektronisk n\u00f8gleskab er det f\u00f8rste skridt, n\u00e5r det g\u00e6lder om at sikre din virksomhed eller dit hjem. Keybox.co.uk tilbyder dig den l\u00f8sning, der passer perfekt til dine behov. Disse pengeskabe...","rel":"","context":"Similar post","block_context":{"text":"Similar post","link":""},"img":{"alt_text":"","src":"https:\/\/i0.wp.com\/keybox.nl\/wp-content\/uploads\/2023\/02\/Keysafe-Big-Pro-sleutelkastje_keybox.jpeg?resize=350%2C200&ssl=1","width":350,"height":200,"srcset":"https:\/\/i0.wp.com\/keybox.nl\/wp-content\/uploads\/2023\/02\/Keysafe-Big-Pro-sleutelkastje_keybox.jpeg?resize=350%2C200&ssl=1 1x, https:\/\/i0.wp.com\/keybox.nl\/wp-content\/uploads\/2023\/02\/Keysafe-Big-Pro-sleutelkastje_keybox.jpeg?resize=525%2C300&ssl=1 1.5x, https:\/\/i0.wp.com\/keybox.nl\/wp-content\/uploads\/2023\/02\/Keysafe-Big-Pro-sleutelkastje_keybox.jpeg?resize=700%2C400&ssl=1 2x"},"classes":[]},{"id":546,"url":"https:\/\/keybox.nl\/da\/inbouwkluisjes-kopen\/","url_meta":{"origin":1506,"position":3},"title":"K\u00f8b indbyggede pengeskabe","author":"Keybox@beheermodule","date":"11 marts 2022","format":false,"excerpt":"K\u00f8b robuste indbyggede pengeskabe til webshoppen! \u2713 Brugervenlig \u2713 Robust og sikker \u2713 Forskellige modeller Vil du k\u00f8be indbyggede pengeskabe til din virksomhed? Vores webshop tilbyder forskellige modeller af pengeskabe, som du installerer i v\u00e6ggen. Fordi systemet er i v\u00e6ggen, kan det ikke tages v\u00e6k og er...","rel":"","context":"Similar post","block_context":{"text":"Similar post","link":""},"img":{"alt_text":"","src":"https:\/\/i0.wp.com\/keybox.nl\/wp-content\/uploads\/2021\/12\/KSB_102_1-e1638478691321.jpg?resize=350%2C200&ssl=1","width":350,"height":200,"srcset":"https:\/\/i0.wp.com\/keybox.nl\/wp-content\/uploads\/2021\/12\/KSB_102_1-e1638478691321.jpg?resize=350%2C200&ssl=1 1x, https:\/\/i0.wp.com\/keybox.nl\/wp-content\/uploads\/2021\/12\/KSB_102_1-e1638478691321.jpg?resize=525%2C300&ssl=1 1.5x, https:\/\/i0.wp.com\/keybox.nl\/wp-content\/uploads\/2021\/12\/KSB_102_1-e1638478691321.jpg?resize=700%2C400&ssl=1 2x"},"classes":[]},{"id":1529,"url":"https:\/\/keybox.nl\/da\/sleutelhaken-kopen\/","url_meta":{"origin":1506,"position":4},"title":"n\u00f8glekroge-k\u00f8b","author":"Keybox@beheermodule","date":"20 juli 2023","format":false,"excerpt":"K\u00f8b sikkert med n\u00f8glekroge til webshoppen! \u2713 Brugervenlig \u2713 Modstandsdygtig og sikker \u2713 Forskellige modeller Er du p\u00e5 udkig efter n\u00f8glekroge af h\u00f8j kvalitet til brug i din virksomhed? S\u00e5 overvej at k\u00f8be et professionelt sikret n\u00f8gleskab. N\u00e5r alt kommer til alt, vil du ikke have, at folk med ondsindede...","rel":"","context":"Similar post","block_context":{"text":"Similar post","link":""},"img":{"alt_text":"","src":"https:\/\/i0.wp.com\/keybox.nl\/wp-content\/uploads\/2021\/12\/KSB_102_1-e1638478691321.jpg?resize=350%2C200&ssl=1","width":350,"height":200,"srcset":"https:\/\/i0.wp.com\/keybox.nl\/wp-content\/uploads\/2021\/12\/KSB_102_1-e1638478691321.jpg?resize=350%2C200&ssl=1 1x, https:\/\/i0.wp.com\/keybox.nl\/wp-content\/uploads\/2021\/12\/KSB_102_1-e1638478691321.jpg?resize=525%2C300&ssl=1 1.5x, https:\/\/i0.wp.com\/keybox.nl\/wp-content\/uploads\/2021\/12\/KSB_102_1-e1638478691321.jpg?resize=700%2C400&ssl=1 2x"},"classes":[]},{"id":1509,"url":"https:\/\/keybox.nl\/da\/digitaal-sleutelbeheersysteem\/","url_meta":{"origin":1506,"position":5},"title":"digitalt n\u00f8gleh\u00e5ndteringssystem","author":"Keybox@beheermodule","date":"20 juli 2023","format":false,"excerpt":"Digitalt n\u00f8gleh\u00e5ndteringssystem Til webshoppen! \u2713 Brugervenlig \u2713 Modstandsdygtig og sikker \u2713 Forskellige modeller Er du interesseret i et digitalt n\u00f8gleh\u00e5ndteringssystem? S\u00e5 er vores Digibox med syv n\u00f8glekroge pr\u00e6cis det, du leder efter. Takket v\u00e6re dette opfindsomme system kan du administrere n\u00f8glerne i din virksomhed sikkert og pr\u00e6cist....","rel":"","context":"Similar post","block_context":{"text":"Similar post","link":""},"img":{"alt_text":"Digibox Ral 5010 Keybox","src":"https:\/\/i0.wp.com\/keybox.nl\/wp-content\/uploads\/2022\/02\/digibox-keybox-RAL-5010.jpg?resize=350%2C200&ssl=1","width":350,"height":200,"srcset":"https:\/\/i0.wp.com\/keybox.nl\/wp-content\/uploads\/2022\/02\/digibox-keybox-RAL-5010.jpg?resize=350%2C200&ssl=1 1x, https:\/\/i0.wp.com\/keybox.nl\/wp-content\/uploads\/2022\/02\/digibox-keybox-RAL-5010.jpg?resize=525%2C300&ssl=1 1.5x, https:\/\/i0.wp.com\/keybox.nl\/wp-content\/uploads\/2022\/02\/digibox-keybox-RAL-5010.jpg?resize=700%2C400&ssl=1 2x, https:\/\/i0.wp.com\/keybox.nl\/wp-content\/uploads\/2022\/02\/digibox-keybox-RAL-5010.jpg?resize=1050%2C600&ssl=1 3x, https:\/\/i0.wp.com\/keybox.nl\/wp-content\/uploads\/2022\/02\/digibox-keybox-RAL-5010.jpg?resize=1400%2C800&ssl=1 4x"},"classes":[]}],"jetpack_sharing_enabled":true,"_links":{"self":[{"href":"https:\/\/keybox.nl\/da\/wp-json\/wp\/v2\/pages\/1506","targetHints":{"allow":["GET"]}}],"collection":[{"href":"https:\/\/keybox.nl\/da\/wp-json\/wp\/v2\/pages"}],"about":[{"href":"https:\/\/keybox.nl\/da\/wp-json\/wp\/v2\/types\/page"}],"author":[{"embeddable":true,"href":"https:\/\/keybox.nl\/da\/wp-json\/wp\/v2\/users\/1"}],"replies":[{"embeddable":true,"href":"https:\/\/keybox.nl\/da\/wp-json\/wp\/v2\/comments?post=1506"}],"version-history":[{"count":7,"href":"https:\/\/keybox.nl\/da\/wp-json\/wp\/v2\/pages\/1506\/revisions"}],"predecessor-version":[{"id":1669,"href":"https:\/\/keybox.nl\/da\/wp-json\/wp\/v2\/pages\/1506\/revisions\/1669"}],"wp:attachment":[{"href":"https:\/\/keybox.nl\/da\/wp-json\/wp\/v2\/media?parent=1506"}],"curies":[{"name":"wp","href":"https:\/\/api.w.org\/{rel}","templated":true}]}}