{"id":1400,"date":"2023-02-16T10:58:47","date_gmt":"2023-02-16T10:58:47","guid":{"rendered":"http:\/\/keybox.nl\/?page_id=1400"},"modified":"2026-02-11T09:11:55","modified_gmt":"2026-02-11T09:11:55","slug":"montage-installatie","status":"publish","type":"page","link":"https:\/\/keybox.nl\/da\/montage-installatie\/","title":{"rendered":"Montering og installation af dit pengeskab"},"content":{"rendered":"<p>Vil du k\u00f8be et pengeskab og f\u00e5 det professionelt installeret? V\u00e6lg Keybox.co.uk<\/p>\n\n\n\n<p>P\u00e5&nbsp;<strong>Keybox.co.uk<\/strong>&nbsp;kan du ikke kun k\u00f8be et pengeskab, men ogs\u00e5 en&nbsp;<strong>Ekspertmontering og installation af dit pengeskab<\/strong>. Vi tilbyder en komplet service: fra personlig r\u00e5dgivning til professionel installation p\u00e5 stedet. Det giver maksimal sikkerhed og bekvemmelighed.<\/p>\n\n\n\n<h3 class=\"wp-block-heading\">Erfarent installationsteam til montering af hv\u00e6lvinger<\/h3>\n\n\n\n<p>Vores interne, erfarne installationsteam har allerede&nbsp;<strong>utallige pengeskabe samlet og forankret<\/strong>&nbsp;hos b\u00e5de enkeltpersoner og virksomheder. Uanset om det er en&nbsp;<strong>Indbrudssikkert pengeskab, brandsikkert pengeskab, gulvpengeskab eller v\u00e5benskab<\/strong>, Vi s\u00f8rger for sikker og korrekt installation i henhold til de g\u00e6ldende standarder.<\/p>\n\n\n\n<p>At installere et pengeskab korrekt er afg\u00f8rende for sikkerheden og for gyldigheden af eventuelle forsikringskrav. Derfor r\u00e5dgiver vi dig gerne om:<\/p>\n\n\n\n<ul class=\"wp-block-list\">\n<li>Korrekt placering af dit pengeskab<\/li>\n\n\n\n<li>Professionel forankring i gulv eller v\u00e6g<\/li>\n\n\n\n<li>Installation i henhold til forsikringsretningslinjer<\/li>\n\n\n\n<li>Den bedste l\u00f8sning til din situation<\/li>\n<\/ul>\n\n\n\n<h3 class=\"wp-block-heading\">Installation i henhold til forsikringskrav (f.eks. Bovemij)<\/h3>\n\n\n\n<p>I samarbejde med blandt andre\u00a0<strong>forsikringsselskab Bovemij<\/strong>\u00a0Vi udf\u00f8rer installationer i henhold til deres specifikke krav. Det betyder, at eventuelle skader er fuldt d\u00e6kket, og at du\u00a0<strong>intet overskud<\/strong>\u00a0har i tilf\u00e6lde af skade.<\/p>\n\n\n\n<h3 class=\"wp-block-heading\">Samlet tilbud p\u00e5 levering og installation<\/h3>\n\n\n\n<p>Vi er glade for at lave en&nbsp;<strong>samlet tilbud p\u00e5 levering og installation af dit pengeskab<\/strong>. S\u00e5 du ved pr\u00e6cis, hvor du st\u00e5r p\u00e5 forh\u00e5nd, og f\u00e5r \u00e9n kontaktperson gennem hele processen.<\/p>\n\n\n\n<p>Vil du k\u00f8be et pengeskab inklusive professionel installation?<br>Kontakt derefter&nbsp;<strong>Keybox.co.uk<\/strong>&nbsp;F\u00e5 ekspertr\u00e5dgivning og et uforpligtende tilbud.luis.<\/p>\n\n\n\n<h2 class=\"wp-block-heading has-text-align-center\"><strong>Er du interesseret i at bestille et pengeskab hos os?<\/strong><\/h2>\n\n\n\n<div class=\"wp-block-buttons is-content-justification-center is-layout-flex wp-container-core-buttons-is-layout-a89b3969 wp-block-buttons-is-layout-flex\">\n<div class=\"wp-block-button is-style-outline is-style-outline--1\"><a class=\"wp-block-button__link wp-element-button\">Se webshoppen<\/a><\/div>\n<\/div>\n\n\n\n<h3 class=\"wp-block-heading\">Anmod om et uforpligtende tilbud<\/h3>\n\n\n\n<p>Er du interesseret i nogen af vores <a href=\"http:\/\/keybox.nl\/da\/inbraakwerende-kluis-kopen\/\">Indbrudssikre pengeskabe<\/a> og vil overlade monteringen af dit pengeskab til vores eksperter? S\u00e5 bed om et uforpligtende tilbud, eller lav en aftale med os i Bussum for at <a href=\"http:\/\/keybox.nl\/da\/advies-sleutelkluis-opvragen\/\">F\u00e5 gode r\u00e5d til dit n\u00f8gleskab<\/a>. Du kan n\u00e5 os via <a href=\"http:\/\/keybox.nl\/da\/contact\/\">kontaktformular<\/a> eller ved at ringe til <a href=\"tel:0031355330658\">+31 355330658<\/a>.<\/p>\n\n\n<div class=\"wp-block-image\">\n<figure class=\"alignleft size-full is-resized\"><img decoding=\"async\" width=\"900\" height=\"364\" src=\"http:\/\/keybox.nl\/wp-content\/uploads\/2023\/02\/Bestelbus-keybox.jpg\" alt=\"Servicewage Keysecuritybox\" class=\"wp-image-1407\" style=\"width:554px;height:223px\" srcset=\"https:\/\/keybox.nl\/wp-content\/uploads\/2023\/02\/Bestelbus-keybox.jpg 900w, https:\/\/keybox.nl\/wp-content\/uploads\/2023\/02\/Bestelbus-keybox-416x168.jpg 416w, https:\/\/keybox.nl\/wp-content\/uploads\/2023\/02\/Bestelbus-keybox-300x121.jpg 300w, https:\/\/keybox.nl\/wp-content\/uploads\/2023\/02\/Bestelbus-keybox-768x311.jpg 768w\" sizes=\"(max-width: 900px) 100vw, 900px\" \/><\/figure>\n<\/div>","protected":false},"excerpt":{"rendered":"<p>Kluis kopen \u00e9n professioneel laten installeren? Kies voor Keybox.nl Bij&nbsp;Keybox.nl&nbsp;kunt u niet alleen terecht voor het kopen van een kluis, maar ook voor de&nbsp;vakkundige montage en installatie van uw kluis. Wij bieden een complete service: van persoonlijk advies tot professionele plaatsing op locatie. Zo bent u verzekerd van maximale veiligheid \u00e9n gebruiksgemak. Ervaren installatieteam voor [&hellip;]<\/p>\n","protected":false},"author":1,"featured_media":0,"parent":0,"menu_order":0,"comment_status":"closed","ping_status":"closed","template":"","meta":{"footnotes":""},"class_list":["post-1400","page","type-page","status-publish","hentry"],"yoast_head":"<!-- This site is optimized with the Yoast SEO plugin v27.4 - https:\/\/yoast.com\/product\/yoast-seo-wordpress\/ -->\n<title>Montage van uw nieuwe kluis -<\/title>\n<meta name=\"description\" content=\"Wanneer u bij ons een kluis aankoopt, verzorgen wij ook de montage. Schakel ons ervaren installatieteam in voor de installatie en loop geen enkel risico.\" \/>\n<meta name=\"robots\" content=\"index, follow, max-snippet:-1, max-image-preview:large, max-video-preview:-1\" \/>\n<link rel=\"canonical\" href=\"https:\/\/keybox.nl\/da\/montage-installatie\/\" \/>\n<meta property=\"og:locale\" content=\"da_DK\" \/>\n<meta property=\"og:type\" content=\"article\" \/>\n<meta property=\"og:title\" content=\"Montage van uw nieuwe kluis -\" \/>\n<meta property=\"og:description\" content=\"Wanneer u bij ons een kluis aankoopt, verzorgen wij ook de montage. Schakel ons ervaren installatieteam in voor de installatie en loop geen enkel risico.\" \/>\n<meta property=\"og:url\" content=\"https:\/\/keybox.nl\/da\/montage-installatie\/\" \/>\n<meta property=\"article:modified_time\" content=\"2026-02-11T09:11:55+00:00\" \/>\n<meta property=\"og:image\" content=\"https:\/\/keybox.nl\/wp-content\/uploads\/2023\/02\/Bestelbus-keybox.jpg\" \/>\n\t<meta property=\"og:image:width\" content=\"900\" \/>\n\t<meta property=\"og:image:height\" content=\"364\" \/>\n\t<meta property=\"og:image:type\" content=\"image\/jpeg\" \/>\n<meta name=\"twitter:card\" content=\"summary_large_image\" \/>\n<meta name=\"twitter:label1\" content=\"Estimeret l\u00e6setid\" \/>\n\t<meta name=\"twitter:data1\" content=\"2 minutter\" \/>\n<script type=\"application\/ld+json\" class=\"yoast-schema-graph\">{\"@context\":\"https:\\\/\\\/schema.org\",\"@graph\":[{\"@type\":\"WebPage\",\"@id\":\"https:\\\/\\\/keybox.nl\\\/montage-installatie\\\/\",\"url\":\"https:\\\/\\\/keybox.nl\\\/montage-installatie\\\/\",\"name\":\"Montage van uw nieuwe kluis -\",\"isPartOf\":{\"@id\":\"https:\\\/\\\/keybox.nl\\\/#website\"},\"primaryImageOfPage\":{\"@id\":\"https:\\\/\\\/keybox.nl\\\/montage-installatie\\\/#primaryimage\"},\"image\":{\"@id\":\"https:\\\/\\\/keybox.nl\\\/montage-installatie\\\/#primaryimage\"},\"thumbnailUrl\":\"http:\\\/\\\/keybox.nl\\\/wp-content\\\/uploads\\\/2023\\\/02\\\/Bestelbus-keybox.jpg\",\"datePublished\":\"2023-02-16T10:58:47+00:00\",\"dateModified\":\"2026-02-11T09:11:55+00:00\",\"description\":\"Wanneer u bij ons een kluis aankoopt, verzorgen wij ook de montage. Schakel ons ervaren installatieteam in voor de installatie en loop geen enkel risico.\",\"breadcrumb\":{\"@id\":\"https:\\\/\\\/keybox.nl\\\/montage-installatie\\\/#breadcrumb\"},\"inLanguage\":\"da-DK\",\"potentialAction\":[{\"@type\":\"ReadAction\",\"target\":[\"https:\\\/\\\/keybox.nl\\\/montage-installatie\\\/\"]}]},{\"@type\":\"ImageObject\",\"inLanguage\":\"da-DK\",\"@id\":\"https:\\\/\\\/keybox.nl\\\/montage-installatie\\\/#primaryimage\",\"url\":\"http:\\\/\\\/keybox.nl\\\/wp-content\\\/uploads\\\/2023\\\/02\\\/Bestelbus-keybox.jpg\",\"contentUrl\":\"http:\\\/\\\/keybox.nl\\\/wp-content\\\/uploads\\\/2023\\\/02\\\/Bestelbus-keybox.jpg\"},{\"@type\":\"BreadcrumbList\",\"@id\":\"https:\\\/\\\/keybox.nl\\\/montage-installatie\\\/#breadcrumb\",\"itemListElement\":[{\"@type\":\"ListItem\",\"position\":1,\"name\":\"Home\",\"item\":\"https:\\\/\\\/keybox.nl\\\/\"},{\"@type\":\"ListItem\",\"position\":2,\"name\":\"Montage en installatie van uw kluis\"}]},{\"@type\":\"WebSite\",\"@id\":\"https:\\\/\\\/keybox.nl\\\/#website\",\"url\":\"https:\\\/\\\/keybox.nl\\\/\",\"name\":\"\",\"description\":\"\",\"potentialAction\":[{\"@type\":\"SearchAction\",\"target\":{\"@type\":\"EntryPoint\",\"urlTemplate\":\"https:\\\/\\\/keybox.nl\\\/?s={search_term_string}\"},\"query-input\":{\"@type\":\"PropertyValueSpecification\",\"valueRequired\":true,\"valueName\":\"search_term_string\"}}],\"inLanguage\":\"da-DK\"}]}<\/script>\n<!-- \/ Yoast SEO plugin. -->","yoast_head_json":{"title":"Montering af dit nye pengeskab","description":"N\u00e5r du k\u00f8ber et pengeskab hos os, tager vi os ogs\u00e5 af installationen. F\u00e5 vores erfarne installationsteam til at st\u00e5 for installationen, og l\u00f8b ingen risiko.","robots":{"index":"index","follow":"follow","max-snippet":"max-snippet:-1","max-image-preview":"max-image-preview:large","max-video-preview":"max-video-preview:-1"},"canonical":"https:\/\/keybox.nl\/da\/montage-installatie\/","og_locale":"da_DK","og_type":"article","og_title":"Montage van uw nieuwe kluis -","og_description":"Wanneer u bij ons een kluis aankoopt, verzorgen wij ook de montage. Schakel ons ervaren installatieteam in voor de installatie en loop geen enkel risico.","og_url":"https:\/\/keybox.nl\/da\/montage-installatie\/","article_modified_time":"2026-02-11T09:11:55+00:00","og_image":[{"width":900,"height":364,"url":"https:\/\/keybox.nl\/wp-content\/uploads\/2023\/02\/Bestelbus-keybox.jpg","type":"image\/jpeg"}],"twitter_card":"summary_large_image","twitter_misc":{"Estimeret l\u00e6setid":"2 minutter"},"schema":{"@context":"https:\/\/schema.org","@graph":[{"@type":"WebPage","@id":"https:\/\/keybox.nl\/montage-installatie\/","url":"https:\/\/keybox.nl\/montage-installatie\/","name":"Montering af dit nye pengeskab","isPartOf":{"@id":"https:\/\/keybox.nl\/#website"},"primaryImageOfPage":{"@id":"https:\/\/keybox.nl\/montage-installatie\/#primaryimage"},"image":{"@id":"https:\/\/keybox.nl\/montage-installatie\/#primaryimage"},"thumbnailUrl":"http:\/\/keybox.nl\/wp-content\/uploads\/2023\/02\/Bestelbus-keybox.jpg","datePublished":"2023-02-16T10:58:47+00:00","dateModified":"2026-02-11T09:11:55+00:00","description":"N\u00e5r du k\u00f8ber et pengeskab hos os, tager vi os ogs\u00e5 af installationen. F\u00e5 vores erfarne installationsteam til at st\u00e5 for installationen, og l\u00f8b ingen risiko.","breadcrumb":{"@id":"https:\/\/keybox.nl\/montage-installatie\/#breadcrumb"},"inLanguage":"da-DK","potentialAction":[{"@type":"ReadAction","target":["https:\/\/keybox.nl\/montage-installatie\/"]}]},{"@type":"ImageObject","inLanguage":"da-DK","@id":"https:\/\/keybox.nl\/montage-installatie\/#primaryimage","url":"http:\/\/keybox.nl\/wp-content\/uploads\/2023\/02\/Bestelbus-keybox.jpg","contentUrl":"http:\/\/keybox.nl\/wp-content\/uploads\/2023\/02\/Bestelbus-keybox.jpg"},{"@type":"BreadcrumbList","@id":"https:\/\/keybox.nl\/montage-installatie\/#breadcrumb","itemListElement":[{"@type":"ListItem","position":1,"name":"Home","item":"https:\/\/keybox.nl\/"},{"@type":"ListItem","position":2,"name":"Montage en installatie van uw kluis"}]},{"@type":"WebSite","@id":"https:\/\/keybox.nl\/#website","url":"https:\/\/keybox.nl\/","name":"","description":"","potentialAction":[{"@type":"SearchAction","target":{"@type":"EntryPoint","urlTemplate":"https:\/\/keybox.nl\/?s={search_term_string}"},"query-input":{"@type":"PropertyValueSpecification","valueRequired":true,"valueName":"search_term_string"}}],"inLanguage":"da-DK"}]}},"jetpack-related-posts":[{"id":552,"url":"https:\/\/keybox.nl\/da\/kluis-waardeberging-kopen\/","url_meta":{"origin":1400,"position":0},"title":"K\u00f8b en bankboks","author":"Keybox@beheermodule","date":"11 marts 2022","format":false,"excerpt":"K\u00f8b et pengeskab med h\u00f8j sikkerhed Til webshoppen! \u2713 Brugervenligt \u2713 Modstandsdygtigt og sikkert \u2713 Forskellige modeller Til meget v\u00e6rdifulde ejendele b\u00f8r du k\u00f8be et pengeskab med en h\u00f8j opbevaringskapacitet. Den maksimale v\u00e6rdi af et pengeskab angiver, op til hvilket bel\u00f8b indholdet af dit pengeskab er forsikret....","rel":"","context":"Similar post","block_context":{"text":"Similar post","link":""},"img":{"alt_text":"","src":"https:\/\/i0.wp.com\/keybox.nl\/wp-content\/uploads\/2021\/12\/KSB_102_1-e1638478691321.jpg?resize=350%2C200&ssl=1","width":350,"height":200,"srcset":"https:\/\/i0.wp.com\/keybox.nl\/wp-content\/uploads\/2021\/12\/KSB_102_1-e1638478691321.jpg?resize=350%2C200&ssl=1 1x, https:\/\/i0.wp.com\/keybox.nl\/wp-content\/uploads\/2021\/12\/KSB_102_1-e1638478691321.jpg?resize=525%2C300&ssl=1 1.5x, https:\/\/i0.wp.com\/keybox.nl\/wp-content\/uploads\/2021\/12\/KSB_102_1-e1638478691321.jpg?resize=700%2C400&ssl=1 2x"},"classes":[]},{"id":538,"url":"https:\/\/keybox.nl\/da\/kluis-kopen-voor-thuis\/","url_meta":{"origin":1400,"position":1},"title":"K\u00f8b pengeskab til hjemmet","author":"Keybox@beheermodule","date":"11 marts 2022","format":false,"excerpt":"K\u00f8b et modstandsdygtigt pengeskab til dit hjem Til webshoppen! \u2713 Brugervenlig \u2713 Modstandsdygtig og sikker \u2713 Forskellige modeller Vil du gerne k\u00f8be et praktisk pengeskab til dit hjem? S\u00e5 har Keybox.co.uk det, du leder efter. Pengeskabe til hjemmet er noget mindre og kr\u00e6ver ikke omfattende installation, hvilket g\u00f8r dem ideelle til...","rel":"","context":"Similar post","block_context":{"text":"Similar post","link":""},"img":{"alt_text":"","src":"https:\/\/i0.wp.com\/keybox.nl\/wp-content\/uploads\/2022\/01\/KSB007-inner-safe-2-e1643896091542.jpg?resize=350%2C200&ssl=1","width":350,"height":200,"srcset":"https:\/\/i0.wp.com\/keybox.nl\/wp-content\/uploads\/2022\/01\/KSB007-inner-safe-2-e1643896091542.jpg?resize=350%2C200&ssl=1 1x, https:\/\/i0.wp.com\/keybox.nl\/wp-content\/uploads\/2022\/01\/KSB007-inner-safe-2-e1643896091542.jpg?resize=525%2C300&ssl=1 1.5x, https:\/\/i0.wp.com\/keybox.nl\/wp-content\/uploads\/2022\/01\/KSB007-inner-safe-2-e1643896091542.jpg?resize=700%2C400&ssl=1 2x"},"classes":[]},{"id":326,"url":"https:\/\/keybox.nl\/da\/goedkope-kluis-kopen\/","url_meta":{"origin":1400,"position":2},"title":"K\u00f8b billige pengeskabe","author":"Keybox@beheermodule","date":"3 marts 2022","format":false,"excerpt":"K\u00f8b et billigt pengeskab af h\u00f8j kvalitet I webshoppen! \u2713 Brugervenlig \u2713 Modstandsdygtig og sikker \u2713 Forskellige modeller Hos Keybox.co.uk kan du k\u00f8be et billigt, modstandsdygtigt pengeskab til din virksomhed. Takket v\u00e6re vores pengeskabe kan du altid opbevare n\u00f8gleudstedelsen sikkert. Desuden beh\u00f8ver ingen at v\u00e6re til stede for at...","rel":"","context":"Similar post","block_context":{"text":"Similar post","link":""},"img":{"alt_text":"","src":"https:\/\/i0.wp.com\/keybox.nl\/wp-content\/uploads\/2021\/12\/KSB_102_1-e1638478691321.jpg?resize=350%2C200&ssl=1","width":350,"height":200,"srcset":"https:\/\/i0.wp.com\/keybox.nl\/wp-content\/uploads\/2021\/12\/KSB_102_1-e1638478691321.jpg?resize=350%2C200&ssl=1 1x, https:\/\/i0.wp.com\/keybox.nl\/wp-content\/uploads\/2021\/12\/KSB_102_1-e1638478691321.jpg?resize=525%2C300&ssl=1 1.5x, https:\/\/i0.wp.com\/keybox.nl\/wp-content\/uploads\/2021\/12\/KSB_102_1-e1638478691321.jpg?resize=700%2C400&ssl=1 2x"},"classes":[]},{"id":30,"url":"https:\/\/keybox.nl\/da\/","url_meta":{"origin":1400,"position":3},"title":"K\u00f8b sikre n\u00f8gleskabe","author":"Keybox@beheermodule","date":"30 november 2021","format":false,"excerpt":"Hos Keybox.co.uk kan du blandt andet k\u00f8be et solidt pengeskab eller sikre n\u00f8gleskabe. Vi tilbyder forskellige typer pengeskabe; fra diskrete n\u00f8gleskabe til v\u00e6gskabe med indskudshjul. Hos os kan du bestille et pengeskab til din virksomhed, men ogs\u00e5 til dit hjem. Takket v\u00e6re vores brede udvalg af n\u00f8gleskabe...","rel":"","context":"With 1 comment","block_context":{"text":"With 1 comment","link":"https:\/\/keybox.nl\/da\/#comments"},"img":{"alt_text":"","src":"","width":0,"height":0},"classes":[]},{"id":1526,"url":"https:\/\/keybox.nl\/da\/safe-kluis-kopen\/","url_meta":{"origin":1400,"position":4},"title":"K\u00f8b sikkert pengeskab","author":"Keybox@beheermodule","date":"20 juli 2023","format":false,"excerpt":"K\u00f8b pengeskab eller hv\u00e6lving G\u00e5 til webshoppen! \u2713 Brugervenligt \u2713 Modstandsdygtigt og sikkert \u2713 Forskellige modeller Hvis du s\u00e6tter pris p\u00e5 sikkerhed og p\u00e5lidelighed, er det f\u00f8rste skridt at k\u00f8be et pengeskab eller en boks. Selvom disse udtryk ofte bruges i fl\u00e6ng, er der subtile forskelle. A...","rel":"","context":"Similar post","block_context":{"text":"Similar post","link":""},"img":{"alt_text":"Regenkap Keysecuritybox","src":"https:\/\/i0.wp.com\/keybox.nl\/wp-content\/uploads\/2022\/01\/IMG_5364-scaled.jpg?resize=350%2C200&ssl=1","width":350,"height":200,"srcset":"https:\/\/i0.wp.com\/keybox.nl\/wp-content\/uploads\/2022\/01\/IMG_5364-scaled.jpg?resize=350%2C200&ssl=1 1x, https:\/\/i0.wp.com\/keybox.nl\/wp-content\/uploads\/2022\/01\/IMG_5364-scaled.jpg?resize=525%2C300&ssl=1 1.5x, https:\/\/i0.wp.com\/keybox.nl\/wp-content\/uploads\/2022\/01\/IMG_5364-scaled.jpg?resize=700%2C400&ssl=1 2x, https:\/\/i0.wp.com\/keybox.nl\/wp-content\/uploads\/2022\/01\/IMG_5364-scaled.jpg?resize=1050%2C600&ssl=1 3x, https:\/\/i0.wp.com\/keybox.nl\/wp-content\/uploads\/2022\/01\/IMG_5364-scaled.jpg?resize=1400%2C800&ssl=1 4x"},"classes":[]},{"id":554,"url":"https:\/\/keybox.nl\/da\/kluis-waardeberging-kopen-2\/","url_meta":{"origin":1400,"position":5},"title":"K\u00f8b en bankboks","author":"Keybox@beheermodule","date":"11 marts 2022","format":false,"excerpt":"K\u00f8b et pengeskab med h\u00f8j sikkerhed Til webshoppen! \u2713 Brugervenligt \u2713 Modstandsdygtigt og sikkert \u2713 Forskellige modeller Til utroligt v\u00e6rdifulde ejendele b\u00f8r du k\u00f8be et pengeskab med en h\u00f8j v\u00e6rdiopbevaring. Jo h\u00f8jere v\u00e6rdiopbevaring, jo mere modstandsdygtigt er pengeskabet over for indbrud. Vi hos Keybox.nl i Bussum...","rel":"","context":"Similar post","block_context":{"text":"Similar post","link":""},"img":{"alt_text":"kluis peugeot","src":"https:\/\/i0.wp.com\/keybox.nl\/wp-content\/uploads\/2022\/02\/KSB007-Peugeot-scaled-e1643751089776.jpg?resize=350%2C200&ssl=1","width":350,"height":200,"srcset":"https:\/\/i0.wp.com\/keybox.nl\/wp-content\/uploads\/2022\/02\/KSB007-Peugeot-scaled-e1643751089776.jpg?resize=350%2C200&ssl=1 1x, https:\/\/i0.wp.com\/keybox.nl\/wp-content\/uploads\/2022\/02\/KSB007-Peugeot-scaled-e1643751089776.jpg?resize=525%2C300&ssl=1 1.5x"},"classes":[]}],"jetpack_sharing_enabled":true,"_links":{"self":[{"href":"https:\/\/keybox.nl\/da\/wp-json\/wp\/v2\/pages\/1400","targetHints":{"allow":["GET"]}}],"collection":[{"href":"https:\/\/keybox.nl\/da\/wp-json\/wp\/v2\/pages"}],"about":[{"href":"https:\/\/keybox.nl\/da\/wp-json\/wp\/v2\/types\/page"}],"author":[{"embeddable":true,"href":"https:\/\/keybox.nl\/da\/wp-json\/wp\/v2\/users\/1"}],"replies":[{"embeddable":true,"href":"https:\/\/keybox.nl\/da\/wp-json\/wp\/v2\/comments?post=1400"}],"version-history":[{"count":12,"href":"https:\/\/keybox.nl\/da\/wp-json\/wp\/v2\/pages\/1400\/revisions"}],"predecessor-version":[{"id":1882,"href":"https:\/\/keybox.nl\/da\/wp-json\/wp\/v2\/pages\/1400\/revisions\/1882"}],"wp:attachment":[{"href":"https:\/\/keybox.nl\/da\/wp-json\/wp\/v2\/media?parent=1400"}],"curies":[{"name":"wp","href":"https:\/\/api.w.org\/{rel}","templated":true}]}}